{"id":99789,"date":"2025-02-28T11:06:15","date_gmt":"2025-02-28T10:06:15","guid":{"rendered":"https:\/\/temporada-alta.com\/tajudem-a-triar\/"},"modified":"2025-08-07T09:25:18","modified_gmt":"2025-08-07T07:25:18","slug":"te-ayudamos-a-elegir","status":"publish","type":"page","link":"https:\/\/temporada-alta.com\/es\/te-ayudamos-a-elegir\/","title":{"rendered":"Te ayudamos a elegir"},"content":{"rendered":"<div id=\"modal-ready\">\n<div class=\"wp-block-columns is-layout-flex wp-container-core-columns-is-layout-a54e0cfc wp-block-columns-is-layout-flex\" style=\"padding-top:var(--wp--preset--spacing--60);padding-bottom:var(--wp--preset--spacing--60)\">\n<div class=\"wp-block-column is-vertically-aligned-center is-layout-flow wp-block-column-is-layout-flow\">\n<h2 class=\"wp-block-heading\"><strong>Fes diana!<\/strong><\/h2>\n\n\n\n<p>Cu\u00e9ntanos cosas sobre ti. Cu\u00e9ntanos si hab\u00edas estado nunca en Temporada Alta, si vas a menudo al teatro, si vas de vez en cuando o no vas casi nunca. H\u00e1blanos de alg\u00fan espect\u00e1culo que te haya gustado (y si te ha emocionado, \u00a1mucho mejor todav\u00eda!). Y h\u00e1blanos, claro, de alguno que no te haya gustado. \u00a1Expl\u00edcanos m\u00e1s cosas! \u00bfQu\u00e9 edad tienes? \u00bfTienes ganas de arriesgar o prefieres propuestas m\u00e1s conservadoras? \u00bfGrandes producciones o peque\u00f1os formatos? Dinos todo lo que creas que nos puede ayudar a conocer tus preferencias y te responderemos con recomendaciones personalizadas. Escr\u00edbeno a&nbsp;<a href=\"mailto:info@temporada-alta.com\" target=\"_blank\" rel=\"noreferrer noopener\"><strong>info@temporada-alta.com<\/strong><\/a>.<\/p>\n\n\n\n<div class=\"wp-block-buttons is-content-justification-center is-layout-flex wp-container-core-buttons-is-layout-a89b3969 wp-block-buttons-is-layout-flex\">\n<div class=\"wp-block-button\"><a class=\"wp-block-button__link wp-element-button\" href=\"mailto:info@temporada-alta.com\" target=\"_blank\" rel=\"noreferrer noopener\">escr\u00cdBENOS<\/a><\/div>\n<\/div>\n<\/div>\n\n\n\n<div class=\"wp-block-column is-layout-flow wp-block-column-is-layout-flow\">\n<figure class=\"wp-block-image\"><img loading=\"lazy\" decoding=\"async\" width=\"630\" height=\"372\" src=\"https:\/\/temporada-alta.com\/wp-content\/uploads\/webdiana.gif\" alt=\"\" class=\"wp-image-53474\"\/><\/figure>\n<\/div>\n<\/div>\n\n\n\n<div class=\"wp-block-columns are-vertically-aligned-center is-layout-flex wp-container-core-columns-is-layout-28f84493 wp-block-columns-is-layout-flex\">\n<div class=\"wp-block-column is-vertically-aligned-center is-layout-flow wp-block-column-is-layout-flow\">\n<figure class=\"wp-block-image\"><img loading=\"lazy\" decoding=\"async\" width=\"630\" height=\"372\" src=\"https:\/\/temporada-alta.com\/wp-content\/uploads\/moto.gif\" alt=\"\" class=\"wp-image-53478\"\/><\/figure>\n<\/div>\n\n\n\n<div class=\"wp-block-column is-vertically-aligned-center is-layout-flow wp-block-column-is-layout-flow\">\n<h2 class=\"wp-block-heading\"><strong>#TADomicili<\/strong><\/h2>\n\n\n\n<p>Desde Temporada Alta queremos ponerte a\u00fan m\u00e1s f\u00e1cil el momento de escoger la programaci\u00f3n. \u00bfTienes un amigo que siempre tiene dudas? \u00bfUna vecina loca por la danza? \u00bfQuer\u00e9is ir al teatro toda la familia y te da miedo que la funci\u00f3n no guste a todo el mundo? \u00bfTienes dudas y quieres que alguien del Festival te asesore?<\/p>\n\n\n\n<p>Del 1 al 19 de septiembre, venimos hasta tu casa a explicarte Temporada Alta 2025 y te ayudamos a elegir qu\u00e9 ver. \u00a1El lugar y el picoteo lo pones t\u00fa! \u00bfTe apuntas? Busca un m\u00ednimo de 10 personas interesadas en descubrir la programaci\u00f3n de TA25 y escr\u00edbenos a <a href=\"mailto:info@temporada-alta.com\" target=\"_blank\" rel=\"noreferrer noopener\"><strong>info@temporada-alta.com<\/strong><\/a> para disfrutar de una presentaci\u00f3n personalizada.<\/p>\n\n\n\n<div class=\"wp-block-buttons is-content-justification-center is-layout-flex wp-container-core-buttons-is-layout-a89b3969 wp-block-buttons-is-layout-flex\">\n<div class=\"wp-block-button\"><a class=\"wp-block-button__link wp-element-button\" href=\"mailto:info@temporada-alta.com\" target=\"_blank\" rel=\"noreferrer noopener\">Ap\u00daNTATE A #TADOMICILI<\/a><\/div>\n<\/div>\n<\/div>\n<\/div>\n\n\n\n<p>Condiciones:<\/p>\n\n\n\n<ol class=\"wp-block-list\">\n<li>Las recomendaciones y visitas a domicilios solo se har\u00e1n del 1 al 19 de septiembre.<\/li>\n\n\n\n<li>Grupos de m\u00ednimo 10 personas.<\/li>\n\n\n\n<li>Es necesario avisar al menos cinco d\u00edas antes de la fecha propuesta para la recomendaci\u00f3n.<\/li>\n<\/ol>\n\n\n\n<p>*Esta actividad est\u00e1 limitada a un n\u00famero determinado de peticiones.<\/p>\n\n\n\n<div class=\"wp-block-columns are-vertically-aligned-center is-layout-flex wp-container-core-columns-is-layout-a54e0cfc wp-block-columns-is-layout-flex\" style=\"padding-top:var(--wp--preset--spacing--60);padding-bottom:var(--wp--preset--spacing--60)\">\n<div class=\"wp-block-column is-vertically-aligned-center is-layout-flow wp-block-column-is-layout-flow\">\n<h2 class=\"wp-block-heading\"><strong>Una web personalizada pensada para ayudarte<\/strong><\/h2>\n\n\n\n<p>Te presentamos <strong>una nueva forma de navegar por la p\u00e1gina web<\/strong> del festival. Si te has registrado como usuario en la <strong>Zona personal<\/strong> descubrir\u00e1s una web personalizada. Encontrar\u00e1s m\u00e1s f\u00e1cilmente los eventos que has comprado, podr\u00e1s descargarte las entradas, te recomendaremos propuestas que se ajustan a tu perfil, podr\u00e1s marcar espect\u00e1culos como favoritos\u2026<\/p>\n\n\n\n<p>Adem\u00e1s, la p\u00e1gina web est\u00e1 pensada para hacerte la vida m\u00e1s f\u00e1cil y por eso, te proponemos consultar la programaci\u00f3n aplicando <strong>filtros por g\u00e9nero<\/strong>, <strong>espacios<\/strong> o <strong>tipos de programaci\u00f3n<\/strong>, que te ayudar\u00e1n a encontrar lo que buscas.<\/p>\n<\/div>\n\n\n\n<div class=\"wp-block-column is-vertically-aligned-center is-layout-flow wp-block-column-is-layout-flow\">\n<figure class=\"wp-block-image size-full\"><img loading=\"lazy\" decoding=\"async\" width=\"630\" height=\"421\" src=\"https:\/\/temporada-alta.com\/wp-content\/uploads\/webpersonalitzat.gif\" alt=\"\" class=\"wp-image-103196\"\/><\/figure>\n<\/div>\n<\/div>\n<\/div>","protected":false},"excerpt":{"rendered":"<p>Fes diana! Cu\u00e9ntanos cosas sobre ti. Cu\u00e9ntanos si hab\u00edas estado nunca en Temporada Alta, si vas a menudo&#8230;<\/p>\n","protected":false},"author":35132,"featured_media":0,"parent":0,"menu_order":0,"comment_status":"closed","ping_status":"closed","template":"","meta":{"_acf_changed":false,"footnotes":""},"class_list":["post-99789","page","type-page","status-publish","hentry"],"acf":[],"yoast_head":"<!-- This site is optimized with the Yoast SEO plugin v27.0 - https:\/\/yoast.com\/product\/yoast-seo-wordpress\/ -->\n<title>Te ayudamos a elegir - Temporada Alta<\/title>\n<meta name=\"robots\" content=\"index, follow, max-snippet:-1, max-image-preview:large, max-video-preview:-1\" \/>\n<link rel=\"canonical\" href=\"https:\/\/temporada-alta.com\/es\/te-ayudamos-a-elegir\/\" \/>\n<meta property=\"og:locale\" content=\"es_ES\" \/>\n<meta property=\"og:type\" content=\"article\" \/>\n<meta property=\"og:title\" content=\"Te ayudamos a elegir - Temporada Alta\" \/>\n<meta property=\"og:description\" content=\"Fes diana! Cu\u00e9ntanos cosas sobre ti. Cu\u00e9ntanos si hab\u00edas estado nunca en Temporada Alta, si vas a menudo...\" \/>\n<meta property=\"og:url\" content=\"https:\/\/temporada-alta.com\/es\/te-ayudamos-a-elegir\/\" \/>\n<meta property=\"og:site_name\" content=\"Temporada Alta\" \/>\n<meta property=\"article:modified_time\" content=\"2025-08-07T07:25:18+00:00\" \/>\n<meta property=\"og:image\" content=\"https:\/\/temporada-alta.com\/wp-content\/uploads\/webdiana.gif\" \/>\n\t<meta property=\"og:image:width\" content=\"630\" \/>\n\t<meta property=\"og:image:height\" content=\"372\" \/>\n\t<meta property=\"og:image:type\" content=\"image\/gif\" \/>\n<meta name=\"twitter:card\" content=\"summary_large_image\" \/>\n<script type=\"application\/ld+json\" class=\"yoast-schema-graph\">{\"@context\":\"https:\/\/schema.org\",\"@graph\":[{\"@type\":\"WebPage\",\"@id\":\"https:\/\/temporada-alta.com\/es\/te-ayudamos-a-elegir\/\",\"url\":\"https:\/\/temporada-alta.com\/es\/te-ayudamos-a-elegir\/\",\"name\":\"Te ayudamos a elegir - Temporada Alta\",\"isPartOf\":{\"@id\":\"https:\/\/temporada-alta.com\/es\/#website\"},\"primaryImageOfPage\":{\"@id\":\"https:\/\/temporada-alta.com\/es\/te-ayudamos-a-elegir\/#primaryimage\"},\"image\":{\"@id\":\"https:\/\/temporada-alta.com\/es\/te-ayudamos-a-elegir\/#primaryimage\"},\"thumbnailUrl\":\"https:\/\/temporada-alta.com\/wp-content\/uploads\/webdiana.gif\",\"datePublished\":\"2025-02-28T10:06:15+00:00\",\"dateModified\":\"2025-08-07T07:25:18+00:00\",\"breadcrumb\":{\"@id\":\"https:\/\/temporada-alta.com\/es\/te-ayudamos-a-elegir\/#breadcrumb\"},\"inLanguage\":\"es\",\"potentialAction\":[{\"@type\":\"ReadAction\",\"target\":[\"https:\/\/temporada-alta.com\/es\/te-ayudamos-a-elegir\/\"]}]},{\"@type\":\"ImageObject\",\"inLanguage\":\"es\",\"@id\":\"https:\/\/temporada-alta.com\/es\/te-ayudamos-a-elegir\/#primaryimage\",\"url\":\"https:\/\/temporada-alta.com\/wp-content\/uploads\/webdiana.gif\",\"contentUrl\":\"https:\/\/temporada-alta.com\/wp-content\/uploads\/webdiana.gif\"},{\"@type\":\"BreadcrumbList\",\"@id\":\"https:\/\/temporada-alta.com\/es\/te-ayudamos-a-elegir\/#breadcrumb\",\"itemListElement\":[{\"@type\":\"ListItem\",\"position\":1,\"name\":\"Inici\",\"item\":\"https:\/\/temporada-alta.com\/es\/\"},{\"@type\":\"ListItem\",\"position\":2,\"name\":\"Te ayudamos a elegir\"}]},{\"@type\":\"WebSite\",\"@id\":\"https:\/\/temporada-alta.com\/es\/#website\",\"url\":\"https:\/\/temporada-alta.com\/es\/\",\"name\":\"Temporada Alta\",\"description\":\"Festival d&#039;Arts Esc\u00e8niques\",\"publisher\":{\"@id\":\"https:\/\/temporada-alta.com\/es\/#organization\"},\"potentialAction\":[{\"@type\":\"SearchAction\",\"target\":{\"@type\":\"EntryPoint\",\"urlTemplate\":\"https:\/\/temporada-alta.com\/es\/?s={search_term_string}\"},\"query-input\":{\"@type\":\"PropertyValueSpecification\",\"valueRequired\":true,\"valueName\":\"search_term_string\"}}],\"inLanguage\":\"es\"},{\"@type\":\"Organization\",\"@id\":\"https:\/\/temporada-alta.com\/es\/#organization\",\"name\":\"Temporada Alta\",\"url\":\"https:\/\/temporada-alta.com\/es\/\",\"logo\":{\"@type\":\"ImageObject\",\"inLanguage\":\"es\",\"@id\":\"https:\/\/temporada-alta.com\/es\/#\/schema\/logo\/image\/\",\"url\":\"https:\/\/temporada-alta.com\/wp-content\/uploads\/TA21-Logotip-pos.png\",\"contentUrl\":\"https:\/\/temporada-alta.com\/wp-content\/uploads\/TA21-Logotip-pos.png\",\"width\":800,\"height\":267,\"caption\":\"Temporada Alta\"},\"image\":{\"@id\":\"https:\/\/temporada-alta.com\/es\/#\/schema\/logo\/image\/\"}}]}<\/script>\n<!-- \/ Yoast SEO plugin. -->","yoast_head_json":{"title":"Te ayudamos a elegir - Temporada Alta","robots":{"index":"index","follow":"follow","max-snippet":"max-snippet:-1","max-image-preview":"max-image-preview:large","max-video-preview":"max-video-preview:-1"},"canonical":"https:\/\/temporada-alta.com\/es\/te-ayudamos-a-elegir\/","og_locale":"es_ES","og_type":"article","og_title":"Te ayudamos a elegir - Temporada Alta","og_description":"Fes diana! Cu\u00e9ntanos cosas sobre ti. Cu\u00e9ntanos si hab\u00edas estado nunca en Temporada Alta, si vas a menudo...","og_url":"https:\/\/temporada-alta.com\/es\/te-ayudamos-a-elegir\/","og_site_name":"Temporada Alta","article_modified_time":"2025-08-07T07:25:18+00:00","og_image":[{"width":630,"height":372,"url":"https:\/\/temporada-alta.com\/wp-content\/uploads\/webdiana.gif","type":"image\/gif"}],"twitter_card":"summary_large_image","schema":{"@context":"https:\/\/schema.org","@graph":[{"@type":"WebPage","@id":"https:\/\/temporada-alta.com\/es\/te-ayudamos-a-elegir\/","url":"https:\/\/temporada-alta.com\/es\/te-ayudamos-a-elegir\/","name":"Te ayudamos a elegir - Temporada Alta","isPartOf":{"@id":"https:\/\/temporada-alta.com\/es\/#website"},"primaryImageOfPage":{"@id":"https:\/\/temporada-alta.com\/es\/te-ayudamos-a-elegir\/#primaryimage"},"image":{"@id":"https:\/\/temporada-alta.com\/es\/te-ayudamos-a-elegir\/#primaryimage"},"thumbnailUrl":"https:\/\/temporada-alta.com\/wp-content\/uploads\/webdiana.gif","datePublished":"2025-02-28T10:06:15+00:00","dateModified":"2025-08-07T07:25:18+00:00","breadcrumb":{"@id":"https:\/\/temporada-alta.com\/es\/te-ayudamos-a-elegir\/#breadcrumb"},"inLanguage":"es","potentialAction":[{"@type":"ReadAction","target":["https:\/\/temporada-alta.com\/es\/te-ayudamos-a-elegir\/"]}]},{"@type":"ImageObject","inLanguage":"es","@id":"https:\/\/temporada-alta.com\/es\/te-ayudamos-a-elegir\/#primaryimage","url":"https:\/\/temporada-alta.com\/wp-content\/uploads\/webdiana.gif","contentUrl":"https:\/\/temporada-alta.com\/wp-content\/uploads\/webdiana.gif"},{"@type":"BreadcrumbList","@id":"https:\/\/temporada-alta.com\/es\/te-ayudamos-a-elegir\/#breadcrumb","itemListElement":[{"@type":"ListItem","position":1,"name":"Inici","item":"https:\/\/temporada-alta.com\/es\/"},{"@type":"ListItem","position":2,"name":"Te ayudamos a elegir"}]},{"@type":"WebSite","@id":"https:\/\/temporada-alta.com\/es\/#website","url":"https:\/\/temporada-alta.com\/es\/","name":"Temporada Alta","description":"Festival d&#039;Arts Esc\u00e8niques","publisher":{"@id":"https:\/\/temporada-alta.com\/es\/#organization"},"potentialAction":[{"@type":"SearchAction","target":{"@type":"EntryPoint","urlTemplate":"https:\/\/temporada-alta.com\/es\/?s={search_term_string}"},"query-input":{"@type":"PropertyValueSpecification","valueRequired":true,"valueName":"search_term_string"}}],"inLanguage":"es"},{"@type":"Organization","@id":"https:\/\/temporada-alta.com\/es\/#organization","name":"Temporada Alta","url":"https:\/\/temporada-alta.com\/es\/","logo":{"@type":"ImageObject","inLanguage":"es","@id":"https:\/\/temporada-alta.com\/es\/#\/schema\/logo\/image\/","url":"https:\/\/temporada-alta.com\/wp-content\/uploads\/TA21-Logotip-pos.png","contentUrl":"https:\/\/temporada-alta.com\/wp-content\/uploads\/TA21-Logotip-pos.png","width":800,"height":267,"caption":"Temporada Alta"},"image":{"@id":"https:\/\/temporada-alta.com\/es\/#\/schema\/logo\/image\/"}}]}},"_links":{"self":[{"href":"https:\/\/temporada-alta.com\/es\/wp-json\/wp\/v2\/pages\/99789","targetHints":{"allow":["GET"]}}],"collection":[{"href":"https:\/\/temporada-alta.com\/es\/wp-json\/wp\/v2\/pages"}],"about":[{"href":"https:\/\/temporada-alta.com\/es\/wp-json\/wp\/v2\/types\/page"}],"author":[{"embeddable":true,"href":"https:\/\/temporada-alta.com\/es\/wp-json\/wp\/v2\/users\/35132"}],"replies":[{"embeddable":true,"href":"https:\/\/temporada-alta.com\/es\/wp-json\/wp\/v2\/comments?post=99789"}],"version-history":[{"count":5,"href":"https:\/\/temporada-alta.com\/es\/wp-json\/wp\/v2\/pages\/99789\/revisions"}],"predecessor-version":[{"id":103198,"href":"https:\/\/temporada-alta.com\/es\/wp-json\/wp\/v2\/pages\/99789\/revisions\/103198"}],"wp:attachment":[{"href":"https:\/\/temporada-alta.com\/es\/wp-json\/wp\/v2\/media?parent=99789"}],"curies":[{"name":"wp","href":"https:\/\/api.w.org\/{rel}","templated":true}]}}