{"id":99413,"date":"2025-02-17T15:59:17","date_gmt":"2025-02-17T14:59:17","guid":{"rendered":"https:\/\/temporada-alta.com\/?page_id=99413"},"modified":"2025-08-12T12:50:04","modified_gmt":"2025-08-12T10:50:04","slug":"voluntariado","status":"publish","type":"page","link":"https:\/\/temporada-alta.com\/es\/voluntariado\/","title":{"rendered":"\u00danete al equipo de voluntariado"},"content":{"rendered":"<div id=\"modal-ready\">\n<h2 class=\"wp-block-heading has-text-align-center has-medium-font-size\">Vive desde dentro de Temporada Alta. Conoce a personas con qui\u00e9n compartir la afici\u00f3n por los acontecimientos culturales. Entra en contacto con artistas y compa\u00f1\u00edas de primer nivel nacional e internacional.<\/h2>\n\n\n\n<figure class=\"wp-block-embed is-type-video is-provider-youtube wp-block-embed-youtube wp-embed-aspect-16-9 wp-has-aspect-ratio\"><div class=\"wp-block-embed__wrapper\">\n<iframe loading=\"lazy\" title=\"Voluntariat de Temporada Alta\" width=\"500\" height=\"281\" src=\"https:\/\/www.youtube.com\/embed\/59yy5HfV7c4?feature=oembed&#038;enablejsapi=1&#038;origin=https:\/\/temporada-alta.com\" frameborder=\"0\" allow=\"accelerometer; autoplay; clipboard-write; encrypted-media; gyroscope; picture-in-picture; web-share\" referrerpolicy=\"strict-origin-when-cross-origin\" allowfullscreen><\/iframe>\n<\/div><\/figure>\n\n\n\n<div class=\"wp-block-columns are-vertically-aligned-center is-layout-flex wp-container-core-columns-is-layout-7abde1fe wp-block-columns-is-layout-flex\" style=\"padding-top:var(--wp--preset--spacing--40);padding-bottom:var(--wp--preset--spacing--40)\">\n<div class=\"wp-block-column is-vertically-aligned-center is-layout-flow wp-block-column-is-layout-flow\">\n<h2 class=\"wp-block-heading\"><strong>\u00bfQu\u00e9 significa ser del equipo de voluntariado de Temporada Alta?\u200b<\/strong><\/h2>\n\n\n\n<p>El \u00e9xito del festival no ser\u00eda posible sin la complicidad y la implicaci\u00f3n de los voluntarios. Ser voluntario te permite participar en el proceso de creaci\u00f3n y ejecuci\u00f3n del festival, ser parte activa de Temporada Alta y vivir un ambiente cultural din\u00e1mico, en el mismo tiempo que puedes conocer como se gestionan la comunicaci\u00f3n, la producci\u00f3n y la organizaci\u00f3n de acontecimientos culturales.<\/p>\n\n\n\n<p>Buscamos personas de todos los perfiles, a partir de 18 a\u00f1os, con ganas de participar y con inquietud por las artes esc\u00e9nicas.<\/p>\n\n\n\n<p><strong>Las inscripciones para el equipo de voluntariado de Temporada Alta 2025 se han cerrado.<\/strong><\/p>\n<\/div>\n<\/div>\n<\/div>","protected":false},"excerpt":{"rendered":"<p>Vive desde dentro de Temporada Alta. Conoce a personas con qui\u00e9n compartir la afici\u00f3n por los acontecimientos culturales&#8230;.<\/p>\n","protected":false},"author":36118,"featured_media":0,"parent":0,"menu_order":0,"comment_status":"closed","ping_status":"closed","template":"","meta":{"_acf_changed":false,"footnotes":""},"class_list":["post-99413","page","type-page","status-publish","hentry"],"acf":[],"yoast_head":"<!-- This site is optimized with the Yoast SEO plugin v27.0 - https:\/\/yoast.com\/product\/yoast-seo-wordpress\/ -->\n<title>\u00danete al equipo de voluntariado - Temporada Alta<\/title>\n<meta name=\"robots\" content=\"index, follow, max-snippet:-1, max-image-preview:large, max-video-preview:-1\" \/>\n<link rel=\"canonical\" href=\"https:\/\/temporada-alta.com\/es\/voluntariado\/\" \/>\n<meta property=\"og:locale\" content=\"es_ES\" \/>\n<meta property=\"og:type\" content=\"article\" \/>\n<meta property=\"og:title\" content=\"\u00danete al equipo de voluntariado - Temporada Alta\" \/>\n<meta property=\"og:description\" content=\"Vive desde dentro de Temporada Alta. Conoce a personas con qui\u00e9n compartir la afici\u00f3n por los acontecimientos culturales....\" \/>\n<meta property=\"og:url\" content=\"https:\/\/temporada-alta.com\/es\/voluntariado\/\" \/>\n<meta property=\"og:site_name\" content=\"Temporada Alta\" \/>\n<meta property=\"article:modified_time\" content=\"2025-08-12T10:50:04+00:00\" \/>\n<meta name=\"twitter:card\" content=\"summary_large_image\" \/>\n<script type=\"application\/ld+json\" class=\"yoast-schema-graph\">{\"@context\":\"https:\/\/schema.org\",\"@graph\":[{\"@type\":\"WebPage\",\"@id\":\"https:\/\/temporada-alta.com\/es\/voluntariado\/\",\"url\":\"https:\/\/temporada-alta.com\/es\/voluntariado\/\",\"name\":\"\u00danete al equipo de voluntariado - Temporada Alta\",\"isPartOf\":{\"@id\":\"https:\/\/temporada-alta.com\/es\/#website\"},\"datePublished\":\"2025-02-17T14:59:17+00:00\",\"dateModified\":\"2025-08-12T10:50:04+00:00\",\"breadcrumb\":{\"@id\":\"https:\/\/temporada-alta.com\/es\/voluntariado\/#breadcrumb\"},\"inLanguage\":\"es\",\"potentialAction\":[{\"@type\":\"ReadAction\",\"target\":[\"https:\/\/temporada-alta.com\/es\/voluntariado\/\"]}]},{\"@type\":\"BreadcrumbList\",\"@id\":\"https:\/\/temporada-alta.com\/es\/voluntariado\/#breadcrumb\",\"itemListElement\":[{\"@type\":\"ListItem\",\"position\":1,\"name\":\"Inici\",\"item\":\"https:\/\/temporada-alta.com\/es\/\"},{\"@type\":\"ListItem\",\"position\":2,\"name\":\"\u00danete al equipo de voluntariado\"}]},{\"@type\":\"WebSite\",\"@id\":\"https:\/\/temporada-alta.com\/es\/#website\",\"url\":\"https:\/\/temporada-alta.com\/es\/\",\"name\":\"Temporada Alta\",\"description\":\"Festival d&#039;Arts Esc\u00e8niques\",\"publisher\":{\"@id\":\"https:\/\/temporada-alta.com\/es\/#organization\"},\"potentialAction\":[{\"@type\":\"SearchAction\",\"target\":{\"@type\":\"EntryPoint\",\"urlTemplate\":\"https:\/\/temporada-alta.com\/es\/?s={search_term_string}\"},\"query-input\":{\"@type\":\"PropertyValueSpecification\",\"valueRequired\":true,\"valueName\":\"search_term_string\"}}],\"inLanguage\":\"es\"},{\"@type\":\"Organization\",\"@id\":\"https:\/\/temporada-alta.com\/es\/#organization\",\"name\":\"Temporada Alta\",\"url\":\"https:\/\/temporada-alta.com\/es\/\",\"logo\":{\"@type\":\"ImageObject\",\"inLanguage\":\"es\",\"@id\":\"https:\/\/temporada-alta.com\/es\/#\/schema\/logo\/image\/\",\"url\":\"https:\/\/temporada-alta.com\/wp-content\/uploads\/TA21-Logotip-pos.png\",\"contentUrl\":\"https:\/\/temporada-alta.com\/wp-content\/uploads\/TA21-Logotip-pos.png\",\"width\":800,\"height\":267,\"caption\":\"Temporada Alta\"},\"image\":{\"@id\":\"https:\/\/temporada-alta.com\/es\/#\/schema\/logo\/image\/\"}}]}<\/script>\n<!-- \/ Yoast SEO plugin. -->","yoast_head_json":{"title":"\u00danete al equipo de voluntariado - Temporada Alta","robots":{"index":"index","follow":"follow","max-snippet":"max-snippet:-1","max-image-preview":"max-image-preview:large","max-video-preview":"max-video-preview:-1"},"canonical":"https:\/\/temporada-alta.com\/es\/voluntariado\/","og_locale":"es_ES","og_type":"article","og_title":"\u00danete al equipo de voluntariado - Temporada Alta","og_description":"Vive desde dentro de Temporada Alta. Conoce a personas con qui\u00e9n compartir la afici\u00f3n por los acontecimientos culturales....","og_url":"https:\/\/temporada-alta.com\/es\/voluntariado\/","og_site_name":"Temporada Alta","article_modified_time":"2025-08-12T10:50:04+00:00","twitter_card":"summary_large_image","schema":{"@context":"https:\/\/schema.org","@graph":[{"@type":"WebPage","@id":"https:\/\/temporada-alta.com\/es\/voluntariado\/","url":"https:\/\/temporada-alta.com\/es\/voluntariado\/","name":"\u00danete al equipo de voluntariado - Temporada Alta","isPartOf":{"@id":"https:\/\/temporada-alta.com\/es\/#website"},"datePublished":"2025-02-17T14:59:17+00:00","dateModified":"2025-08-12T10:50:04+00:00","breadcrumb":{"@id":"https:\/\/temporada-alta.com\/es\/voluntariado\/#breadcrumb"},"inLanguage":"es","potentialAction":[{"@type":"ReadAction","target":["https:\/\/temporada-alta.com\/es\/voluntariado\/"]}]},{"@type":"BreadcrumbList","@id":"https:\/\/temporada-alta.com\/es\/voluntariado\/#breadcrumb","itemListElement":[{"@type":"ListItem","position":1,"name":"Inici","item":"https:\/\/temporada-alta.com\/es\/"},{"@type":"ListItem","position":2,"name":"\u00danete al equipo de voluntariado"}]},{"@type":"WebSite","@id":"https:\/\/temporada-alta.com\/es\/#website","url":"https:\/\/temporada-alta.com\/es\/","name":"Temporada Alta","description":"Festival d&#039;Arts Esc\u00e8niques","publisher":{"@id":"https:\/\/temporada-alta.com\/es\/#organization"},"potentialAction":[{"@type":"SearchAction","target":{"@type":"EntryPoint","urlTemplate":"https:\/\/temporada-alta.com\/es\/?s={search_term_string}"},"query-input":{"@type":"PropertyValueSpecification","valueRequired":true,"valueName":"search_term_string"}}],"inLanguage":"es"},{"@type":"Organization","@id":"https:\/\/temporada-alta.com\/es\/#organization","name":"Temporada Alta","url":"https:\/\/temporada-alta.com\/es\/","logo":{"@type":"ImageObject","inLanguage":"es","@id":"https:\/\/temporada-alta.com\/es\/#\/schema\/logo\/image\/","url":"https:\/\/temporada-alta.com\/wp-content\/uploads\/TA21-Logotip-pos.png","contentUrl":"https:\/\/temporada-alta.com\/wp-content\/uploads\/TA21-Logotip-pos.png","width":800,"height":267,"caption":"Temporada Alta"},"image":{"@id":"https:\/\/temporada-alta.com\/es\/#\/schema\/logo\/image\/"}}]}},"_links":{"self":[{"href":"https:\/\/temporada-alta.com\/es\/wp-json\/wp\/v2\/pages\/99413","targetHints":{"allow":["GET"]}}],"collection":[{"href":"https:\/\/temporada-alta.com\/es\/wp-json\/wp\/v2\/pages"}],"about":[{"href":"https:\/\/temporada-alta.com\/es\/wp-json\/wp\/v2\/types\/page"}],"author":[{"embeddable":true,"href":"https:\/\/temporada-alta.com\/es\/wp-json\/wp\/v2\/users\/36118"}],"replies":[{"embeddable":true,"href":"https:\/\/temporada-alta.com\/es\/wp-json\/wp\/v2\/comments?post=99413"}],"version-history":[{"count":4,"href":"https:\/\/temporada-alta.com\/es\/wp-json\/wp\/v2\/pages\/99413\/revisions"}],"predecessor-version":[{"id":103417,"href":"https:\/\/temporada-alta.com\/es\/wp-json\/wp\/v2\/pages\/99413\/revisions\/103417"}],"wp:attachment":[{"href":"https:\/\/temporada-alta.com\/es\/wp-json\/wp\/v2\/media?parent=99413"}],"curies":[{"name":"wp","href":"https:\/\/api.w.org\/{rel}","templated":true}]}}