{"id":98691,"date":"2024-11-28T10:12:24","date_gmt":"2024-11-28T09:12:24","guid":{"rendered":"https:\/\/temporada-alta.com\/?page_id=98691"},"modified":"2025-02-24T17:22:56","modified_gmt":"2025-02-24T16:22:56","slug":"edicion-1992","status":"publish","type":"page","link":"https:\/\/temporada-alta.com\/es\/edicion-1992\/","title":{"rendered":"Edici\u00f3n 1992"},"content":{"rendered":"<div id=\"modal-ready\">\n<h3 class=\"wp-block-heading\"><strong>El embri\u00f3n de un festival<\/strong><\/h3>\n\n\n\n<p>Nacimos de la mano de Bit\u00f2 Produccions y como programaci\u00f3n de principios de temporada. Desde los inicios tuvimos la colaboraci\u00f3n econ\u00f3mica del Ayuntamiento de Girona. Durante aquella primera edici\u00f3n presentamos \u201c4 espect\u00e1culos divertid\u00edsimos\u201d en el Centro Cultural La Merc\u00e8 de Girona y creamos el Club del Mecenazgo, una iniciativa que ha acabado convirti\u00e9ndose en una de las bases del Festival y que ha sido adoptada por otros eventos y propuestas culturales.<\/p>\n\n\n\n<p>Espectaculos:<strong>&nbsp;4<\/strong><br>Coproducciones: <strong>0<\/strong><br>Estrenos:<strong>&nbsp;0<\/strong><br>Espectadores: <strong>4.680&nbsp;<\/strong>(total) \/ <strong>74,28%<\/strong>&nbsp;(ocupaci\u00f3n)<br>Sales: <strong>1<\/strong><br>Presupuesto: <strong>7.700.000<\/strong>&nbsp;pesetas<\/p>\n\n\n\n<div class=\"wp-block-columns are-vertically-aligned-center has-white-color has-black-background-color has-text-color has-background has-link-color wp-elements-b4bc3b38c3922e488a90cd9489066fe7 is-layout-flex wp-container-core-columns-is-layout-28f84493 wp-block-columns-is-layout-flex\">\n<div class=\"wp-block-column is-vertically-aligned-center is-layout-flow wp-block-column-is-layout-flow\">\n<figure class=\"wp-block-image size-full\"><img loading=\"lazy\" decoding=\"async\" width=\"600\" height=\"345\" src=\"https:\/\/temporada-alta.com\/wp-content\/uploads\/TA1992.jpg\" alt=\"\" class=\"wp-image-32917\" srcset=\"https:\/\/temporada-alta.com\/wp-content\/uploads\/TA1992.jpg 600w, https:\/\/temporada-alta.com\/wp-content\/uploads\/TA1992-300x173.jpg 300w\" sizes=\"auto, (max-width: 600px) 100vw, 600px\" \/><\/figure>\n<\/div>\n\n\n\n<div class=\"wp-block-column is-vertically-aligned-center is-layout-flow wp-block-column-is-layout-flow\">\n<h2 class=\"wp-block-heading has-text-align-center has-white-color has-text-color has-link-color wp-elements-07bf85a7f7d3b5bec9039621d8ff103f\"><strong>Documentos<\/strong><\/h2>\n\n\n\n<div class=\"wp-block-buttons is-content-justification-center is-layout-flex wp-container-core-buttons-is-layout-a89b3969 wp-block-buttons-is-layout-flex\">\n<div class=\"wp-block-button\"><a class=\"wp-block-button__link has-text-align-center wp-element-button\" href=\"https:\/\/drive.google.com\/file\/d\/1Bgi7cDzJ2fALBY_ayD9-brJUJf7eWapz\/view?usp=sharing\" style=\"border-width:1px\">Descarga el cartel<\/a><\/div>\n<\/div>\n<\/div>\n<\/div>\n<\/div>","protected":false},"excerpt":{"rendered":"<p>El embri\u00f3n de un festival Nacimos de la mano de Bit\u00f2 Produccions y como programaci\u00f3n de principios de&#8230;<\/p>\n","protected":false},"author":35132,"featured_media":0,"parent":0,"menu_order":0,"comment_status":"closed","ping_status":"closed","template":"","meta":{"_acf_changed":false,"footnotes":""},"class_list":["post-98691","page","type-page","status-publish","hentry"],"acf":[],"yoast_head":"<!-- This site is optimized with the Yoast SEO plugin v27.0 - https:\/\/yoast.com\/product\/yoast-seo-wordpress\/ -->\n<title>Edici\u00f3n 1992 - Temporada Alta<\/title>\n<meta name=\"robots\" content=\"index, follow, max-snippet:-1, max-image-preview:large, max-video-preview:-1\" \/>\n<link rel=\"canonical\" href=\"https:\/\/temporada-alta.com\/es\/edicion-1992\/\" \/>\n<meta property=\"og:locale\" content=\"es_ES\" \/>\n<meta property=\"og:type\" content=\"article\" \/>\n<meta property=\"og:title\" content=\"Edici\u00f3n 1992 - Temporada Alta\" \/>\n<meta property=\"og:description\" content=\"El embri\u00f3n de un festival Nacimos de la mano de Bit\u00f2 Produccions y como programaci\u00f3n de principios de...\" \/>\n<meta property=\"og:url\" content=\"https:\/\/temporada-alta.com\/es\/edicion-1992\/\" \/>\n<meta property=\"og:site_name\" content=\"Temporada Alta\" \/>\n<meta property=\"article:modified_time\" content=\"2025-02-24T16:22:56+00:00\" \/>\n<meta property=\"og:image\" content=\"https:\/\/temporada-alta.com\/wp-content\/uploads\/TA1992.jpg\" \/>\n\t<meta property=\"og:image:width\" content=\"600\" \/>\n\t<meta property=\"og:image:height\" content=\"345\" \/>\n\t<meta property=\"og:image:type\" content=\"image\/jpeg\" \/>\n<meta name=\"twitter:card\" content=\"summary_large_image\" \/>\n<script type=\"application\/ld+json\" class=\"yoast-schema-graph\">{\"@context\":\"https:\/\/schema.org\",\"@graph\":[{\"@type\":\"WebPage\",\"@id\":\"https:\/\/temporada-alta.com\/es\/edicion-1992\/\",\"url\":\"https:\/\/temporada-alta.com\/es\/edicion-1992\/\",\"name\":\"Edici\u00f3n 1992 - Temporada Alta\",\"isPartOf\":{\"@id\":\"https:\/\/temporada-alta.com\/es\/#website\"},\"primaryImageOfPage\":{\"@id\":\"https:\/\/temporada-alta.com\/es\/edicion-1992\/#primaryimage\"},\"image\":{\"@id\":\"https:\/\/temporada-alta.com\/es\/edicion-1992\/#primaryimage\"},\"thumbnailUrl\":\"https:\/\/temporada-alta.com\/wp-content\/uploads\/TA1992.jpg\",\"datePublished\":\"2024-11-28T09:12:24+00:00\",\"dateModified\":\"2025-02-24T16:22:56+00:00\",\"breadcrumb\":{\"@id\":\"https:\/\/temporada-alta.com\/es\/edicion-1992\/#breadcrumb\"},\"inLanguage\":\"es\",\"potentialAction\":[{\"@type\":\"ReadAction\",\"target\":[\"https:\/\/temporada-alta.com\/es\/edicion-1992\/\"]}]},{\"@type\":\"ImageObject\",\"inLanguage\":\"es\",\"@id\":\"https:\/\/temporada-alta.com\/es\/edicion-1992\/#primaryimage\",\"url\":\"https:\/\/temporada-alta.com\/wp-content\/uploads\/TA1992.jpg\",\"contentUrl\":\"https:\/\/temporada-alta.com\/wp-content\/uploads\/TA1992.jpg\"},{\"@type\":\"BreadcrumbList\",\"@id\":\"https:\/\/temporada-alta.com\/es\/edicion-1992\/#breadcrumb\",\"itemListElement\":[{\"@type\":\"ListItem\",\"position\":1,\"name\":\"Inici\",\"item\":\"https:\/\/temporada-alta.com\/es\/\"},{\"@type\":\"ListItem\",\"position\":2,\"name\":\"Edici\u00f3n 1992\"}]},{\"@type\":\"WebSite\",\"@id\":\"https:\/\/temporada-alta.com\/es\/#website\",\"url\":\"https:\/\/temporada-alta.com\/es\/\",\"name\":\"Temporada Alta\",\"description\":\"Festival d&#039;Arts Esc\u00e8niques\",\"publisher\":{\"@id\":\"https:\/\/temporada-alta.com\/es\/#organization\"},\"potentialAction\":[{\"@type\":\"SearchAction\",\"target\":{\"@type\":\"EntryPoint\",\"urlTemplate\":\"https:\/\/temporada-alta.com\/es\/?s={search_term_string}\"},\"query-input\":{\"@type\":\"PropertyValueSpecification\",\"valueRequired\":true,\"valueName\":\"search_term_string\"}}],\"inLanguage\":\"es\"},{\"@type\":\"Organization\",\"@id\":\"https:\/\/temporada-alta.com\/es\/#organization\",\"name\":\"Temporada Alta\",\"url\":\"https:\/\/temporada-alta.com\/es\/\",\"logo\":{\"@type\":\"ImageObject\",\"inLanguage\":\"es\",\"@id\":\"https:\/\/temporada-alta.com\/es\/#\/schema\/logo\/image\/\",\"url\":\"https:\/\/temporada-alta.com\/wp-content\/uploads\/TA21-Logotip-pos.png\",\"contentUrl\":\"https:\/\/temporada-alta.com\/wp-content\/uploads\/TA21-Logotip-pos.png\",\"width\":800,\"height\":267,\"caption\":\"Temporada Alta\"},\"image\":{\"@id\":\"https:\/\/temporada-alta.com\/es\/#\/schema\/logo\/image\/\"}}]}<\/script>\n<!-- \/ Yoast SEO plugin. -->","yoast_head_json":{"title":"Edici\u00f3n 1992 - Temporada Alta","robots":{"index":"index","follow":"follow","max-snippet":"max-snippet:-1","max-image-preview":"max-image-preview:large","max-video-preview":"max-video-preview:-1"},"canonical":"https:\/\/temporada-alta.com\/es\/edicion-1992\/","og_locale":"es_ES","og_type":"article","og_title":"Edici\u00f3n 1992 - Temporada Alta","og_description":"El embri\u00f3n de un festival Nacimos de la mano de Bit\u00f2 Produccions y como programaci\u00f3n de principios de...","og_url":"https:\/\/temporada-alta.com\/es\/edicion-1992\/","og_site_name":"Temporada Alta","article_modified_time":"2025-02-24T16:22:56+00:00","og_image":[{"width":600,"height":345,"url":"https:\/\/temporada-alta.com\/wp-content\/uploads\/TA1992.jpg","type":"image\/jpeg"}],"twitter_card":"summary_large_image","schema":{"@context":"https:\/\/schema.org","@graph":[{"@type":"WebPage","@id":"https:\/\/temporada-alta.com\/es\/edicion-1992\/","url":"https:\/\/temporada-alta.com\/es\/edicion-1992\/","name":"Edici\u00f3n 1992 - Temporada Alta","isPartOf":{"@id":"https:\/\/temporada-alta.com\/es\/#website"},"primaryImageOfPage":{"@id":"https:\/\/temporada-alta.com\/es\/edicion-1992\/#primaryimage"},"image":{"@id":"https:\/\/temporada-alta.com\/es\/edicion-1992\/#primaryimage"},"thumbnailUrl":"https:\/\/temporada-alta.com\/wp-content\/uploads\/TA1992.jpg","datePublished":"2024-11-28T09:12:24+00:00","dateModified":"2025-02-24T16:22:56+00:00","breadcrumb":{"@id":"https:\/\/temporada-alta.com\/es\/edicion-1992\/#breadcrumb"},"inLanguage":"es","potentialAction":[{"@type":"ReadAction","target":["https:\/\/temporada-alta.com\/es\/edicion-1992\/"]}]},{"@type":"ImageObject","inLanguage":"es","@id":"https:\/\/temporada-alta.com\/es\/edicion-1992\/#primaryimage","url":"https:\/\/temporada-alta.com\/wp-content\/uploads\/TA1992.jpg","contentUrl":"https:\/\/temporada-alta.com\/wp-content\/uploads\/TA1992.jpg"},{"@type":"BreadcrumbList","@id":"https:\/\/temporada-alta.com\/es\/edicion-1992\/#breadcrumb","itemListElement":[{"@type":"ListItem","position":1,"name":"Inici","item":"https:\/\/temporada-alta.com\/es\/"},{"@type":"ListItem","position":2,"name":"Edici\u00f3n 1992"}]},{"@type":"WebSite","@id":"https:\/\/temporada-alta.com\/es\/#website","url":"https:\/\/temporada-alta.com\/es\/","name":"Temporada Alta","description":"Festival d&#039;Arts Esc\u00e8niques","publisher":{"@id":"https:\/\/temporada-alta.com\/es\/#organization"},"potentialAction":[{"@type":"SearchAction","target":{"@type":"EntryPoint","urlTemplate":"https:\/\/temporada-alta.com\/es\/?s={search_term_string}"},"query-input":{"@type":"PropertyValueSpecification","valueRequired":true,"valueName":"search_term_string"}}],"inLanguage":"es"},{"@type":"Organization","@id":"https:\/\/temporada-alta.com\/es\/#organization","name":"Temporada Alta","url":"https:\/\/temporada-alta.com\/es\/","logo":{"@type":"ImageObject","inLanguage":"es","@id":"https:\/\/temporada-alta.com\/es\/#\/schema\/logo\/image\/","url":"https:\/\/temporada-alta.com\/wp-content\/uploads\/TA21-Logotip-pos.png","contentUrl":"https:\/\/temporada-alta.com\/wp-content\/uploads\/TA21-Logotip-pos.png","width":800,"height":267,"caption":"Temporada Alta"},"image":{"@id":"https:\/\/temporada-alta.com\/es\/#\/schema\/logo\/image\/"}}]}},"_links":{"self":[{"href":"https:\/\/temporada-alta.com\/es\/wp-json\/wp\/v2\/pages\/98691","targetHints":{"allow":["GET"]}}],"collection":[{"href":"https:\/\/temporada-alta.com\/es\/wp-json\/wp\/v2\/pages"}],"about":[{"href":"https:\/\/temporada-alta.com\/es\/wp-json\/wp\/v2\/types\/page"}],"author":[{"embeddable":true,"href":"https:\/\/temporada-alta.com\/es\/wp-json\/wp\/v2\/users\/35132"}],"replies":[{"embeddable":true,"href":"https:\/\/temporada-alta.com\/es\/wp-json\/wp\/v2\/comments?post=98691"}],"version-history":[{"count":2,"href":"https:\/\/temporada-alta.com\/es\/wp-json\/wp\/v2\/pages\/98691\/revisions"}],"predecessor-version":[{"id":99702,"href":"https:\/\/temporada-alta.com\/es\/wp-json\/wp\/v2\/pages\/98691\/revisions\/99702"}],"wp:attachment":[{"href":"https:\/\/temporada-alta.com\/es\/wp-json\/wp\/v2\/media?parent=98691"}],"curies":[{"name":"wp","href":"https:\/\/api.w.org\/{rel}","templated":true}]}}