{"id":98539,"date":"2024-11-18T13:26:50","date_gmt":"2024-11-18T12:26:50","guid":{"rendered":"https:\/\/temporada-alta.com\/?page_id=98539"},"modified":"2025-02-24T17:11:58","modified_gmt":"2025-02-24T16:11:58","slug":"edicion-1996","status":"publish","type":"page","link":"https:\/\/temporada-alta.com\/es\/edicion-1996\/","title":{"rendered":"Edici\u00f3n 1996"},"content":{"rendered":"<div id=\"modal-ready\">\n<h3 class=\"wp-block-heading\"><strong>Sumando espectadores<\/strong><\/h3>\n\n\n\n<p>Doblamos el n\u00famero de espectadores respecto a la primera edici\u00f3n. Temporada Alta ya es un festival, nos vamos haciendo mayores. Por primera vez encargamos el cartel a un artista pl\u00e1stico. Mantenemos la pol\u00edtica de presentar espect\u00e1culos de compa\u00f1\u00edas extranjeras (Mauro Gioia, Footsbarn Travelling Theatre) y algunas de las m\u00e1s prestigiosas del panorama nacional (Pep Bou, La Fura o V\u00edctor Ullate).<\/p>\n\n\n\n<p>Espectaculos:<strong> 18<\/strong> (+ cinema)<br>Coproducciones:<strong> 0<\/strong><br>Estrenos:<strong>&nbsp;6<\/strong><br>Espectadores: <strong>9.092&nbsp;<\/strong>(total) \/ <strong>77,05%<\/strong>&nbsp;(ocupaci\u00f3n)<br>Sales:&nbsp;<strong>5<\/strong>&nbsp;(+ cinema Truffaut + calle)<br>Presupuesto: <strong>25.444.172<\/strong>&nbsp;pesetas<\/p>\n\n\n\n<div class=\"wp-block-columns are-vertically-aligned-center is-layout-flex wp-container-core-columns-is-layout-28f84493 wp-block-columns-is-layout-flex\">\n<div class=\"wp-block-column is-vertically-aligned-center is-layout-flow wp-block-column-is-layout-flow\">\n<figure class=\"wp-block-image alignwide size-full\"><img loading=\"lazy\" decoding=\"async\" width=\"600\" height=\"354\" src=\"https:\/\/temporada-alta.com\/wp-content\/uploads\/TA1996.jpg\" alt=\"\" class=\"wp-image-32779\" srcset=\"https:\/\/temporada-alta.com\/wp-content\/uploads\/TA1996.jpg 600w, https:\/\/temporada-alta.com\/wp-content\/uploads\/TA1996-300x177.jpg 300w\" sizes=\"auto, (max-width: 600px) 100vw, 600px\" \/><\/figure>\n<\/div>\n\n\n\n<div class=\"wp-block-column is-vertically-aligned-center is-layout-flow wp-block-column-is-layout-flow\">\n<h2 class=\"wp-block-heading\" style=\"margin-top:0;margin-bottom:0;padding-top:0;padding-bottom:0\"><span style=\"font-size: 2.14286rem; text-transform: inherit;\"><strong>Cartel\u00a0199, Leonard Beard<\/strong><\/span><\/h2>\n\n\n\n<p style=\"margin-top:0;margin-bottom:0;padding-top:0;padding-bottom:0\">Ha desarrollado su trayectoria art\u00edstica en Catalunya. Desde hace quince a\u00f1os vive y trabaja en Vilanant (Alt Empord\u00e0). De formaci\u00f3n autodidacta, comienza a exponer en Girona a principios de los ochenta. Desde el a\u00f1o 1985 (Centro C\u00edvico de Gr\u00e0cia), ha expuesto en Barcelona peri\u00f3dicamente: Galer\u00eda Arteunida (1987), Sala Par\u00e8s (1991 y 1994), Galer\u00eda Trama (1995 y 1996) y Galer\u00eda Maria Jos\u00e9 Castellv\u00ed (2002), as\u00ed como en otros lugares de Catalunya: Reus, Granollers, Girona y Figueres. Tambi\u00e9n ha presentado su obra en Miami (EE.UU.) en la Commenoz Gallery en los a\u00f1os 1994 y 1995. Ha participado en exposiciones colectivas por todo el Estado espa\u00f1ol, Italia, Grecia y Jap\u00f3n. Se inici\u00f3 en las t\u00e9cnicas calcogr\u00e1ficas (grabado, serigraf\u00eda) de la mano de Joan Barbar\u00e0 en el a\u00f1o 1994. Actualmente colabora haciendo ilustraciones en \u201cEl Peri\u00f3dico de Catalunya\u201d y en el suplemento \u201cEl Dominical\u201d ilustrando textos de Joan Barril y David Trueba.<\/p>\n<\/div>\n<\/div>\n\n\n\n<p><a href=\"https:\/\/drive.google.com\/file\/d\/1AqxB7nG7qAEnSlT6U8u5sS00WzhhQmkM\/view?usp=sharing\">Descarga el cartel<\/a><\/p>\n<\/div>","protected":false},"excerpt":{"rendered":"<p>Sumando espectadores Doblamos el n\u00famero de espectadores respecto a la primera edici\u00f3n. Temporada Alta ya es un festival,&#8230;<\/p>\n","protected":false},"author":35132,"featured_media":0,"parent":0,"menu_order":0,"comment_status":"closed","ping_status":"closed","template":"","meta":{"_acf_changed":false,"footnotes":""},"class_list":["post-98539","page","type-page","status-publish","hentry"],"acf":[],"yoast_head":"<!-- This site is optimized with the Yoast SEO plugin v27.0 - https:\/\/yoast.com\/product\/yoast-seo-wordpress\/ -->\n<title>Edici\u00f3n 1996 - Temporada Alta<\/title>\n<meta name=\"robots\" content=\"index, follow, max-snippet:-1, max-image-preview:large, max-video-preview:-1\" \/>\n<link rel=\"canonical\" href=\"https:\/\/temporada-alta.com\/es\/edicion-1996\/\" \/>\n<meta property=\"og:locale\" content=\"es_ES\" \/>\n<meta property=\"og:type\" content=\"article\" \/>\n<meta property=\"og:title\" content=\"Edici\u00f3n 1996 - Temporada Alta\" \/>\n<meta property=\"og:description\" content=\"Sumando espectadores Doblamos el n\u00famero de espectadores respecto a la primera edici\u00f3n. Temporada Alta ya es un festival,...\" \/>\n<meta property=\"og:url\" content=\"https:\/\/temporada-alta.com\/es\/edicion-1996\/\" \/>\n<meta property=\"og:site_name\" content=\"Temporada Alta\" \/>\n<meta property=\"article:modified_time\" content=\"2025-02-24T16:11:58+00:00\" \/>\n<meta property=\"og:image\" content=\"https:\/\/temporada-alta.com\/wp-content\/uploads\/TA1996.jpg\" \/>\n\t<meta property=\"og:image:width\" content=\"600\" \/>\n\t<meta property=\"og:image:height\" content=\"354\" \/>\n\t<meta property=\"og:image:type\" content=\"image\/jpeg\" \/>\n<meta name=\"twitter:card\" content=\"summary_large_image\" \/>\n<script type=\"application\/ld+json\" class=\"yoast-schema-graph\">{\"@context\":\"https:\/\/schema.org\",\"@graph\":[{\"@type\":\"WebPage\",\"@id\":\"https:\/\/temporada-alta.com\/es\/edicion-1996\/\",\"url\":\"https:\/\/temporada-alta.com\/es\/edicion-1996\/\",\"name\":\"Edici\u00f3n 1996 - Temporada Alta\",\"isPartOf\":{\"@id\":\"https:\/\/temporada-alta.com\/es\/#website\"},\"primaryImageOfPage\":{\"@id\":\"https:\/\/temporada-alta.com\/es\/edicion-1996\/#primaryimage\"},\"image\":{\"@id\":\"https:\/\/temporada-alta.com\/es\/edicion-1996\/#primaryimage\"},\"thumbnailUrl\":\"https:\/\/temporada-alta.com\/wp-content\/uploads\/TA1996.jpg\",\"datePublished\":\"2024-11-18T12:26:50+00:00\",\"dateModified\":\"2025-02-24T16:11:58+00:00\",\"breadcrumb\":{\"@id\":\"https:\/\/temporada-alta.com\/es\/edicion-1996\/#breadcrumb\"},\"inLanguage\":\"es\",\"potentialAction\":[{\"@type\":\"ReadAction\",\"target\":[\"https:\/\/temporada-alta.com\/es\/edicion-1996\/\"]}]},{\"@type\":\"ImageObject\",\"inLanguage\":\"es\",\"@id\":\"https:\/\/temporada-alta.com\/es\/edicion-1996\/#primaryimage\",\"url\":\"https:\/\/temporada-alta.com\/wp-content\/uploads\/TA1996.jpg\",\"contentUrl\":\"https:\/\/temporada-alta.com\/wp-content\/uploads\/TA1996.jpg\"},{\"@type\":\"BreadcrumbList\",\"@id\":\"https:\/\/temporada-alta.com\/es\/edicion-1996\/#breadcrumb\",\"itemListElement\":[{\"@type\":\"ListItem\",\"position\":1,\"name\":\"Inici\",\"item\":\"https:\/\/temporada-alta.com\/es\/\"},{\"@type\":\"ListItem\",\"position\":2,\"name\":\"Edici\u00f3n 1996\"}]},{\"@type\":\"WebSite\",\"@id\":\"https:\/\/temporada-alta.com\/es\/#website\",\"url\":\"https:\/\/temporada-alta.com\/es\/\",\"name\":\"Temporada Alta\",\"description\":\"Festival d&#039;Arts Esc\u00e8niques\",\"publisher\":{\"@id\":\"https:\/\/temporada-alta.com\/es\/#organization\"},\"potentialAction\":[{\"@type\":\"SearchAction\",\"target\":{\"@type\":\"EntryPoint\",\"urlTemplate\":\"https:\/\/temporada-alta.com\/es\/?s={search_term_string}\"},\"query-input\":{\"@type\":\"PropertyValueSpecification\",\"valueRequired\":true,\"valueName\":\"search_term_string\"}}],\"inLanguage\":\"es\"},{\"@type\":\"Organization\",\"@id\":\"https:\/\/temporada-alta.com\/es\/#organization\",\"name\":\"Temporada Alta\",\"url\":\"https:\/\/temporada-alta.com\/es\/\",\"logo\":{\"@type\":\"ImageObject\",\"inLanguage\":\"es\",\"@id\":\"https:\/\/temporada-alta.com\/es\/#\/schema\/logo\/image\/\",\"url\":\"https:\/\/temporada-alta.com\/wp-content\/uploads\/TA21-Logotip-pos.png\",\"contentUrl\":\"https:\/\/temporada-alta.com\/wp-content\/uploads\/TA21-Logotip-pos.png\",\"width\":800,\"height\":267,\"caption\":\"Temporada Alta\"},\"image\":{\"@id\":\"https:\/\/temporada-alta.com\/es\/#\/schema\/logo\/image\/\"}}]}<\/script>\n<!-- \/ Yoast SEO plugin. -->","yoast_head_json":{"title":"Edici\u00f3n 1996 - Temporada Alta","robots":{"index":"index","follow":"follow","max-snippet":"max-snippet:-1","max-image-preview":"max-image-preview:large","max-video-preview":"max-video-preview:-1"},"canonical":"https:\/\/temporada-alta.com\/es\/edicion-1996\/","og_locale":"es_ES","og_type":"article","og_title":"Edici\u00f3n 1996 - Temporada Alta","og_description":"Sumando espectadores Doblamos el n\u00famero de espectadores respecto a la primera edici\u00f3n. Temporada Alta ya es un festival,...","og_url":"https:\/\/temporada-alta.com\/es\/edicion-1996\/","og_site_name":"Temporada Alta","article_modified_time":"2025-02-24T16:11:58+00:00","og_image":[{"width":600,"height":354,"url":"https:\/\/temporada-alta.com\/wp-content\/uploads\/TA1996.jpg","type":"image\/jpeg"}],"twitter_card":"summary_large_image","schema":{"@context":"https:\/\/schema.org","@graph":[{"@type":"WebPage","@id":"https:\/\/temporada-alta.com\/es\/edicion-1996\/","url":"https:\/\/temporada-alta.com\/es\/edicion-1996\/","name":"Edici\u00f3n 1996 - Temporada Alta","isPartOf":{"@id":"https:\/\/temporada-alta.com\/es\/#website"},"primaryImageOfPage":{"@id":"https:\/\/temporada-alta.com\/es\/edicion-1996\/#primaryimage"},"image":{"@id":"https:\/\/temporada-alta.com\/es\/edicion-1996\/#primaryimage"},"thumbnailUrl":"https:\/\/temporada-alta.com\/wp-content\/uploads\/TA1996.jpg","datePublished":"2024-11-18T12:26:50+00:00","dateModified":"2025-02-24T16:11:58+00:00","breadcrumb":{"@id":"https:\/\/temporada-alta.com\/es\/edicion-1996\/#breadcrumb"},"inLanguage":"es","potentialAction":[{"@type":"ReadAction","target":["https:\/\/temporada-alta.com\/es\/edicion-1996\/"]}]},{"@type":"ImageObject","inLanguage":"es","@id":"https:\/\/temporada-alta.com\/es\/edicion-1996\/#primaryimage","url":"https:\/\/temporada-alta.com\/wp-content\/uploads\/TA1996.jpg","contentUrl":"https:\/\/temporada-alta.com\/wp-content\/uploads\/TA1996.jpg"},{"@type":"BreadcrumbList","@id":"https:\/\/temporada-alta.com\/es\/edicion-1996\/#breadcrumb","itemListElement":[{"@type":"ListItem","position":1,"name":"Inici","item":"https:\/\/temporada-alta.com\/es\/"},{"@type":"ListItem","position":2,"name":"Edici\u00f3n 1996"}]},{"@type":"WebSite","@id":"https:\/\/temporada-alta.com\/es\/#website","url":"https:\/\/temporada-alta.com\/es\/","name":"Temporada Alta","description":"Festival d&#039;Arts Esc\u00e8niques","publisher":{"@id":"https:\/\/temporada-alta.com\/es\/#organization"},"potentialAction":[{"@type":"SearchAction","target":{"@type":"EntryPoint","urlTemplate":"https:\/\/temporada-alta.com\/es\/?s={search_term_string}"},"query-input":{"@type":"PropertyValueSpecification","valueRequired":true,"valueName":"search_term_string"}}],"inLanguage":"es"},{"@type":"Organization","@id":"https:\/\/temporada-alta.com\/es\/#organization","name":"Temporada Alta","url":"https:\/\/temporada-alta.com\/es\/","logo":{"@type":"ImageObject","inLanguage":"es","@id":"https:\/\/temporada-alta.com\/es\/#\/schema\/logo\/image\/","url":"https:\/\/temporada-alta.com\/wp-content\/uploads\/TA21-Logotip-pos.png","contentUrl":"https:\/\/temporada-alta.com\/wp-content\/uploads\/TA21-Logotip-pos.png","width":800,"height":267,"caption":"Temporada Alta"},"image":{"@id":"https:\/\/temporada-alta.com\/es\/#\/schema\/logo\/image\/"}}]}},"_links":{"self":[{"href":"https:\/\/temporada-alta.com\/es\/wp-json\/wp\/v2\/pages\/98539","targetHints":{"allow":["GET"]}}],"collection":[{"href":"https:\/\/temporada-alta.com\/es\/wp-json\/wp\/v2\/pages"}],"about":[{"href":"https:\/\/temporada-alta.com\/es\/wp-json\/wp\/v2\/types\/page"}],"author":[{"embeddable":true,"href":"https:\/\/temporada-alta.com\/es\/wp-json\/wp\/v2\/users\/35132"}],"replies":[{"embeddable":true,"href":"https:\/\/temporada-alta.com\/es\/wp-json\/wp\/v2\/comments?post=98539"}],"version-history":[{"count":2,"href":"https:\/\/temporada-alta.com\/es\/wp-json\/wp\/v2\/pages\/98539\/revisions"}],"predecessor-version":[{"id":99682,"href":"https:\/\/temporada-alta.com\/es\/wp-json\/wp\/v2\/pages\/98539\/revisions\/99682"}],"wp:attachment":[{"href":"https:\/\/temporada-alta.com\/es\/wp-json\/wp\/v2\/media?parent=98539"}],"curies":[{"name":"wp","href":"https:\/\/api.w.org\/{rel}","templated":true}]}}