{"id":98526,"date":"2024-11-18T12:44:53","date_gmt":"2024-11-18T11:44:53","guid":{"rendered":"https:\/\/temporada-alta.com\/?page_id=98526"},"modified":"2025-02-24T17:04:38","modified_gmt":"2025-02-24T16:04:38","slug":"edicion-1998","status":"publish","type":"page","link":"https:\/\/temporada-alta.com\/es\/edicion-1998\/","title":{"rendered":"Edici\u00f3n 1998"},"content":{"rendered":"<div id=\"modal-ready\">\n<h3 class=\"wp-block-heading\"><strong>Temporada Alta es un Festival Internacional<\/strong><\/h3>\n\n\n\n<p>A pesar de contar tan s\u00f3lo con la financiaci\u00f3n de los ayuntamientos de Girona y Salt, y de las empresas del Club de Mecenazgo, conseguimos estrenar y coproducir un gran n\u00famero de compa\u00f1\u00edas extranjeras. Los espect\u00e1culos de Misia, Irina Brook y Philippe Gaulier son una muestra.<\/p>\n\n\n\n<p>Espectaculos:<strong>&nbsp;25<\/strong>&nbsp;(+ cinema)<br>Coproducciones: <strong>0<\/strong><br>Estrenos:<strong>&nbsp;9<\/strong><br>Espectadores: <strong>15.018&nbsp;<\/strong>(total) \/ <strong>81,98%<\/strong>&nbsp;(ocupaci\u00f3n)<br>Sales:&nbsp;<strong>3<\/strong>&nbsp;(+ cinema Truffaut + calle)<br>Presupuesto: <strong>35.669.836<\/strong>&nbsp;pesetas<\/p>\n\n\n\n<div class=\"wp-block-columns are-vertically-aligned-center is-layout-flex wp-container-core-columns-is-layout-28f84493 wp-block-columns-is-layout-flex\">\n<div class=\"wp-block-column is-vertically-aligned-center is-layout-flow wp-block-column-is-layout-flow\">\n<figure class=\"wp-block-image alignwide size-full\"><img loading=\"lazy\" decoding=\"async\" width=\"600\" height=\"354\" src=\"https:\/\/temporada-alta.com\/wp-content\/uploads\/TA1998.jpg\" alt=\"\" class=\"wp-image-32740\" srcset=\"https:\/\/temporada-alta.com\/wp-content\/uploads\/TA1998.jpg 600w, https:\/\/temporada-alta.com\/wp-content\/uploads\/TA1998-300x177.jpg 300w\" sizes=\"auto, (max-width: 600px) 100vw, 600px\" \/><\/figure>\n<\/div>\n\n\n\n<div class=\"wp-block-column is-vertically-aligned-center is-layout-flow wp-block-column-is-layout-flow\">\n<h2 class=\"wp-block-heading\" style=\"margin-top:0;margin-bottom:0;padding-top:0;padding-bottom:0\"><span style=\"font-size: 2.14286rem; text-transform: inherit;\"><strong>Cartel\u00a01998, \u00c0ngel Jov\u00e9<\/strong><\/span><\/h2>\n\n\n\n<p style=\"margin-top:0;margin-bottom:0;padding-top:0;padding-bottom:0\">Miembro del grupo que formaban Jordi Gal\u00ed, S\u00edlvia Gubern, Antoni Llena y Albert Porta (un grupo de vocaci\u00f3n innovadora y renovadora, una clara alternativa a las tendencias informalistas de la \u00e9poca), Jov\u00e9 fue uno de los primeros artistas conceptuales catalanes. Una vez disgregado el grupo, cada uno de ellos toma su propio camino, y Jov\u00e9 comienza a trabajar con materiales y soportes de distintas procedencias, un arte povera muy particular con un claro referente metaf\u00edsico y reflexivo.<\/p>\n<\/div>\n<\/div>\n\n\n\n<p>Aparte de los trabajos pict\u00f3ricos y los conceptuales, tambi\u00e9n trabaja con el collage, la escultura, las instalaciones, los fotomontajes, el v\u00eddeo o las performances, y en todos estos campos, el misterio, el vac\u00edo y la ruptura entre naturaleza y cultura toman forma.<br>En muchos trabajos, como en el del cartel de Temporada Alta, manipula im\u00e1genes fotogr\u00e1ficas con ellas y les aporta un nuevo significado: el hechizo de una mirada de piedra que nos mira, el uso de aspectos del arte tradicional completamente contempor\u00e1neos.<\/p>\n\n\n\n<p><a href=\"https:\/\/drive.google.com\/file\/d\/19LpUeI4HpNoOWy5CSshu-3jZoI0RdaD3\/view?usp=sharing\">Descarga el cartel<\/a><\/p>\n<\/div>","protected":false},"excerpt":{"rendered":"<p>Temporada Alta es un Festival Internacional A pesar de contar tan s\u00f3lo con la financiaci\u00f3n de los ayuntamientos&#8230;<\/p>\n","protected":false},"author":35132,"featured_media":0,"parent":0,"menu_order":0,"comment_status":"closed","ping_status":"closed","template":"","meta":{"_acf_changed":false,"footnotes":""},"class_list":["post-98526","page","type-page","status-publish","hentry"],"acf":[],"yoast_head":"<!-- This site is optimized with the Yoast SEO plugin v27.0 - https:\/\/yoast.com\/product\/yoast-seo-wordpress\/ -->\n<title>Edici\u00f3n 1998 - Temporada Alta<\/title>\n<meta name=\"robots\" content=\"index, follow, max-snippet:-1, max-image-preview:large, max-video-preview:-1\" \/>\n<link rel=\"canonical\" href=\"https:\/\/temporada-alta.com\/es\/edicion-1998\/\" \/>\n<meta property=\"og:locale\" content=\"es_ES\" \/>\n<meta property=\"og:type\" content=\"article\" \/>\n<meta property=\"og:title\" content=\"Edici\u00f3n 1998 - Temporada Alta\" \/>\n<meta property=\"og:description\" content=\"Temporada Alta es un Festival Internacional A pesar de contar tan s\u00f3lo con la financiaci\u00f3n de los ayuntamientos...\" \/>\n<meta property=\"og:url\" content=\"https:\/\/temporada-alta.com\/es\/edicion-1998\/\" \/>\n<meta property=\"og:site_name\" content=\"Temporada Alta\" \/>\n<meta property=\"article:modified_time\" content=\"2025-02-24T16:04:38+00:00\" \/>\n<meta property=\"og:image\" content=\"https:\/\/temporada-alta.com\/wp-content\/uploads\/TA1998.jpg\" \/>\n\t<meta property=\"og:image:width\" content=\"600\" \/>\n\t<meta property=\"og:image:height\" content=\"354\" \/>\n\t<meta property=\"og:image:type\" content=\"image\/jpeg\" \/>\n<meta name=\"twitter:card\" content=\"summary_large_image\" \/>\n<script type=\"application\/ld+json\" class=\"yoast-schema-graph\">{\"@context\":\"https:\/\/schema.org\",\"@graph\":[{\"@type\":\"WebPage\",\"@id\":\"https:\/\/temporada-alta.com\/es\/edicion-1998\/\",\"url\":\"https:\/\/temporada-alta.com\/es\/edicion-1998\/\",\"name\":\"Edici\u00f3n 1998 - Temporada Alta\",\"isPartOf\":{\"@id\":\"https:\/\/temporada-alta.com\/es\/#website\"},\"primaryImageOfPage\":{\"@id\":\"https:\/\/temporada-alta.com\/es\/edicion-1998\/#primaryimage\"},\"image\":{\"@id\":\"https:\/\/temporada-alta.com\/es\/edicion-1998\/#primaryimage\"},\"thumbnailUrl\":\"https:\/\/temporada-alta.com\/wp-content\/uploads\/TA1998.jpg\",\"datePublished\":\"2024-11-18T11:44:53+00:00\",\"dateModified\":\"2025-02-24T16:04:38+00:00\",\"breadcrumb\":{\"@id\":\"https:\/\/temporada-alta.com\/es\/edicion-1998\/#breadcrumb\"},\"inLanguage\":\"es\",\"potentialAction\":[{\"@type\":\"ReadAction\",\"target\":[\"https:\/\/temporada-alta.com\/es\/edicion-1998\/\"]}]},{\"@type\":\"ImageObject\",\"inLanguage\":\"es\",\"@id\":\"https:\/\/temporada-alta.com\/es\/edicion-1998\/#primaryimage\",\"url\":\"https:\/\/temporada-alta.com\/wp-content\/uploads\/TA1998.jpg\",\"contentUrl\":\"https:\/\/temporada-alta.com\/wp-content\/uploads\/TA1998.jpg\"},{\"@type\":\"BreadcrumbList\",\"@id\":\"https:\/\/temporada-alta.com\/es\/edicion-1998\/#breadcrumb\",\"itemListElement\":[{\"@type\":\"ListItem\",\"position\":1,\"name\":\"Inici\",\"item\":\"https:\/\/temporada-alta.com\/es\/\"},{\"@type\":\"ListItem\",\"position\":2,\"name\":\"Edici\u00f3n 1998\"}]},{\"@type\":\"WebSite\",\"@id\":\"https:\/\/temporada-alta.com\/es\/#website\",\"url\":\"https:\/\/temporada-alta.com\/es\/\",\"name\":\"Temporada Alta\",\"description\":\"Festival d&#039;Arts Esc\u00e8niques\",\"publisher\":{\"@id\":\"https:\/\/temporada-alta.com\/es\/#organization\"},\"potentialAction\":[{\"@type\":\"SearchAction\",\"target\":{\"@type\":\"EntryPoint\",\"urlTemplate\":\"https:\/\/temporada-alta.com\/es\/?s={search_term_string}\"},\"query-input\":{\"@type\":\"PropertyValueSpecification\",\"valueRequired\":true,\"valueName\":\"search_term_string\"}}],\"inLanguage\":\"es\"},{\"@type\":\"Organization\",\"@id\":\"https:\/\/temporada-alta.com\/es\/#organization\",\"name\":\"Temporada Alta\",\"url\":\"https:\/\/temporada-alta.com\/es\/\",\"logo\":{\"@type\":\"ImageObject\",\"inLanguage\":\"es\",\"@id\":\"https:\/\/temporada-alta.com\/es\/#\/schema\/logo\/image\/\",\"url\":\"https:\/\/temporada-alta.com\/wp-content\/uploads\/TA21-Logotip-pos.png\",\"contentUrl\":\"https:\/\/temporada-alta.com\/wp-content\/uploads\/TA21-Logotip-pos.png\",\"width\":800,\"height\":267,\"caption\":\"Temporada Alta\"},\"image\":{\"@id\":\"https:\/\/temporada-alta.com\/es\/#\/schema\/logo\/image\/\"}}]}<\/script>\n<!-- \/ Yoast SEO plugin. -->","yoast_head_json":{"title":"Edici\u00f3n 1998 - Temporada Alta","robots":{"index":"index","follow":"follow","max-snippet":"max-snippet:-1","max-image-preview":"max-image-preview:large","max-video-preview":"max-video-preview:-1"},"canonical":"https:\/\/temporada-alta.com\/es\/edicion-1998\/","og_locale":"es_ES","og_type":"article","og_title":"Edici\u00f3n 1998 - Temporada Alta","og_description":"Temporada Alta es un Festival Internacional A pesar de contar tan s\u00f3lo con la financiaci\u00f3n de los ayuntamientos...","og_url":"https:\/\/temporada-alta.com\/es\/edicion-1998\/","og_site_name":"Temporada Alta","article_modified_time":"2025-02-24T16:04:38+00:00","og_image":[{"width":600,"height":354,"url":"https:\/\/temporada-alta.com\/wp-content\/uploads\/TA1998.jpg","type":"image\/jpeg"}],"twitter_card":"summary_large_image","schema":{"@context":"https:\/\/schema.org","@graph":[{"@type":"WebPage","@id":"https:\/\/temporada-alta.com\/es\/edicion-1998\/","url":"https:\/\/temporada-alta.com\/es\/edicion-1998\/","name":"Edici\u00f3n 1998 - Temporada Alta","isPartOf":{"@id":"https:\/\/temporada-alta.com\/es\/#website"},"primaryImageOfPage":{"@id":"https:\/\/temporada-alta.com\/es\/edicion-1998\/#primaryimage"},"image":{"@id":"https:\/\/temporada-alta.com\/es\/edicion-1998\/#primaryimage"},"thumbnailUrl":"https:\/\/temporada-alta.com\/wp-content\/uploads\/TA1998.jpg","datePublished":"2024-11-18T11:44:53+00:00","dateModified":"2025-02-24T16:04:38+00:00","breadcrumb":{"@id":"https:\/\/temporada-alta.com\/es\/edicion-1998\/#breadcrumb"},"inLanguage":"es","potentialAction":[{"@type":"ReadAction","target":["https:\/\/temporada-alta.com\/es\/edicion-1998\/"]}]},{"@type":"ImageObject","inLanguage":"es","@id":"https:\/\/temporada-alta.com\/es\/edicion-1998\/#primaryimage","url":"https:\/\/temporada-alta.com\/wp-content\/uploads\/TA1998.jpg","contentUrl":"https:\/\/temporada-alta.com\/wp-content\/uploads\/TA1998.jpg"},{"@type":"BreadcrumbList","@id":"https:\/\/temporada-alta.com\/es\/edicion-1998\/#breadcrumb","itemListElement":[{"@type":"ListItem","position":1,"name":"Inici","item":"https:\/\/temporada-alta.com\/es\/"},{"@type":"ListItem","position":2,"name":"Edici\u00f3n 1998"}]},{"@type":"WebSite","@id":"https:\/\/temporada-alta.com\/es\/#website","url":"https:\/\/temporada-alta.com\/es\/","name":"Temporada Alta","description":"Festival d&#039;Arts Esc\u00e8niques","publisher":{"@id":"https:\/\/temporada-alta.com\/es\/#organization"},"potentialAction":[{"@type":"SearchAction","target":{"@type":"EntryPoint","urlTemplate":"https:\/\/temporada-alta.com\/es\/?s={search_term_string}"},"query-input":{"@type":"PropertyValueSpecification","valueRequired":true,"valueName":"search_term_string"}}],"inLanguage":"es"},{"@type":"Organization","@id":"https:\/\/temporada-alta.com\/es\/#organization","name":"Temporada Alta","url":"https:\/\/temporada-alta.com\/es\/","logo":{"@type":"ImageObject","inLanguage":"es","@id":"https:\/\/temporada-alta.com\/es\/#\/schema\/logo\/image\/","url":"https:\/\/temporada-alta.com\/wp-content\/uploads\/TA21-Logotip-pos.png","contentUrl":"https:\/\/temporada-alta.com\/wp-content\/uploads\/TA21-Logotip-pos.png","width":800,"height":267,"caption":"Temporada Alta"},"image":{"@id":"https:\/\/temporada-alta.com\/es\/#\/schema\/logo\/image\/"}}]}},"_links":{"self":[{"href":"https:\/\/temporada-alta.com\/es\/wp-json\/wp\/v2\/pages\/98526","targetHints":{"allow":["GET"]}}],"collection":[{"href":"https:\/\/temporada-alta.com\/es\/wp-json\/wp\/v2\/pages"}],"about":[{"href":"https:\/\/temporada-alta.com\/es\/wp-json\/wp\/v2\/types\/page"}],"author":[{"embeddable":true,"href":"https:\/\/temporada-alta.com\/es\/wp-json\/wp\/v2\/users\/35132"}],"replies":[{"embeddable":true,"href":"https:\/\/temporada-alta.com\/es\/wp-json\/wp\/v2\/comments?post=98526"}],"version-history":[{"count":2,"href":"https:\/\/temporada-alta.com\/es\/wp-json\/wp\/v2\/pages\/98526\/revisions"}],"predecessor-version":[{"id":99672,"href":"https:\/\/temporada-alta.com\/es\/wp-json\/wp\/v2\/pages\/98526\/revisions\/99672"}],"wp:attachment":[{"href":"https:\/\/temporada-alta.com\/es\/wp-json\/wp\/v2\/media?parent=98526"}],"curies":[{"name":"wp","href":"https:\/\/api.w.org\/{rel}","templated":true}]}}