{"id":98515,"date":"2024-11-18T12:37:15","date_gmt":"2024-11-18T11:37:15","guid":{"rendered":"https:\/\/temporada-alta.com\/?page_id=98515"},"modified":"2025-02-24T16:57:23","modified_gmt":"2025-02-24T15:57:23","slug":"edicion-1999","status":"publish","type":"page","link":"https:\/\/temporada-alta.com\/es\/edicion-1999\/","title":{"rendered":"Edici\u00f3n 1999"},"content":{"rendered":"<div id=\"modal-ready\">\n<h3 class=\"wp-block-heading\"><strong>Un nuevo rumbo<\/strong><\/h3>\n\n\n\n<p>Alcanzamos la madurez y empezamos a pensar en la pr\u00f3xima etapa del proyecto y en el papel que deber\u00e1n jugar el teatro catal\u00e1n y estatal, sin olvidarse del europeo. Artistas como Rosa Novell, Llu\u00eds Homar, Mario Gas, Roger Bernat o Josef Nadj visitan un festival que cada a\u00f1o cobra m\u00e1s relevancia.<\/p>\n\n\n\n<p>Espectaculos:<strong>&nbsp;31<\/strong>&nbsp;(+ cinema)<br>Coproducciones: <strong>0<\/strong><br>Estrenos:<strong>&nbsp;9<\/strong><br>Espectadores: <strong>20.647&nbsp;<\/strong>(total) \/ <strong>84,75%<\/strong>&nbsp;(ocupaci\u00f3n)<br>Sales:<strong> 3<\/strong>&nbsp;(+ Alb\u00e9niz + calle)<br>Presupuesto: <strong>48.861.450<\/strong>&nbsp;pesetas<\/p>\n\n\n\n<div class=\"wp-block-columns are-vertically-aligned-center is-layout-flex wp-container-core-columns-is-layout-28f84493 wp-block-columns-is-layout-flex\">\n<div class=\"wp-block-column is-vertically-aligned-center is-layout-flow wp-block-column-is-layout-flow\">\n<figure class=\"wp-block-image alignwide size-full\"><img loading=\"lazy\" decoding=\"async\" width=\"600\" height=\"354\" src=\"https:\/\/temporada-alta.com\/wp-content\/uploads\/TA1999.jpg\" alt=\"\" class=\"wp-image-32721\" srcset=\"https:\/\/temporada-alta.com\/wp-content\/uploads\/TA1999.jpg 600w, https:\/\/temporada-alta.com\/wp-content\/uploads\/TA1999-300x177.jpg 300w\" sizes=\"auto, (max-width: 600px) 100vw, 600px\" \/><\/figure>\n<\/div>\n\n\n\n<div class=\"wp-block-column is-vertically-aligned-center is-layout-flow wp-block-column-is-layout-flow\">\n<h2 class=\"wp-block-heading\" style=\"margin-top:0;margin-bottom:0;padding-top:0;padding-bottom:0\"><span style=\"font-size: 2.14286rem; text-transform: inherit;\"><strong>Cartel\u00a01999, <\/strong><\/span><strong>Carme Sanglas<\/strong><\/h2>\n\n\n\n<p style=\"margin-top:0;margin-bottom:0;padding-top:0;padding-bottom:0\">El cartel que present\u00f3 la artista Carme Sanglas para la edici\u00f3n de 1999 de Temporada Alta es un claro ejemplo de sus creaciones: Hamlet y su calavera est\u00e1n tratados de manera muy sint\u00e9tica y esquem\u00e1tica, respirando un aire c\u00e1lido de silencio e intimidad, suspendidos en un fondo neutro que nos remite a un escenario extra\u00f1o y m\u00edtico que acompa\u00f1a a la reflexi\u00f3n.<br>Su trayectoria art\u00edstica es una de las m\u00e1s coherentes del panorama catal\u00e1n: utiliza una iconograf\u00eda muy personal que ha ido construyendo con los a\u00f1os sin dejar de lado la experimentaci\u00f3n y b\u00fasqueda de nuevos caminos (trabaja con distintos materiales y soportes). En muchas de sus creaciones se respira una atm\u00f3sfera que invita a la reflexi\u00f3n, y sobre todo a intentar recorrer el camino que ha seguido el artista en esta v\u00eda de introspecci\u00f3n personal hacia estos mundos on\u00edricos.<br>Sus figuras de contornos definidos por una marcada l\u00ednea negra nos remiten al sintetismo del arte medieval, suspendidas en fondo vac\u00edo, sin paisaje. Sus paisajes austeros desprenden, no obstante, una gran sensualidad y espiritualidad (paisajes interiores a la luz de la luna, barcas solitarias\u2026).<\/p>\n<\/div>\n<\/div>\n\n\n\n<p><a href=\"https:\/\/drive.google.com\/file\/d\/1FwGnGRtZEKt5b03h0gFZizHfEPHc0fT0\/view?usp=sharing\">Descarga el cartel<\/a><\/p>\n<\/div>","protected":false},"excerpt":{"rendered":"<p>Un nuevo rumbo Alcanzamos la madurez y empezamos a pensar en la pr\u00f3xima etapa del proyecto y en&#8230;<\/p>\n","protected":false},"author":35132,"featured_media":0,"parent":0,"menu_order":0,"comment_status":"closed","ping_status":"closed","template":"","meta":{"_acf_changed":false,"footnotes":""},"class_list":["post-98515","page","type-page","status-publish","hentry"],"acf":[],"yoast_head":"<!-- This site is optimized with the Yoast SEO plugin v27.0 - https:\/\/yoast.com\/product\/yoast-seo-wordpress\/ -->\n<title>Edici\u00f3n 1999 - Temporada Alta<\/title>\n<meta name=\"robots\" content=\"index, follow, max-snippet:-1, max-image-preview:large, max-video-preview:-1\" \/>\n<link rel=\"canonical\" href=\"https:\/\/temporada-alta.com\/es\/edicion-1999\/\" \/>\n<meta property=\"og:locale\" content=\"es_ES\" \/>\n<meta property=\"og:type\" content=\"article\" \/>\n<meta property=\"og:title\" content=\"Edici\u00f3n 1999 - Temporada Alta\" \/>\n<meta property=\"og:description\" content=\"Un nuevo rumbo Alcanzamos la madurez y empezamos a pensar en la pr\u00f3xima etapa del proyecto y en...\" \/>\n<meta property=\"og:url\" content=\"https:\/\/temporada-alta.com\/es\/edicion-1999\/\" \/>\n<meta property=\"og:site_name\" content=\"Temporada Alta\" \/>\n<meta property=\"article:modified_time\" content=\"2025-02-24T15:57:23+00:00\" \/>\n<meta property=\"og:image\" content=\"https:\/\/temporada-alta.com\/wp-content\/uploads\/TA1999.jpg\" \/>\n\t<meta property=\"og:image:width\" content=\"600\" \/>\n\t<meta property=\"og:image:height\" content=\"354\" \/>\n\t<meta property=\"og:image:type\" content=\"image\/jpeg\" \/>\n<meta name=\"twitter:card\" content=\"summary_large_image\" \/>\n<script type=\"application\/ld+json\" class=\"yoast-schema-graph\">{\"@context\":\"https:\/\/schema.org\",\"@graph\":[{\"@type\":\"WebPage\",\"@id\":\"https:\/\/temporada-alta.com\/es\/edicion-1999\/\",\"url\":\"https:\/\/temporada-alta.com\/es\/edicion-1999\/\",\"name\":\"Edici\u00f3n 1999 - Temporada Alta\",\"isPartOf\":{\"@id\":\"https:\/\/temporada-alta.com\/es\/#website\"},\"primaryImageOfPage\":{\"@id\":\"https:\/\/temporada-alta.com\/es\/edicion-1999\/#primaryimage\"},\"image\":{\"@id\":\"https:\/\/temporada-alta.com\/es\/edicion-1999\/#primaryimage\"},\"thumbnailUrl\":\"https:\/\/temporada-alta.com\/wp-content\/uploads\/TA1999.jpg\",\"datePublished\":\"2024-11-18T11:37:15+00:00\",\"dateModified\":\"2025-02-24T15:57:23+00:00\",\"breadcrumb\":{\"@id\":\"https:\/\/temporada-alta.com\/es\/edicion-1999\/#breadcrumb\"},\"inLanguage\":\"es\",\"potentialAction\":[{\"@type\":\"ReadAction\",\"target\":[\"https:\/\/temporada-alta.com\/es\/edicion-1999\/\"]}]},{\"@type\":\"ImageObject\",\"inLanguage\":\"es\",\"@id\":\"https:\/\/temporada-alta.com\/es\/edicion-1999\/#primaryimage\",\"url\":\"https:\/\/temporada-alta.com\/wp-content\/uploads\/TA1999.jpg\",\"contentUrl\":\"https:\/\/temporada-alta.com\/wp-content\/uploads\/TA1999.jpg\"},{\"@type\":\"BreadcrumbList\",\"@id\":\"https:\/\/temporada-alta.com\/es\/edicion-1999\/#breadcrumb\",\"itemListElement\":[{\"@type\":\"ListItem\",\"position\":1,\"name\":\"Inici\",\"item\":\"https:\/\/temporada-alta.com\/es\/\"},{\"@type\":\"ListItem\",\"position\":2,\"name\":\"Edici\u00f3n 1999\"}]},{\"@type\":\"WebSite\",\"@id\":\"https:\/\/temporada-alta.com\/es\/#website\",\"url\":\"https:\/\/temporada-alta.com\/es\/\",\"name\":\"Temporada Alta\",\"description\":\"Festival d&#039;Arts Esc\u00e8niques\",\"publisher\":{\"@id\":\"https:\/\/temporada-alta.com\/es\/#organization\"},\"potentialAction\":[{\"@type\":\"SearchAction\",\"target\":{\"@type\":\"EntryPoint\",\"urlTemplate\":\"https:\/\/temporada-alta.com\/es\/?s={search_term_string}\"},\"query-input\":{\"@type\":\"PropertyValueSpecification\",\"valueRequired\":true,\"valueName\":\"search_term_string\"}}],\"inLanguage\":\"es\"},{\"@type\":\"Organization\",\"@id\":\"https:\/\/temporada-alta.com\/es\/#organization\",\"name\":\"Temporada Alta\",\"url\":\"https:\/\/temporada-alta.com\/es\/\",\"logo\":{\"@type\":\"ImageObject\",\"inLanguage\":\"es\",\"@id\":\"https:\/\/temporada-alta.com\/es\/#\/schema\/logo\/image\/\",\"url\":\"https:\/\/temporada-alta.com\/wp-content\/uploads\/TA21-Logotip-pos.png\",\"contentUrl\":\"https:\/\/temporada-alta.com\/wp-content\/uploads\/TA21-Logotip-pos.png\",\"width\":800,\"height\":267,\"caption\":\"Temporada Alta\"},\"image\":{\"@id\":\"https:\/\/temporada-alta.com\/es\/#\/schema\/logo\/image\/\"}}]}<\/script>\n<!-- \/ Yoast SEO plugin. -->","yoast_head_json":{"title":"Edici\u00f3n 1999 - Temporada Alta","robots":{"index":"index","follow":"follow","max-snippet":"max-snippet:-1","max-image-preview":"max-image-preview:large","max-video-preview":"max-video-preview:-1"},"canonical":"https:\/\/temporada-alta.com\/es\/edicion-1999\/","og_locale":"es_ES","og_type":"article","og_title":"Edici\u00f3n 1999 - Temporada Alta","og_description":"Un nuevo rumbo Alcanzamos la madurez y empezamos a pensar en la pr\u00f3xima etapa del proyecto y en...","og_url":"https:\/\/temporada-alta.com\/es\/edicion-1999\/","og_site_name":"Temporada Alta","article_modified_time":"2025-02-24T15:57:23+00:00","og_image":[{"width":600,"height":354,"url":"https:\/\/temporada-alta.com\/wp-content\/uploads\/TA1999.jpg","type":"image\/jpeg"}],"twitter_card":"summary_large_image","schema":{"@context":"https:\/\/schema.org","@graph":[{"@type":"WebPage","@id":"https:\/\/temporada-alta.com\/es\/edicion-1999\/","url":"https:\/\/temporada-alta.com\/es\/edicion-1999\/","name":"Edici\u00f3n 1999 - Temporada Alta","isPartOf":{"@id":"https:\/\/temporada-alta.com\/es\/#website"},"primaryImageOfPage":{"@id":"https:\/\/temporada-alta.com\/es\/edicion-1999\/#primaryimage"},"image":{"@id":"https:\/\/temporada-alta.com\/es\/edicion-1999\/#primaryimage"},"thumbnailUrl":"https:\/\/temporada-alta.com\/wp-content\/uploads\/TA1999.jpg","datePublished":"2024-11-18T11:37:15+00:00","dateModified":"2025-02-24T15:57:23+00:00","breadcrumb":{"@id":"https:\/\/temporada-alta.com\/es\/edicion-1999\/#breadcrumb"},"inLanguage":"es","potentialAction":[{"@type":"ReadAction","target":["https:\/\/temporada-alta.com\/es\/edicion-1999\/"]}]},{"@type":"ImageObject","inLanguage":"es","@id":"https:\/\/temporada-alta.com\/es\/edicion-1999\/#primaryimage","url":"https:\/\/temporada-alta.com\/wp-content\/uploads\/TA1999.jpg","contentUrl":"https:\/\/temporada-alta.com\/wp-content\/uploads\/TA1999.jpg"},{"@type":"BreadcrumbList","@id":"https:\/\/temporada-alta.com\/es\/edicion-1999\/#breadcrumb","itemListElement":[{"@type":"ListItem","position":1,"name":"Inici","item":"https:\/\/temporada-alta.com\/es\/"},{"@type":"ListItem","position":2,"name":"Edici\u00f3n 1999"}]},{"@type":"WebSite","@id":"https:\/\/temporada-alta.com\/es\/#website","url":"https:\/\/temporada-alta.com\/es\/","name":"Temporada Alta","description":"Festival d&#039;Arts Esc\u00e8niques","publisher":{"@id":"https:\/\/temporada-alta.com\/es\/#organization"},"potentialAction":[{"@type":"SearchAction","target":{"@type":"EntryPoint","urlTemplate":"https:\/\/temporada-alta.com\/es\/?s={search_term_string}"},"query-input":{"@type":"PropertyValueSpecification","valueRequired":true,"valueName":"search_term_string"}}],"inLanguage":"es"},{"@type":"Organization","@id":"https:\/\/temporada-alta.com\/es\/#organization","name":"Temporada Alta","url":"https:\/\/temporada-alta.com\/es\/","logo":{"@type":"ImageObject","inLanguage":"es","@id":"https:\/\/temporada-alta.com\/es\/#\/schema\/logo\/image\/","url":"https:\/\/temporada-alta.com\/wp-content\/uploads\/TA21-Logotip-pos.png","contentUrl":"https:\/\/temporada-alta.com\/wp-content\/uploads\/TA21-Logotip-pos.png","width":800,"height":267,"caption":"Temporada Alta"},"image":{"@id":"https:\/\/temporada-alta.com\/es\/#\/schema\/logo\/image\/"}}]}},"_links":{"self":[{"href":"https:\/\/temporada-alta.com\/es\/wp-json\/wp\/v2\/pages\/98515","targetHints":{"allow":["GET"]}}],"collection":[{"href":"https:\/\/temporada-alta.com\/es\/wp-json\/wp\/v2\/pages"}],"about":[{"href":"https:\/\/temporada-alta.com\/es\/wp-json\/wp\/v2\/types\/page"}],"author":[{"embeddable":true,"href":"https:\/\/temporada-alta.com\/es\/wp-json\/wp\/v2\/users\/35132"}],"replies":[{"embeddable":true,"href":"https:\/\/temporada-alta.com\/es\/wp-json\/wp\/v2\/comments?post=98515"}],"version-history":[{"count":2,"href":"https:\/\/temporada-alta.com\/es\/wp-json\/wp\/v2\/pages\/98515\/revisions"}],"predecessor-version":[{"id":99666,"href":"https:\/\/temporada-alta.com\/es\/wp-json\/wp\/v2\/pages\/98515\/revisions\/99666"}],"wp:attachment":[{"href":"https:\/\/temporada-alta.com\/es\/wp-json\/wp\/v2\/media?parent=98515"}],"curies":[{"name":"wp","href":"https:\/\/api.w.org\/{rel}","templated":true}]}}