{"id":98509,"date":"2024-11-18T12:30:25","date_gmt":"2024-11-18T11:30:25","guid":{"rendered":"https:\/\/temporada-alta.com\/?page_id=98509"},"modified":"2025-02-24T16:53:09","modified_gmt":"2025-02-24T15:53:09","slug":"edicion-2000","status":"publish","type":"page","link":"https:\/\/temporada-alta.com\/es\/edicion-2000\/","title":{"rendered":"Edici\u00f3n 2000"},"content":{"rendered":"<div id=\"modal-ready\">\n<h3 class=\"wp-block-heading\"><strong>El debut de Peter Brook<\/strong><\/h3>\n\n\n\n<p>Peter Brook presenta <em>Le Costume<\/em> en Temporada Alta. La afluencia de p\u00fablico se estabiliza. Nos mantenemos como plataforma de exhibici\u00f3n de artistas nacionales y como motor de creaci\u00f3n e innovaci\u00f3n. Nos visitan Dagoll Dagom, Claudio Vald\u00e9s Curi, \u00c0lex Rigola\u2026<\/p>\n\n\n\n<p>Espectaculos:<strong>&nbsp;37&nbsp;<\/strong>(+ cinema)<br>Coproducciones: <strong>0<\/strong><br>Estrenos:<strong>&nbsp;8<\/strong><br>Espectadores: <strong>17.474&nbsp;<\/strong>(total) \/ <strong>91,39%<\/strong>&nbsp;(ocupaci\u00f3n)<br>Sales: <strong>4<\/strong>&nbsp;(+ cinema Truffat)<br>Presupuesto: <strong>58.797.233<\/strong>&nbsp;pesetas<\/p>\n\n\n\n<div class=\"wp-block-columns are-vertically-aligned-center is-layout-flex wp-container-core-columns-is-layout-28f84493 wp-block-columns-is-layout-flex\">\n<div class=\"wp-block-column is-vertically-aligned-center is-layout-flow wp-block-column-is-layout-flow\">\n<figure class=\"wp-block-image alignwide size-full\"><img loading=\"lazy\" decoding=\"async\" width=\"600\" height=\"354\" src=\"https:\/\/temporada-alta.com\/wp-content\/uploads\/TA2000.jpg\" alt=\"\" class=\"wp-image-32570\" srcset=\"https:\/\/temporada-alta.com\/wp-content\/uploads\/TA2000.jpg 600w, https:\/\/temporada-alta.com\/wp-content\/uploads\/TA2000-300x177.jpg 300w\" sizes=\"auto, (max-width: 600px) 100vw, 600px\" \/><\/figure>\n<\/div>\n\n\n\n<div class=\"wp-block-column is-vertically-aligned-center is-layout-flow wp-block-column-is-layout-flow\">\n<h2 class=\"wp-block-heading\" style=\"margin-top:0;margin-bottom:0;padding-top:0;padding-bottom:0\"><span style=\"font-size: 2.14286rem; text-transform: inherit;\"><strong>Cartel\u00a02000, Frederic Amat<\/strong><\/span><strong><span style=\"font-size: 2.14286rem; text-transform: inherit;\"><\/span><\/strong><\/h2>\n\n\n\n<p style=\"margin-top:0;margin-bottom:0;padding-top:0;padding-bottom:0\">Estudia dise\u00f1o de decorados y arquitectura, pero muy pronto ampl\u00eda sus actividades hacia otros lenguajes art\u00edsticos, como la fotograf\u00eda, el cine, el happening o la performance: ya desde los inicios, toda su trayectoria art\u00edstica une las artes pl\u00e1stica y las esc\u00e9nicas en una dial\u00e9ctica muy interesante donde se hace evidentes su expresividad y simbolismo.<br>Su obra pl\u00e1stica, que ha sido expuesta por todo el mundo, se incluye dentro de las tendencias experimentales y conceptuales de la d\u00e9cada de los 70: obras donde se utiliza el color como herramienta de expresi\u00f3n, con unas constantes simb\u00f3licas que recorrer\u00e1n todas sus creaciones, ligadas al arte de culturas primitivas y a la vez al arte rom\u00e1nico catal\u00e1n o a artistas del siglo XX como Mir\u00f3, T\u00e0pies o Brossa. Utiliza materiales y soportes de distintos tipos combinados con t\u00e9cnicas muy variadas: litograf\u00edas, serigraf\u00edas, collage, herramientas cotidianas\u2026<\/p>\n<\/div>\n<\/div>\n\n\n\n<p><a href=\"https:\/\/drive.google.com\/file\/d\/1vAruyQUW9LfWzBjXz_PtNn49o875dxpc\/view?usp=sharing\">Descarga el cartel<\/a><\/p>\n<\/div>","protected":false},"excerpt":{"rendered":"<p>El debut de Peter Brook Peter Brook presenta Le Costume en Temporada Alta. La afluencia de p\u00fablico se&#8230;<\/p>\n","protected":false},"author":35132,"featured_media":0,"parent":0,"menu_order":0,"comment_status":"closed","ping_status":"closed","template":"","meta":{"_acf_changed":false,"footnotes":""},"class_list":["post-98509","page","type-page","status-publish","hentry"],"acf":[],"yoast_head":"<!-- This site is optimized with the Yoast SEO plugin v27.0 - https:\/\/yoast.com\/product\/yoast-seo-wordpress\/ -->\n<title>Edici\u00f3n 2000 - Temporada Alta<\/title>\n<meta name=\"robots\" content=\"index, follow, max-snippet:-1, max-image-preview:large, max-video-preview:-1\" \/>\n<link rel=\"canonical\" href=\"https:\/\/temporada-alta.com\/es\/edicion-2000\/\" \/>\n<meta property=\"og:locale\" content=\"es_ES\" \/>\n<meta property=\"og:type\" content=\"article\" \/>\n<meta property=\"og:title\" content=\"Edici\u00f3n 2000 - Temporada Alta\" \/>\n<meta property=\"og:description\" content=\"El debut de Peter Brook Peter Brook presenta Le Costume en Temporada Alta. La afluencia de p\u00fablico se...\" \/>\n<meta property=\"og:url\" content=\"https:\/\/temporada-alta.com\/es\/edicion-2000\/\" \/>\n<meta property=\"og:site_name\" content=\"Temporada Alta\" \/>\n<meta property=\"article:modified_time\" content=\"2025-02-24T15:53:09+00:00\" \/>\n<meta property=\"og:image\" content=\"https:\/\/temporada-alta.com\/wp-content\/uploads\/TA2000.jpg\" \/>\n\t<meta property=\"og:image:width\" content=\"600\" \/>\n\t<meta property=\"og:image:height\" content=\"354\" \/>\n\t<meta property=\"og:image:type\" content=\"image\/jpeg\" \/>\n<meta name=\"twitter:card\" content=\"summary_large_image\" \/>\n<script type=\"application\/ld+json\" class=\"yoast-schema-graph\">{\"@context\":\"https:\/\/schema.org\",\"@graph\":[{\"@type\":\"WebPage\",\"@id\":\"https:\/\/temporada-alta.com\/es\/edicion-2000\/\",\"url\":\"https:\/\/temporada-alta.com\/es\/edicion-2000\/\",\"name\":\"Edici\u00f3n 2000 - Temporada Alta\",\"isPartOf\":{\"@id\":\"https:\/\/temporada-alta.com\/es\/#website\"},\"primaryImageOfPage\":{\"@id\":\"https:\/\/temporada-alta.com\/es\/edicion-2000\/#primaryimage\"},\"image\":{\"@id\":\"https:\/\/temporada-alta.com\/es\/edicion-2000\/#primaryimage\"},\"thumbnailUrl\":\"https:\/\/temporada-alta.com\/wp-content\/uploads\/TA2000.jpg\",\"datePublished\":\"2024-11-18T11:30:25+00:00\",\"dateModified\":\"2025-02-24T15:53:09+00:00\",\"breadcrumb\":{\"@id\":\"https:\/\/temporada-alta.com\/es\/edicion-2000\/#breadcrumb\"},\"inLanguage\":\"es\",\"potentialAction\":[{\"@type\":\"ReadAction\",\"target\":[\"https:\/\/temporada-alta.com\/es\/edicion-2000\/\"]}]},{\"@type\":\"ImageObject\",\"inLanguage\":\"es\",\"@id\":\"https:\/\/temporada-alta.com\/es\/edicion-2000\/#primaryimage\",\"url\":\"https:\/\/temporada-alta.com\/wp-content\/uploads\/TA2000.jpg\",\"contentUrl\":\"https:\/\/temporada-alta.com\/wp-content\/uploads\/TA2000.jpg\"},{\"@type\":\"BreadcrumbList\",\"@id\":\"https:\/\/temporada-alta.com\/es\/edicion-2000\/#breadcrumb\",\"itemListElement\":[{\"@type\":\"ListItem\",\"position\":1,\"name\":\"Inici\",\"item\":\"https:\/\/temporada-alta.com\/es\/\"},{\"@type\":\"ListItem\",\"position\":2,\"name\":\"Edici\u00f3n 2000\"}]},{\"@type\":\"WebSite\",\"@id\":\"https:\/\/temporada-alta.com\/es\/#website\",\"url\":\"https:\/\/temporada-alta.com\/es\/\",\"name\":\"Temporada Alta\",\"description\":\"Festival d&#039;Arts Esc\u00e8niques\",\"publisher\":{\"@id\":\"https:\/\/temporada-alta.com\/es\/#organization\"},\"potentialAction\":[{\"@type\":\"SearchAction\",\"target\":{\"@type\":\"EntryPoint\",\"urlTemplate\":\"https:\/\/temporada-alta.com\/es\/?s={search_term_string}\"},\"query-input\":{\"@type\":\"PropertyValueSpecification\",\"valueRequired\":true,\"valueName\":\"search_term_string\"}}],\"inLanguage\":\"es\"},{\"@type\":\"Organization\",\"@id\":\"https:\/\/temporada-alta.com\/es\/#organization\",\"name\":\"Temporada Alta\",\"url\":\"https:\/\/temporada-alta.com\/es\/\",\"logo\":{\"@type\":\"ImageObject\",\"inLanguage\":\"es\",\"@id\":\"https:\/\/temporada-alta.com\/es\/#\/schema\/logo\/image\/\",\"url\":\"https:\/\/temporada-alta.com\/wp-content\/uploads\/TA21-Logotip-pos.png\",\"contentUrl\":\"https:\/\/temporada-alta.com\/wp-content\/uploads\/TA21-Logotip-pos.png\",\"width\":800,\"height\":267,\"caption\":\"Temporada Alta\"},\"image\":{\"@id\":\"https:\/\/temporada-alta.com\/es\/#\/schema\/logo\/image\/\"}}]}<\/script>\n<!-- \/ Yoast SEO plugin. -->","yoast_head_json":{"title":"Edici\u00f3n 2000 - Temporada Alta","robots":{"index":"index","follow":"follow","max-snippet":"max-snippet:-1","max-image-preview":"max-image-preview:large","max-video-preview":"max-video-preview:-1"},"canonical":"https:\/\/temporada-alta.com\/es\/edicion-2000\/","og_locale":"es_ES","og_type":"article","og_title":"Edici\u00f3n 2000 - Temporada Alta","og_description":"El debut de Peter Brook Peter Brook presenta Le Costume en Temporada Alta. La afluencia de p\u00fablico se...","og_url":"https:\/\/temporada-alta.com\/es\/edicion-2000\/","og_site_name":"Temporada Alta","article_modified_time":"2025-02-24T15:53:09+00:00","og_image":[{"width":600,"height":354,"url":"https:\/\/temporada-alta.com\/wp-content\/uploads\/TA2000.jpg","type":"image\/jpeg"}],"twitter_card":"summary_large_image","schema":{"@context":"https:\/\/schema.org","@graph":[{"@type":"WebPage","@id":"https:\/\/temporada-alta.com\/es\/edicion-2000\/","url":"https:\/\/temporada-alta.com\/es\/edicion-2000\/","name":"Edici\u00f3n 2000 - Temporada Alta","isPartOf":{"@id":"https:\/\/temporada-alta.com\/es\/#website"},"primaryImageOfPage":{"@id":"https:\/\/temporada-alta.com\/es\/edicion-2000\/#primaryimage"},"image":{"@id":"https:\/\/temporada-alta.com\/es\/edicion-2000\/#primaryimage"},"thumbnailUrl":"https:\/\/temporada-alta.com\/wp-content\/uploads\/TA2000.jpg","datePublished":"2024-11-18T11:30:25+00:00","dateModified":"2025-02-24T15:53:09+00:00","breadcrumb":{"@id":"https:\/\/temporada-alta.com\/es\/edicion-2000\/#breadcrumb"},"inLanguage":"es","potentialAction":[{"@type":"ReadAction","target":["https:\/\/temporada-alta.com\/es\/edicion-2000\/"]}]},{"@type":"ImageObject","inLanguage":"es","@id":"https:\/\/temporada-alta.com\/es\/edicion-2000\/#primaryimage","url":"https:\/\/temporada-alta.com\/wp-content\/uploads\/TA2000.jpg","contentUrl":"https:\/\/temporada-alta.com\/wp-content\/uploads\/TA2000.jpg"},{"@type":"BreadcrumbList","@id":"https:\/\/temporada-alta.com\/es\/edicion-2000\/#breadcrumb","itemListElement":[{"@type":"ListItem","position":1,"name":"Inici","item":"https:\/\/temporada-alta.com\/es\/"},{"@type":"ListItem","position":2,"name":"Edici\u00f3n 2000"}]},{"@type":"WebSite","@id":"https:\/\/temporada-alta.com\/es\/#website","url":"https:\/\/temporada-alta.com\/es\/","name":"Temporada Alta","description":"Festival d&#039;Arts Esc\u00e8niques","publisher":{"@id":"https:\/\/temporada-alta.com\/es\/#organization"},"potentialAction":[{"@type":"SearchAction","target":{"@type":"EntryPoint","urlTemplate":"https:\/\/temporada-alta.com\/es\/?s={search_term_string}"},"query-input":{"@type":"PropertyValueSpecification","valueRequired":true,"valueName":"search_term_string"}}],"inLanguage":"es"},{"@type":"Organization","@id":"https:\/\/temporada-alta.com\/es\/#organization","name":"Temporada Alta","url":"https:\/\/temporada-alta.com\/es\/","logo":{"@type":"ImageObject","inLanguage":"es","@id":"https:\/\/temporada-alta.com\/es\/#\/schema\/logo\/image\/","url":"https:\/\/temporada-alta.com\/wp-content\/uploads\/TA21-Logotip-pos.png","contentUrl":"https:\/\/temporada-alta.com\/wp-content\/uploads\/TA21-Logotip-pos.png","width":800,"height":267,"caption":"Temporada Alta"},"image":{"@id":"https:\/\/temporada-alta.com\/es\/#\/schema\/logo\/image\/"}}]}},"_links":{"self":[{"href":"https:\/\/temporada-alta.com\/es\/wp-json\/wp\/v2\/pages\/98509","targetHints":{"allow":["GET"]}}],"collection":[{"href":"https:\/\/temporada-alta.com\/es\/wp-json\/wp\/v2\/pages"}],"about":[{"href":"https:\/\/temporada-alta.com\/es\/wp-json\/wp\/v2\/types\/page"}],"author":[{"embeddable":true,"href":"https:\/\/temporada-alta.com\/es\/wp-json\/wp\/v2\/users\/35132"}],"replies":[{"embeddable":true,"href":"https:\/\/temporada-alta.com\/es\/wp-json\/wp\/v2\/comments?post=98509"}],"version-history":[{"count":2,"href":"https:\/\/temporada-alta.com\/es\/wp-json\/wp\/v2\/pages\/98509\/revisions"}],"predecessor-version":[{"id":99661,"href":"https:\/\/temporada-alta.com\/es\/wp-json\/wp\/v2\/pages\/98509\/revisions\/99661"}],"wp:attachment":[{"href":"https:\/\/temporada-alta.com\/es\/wp-json\/wp\/v2\/media?parent=98509"}],"curies":[{"name":"wp","href":"https:\/\/api.w.org\/{rel}","templated":true}]}}