{"id":98503,"date":"2024-11-18T11:18:57","date_gmt":"2024-11-18T10:18:57","guid":{"rendered":"https:\/\/temporada-alta.com\/?page_id=98503"},"modified":"2025-02-24T16:49:41","modified_gmt":"2025-02-24T15:49:41","slug":"edicion-2001","status":"publish","type":"page","link":"https:\/\/temporada-alta.com\/es\/edicion-2001\/","title":{"rendered":"Edici\u00f3n 2001"},"content":{"rendered":"<div id=\"modal-ready\">\n<h3 class=\"wp-block-heading\"><strong>Sin el Teatro Municipal, pero m\u00e1s multidisciplinario que nunca<\/strong><\/h3>\n\n\n\n<p>Debido al cierre por obras del Teatro Municipal de Girona perdemos el espacio m\u00e1s emblem\u00e1tico de exhibici\u00f3n. Aunque este impedimento no nos detiene ni afecta la fidelidad del p\u00fablico. Por primera vez asumimos la producci\u00f3n de tres espect\u00e1culos. Danza, circo y teatro se vuelven a combinar para ofrecer una edici\u00f3n con muchos nombres propios: Pascal Comelade, Sol Pic\u00f3, Mal Pelo o Gilles Bouillon.<\/p>\n\n\n\n<p>Espectaculos:<strong>&nbsp;36<\/strong>&nbsp;(+ cinema)<br>Coproducciones: <strong>0<\/strong><br>Estrenos:<strong>&nbsp;12&nbsp;<\/strong><br>Espectadores: <strong>18.228&nbsp;<\/strong>(total) \/ <strong>90,23%<\/strong>&nbsp;(ocupaci\u00f3n)<br>Sales: <strong>4&nbsp;<\/strong>(+ cinema Truffaut)<br>Presupuesto: <strong>65.555.552<\/strong>&nbsp;pesetas<\/p>\n\n\n\n<div class=\"wp-block-columns are-vertically-aligned-center is-layout-flex wp-container-core-columns-is-layout-28f84493 wp-block-columns-is-layout-flex\">\n<div class=\"wp-block-column is-vertically-aligned-center is-layout-flow wp-block-column-is-layout-flow\">\n<figure class=\"wp-block-image alignwide size-full\"><img loading=\"lazy\" decoding=\"async\" width=\"600\" height=\"354\" src=\"https:\/\/temporada-alta.com\/wp-content\/uploads\/TA2001.jpg\" alt=\"\" class=\"wp-image-32492\" srcset=\"https:\/\/temporada-alta.com\/wp-content\/uploads\/TA2001.jpg 600w, https:\/\/temporada-alta.com\/wp-content\/uploads\/TA2001-300x177.jpg 300w\" sizes=\"auto, (max-width: 600px) 100vw, 600px\" \/><\/figure>\n<\/div>\n\n\n\n<div class=\"wp-block-column is-vertically-aligned-center is-layout-flow wp-block-column-is-layout-flow\">\n<h2 class=\"wp-block-heading\" style=\"margin-top:0;margin-bottom:0;padding-top:0;padding-bottom:0\"><span style=\"font-size: 2.14286rem; text-transform: inherit;\"><strong>Cartel\u00a02001, Perejaume<\/strong><\/span><strong><span style=\"font-size: 2.14286rem; text-transform: inherit;\"><\/span><\/strong><\/h2>\n\n\n\n<p style=\"margin-top:0;margin-bottom:0;padding-top:0;padding-bottom:0\">A medio camino entre las pr\u00e1cticas literarias y las visuales, Perejaume utiliza la pintura, la fotograf\u00eda, la escultura, el v\u00eddeo, las escenograf\u00edas y la literatura en sus creaciones, todo con un lenguaje muy propio y personal, donde las relaciones m\u00e1s cotidianas toman nuevos sentidos totalmente impensables. Palabra e imagen, tradici\u00f3n y vanguardia que recorren toda su trayectoria, desde la primera exposici\u00f3n en 1977 en el Cercle de Sant Lluc en su poemario Obreda.<br>Su particular redefinici\u00f3n del paisaje lo conduce por una cartograf\u00eda repleta de recortes, fragmentos de otros cuadros, pinceladas y sobre todo el uso de objetos reinsertados en nuevos espacios, donde se genera una cadena de nuevos significados y formas.<br>En este cartel del Festival, Perejaume vuelve a adentrarse en el mundo del espect\u00e1culo: ha sido una referencia constante en todo su trabajo, ya desde los inicios (s\u00f3lo hay que recordar su intervenci\u00f3n en el Teatro Municipal de Girona en 1997 o las actuaciones en el Gran Teatro del Liceo). Para la ocasi\u00f3n, una butaca recortada de una revista de muebles con la pincelada contundente del artista que invita al espectador a sentarse y disfrutar del teatro y, a la vez, presenta al espectador como parte del mismo espect\u00e1culo.<\/p>\n\n\n\n<p style=\"margin-top:0;margin-bottom:0;padding-top:0;padding-bottom:0\"><\/p>\n<\/div>\n<\/div>\n\n\n\n<p><a href=\"https:\/\/drive.google.com\/file\/d\/1O8qsgpCCP_gRoeJYa3SgsdlW4SPiqGY8\/view?usp=sharing\">Descarga el cartel<\/a><\/p>\n<\/div>","protected":false},"excerpt":{"rendered":"<p>Sin el Teatro Municipal, pero m\u00e1s multidisciplinario que nunca Debido al cierre por obras del Teatro Municipal de&#8230;<\/p>\n","protected":false},"author":35132,"featured_media":0,"parent":0,"menu_order":0,"comment_status":"closed","ping_status":"closed","template":"","meta":{"_acf_changed":false,"footnotes":""},"class_list":["post-98503","page","type-page","status-publish","hentry"],"acf":[],"yoast_head":"<!-- This site is optimized with the Yoast SEO plugin v27.0 - https:\/\/yoast.com\/product\/yoast-seo-wordpress\/ -->\n<title>Edici\u00f3n 2001 - Temporada Alta<\/title>\n<meta name=\"robots\" content=\"index, follow, max-snippet:-1, max-image-preview:large, max-video-preview:-1\" \/>\n<link rel=\"canonical\" href=\"https:\/\/temporada-alta.com\/es\/edicion-2001\/\" \/>\n<meta property=\"og:locale\" content=\"es_ES\" \/>\n<meta property=\"og:type\" content=\"article\" \/>\n<meta property=\"og:title\" content=\"Edici\u00f3n 2001 - Temporada Alta\" \/>\n<meta property=\"og:description\" content=\"Sin el Teatro Municipal, pero m\u00e1s multidisciplinario que nunca Debido al cierre por obras del Teatro Municipal de...\" \/>\n<meta property=\"og:url\" content=\"https:\/\/temporada-alta.com\/es\/edicion-2001\/\" \/>\n<meta property=\"og:site_name\" content=\"Temporada Alta\" \/>\n<meta property=\"article:modified_time\" content=\"2025-02-24T15:49:41+00:00\" \/>\n<meta property=\"og:image\" content=\"https:\/\/temporada-alta.com\/wp-content\/uploads\/TA2001.jpg\" \/>\n\t<meta property=\"og:image:width\" content=\"600\" \/>\n\t<meta property=\"og:image:height\" content=\"354\" \/>\n\t<meta property=\"og:image:type\" content=\"image\/jpeg\" \/>\n<meta name=\"twitter:card\" content=\"summary_large_image\" \/>\n<script type=\"application\/ld+json\" class=\"yoast-schema-graph\">{\"@context\":\"https:\/\/schema.org\",\"@graph\":[{\"@type\":\"WebPage\",\"@id\":\"https:\/\/temporada-alta.com\/es\/edicion-2001\/\",\"url\":\"https:\/\/temporada-alta.com\/es\/edicion-2001\/\",\"name\":\"Edici\u00f3n 2001 - Temporada Alta\",\"isPartOf\":{\"@id\":\"https:\/\/temporada-alta.com\/es\/#website\"},\"primaryImageOfPage\":{\"@id\":\"https:\/\/temporada-alta.com\/es\/edicion-2001\/#primaryimage\"},\"image\":{\"@id\":\"https:\/\/temporada-alta.com\/es\/edicion-2001\/#primaryimage\"},\"thumbnailUrl\":\"https:\/\/temporada-alta.com\/wp-content\/uploads\/TA2001.jpg\",\"datePublished\":\"2024-11-18T10:18:57+00:00\",\"dateModified\":\"2025-02-24T15:49:41+00:00\",\"breadcrumb\":{\"@id\":\"https:\/\/temporada-alta.com\/es\/edicion-2001\/#breadcrumb\"},\"inLanguage\":\"es\",\"potentialAction\":[{\"@type\":\"ReadAction\",\"target\":[\"https:\/\/temporada-alta.com\/es\/edicion-2001\/\"]}]},{\"@type\":\"ImageObject\",\"inLanguage\":\"es\",\"@id\":\"https:\/\/temporada-alta.com\/es\/edicion-2001\/#primaryimage\",\"url\":\"https:\/\/temporada-alta.com\/wp-content\/uploads\/TA2001.jpg\",\"contentUrl\":\"https:\/\/temporada-alta.com\/wp-content\/uploads\/TA2001.jpg\"},{\"@type\":\"BreadcrumbList\",\"@id\":\"https:\/\/temporada-alta.com\/es\/edicion-2001\/#breadcrumb\",\"itemListElement\":[{\"@type\":\"ListItem\",\"position\":1,\"name\":\"Inici\",\"item\":\"https:\/\/temporada-alta.com\/es\/\"},{\"@type\":\"ListItem\",\"position\":2,\"name\":\"Edici\u00f3n 2001\"}]},{\"@type\":\"WebSite\",\"@id\":\"https:\/\/temporada-alta.com\/es\/#website\",\"url\":\"https:\/\/temporada-alta.com\/es\/\",\"name\":\"Temporada Alta\",\"description\":\"Festival d&#039;Arts Esc\u00e8niques\",\"publisher\":{\"@id\":\"https:\/\/temporada-alta.com\/es\/#organization\"},\"potentialAction\":[{\"@type\":\"SearchAction\",\"target\":{\"@type\":\"EntryPoint\",\"urlTemplate\":\"https:\/\/temporada-alta.com\/es\/?s={search_term_string}\"},\"query-input\":{\"@type\":\"PropertyValueSpecification\",\"valueRequired\":true,\"valueName\":\"search_term_string\"}}],\"inLanguage\":\"es\"},{\"@type\":\"Organization\",\"@id\":\"https:\/\/temporada-alta.com\/es\/#organization\",\"name\":\"Temporada Alta\",\"url\":\"https:\/\/temporada-alta.com\/es\/\",\"logo\":{\"@type\":\"ImageObject\",\"inLanguage\":\"es\",\"@id\":\"https:\/\/temporada-alta.com\/es\/#\/schema\/logo\/image\/\",\"url\":\"https:\/\/temporada-alta.com\/wp-content\/uploads\/TA21-Logotip-pos.png\",\"contentUrl\":\"https:\/\/temporada-alta.com\/wp-content\/uploads\/TA21-Logotip-pos.png\",\"width\":800,\"height\":267,\"caption\":\"Temporada Alta\"},\"image\":{\"@id\":\"https:\/\/temporada-alta.com\/es\/#\/schema\/logo\/image\/\"}}]}<\/script>\n<!-- \/ Yoast SEO plugin. -->","yoast_head_json":{"title":"Edici\u00f3n 2001 - Temporada Alta","robots":{"index":"index","follow":"follow","max-snippet":"max-snippet:-1","max-image-preview":"max-image-preview:large","max-video-preview":"max-video-preview:-1"},"canonical":"https:\/\/temporada-alta.com\/es\/edicion-2001\/","og_locale":"es_ES","og_type":"article","og_title":"Edici\u00f3n 2001 - Temporada Alta","og_description":"Sin el Teatro Municipal, pero m\u00e1s multidisciplinario que nunca Debido al cierre por obras del Teatro Municipal de...","og_url":"https:\/\/temporada-alta.com\/es\/edicion-2001\/","og_site_name":"Temporada Alta","article_modified_time":"2025-02-24T15:49:41+00:00","og_image":[{"width":600,"height":354,"url":"https:\/\/temporada-alta.com\/wp-content\/uploads\/TA2001.jpg","type":"image\/jpeg"}],"twitter_card":"summary_large_image","schema":{"@context":"https:\/\/schema.org","@graph":[{"@type":"WebPage","@id":"https:\/\/temporada-alta.com\/es\/edicion-2001\/","url":"https:\/\/temporada-alta.com\/es\/edicion-2001\/","name":"Edici\u00f3n 2001 - Temporada Alta","isPartOf":{"@id":"https:\/\/temporada-alta.com\/es\/#website"},"primaryImageOfPage":{"@id":"https:\/\/temporada-alta.com\/es\/edicion-2001\/#primaryimage"},"image":{"@id":"https:\/\/temporada-alta.com\/es\/edicion-2001\/#primaryimage"},"thumbnailUrl":"https:\/\/temporada-alta.com\/wp-content\/uploads\/TA2001.jpg","datePublished":"2024-11-18T10:18:57+00:00","dateModified":"2025-02-24T15:49:41+00:00","breadcrumb":{"@id":"https:\/\/temporada-alta.com\/es\/edicion-2001\/#breadcrumb"},"inLanguage":"es","potentialAction":[{"@type":"ReadAction","target":["https:\/\/temporada-alta.com\/es\/edicion-2001\/"]}]},{"@type":"ImageObject","inLanguage":"es","@id":"https:\/\/temporada-alta.com\/es\/edicion-2001\/#primaryimage","url":"https:\/\/temporada-alta.com\/wp-content\/uploads\/TA2001.jpg","contentUrl":"https:\/\/temporada-alta.com\/wp-content\/uploads\/TA2001.jpg"},{"@type":"BreadcrumbList","@id":"https:\/\/temporada-alta.com\/es\/edicion-2001\/#breadcrumb","itemListElement":[{"@type":"ListItem","position":1,"name":"Inici","item":"https:\/\/temporada-alta.com\/es\/"},{"@type":"ListItem","position":2,"name":"Edici\u00f3n 2001"}]},{"@type":"WebSite","@id":"https:\/\/temporada-alta.com\/es\/#website","url":"https:\/\/temporada-alta.com\/es\/","name":"Temporada Alta","description":"Festival d&#039;Arts Esc\u00e8niques","publisher":{"@id":"https:\/\/temporada-alta.com\/es\/#organization"},"potentialAction":[{"@type":"SearchAction","target":{"@type":"EntryPoint","urlTemplate":"https:\/\/temporada-alta.com\/es\/?s={search_term_string}"},"query-input":{"@type":"PropertyValueSpecification","valueRequired":true,"valueName":"search_term_string"}}],"inLanguage":"es"},{"@type":"Organization","@id":"https:\/\/temporada-alta.com\/es\/#organization","name":"Temporada Alta","url":"https:\/\/temporada-alta.com\/es\/","logo":{"@type":"ImageObject","inLanguage":"es","@id":"https:\/\/temporada-alta.com\/es\/#\/schema\/logo\/image\/","url":"https:\/\/temporada-alta.com\/wp-content\/uploads\/TA21-Logotip-pos.png","contentUrl":"https:\/\/temporada-alta.com\/wp-content\/uploads\/TA21-Logotip-pos.png","width":800,"height":267,"caption":"Temporada Alta"},"image":{"@id":"https:\/\/temporada-alta.com\/es\/#\/schema\/logo\/image\/"}}]}},"_links":{"self":[{"href":"https:\/\/temporada-alta.com\/es\/wp-json\/wp\/v2\/pages\/98503","targetHints":{"allow":["GET"]}}],"collection":[{"href":"https:\/\/temporada-alta.com\/es\/wp-json\/wp\/v2\/pages"}],"about":[{"href":"https:\/\/temporada-alta.com\/es\/wp-json\/wp\/v2\/types\/page"}],"author":[{"embeddable":true,"href":"https:\/\/temporada-alta.com\/es\/wp-json\/wp\/v2\/users\/35132"}],"replies":[{"embeddable":true,"href":"https:\/\/temporada-alta.com\/es\/wp-json\/wp\/v2\/comments?post=98503"}],"version-history":[{"count":2,"href":"https:\/\/temporada-alta.com\/es\/wp-json\/wp\/v2\/pages\/98503\/revisions"}],"predecessor-version":[{"id":99656,"href":"https:\/\/temporada-alta.com\/es\/wp-json\/wp\/v2\/pages\/98503\/revisions\/99656"}],"wp:attachment":[{"href":"https:\/\/temporada-alta.com\/es\/wp-json\/wp\/v2\/media?parent=98503"}],"curies":[{"name":"wp","href":"https:\/\/api.w.org\/{rel}","templated":true}]}}