{"id":98482,"date":"2024-11-18T10:30:38","date_gmt":"2024-11-18T09:30:38","guid":{"rendered":"https:\/\/temporada-alta.com\/?page_id=98482"},"modified":"2025-02-24T16:41:52","modified_gmt":"2025-02-24T15:41:52","slug":"edicion-2003","status":"publish","type":"page","link":"https:\/\/temporada-alta.com\/es\/edicion-2003\/","title":{"rendered":"Edici\u00f3n 2003"},"content":{"rendered":"<div id=\"modal-ready\">\n<h3 class=\"wp-block-heading\"><strong>La colaboraci\u00f3n con la Generalitat<\/strong><\/h3>\n\n\n\n<p>Despu\u00e9s de once a\u00f1os recibimos por primera vez el apoyo de la Generalitat de Catalunya. El gobierno catal\u00e1n reconoce nuestra importancia como puerta de entrada de montajes internacionales y los resultados de las tareas realizadas en cuanto a la producci\u00f3n de espect\u00e1culos. Una vez m\u00e1s, ofrecemos una programaci\u00f3n de gran calidad. Act\u00faan Llu\u00eds Pasqual, Eduardo \u201cTato\u201d Pavlosky, Patrice Ch\u00e9reau, Peter Stein, Peter Brook, Mercedes Sampietro o Vicky Pe\u00f1a, entre otros.<\/p>\n\n\n\n<p>Espectaculos:<strong>&nbsp;42<\/strong>&nbsp;(+ cinema)<br>Coproducciones: <strong>8<\/strong><br>Estrenos:<strong>&nbsp;21<\/strong><br>Espectadores: <strong>23.843&nbsp;<\/strong>(total) \/ <strong>91,80%<\/strong>&nbsp;(ocupaci\u00f3n)<br>Sales: <strong>4<\/strong>&nbsp;(+ cinema)<br>Presupuesto: <strong>523.762,65<\/strong>&nbsp;\u20ac<\/p>\n\n\n\n<div class=\"wp-block-columns are-vertically-aligned-center is-layout-flex wp-container-core-columns-is-layout-28f84493 wp-block-columns-is-layout-flex\">\n<div class=\"wp-block-column is-vertically-aligned-center is-layout-flow wp-block-column-is-layout-flow\">\n<figure class=\"wp-block-image alignwide size-full\"><img loading=\"lazy\" decoding=\"async\" width=\"600\" height=\"354\" src=\"https:\/\/temporada-alta.com\/wp-content\/uploads\/TA2003-1.jpg\" alt=\"\" class=\"wp-image-31621\" srcset=\"https:\/\/temporada-alta.com\/wp-content\/uploads\/TA2003-1.jpg 600w, https:\/\/temporada-alta.com\/wp-content\/uploads\/TA2003-1-300x177.jpg 300w\" sizes=\"auto, (max-width: 600px) 100vw, 600px\" \/><\/figure>\n<\/div>\n\n\n\n<div class=\"wp-block-column is-vertically-aligned-center is-layout-flow wp-block-column-is-layout-flow\">\n<h2 class=\"wp-block-heading\" style=\"margin-top:0;margin-bottom:0;padding-top:0;padding-bottom:0\"><span style=\"font-size: 2.14286rem; text-transform: inherit;\"><strong>Cartel\u00a02003, Ferran Adri\u00e0 &#8211; Francesc Guillamet <\/strong><\/span><\/h2>\n\n\n\n<p style=\"margin-top:0;margin-bottom:0;padding-top:0;padding-bottom:0\">Ferran Adri\u00e0 es uno de los cocineros m\u00e1s reconocidos internacionalmente, gracias a sus propuestas creativas, inesperadas, originales y vanguardistas. Formado en los fogones de multitud de cocinas, no es hasta la d\u00e9cada de los 80 que entra a formar parte del equipo de Juli Soler en el restaurante El Bulli, del que se convertir\u00e1 en primer jefe de cocina y donde, con los a\u00f1os, obtendr\u00e1n el reconocimiento a su esfuerzo y trabajo con la concesi\u00f3n de tres estrellas Michelin.<br>La cocina creativa de Adri\u00e0 nos la presenta a trav\u00e9s de las fotograf\u00edas de Francesc Guillament, creador ampurdan\u00e9s especializado en fotograf\u00eda gastron\u00f3mica (autor de las im\u00e1genes que ilustran los libros de cocina de Ferran Adri\u00e0) que consigue un trabajo lleno de fuerza, de contrastes y sensaciones.<br>Por lo que respecta a la elaboraci\u00f3n de Ferran Adri\u00e0 para el cartel de Temporada Alta, consigue unir el teatro con la gastronom\u00eda, pues ambos son artes ef\u00edmeros. Se trata de una nube con menta, coco, curry y tamarindo: todo el mundo que ha paseado alguna vez por las Ferias de Girona ha visto estas grandes nubes de az\u00facar, y como es habitual, Adri\u00e0 ha dado otra vuelta de tuerca presentando este dulce para los adultos.<\/p>\n\n\n\n<p style=\"margin-top:0;margin-bottom:0;padding-top:0;padding-bottom:0\"><\/p>\n<\/div>\n<\/div>\n\n\n\n<p><a href=\"https:\/\/drive.google.com\/file\/d\/1c7U1Nr5GwaM9HsawEFIi9p7YYRdZTEbf\/view?usp=sharing\">Descarga el cartel<\/a><br><\/p>\n<\/div>","protected":false},"excerpt":{"rendered":"<p>La colaboraci\u00f3n con la Generalitat Despu\u00e9s de once a\u00f1os recibimos por primera vez el apoyo de la Generalitat&#8230;<\/p>\n","protected":false},"author":35132,"featured_media":0,"parent":0,"menu_order":0,"comment_status":"closed","ping_status":"closed","template":"","meta":{"_acf_changed":false,"footnotes":""},"class_list":["post-98482","page","type-page","status-publish","hentry"],"acf":[],"yoast_head":"<!-- This site is optimized with the Yoast SEO plugin v27.0 - https:\/\/yoast.com\/product\/yoast-seo-wordpress\/ -->\n<title>Edici\u00f3n 2003 - Temporada Alta<\/title>\n<meta name=\"robots\" content=\"index, follow, max-snippet:-1, max-image-preview:large, max-video-preview:-1\" \/>\n<link rel=\"canonical\" href=\"https:\/\/temporada-alta.com\/es\/edicion-2003\/\" \/>\n<meta property=\"og:locale\" content=\"es_ES\" \/>\n<meta property=\"og:type\" content=\"article\" \/>\n<meta property=\"og:title\" content=\"Edici\u00f3n 2003 - Temporada Alta\" \/>\n<meta property=\"og:description\" content=\"La colaboraci\u00f3n con la Generalitat Despu\u00e9s de once a\u00f1os recibimos por primera vez el apoyo de la Generalitat...\" \/>\n<meta property=\"og:url\" content=\"https:\/\/temporada-alta.com\/es\/edicion-2003\/\" \/>\n<meta property=\"og:site_name\" content=\"Temporada Alta\" \/>\n<meta property=\"article:modified_time\" content=\"2025-02-24T15:41:52+00:00\" \/>\n<meta property=\"og:image\" content=\"https:\/\/temporada-alta.com\/wp-content\/uploads\/TA2003-1.jpg\" \/>\n\t<meta property=\"og:image:width\" content=\"600\" \/>\n\t<meta property=\"og:image:height\" content=\"354\" \/>\n\t<meta property=\"og:image:type\" content=\"image\/jpeg\" \/>\n<meta name=\"twitter:card\" content=\"summary_large_image\" \/>\n<script type=\"application\/ld+json\" class=\"yoast-schema-graph\">{\"@context\":\"https:\/\/schema.org\",\"@graph\":[{\"@type\":\"WebPage\",\"@id\":\"https:\/\/temporada-alta.com\/es\/edicion-2003\/\",\"url\":\"https:\/\/temporada-alta.com\/es\/edicion-2003\/\",\"name\":\"Edici\u00f3n 2003 - Temporada Alta\",\"isPartOf\":{\"@id\":\"https:\/\/temporada-alta.com\/es\/#website\"},\"primaryImageOfPage\":{\"@id\":\"https:\/\/temporada-alta.com\/es\/edicion-2003\/#primaryimage\"},\"image\":{\"@id\":\"https:\/\/temporada-alta.com\/es\/edicion-2003\/#primaryimage\"},\"thumbnailUrl\":\"https:\/\/temporada-alta.com\/wp-content\/uploads\/TA2003-1.jpg\",\"datePublished\":\"2024-11-18T09:30:38+00:00\",\"dateModified\":\"2025-02-24T15:41:52+00:00\",\"breadcrumb\":{\"@id\":\"https:\/\/temporada-alta.com\/es\/edicion-2003\/#breadcrumb\"},\"inLanguage\":\"es\",\"potentialAction\":[{\"@type\":\"ReadAction\",\"target\":[\"https:\/\/temporada-alta.com\/es\/edicion-2003\/\"]}]},{\"@type\":\"ImageObject\",\"inLanguage\":\"es\",\"@id\":\"https:\/\/temporada-alta.com\/es\/edicion-2003\/#primaryimage\",\"url\":\"https:\/\/temporada-alta.com\/wp-content\/uploads\/TA2003-1.jpg\",\"contentUrl\":\"https:\/\/temporada-alta.com\/wp-content\/uploads\/TA2003-1.jpg\"},{\"@type\":\"BreadcrumbList\",\"@id\":\"https:\/\/temporada-alta.com\/es\/edicion-2003\/#breadcrumb\",\"itemListElement\":[{\"@type\":\"ListItem\",\"position\":1,\"name\":\"Inici\",\"item\":\"https:\/\/temporada-alta.com\/es\/\"},{\"@type\":\"ListItem\",\"position\":2,\"name\":\"Edici\u00f3n 2003\"}]},{\"@type\":\"WebSite\",\"@id\":\"https:\/\/temporada-alta.com\/es\/#website\",\"url\":\"https:\/\/temporada-alta.com\/es\/\",\"name\":\"Temporada Alta\",\"description\":\"Festival d&#039;Arts Esc\u00e8niques\",\"publisher\":{\"@id\":\"https:\/\/temporada-alta.com\/es\/#organization\"},\"potentialAction\":[{\"@type\":\"SearchAction\",\"target\":{\"@type\":\"EntryPoint\",\"urlTemplate\":\"https:\/\/temporada-alta.com\/es\/?s={search_term_string}\"},\"query-input\":{\"@type\":\"PropertyValueSpecification\",\"valueRequired\":true,\"valueName\":\"search_term_string\"}}],\"inLanguage\":\"es\"},{\"@type\":\"Organization\",\"@id\":\"https:\/\/temporada-alta.com\/es\/#organization\",\"name\":\"Temporada Alta\",\"url\":\"https:\/\/temporada-alta.com\/es\/\",\"logo\":{\"@type\":\"ImageObject\",\"inLanguage\":\"es\",\"@id\":\"https:\/\/temporada-alta.com\/es\/#\/schema\/logo\/image\/\",\"url\":\"https:\/\/temporada-alta.com\/wp-content\/uploads\/TA21-Logotip-pos.png\",\"contentUrl\":\"https:\/\/temporada-alta.com\/wp-content\/uploads\/TA21-Logotip-pos.png\",\"width\":800,\"height\":267,\"caption\":\"Temporada Alta\"},\"image\":{\"@id\":\"https:\/\/temporada-alta.com\/es\/#\/schema\/logo\/image\/\"}}]}<\/script>\n<!-- \/ Yoast SEO plugin. -->","yoast_head_json":{"title":"Edici\u00f3n 2003 - Temporada Alta","robots":{"index":"index","follow":"follow","max-snippet":"max-snippet:-1","max-image-preview":"max-image-preview:large","max-video-preview":"max-video-preview:-1"},"canonical":"https:\/\/temporada-alta.com\/es\/edicion-2003\/","og_locale":"es_ES","og_type":"article","og_title":"Edici\u00f3n 2003 - Temporada Alta","og_description":"La colaboraci\u00f3n con la Generalitat Despu\u00e9s de once a\u00f1os recibimos por primera vez el apoyo de la Generalitat...","og_url":"https:\/\/temporada-alta.com\/es\/edicion-2003\/","og_site_name":"Temporada Alta","article_modified_time":"2025-02-24T15:41:52+00:00","og_image":[{"width":600,"height":354,"url":"https:\/\/temporada-alta.com\/wp-content\/uploads\/TA2003-1.jpg","type":"image\/jpeg"}],"twitter_card":"summary_large_image","schema":{"@context":"https:\/\/schema.org","@graph":[{"@type":"WebPage","@id":"https:\/\/temporada-alta.com\/es\/edicion-2003\/","url":"https:\/\/temporada-alta.com\/es\/edicion-2003\/","name":"Edici\u00f3n 2003 - Temporada Alta","isPartOf":{"@id":"https:\/\/temporada-alta.com\/es\/#website"},"primaryImageOfPage":{"@id":"https:\/\/temporada-alta.com\/es\/edicion-2003\/#primaryimage"},"image":{"@id":"https:\/\/temporada-alta.com\/es\/edicion-2003\/#primaryimage"},"thumbnailUrl":"https:\/\/temporada-alta.com\/wp-content\/uploads\/TA2003-1.jpg","datePublished":"2024-11-18T09:30:38+00:00","dateModified":"2025-02-24T15:41:52+00:00","breadcrumb":{"@id":"https:\/\/temporada-alta.com\/es\/edicion-2003\/#breadcrumb"},"inLanguage":"es","potentialAction":[{"@type":"ReadAction","target":["https:\/\/temporada-alta.com\/es\/edicion-2003\/"]}]},{"@type":"ImageObject","inLanguage":"es","@id":"https:\/\/temporada-alta.com\/es\/edicion-2003\/#primaryimage","url":"https:\/\/temporada-alta.com\/wp-content\/uploads\/TA2003-1.jpg","contentUrl":"https:\/\/temporada-alta.com\/wp-content\/uploads\/TA2003-1.jpg"},{"@type":"BreadcrumbList","@id":"https:\/\/temporada-alta.com\/es\/edicion-2003\/#breadcrumb","itemListElement":[{"@type":"ListItem","position":1,"name":"Inici","item":"https:\/\/temporada-alta.com\/es\/"},{"@type":"ListItem","position":2,"name":"Edici\u00f3n 2003"}]},{"@type":"WebSite","@id":"https:\/\/temporada-alta.com\/es\/#website","url":"https:\/\/temporada-alta.com\/es\/","name":"Temporada Alta","description":"Festival d&#039;Arts Esc\u00e8niques","publisher":{"@id":"https:\/\/temporada-alta.com\/es\/#organization"},"potentialAction":[{"@type":"SearchAction","target":{"@type":"EntryPoint","urlTemplate":"https:\/\/temporada-alta.com\/es\/?s={search_term_string}"},"query-input":{"@type":"PropertyValueSpecification","valueRequired":true,"valueName":"search_term_string"}}],"inLanguage":"es"},{"@type":"Organization","@id":"https:\/\/temporada-alta.com\/es\/#organization","name":"Temporada Alta","url":"https:\/\/temporada-alta.com\/es\/","logo":{"@type":"ImageObject","inLanguage":"es","@id":"https:\/\/temporada-alta.com\/es\/#\/schema\/logo\/image\/","url":"https:\/\/temporada-alta.com\/wp-content\/uploads\/TA21-Logotip-pos.png","contentUrl":"https:\/\/temporada-alta.com\/wp-content\/uploads\/TA21-Logotip-pos.png","width":800,"height":267,"caption":"Temporada Alta"},"image":{"@id":"https:\/\/temporada-alta.com\/es\/#\/schema\/logo\/image\/"}}]}},"_links":{"self":[{"href":"https:\/\/temporada-alta.com\/es\/wp-json\/wp\/v2\/pages\/98482","targetHints":{"allow":["GET"]}}],"collection":[{"href":"https:\/\/temporada-alta.com\/es\/wp-json\/wp\/v2\/pages"}],"about":[{"href":"https:\/\/temporada-alta.com\/es\/wp-json\/wp\/v2\/types\/page"}],"author":[{"embeddable":true,"href":"https:\/\/temporada-alta.com\/es\/wp-json\/wp\/v2\/users\/35132"}],"replies":[{"embeddable":true,"href":"https:\/\/temporada-alta.com\/es\/wp-json\/wp\/v2\/comments?post=98482"}],"version-history":[{"count":2,"href":"https:\/\/temporada-alta.com\/es\/wp-json\/wp\/v2\/pages\/98482\/revisions"}],"predecessor-version":[{"id":99644,"href":"https:\/\/temporada-alta.com\/es\/wp-json\/wp\/v2\/pages\/98482\/revisions\/99644"}],"wp:attachment":[{"href":"https:\/\/temporada-alta.com\/es\/wp-json\/wp\/v2\/media?parent=98482"}],"curies":[{"name":"wp","href":"https:\/\/api.w.org\/{rel}","templated":true}]}}