{"id":98456,"date":"2024-11-18T09:54:09","date_gmt":"2024-11-18T08:54:09","guid":{"rendered":"https:\/\/temporada-alta.com\/?page_id=98456"},"modified":"2025-02-24T15:54:41","modified_gmt":"2025-02-24T14:54:41","slug":"edicion-2005","status":"publish","type":"page","link":"https:\/\/temporada-alta.com\/es\/edicion-2005\/","title":{"rendered":"Edici\u00f3n 2005"},"content":{"rendered":"<div id=\"modal-ready\">\n<h3 class=\"wp-block-heading\"><strong>La Generalitat apuesta por Temporada Alta<\/strong><\/h3>\n\n\n\n<p>El convenio firmado con la Generalitat por cuatro a\u00f1os nos permite dise\u00f1ar el Festival del futuro con la pretensi\u00f3n de convertirnos en un festival de referencia durante los meses de oto\u00f1o. La presencia de directores como Gelabert-Azzopardi, Andr\u00e9s Lima, \u00c0lex Rigola, Sergi L\u00f3pez o Rafael Spregelburd lo har\u00e1 posible.<\/p>\n\n\n\n<p>Espectaculos:<strong>&nbsp;66<\/strong>&nbsp;<br>Coproducciones: <strong>20<\/strong><br>Estrenos:<strong>&nbsp;39&nbsp;<\/strong><br>Espectadores: <strong>26.352&nbsp;<\/strong>(total) \/ <strong>90,13%<\/strong>&nbsp;(ocupaci\u00f3n)<br>Sales: <strong>5&nbsp;<\/strong>(+ cinema)<br>Presupuesto: <strong>952.368,83<\/strong>&nbsp;\u20ac<\/p>\n\n\n\n<div class=\"wp-block-columns are-vertically-aligned-center is-layout-flex wp-container-core-columns-is-layout-28f84493 wp-block-columns-is-layout-flex\">\n<div class=\"wp-block-column is-vertically-aligned-center is-layout-flow wp-block-column-is-layout-flow\">\n<figure class=\"wp-block-image aligncenter size-full is-resized\"><img loading=\"lazy\" decoding=\"async\" width=\"640\" height=\"892\" src=\"https:\/\/temporada-alta.com\/wp-content\/uploads\/CartellTA05.jpg\" alt=\"\" class=\"wp-image-34472\" style=\"width:423px;height:auto\" srcset=\"https:\/\/temporada-alta.com\/wp-content\/uploads\/CartellTA05.jpg 640w, https:\/\/temporada-alta.com\/wp-content\/uploads\/CartellTA05-215x300.jpg 215w\" sizes=\"auto, (max-width: 640px) 100vw, 640px\" \/><\/figure>\n<\/div>\n\n\n\n<div class=\"wp-block-column is-vertically-aligned-center is-layout-flow wp-block-column-is-layout-flow\">\n<h2 class=\"wp-block-heading\" style=\"margin-top:0;margin-bottom:0;padding-top:0;padding-bottom:0\"><span style=\"font-size: 2.14286rem; text-transform: inherit;\"><strong>Cartel\u00a02005, Toni Llena<\/strong><\/span><\/h2>\n\n\n\n<p style=\"margin-top:0;margin-bottom:0;padding-top:0;padding-bottom:0\">La trayectoria te\u00f3rica, pl\u00e1stica y vital de Antoni Llena es una de las m\u00e1s interesantes y dif\u00edciles de clasificar del panorama catal\u00e1n contempor\u00e1neo. Su obra arranca con el arte conceptual a principios de los sesenta, del cual fue uno de los pioneros en Catalunya junto con \u00c0ngel Jov\u00e9 y S\u00edlvia Gubern, y a menudo se le vincula al arte povera por su predilecci\u00f3n por los materiales ef\u00edmeros \u2013polvo de talco, tiza, papel, etc.\u2013. All\u00ed donde su amigo Antoni T\u00e0pies explora los l\u00edmites de la materia, Llena se decanta por la noci\u00f3n de la nada. A comienzos de los ochenta regresa a la escena art\u00edstica con sus famosos cuadros de papeles monocromos recortados. Con los noventa, llegan las grandes series, donde contin\u00faa trabajando la idea de pintar con materiales humildes \u2013piedras, cintas adhesivas, cartones, etc.\u2013. A pesar de los planteamientos silenciosos y modestos, su obra p\u00fablica, presente en varios espacios de Barcelona, logra conjugar la espectacularidad de las grandes dimensiones con la emoci\u00f3n y la sensaci\u00f3n de fragilidad que impregna todo su trabajo. Tambi\u00e9n destaca en su faceta como profesor y como escritor de ensayo sobre arte, as\u00ed como articulista (una buena muestra de sus reflexiones se encuentra recopiladas en el libro <em>La gana de l\u2019artista<\/em>).<\/p>\n\n\n\n<p style=\"margin-top:0;margin-bottom:0;padding-top:0;padding-bottom:0\"><strong>Pere Parramon<\/strong><\/p>\n<\/div>\n<\/div>\n\n\n\n<p>La fotograf\u00eda es de Antoni Bernad (Barcelona, 1944), fot\u00f3grafo de la moda de reconocido prestigio internacional. Empez\u00f3 como dibujante en agencias de publicidad y pronto dio el salto a la fotograf\u00eda, destacando sobre todo por sus retratos.<\/p>\n\n\n\n<p><a href=\"https:\/\/drive.google.com\/file\/d\/1gYgn851lfOPJZHiBiSFiHIyk0mx6rg7l\/view?usp=sharing\">Descarga el cartel<\/a><\/p>\n<\/div>","protected":false},"excerpt":{"rendered":"<p>La Generalitat apuesta por Temporada Alta El convenio firmado con la Generalitat por cuatro a\u00f1os nos permite dise\u00f1ar&#8230;<\/p>\n","protected":false},"author":35132,"featured_media":0,"parent":0,"menu_order":0,"comment_status":"closed","ping_status":"closed","template":"","meta":{"_acf_changed":false,"footnotes":""},"class_list":["post-98456","page","type-page","status-publish","hentry"],"acf":[],"yoast_head":"<!-- This site is optimized with the Yoast SEO plugin v27.0 - https:\/\/yoast.com\/product\/yoast-seo-wordpress\/ -->\n<title>Edici\u00f3n 2005 - Temporada Alta<\/title>\n<meta name=\"robots\" content=\"index, follow, max-snippet:-1, max-image-preview:large, max-video-preview:-1\" \/>\n<link rel=\"canonical\" href=\"https:\/\/temporada-alta.com\/es\/edicion-2005\/\" \/>\n<meta property=\"og:locale\" content=\"es_ES\" \/>\n<meta property=\"og:type\" content=\"article\" \/>\n<meta property=\"og:title\" content=\"Edici\u00f3n 2005 - Temporada Alta\" \/>\n<meta property=\"og:description\" content=\"La Generalitat apuesta por Temporada Alta El convenio firmado con la Generalitat por cuatro a\u00f1os nos permite dise\u00f1ar...\" \/>\n<meta property=\"og:url\" content=\"https:\/\/temporada-alta.com\/es\/edicion-2005\/\" \/>\n<meta property=\"og:site_name\" content=\"Temporada Alta\" \/>\n<meta property=\"article:modified_time\" content=\"2025-02-24T14:54:41+00:00\" \/>\n<meta property=\"og:image\" content=\"https:\/\/temporada-alta.com\/wp-content\/uploads\/CartellTA05.jpg\" \/>\n\t<meta property=\"og:image:width\" content=\"640\" \/>\n\t<meta property=\"og:image:height\" content=\"892\" \/>\n\t<meta property=\"og:image:type\" content=\"image\/jpeg\" \/>\n<meta name=\"twitter:card\" content=\"summary_large_image\" \/>\n<script type=\"application\/ld+json\" class=\"yoast-schema-graph\">{\"@context\":\"https:\/\/schema.org\",\"@graph\":[{\"@type\":\"WebPage\",\"@id\":\"https:\/\/temporada-alta.com\/es\/edicion-2005\/\",\"url\":\"https:\/\/temporada-alta.com\/es\/edicion-2005\/\",\"name\":\"Edici\u00f3n 2005 - Temporada Alta\",\"isPartOf\":{\"@id\":\"https:\/\/temporada-alta.com\/es\/#website\"},\"primaryImageOfPage\":{\"@id\":\"https:\/\/temporada-alta.com\/es\/edicion-2005\/#primaryimage\"},\"image\":{\"@id\":\"https:\/\/temporada-alta.com\/es\/edicion-2005\/#primaryimage\"},\"thumbnailUrl\":\"https:\/\/temporada-alta.com\/wp-content\/uploads\/CartellTA05.jpg\",\"datePublished\":\"2024-11-18T08:54:09+00:00\",\"dateModified\":\"2025-02-24T14:54:41+00:00\",\"breadcrumb\":{\"@id\":\"https:\/\/temporada-alta.com\/es\/edicion-2005\/#breadcrumb\"},\"inLanguage\":\"es\",\"potentialAction\":[{\"@type\":\"ReadAction\",\"target\":[\"https:\/\/temporada-alta.com\/es\/edicion-2005\/\"]}]},{\"@type\":\"ImageObject\",\"inLanguage\":\"es\",\"@id\":\"https:\/\/temporada-alta.com\/es\/edicion-2005\/#primaryimage\",\"url\":\"https:\/\/temporada-alta.com\/wp-content\/uploads\/CartellTA05.jpg\",\"contentUrl\":\"https:\/\/temporada-alta.com\/wp-content\/uploads\/CartellTA05.jpg\"},{\"@type\":\"BreadcrumbList\",\"@id\":\"https:\/\/temporada-alta.com\/es\/edicion-2005\/#breadcrumb\",\"itemListElement\":[{\"@type\":\"ListItem\",\"position\":1,\"name\":\"Inici\",\"item\":\"https:\/\/temporada-alta.com\/es\/\"},{\"@type\":\"ListItem\",\"position\":2,\"name\":\"Edici\u00f3n 2005\"}]},{\"@type\":\"WebSite\",\"@id\":\"https:\/\/temporada-alta.com\/es\/#website\",\"url\":\"https:\/\/temporada-alta.com\/es\/\",\"name\":\"Temporada Alta\",\"description\":\"Festival d&#039;Arts Esc\u00e8niques\",\"publisher\":{\"@id\":\"https:\/\/temporada-alta.com\/es\/#organization\"},\"potentialAction\":[{\"@type\":\"SearchAction\",\"target\":{\"@type\":\"EntryPoint\",\"urlTemplate\":\"https:\/\/temporada-alta.com\/es\/?s={search_term_string}\"},\"query-input\":{\"@type\":\"PropertyValueSpecification\",\"valueRequired\":true,\"valueName\":\"search_term_string\"}}],\"inLanguage\":\"es\"},{\"@type\":\"Organization\",\"@id\":\"https:\/\/temporada-alta.com\/es\/#organization\",\"name\":\"Temporada Alta\",\"url\":\"https:\/\/temporada-alta.com\/es\/\",\"logo\":{\"@type\":\"ImageObject\",\"inLanguage\":\"es\",\"@id\":\"https:\/\/temporada-alta.com\/es\/#\/schema\/logo\/image\/\",\"url\":\"https:\/\/temporada-alta.com\/wp-content\/uploads\/TA21-Logotip-pos.png\",\"contentUrl\":\"https:\/\/temporada-alta.com\/wp-content\/uploads\/TA21-Logotip-pos.png\",\"width\":800,\"height\":267,\"caption\":\"Temporada Alta\"},\"image\":{\"@id\":\"https:\/\/temporada-alta.com\/es\/#\/schema\/logo\/image\/\"}}]}<\/script>\n<!-- \/ Yoast SEO plugin. -->","yoast_head_json":{"title":"Edici\u00f3n 2005 - Temporada Alta","robots":{"index":"index","follow":"follow","max-snippet":"max-snippet:-1","max-image-preview":"max-image-preview:large","max-video-preview":"max-video-preview:-1"},"canonical":"https:\/\/temporada-alta.com\/es\/edicion-2005\/","og_locale":"es_ES","og_type":"article","og_title":"Edici\u00f3n 2005 - Temporada Alta","og_description":"La Generalitat apuesta por Temporada Alta El convenio firmado con la Generalitat por cuatro a\u00f1os nos permite dise\u00f1ar...","og_url":"https:\/\/temporada-alta.com\/es\/edicion-2005\/","og_site_name":"Temporada Alta","article_modified_time":"2025-02-24T14:54:41+00:00","og_image":[{"width":640,"height":892,"url":"https:\/\/temporada-alta.com\/wp-content\/uploads\/CartellTA05.jpg","type":"image\/jpeg"}],"twitter_card":"summary_large_image","schema":{"@context":"https:\/\/schema.org","@graph":[{"@type":"WebPage","@id":"https:\/\/temporada-alta.com\/es\/edicion-2005\/","url":"https:\/\/temporada-alta.com\/es\/edicion-2005\/","name":"Edici\u00f3n 2005 - Temporada Alta","isPartOf":{"@id":"https:\/\/temporada-alta.com\/es\/#website"},"primaryImageOfPage":{"@id":"https:\/\/temporada-alta.com\/es\/edicion-2005\/#primaryimage"},"image":{"@id":"https:\/\/temporada-alta.com\/es\/edicion-2005\/#primaryimage"},"thumbnailUrl":"https:\/\/temporada-alta.com\/wp-content\/uploads\/CartellTA05.jpg","datePublished":"2024-11-18T08:54:09+00:00","dateModified":"2025-02-24T14:54:41+00:00","breadcrumb":{"@id":"https:\/\/temporada-alta.com\/es\/edicion-2005\/#breadcrumb"},"inLanguage":"es","potentialAction":[{"@type":"ReadAction","target":["https:\/\/temporada-alta.com\/es\/edicion-2005\/"]}]},{"@type":"ImageObject","inLanguage":"es","@id":"https:\/\/temporada-alta.com\/es\/edicion-2005\/#primaryimage","url":"https:\/\/temporada-alta.com\/wp-content\/uploads\/CartellTA05.jpg","contentUrl":"https:\/\/temporada-alta.com\/wp-content\/uploads\/CartellTA05.jpg"},{"@type":"BreadcrumbList","@id":"https:\/\/temporada-alta.com\/es\/edicion-2005\/#breadcrumb","itemListElement":[{"@type":"ListItem","position":1,"name":"Inici","item":"https:\/\/temporada-alta.com\/es\/"},{"@type":"ListItem","position":2,"name":"Edici\u00f3n 2005"}]},{"@type":"WebSite","@id":"https:\/\/temporada-alta.com\/es\/#website","url":"https:\/\/temporada-alta.com\/es\/","name":"Temporada Alta","description":"Festival d&#039;Arts Esc\u00e8niques","publisher":{"@id":"https:\/\/temporada-alta.com\/es\/#organization"},"potentialAction":[{"@type":"SearchAction","target":{"@type":"EntryPoint","urlTemplate":"https:\/\/temporada-alta.com\/es\/?s={search_term_string}"},"query-input":{"@type":"PropertyValueSpecification","valueRequired":true,"valueName":"search_term_string"}}],"inLanguage":"es"},{"@type":"Organization","@id":"https:\/\/temporada-alta.com\/es\/#organization","name":"Temporada Alta","url":"https:\/\/temporada-alta.com\/es\/","logo":{"@type":"ImageObject","inLanguage":"es","@id":"https:\/\/temporada-alta.com\/es\/#\/schema\/logo\/image\/","url":"https:\/\/temporada-alta.com\/wp-content\/uploads\/TA21-Logotip-pos.png","contentUrl":"https:\/\/temporada-alta.com\/wp-content\/uploads\/TA21-Logotip-pos.png","width":800,"height":267,"caption":"Temporada Alta"},"image":{"@id":"https:\/\/temporada-alta.com\/es\/#\/schema\/logo\/image\/"}}]}},"_links":{"self":[{"href":"https:\/\/temporada-alta.com\/es\/wp-json\/wp\/v2\/pages\/98456","targetHints":{"allow":["GET"]}}],"collection":[{"href":"https:\/\/temporada-alta.com\/es\/wp-json\/wp\/v2\/pages"}],"about":[{"href":"https:\/\/temporada-alta.com\/es\/wp-json\/wp\/v2\/types\/page"}],"author":[{"embeddable":true,"href":"https:\/\/temporada-alta.com\/es\/wp-json\/wp\/v2\/users\/35132"}],"replies":[{"embeddable":true,"href":"https:\/\/temporada-alta.com\/es\/wp-json\/wp\/v2\/comments?post=98456"}],"version-history":[{"count":2,"href":"https:\/\/temporada-alta.com\/es\/wp-json\/wp\/v2\/pages\/98456\/revisions"}],"predecessor-version":[{"id":99628,"href":"https:\/\/temporada-alta.com\/es\/wp-json\/wp\/v2\/pages\/98456\/revisions\/99628"}],"wp:attachment":[{"href":"https:\/\/temporada-alta.com\/es\/wp-json\/wp\/v2\/media?parent=98456"}],"curies":[{"name":"wp","href":"https:\/\/api.w.org\/{rel}","templated":true}]}}