{"id":98444,"date":"2024-11-18T09:35:43","date_gmt":"2024-11-18T08:35:43","guid":{"rendered":"https:\/\/temporada-alta.com\/?page_id=98444"},"modified":"2025-02-24T15:48:09","modified_gmt":"2025-02-24T14:48:09","slug":"edicion-2006","status":"publish","type":"page","link":"https:\/\/temporada-alta.com\/es\/edicion-2006\/","title":{"rendered":"Edici\u00f3n 2006"},"content":{"rendered":"<div id=\"modal-ready\">\n<h3 class=\"wp-block-heading\"><strong>Temporada Alta, Festival de Oto\u00f1o de Catalunya<\/strong><\/h3>\n\n\n\n<p>Nos convertimos oficialmente en el Festival de Oto\u00f1o de Catalunya. El mismo a\u00f1o se inaugura el remodelado Teatro Municipal de Girona con el espect\u00e1culo <em>La noche justo antes de los bosques<\/em>, de \u00c0lex Rigola, con un reparto de lujo encabezado por Josep Maria Pou, Pere Arquillu\u00e9, Francesc Orella, Andreu Benito, Jordi Bosch y Llu\u00eds Homar.<\/p>\n\n\n\n<p>Espectaculos:<strong>&nbsp;68<\/strong> (con cinema incluido)<br>Coproducciones: <strong>21<\/strong><br>Estrenos:<strong>&nbsp;42<\/strong><br>Espectadores: <strong>32.425&nbsp;<\/strong>(total) \/ <strong>91,65%<\/strong>&nbsp;(ocupaci\u00f3n)<br>Sales: <strong>8<\/strong>&nbsp;(+ cinema)<br>Presupuesto: <strong>1.427.239,45<\/strong>&nbsp;\u20ac<\/p>\n\n\n\n<div class=\"wp-block-columns are-vertically-aligned-center is-layout-flex wp-container-core-columns-is-layout-28f84493 wp-block-columns-is-layout-flex\">\n<div class=\"wp-block-column is-vertically-aligned-center is-layout-flow wp-block-column-is-layout-flow\">\n<figure class=\"wp-block-image size-full is-resized\"><img loading=\"lazy\" decoding=\"async\" width=\"600\" height=\"354\" src=\"https:\/\/temporada-alta.com\/wp-content\/uploads\/TA2006.jpg\" alt=\"\" class=\"wp-image-31548\" style=\"width:423px;height:auto\" srcset=\"https:\/\/temporada-alta.com\/wp-content\/uploads\/TA2006.jpg 600w, https:\/\/temporada-alta.com\/wp-content\/uploads\/TA2006-300x177.jpg 300w\" sizes=\"auto, (max-width: 600px) 100vw, 600px\" \/><\/figure>\n<\/div>\n\n\n\n<div class=\"wp-block-column is-vertically-aligned-center is-layout-flow wp-block-column-is-layout-flow\">\n<h2 class=\"wp-block-heading\" style=\"margin-top:0;margin-bottom:0;padding-top:0;padding-bottom:0\"><span style=\"font-size: 2.14286rem; text-transform: inherit;\"><strong>Cartel\u00a02006, Joan Fontcuberta<\/strong><\/span><\/h2>\n\n\n\n<p style=\"margin-top:0;margin-bottom:0;padding-top:0;padding-bottom:0\">Joan Fontcuberta investiga sobre la fotograf\u00eda y su significaci\u00f3n cultural desde varios frentes, como el ensayo te\u00f3rico, la docencia, la divulgaci\u00f3n y la producci\u00f3n art\u00edstica: es autor y editor de los libros sobre est\u00e9tica de la fotograf\u00eda <em>El beso de Judas<\/em> (1997) y <em>Fotograf\u00eda: Crisis de historia<\/em> (2002), entre otros t\u00edtulos. Imparte clases en centros europeos y norteamericanos, y actualmente es profesor de Estudios de Comunicaci\u00f3n Audiovisual de la Universidad Pompeu Fabra de Barcelona; en 1980 funda la revista <em>Photovision<\/em>, adem\u00e1s de colaborar en numerosas publicaciones y iniciativas culturales, como la Primavera Fotogr\u00e0fica de Barcelona, de la cual es cofundador; realiza numerosas exposiciones individuales en Europa, Estados Unidos y Jap\u00f3n, en centros como el Institut Valenci\u00e0 d\u2019Art Modern (1992), The Museum of Modern Art de Nueva York (1988) y el Museum of Art de Fukui (1999), y su obra est\u00e1 presente en colecciones en todo el mundo. Entre otras distinciones importantes, en 1998 recibe el Premio Nacional de Fotograf\u00eda, otorgado por el Ministerio de Cultura espa\u00f1ol.<\/p>\n\n\n\n<p style=\"margin-top:0;margin-bottom:0;padding-top:0;padding-bottom:0\"><\/p>\n<\/div>\n<\/div>\n\n\n\n<p>La obra fotogr\u00e1fica de Joan Fontcuberta gira entorno a los l\u00edmites entre la realidad y la ficci\u00f3n. Entendiendo la fotograf\u00eda m\u00e1s como una cultura de la visi\u00f3n que como mera t\u00e9cnica, traduce im\u00e1genes cotidianas en documentos de lo imposible. Aquello que la raz\u00f3n y el empirismo y sus taxonom\u00edas organizan y delimitan, en la obra de este artista se ampl\u00eda: animales que la zoolog\u00eda negar\u00eda (en la serie <em>Fauna secreta<\/em>, 1996, con Pere Formiguera), eventos hist\u00f3ricos que las cr\u00f3nicas oficiales no recogen (<em>Sputnik<\/em>, 1997), fen\u00f3menos m\u00e1gicos contrarios a las leyes de la ciencia (<em>Car\u00e8lia: Miracles &amp; Co<\/em>., 2002), o indicios de la existencia f\u00edsica de seres mitol\u00f3gicos (<em>La sirena del Tormes<\/em>, 2006), en todos los casos im\u00e1genes con apariencias tan factible que necesariamente acaban poniendo en crisis la funci\u00f3n documental de la fotograf\u00eda y su gran poder de convicci\u00f3n, reclamando as\u00ed al espectador una actitud cr\u00edtica hacia lo que ve, porqu\u00e9 la verosimilitud no siempre equivale a la verdad.<\/p>\n\n\n\n<p><strong>Pere Parramon<\/strong><\/p>\n\n\n\n<p><a href=\"https:\/\/drive.google.com\/file\/d\/1Bt0s0ixCfcp27Vy5_7QYT0ceT9c924p_\/view?usp=sharing\">Descarga el cartel<\/a><\/p>\n<\/div>","protected":false},"excerpt":{"rendered":"<p>Temporada Alta, Festival de Oto\u00f1o de Catalunya Nos convertimos oficialmente en el Festival de Oto\u00f1o de Catalunya. El&#8230;<\/p>\n","protected":false},"author":35132,"featured_media":0,"parent":0,"menu_order":0,"comment_status":"closed","ping_status":"closed","template":"","meta":{"_acf_changed":false,"footnotes":""},"class_list":["post-98444","page","type-page","status-publish","hentry"],"acf":[],"yoast_head":"<!-- This site is optimized with the Yoast SEO plugin v27.0 - https:\/\/yoast.com\/product\/yoast-seo-wordpress\/ -->\n<title>Edici\u00f3n 2006 - Temporada Alta<\/title>\n<meta name=\"robots\" content=\"index, follow, max-snippet:-1, max-image-preview:large, max-video-preview:-1\" \/>\n<link rel=\"canonical\" href=\"https:\/\/temporada-alta.com\/es\/edicion-2006\/\" \/>\n<meta property=\"og:locale\" content=\"es_ES\" \/>\n<meta property=\"og:type\" content=\"article\" \/>\n<meta property=\"og:title\" content=\"Edici\u00f3n 2006 - Temporada Alta\" \/>\n<meta property=\"og:description\" content=\"Temporada Alta, Festival de Oto\u00f1o de Catalunya Nos convertimos oficialmente en el Festival de Oto\u00f1o de Catalunya. El...\" \/>\n<meta property=\"og:url\" content=\"https:\/\/temporada-alta.com\/es\/edicion-2006\/\" \/>\n<meta property=\"og:site_name\" content=\"Temporada Alta\" \/>\n<meta property=\"article:modified_time\" content=\"2025-02-24T14:48:09+00:00\" \/>\n<meta property=\"og:image\" content=\"https:\/\/temporada-alta.com\/wp-content\/uploads\/TA2006.jpg\" \/>\n\t<meta property=\"og:image:width\" content=\"600\" \/>\n\t<meta property=\"og:image:height\" content=\"354\" \/>\n\t<meta property=\"og:image:type\" content=\"image\/jpeg\" \/>\n<meta name=\"twitter:card\" content=\"summary_large_image\" \/>\n<script type=\"application\/ld+json\" class=\"yoast-schema-graph\">{\"@context\":\"https:\/\/schema.org\",\"@graph\":[{\"@type\":\"WebPage\",\"@id\":\"https:\/\/temporada-alta.com\/es\/edicion-2006\/\",\"url\":\"https:\/\/temporada-alta.com\/es\/edicion-2006\/\",\"name\":\"Edici\u00f3n 2006 - Temporada Alta\",\"isPartOf\":{\"@id\":\"https:\/\/temporada-alta.com\/es\/#website\"},\"primaryImageOfPage\":{\"@id\":\"https:\/\/temporada-alta.com\/es\/edicion-2006\/#primaryimage\"},\"image\":{\"@id\":\"https:\/\/temporada-alta.com\/es\/edicion-2006\/#primaryimage\"},\"thumbnailUrl\":\"https:\/\/temporada-alta.com\/wp-content\/uploads\/TA2006.jpg\",\"datePublished\":\"2024-11-18T08:35:43+00:00\",\"dateModified\":\"2025-02-24T14:48:09+00:00\",\"breadcrumb\":{\"@id\":\"https:\/\/temporada-alta.com\/es\/edicion-2006\/#breadcrumb\"},\"inLanguage\":\"es\",\"potentialAction\":[{\"@type\":\"ReadAction\",\"target\":[\"https:\/\/temporada-alta.com\/es\/edicion-2006\/\"]}]},{\"@type\":\"ImageObject\",\"inLanguage\":\"es\",\"@id\":\"https:\/\/temporada-alta.com\/es\/edicion-2006\/#primaryimage\",\"url\":\"https:\/\/temporada-alta.com\/wp-content\/uploads\/TA2006.jpg\",\"contentUrl\":\"https:\/\/temporada-alta.com\/wp-content\/uploads\/TA2006.jpg\"},{\"@type\":\"BreadcrumbList\",\"@id\":\"https:\/\/temporada-alta.com\/es\/edicion-2006\/#breadcrumb\",\"itemListElement\":[{\"@type\":\"ListItem\",\"position\":1,\"name\":\"Inici\",\"item\":\"https:\/\/temporada-alta.com\/es\/\"},{\"@type\":\"ListItem\",\"position\":2,\"name\":\"Edici\u00f3n 2006\"}]},{\"@type\":\"WebSite\",\"@id\":\"https:\/\/temporada-alta.com\/es\/#website\",\"url\":\"https:\/\/temporada-alta.com\/es\/\",\"name\":\"Temporada Alta\",\"description\":\"Festival d&#039;Arts Esc\u00e8niques\",\"publisher\":{\"@id\":\"https:\/\/temporada-alta.com\/es\/#organization\"},\"potentialAction\":[{\"@type\":\"SearchAction\",\"target\":{\"@type\":\"EntryPoint\",\"urlTemplate\":\"https:\/\/temporada-alta.com\/es\/?s={search_term_string}\"},\"query-input\":{\"@type\":\"PropertyValueSpecification\",\"valueRequired\":true,\"valueName\":\"search_term_string\"}}],\"inLanguage\":\"es\"},{\"@type\":\"Organization\",\"@id\":\"https:\/\/temporada-alta.com\/es\/#organization\",\"name\":\"Temporada Alta\",\"url\":\"https:\/\/temporada-alta.com\/es\/\",\"logo\":{\"@type\":\"ImageObject\",\"inLanguage\":\"es\",\"@id\":\"https:\/\/temporada-alta.com\/es\/#\/schema\/logo\/image\/\",\"url\":\"https:\/\/temporada-alta.com\/wp-content\/uploads\/TA21-Logotip-pos.png\",\"contentUrl\":\"https:\/\/temporada-alta.com\/wp-content\/uploads\/TA21-Logotip-pos.png\",\"width\":800,\"height\":267,\"caption\":\"Temporada Alta\"},\"image\":{\"@id\":\"https:\/\/temporada-alta.com\/es\/#\/schema\/logo\/image\/\"}}]}<\/script>\n<!-- \/ Yoast SEO plugin. -->","yoast_head_json":{"title":"Edici\u00f3n 2006 - Temporada Alta","robots":{"index":"index","follow":"follow","max-snippet":"max-snippet:-1","max-image-preview":"max-image-preview:large","max-video-preview":"max-video-preview:-1"},"canonical":"https:\/\/temporada-alta.com\/es\/edicion-2006\/","og_locale":"es_ES","og_type":"article","og_title":"Edici\u00f3n 2006 - Temporada Alta","og_description":"Temporada Alta, Festival de Oto\u00f1o de Catalunya Nos convertimos oficialmente en el Festival de Oto\u00f1o de Catalunya. El...","og_url":"https:\/\/temporada-alta.com\/es\/edicion-2006\/","og_site_name":"Temporada Alta","article_modified_time":"2025-02-24T14:48:09+00:00","og_image":[{"width":600,"height":354,"url":"https:\/\/temporada-alta.com\/wp-content\/uploads\/TA2006.jpg","type":"image\/jpeg"}],"twitter_card":"summary_large_image","schema":{"@context":"https:\/\/schema.org","@graph":[{"@type":"WebPage","@id":"https:\/\/temporada-alta.com\/es\/edicion-2006\/","url":"https:\/\/temporada-alta.com\/es\/edicion-2006\/","name":"Edici\u00f3n 2006 - Temporada Alta","isPartOf":{"@id":"https:\/\/temporada-alta.com\/es\/#website"},"primaryImageOfPage":{"@id":"https:\/\/temporada-alta.com\/es\/edicion-2006\/#primaryimage"},"image":{"@id":"https:\/\/temporada-alta.com\/es\/edicion-2006\/#primaryimage"},"thumbnailUrl":"https:\/\/temporada-alta.com\/wp-content\/uploads\/TA2006.jpg","datePublished":"2024-11-18T08:35:43+00:00","dateModified":"2025-02-24T14:48:09+00:00","breadcrumb":{"@id":"https:\/\/temporada-alta.com\/es\/edicion-2006\/#breadcrumb"},"inLanguage":"es","potentialAction":[{"@type":"ReadAction","target":["https:\/\/temporada-alta.com\/es\/edicion-2006\/"]}]},{"@type":"ImageObject","inLanguage":"es","@id":"https:\/\/temporada-alta.com\/es\/edicion-2006\/#primaryimage","url":"https:\/\/temporada-alta.com\/wp-content\/uploads\/TA2006.jpg","contentUrl":"https:\/\/temporada-alta.com\/wp-content\/uploads\/TA2006.jpg"},{"@type":"BreadcrumbList","@id":"https:\/\/temporada-alta.com\/es\/edicion-2006\/#breadcrumb","itemListElement":[{"@type":"ListItem","position":1,"name":"Inici","item":"https:\/\/temporada-alta.com\/es\/"},{"@type":"ListItem","position":2,"name":"Edici\u00f3n 2006"}]},{"@type":"WebSite","@id":"https:\/\/temporada-alta.com\/es\/#website","url":"https:\/\/temporada-alta.com\/es\/","name":"Temporada Alta","description":"Festival d&#039;Arts Esc\u00e8niques","publisher":{"@id":"https:\/\/temporada-alta.com\/es\/#organization"},"potentialAction":[{"@type":"SearchAction","target":{"@type":"EntryPoint","urlTemplate":"https:\/\/temporada-alta.com\/es\/?s={search_term_string}"},"query-input":{"@type":"PropertyValueSpecification","valueRequired":true,"valueName":"search_term_string"}}],"inLanguage":"es"},{"@type":"Organization","@id":"https:\/\/temporada-alta.com\/es\/#organization","name":"Temporada Alta","url":"https:\/\/temporada-alta.com\/es\/","logo":{"@type":"ImageObject","inLanguage":"es","@id":"https:\/\/temporada-alta.com\/es\/#\/schema\/logo\/image\/","url":"https:\/\/temporada-alta.com\/wp-content\/uploads\/TA21-Logotip-pos.png","contentUrl":"https:\/\/temporada-alta.com\/wp-content\/uploads\/TA21-Logotip-pos.png","width":800,"height":267,"caption":"Temporada Alta"},"image":{"@id":"https:\/\/temporada-alta.com\/es\/#\/schema\/logo\/image\/"}}]}},"_links":{"self":[{"href":"https:\/\/temporada-alta.com\/es\/wp-json\/wp\/v2\/pages\/98444","targetHints":{"allow":["GET"]}}],"collection":[{"href":"https:\/\/temporada-alta.com\/es\/wp-json\/wp\/v2\/pages"}],"about":[{"href":"https:\/\/temporada-alta.com\/es\/wp-json\/wp\/v2\/types\/page"}],"author":[{"embeddable":true,"href":"https:\/\/temporada-alta.com\/es\/wp-json\/wp\/v2\/users\/35132"}],"replies":[{"embeddable":true,"href":"https:\/\/temporada-alta.com\/es\/wp-json\/wp\/v2\/comments?post=98444"}],"version-history":[{"count":2,"href":"https:\/\/temporada-alta.com\/es\/wp-json\/wp\/v2\/pages\/98444\/revisions"}],"predecessor-version":[{"id":99621,"href":"https:\/\/temporada-alta.com\/es\/wp-json\/wp\/v2\/pages\/98444\/revisions\/99621"}],"wp:attachment":[{"href":"https:\/\/temporada-alta.com\/es\/wp-json\/wp\/v2\/media?parent=98444"}],"curies":[{"name":"wp","href":"https:\/\/api.w.org\/{rel}","templated":true}]}}