{"id":98419,"date":"2024-11-15T17:06:55","date_gmt":"2024-11-15T16:06:55","guid":{"rendered":"https:\/\/temporada-alta.com\/?page_id=98419"},"modified":"2025-02-24T15:13:16","modified_gmt":"2025-02-24T14:13:16","slug":"edicion-2009","status":"publish","type":"page","link":"https:\/\/temporada-alta.com\/es\/edicion-2009\/","title":{"rendered":"Edici\u00f3n 2009"},"content":{"rendered":"<div id=\"modal-ready\">\n<h3 class=\"wp-block-heading\"><strong>Temporada Alta, un festival europeo<\/strong><\/h3>\n\n\n\n<p>La prensa y la cr\u00edtica consideran esta edici\u00f3n como una de las mejores, tanto por el aumento de los espectadores como por la gran calidad de las propuestas presentadas y estrenadas en el marco del Festival. La Uni\u00f3n Europea nos da apoyo a trav\u00e9s de las ayudas econ\u00f3micas del programa Interreg IV. Pasan por Temporada Alta artistas como William Kentridge, Declan Donnellan, Peter Brook, Daniel Veronese, Claudio Tolcachir, Sidi Larbi, Maria Pag\u00e9s, Krystian Lupa, The Watermill Theatre, Slava Polunin, Ute Lemper y Christoph Marthaler.<br><\/p>\n\n\n\n<p>Espectaculos:<strong>&nbsp;74<\/strong>&nbsp;(+ cinema)<br>Coproducciones: <strong>28<\/strong><br>Estrenos:<strong>&nbsp;47&nbsp;<\/strong>(+ 1 cinema)<br>Espectadores: <strong>44.962&nbsp;<\/strong>(total) \/ <strong>90,66%<\/strong>&nbsp;(ocupaci\u00f3n)<br>Sales: 1<strong>2<\/strong>&nbsp;(+ cinema + calle)<br>Presupuesto: <strong>2.628.648,84<\/strong>&nbsp;\u20ac<\/p>\n\n\n\n<div class=\"wp-block-columns are-vertically-aligned-center has-white-color has-black-background-color has-text-color has-background has-link-color wp-elements-584fdf827e5bfcf9702f2589aa98f271 is-layout-flex wp-container-core-columns-is-layout-28f84493 wp-block-columns-is-layout-flex\">\n<div class=\"wp-block-column is-vertically-aligned-center is-layout-flow wp-block-column-is-layout-flow\">\n<figure class=\"wp-block-image size-full\"><img loading=\"lazy\" decoding=\"async\" width=\"600\" height=\"354\" src=\"https:\/\/temporada-alta.com\/wp-content\/uploads\/MP-047.jpg\" alt=\"\" class=\"wp-image-29322\" srcset=\"https:\/\/temporada-alta.com\/wp-content\/uploads\/MP-047.jpg 600w, https:\/\/temporada-alta.com\/wp-content\/uploads\/MP-047-300x177.jpg 300w\" sizes=\"auto, (max-width: 600px) 100vw, 600px\" \/><\/figure>\n<\/div>\n\n\n\n<div class=\"wp-block-column is-vertically-aligned-center is-layout-flow wp-block-column-is-layout-flow\">\n<h2 class=\"wp-block-heading has-text-align-center has-white-color has-text-color has-link-color wp-elements-07bf85a7f7d3b5bec9039621d8ff103f\"><strong>Documentos<\/strong><\/h2>\n\n\n\n<div class=\"wp-block-buttons is-vertical is-content-justification-center is-layout-flex wp-container-core-buttons-is-layout-0a0d504e wp-block-buttons-is-layout-flex\" style=\"margin-top:0;margin-bottom:0\">\n<div class=\"wp-block-button\"><a class=\"wp-block-button__link wp-element-button\" href=\"https:\/\/drive.google.com\/file\/d\/1TKrHi-Y4UVuyEa6wF-PgLtdbqoLtS3KE\/view?usp=sharing\" style=\"border-width:1px\">dosier presentaci\u00f3n<\/a><\/div>\n\n\n\n<div class=\"wp-block-button\"><a class=\"wp-block-button__link wp-element-button\" href=\"https:\/\/drive.google.com\/file\/d\/1bb1nMOp6bZoIcgLN8yzgerIzW6AHHekv\/view?usp=sharing\" style=\"border-width:1px\">balance de cierre<\/a><\/div>\n<\/div>\n<\/div>\n<\/div>\n\n\n\n<div class=\"wp-block-columns are-vertically-aligned-center is-layout-flex wp-container-core-columns-is-layout-28f84493 wp-block-columns-is-layout-flex\">\n<div class=\"wp-block-column is-vertically-aligned-center is-layout-flow wp-block-column-is-layout-flow\">\n<figure class=\"wp-block-image size-full is-resized\"><img loading=\"lazy\" decoding=\"async\" width=\"600\" height=\"354\" src=\"https:\/\/temporada-alta.com\/wp-content\/uploads\/TA2009.jpg\" alt=\"\" class=\"wp-image-29312\" style=\"width:423px;height:auto\" srcset=\"https:\/\/temporada-alta.com\/wp-content\/uploads\/TA2009.jpg 600w, https:\/\/temporada-alta.com\/wp-content\/uploads\/TA2009-300x177.jpg 300w\" sizes=\"auto, (max-width: 600px) 100vw, 600px\" \/><\/figure>\n<\/div>\n\n\n\n<div class=\"wp-block-column is-vertically-aligned-center is-layout-flow wp-block-column-is-layout-flow\">\n<h2 class=\"wp-block-heading\" style=\"margin-top:0;margin-bottom:0;padding-top:0;padding-bottom:0\"><span style=\"font-size: 2.14286rem; text-transform: inherit;\"><strong>Cartel\u00a02009, Antoni Miralda<\/strong><\/span><\/h2>\n\n\n\n<p style=\"margin-top:0;margin-bottom:0;padding-top:0;padding-bottom:0\">Vive el Par\u00eds de la d\u00e9cada de 1960 trabajando como fot\u00f3grafo de moda para la revista <em>Elle<\/em>. Las primeras obras del artista se conocen como objetos \u201cassemblage\u201d que parten de la acumulaci\u00f3n de soldaditos de pl\u00e1stico blanco. Es en Par\u00eds donde comienza a realizar proyectos en los que introduce el ceremonial de la comida a partir del color y su simbolismo.<br>Reside en Nueva York desde la d\u00e9cada de 1970 hasta la de 1990. Trabaja incidiendo en el espacio p\u00fablico centr\u00e1ndose en lo comestible, como el proyecto urbano <em>Wheat &amp; Steak<\/em> (1981) en Kansas City, una met\u00e1fora de la cosecha en el contexto norteamericano.<br>Cabe destacar el <em>Honeymoon Project<\/em> (1986-1992), que consisti\u00f3 en la celebraci\u00f3n de la boda imaginaria de la Estatua de la Libertad y el Monumento a Col\u00f3n de Barcelona, a trav\u00e9s del cual quiso explorar la fusi\u00f3n cultural entre el Nuevo y el Viejo Mundo, con la creaci\u00f3n a tama\u00f1o real de los monumentos del ajuar de los novios. Dentro de este proyecto, se llevaron a cabo intervenciones en Nueva York, Barcelona, Venecia, Tokio, Par\u00eds, Miami, Las Vegas etc. y en \u00e9l participaron diversos artistas invitados.<\/p>\n<\/div>\n<\/div>\n\n\n\n<p>Con la chef Montse Guill\u00e9n, cre\u00f3 el reconocido restaurante El Internacional, en Tribeca, Nueva York y m\u00e1s tarde, el Big Fish Mayaimi, en Miami River.<br>Fue el creador del Food Pavilion de la Expo 2000 de Hannover, a partir del concepto de la \u201cComida como cultura\u201d. Pudieron verse piezas como la <em>Infinity Table<\/em>, <em>Laptop Altar<\/em> y <em>Lengua de lenguas<\/em> y fue uno de los pabellones m\u00e1s visitados de la Expo 2000 de Hannover.<br>Actualmente vive entre Miami y Barcelona, dedicado al FoodCulturaMuseum. Creado en el a\u00f1o 2000 por Miralda y Guill\u00e9n como un \u201cmuseo sin paredes\u201d, tiene como objetivo explorar, conservar y difundir la cultura de la comida a nivel internacional.<br>Miralda-FoodCulturaMuseum cuenta con una amplia trayectoria de proyectos, entre los cuales cabe destacar <em>Sabores y lenguas<\/em>, basado en la investigaci\u00f3n, la participaci\u00f3n colectiva y la reflexi\u00f3n al entorno de la riqueza gastro-cultural de diversas ciudades: Lima, La Habana (IX Bienal), Buenos Aires, Sao Paulo (27\u00aa Bienal) y M\u00e9xico, entre otras.<br>FoodCulturaMuseum se ha constituido como archivo y fundaci\u00f3n privada sin af\u00e1n de lucro con dos sedes, una en Barcelona y otra en Miami, donde se conservan y se enriquecen las colecciones FoodCultura: objetos, gr\u00e1ficos, audiovisuales, libros, m\u00fasica, ejemplos del lenguaje popular, documentos, etc.<\/p>\n\n\n\n<p><br><a href=\"https:\/\/drive.google.com\/file\/d\/1J6nzthGrK_DMQtfYuFFZu1M8IMioUmMW\/view?usp=sharing\">Descarga el cartel<\/a><\/p>\n\n\n\n<h2 class=\"wp-block-heading\"><strong>Corto 2009<\/strong><\/h2>\n\n\n\n<figure class=\"wp-block-embed is-type-video is-provider-youtube wp-block-embed-youtube wp-embed-aspect-16-9 wp-has-aspect-ratio\"><div class=\"wp-block-embed__wrapper\">\n<iframe loading=\"lazy\" title=\"Espot Temporada Alta Girona Salt 2009 (20 segons)\" width=\"500\" height=\"281\" src=\"https:\/\/www.youtube.com\/embed\/6Oum-i3YaVg?feature=oembed\" frameborder=\"0\" allow=\"accelerometer; autoplay; clipboard-write; encrypted-media; gyroscope; picture-in-picture; web-share\" referrerpolicy=\"strict-origin-when-cross-origin\" allowfullscreen><\/iframe>\n<\/div><\/figure>\n<\/div>","protected":false},"excerpt":{"rendered":"<p>Temporada Alta, un festival europeo La prensa y la cr\u00edtica consideran esta edici\u00f3n como una de las mejores,&#8230;<\/p>\n","protected":false},"author":35132,"featured_media":0,"parent":0,"menu_order":0,"comment_status":"closed","ping_status":"closed","template":"","meta":{"_acf_changed":false,"footnotes":""},"class_list":["post-98419","page","type-page","status-publish","hentry"],"acf":[],"yoast_head":"<!-- This site is optimized with the Yoast SEO plugin v27.0 - https:\/\/yoast.com\/product\/yoast-seo-wordpress\/ -->\n<title>Edici\u00f3n 2009 - Temporada Alta<\/title>\n<meta name=\"robots\" content=\"index, follow, max-snippet:-1, max-image-preview:large, max-video-preview:-1\" \/>\n<link rel=\"canonical\" href=\"https:\/\/temporada-alta.com\/es\/edicion-2009\/\" \/>\n<meta property=\"og:locale\" content=\"es_ES\" \/>\n<meta property=\"og:type\" content=\"article\" \/>\n<meta property=\"og:title\" content=\"Edici\u00f3n 2009 - Temporada Alta\" \/>\n<meta property=\"og:description\" content=\"Temporada Alta, un festival europeo La prensa y la cr\u00edtica consideran esta edici\u00f3n como una de las mejores,...\" \/>\n<meta property=\"og:url\" content=\"https:\/\/temporada-alta.com\/es\/edicion-2009\/\" \/>\n<meta property=\"og:site_name\" content=\"Temporada Alta\" \/>\n<meta property=\"article:modified_time\" content=\"2025-02-24T14:13:16+00:00\" \/>\n<meta property=\"og:image\" content=\"https:\/\/temporada-alta.com\/wp-content\/uploads\/MP-047.jpg\" \/>\n\t<meta property=\"og:image:width\" content=\"600\" \/>\n\t<meta property=\"og:image:height\" content=\"354\" \/>\n\t<meta property=\"og:image:type\" content=\"image\/jpeg\" \/>\n<meta name=\"twitter:card\" content=\"summary_large_image\" \/>\n<script type=\"application\/ld+json\" class=\"yoast-schema-graph\">{\"@context\":\"https:\/\/schema.org\",\"@graph\":[{\"@type\":\"WebPage\",\"@id\":\"https:\/\/temporada-alta.com\/es\/edicion-2009\/\",\"url\":\"https:\/\/temporada-alta.com\/es\/edicion-2009\/\",\"name\":\"Edici\u00f3n 2009 - Temporada Alta\",\"isPartOf\":{\"@id\":\"https:\/\/temporada-alta.com\/es\/#website\"},\"primaryImageOfPage\":{\"@id\":\"https:\/\/temporada-alta.com\/es\/edicion-2009\/#primaryimage\"},\"image\":{\"@id\":\"https:\/\/temporada-alta.com\/es\/edicion-2009\/#primaryimage\"},\"thumbnailUrl\":\"https:\/\/temporada-alta.com\/wp-content\/uploads\/MP-047.jpg\",\"datePublished\":\"2024-11-15T16:06:55+00:00\",\"dateModified\":\"2025-02-24T14:13:16+00:00\",\"breadcrumb\":{\"@id\":\"https:\/\/temporada-alta.com\/es\/edicion-2009\/#breadcrumb\"},\"inLanguage\":\"es\",\"potentialAction\":[{\"@type\":\"ReadAction\",\"target\":[\"https:\/\/temporada-alta.com\/es\/edicion-2009\/\"]}]},{\"@type\":\"ImageObject\",\"inLanguage\":\"es\",\"@id\":\"https:\/\/temporada-alta.com\/es\/edicion-2009\/#primaryimage\",\"url\":\"https:\/\/temporada-alta.com\/wp-content\/uploads\/MP-047.jpg\",\"contentUrl\":\"https:\/\/temporada-alta.com\/wp-content\/uploads\/MP-047.jpg\"},{\"@type\":\"BreadcrumbList\",\"@id\":\"https:\/\/temporada-alta.com\/es\/edicion-2009\/#breadcrumb\",\"itemListElement\":[{\"@type\":\"ListItem\",\"position\":1,\"name\":\"Inici\",\"item\":\"https:\/\/temporada-alta.com\/es\/\"},{\"@type\":\"ListItem\",\"position\":2,\"name\":\"Edici\u00f3n 2009\"}]},{\"@type\":\"WebSite\",\"@id\":\"https:\/\/temporada-alta.com\/es\/#website\",\"url\":\"https:\/\/temporada-alta.com\/es\/\",\"name\":\"Temporada Alta\",\"description\":\"Festival d&#039;Arts Esc\u00e8niques\",\"publisher\":{\"@id\":\"https:\/\/temporada-alta.com\/es\/#organization\"},\"potentialAction\":[{\"@type\":\"SearchAction\",\"target\":{\"@type\":\"EntryPoint\",\"urlTemplate\":\"https:\/\/temporada-alta.com\/es\/?s={search_term_string}\"},\"query-input\":{\"@type\":\"PropertyValueSpecification\",\"valueRequired\":true,\"valueName\":\"search_term_string\"}}],\"inLanguage\":\"es\"},{\"@type\":\"Organization\",\"@id\":\"https:\/\/temporada-alta.com\/es\/#organization\",\"name\":\"Temporada Alta\",\"url\":\"https:\/\/temporada-alta.com\/es\/\",\"logo\":{\"@type\":\"ImageObject\",\"inLanguage\":\"es\",\"@id\":\"https:\/\/temporada-alta.com\/es\/#\/schema\/logo\/image\/\",\"url\":\"https:\/\/temporada-alta.com\/wp-content\/uploads\/TA21-Logotip-pos.png\",\"contentUrl\":\"https:\/\/temporada-alta.com\/wp-content\/uploads\/TA21-Logotip-pos.png\",\"width\":800,\"height\":267,\"caption\":\"Temporada Alta\"},\"image\":{\"@id\":\"https:\/\/temporada-alta.com\/es\/#\/schema\/logo\/image\/\"}}]}<\/script>\n<!-- \/ Yoast SEO plugin. -->","yoast_head_json":{"title":"Edici\u00f3n 2009 - Temporada Alta","robots":{"index":"index","follow":"follow","max-snippet":"max-snippet:-1","max-image-preview":"max-image-preview:large","max-video-preview":"max-video-preview:-1"},"canonical":"https:\/\/temporada-alta.com\/es\/edicion-2009\/","og_locale":"es_ES","og_type":"article","og_title":"Edici\u00f3n 2009 - Temporada Alta","og_description":"Temporada Alta, un festival europeo La prensa y la cr\u00edtica consideran esta edici\u00f3n como una de las mejores,...","og_url":"https:\/\/temporada-alta.com\/es\/edicion-2009\/","og_site_name":"Temporada Alta","article_modified_time":"2025-02-24T14:13:16+00:00","og_image":[{"width":600,"height":354,"url":"https:\/\/temporada-alta.com\/wp-content\/uploads\/MP-047.jpg","type":"image\/jpeg"}],"twitter_card":"summary_large_image","schema":{"@context":"https:\/\/schema.org","@graph":[{"@type":"WebPage","@id":"https:\/\/temporada-alta.com\/es\/edicion-2009\/","url":"https:\/\/temporada-alta.com\/es\/edicion-2009\/","name":"Edici\u00f3n 2009 - Temporada Alta","isPartOf":{"@id":"https:\/\/temporada-alta.com\/es\/#website"},"primaryImageOfPage":{"@id":"https:\/\/temporada-alta.com\/es\/edicion-2009\/#primaryimage"},"image":{"@id":"https:\/\/temporada-alta.com\/es\/edicion-2009\/#primaryimage"},"thumbnailUrl":"https:\/\/temporada-alta.com\/wp-content\/uploads\/MP-047.jpg","datePublished":"2024-11-15T16:06:55+00:00","dateModified":"2025-02-24T14:13:16+00:00","breadcrumb":{"@id":"https:\/\/temporada-alta.com\/es\/edicion-2009\/#breadcrumb"},"inLanguage":"es","potentialAction":[{"@type":"ReadAction","target":["https:\/\/temporada-alta.com\/es\/edicion-2009\/"]}]},{"@type":"ImageObject","inLanguage":"es","@id":"https:\/\/temporada-alta.com\/es\/edicion-2009\/#primaryimage","url":"https:\/\/temporada-alta.com\/wp-content\/uploads\/MP-047.jpg","contentUrl":"https:\/\/temporada-alta.com\/wp-content\/uploads\/MP-047.jpg"},{"@type":"BreadcrumbList","@id":"https:\/\/temporada-alta.com\/es\/edicion-2009\/#breadcrumb","itemListElement":[{"@type":"ListItem","position":1,"name":"Inici","item":"https:\/\/temporada-alta.com\/es\/"},{"@type":"ListItem","position":2,"name":"Edici\u00f3n 2009"}]},{"@type":"WebSite","@id":"https:\/\/temporada-alta.com\/es\/#website","url":"https:\/\/temporada-alta.com\/es\/","name":"Temporada Alta","description":"Festival d&#039;Arts Esc\u00e8niques","publisher":{"@id":"https:\/\/temporada-alta.com\/es\/#organization"},"potentialAction":[{"@type":"SearchAction","target":{"@type":"EntryPoint","urlTemplate":"https:\/\/temporada-alta.com\/es\/?s={search_term_string}"},"query-input":{"@type":"PropertyValueSpecification","valueRequired":true,"valueName":"search_term_string"}}],"inLanguage":"es"},{"@type":"Organization","@id":"https:\/\/temporada-alta.com\/es\/#organization","name":"Temporada Alta","url":"https:\/\/temporada-alta.com\/es\/","logo":{"@type":"ImageObject","inLanguage":"es","@id":"https:\/\/temporada-alta.com\/es\/#\/schema\/logo\/image\/","url":"https:\/\/temporada-alta.com\/wp-content\/uploads\/TA21-Logotip-pos.png","contentUrl":"https:\/\/temporada-alta.com\/wp-content\/uploads\/TA21-Logotip-pos.png","width":800,"height":267,"caption":"Temporada Alta"},"image":{"@id":"https:\/\/temporada-alta.com\/es\/#\/schema\/logo\/image\/"}}]}},"_links":{"self":[{"href":"https:\/\/temporada-alta.com\/es\/wp-json\/wp\/v2\/pages\/98419","targetHints":{"allow":["GET"]}}],"collection":[{"href":"https:\/\/temporada-alta.com\/es\/wp-json\/wp\/v2\/pages"}],"about":[{"href":"https:\/\/temporada-alta.com\/es\/wp-json\/wp\/v2\/types\/page"}],"author":[{"embeddable":true,"href":"https:\/\/temporada-alta.com\/es\/wp-json\/wp\/v2\/users\/35132"}],"replies":[{"embeddable":true,"href":"https:\/\/temporada-alta.com\/es\/wp-json\/wp\/v2\/comments?post=98419"}],"version-history":[{"count":2,"href":"https:\/\/temporada-alta.com\/es\/wp-json\/wp\/v2\/pages\/98419\/revisions"}],"predecessor-version":[{"id":99601,"href":"https:\/\/temporada-alta.com\/es\/wp-json\/wp\/v2\/pages\/98419\/revisions\/99601"}],"wp:attachment":[{"href":"https:\/\/temporada-alta.com\/es\/wp-json\/wp\/v2\/media?parent=98419"}],"curies":[{"name":"wp","href":"https:\/\/api.w.org\/{rel}","templated":true}]}}