{"id":98401,"date":"2024-11-15T15:43:48","date_gmt":"2024-11-15T14:43:48","guid":{"rendered":"https:\/\/temporada-alta.com\/?page_id=98401"},"modified":"2025-02-24T15:02:52","modified_gmt":"2025-02-24T14:02:52","slug":"edicion-2011","status":"publish","type":"page","link":"https:\/\/temporada-alta.com\/es\/edicion-2011\/","title":{"rendered":"Edici\u00f3n 2011"},"content":{"rendered":"<div id=\"modal-ready\">\n<h3 class=\"wp-block-heading\"><strong>Temporada Alta cumple 20 a\u00f1os<\/strong><\/h3>\n\n\n\n<p>Mantenemos la l\u00ednea ascendente, tanto en lo referente a cantidad de espect\u00e1culos como a la calidad de muchos de los estrenos. Aumenta considerablemente el n\u00famero total de espectadores e incluso el \u00edndice de ocupaci\u00f3n. En esta edici\u00f3n intentamos explorar nuevos caminos que podr\u00edan marcar las futuras l\u00edneas de acci\u00f3n con El Canal y creamos el Torneo de Dramaturgia Catalana. Nos visitan artistas como Daniel Veronese, Mario Gas, Pau Mir\u00f3, Krystian Lupa, Marta Carrasco, Cristopher Marthaler, S\u00edlvia P\u00e9rez Cruz, Jordi Galceran, Jordi Casanovas y Carles Santos, Ricardo Bart\u00eds, Propeller, Lev Dodin, Les 7 doigts de la main, entre otros.<br><\/p>\n\n\n\n<p>Espectaculos:<strong>&nbsp;89<\/strong> (+ cinema)<br>Coproducciones:<strong> 31<\/strong><br>Estrenos:<strong>&nbsp;56&nbsp;<\/strong><br>Espectadores: <strong>68.635&nbsp;<\/strong>(total) \/ <strong>93,33%<\/strong>&nbsp;(ocupaci\u00f3n)<br>Sales: <strong>13&nbsp;<\/strong>(+ cinema)<br>Presupuesto: <strong>3.026.306,29<\/strong>&nbsp;\u20ac<\/p>\n\n\n\n<div class=\"wp-block-columns are-vertically-aligned-center has-white-color has-black-background-color has-text-color has-background has-link-color wp-elements-866a9204a09c9c7820c2e5b96a098c6d is-layout-flex wp-container-core-columns-is-layout-28f84493 wp-block-columns-is-layout-flex\">\n<div class=\"wp-block-column is-vertically-aligned-center is-layout-flow wp-block-column-is-layout-flow\">\n<figure class=\"wp-block-image size-full\"><img loading=\"lazy\" decoding=\"async\" width=\"600\" height=\"354\" src=\"https:\/\/temporada-alta.com\/wp-content\/uploads\/3040-0441bx-1.jpg\" alt=\"\" class=\"wp-image-29198\" srcset=\"https:\/\/temporada-alta.com\/wp-content\/uploads\/3040-0441bx-1.jpg 600w, https:\/\/temporada-alta.com\/wp-content\/uploads\/3040-0441bx-1-300x177.jpg 300w\" sizes=\"auto, (max-width: 600px) 100vw, 600px\" \/><\/figure>\n<\/div>\n\n\n\n<div class=\"wp-block-column is-vertically-aligned-center is-layout-flow wp-block-column-is-layout-flow\">\n<h2 class=\"wp-block-heading has-text-align-center has-white-color has-text-color has-link-color wp-elements-07bf85a7f7d3b5bec9039621d8ff103f\"><strong>Documentos<\/strong><\/h2>\n\n\n\n<div class=\"wp-block-buttons is-vertical is-content-justification-center is-layout-flex wp-container-core-buttons-is-layout-0a0d504e wp-block-buttons-is-layout-flex\" style=\"margin-top:0;margin-bottom:0\">\n<div class=\"wp-block-button\"><a class=\"wp-block-button__link wp-element-button\" href=\"https:\/\/drive.google.com\/file\/d\/1zU-uRGiTJmdBN0BvVOrt3ExcoV7vz-Tk\/view\" style=\"border-width:1px\">dossier presentaci\u00f3n<\/a><\/div>\n\n\n\n<div class=\"wp-block-button\"><a class=\"wp-block-button__link wp-element-button\" href=\"https:\/\/drive.google.com\/file\/d\/1F8McxZM5reDMAzUa4_mEmcAtAvUZdBYx\/view\" style=\"border-width:1px\">balan\u00e7 de tancament<\/a><\/div>\n<\/div>\n<\/div>\n<\/div>\n\n\n\n<div class=\"wp-block-columns are-vertically-aligned-center is-layout-flex wp-container-core-columns-is-layout-28f84493 wp-block-columns-is-layout-flex\">\n<div class=\"wp-block-column is-vertically-aligned-center is-layout-flow wp-block-column-is-layout-flow\">\n<figure class=\"wp-block-image size-full is-resized\"><img loading=\"lazy\" decoding=\"async\" width=\"600\" height=\"354\" src=\"https:\/\/temporada-alta.com\/wp-content\/uploads\/TA2011.jpg\" alt=\"\" class=\"wp-image-29199\" style=\"width:423px;height:auto\" srcset=\"https:\/\/temporada-alta.com\/wp-content\/uploads\/TA2011.jpg 600w, https:\/\/temporada-alta.com\/wp-content\/uploads\/TA2011-300x177.jpg 300w\" sizes=\"auto, (max-width: 600px) 100vw, 600px\" \/><\/figure>\n<\/div>\n\n\n\n<div class=\"wp-block-column is-vertically-aligned-center is-layout-flow wp-block-column-is-layout-flow\">\n<h2 class=\"wp-block-heading\" style=\"margin-top:0;margin-bottom:0;padding-top:0;padding-bottom:0\"><span style=\"font-size: 2.14286rem; text-transform: inherit;\"><strong>Cartell\u00a02011, Santi Moix <\/strong><\/span><strong><span style=\"font-size: 2.14286rem; text-transform: inherit;\">\u00a0<\/span><\/strong><\/h2>\n\n\n\n<p style=\"margin-top:0;margin-bottom:0;padding-top:0;padding-bottom:0\">No aburrir, ser constante, ser claro. No perder la personalidad y, a la vez, profundizar en el propio trabajo. Las premisas con las que trabaja Santi Moix tambi\u00e9n se podr\u00edan escuchar en boca de un director de teatro. De hecho, a Moix le gustar\u00eda hacer la escenograf\u00eda de una \u00f3pera. Un <em>Turandot <\/em>o un <em>Trist\u00e1n y Isolda<\/em>, por ejemplo. Lo har\u00eda para evadirse, para huir de las muchas horas que un artista se pasa trabajando en la soledad m\u00e1s absoluta. Para divertirse. Seguro que le gustar\u00eda hablar por igual con los cantantes c\u00f3mo con los t\u00e9cnicos. Les explicar\u00eda, quiz\u00e1s, que conoci\u00f3 a Fellini, otro loco del teatro y del circo. Se encontraron en Italia, cuando era un adolescente con una extraordinaria facilidad por el dibujo.<\/p>\n<\/div>\n<\/div>\n\n\n\n<p>A pesar de que la pintura de Moix es abstracta, no ha dejado nunca de dibujar. En el cartel que ha creado para la vig\u00e9sima edici\u00f3n del festival Temporada Alta \u2013 Festival de Oto\u00f1o de Catalunya conviven estas dos vertientes, el abstracto y el figurativo. Hac\u00eda mucho tiempo que quer\u00eda reunirlos, pero nunca encontraba el momento. Hace cinco a\u00f1os, al fin, mientras trabajaba en una serie de cer\u00e1micas en Marruecos observ\u00f3 los burros cargados de las mercanc\u00edas m\u00e1s diversas. Y poco despu\u00e9s sorprendi\u00f3 a todo el mundo con una serie de pinturas protagonizadas por burros de culo (un detalle que los grandes maestros como Vel\u00e1zquez disfrutaban pintando y que demostraba su destreza, afirma Moix) cargados de las formas que caracterizan su estilo. Poco despu\u00e9s hizo una serie de grabados sobre don Quijote. Los personajes que aparecen al cartel del festival parecen estar inspirados en la multitud de personajes que los habitan, o en los que viven en las acuarelas que ha hecho para una edici\u00f3n de <em>Huckelberry Finn<\/em>, de Mark Twain. De Joan Junceda a Picasso, Dal\u00ed, Mir\u00f3, Goya o Delaxroix, la n\u00f3mina de artistas de los cuales se ha nutrido es ingente. A la elecci\u00f3n de Santi Moix para hacer el cartel de la vig\u00e9sima edici\u00f3n de Temporada Alta se le pueden encontrar muchas lecturas. Sus obras, como el teatro, son sencillas y a la vez voluptuosas, exuberantes. Son modernas, pero han hecho un largo recorrido antes de llegar aqu\u00ed. El rostro dormido que ha dibujado entre las otras figuras del cartel, como si fueran ruinas olvidadas al fondo del mar, sue\u00f1a obras que todav\u00eda est\u00e1n para escribir, y para pintar.<\/p>\n\n\n\n<p><strong>Antoni Ribas<\/strong><\/p>\n\n\n\n<p><a href=\"https:\/\/drive.google.com\/file\/d\/1Tjmk3q0C0aDmd6yL3sTUrJZhMKrntU7d\/view?usp=sharing\">Descarga el cartel<\/a><\/p>\n\n\n\n<div class=\"wp-block-columns are-vertically-aligned-center is-layout-flex wp-container-core-columns-is-layout-28f84493 wp-block-columns-is-layout-flex\">\n<div class=\"wp-block-column is-vertically-aligned-center is-layout-flow wp-block-column-is-layout-flow\">\n<figure class=\"wp-block-image size-full\"><img loading=\"lazy\" decoding=\"async\" width=\"600\" height=\"354\" src=\"https:\/\/temporada-alta.com\/wp-content\/uploads\/Cr\u00edtico_3.jpg\" alt=\"\" class=\"wp-image-29202\" srcset=\"https:\/\/temporada-alta.com\/wp-content\/uploads\/Cr\u00edtico_3.jpg 600w, https:\/\/temporada-alta.com\/wp-content\/uploads\/Cr\u00edtico_3-300x177.jpg 300w\" sizes=\"auto, (max-width: 600px) 100vw, 600px\" \/><\/figure>\n<\/div>\n\n\n\n<div class=\"wp-block-column is-vertically-aligned-center is-layout-flow wp-block-column-is-layout-flow\">\n<h2 class=\"wp-block-heading\"><strong>Corto 201<\/strong>1<\/h2>\n\n\n\n<p>Este corto se centra en el p\u00fablico y en la necesidad at\u00e1vica de la catarsis que tiene el hombre. Habla de una necesidad primaria del hombre de ahora y antes, que siempre lo ha movido a hacer teatro dentro las cuevas prehist\u00f3ricas, m\u00e1s adelante en los teatros de Grecia y hasta la actualidad. El videoclip recorre y pone \u00e9nfasis sobre la larga lista de expresiones faciales y corporales que cualquier p\u00fablico act\u00faa inconscientemente y de manera mec\u00e1nica. Una nariz que se arruga, unos ojos que no quieren mirar, unos dientes que destrozan una u\u00f1a, una lagrima que queremos disimular o una risa tan natural e infantil que no tiene miedo de ense\u00f1ar una dentadura precaria\u2026<\/p>\n\n\n\n<p>Una meta-empat\u00eda o, dicho de otra forma, simplemente una experiencia visual fascinante donde todos nos vemos reflexionados. Todo este recorrido sobre el lenguaje corporal podr\u00eda ser tambi\u00e9n un recorrido marcha atr\u00e1s a trav\u00e9s de la \u201chistoria\u201d, donde cada personaje y cada cara representa una etapa hist\u00f3rica desde la actualidad hasta la prehistoria.<\/p>\n<\/div>\n<\/div>\n\n\n\n<figure class=\"wp-block-embed is-type-video is-provider-youtube wp-block-embed-youtube wp-embed-aspect-16-9 wp-has-aspect-ratio\"><div class=\"wp-block-embed__wrapper\">\n<iframe loading=\"lazy\" title=\"Espot Llarg Temporada Alta 2011\" width=\"500\" height=\"281\" src=\"https:\/\/www.youtube.com\/embed\/tv6-3NR7Xs8?feature=oembed\" frameborder=\"0\" allow=\"accelerometer; autoplay; clipboard-write; encrypted-media; gyroscope; picture-in-picture; web-share\" referrerpolicy=\"strict-origin-when-cross-origin\" allowfullscreen><\/iframe>\n<\/div><\/figure>\n<\/div>","protected":false},"excerpt":{"rendered":"<p>Temporada Alta cumple 20 a\u00f1os Mantenemos la l\u00ednea ascendente, tanto en lo referente a cantidad de espect\u00e1culos como&#8230;<\/p>\n","protected":false},"author":35132,"featured_media":0,"parent":0,"menu_order":0,"comment_status":"closed","ping_status":"closed","template":"","meta":{"_acf_changed":false,"footnotes":""},"class_list":["post-98401","page","type-page","status-publish","hentry"],"acf":[],"yoast_head":"<!-- This site is optimized with the Yoast SEO plugin v27.0 - https:\/\/yoast.com\/product\/yoast-seo-wordpress\/ -->\n<title>Edici\u00f3n 2011 - Temporada Alta<\/title>\n<meta name=\"robots\" content=\"index, follow, max-snippet:-1, max-image-preview:large, max-video-preview:-1\" \/>\n<link rel=\"canonical\" href=\"https:\/\/temporada-alta.com\/es\/edicion-2011\/\" \/>\n<meta property=\"og:locale\" content=\"es_ES\" \/>\n<meta property=\"og:type\" content=\"article\" \/>\n<meta property=\"og:title\" content=\"Edici\u00f3n 2011 - Temporada Alta\" \/>\n<meta property=\"og:description\" content=\"Temporada Alta cumple 20 a\u00f1os Mantenemos la l\u00ednea ascendente, tanto en lo referente a cantidad de espect\u00e1culos como...\" \/>\n<meta property=\"og:url\" content=\"https:\/\/temporada-alta.com\/es\/edicion-2011\/\" \/>\n<meta property=\"og:site_name\" content=\"Temporada Alta\" \/>\n<meta property=\"article:modified_time\" content=\"2025-02-24T14:02:52+00:00\" \/>\n<meta property=\"og:image\" content=\"https:\/\/temporada-alta.com\/wp-content\/uploads\/3040-0441bx-1.jpg\" \/>\n\t<meta property=\"og:image:width\" content=\"600\" \/>\n\t<meta property=\"og:image:height\" content=\"354\" \/>\n\t<meta property=\"og:image:type\" content=\"image\/jpeg\" \/>\n<meta name=\"twitter:card\" content=\"summary_large_image\" \/>\n<script type=\"application\/ld+json\" class=\"yoast-schema-graph\">{\"@context\":\"https:\/\/schema.org\",\"@graph\":[{\"@type\":\"WebPage\",\"@id\":\"https:\/\/temporada-alta.com\/es\/edicion-2011\/\",\"url\":\"https:\/\/temporada-alta.com\/es\/edicion-2011\/\",\"name\":\"Edici\u00f3n 2011 - Temporada Alta\",\"isPartOf\":{\"@id\":\"https:\/\/temporada-alta.com\/es\/#website\"},\"primaryImageOfPage\":{\"@id\":\"https:\/\/temporada-alta.com\/es\/edicion-2011\/#primaryimage\"},\"image\":{\"@id\":\"https:\/\/temporada-alta.com\/es\/edicion-2011\/#primaryimage\"},\"thumbnailUrl\":\"https:\/\/temporada-alta.com\/wp-content\/uploads\/3040-0441bx-1.jpg\",\"datePublished\":\"2024-11-15T14:43:48+00:00\",\"dateModified\":\"2025-02-24T14:02:52+00:00\",\"breadcrumb\":{\"@id\":\"https:\/\/temporada-alta.com\/es\/edicion-2011\/#breadcrumb\"},\"inLanguage\":\"es\",\"potentialAction\":[{\"@type\":\"ReadAction\",\"target\":[\"https:\/\/temporada-alta.com\/es\/edicion-2011\/\"]}]},{\"@type\":\"ImageObject\",\"inLanguage\":\"es\",\"@id\":\"https:\/\/temporada-alta.com\/es\/edicion-2011\/#primaryimage\",\"url\":\"https:\/\/temporada-alta.com\/wp-content\/uploads\/3040-0441bx-1.jpg\",\"contentUrl\":\"https:\/\/temporada-alta.com\/wp-content\/uploads\/3040-0441bx-1.jpg\"},{\"@type\":\"BreadcrumbList\",\"@id\":\"https:\/\/temporada-alta.com\/es\/edicion-2011\/#breadcrumb\",\"itemListElement\":[{\"@type\":\"ListItem\",\"position\":1,\"name\":\"Inici\",\"item\":\"https:\/\/temporada-alta.com\/es\/\"},{\"@type\":\"ListItem\",\"position\":2,\"name\":\"Edici\u00f3n 2011\"}]},{\"@type\":\"WebSite\",\"@id\":\"https:\/\/temporada-alta.com\/es\/#website\",\"url\":\"https:\/\/temporada-alta.com\/es\/\",\"name\":\"Temporada Alta\",\"description\":\"Festival d&#039;Arts Esc\u00e8niques\",\"publisher\":{\"@id\":\"https:\/\/temporada-alta.com\/es\/#organization\"},\"potentialAction\":[{\"@type\":\"SearchAction\",\"target\":{\"@type\":\"EntryPoint\",\"urlTemplate\":\"https:\/\/temporada-alta.com\/es\/?s={search_term_string}\"},\"query-input\":{\"@type\":\"PropertyValueSpecification\",\"valueRequired\":true,\"valueName\":\"search_term_string\"}}],\"inLanguage\":\"es\"},{\"@type\":\"Organization\",\"@id\":\"https:\/\/temporada-alta.com\/es\/#organization\",\"name\":\"Temporada Alta\",\"url\":\"https:\/\/temporada-alta.com\/es\/\",\"logo\":{\"@type\":\"ImageObject\",\"inLanguage\":\"es\",\"@id\":\"https:\/\/temporada-alta.com\/es\/#\/schema\/logo\/image\/\",\"url\":\"https:\/\/temporada-alta.com\/wp-content\/uploads\/TA21-Logotip-pos.png\",\"contentUrl\":\"https:\/\/temporada-alta.com\/wp-content\/uploads\/TA21-Logotip-pos.png\",\"width\":800,\"height\":267,\"caption\":\"Temporada Alta\"},\"image\":{\"@id\":\"https:\/\/temporada-alta.com\/es\/#\/schema\/logo\/image\/\"}}]}<\/script>\n<!-- \/ Yoast SEO plugin. -->","yoast_head_json":{"title":"Edici\u00f3n 2011 - Temporada Alta","robots":{"index":"index","follow":"follow","max-snippet":"max-snippet:-1","max-image-preview":"max-image-preview:large","max-video-preview":"max-video-preview:-1"},"canonical":"https:\/\/temporada-alta.com\/es\/edicion-2011\/","og_locale":"es_ES","og_type":"article","og_title":"Edici\u00f3n 2011 - Temporada Alta","og_description":"Temporada Alta cumple 20 a\u00f1os Mantenemos la l\u00ednea ascendente, tanto en lo referente a cantidad de espect\u00e1culos como...","og_url":"https:\/\/temporada-alta.com\/es\/edicion-2011\/","og_site_name":"Temporada Alta","article_modified_time":"2025-02-24T14:02:52+00:00","og_image":[{"width":600,"height":354,"url":"https:\/\/temporada-alta.com\/wp-content\/uploads\/3040-0441bx-1.jpg","type":"image\/jpeg"}],"twitter_card":"summary_large_image","schema":{"@context":"https:\/\/schema.org","@graph":[{"@type":"WebPage","@id":"https:\/\/temporada-alta.com\/es\/edicion-2011\/","url":"https:\/\/temporada-alta.com\/es\/edicion-2011\/","name":"Edici\u00f3n 2011 - Temporada Alta","isPartOf":{"@id":"https:\/\/temporada-alta.com\/es\/#website"},"primaryImageOfPage":{"@id":"https:\/\/temporada-alta.com\/es\/edicion-2011\/#primaryimage"},"image":{"@id":"https:\/\/temporada-alta.com\/es\/edicion-2011\/#primaryimage"},"thumbnailUrl":"https:\/\/temporada-alta.com\/wp-content\/uploads\/3040-0441bx-1.jpg","datePublished":"2024-11-15T14:43:48+00:00","dateModified":"2025-02-24T14:02:52+00:00","breadcrumb":{"@id":"https:\/\/temporada-alta.com\/es\/edicion-2011\/#breadcrumb"},"inLanguage":"es","potentialAction":[{"@type":"ReadAction","target":["https:\/\/temporada-alta.com\/es\/edicion-2011\/"]}]},{"@type":"ImageObject","inLanguage":"es","@id":"https:\/\/temporada-alta.com\/es\/edicion-2011\/#primaryimage","url":"https:\/\/temporada-alta.com\/wp-content\/uploads\/3040-0441bx-1.jpg","contentUrl":"https:\/\/temporada-alta.com\/wp-content\/uploads\/3040-0441bx-1.jpg"},{"@type":"BreadcrumbList","@id":"https:\/\/temporada-alta.com\/es\/edicion-2011\/#breadcrumb","itemListElement":[{"@type":"ListItem","position":1,"name":"Inici","item":"https:\/\/temporada-alta.com\/es\/"},{"@type":"ListItem","position":2,"name":"Edici\u00f3n 2011"}]},{"@type":"WebSite","@id":"https:\/\/temporada-alta.com\/es\/#website","url":"https:\/\/temporada-alta.com\/es\/","name":"Temporada Alta","description":"Festival d&#039;Arts Esc\u00e8niques","publisher":{"@id":"https:\/\/temporada-alta.com\/es\/#organization"},"potentialAction":[{"@type":"SearchAction","target":{"@type":"EntryPoint","urlTemplate":"https:\/\/temporada-alta.com\/es\/?s={search_term_string}"},"query-input":{"@type":"PropertyValueSpecification","valueRequired":true,"valueName":"search_term_string"}}],"inLanguage":"es"},{"@type":"Organization","@id":"https:\/\/temporada-alta.com\/es\/#organization","name":"Temporada Alta","url":"https:\/\/temporada-alta.com\/es\/","logo":{"@type":"ImageObject","inLanguage":"es","@id":"https:\/\/temporada-alta.com\/es\/#\/schema\/logo\/image\/","url":"https:\/\/temporada-alta.com\/wp-content\/uploads\/TA21-Logotip-pos.png","contentUrl":"https:\/\/temporada-alta.com\/wp-content\/uploads\/TA21-Logotip-pos.png","width":800,"height":267,"caption":"Temporada Alta"},"image":{"@id":"https:\/\/temporada-alta.com\/es\/#\/schema\/logo\/image\/"}}]}},"_links":{"self":[{"href":"https:\/\/temporada-alta.com\/es\/wp-json\/wp\/v2\/pages\/98401","targetHints":{"allow":["GET"]}}],"collection":[{"href":"https:\/\/temporada-alta.com\/es\/wp-json\/wp\/v2\/pages"}],"about":[{"href":"https:\/\/temporada-alta.com\/es\/wp-json\/wp\/v2\/types\/page"}],"author":[{"embeddable":true,"href":"https:\/\/temporada-alta.com\/es\/wp-json\/wp\/v2\/users\/35132"}],"replies":[{"embeddable":true,"href":"https:\/\/temporada-alta.com\/es\/wp-json\/wp\/v2\/comments?post=98401"}],"version-history":[{"count":3,"href":"https:\/\/temporada-alta.com\/es\/wp-json\/wp\/v2\/pages\/98401\/revisions"}],"predecessor-version":[{"id":99591,"href":"https:\/\/temporada-alta.com\/es\/wp-json\/wp\/v2\/pages\/98401\/revisions\/99591"}],"wp:attachment":[{"href":"https:\/\/temporada-alta.com\/es\/wp-json\/wp\/v2\/media?parent=98401"}],"curies":[{"name":"wp","href":"https:\/\/api.w.org\/{rel}","templated":true}]}}