{"id":98355,"date":"2024-11-15T13:02:06","date_gmt":"2024-11-15T12:02:06","guid":{"rendered":"https:\/\/temporada-alta.com\/?page_id=98355"},"modified":"2025-02-24T14:58:10","modified_gmt":"2025-02-24T13:58:10","slug":"edicion-2012","status":"publish","type":"page","link":"https:\/\/temporada-alta.com\/es\/edicion-2012\/","title":{"rendered":"Edici\u00f3n 2012"},"content":{"rendered":"<div id=\"modal-ready\">\n<h3 class=\"wp-block-heading\"><strong>Temporada Alta, un festival de futuro<\/strong><\/h3>\n\n\n\n<p>Colocamos las bases de lo que deber\u00e1 ser el Festival del futuro. Contamos con un presupuesto un 30% inferior al del a\u00f1o anterior y esto marca la programaci\u00f3n. Se rebaja el n\u00famero de espect\u00e1culos (un 30%) y de funciones para centrarse en lo que creemos que deber\u00e1n ser las l\u00edneas de futuro: dar m\u00e1s relieve a la creaci\u00f3n contempor\u00e1nea, ampliar las relaciones internacionales, potenciar la autor\u00eda catalana y trabajar m\u00e1s intensamente con los dem\u00e1s agentes catalanes. Algunos de los artistas destacados de esta edici\u00f3n son Bla\u00ef Mateu, Angelica Liddell, La Zaranda, Sol Pic\u00f3, Zimmerman &amp; Perrot, Sidi Larbi Cherkaoui, William Forsythe, Fabrice Murgia.<\/p>\n\n\n\n<p>Espectaculos:<strong>\u00a080<\/strong> (+ cinema)<br>Coproducciones: <strong>21<\/strong><br>Estrenos:<strong>\u00a043\u00a0<\/strong><br>Espectadores: <strong>47.081\u00a0<\/strong>(total) \/ <strong>90,02%<\/strong>\u00a0(ocupaci\u00f3n)<br>Sales: <strong>13\u00a0<\/strong>(+ cinema)<br>Presupuesto: <strong>2.025.453,62\u00a0\u20ac<\/strong><\/p>\n\n\n\n<div class=\"wp-block-buttons is-content-justification-center is-layout-flex wp-container-core-buttons-is-layout-a89b3969 wp-block-buttons-is-layout-flex\">\n<div class=\"wp-block-button\"><a class=\"wp-block-button__link has-black-color has-white-background-color has-text-color has-background has-link-color wp-element-button\" href=\"https:\/\/temporada-alta.com\/events\/category\/2012\/\" style=\"border-width:1px\" rel=\" nofollow\">PROGRAMACI\u00d3n 2012<\/a><\/div>\n<\/div>\n\n\n\n<div class=\"wp-block-columns are-vertically-aligned-center has-white-color has-black-background-color has-text-color has-background has-link-color wp-elements-d0629e04ce178bf133d903f52d946558 is-layout-flex wp-container-core-columns-is-layout-28f84493 wp-block-columns-is-layout-flex\">\n<div class=\"wp-block-column is-vertically-aligned-center is-layout-flow wp-block-column-is-layout-flow\">\n<figure class=\"wp-block-image size-full\"><img loading=\"lazy\" decoding=\"async\" width=\"600\" height=\"354\" src=\"https:\/\/temporada-alta.com\/wp-content\/uploads\/lazaranda_1_vic.jpg\" alt=\"\" class=\"wp-image-29115\" srcset=\"https:\/\/temporada-alta.com\/wp-content\/uploads\/lazaranda_1_vic.jpg 600w, https:\/\/temporada-alta.com\/wp-content\/uploads\/lazaranda_1_vic-300x177.jpg 300w\" sizes=\"auto, (max-width: 600px) 100vw, 600px\" \/><\/figure>\n<\/div>\n\n\n\n<div class=\"wp-block-column is-vertically-aligned-center is-layout-flow wp-block-column-is-layout-flow\">\n<h2 class=\"wp-block-heading has-text-align-center has-white-color has-text-color has-link-color wp-elements-07bf85a7f7d3b5bec9039621d8ff103f\"><strong>Documentos<\/strong><\/h2>\n\n\n\n<div class=\"wp-block-buttons is-vertical is-content-justification-center is-layout-flex wp-container-core-buttons-is-layout-0a0d504e wp-block-buttons-is-layout-flex\" style=\"margin-top:0;margin-bottom:0\">\n<div class=\"wp-block-button\"><a class=\"wp-block-button__link wp-element-button\" href=\"https:\/\/drive.google.com\/file\/d\/1n5ehx_LQdzDDprZUoPKVzDwfJHzomt91\/view\" style=\"border-width:1px\">dossier presentaci\u00f3n<\/a><\/div>\n\n\n\n<div class=\"wp-block-button\"><a class=\"wp-block-button__link wp-element-button\" href=\"https:\/\/drive.google.com\/file\/d\/15B1FiiTJf1lgNShHI5s9fIL5_8OuFzq_\/view\" style=\"border-width:1px\">balan\u00e7 de tancament<\/a><\/div>\n<\/div>\n<\/div>\n<\/div>\n\n\n\n<div class=\"wp-block-columns are-vertically-aligned-center is-layout-flex wp-container-core-columns-is-layout-28f84493 wp-block-columns-is-layout-flex\">\n<div class=\"wp-block-column is-vertically-aligned-center is-layout-flow wp-block-column-is-layout-flow\">\n<figure class=\"wp-block-image size-full is-resized\"><img loading=\"lazy\" decoding=\"async\" width=\"580\" height=\"387\" src=\"https:\/\/temporada-alta.com\/wp-content\/uploads\/noti_cartell.jpg\" alt=\"\" class=\"wp-image-21732\" style=\"width:423px;height:auto\" srcset=\"https:\/\/temporada-alta.com\/wp-content\/uploads\/noti_cartell.jpg 580w, https:\/\/temporada-alta.com\/wp-content\/uploads\/noti_cartell-300x200.jpg 300w\" sizes=\"auto, (max-width: 580px) 100vw, 580px\" \/><\/figure>\n<\/div>\n\n\n\n<div class=\"wp-block-column is-vertically-aligned-center is-layout-flow wp-block-column-is-layout-flow\">\n<h2 class=\"wp-block-heading\" style=\"margin-top:0;margin-bottom:0;padding-top:0;padding-bottom:0\"><span style=\"font-size: 2.14286rem; text-transform: inherit;\"><strong>Cartel&nbsp;2012, Francesc Torres<\/strong><\/span><\/h2>\n\n\n\n<p style=\"margin-top:0;margin-bottom:0;padding-top:0;padding-bottom:0\">El fot\u00f3grafo Francesc Torres (Barcelona 1948) es el autor de la imagen que ilustra el cartel de la vigesimoprimera edici\u00f3n del Festival Temporada Alta que empezar\u00e1 el pr\u00f3ximo 4 de octubre.<br>Torres es autor, entre otros, de la reciente instalaci\u00f3n <em>Mem\u00f2ria fragmentada: 11-S NY Artefactes a l\u2019Hangar 17<\/em>. En este caso ha utilizado una fotograf\u00eda que hizo su hija con la primera c\u00e1mara digital que tuvo. La imagen en movimiento se acompa\u00f1a de la descripci\u00f3n en relieve de Temporada Alta donde Alta acompa\u00f1a el movimiento ascendente de la ni\u00f1a divirti\u00e9ndose en una atracci\u00f3n de feria de tal manera que parece la imagen de un saltimbanqui.&nbsp;<\/p>\n<\/div>\n<\/div>\n\n\n\n<p>El cartel de Temporada Alta 2012 se completa con la aplicaci\u00f3n del nuevo logotipo del festival que ha creado el equipo de dise\u00f1adores de Elpulpo Studio.<\/p>\n\n\n\n<p><a href=\"https:\/\/drive.google.com\/file\/d\/1UCoyZFQ-3UOVgm8TXzD1ZkFbQcFd7539\/view?usp=sharing\">Descarga el cartel<\/a><\/p>\n\n\n\n<div class=\"wp-block-columns are-vertically-aligned-center is-layout-flex wp-container-core-columns-is-layout-28f84493 wp-block-columns-is-layout-flex\">\n<div class=\"wp-block-column is-vertically-aligned-center is-layout-flow wp-block-column-is-layout-flow\">\n<figure class=\"wp-block-image size-full\"><img loading=\"lazy\" decoding=\"async\" width=\"600\" height=\"354\" src=\"https:\/\/temporada-alta.com\/wp-content\/uploads\/sin-tYutulo-11-1.jpg\" alt=\"\" class=\"wp-image-29132\" srcset=\"https:\/\/temporada-alta.com\/wp-content\/uploads\/sin-tYutulo-11-1.jpg 600w, https:\/\/temporada-alta.com\/wp-content\/uploads\/sin-tYutulo-11-1-300x177.jpg 300w\" sizes=\"auto, (max-width: 600px) 100vw, 600px\" \/><\/figure>\n<\/div>\n\n\n\n<div class=\"wp-block-column is-vertically-aligned-center is-layout-flow wp-block-column-is-layout-flow\">\n<h2 class=\"wp-block-heading\"><strong>Curt 2012<\/strong><\/h2>\n\n\n\n<p>El spot con el cual, este a\u00f1o, se promociona Temporada Alta no explica que es el festival, sino el marco en el cual se ha hecho: un pa\u00eds cansado y econ\u00f3micamente exhausto que forma parte de una Europa que corre el riesgo de pensar en el pasado en lugar de dise\u00f1ar su futuro. La pieza publicitaria, firmada por el estudio Nanouk Films, se ha registrado en un geri\u00e1trico de la ciudad de Girona y cuenta con la participaci\u00f3n de la soprano marta Matheu.<br><\/p>\n<\/div>\n<\/div>\n\n\n\n<figure class=\"wp-block-embed is-type-video is-provider-youtube wp-block-embed-youtube wp-embed-aspect-16-9 wp-has-aspect-ratio\"><div class=\"wp-block-embed__wrapper\">\n<iframe loading=\"lazy\" title=\"Espot Temporada Alta 2012\" width=\"500\" height=\"281\" src=\"https:\/\/www.youtube.com\/embed\/Is4MSQ9uN4k?feature=oembed\" frameborder=\"0\" allow=\"accelerometer; autoplay; clipboard-write; encrypted-media; gyroscope; picture-in-picture; web-share\" referrerpolicy=\"strict-origin-when-cross-origin\" allowfullscreen><\/iframe>\n<\/div><\/figure>\n<\/div>","protected":false},"excerpt":{"rendered":"<p>Temporada Alta, un festival de futuro Colocamos las bases de lo que deber\u00e1 ser el Festival del futuro&#8230;.<\/p>\n","protected":false},"author":35132,"featured_media":0,"parent":0,"menu_order":0,"comment_status":"closed","ping_status":"closed","template":"","meta":{"_acf_changed":false,"footnotes":""},"class_list":["post-98355","page","type-page","status-publish","hentry"],"acf":[],"yoast_head":"<!-- This site is optimized with the Yoast SEO plugin v27.0 - https:\/\/yoast.com\/product\/yoast-seo-wordpress\/ -->\n<title>Edici\u00f3n 2012 - Temporada Alta<\/title>\n<meta name=\"robots\" content=\"index, follow, max-snippet:-1, max-image-preview:large, max-video-preview:-1\" \/>\n<link rel=\"canonical\" href=\"https:\/\/temporada-alta.com\/es\/edicion-2012\/\" \/>\n<meta property=\"og:locale\" content=\"es_ES\" \/>\n<meta property=\"og:type\" content=\"article\" \/>\n<meta property=\"og:title\" content=\"Edici\u00f3n 2012 - Temporada Alta\" \/>\n<meta property=\"og:description\" content=\"Temporada Alta, un festival de futuro Colocamos las bases de lo que deber\u00e1 ser el Festival del futuro....\" \/>\n<meta property=\"og:url\" content=\"https:\/\/temporada-alta.com\/es\/edicion-2012\/\" \/>\n<meta property=\"og:site_name\" content=\"Temporada Alta\" \/>\n<meta property=\"article:modified_time\" content=\"2025-02-24T13:58:10+00:00\" \/>\n<meta property=\"og:image\" content=\"https:\/\/temporada-alta.com\/wp-content\/uploads\/lazaranda_1_vic.jpg\" \/>\n\t<meta property=\"og:image:width\" content=\"600\" \/>\n\t<meta property=\"og:image:height\" content=\"354\" \/>\n\t<meta property=\"og:image:type\" content=\"image\/jpeg\" \/>\n<meta name=\"twitter:card\" content=\"summary_large_image\" \/>\n<script type=\"application\/ld+json\" class=\"yoast-schema-graph\">{\"@context\":\"https:\/\/schema.org\",\"@graph\":[{\"@type\":\"WebPage\",\"@id\":\"https:\/\/temporada-alta.com\/es\/edicion-2012\/\",\"url\":\"https:\/\/temporada-alta.com\/es\/edicion-2012\/\",\"name\":\"Edici\u00f3n 2012 - Temporada Alta\",\"isPartOf\":{\"@id\":\"https:\/\/temporada-alta.com\/es\/#website\"},\"primaryImageOfPage\":{\"@id\":\"https:\/\/temporada-alta.com\/es\/edicion-2012\/#primaryimage\"},\"image\":{\"@id\":\"https:\/\/temporada-alta.com\/es\/edicion-2012\/#primaryimage\"},\"thumbnailUrl\":\"https:\/\/temporada-alta.com\/wp-content\/uploads\/lazaranda_1_vic.jpg\",\"datePublished\":\"2024-11-15T12:02:06+00:00\",\"dateModified\":\"2025-02-24T13:58:10+00:00\",\"breadcrumb\":{\"@id\":\"https:\/\/temporada-alta.com\/es\/edicion-2012\/#breadcrumb\"},\"inLanguage\":\"es\",\"potentialAction\":[{\"@type\":\"ReadAction\",\"target\":[\"https:\/\/temporada-alta.com\/es\/edicion-2012\/\"]}]},{\"@type\":\"ImageObject\",\"inLanguage\":\"es\",\"@id\":\"https:\/\/temporada-alta.com\/es\/edicion-2012\/#primaryimage\",\"url\":\"https:\/\/temporada-alta.com\/wp-content\/uploads\/lazaranda_1_vic.jpg\",\"contentUrl\":\"https:\/\/temporada-alta.com\/wp-content\/uploads\/lazaranda_1_vic.jpg\"},{\"@type\":\"BreadcrumbList\",\"@id\":\"https:\/\/temporada-alta.com\/es\/edicion-2012\/#breadcrumb\",\"itemListElement\":[{\"@type\":\"ListItem\",\"position\":1,\"name\":\"Inici\",\"item\":\"https:\/\/temporada-alta.com\/es\/\"},{\"@type\":\"ListItem\",\"position\":2,\"name\":\"Edici\u00f3n 2012\"}]},{\"@type\":\"WebSite\",\"@id\":\"https:\/\/temporada-alta.com\/es\/#website\",\"url\":\"https:\/\/temporada-alta.com\/es\/\",\"name\":\"Temporada Alta\",\"description\":\"Festival d&#039;Arts Esc\u00e8niques\",\"publisher\":{\"@id\":\"https:\/\/temporada-alta.com\/es\/#organization\"},\"potentialAction\":[{\"@type\":\"SearchAction\",\"target\":{\"@type\":\"EntryPoint\",\"urlTemplate\":\"https:\/\/temporada-alta.com\/es\/?s={search_term_string}\"},\"query-input\":{\"@type\":\"PropertyValueSpecification\",\"valueRequired\":true,\"valueName\":\"search_term_string\"}}],\"inLanguage\":\"es\"},{\"@type\":\"Organization\",\"@id\":\"https:\/\/temporada-alta.com\/es\/#organization\",\"name\":\"Temporada Alta\",\"url\":\"https:\/\/temporada-alta.com\/es\/\",\"logo\":{\"@type\":\"ImageObject\",\"inLanguage\":\"es\",\"@id\":\"https:\/\/temporada-alta.com\/es\/#\/schema\/logo\/image\/\",\"url\":\"https:\/\/temporada-alta.com\/wp-content\/uploads\/TA21-Logotip-pos.png\",\"contentUrl\":\"https:\/\/temporada-alta.com\/wp-content\/uploads\/TA21-Logotip-pos.png\",\"width\":800,\"height\":267,\"caption\":\"Temporada Alta\"},\"image\":{\"@id\":\"https:\/\/temporada-alta.com\/es\/#\/schema\/logo\/image\/\"}}]}<\/script>\n<!-- \/ Yoast SEO plugin. -->","yoast_head_json":{"title":"Edici\u00f3n 2012 - Temporada Alta","robots":{"index":"index","follow":"follow","max-snippet":"max-snippet:-1","max-image-preview":"max-image-preview:large","max-video-preview":"max-video-preview:-1"},"canonical":"https:\/\/temporada-alta.com\/es\/edicion-2012\/","og_locale":"es_ES","og_type":"article","og_title":"Edici\u00f3n 2012 - Temporada Alta","og_description":"Temporada Alta, un festival de futuro Colocamos las bases de lo que deber\u00e1 ser el Festival del futuro....","og_url":"https:\/\/temporada-alta.com\/es\/edicion-2012\/","og_site_name":"Temporada Alta","article_modified_time":"2025-02-24T13:58:10+00:00","og_image":[{"width":600,"height":354,"url":"https:\/\/temporada-alta.com\/wp-content\/uploads\/lazaranda_1_vic.jpg","type":"image\/jpeg"}],"twitter_card":"summary_large_image","schema":{"@context":"https:\/\/schema.org","@graph":[{"@type":"WebPage","@id":"https:\/\/temporada-alta.com\/es\/edicion-2012\/","url":"https:\/\/temporada-alta.com\/es\/edicion-2012\/","name":"Edici\u00f3n 2012 - Temporada Alta","isPartOf":{"@id":"https:\/\/temporada-alta.com\/es\/#website"},"primaryImageOfPage":{"@id":"https:\/\/temporada-alta.com\/es\/edicion-2012\/#primaryimage"},"image":{"@id":"https:\/\/temporada-alta.com\/es\/edicion-2012\/#primaryimage"},"thumbnailUrl":"https:\/\/temporada-alta.com\/wp-content\/uploads\/lazaranda_1_vic.jpg","datePublished":"2024-11-15T12:02:06+00:00","dateModified":"2025-02-24T13:58:10+00:00","breadcrumb":{"@id":"https:\/\/temporada-alta.com\/es\/edicion-2012\/#breadcrumb"},"inLanguage":"es","potentialAction":[{"@type":"ReadAction","target":["https:\/\/temporada-alta.com\/es\/edicion-2012\/"]}]},{"@type":"ImageObject","inLanguage":"es","@id":"https:\/\/temporada-alta.com\/es\/edicion-2012\/#primaryimage","url":"https:\/\/temporada-alta.com\/wp-content\/uploads\/lazaranda_1_vic.jpg","contentUrl":"https:\/\/temporada-alta.com\/wp-content\/uploads\/lazaranda_1_vic.jpg"},{"@type":"BreadcrumbList","@id":"https:\/\/temporada-alta.com\/es\/edicion-2012\/#breadcrumb","itemListElement":[{"@type":"ListItem","position":1,"name":"Inici","item":"https:\/\/temporada-alta.com\/es\/"},{"@type":"ListItem","position":2,"name":"Edici\u00f3n 2012"}]},{"@type":"WebSite","@id":"https:\/\/temporada-alta.com\/es\/#website","url":"https:\/\/temporada-alta.com\/es\/","name":"Temporada Alta","description":"Festival d&#039;Arts Esc\u00e8niques","publisher":{"@id":"https:\/\/temporada-alta.com\/es\/#organization"},"potentialAction":[{"@type":"SearchAction","target":{"@type":"EntryPoint","urlTemplate":"https:\/\/temporada-alta.com\/es\/?s={search_term_string}"},"query-input":{"@type":"PropertyValueSpecification","valueRequired":true,"valueName":"search_term_string"}}],"inLanguage":"es"},{"@type":"Organization","@id":"https:\/\/temporada-alta.com\/es\/#organization","name":"Temporada Alta","url":"https:\/\/temporada-alta.com\/es\/","logo":{"@type":"ImageObject","inLanguage":"es","@id":"https:\/\/temporada-alta.com\/es\/#\/schema\/logo\/image\/","url":"https:\/\/temporada-alta.com\/wp-content\/uploads\/TA21-Logotip-pos.png","contentUrl":"https:\/\/temporada-alta.com\/wp-content\/uploads\/TA21-Logotip-pos.png","width":800,"height":267,"caption":"Temporada Alta"},"image":{"@id":"https:\/\/temporada-alta.com\/es\/#\/schema\/logo\/image\/"}}]}},"_links":{"self":[{"href":"https:\/\/temporada-alta.com\/es\/wp-json\/wp\/v2\/pages\/98355","targetHints":{"allow":["GET"]}}],"collection":[{"href":"https:\/\/temporada-alta.com\/es\/wp-json\/wp\/v2\/pages"}],"about":[{"href":"https:\/\/temporada-alta.com\/es\/wp-json\/wp\/v2\/types\/page"}],"author":[{"embeddable":true,"href":"https:\/\/temporada-alta.com\/es\/wp-json\/wp\/v2\/users\/35132"}],"replies":[{"embeddable":true,"href":"https:\/\/temporada-alta.com\/es\/wp-json\/wp\/v2\/comments?post=98355"}],"version-history":[{"count":5,"href":"https:\/\/temporada-alta.com\/es\/wp-json\/wp\/v2\/pages\/98355\/revisions"}],"predecessor-version":[{"id":99586,"href":"https:\/\/temporada-alta.com\/es\/wp-json\/wp\/v2\/pages\/98355\/revisions\/99586"}],"wp:attachment":[{"href":"https:\/\/temporada-alta.com\/es\/wp-json\/wp\/v2\/media?parent=98355"}],"curies":[{"name":"wp","href":"https:\/\/api.w.org\/{rel}","templated":true}]}}