{"id":98347,"date":"2024-11-15T12:37:39","date_gmt":"2024-11-15T11:37:39","guid":{"rendered":"https:\/\/temporada-alta.com\/?page_id=98347"},"modified":"2025-02-24T14:51:41","modified_gmt":"2025-02-24T13:51:41","slug":"edicion-2013","status":"publish","type":"page","link":"https:\/\/temporada-alta.com\/es\/edicion-2013\/","title":{"rendered":"Edici\u00f3n 2013"},"content":{"rendered":"<div id=\"modal-ready\">\n<h3 class=\"wp-block-heading\"><strong>Contin\u00faa la internacionalizaci\u00f3n<\/strong><\/h3>\n\n\n\n<p>Mantenemos la l\u00ednea iniciada el a\u00f1o anterior, aunque se ha podido aumentar ligeramente el n\u00famero de espect\u00e1culos programados. Esta edici\u00f3n tendr\u00e1 el \u00edndice de ocupaci\u00f3n m\u00e1s alto de la historia. Ya hace dos a\u00f1os que hemos empezado a trabajar con la internacionalizaci\u00f3n y este a\u00f1o damos un paso m\u00e1s consolidando peque\u00f1os ciclos dentro del Festival: Semana de Creaci\u00f3n Contempor\u00e1nea, Ciclo de Danza # FF80, Cine de Temporada y Conexi\u00f3n Iberom\u00e9rica. Todo ello con la voluntad que Temporada Alta sea el festival de un pa\u00eds y, sobre todo, el marco de referencia y relaci\u00f3n entre la escena catalana y la internacional. Pasan por el Festival artistas como Marta Carrasco, Albert Serra, Peque\u00f1o Teatro de la Morondanga, Oskaras Korsunovas, Sidi Larbi Cherkaoui, Guy Cassiers, Mariano Pensotti, Thomas Ostermeier, \u00c0lex Rigola o Propeller Theatre Company.<\/p>\n\n\n\n<p>Espect\u00e1culos:&nbsp;<strong>87<\/strong>&nbsp;(+ cinema)<br>Coproducciones: <strong>21<\/strong><br>Estrenos:<strong>&nbsp;37&nbsp;<\/strong>(+ 1 cinema)<br>Espectadores: <strong>60.203&nbsp;<\/strong>(total) \/ <strong>93,41%<\/strong>&nbsp;(ocupaci\u00f3n)<br>Sales: <strong>15<\/strong>&nbsp;(+ 2 cinema)<br>Presupuesto: <strong>2.261.523,16<\/strong>&nbsp;\u20ac<\/p>\n\n\n\n<div class=\"wp-block-buttons is-content-justification-center is-layout-flex wp-container-core-buttons-is-layout-a89b3969 wp-block-buttons-is-layout-flex\">\n<div class=\"wp-block-button\"><a class=\"wp-block-button__link has-black-color has-white-background-color has-text-color has-background has-link-color wp-element-button\" href=\"https:\/\/temporada-alta.com\/events\/category\/2013\/\" style=\"border-width:1px\" rel=\" nofollow\">PROGRAMACI\u00d3n 2013<\/a><\/div>\n<\/div>\n\n\n\n<div class=\"wp-block-columns are-vertically-aligned-center has-white-color has-black-background-color has-text-color has-background has-link-color wp-elements-9ad43ffb207125fc12cde835d7e19828 is-layout-flex wp-container-core-columns-is-layout-28f84493 wp-block-columns-is-layout-flex\">\n<div class=\"wp-block-column is-vertically-aligned-center is-layout-flow wp-block-column-is-layout-flow\">\n<figure class=\"wp-block-image size-full\"><img loading=\"lazy\" decoding=\"async\" width=\"600\" height=\"354\" src=\"https:\/\/temporada-alta.com\/wp-content\/uploads\/Woyzeck_03.jpg\" alt=\"\" class=\"wp-image-29079\" srcset=\"https:\/\/temporada-alta.com\/wp-content\/uploads\/Woyzeck_03.jpg 600w, https:\/\/temporada-alta.com\/wp-content\/uploads\/Woyzeck_03-300x177.jpg 300w\" sizes=\"auto, (max-width: 600px) 100vw, 600px\" \/><\/figure>\n<\/div>\n\n\n\n<div class=\"wp-block-column is-vertically-aligned-center is-layout-flow wp-block-column-is-layout-flow\">\n<h2 class=\"wp-block-heading has-text-align-center has-white-color has-text-color has-link-color wp-elements-07bf85a7f7d3b5bec9039621d8ff103f\"><strong>Documentos<\/strong><\/h2>\n\n\n\n<div class=\"wp-block-buttons is-vertical is-content-justification-center is-layout-flex wp-container-core-buttons-is-layout-0a0d504e wp-block-buttons-is-layout-flex\" style=\"margin-top:0;margin-bottom:0\">\n<div class=\"wp-block-button\"><a class=\"wp-block-button__link wp-element-button\" href=\"https:\/\/drive.google.com\/file\/d\/1fpeh-LCy3RCnC1YuGCF0KGGUNvkZNQn4\/view\" style=\"border-width:1px\">dosier presentaci\u00f3n<\/a><\/div>\n\n\n\n<div class=\"wp-block-button\"><a class=\"wp-block-button__link wp-element-button\" href=\"https:\/\/drive.google.com\/file\/d\/1W3zbvWZHtWCn_UFIv1vD1TDnG15pjyAQ\/view\" style=\"border-width:1px\">balance de cierre<\/a><\/div>\n<\/div>\n<\/div>\n<\/div>\n\n\n\n<div class=\"wp-block-columns are-vertically-aligned-center is-layout-flex wp-container-core-columns-is-layout-28f84493 wp-block-columns-is-layout-flex\">\n<div class=\"wp-block-column is-vertically-aligned-center is-layout-flow wp-block-column-is-layout-flow\">\n<figure class=\"wp-block-image size-full is-resized\"><img loading=\"lazy\" decoding=\"async\" width=\"640\" height=\"892\" src=\"https:\/\/temporada-alta.com\/wp-content\/uploads\/CartellTA13.jpg\" alt=\"\" class=\"wp-image-34442\" style=\"width:423px;height:auto\" srcset=\"https:\/\/temporada-alta.com\/wp-content\/uploads\/CartellTA13.jpg 640w, https:\/\/temporada-alta.com\/wp-content\/uploads\/CartellTA13-215x300.jpg 215w\" sizes=\"auto, (max-width: 640px) 100vw, 640px\" \/><\/figure>\n<\/div>\n\n\n\n<div class=\"wp-block-column is-vertically-aligned-center is-layout-flow wp-block-column-is-layout-flow\">\n<h2 class=\"wp-block-heading\" style=\"margin-top:0;margin-bottom:0;padding-top:0;padding-bottom:0\"><span style=\"font-size: 2.14286rem; text-transform: inherit;\"><strong>Cartel&nbsp;2013, Josep M. Oliveras<\/strong><\/span><\/h2>\n\n\n\n<p style=\"margin-top:0;margin-bottom:0;padding-top:0;padding-bottom:0\">El cartel de este a\u00f1o del festival Temporada Alta es tan cotidiano como intrigante. Al fot\u00f3grafo Josep Maria Oliveras s\u00f3lo le han hecho falta tres elementos \u2013una cinta m\u00e9trica de costurera, un f\u00f3sil y una peque\u00f1a pieza de madera\u2013 para resumir el esp\u00edritu de Temporada Alta en un retrato. El personaje que lo protagoniza, asegura Oliveras, \u00abquiere impactar y emocionar con lo m\u00ednimo\u00bb. \u00abEl personaje \u2013a\u00f1ade\u2013 tiene una duplicidad: es actor y espectador a la vez\u00bb. Por \u00faltimo, la pieza de madera que hay en la parte inferior de la imagen recuerda a un estrado o a las mesas de un escenario. \u00abLo primero que te obliga a plantearte es qu\u00e9 representa la imagen. He querido crear una imagen impactante, fresca, divertida y elegante a la vez\u00bb, subraya el artista. El otro elemento sorpresa de la obra es el campo negro que lo rodea: \u00abEl negro es un elemento de misterio y sorpresa\u00bb, explica el autor.<\/p>\n<\/div>\n<\/div>\n\n\n\n<p>Aunque Josep Maria Oliveras asegura que su retrato no representa ninguna de las m\u00e1scaras de la comedia y de la tragedia, s\u00ed que se puede encontrar otra obra que contiene el mismo esp\u00edritu juguet\u00f3n y a la vez experimental de su imagen: la escultura de una hembra de babuino con su cr\u00eda que Picasso hizo el 1951 utilizando, para hacer la cabeza de la figura, un coche de juguete. El uso de objetos encontrado en las dos piezas tiene un car\u00e1cter l\u00fadico y a la vez m\u00e1s profundo del que pueda parecer de entrada.<br>El cartel de este a\u00f1o del festival Temporada Alta representa una excepci\u00f3n. A lo largo de los m\u00e1s de veinte a\u00f1os de historia del Festival, la fotograf\u00eda ha hecho acto de presencia en pocas ocasiones, a pesar de que los fot\u00f3grafos que hicieron el cartel en 2004, 2006 y 2012 son tres pesos pesados de la escena art\u00edstica catalana: Toni Catany, Joan Fontcuberta y Francesc Torres. La obra de Josep Maria Oliveras tambi\u00e9n resulta extraordinaria porque \u00e9l mismo fue el encargado de fotografiar las obras que otros artistas como Antoni T\u00e0pies, Narc\u00eds Comadira, Frederic Amat y Santi Moix crearon para los carteles de ediciones anteriores del festival. Con este encargo, pues, Oliveras ha dejado de mirar los toros desde la barrera para saltar al medio de la plaza.<br>Antes de este retrato esencial que Oliveras ha realizado para el cartel del festival Temporada Alta, ya hab\u00eda hecho otros, aunque totalmente diferentes. El a\u00f1o pasado Oliveras expuso en la Casa de Cultura de Girona una serie de retratos que hizo al escultor Torres Mons\u00f3. Mientras que estos jugaban con el barroquismo, el personaje que ha creado para el cartel basa su impacto en la econom\u00eda de medios. Mientras que antes hab\u00eda manipulado y deformado el rostro del escultor, el hombre (o la mujer) del cartel del Festival recuerda a un rostro dibujado por un pintor con un par de gestos r\u00e1pidos.<br>Josep Maria Oliveras cuenta con una trayectoria dilatada en el campo de la fotograf\u00eda profesional, la edici\u00f3n y el comisariado de exposiciones. El cartel que ha realizado para Temporada Alta representa la vertiente m\u00e1s personal de su trabajo. \u00abDesde hace dos o tres a\u00f1os he procurado no trabajar tanto por encargo o hacer un trabajo m\u00e1s personal, centrado en qu\u00e9 quiero decir en el \u00e1mbito de la imagen\u00bb, afirma Oliveras. A la vez que sigue experimentando para encontrar un lenguaje y una po\u00e9tica propios, el artista no es ajeno a la realidad que le rodea. \u00abTengo las mismas preocupaciones que la mayor\u00eda de ciudadanos \u2013subraya el artista\u2013. Vivimos unos momentos muy cr\u00edticos y dolorosos\u00bb.<br>Adem\u00e1s de convertirse en la imagen del festival Temporada Alta, el personaje de Josep Maria Oliveras podr\u00e1 ser contemplado en una exposici\u00f3n del B\u00f2lit, el centro de arte contempor\u00e1neo de Girona, el pr\u00f3ximo oto\u00f1o. Estar\u00e1 acompa\u00f1ado de dos v\u00eddeos de Perejaume y de una videoinstalaci\u00f3n de Javier P\u00e9rez. \u00abLa obra est\u00e1 pensada para que se pueda adaptar a diferentes formatos. S\u00f3lo se tienen que tener en cuenta las dimensiones y el campo negro que rodea el personaje\u00bb. El mismo negro de un teatro a oscuras justo antes de que empiece el espect\u00e1culo\u2026<\/p>\n\n\n\n<p><strong>Antoni Ribas<\/strong><\/p>\n\n\n\n<p><a href=\"https:\/\/drive.google.com\/file\/d\/1adPU5cZ47fOMsK__kl9LWkdRiRFadL0r\/view?usp=sharing\">Descarga el cartel<\/a><\/p>\n\n\n\n<div class=\"wp-block-columns are-vertically-aligned-center is-layout-flex wp-container-core-columns-is-layout-28f84493 wp-block-columns-is-layout-flex\">\n<div class=\"wp-block-column is-vertically-aligned-center is-layout-flow wp-block-column-is-layout-flow\">\n<figure class=\"wp-block-image size-full\"><img loading=\"lazy\" decoding=\"async\" width=\"1094\" height=\"651\" src=\"https:\/\/temporada-alta.com\/wp-content\/uploads\/imagen-12.jpg\" alt=\"\" class=\"wp-image-21941\" srcset=\"https:\/\/temporada-alta.com\/wp-content\/uploads\/imagen-12.jpg 1094w, https:\/\/temporada-alta.com\/wp-content\/uploads\/imagen-12-300x179.jpg 300w, https:\/\/temporada-alta.com\/wp-content\/uploads\/imagen-12-768x457.jpg 768w, https:\/\/temporada-alta.com\/wp-content\/uploads\/imagen-12-1024x609.jpg 1024w\" sizes=\"auto, (max-width: 1094px) 100vw, 1094px\" \/><\/figure>\n<\/div>\n\n\n\n<div class=\"wp-block-column is-vertically-aligned-center is-layout-flow wp-block-column-is-layout-flow\">\n<h2 class=\"wp-block-heading\"><strong>Corto 2013, <em>Dido\u2019s lament<\/em><\/strong><\/h2>\n\n\n\n<p>Esta pieza publicitaria fue rodada con una producci\u00f3n impactante: dentro una piscina de cinco metros de profundidad cubierta de lin\u00f3leum negro para conseguir la textura y la luz buscadas. El anuncio fue grabado \u00edntegramente de noche tr\u00e1mite la asistencia de robots submarinos, bajo la direcci\u00f3n de Salvador Sunyer i Vidal y la producci\u00f3n de Nanouk films. En total, un equipo de 25 profesionales y muchos voluntarios.<br>El spot pretende insertarse en la corriente art\u00edstica del Barroco, concretamente en algunas de las ilustraciones y grabados de la Divina Comedia de Dante. Seg\u00fan los autores \u201cquiere ser un cuento mitol\u00f3gico sobre la redenci\u00f3n. Un grito a favor de la purga. Una purga necesaria para volver a empezar de nuevo, habiendo aprendido de los errores.\u201d<\/p>\n<\/div>\n<\/div>\n\n\n\n<figure class=\"wp-block-embed is-type-video is-provider-youtube wp-block-embed-youtube wp-embed-aspect-16-9 wp-has-aspect-ratio\"><div class=\"wp-block-embed__wrapper\">\n<iframe loading=\"lazy\" title=\"TEMPORADA ALTA 2013\" width=\"500\" height=\"281\" src=\"https:\/\/www.youtube.com\/embed\/0brKQM8zzkQ?feature=oembed\" frameborder=\"0\" allow=\"accelerometer; autoplay; clipboard-write; encrypted-media; gyroscope; picture-in-picture; web-share\" referrerpolicy=\"strict-origin-when-cross-origin\" allowfullscreen><\/iframe>\n<\/div><\/figure>\n<\/div>","protected":false},"excerpt":{"rendered":"<p>Contin\u00faa la internacionalizaci\u00f3n Mantenemos la l\u00ednea iniciada el a\u00f1o anterior, aunque se ha podido aumentar ligeramente el n\u00famero&#8230;<\/p>\n","protected":false},"author":35132,"featured_media":0,"parent":0,"menu_order":0,"comment_status":"closed","ping_status":"closed","template":"","meta":{"_acf_changed":false,"footnotes":""},"class_list":["post-98347","page","type-page","status-publish","hentry"],"acf":[],"yoast_head":"<!-- This site is optimized with the Yoast SEO plugin v27.0 - https:\/\/yoast.com\/product\/yoast-seo-wordpress\/ -->\n<title>Edici\u00f3n 2013 - Temporada Alta<\/title>\n<meta name=\"robots\" content=\"index, follow, max-snippet:-1, max-image-preview:large, max-video-preview:-1\" \/>\n<link rel=\"canonical\" href=\"https:\/\/temporada-alta.com\/es\/edicion-2013\/\" \/>\n<meta property=\"og:locale\" content=\"es_ES\" \/>\n<meta property=\"og:type\" content=\"article\" \/>\n<meta property=\"og:title\" content=\"Edici\u00f3n 2013 - Temporada Alta\" \/>\n<meta property=\"og:description\" content=\"Contin\u00faa la internacionalizaci\u00f3n Mantenemos la l\u00ednea iniciada el a\u00f1o anterior, aunque se ha podido aumentar ligeramente el n\u00famero...\" \/>\n<meta property=\"og:url\" content=\"https:\/\/temporada-alta.com\/es\/edicion-2013\/\" \/>\n<meta property=\"og:site_name\" content=\"Temporada Alta\" \/>\n<meta property=\"article:modified_time\" content=\"2025-02-24T13:51:41+00:00\" \/>\n<meta property=\"og:image\" content=\"https:\/\/temporada-alta.com\/wp-content\/uploads\/Woyzeck_03.jpg\" \/>\n\t<meta property=\"og:image:width\" content=\"600\" \/>\n\t<meta property=\"og:image:height\" content=\"354\" \/>\n\t<meta property=\"og:image:type\" content=\"image\/jpeg\" \/>\n<meta name=\"twitter:card\" content=\"summary_large_image\" \/>\n<script type=\"application\/ld+json\" class=\"yoast-schema-graph\">{\"@context\":\"https:\/\/schema.org\",\"@graph\":[{\"@type\":\"WebPage\",\"@id\":\"https:\/\/temporada-alta.com\/es\/edicion-2013\/\",\"url\":\"https:\/\/temporada-alta.com\/es\/edicion-2013\/\",\"name\":\"Edici\u00f3n 2013 - Temporada Alta\",\"isPartOf\":{\"@id\":\"https:\/\/temporada-alta.com\/es\/#website\"},\"primaryImageOfPage\":{\"@id\":\"https:\/\/temporada-alta.com\/es\/edicion-2013\/#primaryimage\"},\"image\":{\"@id\":\"https:\/\/temporada-alta.com\/es\/edicion-2013\/#primaryimage\"},\"thumbnailUrl\":\"https:\/\/temporada-alta.com\/wp-content\/uploads\/Woyzeck_03.jpg\",\"datePublished\":\"2024-11-15T11:37:39+00:00\",\"dateModified\":\"2025-02-24T13:51:41+00:00\",\"breadcrumb\":{\"@id\":\"https:\/\/temporada-alta.com\/es\/edicion-2013\/#breadcrumb\"},\"inLanguage\":\"es\",\"potentialAction\":[{\"@type\":\"ReadAction\",\"target\":[\"https:\/\/temporada-alta.com\/es\/edicion-2013\/\"]}]},{\"@type\":\"ImageObject\",\"inLanguage\":\"es\",\"@id\":\"https:\/\/temporada-alta.com\/es\/edicion-2013\/#primaryimage\",\"url\":\"https:\/\/temporada-alta.com\/wp-content\/uploads\/Woyzeck_03.jpg\",\"contentUrl\":\"https:\/\/temporada-alta.com\/wp-content\/uploads\/Woyzeck_03.jpg\"},{\"@type\":\"BreadcrumbList\",\"@id\":\"https:\/\/temporada-alta.com\/es\/edicion-2013\/#breadcrumb\",\"itemListElement\":[{\"@type\":\"ListItem\",\"position\":1,\"name\":\"Inici\",\"item\":\"https:\/\/temporada-alta.com\/es\/\"},{\"@type\":\"ListItem\",\"position\":2,\"name\":\"Edici\u00f3n 2013\"}]},{\"@type\":\"WebSite\",\"@id\":\"https:\/\/temporada-alta.com\/es\/#website\",\"url\":\"https:\/\/temporada-alta.com\/es\/\",\"name\":\"Temporada Alta\",\"description\":\"Festival d&#039;Arts Esc\u00e8niques\",\"publisher\":{\"@id\":\"https:\/\/temporada-alta.com\/es\/#organization\"},\"potentialAction\":[{\"@type\":\"SearchAction\",\"target\":{\"@type\":\"EntryPoint\",\"urlTemplate\":\"https:\/\/temporada-alta.com\/es\/?s={search_term_string}\"},\"query-input\":{\"@type\":\"PropertyValueSpecification\",\"valueRequired\":true,\"valueName\":\"search_term_string\"}}],\"inLanguage\":\"es\"},{\"@type\":\"Organization\",\"@id\":\"https:\/\/temporada-alta.com\/es\/#organization\",\"name\":\"Temporada Alta\",\"url\":\"https:\/\/temporada-alta.com\/es\/\",\"logo\":{\"@type\":\"ImageObject\",\"inLanguage\":\"es\",\"@id\":\"https:\/\/temporada-alta.com\/es\/#\/schema\/logo\/image\/\",\"url\":\"https:\/\/temporada-alta.com\/wp-content\/uploads\/TA21-Logotip-pos.png\",\"contentUrl\":\"https:\/\/temporada-alta.com\/wp-content\/uploads\/TA21-Logotip-pos.png\",\"width\":800,\"height\":267,\"caption\":\"Temporada Alta\"},\"image\":{\"@id\":\"https:\/\/temporada-alta.com\/es\/#\/schema\/logo\/image\/\"}}]}<\/script>\n<!-- \/ Yoast SEO plugin. -->","yoast_head_json":{"title":"Edici\u00f3n 2013 - Temporada Alta","robots":{"index":"index","follow":"follow","max-snippet":"max-snippet:-1","max-image-preview":"max-image-preview:large","max-video-preview":"max-video-preview:-1"},"canonical":"https:\/\/temporada-alta.com\/es\/edicion-2013\/","og_locale":"es_ES","og_type":"article","og_title":"Edici\u00f3n 2013 - Temporada Alta","og_description":"Contin\u00faa la internacionalizaci\u00f3n Mantenemos la l\u00ednea iniciada el a\u00f1o anterior, aunque se ha podido aumentar ligeramente el n\u00famero...","og_url":"https:\/\/temporada-alta.com\/es\/edicion-2013\/","og_site_name":"Temporada Alta","article_modified_time":"2025-02-24T13:51:41+00:00","og_image":[{"width":600,"height":354,"url":"https:\/\/temporada-alta.com\/wp-content\/uploads\/Woyzeck_03.jpg","type":"image\/jpeg"}],"twitter_card":"summary_large_image","schema":{"@context":"https:\/\/schema.org","@graph":[{"@type":"WebPage","@id":"https:\/\/temporada-alta.com\/es\/edicion-2013\/","url":"https:\/\/temporada-alta.com\/es\/edicion-2013\/","name":"Edici\u00f3n 2013 - Temporada Alta","isPartOf":{"@id":"https:\/\/temporada-alta.com\/es\/#website"},"primaryImageOfPage":{"@id":"https:\/\/temporada-alta.com\/es\/edicion-2013\/#primaryimage"},"image":{"@id":"https:\/\/temporada-alta.com\/es\/edicion-2013\/#primaryimage"},"thumbnailUrl":"https:\/\/temporada-alta.com\/wp-content\/uploads\/Woyzeck_03.jpg","datePublished":"2024-11-15T11:37:39+00:00","dateModified":"2025-02-24T13:51:41+00:00","breadcrumb":{"@id":"https:\/\/temporada-alta.com\/es\/edicion-2013\/#breadcrumb"},"inLanguage":"es","potentialAction":[{"@type":"ReadAction","target":["https:\/\/temporada-alta.com\/es\/edicion-2013\/"]}]},{"@type":"ImageObject","inLanguage":"es","@id":"https:\/\/temporada-alta.com\/es\/edicion-2013\/#primaryimage","url":"https:\/\/temporada-alta.com\/wp-content\/uploads\/Woyzeck_03.jpg","contentUrl":"https:\/\/temporada-alta.com\/wp-content\/uploads\/Woyzeck_03.jpg"},{"@type":"BreadcrumbList","@id":"https:\/\/temporada-alta.com\/es\/edicion-2013\/#breadcrumb","itemListElement":[{"@type":"ListItem","position":1,"name":"Inici","item":"https:\/\/temporada-alta.com\/es\/"},{"@type":"ListItem","position":2,"name":"Edici\u00f3n 2013"}]},{"@type":"WebSite","@id":"https:\/\/temporada-alta.com\/es\/#website","url":"https:\/\/temporada-alta.com\/es\/","name":"Temporada Alta","description":"Festival d&#039;Arts Esc\u00e8niques","publisher":{"@id":"https:\/\/temporada-alta.com\/es\/#organization"},"potentialAction":[{"@type":"SearchAction","target":{"@type":"EntryPoint","urlTemplate":"https:\/\/temporada-alta.com\/es\/?s={search_term_string}"},"query-input":{"@type":"PropertyValueSpecification","valueRequired":true,"valueName":"search_term_string"}}],"inLanguage":"es"},{"@type":"Organization","@id":"https:\/\/temporada-alta.com\/es\/#organization","name":"Temporada Alta","url":"https:\/\/temporada-alta.com\/es\/","logo":{"@type":"ImageObject","inLanguage":"es","@id":"https:\/\/temporada-alta.com\/es\/#\/schema\/logo\/image\/","url":"https:\/\/temporada-alta.com\/wp-content\/uploads\/TA21-Logotip-pos.png","contentUrl":"https:\/\/temporada-alta.com\/wp-content\/uploads\/TA21-Logotip-pos.png","width":800,"height":267,"caption":"Temporada Alta"},"image":{"@id":"https:\/\/temporada-alta.com\/es\/#\/schema\/logo\/image\/"}}]}},"_links":{"self":[{"href":"https:\/\/temporada-alta.com\/es\/wp-json\/wp\/v2\/pages\/98347","targetHints":{"allow":["GET"]}}],"collection":[{"href":"https:\/\/temporada-alta.com\/es\/wp-json\/wp\/v2\/pages"}],"about":[{"href":"https:\/\/temporada-alta.com\/es\/wp-json\/wp\/v2\/types\/page"}],"author":[{"embeddable":true,"href":"https:\/\/temporada-alta.com\/es\/wp-json\/wp\/v2\/users\/35132"}],"replies":[{"embeddable":true,"href":"https:\/\/temporada-alta.com\/es\/wp-json\/wp\/v2\/comments?post=98347"}],"version-history":[{"count":3,"href":"https:\/\/temporada-alta.com\/es\/wp-json\/wp\/v2\/pages\/98347\/revisions"}],"predecessor-version":[{"id":99580,"href":"https:\/\/temporada-alta.com\/es\/wp-json\/wp\/v2\/pages\/98347\/revisions\/99580"}],"wp:attachment":[{"href":"https:\/\/temporada-alta.com\/es\/wp-json\/wp\/v2\/media?parent=98347"}],"curies":[{"name":"wp","href":"https:\/\/api.w.org\/{rel}","templated":true}]}}