{"id":98226,"date":"2024-11-14T13:13:25","date_gmt":"2024-11-14T12:13:25","guid":{"rendered":"https:\/\/temporada-alta.com\/?page_id=98226"},"modified":"2025-02-20T16:39:50","modified_gmt":"2025-02-20T15:39:50","slug":"edicion-2020","status":"publish","type":"page","link":"https:\/\/temporada-alta.com\/es\/edicion-2020\/","title":{"rendered":"Edici\u00f3n 2020"},"content":{"rendered":"<div id=\"modal-ready\">\n<div class=\"wp-block-columns are-vertically-aligned-center is-layout-flex wp-container-core-columns-is-layout-28f84493 wp-block-columns-is-layout-flex\">\n<div class=\"wp-block-column is-vertically-aligned-center is-layout-flow wp-block-column-is-layout-flow\">\n<figure class=\"wp-block-image size-full\"><img loading=\"lazy\" decoding=\"async\" width=\"992\" height=\"744\" src=\"https:\/\/temporada-alta.com\/wp-content\/uploads\/Molly_Bloom.jpg\" alt=\"\" class=\"wp-image-61286\" srcset=\"https:\/\/temporada-alta.com\/wp-content\/uploads\/Molly_Bloom.jpg 992w, https:\/\/temporada-alta.com\/wp-content\/uploads\/Molly_Bloom-496x372.jpg 496w, https:\/\/temporada-alta.com\/wp-content\/uploads\/Molly_Bloom-768x576.jpg 768w, https:\/\/temporada-alta.com\/wp-content\/uploads\/Molly_Bloom-640x480.jpg 640w\" sizes=\"auto, (max-width: 992px) 100vw, 992px\" \/><\/figure>\n<\/div>\n\n\n\n<div class=\"wp-block-column is-vertically-aligned-center is-layout-flow wp-block-column-is-layout-flow\">\n<h2 class=\"wp-block-heading has-large-font-size\"><strong>Una normalidad extraordinaria<\/strong><\/h2>\n\n\n\n<p>Una crisis sanitaria, social y cultural que lo ha cambiado todo nos ha instalado en el terreno de la incertidumbre absoluta, \u00a1pero las artes siempre se han movido y se mover\u00e1n en la crisis y la incertidumbre! Hemos querido que la 29\u00aa edici\u00f3n de Temporada Alta fuera lo m\u00e1s continuista posible y, por esta raz\u00f3n, hemos mantenido una programaci\u00f3n basada en los ejes que conforman el festival: la internacionalizaci\u00f3n, el soporte a la creaci\u00f3n y la autor\u00eda del pa\u00eds, los v\u00ednculos con los espectadores y la ciudadan\u00eda, as\u00ed como los proyectos socioeducativos.<\/p>\n\n\n\n<p>Hemos trabajado para ofrecer las m\u00e1ximas garant\u00edas de seguridad en los espacios y para que los teatros sean espacios seguros, con distancia de seguridad en el interior de las salas y todas las medidas necesarias. Por todo esto el festival de este a\u00f1o ha tenido una programaci\u00f3n presencial un poco m\u00e1s reducida, pero hemos incorporado una secci\u00f3n de programaci\u00f3n a distancia: el entorno digital nos ofrece nuevas oportunidades para explorar. As\u00ed que hemos querido aprovechar las circunstancias actuales para replantearnos algunas cosas y trazar las l\u00edneas de lo que podr\u00eda ser un festival del futuro.<\/p>\n<\/div>\n<\/div>\n\n\n\n<div class=\"wp-block-buttons is-content-justification-center is-layout-flex wp-container-core-buttons-is-layout-a89b3969 wp-block-buttons-is-layout-flex\">\n<div class=\"wp-block-button\"><a class=\"wp-block-button__link has-black-color has-white-background-color has-text-color has-background has-link-color wp-element-button\" href=\"https:\/\/temporada-alta.com\/es\/edicions\/2020-es\/\" style=\"border-width:1px\">PROGRAMACI\u00d3n 2020<\/a><\/div>\n<\/div>\n\n\n\n<div class=\"wp-block-columns are-vertically-aligned-center is-layout-flex wp-container-core-columns-is-layout-51c0b34d wp-block-columns-is-layout-flex\" style=\"padding-top:var(--wp--preset--spacing--50);padding-bottom:var(--wp--preset--spacing--50)\">\n<div class=\"wp-block-column is-vertically-aligned-center is-layout-flow wp-block-column-is-layout-flow\">\n<h2 class=\"wp-block-heading has-large-font-size\"><strong>Un doble festival<\/strong><\/h2>\n\n\n\n<p>Temporada Alta ha presentado un total de 111 espect\u00e1culos durante la edici\u00f3n del 2020, 56 de los cuales se han podido ver en modalidad presencial y 55 en modalidad a distancia. El festival ha conseguido mantener casi la totalidad de los espect\u00e1culos inicialmente previstos y, ante el cierre de los teatros durante dos semanas, desde la organizaci\u00f3n se ha decidido alargar el festival hasta el 22 de diciembre y reprogramar el m\u00e1ximo de espect\u00e1culos posibles, ya sea de forma presencial o ofreci\u00e9ndolos en el marco de la programaci\u00f3n a distancia. La respuesta del p\u00fablico a la incorporaci\u00f3n de la programaci\u00f3n a distancia, que se ha puesto en marcha este a\u00f1o por primera vez, ha sido muy positiva y ha permitido experimentar con nuevos formatos de creaci\u00f3n y exhibici\u00f3n, as\u00ed como ofrecer espect\u00e1culos que no se han poddo ver de forma presencial.<\/p>\n\n\n\n<p>Ha sido el festival m\u00e1s dif\u00edcil que hemos vivido, pero hemos conseguido los objectivos que nos hab\u00edamos propuesto gracias a todas las personas que han participado y tambi\u00e9n gracias a la complicidad de los ciudadanos, que no han dejado de venir al teatro.<\/p>\n<\/div>\n\n\n\n<div class=\"wp-block-column is-vertically-aligned-center is-layout-flow wp-block-column-is-layout-flow\">\n<figure class=\"wp-block-image size-full\"><img loading=\"lazy\" decoding=\"async\" width=\"1134\" height=\"850\" src=\"https:\/\/temporada-alta.com\/wp-content\/uploads\/Audioguia_supermercats.jpg\" alt=\"\" class=\"wp-image-61283\" srcset=\"https:\/\/temporada-alta.com\/wp-content\/uploads\/Audioguia_supermercats.jpg 1134w, https:\/\/temporada-alta.com\/wp-content\/uploads\/Audioguia_supermercats-496x372.jpg 496w, https:\/\/temporada-alta.com\/wp-content\/uploads\/Audioguia_supermercats-768x576.jpg 768w, https:\/\/temporada-alta.com\/wp-content\/uploads\/Audioguia_supermercats-640x480.jpg 640w\" sizes=\"auto, (max-width: 1134px) 100vw, 1134px\" \/><\/figure>\n<\/div>\n<\/div>\n\n\n\n<div class=\"wp-block-columns are-vertically-aligned-center is-layout-flex wp-container-core-columns-is-layout-28f84493 wp-block-columns-is-layout-flex\">\n<div class=\"wp-block-column is-vertically-aligned-center is-layout-flow wp-block-column-is-layout-flow\">\n<figure class=\"wp-block-image size-full\"><img loading=\"lazy\" decoding=\"async\" width=\"1810\" height=\"2560\" src=\"https:\/\/temporada-alta.com\/wp-content\/uploads\/TA20-Cartell-scaled.jpg\" alt=\"\" class=\"wp-image-51189\" srcset=\"https:\/\/temporada-alta.com\/wp-content\/uploads\/TA20-Cartell-scaled.jpg 1810w, https:\/\/temporada-alta.com\/wp-content\/uploads\/TA20-Cartell-263x372.jpg 263w, https:\/\/temporada-alta.com\/wp-content\/uploads\/TA20-Cartell-1200x1697.jpg 1200w, https:\/\/temporada-alta.com\/wp-content\/uploads\/TA20-Cartell-768x1086.jpg 768w, https:\/\/temporada-alta.com\/wp-content\/uploads\/TA20-Cartell-1086x1536.jpg 1086w, https:\/\/temporada-alta.com\/wp-content\/uploads\/TA20-Cartell-1448x2048.jpg 1448w, https:\/\/temporada-alta.com\/wp-content\/uploads\/TA20-Cartell-212x300.jpg 212w, https:\/\/temporada-alta.com\/wp-content\/uploads\/TA20-Cartell-724x1024.jpg 724w\" sizes=\"auto, (max-width: 1810px) 100vw, 1810px\" \/><\/figure>\n<\/div>\n\n\n\n<div class=\"wp-block-column is-vertically-aligned-center is-layout-flow wp-block-column-is-layout-flow\">\n<h2 class=\"wp-block-heading has-large-font-size\"><strong>El cartel: renacer de las cenizas<\/strong><\/h2>\n\n\n\n<p>Los incendios que se produjeron el a\u00f1o pasado en Brasil fueron catastr\u00f3ficos: seg\u00fan el Instituto Nacional de Investigaciones Especiales de Brasil (INPE), entre enero y las tres primeras semanas de agosto se contabilizaron 71.497 focos de incendio, la mitad de los cuales se detectaron en el Amazonas. Los focos se produjeron en diversos estados de Brasil \u2014Roraima, Acre, Rondonia, Mato Grosso do Soul y Amazonas\u2014, y el humo lleg\u00f3 a oscurecer el cielo de S\u00e3o Paulo, en el otro extremo del pa\u00eds, despu\u00e9s de que el presidente ultraderechista Jair Bolsonaro relajase los controles de la agencia de medio ambiente, IBAMA, y legislase a favor de la agricultura y la miner\u00eda, unas actividades responsables de una parte de los incendios. No es de extra\u00f1ar hablar de medio ambiente en el marco de un festival de artes esc\u00e9nicas como Temporada Alta: los artistas que participan en cada edici\u00f3n llevan muchas problem\u00e1ticas de la actualidad al escenario. Tambi\u00e9n porque el festival tiene una presencia creciente en Latinoam\u00e9rica. A\u00fan as\u00ed, la raz\u00f3n concreta por la cual este texto comienza explicando los estragos del fuego en Brasil es para hacer de altavoz a lo que propone la fot\u00f3grafa Cristina de Middel con la imagen del cartel de la edici\u00f3n de este a\u00f1o, la 29\u00aa: \u00abComo el festival me dio carta blanca, busqu\u00e9 una imagen que fuese atractiva est\u00e9ticamente, pero que detr\u00e1s de todos estos colores incluyese un mensaje de alarma para reflejar los tiempos que vivimos. Me gustan mucho los carteles, representan otro uso de la imagen\u00bb, subraya.<br><br>Es la primera vez&nbsp;que Cristina&nbsp;de&nbsp;Middel&nbsp;recibe&nbsp;el&nbsp;encargo&nbsp;de&nbsp;hacer&nbsp;un cartel, a pesar de que&nbsp;otras&nbsp;im\u00e1genes&nbsp;suyas&nbsp;se&nbsp;utilizan&nbsp;en&nbsp;otros&nbsp;carteles. \u00abLa&nbsp;situaci\u00f3n&nbsp;de los&nbsp;incendios&nbsp;donde&nbsp;hice&nbsp;la&nbsp;fotograf\u00eda, en Mato Grosso, era terrible\u00bb,&nbsp;dice&nbsp;la artista, a&nbsp;quien&nbsp;le&nbsp;gusta&nbsp;dejar&nbsp;un&nbsp;margen&nbsp;para que el espectador&nbsp;haga&nbsp;su&nbsp;interpretaci\u00f3n&nbsp;de la&nbsp;imagen: \u00abNo sabemos si est\u00e1 bien o mal, si est\u00e1 bien o no, la imagen tiene diversas lecturas. Cada fotograf\u00eda&nbsp;es como una&nbsp;palabra&nbsp;y&nbsp;tu&nbsp;la&nbsp;incluyes&nbsp;en una frase para que&nbsp;diga&nbsp;una cosa u&nbsp;otra. Me&nbsp;parece&nbsp;fant\u00e1stico&nbsp;reciclar el&nbsp;significado&nbsp;de una&nbsp;imagen, es un&nbsp;triunfo&nbsp;de la&nbsp;fotograf\u00eda\u00bb, explica.<\/p>\n<\/div>\n<\/div>\n\n\n\n<p>Cristina de Middel se march\u00f3 de Espa\u00f1a hace casi diez a\u00f1os y se ha establecido entre Brasil y M\u00e9xico en los \u00faltimos cinco. La pandemia del coronavirus ha reducido su ritmo de trabajo y, despu\u00e9s de ser conocida por su fotograf\u00eda con mirada social, como vive en medio de la selva en el estado de Bahia, ahora avanza en un proyecto sobre la batalla del hombre y la naturaleza: \u00abEs un proyecto que estoy haciendo con mi marido, Bruno Morais, con los animales e insectos que entran en casa\u00bb. De Middel asegura que la experiencia que tiene de la naturaleza es \u00abmuy inmersiva\u00bb. \u00abSe hace m\u00e1s evidente que nunca la invasi\u00f3n que hacemos nosotros. Cuando tienes una casa en medio de la selva, de repente te entran serpientes, murci\u00e9lagos y todo tipo de insectos, grandes como un pu\u00f1o. No es ni una guerra, el espacio es suyo, y a la fuerza debemos reflexionar sobre nuestro papel en la naturaleza\u00bb, concluye De Middel. El encargo a De Middel se puede relacionar con el de otro fot\u00f3grafo que ha cuestionado los l\u00edmites de la fotograf\u00eda: Joan Fontcuberta (2006). Tambi\u00e9n con el de Eul\u00e0lia Valldosera (2014), porque comparten una preocupaci\u00f3n de mirada ecologista<\/p>\n\n\n\n<p class=\"has-text-align-right\"><strong>Antoni Ribas Tur<br><\/strong><\/p>\n\n\n\n<p><strong>Cristina de Middel<\/strong><\/p>\n\n\n\n<p>La&nbsp;fot\u00f3grafa&nbsp;Cristina de&nbsp;Middel&nbsp;(Alicante, 1975) es&nbsp;miembra&nbsp;asociada&nbsp;de la agencia&nbsp;Magnum&nbsp;desde&nbsp;el&nbsp;a\u00f1o&nbsp;2017 y&nbsp;vive&nbsp;y&nbsp;trabaja&nbsp;entre&nbsp;M\u00e9xico&nbsp;y Brasil. De&nbsp;su&nbsp;propio&nbsp;trabajo, De&nbsp;Middel, que&nbsp;recibi\u00f3&nbsp;el Premio Nacional de&nbsp;Fotograf\u00eda&nbsp;en 2017, afirma que combina \u00abaproximaciones&nbsp;documentales&nbsp;y&nbsp;conceptuales\u00bb y que&nbsp;juega&nbsp;\u00abcon la&nbsp;reconstrucci\u00f3n&nbsp;de&nbsp;arquetipos&nbsp;y&nbsp;estereotipos&nbsp;que&nbsp;ayudan&nbsp;a difuminar&nbsp;la&nbsp;separaci\u00f3n&nbsp;entre la&nbsp;realidad&nbsp;y la&nbsp;ficci\u00f3n\u00bb.&nbsp;Despu\u00e9s&nbsp;de&nbsp;diez&nbsp;a\u00f1os&nbsp;trabajando&nbsp;en&nbsp;prensa&nbsp;y como&nbsp;fot\u00f3grafa&nbsp;humanitaria, la&nbsp;trayectoria&nbsp;de&nbsp;De&nbsp;Middel&nbsp;dio&nbsp;un giro&nbsp;en el&nbsp;fotolibro&nbsp;<em>The<\/em>&nbsp;<em>Afronauts<\/em>, una&nbsp;recreaci\u00f3n&nbsp;a trav\u00e9s de&nbsp;puestas&nbsp;en escena de la&nbsp;misi\u00f3n&nbsp;fallida de&nbsp;viajar&nbsp;a la&nbsp;luna&nbsp;del&nbsp;gobierno&nbsp;zambiano. Con&nbsp;este&nbsp;libro,&nbsp;fue&nbsp;la primera&nbsp;espa\u00f1ola&nbsp;finalista del&nbsp;prestigioso&nbsp;premio Deutsche&nbsp;B\u00f6rse&nbsp;en 2013 y&nbsp;ese&nbsp;mismo&nbsp;a\u00f1o&nbsp;recibi\u00f3&nbsp;el premio&nbsp;Infinity&nbsp;del Centro Internacional de Fotograf\u00eda (ICP).&nbsp;<\/p>\n\n\n\n<p>Cristina de&nbsp;Middel&nbsp;es&nbsp;licenciada&nbsp;en&nbsp;Bellas&nbsp;Artes por la&nbsp;Universidad&nbsp;Polit\u00e9cnica&nbsp;de Valencia, y postgraduada en&nbsp;Fotograf\u00eda&nbsp;por la&nbsp;Universidad&nbsp;de Oklahoma y en&nbsp;Fotoperiodismo&nbsp;por la&nbsp;Universidad&nbsp;Aut\u00f3noma&nbsp;de Barcelona. Entre los&nbsp;m\u00e1s&nbsp;de&nbsp;doce&nbsp;fotolibros&nbsp;que ha&nbsp;publicado&nbsp;est\u00e1n&nbsp;<em>Party<\/em>&nbsp;(Editorial RM&nbsp;y AMC&nbsp;Books, 2013),&nbsp;<em>This<\/em><em>&nbsp;is&nbsp;<\/em><em>What<\/em>&nbsp;<em>Hatred<\/em>&nbsp;<em>Did<\/em>&nbsp;(Editorial RM y AMC&nbsp;Books, 2015),&nbsp;<em>Muchisimo<\/em>&nbsp;(La&nbsp;F\u00e1brica, 2016),&nbsp;<em>Cucurrucuc\u00fa<\/em>&nbsp;(Editorial RM, 2016) y&nbsp;<em>The<\/em>&nbsp;<em>Perfect<\/em>&nbsp;<em>Man<\/em>&nbsp;(La&nbsp;F\u00e1brica, 2017). En Catalu\u00f1a&nbsp;tambi\u00e9n&nbsp;es&nbsp;conocida&nbsp;porque&nbsp;en 2017&nbsp;gan\u00f3&nbsp;el primer premio&nbsp;fotogr\u00e1fico&nbsp;organizado&nbsp;por F.C. Barcelona. Cristina de&nbsp;Middel&nbsp;est\u00e1&nbsp;representada por la&nbsp;galer\u00eda&nbsp;Juana de&nbsp;Aizpuru&nbsp;(Madrid).&nbsp;<\/p>\n\n\n\n<p>Algunas de las colecciones donde se pueden encontrar obras de Cristina de&nbsp;Middel&nbsp;son el&nbsp;Metropolitan&nbsp;de Nueva York, la Universidad Polit\u00e9cnica de Valencia, el Museo de Arte Contempor\u00e1neo de Ibiza, la fundaci\u00f3n&nbsp;Sarthou&nbsp;Carreres y los fondos de arte del banco&nbsp;Espiritu&nbsp;Santo.&nbsp;&nbsp;<\/p>\n\n\n\n<p><strong><a href=\"https:\/\/drive.google.com\/drive\/u\/4\/folders\/1woe5KTItho5JQ1i2KQyaWjrw2ceTvHwl\" target=\"_blank\" rel=\"noreferrer noopener\">Descargar el cartel<\/a><\/strong><\/p>\n\n\n\n<div class=\"wp-block-columns are-vertically-aligned-center is-layout-flex wp-container-core-columns-is-layout-51c0b34d wp-block-columns-is-layout-flex\" style=\"padding-top:var(--wp--preset--spacing--50);padding-bottom:var(--wp--preset--spacing--50)\">\n<div class=\"wp-block-column is-vertically-aligned-center is-layout-flow wp-block-column-is-layout-flow\">\n<h2 class=\"wp-block-heading has-large-font-size\"><strong>El corto: \u00bfy ahora qu\u00e9?<\/strong><\/h2>\n\n\n\n<p>Y ahora\u2026<br>Y ahora\u2026<br>Y ahora\u2026<br>\u00bfY ahora qu\u00e9?<br>\u00a1Qu\u00e9! Ahora\u2026<br>Ahora\u2026<br>Ahora\u2026<\/p>\n\n\n\n<p><strong>Salvador Sunyer Vidal<\/strong>,<br>director del corto<\/p>\n\n\n\n<p><strong><a href=\"https:\/\/www.youtube.com\/watch?v=r-lhZnHqlbc\">Ver el corto<\/a><\/strong><\/p>\n<\/div>\n\n\n\n<div class=\"wp-block-column is-vertically-aligned-center is-layout-flow wp-block-column-is-layout-flow\">\n<figure class=\"wp-block-image size-full\"><img loading=\"lazy\" decoding=\"async\" width=\"1920\" height=\"1080\" src=\"https:\/\/temporada-alta.com\/wp-content\/uploads\/I_ara_que.jpg\" alt=\"\" class=\"wp-image-61306\" srcset=\"https:\/\/temporada-alta.com\/wp-content\/uploads\/I_ara_que.jpg 1920w, https:\/\/temporada-alta.com\/wp-content\/uploads\/I_ara_que-630x354.jpg 630w, https:\/\/temporada-alta.com\/wp-content\/uploads\/I_ara_que-1200x675.jpg 1200w, https:\/\/temporada-alta.com\/wp-content\/uploads\/I_ara_que-768x432.jpg 768w, https:\/\/temporada-alta.com\/wp-content\/uploads\/I_ara_que-1536x864.jpg 1536w\" sizes=\"auto, (max-width: 1920px) 100vw, 1920px\" \/><\/figure>\n<\/div>\n<\/div>\n\n\n\n<div class=\"wp-block-columns are-vertically-aligned-center has-white-color has-black-background-color has-text-color has-background has-link-color wp-elements-37b171c6e54639e9007f3191cb3ac48b is-layout-flex wp-container-core-columns-is-layout-28f84493 wp-block-columns-is-layout-flex\">\n<div class=\"wp-block-column is-vertically-aligned-center is-layout-flow wp-block-column-is-layout-flow\">\n<figure class=\"wp-block-image size-full\"><img loading=\"lazy\" decoding=\"async\" width=\"768\" height=\"500\" src=\"https:\/\/temporada-alta.com\/wp-content\/uploads\/Historia-dun-senglar-Benvinguda-institucional.jpg\" alt=\"\u00a9Felipe Mena\" class=\"wp-image-72304\" srcset=\"https:\/\/temporada-alta.com\/wp-content\/uploads\/Historia-dun-senglar-Benvinguda-institucional.jpg 768w, https:\/\/temporada-alta.com\/wp-content\/uploads\/Historia-dun-senglar-Benvinguda-institucional-571x372.jpg 571w\" sizes=\"auto, (max-width: 768px) 100vw, 768px\" \/><\/figure>\n<\/div>\n\n\n\n<div class=\"wp-block-column is-vertically-aligned-center is-layout-flow wp-block-column-is-layout-flow\">\n<h2 class=\"wp-block-heading has-text-align-center has-white-color has-text-color has-link-color wp-elements-07bf85a7f7d3b5bec9039621d8ff103f\"><strong>Documentos<\/strong><\/h2>\n\n\n\n<div class=\"wp-block-buttons is-vertical is-content-justification-center is-layout-flex wp-container-core-buttons-is-layout-0a0d504e wp-block-buttons-is-layout-flex\" style=\"margin-top:0;margin-bottom:0\">\n<div class=\"wp-block-button\"><a class=\"wp-block-button__link wp-element-button\" href=\"https:\/\/drive.google.com\/file\/d\/1DGHPvygyFX1NJG8eVWV8K1DOI4brZcqN\/view\" style=\"border-width:1px\">dosier de presentaci\u00f3n<\/a><\/div>\n\n\n\n<div class=\"wp-block-button\"><a class=\"wp-block-button__link wp-element-button\" href=\"https:\/\/drive.google.com\/file\/d\/1qgCrJw1fOdaJc3faafx_GmSxm-9HErfR\/view\" style=\"border-width:1px\">balance de cierre<\/a><\/div>\n\n\n\n<div class=\"wp-block-button\"><a class=\"wp-block-button__link wp-element-button\" href=\"https:\/\/drive.google.com\/file\/d\/1EtTz-X-sRd_Pyb-eBYNUPcwXTPIC19eV\/view\" style=\"border-width:1px\">modelo de gesti\u00f3n (en catal\u00e1n)<\/a><\/div>\n<\/div>\n<\/div>\n<\/div>\n<\/div>","protected":false},"excerpt":{"rendered":"<p>Una normalidad extraordinaria Una crisis sanitaria, social y cultural que lo ha cambiado todo nos ha instalado en&#8230;<\/p>\n","protected":false},"author":35132,"featured_media":0,"parent":0,"menu_order":0,"comment_status":"closed","ping_status":"closed","template":"","meta":{"_acf_changed":false,"footnotes":""},"class_list":["post-98226","page","type-page","status-publish","hentry"],"acf":[],"yoast_head":"<!-- This site is optimized with the Yoast SEO plugin v27.0 - https:\/\/yoast.com\/product\/yoast-seo-wordpress\/ -->\n<title>Edici\u00f3n 2020 - Temporada Alta<\/title>\n<meta name=\"robots\" content=\"index, follow, max-snippet:-1, max-image-preview:large, max-video-preview:-1\" \/>\n<link rel=\"canonical\" href=\"https:\/\/temporada-alta.com\/es\/edicion-2020\/\" \/>\n<meta property=\"og:locale\" content=\"es_ES\" \/>\n<meta property=\"og:type\" content=\"article\" \/>\n<meta property=\"og:title\" content=\"Edici\u00f3n 2020 - Temporada Alta\" \/>\n<meta property=\"og:description\" content=\"Una normalidad extraordinaria Una crisis sanitaria, social y cultural que lo ha cambiado todo nos ha instalado en...\" \/>\n<meta property=\"og:url\" content=\"https:\/\/temporada-alta.com\/es\/edicion-2020\/\" \/>\n<meta property=\"og:site_name\" content=\"Temporada Alta\" \/>\n<meta property=\"article:modified_time\" content=\"2025-02-20T15:39:50+00:00\" \/>\n<meta property=\"og:image\" content=\"https:\/\/temporada-alta.com\/wp-content\/uploads\/Molly_Bloom.jpg\" \/>\n\t<meta property=\"og:image:width\" content=\"992\" \/>\n\t<meta property=\"og:image:height\" content=\"744\" \/>\n\t<meta property=\"og:image:type\" content=\"image\/jpeg\" \/>\n<meta name=\"twitter:card\" content=\"summary_large_image\" \/>\n<script type=\"application\/ld+json\" class=\"yoast-schema-graph\">{\"@context\":\"https:\/\/schema.org\",\"@graph\":[{\"@type\":\"WebPage\",\"@id\":\"https:\/\/temporada-alta.com\/es\/edicion-2020\/\",\"url\":\"https:\/\/temporada-alta.com\/es\/edicion-2020\/\",\"name\":\"Edici\u00f3n 2020 - Temporada Alta\",\"isPartOf\":{\"@id\":\"https:\/\/temporada-alta.com\/es\/#website\"},\"primaryImageOfPage\":{\"@id\":\"https:\/\/temporada-alta.com\/es\/edicion-2020\/#primaryimage\"},\"image\":{\"@id\":\"https:\/\/temporada-alta.com\/es\/edicion-2020\/#primaryimage\"},\"thumbnailUrl\":\"https:\/\/temporada-alta.com\/wp-content\/uploads\/Molly_Bloom.jpg\",\"datePublished\":\"2024-11-14T12:13:25+00:00\",\"dateModified\":\"2025-02-20T15:39:50+00:00\",\"breadcrumb\":{\"@id\":\"https:\/\/temporada-alta.com\/es\/edicion-2020\/#breadcrumb\"},\"inLanguage\":\"es\",\"potentialAction\":[{\"@type\":\"ReadAction\",\"target\":[\"https:\/\/temporada-alta.com\/es\/edicion-2020\/\"]}]},{\"@type\":\"ImageObject\",\"inLanguage\":\"es\",\"@id\":\"https:\/\/temporada-alta.com\/es\/edicion-2020\/#primaryimage\",\"url\":\"https:\/\/temporada-alta.com\/wp-content\/uploads\/Molly_Bloom.jpg\",\"contentUrl\":\"https:\/\/temporada-alta.com\/wp-content\/uploads\/Molly_Bloom.jpg\"},{\"@type\":\"BreadcrumbList\",\"@id\":\"https:\/\/temporada-alta.com\/es\/edicion-2020\/#breadcrumb\",\"itemListElement\":[{\"@type\":\"ListItem\",\"position\":1,\"name\":\"Inici\",\"item\":\"https:\/\/temporada-alta.com\/es\/\"},{\"@type\":\"ListItem\",\"position\":2,\"name\":\"Edici\u00f3n 2020\"}]},{\"@type\":\"WebSite\",\"@id\":\"https:\/\/temporada-alta.com\/es\/#website\",\"url\":\"https:\/\/temporada-alta.com\/es\/\",\"name\":\"Temporada Alta\",\"description\":\"Festival d&#039;Arts Esc\u00e8niques\",\"publisher\":{\"@id\":\"https:\/\/temporada-alta.com\/es\/#organization\"},\"potentialAction\":[{\"@type\":\"SearchAction\",\"target\":{\"@type\":\"EntryPoint\",\"urlTemplate\":\"https:\/\/temporada-alta.com\/es\/?s={search_term_string}\"},\"query-input\":{\"@type\":\"PropertyValueSpecification\",\"valueRequired\":true,\"valueName\":\"search_term_string\"}}],\"inLanguage\":\"es\"},{\"@type\":\"Organization\",\"@id\":\"https:\/\/temporada-alta.com\/es\/#organization\",\"name\":\"Temporada Alta\",\"url\":\"https:\/\/temporada-alta.com\/es\/\",\"logo\":{\"@type\":\"ImageObject\",\"inLanguage\":\"es\",\"@id\":\"https:\/\/temporada-alta.com\/es\/#\/schema\/logo\/image\/\",\"url\":\"https:\/\/temporada-alta.com\/wp-content\/uploads\/TA21-Logotip-pos.png\",\"contentUrl\":\"https:\/\/temporada-alta.com\/wp-content\/uploads\/TA21-Logotip-pos.png\",\"width\":800,\"height\":267,\"caption\":\"Temporada Alta\"},\"image\":{\"@id\":\"https:\/\/temporada-alta.com\/es\/#\/schema\/logo\/image\/\"}}]}<\/script>\n<!-- \/ Yoast SEO plugin. -->","yoast_head_json":{"title":"Edici\u00f3n 2020 - Temporada Alta","robots":{"index":"index","follow":"follow","max-snippet":"max-snippet:-1","max-image-preview":"max-image-preview:large","max-video-preview":"max-video-preview:-1"},"canonical":"https:\/\/temporada-alta.com\/es\/edicion-2020\/","og_locale":"es_ES","og_type":"article","og_title":"Edici\u00f3n 2020 - Temporada Alta","og_description":"Una normalidad extraordinaria Una crisis sanitaria, social y cultural que lo ha cambiado todo nos ha instalado en...","og_url":"https:\/\/temporada-alta.com\/es\/edicion-2020\/","og_site_name":"Temporada Alta","article_modified_time":"2025-02-20T15:39:50+00:00","og_image":[{"width":992,"height":744,"url":"https:\/\/temporada-alta.com\/wp-content\/uploads\/Molly_Bloom.jpg","type":"image\/jpeg"}],"twitter_card":"summary_large_image","schema":{"@context":"https:\/\/schema.org","@graph":[{"@type":"WebPage","@id":"https:\/\/temporada-alta.com\/es\/edicion-2020\/","url":"https:\/\/temporada-alta.com\/es\/edicion-2020\/","name":"Edici\u00f3n 2020 - Temporada Alta","isPartOf":{"@id":"https:\/\/temporada-alta.com\/es\/#website"},"primaryImageOfPage":{"@id":"https:\/\/temporada-alta.com\/es\/edicion-2020\/#primaryimage"},"image":{"@id":"https:\/\/temporada-alta.com\/es\/edicion-2020\/#primaryimage"},"thumbnailUrl":"https:\/\/temporada-alta.com\/wp-content\/uploads\/Molly_Bloom.jpg","datePublished":"2024-11-14T12:13:25+00:00","dateModified":"2025-02-20T15:39:50+00:00","breadcrumb":{"@id":"https:\/\/temporada-alta.com\/es\/edicion-2020\/#breadcrumb"},"inLanguage":"es","potentialAction":[{"@type":"ReadAction","target":["https:\/\/temporada-alta.com\/es\/edicion-2020\/"]}]},{"@type":"ImageObject","inLanguage":"es","@id":"https:\/\/temporada-alta.com\/es\/edicion-2020\/#primaryimage","url":"https:\/\/temporada-alta.com\/wp-content\/uploads\/Molly_Bloom.jpg","contentUrl":"https:\/\/temporada-alta.com\/wp-content\/uploads\/Molly_Bloom.jpg"},{"@type":"BreadcrumbList","@id":"https:\/\/temporada-alta.com\/es\/edicion-2020\/#breadcrumb","itemListElement":[{"@type":"ListItem","position":1,"name":"Inici","item":"https:\/\/temporada-alta.com\/es\/"},{"@type":"ListItem","position":2,"name":"Edici\u00f3n 2020"}]},{"@type":"WebSite","@id":"https:\/\/temporada-alta.com\/es\/#website","url":"https:\/\/temporada-alta.com\/es\/","name":"Temporada Alta","description":"Festival d&#039;Arts Esc\u00e8niques","publisher":{"@id":"https:\/\/temporada-alta.com\/es\/#organization"},"potentialAction":[{"@type":"SearchAction","target":{"@type":"EntryPoint","urlTemplate":"https:\/\/temporada-alta.com\/es\/?s={search_term_string}"},"query-input":{"@type":"PropertyValueSpecification","valueRequired":true,"valueName":"search_term_string"}}],"inLanguage":"es"},{"@type":"Organization","@id":"https:\/\/temporada-alta.com\/es\/#organization","name":"Temporada Alta","url":"https:\/\/temporada-alta.com\/es\/","logo":{"@type":"ImageObject","inLanguage":"es","@id":"https:\/\/temporada-alta.com\/es\/#\/schema\/logo\/image\/","url":"https:\/\/temporada-alta.com\/wp-content\/uploads\/TA21-Logotip-pos.png","contentUrl":"https:\/\/temporada-alta.com\/wp-content\/uploads\/TA21-Logotip-pos.png","width":800,"height":267,"caption":"Temporada Alta"},"image":{"@id":"https:\/\/temporada-alta.com\/es\/#\/schema\/logo\/image\/"}}]}},"_links":{"self":[{"href":"https:\/\/temporada-alta.com\/es\/wp-json\/wp\/v2\/pages\/98226","targetHints":{"allow":["GET"]}}],"collection":[{"href":"https:\/\/temporada-alta.com\/es\/wp-json\/wp\/v2\/pages"}],"about":[{"href":"https:\/\/temporada-alta.com\/es\/wp-json\/wp\/v2\/types\/page"}],"author":[{"embeddable":true,"href":"https:\/\/temporada-alta.com\/es\/wp-json\/wp\/v2\/users\/35132"}],"replies":[{"embeddable":true,"href":"https:\/\/temporada-alta.com\/es\/wp-json\/wp\/v2\/comments?post=98226"}],"version-history":[{"count":2,"href":"https:\/\/temporada-alta.com\/es\/wp-json\/wp\/v2\/pages\/98226\/revisions"}],"predecessor-version":[{"id":98230,"href":"https:\/\/temporada-alta.com\/es\/wp-json\/wp\/v2\/pages\/98226\/revisions\/98230"}],"wp:attachment":[{"href":"https:\/\/temporada-alta.com\/es\/wp-json\/wp\/v2\/media?parent=98226"}],"curies":[{"name":"wp","href":"https:\/\/api.w.org\/{rel}","templated":true}]}}