{"id":98181,"date":"2024-11-14T10:33:00","date_gmt":"2024-11-14T09:33:00","guid":{"rendered":"https:\/\/temporada-alta.com\/?page_id=98181"},"modified":"2025-02-20T13:34:23","modified_gmt":"2025-02-20T12:34:23","slug":"edicion-2023","status":"publish","type":"page","link":"https:\/\/temporada-alta.com\/es\/edicion-2023\/","title":{"rendered":"Edici\u00f3n 2023"},"content":{"rendered":"<div id=\"modal-ready\">\n<div class=\"wp-block-columns are-vertically-aligned-center is-layout-flex wp-container-core-columns-is-layout-28f84493 wp-block-columns-is-layout-flex\">\n<div class=\"wp-block-column is-vertically-aligned-center is-layout-flow wp-block-column-is-layout-flow\">\n<h2 class=\"wp-block-heading has-large-font-size\"><strong>Un festival para todo el mundo<\/strong><\/h2>\n\n\n\n<p>Avanzamos en nuestra tercera d\u00e9cada de existencia, con una edici\u00f3n que presenta una programaci\u00f3n con<strong> 99 espect\u00e1culos repartidos en 22 escenarios a lo largo de 11 semanas<\/strong>. Este a\u00f1o, contamos con la programaci\u00f3n internacional m\u00e1s potente de nuestra historia, con artistas y compa\u00f1\u00edas como Complicit\u00e9, Milo Rao, Ang\u00e9lica Liddell, Pan.Optikum, Sergio Boris, Gabriel Calder\u00f3n o Thomas Ostermeier, entre muchos otros.<\/p>\n\n\n\n<p>Adem\u00e1s, recuperamos la emblem\u00e1tica Fira de Girona como espacio para celebrar eventos de gran formato. All\u00ed presentamos el concierto de final de gira de <strong>Ant\u00f2nia Font<\/strong> y una de las novedades del festival: <strong>la petiTA<\/strong>, una jornada de espect\u00e1culos familiares coorganizada con El Pot Petit. De esta forma, Temporada Alta 2023 es la edici\u00f3n con m\u00e1s espect\u00e1culos familiares programados hasta ahora.<\/p>\n<\/div>\n\n\n\n<div class=\"wp-block-column is-vertically-aligned-center is-layout-flow wp-block-column-is-layout-flow\">\n<figure class=\"wp-block-image size-large\"><img loading=\"lazy\" decoding=\"async\" width=\"1200\" height=\"675\" src=\"https:\/\/temporada-alta.com\/wp-content\/uploads\/\/DrivePloughBones-Bristol-we2-1-1200x675.jpg\" alt=\"\" class=\"wp-image-88428\" srcset=\"https:\/\/temporada-alta.com\/wp-content\/uploads\/DrivePloughBones-Bristol-we2-1-1200x675.jpg 1200w, https:\/\/temporada-alta.com\/wp-content\/uploads\/DrivePloughBones-Bristol-we2-1-630x354.jpg 630w, https:\/\/temporada-alta.com\/wp-content\/uploads\/DrivePloughBones-Bristol-we2-1-768x432.jpg 768w, https:\/\/temporada-alta.com\/wp-content\/uploads\/DrivePloughBones-Bristol-we2-1-1536x864.jpg 1536w, https:\/\/temporada-alta.com\/wp-content\/uploads\/DrivePloughBones-Bristol-we2-1.jpg 1920w\" sizes=\"auto, (max-width: 1200px) 100vw, 1200px\" \/><\/figure>\n<\/div>\n<\/div>\n\n\n\n<p>Figueres se incorpora al festival como nueva subsede, que acoger\u00e1 <strong><em>Diptych: The missing door and The lost room<\/em><\/strong>, el nuevo espect\u00e1culo de la compa\u00f1\u00eda de danza-teatro Peeping Tom. Por lo tanto, TA23 contar\u00e1 con 6 subsedes (Figueres, Palafrugell, Torroella, Sant Gregori, Banyoles y Bescan\u00f3), a las cuales volvemos a sumar Barcelona. Despu\u00e9s de la buena experiencia del a\u00f1o pasado, este a\u00f1o, llevamos dos espect\u00e1culos a la Ciudad Condal: <strong><em>La Doleur<\/em><\/strong> al Teatro Romea y <strong><em>The Goldberg Variations<\/em><\/strong> al Mercat de les Flors.<\/p>\n\n\n\n<p>Tambi\u00e9n repetimos, como el a\u00f1o anterior, la iniciativa de estrenar un espect\u00e1culo en el interior de la <strong>Catedral de Girona<\/strong>. En este caso, se trata de la lectura de <em>Textos de Simon Weil<\/em>, con dramaturgia de Anna Punsoda y protagonizada por la actriz M\u00edriam Iscla.<\/p>\n\n\n\n<p>El programa de 2023 es un buen ejemplo de que Temporada Alta es <strong>un festival que tiene de todo<\/strong> <strong>y pensado para todo el mundo<\/strong>. Es por eso que tambi\u00e9n hemos tomado la decisi\u00f3n de incluir en la programaci\u00f3n un ciclo de comedia, abrazando el stand-up como una disciplina esc\u00e9nica m\u00e1s.<\/p>\n\n\n\n<p>32 a\u00f1os de Temporada Alta, donde seguimos ofreciendo una programaci\u00f3n que mezcla artistas locales con una notable presencia internacional, el impulso a la creaci\u00f3n, el equilibrio entre producciones y propuestas m\u00e1s experimentales con el teatro popular y proyectos internacionales como el <strong>PPP (People Power Partnership)<\/strong> de Pan.Optikum que este a\u00f1o vuelve a Girona con su gran resultado final.<\/p>\n\n\n\n<div class=\"wp-block-buttons is-content-justification-center is-layout-flex wp-container-core-buttons-is-layout-a89b3969 wp-block-buttons-is-layout-flex\">\n<div class=\"wp-block-button\"><a class=\"wp-block-button__link has-black-color has-white-background-color has-text-color has-background has-link-color wp-element-button\" href=\"https:\/\/temporada-alta.com\/edicions\/2023\/\" style=\"border-width:1px\">programaci\u00f3n 2023<\/a><\/div>\n<\/div>\n\n\n\n<div class=\"wp-block-columns are-vertically-aligned-center has-white-color has-black-background-color has-text-color has-background has-link-color wp-elements-a85cb3c12963873c96854cb33cb3232e is-layout-flex wp-container-core-columns-is-layout-28f84493 wp-block-columns-is-layout-flex\">\n<div class=\"wp-block-column is-vertically-aligned-center is-layout-flow wp-block-column-is-layout-flow\">\n<h2 class=\"wp-block-heading has-text-align-center has-white-color has-text-color has-link-color wp-elements-07bf85a7f7d3b5bec9039621d8ff103f\"><strong>Documentos<\/strong><\/h2>\n\n\n\n<div class=\"wp-block-buttons is-vertical is-content-justification-center is-layout-flex wp-container-core-buttons-is-layout-0a0d504e wp-block-buttons-is-layout-flex\" style=\"margin-top:0;margin-bottom:0\">\n<div class=\"wp-block-button\"><a class=\"wp-block-button__link wp-element-button\" href=\"https:\/\/drive.google.com\/file\/d\/1unEVHjQX_1fX9RqK9DpF0xbWQcnX1Jee\/view\" style=\"border-width:1px\">dosier presentaci\u00f3n del festival 2023<\/a><\/div>\n\n\n\n<div class=\"wp-block-button\"><a class=\"wp-block-button__link wp-element-button\" href=\"https:\/\/drive.google.com\/file\/d\/1AkT8KC6q1hlK1TGL4dL4x1JeGWIv9S92\/view\" style=\"border-width:1px\">dosier de los ejes del festival 2023<\/a><\/div>\n\n\n\n<div class=\"wp-block-button\"><a class=\"wp-block-button__link wp-element-button\" href=\"https:\/\/drive.google.com\/file\/d\/16DgfwuRjjYc8b9DrQpmGJhW8AX3Y7aft\/view\" style=\"border-width:1px\">dosier de clausura 2023<\/a><\/div>\n\n\n\n<div class=\"wp-block-button\"><a class=\"wp-block-button__link wp-element-button\" href=\"https:\/\/drive.google.com\/file\/d\/179380JCd39HJT0vMScmnnB1SEL0Sx5Tw\/view\" style=\"border-width:1px\">infograf\u00eda<\/a><\/div>\n<\/div>\n<\/div>\n\n\n\n<div class=\"wp-block-column is-vertically-aligned-center is-layout-flow wp-block-column-is-layout-flow\">\n<figure class=\"wp-block-image size-large\"><img loading=\"lazy\" decoding=\"async\" width=\"1200\" height=\"675\" src=\"https:\/\/temporada-alta.com\/wp-content\/uploads\/\/familie-web-2-1200x675.jpg\" alt=\"\" class=\"wp-image-87719\" srcset=\"https:\/\/temporada-alta.com\/wp-content\/uploads\/familie-web-2-1200x675.jpg 1200w, https:\/\/temporada-alta.com\/wp-content\/uploads\/familie-web-2-630x354.jpg 630w, https:\/\/temporada-alta.com\/wp-content\/uploads\/familie-web-2-768x432.jpg 768w, https:\/\/temporada-alta.com\/wp-content\/uploads\/familie-web-2-1536x864.jpg 1536w, https:\/\/temporada-alta.com\/wp-content\/uploads\/familie-web-2.jpg 1920w\" sizes=\"auto, (max-width: 1200px) 100vw, 1200px\" \/><\/figure>\n<\/div>\n<\/div>\n\n\n\n<div class=\"wp-block-columns are-vertically-aligned-center is-layout-flex wp-container-core-columns-is-layout-28f84493 wp-block-columns-is-layout-flex\">\n<div class=\"wp-block-column is-vertically-aligned-center is-layout-flow wp-block-column-is-layout-flow\">\n<figure class=\"wp-block-image size-large\"><img loading=\"lazy\" decoding=\"async\" width=\"1200\" height=\"1768\" src=\"https:\/\/temporada-alta.com\/wp-content\/uploads\/\/cartell-ta23-web-1200x1768.jpg\" alt=\"\" class=\"wp-image-86964\" srcset=\"https:\/\/temporada-alta.com\/wp-content\/uploads\/cartell-ta23-web-1200x1768.jpg 1200w, https:\/\/temporada-alta.com\/wp-content\/uploads\/cartell-ta23-web-253x372.jpg 253w, https:\/\/temporada-alta.com\/wp-content\/uploads\/cartell-ta23-web-768x1131.jpg 768w, https:\/\/temporada-alta.com\/wp-content\/uploads\/cartell-ta23-web-1043x1536.jpg 1043w, https:\/\/temporada-alta.com\/wp-content\/uploads\/cartell-ta23-web-1390x2048.jpg 1390w, https:\/\/temporada-alta.com\/wp-content\/uploads\/cartell-ta23-web-scaled.jpg 1738w\" sizes=\"auto, (max-width: 1200px) 100vw, 1200px\" \/><\/figure>\n<\/div>\n\n\n\n<div class=\"wp-block-column is-vertically-aligned-center is-layout-flow wp-block-column-is-layout-flow\">\n<h3 class=\"wp-block-heading\"><strong>El cartel:<br><em>Gest-batec<\/em> de Enric Pladevall<\/strong><\/h3>\n\n\n\n<p>\u201c<em>Gest-batec.<\/em> Palabra compuesta que me acabo de inventar. Es en parte, fruto de mi viaje en el Jap\u00f3n del a\u00f1o 2007 donde fui para hacer un cursillo de caligraf\u00eda japonesa en Kioto. No por la caligraf\u00eda sino para poder utilizar la t\u00e9cnica en mis trabajos posteriores. Tambi\u00e9n para abrevarme a los Templos sinto\u00edstas que tanto admiraba.<\/p>\n\n\n\n<p>Esta obra la hice en Kioto en cinco seg\u00fan, pero ha estado cincuenta a\u00f1os empoll\u00e1ndose, porque, el que dices en cualquier de las obras que haces es un c\u00f3ctel del que eres: el que has vivido, el que has le\u00eddo, el que has visto y sentido, el que has andado, los amigos, las conversaciones, el pensamiento, la actitud ante el mundo, la natura, el pa\u00eds\u2026, todo esto va creando un poso que se transmite a la obra. Esta ser\u00eda la otra parte.<\/p>\n\n\n\n<p><strong>\u00bf<em>Gest-batec<\/em> es un acto realizado por un impulso o un sentimiento?<\/strong><\/p>\n\n\n\n<p>\u00bfEs un gesto-latido de la mano, del brazo, del cuerpo, de la cabeza, o de una emoci\u00f3n? \u00bfEs una danza de la palabra? \u00bfUn bramido del est\u00f3mago? \u00bfEl grito mudo de un actor? \u00bfUna simple semilla? O sencillamente un gesto-latido.<\/p>\n\n\n\n<p>No s\u00e9 si he explicado bien lo inexplicable?\u201d<\/p>\n\n\n\n<h3 class=\"wp-block-heading\"><strong>Enric Pladevall<br><\/strong><strong>1 de julio 2023<\/strong><\/h3>\n<\/div>\n<\/div>\n\n\n\n<div class=\"wp-block-columns are-vertically-aligned-center is-layout-flex wp-container-core-columns-is-layout-28f84493 wp-block-columns-is-layout-flex\">\n<div class=\"wp-block-column is-vertically-aligned-center is-layout-flow wp-block-column-is-layout-flow\">\n<h3 class=\"wp-block-heading\"><strong>El corto de TA23 por Albert Serra<\/strong><\/h3>\n\n\n\n<p>\u201cLo que m\u00e1s me gusta es cuando los artistas improvisan, pero con una fuerte voluntad conceptual detr\u00e1s, cuando no se pueden divertir, cuando aunque haya la espontaneidad de la vida, empieza a emerger la verdad de la escena y la presi\u00f3n que lo acompa\u00f1a\u201d.<\/p>\n\n\n\n<p>Albert Serra<br>Director del Corto de TA23<\/p>\n\n\n\n<p><strong>Un film de Albert Serra<\/strong><br><strong>M\u00fasica:<\/strong>&nbsp;Molforts<br><strong>Imagen:<\/strong> Artur Tort y Marc Cusc\u00f3<br><strong>Sonido:<\/strong>&nbsp;Jordi Ribas<\/p>\n<\/div>\n\n\n\n<div class=\"wp-block-column is-vertically-aligned-center is-layout-flow wp-block-column-is-layout-flow\">\n<figure class=\"wp-block-image size-large\"><img loading=\"lazy\" decoding=\"async\" width=\"1200\" height=\"675\" src=\"https:\/\/temporada-alta.com\/wp-content\/uploads\/\/UIM-Molforts_05_fot_Dani-Canto-web-1200x675.jpg\" alt=\"\" class=\"wp-image-87701\" srcset=\"https:\/\/temporada-alta.com\/wp-content\/uploads\/UIM-Molforts_05_fot_Dani-Canto-web-1200x675.jpg 1200w, https:\/\/temporada-alta.com\/wp-content\/uploads\/UIM-Molforts_05_fot_Dani-Canto-web-630x354.jpg 630w, https:\/\/temporada-alta.com\/wp-content\/uploads\/UIM-Molforts_05_fot_Dani-Canto-web-768x432.jpg 768w, https:\/\/temporada-alta.com\/wp-content\/uploads\/UIM-Molforts_05_fot_Dani-Canto-web-1536x864.jpg 1536w, https:\/\/temporada-alta.com\/wp-content\/uploads\/UIM-Molforts_05_fot_Dani-Canto-web.jpg 1920w\" sizes=\"auto, (max-width: 1200px) 100vw, 1200px\" \/><\/figure>\n<\/div>\n<\/div>\n\n\n\n<h3 class=\"wp-block-heading\">Sobre el director<\/h3>\n\n\n\n<p>Albert Serra (1975, Banyoles) es un director y productor de cine. Su primer largometraje fue Crespi\u00e0, the film not the village (2003), que no lleg\u00f3 a estrenarse comercialmente. \u201cHonor de cavalleria\u201d (2006), su segunda pel\u00edcula, se present\u00f3 en el Festival Internacional de Cine de Cannes de 2006 y su maravillosa acogida lo convirti\u00f3 en referente dentro del cine de autor europeo contempor\u00e1neo. En el 2008 volver\u00eda a Cannes para presentar \u201cEl Cant dels Ocells\u201d su tercera pel\u00edcula. En el a\u00f1o 2012 dirige \u201cHistoria de la meva mort\u201d, una coproducci\u00f3n hispano-francesa en la que mezcla el mito de Dr\u00e1cula con la figura de Casanova en el contexto de la transici\u00f3n del siglo XVIII al XIX. Fue esta pel\u00edcula la que le ganar\u00eda el leopardo de oro en el Festival Internacional de Cine de Locarno, premio que le hizo saltar al panorama cinematogr\u00e1fico mundial como uno de los directores m\u00e1s originales. Cuatro a\u00f1os m\u00e1s tarde, en 2016, presenta \u201cLa muerte de Luis XIV\u201d, un \u00e9xito protagonizado por Jean-Pierre L\u00e9aud, que lo har\u00eda ser el primer espa\u00f1ol en ganar el premio Jean Vigo. En un principio, la pel\u00edcula estaba pensada para ser una instalaci\u00f3n de museo, pero por diversos problemas no fue as\u00ed. Sin embargo, Serra retomar\u00eda esta idea en 2018 con \u201cRoi Soleil\u201d, un retrato grotesco de Luis XIV y su gradual decadencia hasta su muerte. Tan solo un a\u00f1o m\u00e1s tarde, en 2019, volver\u00eda a Cannes con \u201cLibert\u00e9\u201d, una obra sobre el libertinaje en la Francia del siglo XVIII y que le ganar\u00eda el premio del jurado. Finalmente, en 2022, dirige su \u00faltima pel\u00edcula hasta la fecha, \u201cPacifiction\u201d. Esta es una cr\u00edtica sat\u00edrica a la crisis nuclear de hoy en d\u00eda, que ha ganado el premio Louis Delluc y ha sido elegida como la mejor pel\u00edcula del a\u00f1o por la revista Cahiers Du Cin\u00e9ma.<\/p>\n\n\n\n<figure class=\"wp-block-embed is-type-video is-provider-youtube wp-block-embed-youtube wp-embed-aspect-16-9 wp-has-aspect-ratio\"><div class=\"wp-block-embed__wrapper\">\n<iframe loading=\"lazy\" title=\"El curt de Temporada Alta 2023 - Albert Serra\" width=\"500\" height=\"281\" src=\"https:\/\/www.youtube.com\/embed\/J65urGjzTUg?feature=oembed&#038;enablejsapi=1&#038;origin=https:\/\/temporada-alta.com\" frameborder=\"0\" allow=\"accelerometer; autoplay; clipboard-write; encrypted-media; gyroscope; picture-in-picture; web-share\" referrerpolicy=\"strict-origin-when-cross-origin\" allowfullscreen><\/iframe>\n<\/div><\/figure>\n\n\n\n<h3 class=\"wp-block-heading\"><strong>La Caverna: un nuevo proyecto audiovisual<\/strong><\/h3>\n\n\n\n<p>Este a\u00f1o, hemos estrenado La Caverna, el nuevo proyecto audiovisual del festival con la colaboraci\u00f3n de la Fundaci\u00f3n La Caixa. La propuesta es una serie de conversaciones entre grandes directores y creadores de la escena europea que han pasado por el festival con personalidades del mundo de la cultura elegidos por ellos mismos. Ang\u00e9lica Liddell, Romeo Castellucci, Christiane Jatahy, Declan Donnellan, Mar\u00eda Mu\u00f1oz (Mal Pelo) y Marcos Morau (La Veronal) son los artistas invitados de esta primera temporada que se puede ver de manera gratuita en la plataforma Caixaforum+ y en los canales propios del festival.<\/p>\n\n\n\n<figure class=\"wp-block-embed is-type-video is-provider-youtube wp-block-embed-youtube wp-embed-aspect-16-9 wp-has-aspect-ratio\"><div class=\"wp-block-embed__wrapper\">\n<iframe loading=\"lazy\" title=\"Tr\u00e0iler de LA CAVERNA - Temporada 1\" width=\"500\" height=\"281\" src=\"https:\/\/www.youtube.com\/embed\/Sc2w3LGLmEs?feature=oembed&#038;enablejsapi=1&#038;origin=https:\/\/temporada-alta.com\" frameborder=\"0\" allow=\"accelerometer; autoplay; clipboard-write; encrypted-media; gyroscope; picture-in-picture; web-share\" referrerpolicy=\"strict-origin-when-cross-origin\" allowfullscreen><\/iframe>\n<\/div><\/figure>\n\n\n\n<h3 class=\"wp-block-heading\"><strong>\u2018Aix\u00f2 no \u00e9s un c\u00e0sting\u2019, <\/strong><strong>un p\u00f3dcast de Temporada Alta y Radio Primavera Sound<\/strong><\/h3>\n\n\n\n<p>Despu\u00e9s de una primera experiencia en la edici\u00f3n anterior, en Temporada Alta 2023, hemos querido hacer crecer la iniciativa y crear un nuevo p\u00f3dcast con la colaboraci\u00f3n de Radio Primavera Sound, que incluye grabaci\u00f3n en video de los episodios. El nuevo p\u00f3dcast se llama \u2018Aix\u00f2 no \u00e9s un c\u00e0sting\u2019 y est\u00e1 presentado por Paula Carreras y Marc Tarrida Aribau. La primera temporada ha tratado temas como humor y teatro, nuevas compa\u00f1\u00edas, autoficci\u00f3n, dejar la profesi\u00f3n, adaptar los cl\u00e1sicos o \u00e9xito prematuro, entre otros muchos.<\/p>\n<\/div>","protected":false},"excerpt":{"rendered":"<p>Un festival para todo el mundo Avanzamos en nuestra tercera d\u00e9cada de existencia, con una edici\u00f3n que presenta&#8230;<\/p>\n","protected":false},"author":35132,"featured_media":0,"parent":0,"menu_order":0,"comment_status":"closed","ping_status":"closed","template":"","meta":{"_acf_changed":false,"footnotes":""},"class_list":["post-98181","page","type-page","status-publish","hentry"],"acf":[],"yoast_head":"<!-- This site is optimized with the Yoast SEO plugin v27.0 - https:\/\/yoast.com\/product\/yoast-seo-wordpress\/ -->\n<title>Edici\u00f3n 2023 - Temporada Alta<\/title>\n<meta name=\"robots\" content=\"index, follow, max-snippet:-1, max-image-preview:large, max-video-preview:-1\" \/>\n<link rel=\"canonical\" href=\"https:\/\/temporada-alta.com\/es\/edicion-2023\/\" \/>\n<meta property=\"og:locale\" content=\"es_ES\" \/>\n<meta property=\"og:type\" content=\"article\" \/>\n<meta property=\"og:title\" content=\"Edici\u00f3n 2023 - Temporada Alta\" \/>\n<meta property=\"og:description\" content=\"Un festival para todo el mundo Avanzamos en nuestra tercera d\u00e9cada de existencia, con una edici\u00f3n que presenta...\" \/>\n<meta property=\"og:url\" content=\"https:\/\/temporada-alta.com\/es\/edicion-2023\/\" \/>\n<meta property=\"og:site_name\" content=\"Temporada Alta\" \/>\n<meta property=\"article:modified_time\" content=\"2025-02-20T12:34:23+00:00\" \/>\n<meta property=\"og:image\" content=\"https:\/\/temporada-alta.com\/wp-content\/uploads\/DrivePloughBones-Bristol-we2-1.jpg\" \/>\n\t<meta property=\"og:image:width\" content=\"1920\" \/>\n\t<meta property=\"og:image:height\" content=\"1080\" \/>\n\t<meta property=\"og:image:type\" content=\"image\/jpeg\" \/>\n<meta name=\"twitter:card\" content=\"summary_large_image\" \/>\n<script type=\"application\/ld+json\" class=\"yoast-schema-graph\">{\"@context\":\"https:\/\/schema.org\",\"@graph\":[{\"@type\":\"WebPage\",\"@id\":\"https:\/\/temporada-alta.com\/es\/edicion-2023\/\",\"url\":\"https:\/\/temporada-alta.com\/es\/edicion-2023\/\",\"name\":\"Edici\u00f3n 2023 - Temporada Alta\",\"isPartOf\":{\"@id\":\"https:\/\/temporada-alta.com\/es\/#website\"},\"primaryImageOfPage\":{\"@id\":\"https:\/\/temporada-alta.com\/es\/edicion-2023\/#primaryimage\"},\"image\":{\"@id\":\"https:\/\/temporada-alta.com\/es\/edicion-2023\/#primaryimage\"},\"thumbnailUrl\":\"https:\/\/temporada-alta.com\/wp-content\/uploads\/\/DrivePloughBones-Bristol-we2-1-1200x675.jpg\",\"datePublished\":\"2024-11-14T09:33:00+00:00\",\"dateModified\":\"2025-02-20T12:34:23+00:00\",\"breadcrumb\":{\"@id\":\"https:\/\/temporada-alta.com\/es\/edicion-2023\/#breadcrumb\"},\"inLanguage\":\"es\",\"potentialAction\":[{\"@type\":\"ReadAction\",\"target\":[\"https:\/\/temporada-alta.com\/es\/edicion-2023\/\"]}]},{\"@type\":\"ImageObject\",\"inLanguage\":\"es\",\"@id\":\"https:\/\/temporada-alta.com\/es\/edicion-2023\/#primaryimage\",\"url\":\"https:\/\/temporada-alta.com\/wp-content\/uploads\/\/DrivePloughBones-Bristol-we2-1-1200x675.jpg\",\"contentUrl\":\"https:\/\/temporada-alta.com\/wp-content\/uploads\/\/DrivePloughBones-Bristol-we2-1-1200x675.jpg\"},{\"@type\":\"BreadcrumbList\",\"@id\":\"https:\/\/temporada-alta.com\/es\/edicion-2023\/#breadcrumb\",\"itemListElement\":[{\"@type\":\"ListItem\",\"position\":1,\"name\":\"Inici\",\"item\":\"https:\/\/temporada-alta.com\/es\/\"},{\"@type\":\"ListItem\",\"position\":2,\"name\":\"Edici\u00f3n 2023\"}]},{\"@type\":\"WebSite\",\"@id\":\"https:\/\/temporada-alta.com\/es\/#website\",\"url\":\"https:\/\/temporada-alta.com\/es\/\",\"name\":\"Temporada Alta\",\"description\":\"Festival d&#039;Arts Esc\u00e8niques\",\"publisher\":{\"@id\":\"https:\/\/temporada-alta.com\/es\/#organization\"},\"potentialAction\":[{\"@type\":\"SearchAction\",\"target\":{\"@type\":\"EntryPoint\",\"urlTemplate\":\"https:\/\/temporada-alta.com\/es\/?s={search_term_string}\"},\"query-input\":{\"@type\":\"PropertyValueSpecification\",\"valueRequired\":true,\"valueName\":\"search_term_string\"}}],\"inLanguage\":\"es\"},{\"@type\":\"Organization\",\"@id\":\"https:\/\/temporada-alta.com\/es\/#organization\",\"name\":\"Temporada Alta\",\"url\":\"https:\/\/temporada-alta.com\/es\/\",\"logo\":{\"@type\":\"ImageObject\",\"inLanguage\":\"es\",\"@id\":\"https:\/\/temporada-alta.com\/es\/#\/schema\/logo\/image\/\",\"url\":\"https:\/\/temporada-alta.com\/wp-content\/uploads\/TA21-Logotip-pos.png\",\"contentUrl\":\"https:\/\/temporada-alta.com\/wp-content\/uploads\/TA21-Logotip-pos.png\",\"width\":800,\"height\":267,\"caption\":\"Temporada Alta\"},\"image\":{\"@id\":\"https:\/\/temporada-alta.com\/es\/#\/schema\/logo\/image\/\"}}]}<\/script>\n<!-- \/ Yoast SEO plugin. -->","yoast_head_json":{"title":"Edici\u00f3n 2023 - Temporada Alta","robots":{"index":"index","follow":"follow","max-snippet":"max-snippet:-1","max-image-preview":"max-image-preview:large","max-video-preview":"max-video-preview:-1"},"canonical":"https:\/\/temporada-alta.com\/es\/edicion-2023\/","og_locale":"es_ES","og_type":"article","og_title":"Edici\u00f3n 2023 - Temporada Alta","og_description":"Un festival para todo el mundo Avanzamos en nuestra tercera d\u00e9cada de existencia, con una edici\u00f3n que presenta...","og_url":"https:\/\/temporada-alta.com\/es\/edicion-2023\/","og_site_name":"Temporada Alta","article_modified_time":"2025-02-20T12:34:23+00:00","og_image":[{"width":1920,"height":1080,"url":"https:\/\/temporada-alta.com\/wp-content\/uploads\/DrivePloughBones-Bristol-we2-1.jpg","type":"image\/jpeg"}],"twitter_card":"summary_large_image","schema":{"@context":"https:\/\/schema.org","@graph":[{"@type":"WebPage","@id":"https:\/\/temporada-alta.com\/es\/edicion-2023\/","url":"https:\/\/temporada-alta.com\/es\/edicion-2023\/","name":"Edici\u00f3n 2023 - Temporada Alta","isPartOf":{"@id":"https:\/\/temporada-alta.com\/es\/#website"},"primaryImageOfPage":{"@id":"https:\/\/temporada-alta.com\/es\/edicion-2023\/#primaryimage"},"image":{"@id":"https:\/\/temporada-alta.com\/es\/edicion-2023\/#primaryimage"},"thumbnailUrl":"https:\/\/temporada-alta.com\/wp-content\/uploads\/\/DrivePloughBones-Bristol-we2-1-1200x675.jpg","datePublished":"2024-11-14T09:33:00+00:00","dateModified":"2025-02-20T12:34:23+00:00","breadcrumb":{"@id":"https:\/\/temporada-alta.com\/es\/edicion-2023\/#breadcrumb"},"inLanguage":"es","potentialAction":[{"@type":"ReadAction","target":["https:\/\/temporada-alta.com\/es\/edicion-2023\/"]}]},{"@type":"ImageObject","inLanguage":"es","@id":"https:\/\/temporada-alta.com\/es\/edicion-2023\/#primaryimage","url":"https:\/\/temporada-alta.com\/wp-content\/uploads\/\/DrivePloughBones-Bristol-we2-1-1200x675.jpg","contentUrl":"https:\/\/temporada-alta.com\/wp-content\/uploads\/\/DrivePloughBones-Bristol-we2-1-1200x675.jpg"},{"@type":"BreadcrumbList","@id":"https:\/\/temporada-alta.com\/es\/edicion-2023\/#breadcrumb","itemListElement":[{"@type":"ListItem","position":1,"name":"Inici","item":"https:\/\/temporada-alta.com\/es\/"},{"@type":"ListItem","position":2,"name":"Edici\u00f3n 2023"}]},{"@type":"WebSite","@id":"https:\/\/temporada-alta.com\/es\/#website","url":"https:\/\/temporada-alta.com\/es\/","name":"Temporada Alta","description":"Festival d&#039;Arts Esc\u00e8niques","publisher":{"@id":"https:\/\/temporada-alta.com\/es\/#organization"},"potentialAction":[{"@type":"SearchAction","target":{"@type":"EntryPoint","urlTemplate":"https:\/\/temporada-alta.com\/es\/?s={search_term_string}"},"query-input":{"@type":"PropertyValueSpecification","valueRequired":true,"valueName":"search_term_string"}}],"inLanguage":"es"},{"@type":"Organization","@id":"https:\/\/temporada-alta.com\/es\/#organization","name":"Temporada Alta","url":"https:\/\/temporada-alta.com\/es\/","logo":{"@type":"ImageObject","inLanguage":"es","@id":"https:\/\/temporada-alta.com\/es\/#\/schema\/logo\/image\/","url":"https:\/\/temporada-alta.com\/wp-content\/uploads\/TA21-Logotip-pos.png","contentUrl":"https:\/\/temporada-alta.com\/wp-content\/uploads\/TA21-Logotip-pos.png","width":800,"height":267,"caption":"Temporada Alta"},"image":{"@id":"https:\/\/temporada-alta.com\/es\/#\/schema\/logo\/image\/"}}]}},"_links":{"self":[{"href":"https:\/\/temporada-alta.com\/es\/wp-json\/wp\/v2\/pages\/98181","targetHints":{"allow":["GET"]}}],"collection":[{"href":"https:\/\/temporada-alta.com\/es\/wp-json\/wp\/v2\/pages"}],"about":[{"href":"https:\/\/temporada-alta.com\/es\/wp-json\/wp\/v2\/types\/page"}],"author":[{"embeddable":true,"href":"https:\/\/temporada-alta.com\/es\/wp-json\/wp\/v2\/users\/35132"}],"replies":[{"embeddable":true,"href":"https:\/\/temporada-alta.com\/es\/wp-json\/wp\/v2\/comments?post=98181"}],"version-history":[{"count":4,"href":"https:\/\/temporada-alta.com\/es\/wp-json\/wp\/v2\/pages\/98181\/revisions"}],"predecessor-version":[{"id":98187,"href":"https:\/\/temporada-alta.com\/es\/wp-json\/wp\/v2\/pages\/98181\/revisions\/98187"}],"wp:attachment":[{"href":"https:\/\/temporada-alta.com\/es\/wp-json\/wp\/v2\/media?parent=98181"}],"curies":[{"name":"wp","href":"https:\/\/api.w.org\/{rel}","templated":true}]}}