{"id":98161,"date":"2024-11-14T10:03:45","date_gmt":"2024-11-14T09:03:45","guid":{"rendered":"https:\/\/temporada-alta.com\/?page_id=98161"},"modified":"2025-03-11T14:08:01","modified_gmt":"2025-03-11T13:08:01","slug":"cookies","status":"publish","type":"page","link":"https:\/\/temporada-alta.com\/es\/cookies\/","title":{"rendered":"Pol\u00edtica de cookies"},"content":{"rendered":"<div id=\"modal-ready\">\n<p>Las cookies son archivos que pueden descargarse en su equipo a trav\u00e9s de las p\u00e1ginas web. Son herramientas que desempe\u00f1an un papel esencial para la prestaci\u00f3n de numerosos servicios de la sociedad de la informaci\u00f3n. Entre otros, pueden permitir a una p\u00e1gina web almacenar y recuperar informaci\u00f3n sobre los h\u00e1bitos de navegaci\u00f3n de un usuario o de su equipo y, con la informaci\u00f3n obtenida, reconocer al usuario y mejorar el servicio ofrecido.<\/p>\n\n\n\n<p>A continuaci\u00f3n, informamos de las m\u00faltiples clasificaciones que se hacen de las cookies en funci\u00f3n de diferentes criterios. Hay que tener en cuenta que cada cookie forma parte de una categor\u00eda dentro de estas clasificaciones.<\/p>\n\n\n\n<p>Seg\u00fan cual sea la entidad que gestione el dominio desde donde se env\u00edan las cookies y trate los datos que se obtengan pueden distinguirse de dos tipos:<\/p>\n\n\n\n<ul class=\"wp-block-list\">\n<li>Cookies propias: son aquellas que se env\u00edan al equipo del usuario desde un equipo o dominio gestionado por nosotros y desde el que se presta el servicio solicitado por el usuario.<\/li>\n\n\n\n<li>Cookies de terceros: son aquellas que se env\u00edan al equipo del usuario desde un equipo o dominio que no es gestionado por nosotros, sino por otra entidad que trata los datos obtenidos a trav\u00e9s de las cookies.<\/li>\n<\/ul>\n\n\n\n<p>Seg\u00fan el plazo de tiempo que permanecen almacenadas en el navegador del usuario pueden tratarse de:<\/p>\n\n\n\n<ul class=\"wp-block-list\">\n<li>Cookies de sesi\u00f3n: son aquellas dise\u00f1adas para recabar y almacenar datos mientras el usuario accede a una p\u00e1gina web, y desaparecer al terminar la sesi\u00f3n.<\/li>\n\n\n\n<li>Cookies persistentes: son aquellas en las que los datos siguen almacenados en el equipo y pueden ser accedidos y tratados durante un periodo definido por el responsable de la cookie.<\/li>\n<\/ul>\n\n\n\n<p>Seg\u00fan la finalidad para la que se traten los datos obtenidos pueden clasificarse en:<\/p>\n\n\n\n<ul class=\"wp-block-list\">\n<li>Cookies t\u00e9cnicas: son aquellas que permiten al usuario navegar por el sitio web y utilizar sus servicios y funciones, por lo que son estrictamente necesarias para su correcto funcionamiento.<\/li>\n\n\n\n<li>Cookies de personalizaci\u00f3n: son aquellas que almacenan las preferencias de experiencia del usuario, recordando determinadas caracter\u00edsticas para la pr\u00f3xima vez que acceda a la p\u00e1gina web.<\/li>\n\n\n\n<li>Cookies anal\u00edticas: son aquellas que permiten el seguimiento y an\u00e1lisis de la actividad, comportamiento e interacci\u00f3n de los usuarios al sitio web.<\/li>\n\n\n\n<li>Cookies de publicidad comportamental: son aquellas que almacenan informaci\u00f3n del comportamiento del usuario obtenida a trav\u00e9s de la observaci\u00f3n continuada de sus h\u00e1bitos de navegaci\u00f3n, lo que permite desarrollar un perfil espec\u00edfico para mostrar publicidad en funci\u00f3n de este.<\/li>\n<\/ul>\n\n\n\n<p>En este sitio web utilizamos todas las tipolog\u00edas de cookies mencionadas anteriormente. Al final de este texto puede encontrar un listado de todas las cookies utilizadas, clasificadas seg\u00fan su finalidad y con informaci\u00f3n detallada como su proveedor, la caducidad y su prop\u00f3sito, entre otras. Tambi\u00e9n puede encontrar el registro de su consentimiento.<\/p>\n\n\n\n<p>Las cookies, excepto aquellas de publicidad comportamental para que puedan ejecutar correctamente sus funciones, se asocian \u00fanicamente a un usuario an\u00f3nimo y el terminal desde el que navega no proporciona referencias que permitan deducir sus datos personales como usuario\/a.<\/p>\n\n\n\n<p>La ley establece que podemos almacenar las cookies t\u00e9cnicas sin requerir su consentimiento, puesto que son estrictamente necesarias para el correcto funcionamiento del sitio web. Para todos los otros tipos de cookies necesitamos su permiso. No aceptar estas cookies no ir\u00e1 en detrimento de su acceso a los contenidos de la web, pero no dispondr\u00e1 de ciertas funcionalidades que creemos que podr\u00edan resultarle \u00fatiles.<\/p>\n\n\n\n<p>En cualquier momento, usted puede cambiar o retirar su consentimiento sobre el uso de cookies en este sitio web, utilizando la herramienta habilitada para ello.<\/p>\n\n\n\n<p>Usted puede, tambi\u00e9n, restringir, bloquear o borrar las cookies de este sitio web o cualquier otra p\u00e1gina web utilizando su navegador. A continuaci\u00f3n, le facilitamos los art\u00edculos de los principales navegadores donde se explica c\u00f3mo hacerlo.<\/p>\n\n\n\n<ul class=\"wp-block-list\">\n<li><a href=\"https:\/\/support.microsoft.com\/es-es\/windows\/eliminar-y-administrar-cookies-168dab11-0753-043d-7c16-ede5947fc64d#ie=ie-10\">Internet Explorer<\/a><\/li>\n\n\n\n<li><a href=\"https:\/\/support.mozilla.org\/es\/kb\/Borrar%20cookies\">FireFox<\/a><\/li>\n\n\n\n<li><a href=\"https:\/\/support.google.com\/chrome\/answer\/95647?hl=es\">Chrome<\/a><\/li>\n\n\n\n<li><a href=\"http:\/\/www.apple.com\/es\/privacy\/use-of-cookies\/\">Safari<\/a><\/li>\n<\/ul>\n\n\n\n<p>Tal y como se indica en el&nbsp;<a href=\"https:\/\/temporada-alta.com\/es\/aviso-legal\/\">aviso legal<\/a>, la p\u00e1gina web de Temporada Alta contiene enlaces a sitios web de terceros. En estos casos, Bit\u00f2 Produccions SL no se responsabiliza de la pol\u00edtica de cookies de estas p\u00e1ginas webs y se recomienda al usuario que revise su pol\u00edtica de privacidad.<\/p>\n\n\n\n<p>Puede obtener m\u00e1s informaci\u00f3n sobre nosotros, sobre c\u00f3mo contactarnos y c\u00f3mo tratamos los datos personales en nuestra&nbsp;<a href=\"http:\/\/temporada-alta.com\/es\/politica-de-privacidad\">pol\u00edtica de privacidad<\/a>.<\/p>\n\n\n\n<p>En caso de contactar con nosotros en relaci\u00f3n con su consentimiento, pedimos que nos indique la identificaci\u00f3n y fecha del consentimiento.<\/p>\n\n\n\n<h2 class=\"wp-block-heading has-large-font-size\"><strong>Consentimiento y listado de cookies<\/strong><\/h2>\n\n\n\n<script id=\"CookieDeclaration\" src=\"https:\/\/consent.cookiebot.com\/5ac46437-1888-4d6f-9e71-53f310c9eccf\/cd.js\" type=\"text\/javascript\" async><\/script>\n<\/div>","protected":false},"excerpt":{"rendered":"<p>Las cookies son archivos que pueden descargarse en su equipo a trav\u00e9s de las p\u00e1ginas web. Son herramientas&#8230;<\/p>\n","protected":false},"author":35132,"featured_media":0,"parent":0,"menu_order":0,"comment_status":"closed","ping_status":"closed","template":"","meta":{"_acf_changed":false,"footnotes":""},"class_list":["post-98161","page","type-page","status-publish","hentry"],"acf":[],"yoast_head":"<!-- This site is optimized with the Yoast SEO plugin v27.0 - https:\/\/yoast.com\/product\/yoast-seo-wordpress\/ -->\n<title>Pol\u00edtica de cookies - Temporada Alta<\/title>\n<meta name=\"robots\" content=\"index, follow, max-snippet:-1, max-image-preview:large, max-video-preview:-1\" \/>\n<link rel=\"canonical\" href=\"https:\/\/temporada-alta.com\/es\/cookies\/\" \/>\n<meta property=\"og:locale\" content=\"es_ES\" \/>\n<meta property=\"og:type\" content=\"article\" \/>\n<meta property=\"og:title\" content=\"Pol\u00edtica de cookies - Temporada Alta\" \/>\n<meta property=\"og:description\" content=\"Las cookies son archivos que pueden descargarse en su equipo a trav\u00e9s de las p\u00e1ginas web. Son herramientas...\" \/>\n<meta property=\"og:url\" content=\"https:\/\/temporada-alta.com\/es\/cookies\/\" \/>\n<meta property=\"og:site_name\" content=\"Temporada Alta\" \/>\n<meta property=\"article:modified_time\" content=\"2025-03-11T13:08:01+00:00\" \/>\n<meta name=\"twitter:card\" content=\"summary_large_image\" \/>\n<script type=\"application\/ld+json\" class=\"yoast-schema-graph\">{\"@context\":\"https:\/\/schema.org\",\"@graph\":[{\"@type\":\"WebPage\",\"@id\":\"https:\/\/temporada-alta.com\/es\/cookies\/\",\"url\":\"https:\/\/temporada-alta.com\/es\/cookies\/\",\"name\":\"Pol\u00edtica de cookies - Temporada Alta\",\"isPartOf\":{\"@id\":\"https:\/\/temporada-alta.com\/es\/#website\"},\"datePublished\":\"2024-11-14T09:03:45+00:00\",\"dateModified\":\"2025-03-11T13:08:01+00:00\",\"breadcrumb\":{\"@id\":\"https:\/\/temporada-alta.com\/es\/cookies\/#breadcrumb\"},\"inLanguage\":\"es\",\"potentialAction\":[{\"@type\":\"ReadAction\",\"target\":[\"https:\/\/temporada-alta.com\/es\/cookies\/\"]}]},{\"@type\":\"BreadcrumbList\",\"@id\":\"https:\/\/temporada-alta.com\/es\/cookies\/#breadcrumb\",\"itemListElement\":[{\"@type\":\"ListItem\",\"position\":1,\"name\":\"Inici\",\"item\":\"https:\/\/temporada-alta.com\/es\/\"},{\"@type\":\"ListItem\",\"position\":2,\"name\":\"Pol\u00edtica de cookies\"}]},{\"@type\":\"WebSite\",\"@id\":\"https:\/\/temporada-alta.com\/es\/#website\",\"url\":\"https:\/\/temporada-alta.com\/es\/\",\"name\":\"Temporada Alta\",\"description\":\"Festival d&#039;Arts Esc\u00e8niques\",\"publisher\":{\"@id\":\"https:\/\/temporada-alta.com\/es\/#organization\"},\"potentialAction\":[{\"@type\":\"SearchAction\",\"target\":{\"@type\":\"EntryPoint\",\"urlTemplate\":\"https:\/\/temporada-alta.com\/es\/?s={search_term_string}\"},\"query-input\":{\"@type\":\"PropertyValueSpecification\",\"valueRequired\":true,\"valueName\":\"search_term_string\"}}],\"inLanguage\":\"es\"},{\"@type\":\"Organization\",\"@id\":\"https:\/\/temporada-alta.com\/es\/#organization\",\"name\":\"Temporada Alta\",\"url\":\"https:\/\/temporada-alta.com\/es\/\",\"logo\":{\"@type\":\"ImageObject\",\"inLanguage\":\"es\",\"@id\":\"https:\/\/temporada-alta.com\/es\/#\/schema\/logo\/image\/\",\"url\":\"https:\/\/temporada-alta.com\/wp-content\/uploads\/TA21-Logotip-pos.png\",\"contentUrl\":\"https:\/\/temporada-alta.com\/wp-content\/uploads\/TA21-Logotip-pos.png\",\"width\":800,\"height\":267,\"caption\":\"Temporada Alta\"},\"image\":{\"@id\":\"https:\/\/temporada-alta.com\/es\/#\/schema\/logo\/image\/\"}}]}<\/script>\n<!-- \/ Yoast SEO plugin. -->","yoast_head_json":{"title":"Pol\u00edtica de cookies - Temporada Alta","robots":{"index":"index","follow":"follow","max-snippet":"max-snippet:-1","max-image-preview":"max-image-preview:large","max-video-preview":"max-video-preview:-1"},"canonical":"https:\/\/temporada-alta.com\/es\/cookies\/","og_locale":"es_ES","og_type":"article","og_title":"Pol\u00edtica de cookies - Temporada Alta","og_description":"Las cookies son archivos que pueden descargarse en su equipo a trav\u00e9s de las p\u00e1ginas web. Son herramientas...","og_url":"https:\/\/temporada-alta.com\/es\/cookies\/","og_site_name":"Temporada Alta","article_modified_time":"2025-03-11T13:08:01+00:00","twitter_card":"summary_large_image","schema":{"@context":"https:\/\/schema.org","@graph":[{"@type":"WebPage","@id":"https:\/\/temporada-alta.com\/es\/cookies\/","url":"https:\/\/temporada-alta.com\/es\/cookies\/","name":"Pol\u00edtica de cookies - Temporada Alta","isPartOf":{"@id":"https:\/\/temporada-alta.com\/es\/#website"},"datePublished":"2024-11-14T09:03:45+00:00","dateModified":"2025-03-11T13:08:01+00:00","breadcrumb":{"@id":"https:\/\/temporada-alta.com\/es\/cookies\/#breadcrumb"},"inLanguage":"es","potentialAction":[{"@type":"ReadAction","target":["https:\/\/temporada-alta.com\/es\/cookies\/"]}]},{"@type":"BreadcrumbList","@id":"https:\/\/temporada-alta.com\/es\/cookies\/#breadcrumb","itemListElement":[{"@type":"ListItem","position":1,"name":"Inici","item":"https:\/\/temporada-alta.com\/es\/"},{"@type":"ListItem","position":2,"name":"Pol\u00edtica de cookies"}]},{"@type":"WebSite","@id":"https:\/\/temporada-alta.com\/es\/#website","url":"https:\/\/temporada-alta.com\/es\/","name":"Temporada Alta","description":"Festival d&#039;Arts Esc\u00e8niques","publisher":{"@id":"https:\/\/temporada-alta.com\/es\/#organization"},"potentialAction":[{"@type":"SearchAction","target":{"@type":"EntryPoint","urlTemplate":"https:\/\/temporada-alta.com\/es\/?s={search_term_string}"},"query-input":{"@type":"PropertyValueSpecification","valueRequired":true,"valueName":"search_term_string"}}],"inLanguage":"es"},{"@type":"Organization","@id":"https:\/\/temporada-alta.com\/es\/#organization","name":"Temporada Alta","url":"https:\/\/temporada-alta.com\/es\/","logo":{"@type":"ImageObject","inLanguage":"es","@id":"https:\/\/temporada-alta.com\/es\/#\/schema\/logo\/image\/","url":"https:\/\/temporada-alta.com\/wp-content\/uploads\/TA21-Logotip-pos.png","contentUrl":"https:\/\/temporada-alta.com\/wp-content\/uploads\/TA21-Logotip-pos.png","width":800,"height":267,"caption":"Temporada Alta"},"image":{"@id":"https:\/\/temporada-alta.com\/es\/#\/schema\/logo\/image\/"}}]}},"_links":{"self":[{"href":"https:\/\/temporada-alta.com\/es\/wp-json\/wp\/v2\/pages\/98161","targetHints":{"allow":["GET"]}}],"collection":[{"href":"https:\/\/temporada-alta.com\/es\/wp-json\/wp\/v2\/pages"}],"about":[{"href":"https:\/\/temporada-alta.com\/es\/wp-json\/wp\/v2\/types\/page"}],"author":[{"embeddable":true,"href":"https:\/\/temporada-alta.com\/es\/wp-json\/wp\/v2\/users\/35132"}],"replies":[{"embeddable":true,"href":"https:\/\/temporada-alta.com\/es\/wp-json\/wp\/v2\/comments?post=98161"}],"version-history":[{"count":4,"href":"https:\/\/temporada-alta.com\/es\/wp-json\/wp\/v2\/pages\/98161\/revisions"}],"predecessor-version":[{"id":99834,"href":"https:\/\/temporada-alta.com\/es\/wp-json\/wp\/v2\/pages\/98161\/revisions\/99834"}],"wp:attachment":[{"href":"https:\/\/temporada-alta.com\/es\/wp-json\/wp\/v2\/media?parent=98161"}],"curies":[{"name":"wp","href":"https:\/\/api.w.org\/{rel}","templated":true}]}}