{"id":98151,"date":"2024-11-14T09:29:20","date_gmt":"2024-11-14T08:29:20","guid":{"rendered":"https:\/\/temporada-alta.com\/?page_id=98151"},"modified":"2025-02-17T12:53:34","modified_gmt":"2025-02-17T11:53:34","slug":"politica-de-privacidad","status":"publish","type":"page","link":"https:\/\/temporada-alta.com\/es\/politica-de-privacidad\/","title":{"rendered":"Pol\u00edtica de privacidad"},"content":{"rendered":"<div id=\"modal-ready\">\n<p>De conformidad con lo dispuesto en el Reglamento (UE) 2016\/679, del Parlamento Europeo y del Consejo, de 27 de abril de 2016 (RGPD) y la normativa espa\u00f1ola relativa a la protecci\u00f3n de datos, Bit\u00f2 le informa que los datos personales que proporcione a trav\u00e9s de formularios incluidos en esta p\u00e1gina web ser\u00e1n incorporados en fichero de Bit\u00f2 y tratados, por la misma, con fines de gesti\u00f3n comercial y administrativa, de prestaci\u00f3n del servicio contratado y la facturaci\u00f3n del mismo, responder sus consultas, as\u00ed como para la organizaci\u00f3n y el env\u00edo de informaci\u00f3n relativa a la relaci\u00f3n comercial y el propio evento contratado. Adicionalmente, tambi\u00e9n, para enviarle comunicaciones, informaci\u00f3n, mensajer\u00eda y publicidad relacionada con nuestros productos y servicios por cualquier medio (postal, correo electr\u00f3nico o tel\u00e9fono) e invitarle a eventos organizados por la empresa.<\/p>\n\n\n\n<p>Bit\u00f2 se compromete a tratar sus datos bajo la m\u00e1s estricta reserva y confidencialidad. Para ejercer los derechos de acceso, rectificaci\u00f3n, supresi\u00f3n y oposici\u00f3n previstos en la Ley puede enviar una carta a: C\/ Pati del Teatre, 2 \u2013 17190 Salt indicando \u201cRef. Protecci\u00f3n de datos\u201d o un correo electr\u00f3nico a <a href=\"mailto:rgpd@bito.pro\" target=\"_blank\" rel=\"noreferrer noopener\">rgpd@bito.pro<\/a><\/p>\n\n\n\n<p>El tratamiento se efect\u00faa de conformidad con lo dispuesto en el RGPD y su base jur\u00eddica es el propio contrato entre usted y nuestra empresa o su consentimiento expreso.<\/p>\n\n\n\n<p>Los datos proporcionados se conservar\u00e1n mientras se mantenga la relaci\u00f3n comercial o durante los a\u00f1os necesarios para cumplir con las obligaciones legales y los plazos de prescripci\u00f3n de las acciones derivadas de esta relaci\u00f3n comercial. En los casos de alta en servicios comunicaci\u00f3n o publicidad, los datos proporcionados se conservar\u00e1n mientras no solicitar el cese del servicio.<\/p>\n\n\n\n<p>La base legal para el tratamiento de los datos es la ejecuci\u00f3n contractual o prestaci\u00f3n de servicios, el consentimiento del usuario y\/o el inter\u00e9s leg\u00edtimo del responsable de los mismos.<\/p>\n\n\n\n<p>En caso de compra de entradas para espect\u00e1culos y otras actividades culturales a trav\u00e9s de Bit\u00f2 Produccions S.L., los datos b\u00e1sicos identificativos que pudiera facilitar el usuario, como nombre, apellidos, tel\u00e9fono de contacto, email, y localidades adquiridas, pasar\u00e1n a formar parte de la base de datos de la Fundaci\u00f3n La Ciutat Invisible (NIF G55175632, con domicilio en Pati del Teatre 2, 17190 Salt, Girona), necesarios para la gesti\u00f3n del espect\u00e1culo o actividad, y la fidelizaci\u00f3n del espectador con el env\u00edo de informaci\u00f3n similar propia a la que siempre se podr\u00e1 oponer. En casos de coorganizaci\u00f3n o coproducci\u00f3n de dichas actividades, estos datos podr\u00e1n quedar incorporados a los ficheros del \/ la coorganizador\/a con iguales fines y como responsables tambi\u00e9n de los datos. Podr\u00e1 ver, durante el proceso de compra de dichos productos, la identificaci\u00f3n de la coorganizaci\u00f3n. En cualquier momento puede ejercer sus derechos dirigi\u00e9ndose a los titulares de estos ficheros.<\/p>\n\n\n\n<p>Salvo lo expuesto m\u00e1s arriba&nbsp;y los casos en los que haya un imperativo legal del responsable del tratamiento, o&nbsp;la posible cesi\u00f3n de la informaci\u00f3n de pago a entidades bancarias para efectuar el cobro del producto que quiera adquirir de conformidad a la normativa vigente;&nbsp;sus datos no se ceder\u00e1n ni comercializar\u00e1n con terceros, como tampoco ser\u00e1n transferidos a terceros pa\u00edses, sin su previo consentimiento debidamente informado.&nbsp;Puede haber acceso a sus datos por parte de encargados de tratamiento exclusivamente para la ejecuci\u00f3n de servicios necesarios al responsable de los mismos para los fines expuestos, como pueden ser los proveedores tecnol\u00f3gicos de hospedaje de datos, o proveedores del servicio email, mailing, etc., sin que estos terceros sean propietarios de los mismos, y sin que puedan cederlos a otros o hacer un uso distinto sin el consentimiento previo del usuario y autorizaci\u00f3n de nuestra empresa.<\/p>\n\n\n\n<p>Usted tiene derecho en todo momento a obtener confirmaci\u00f3n sobre si hemos recogido y estamos tratando sus datos personales. Tiene derecho a acceder a sus datos personales, los datos inexactos o solicitar su supresi\u00f3n cuando los datos ya no sean necesarios, acreditando su identidad. Igualmente podr\u00e1 ejercer los derechos de oposici\u00f3n, limitaci\u00f3n en el tratamiento y portabilidad previstos en el RGPD. Tiene usted el derecho a presentar una reclamaci\u00f3n ante la <a href=\"https:\/\/www.aepd.es\" target=\"_blank\" rel=\"noreferrer noopener\">AEPD<\/a> en caso de que considere que infringen sus derechos de protecci\u00f3n de datos (Reglamento UE 2016\/679, de 27 de abril de 2016).<\/p>\n<\/div>","protected":false},"excerpt":{"rendered":"<p>De conformidad con lo dispuesto en el Reglamento (UE) 2016\/679, del Parlamento Europeo y del Consejo, de 27&#8230;<\/p>\n","protected":false},"author":35132,"featured_media":0,"parent":0,"menu_order":0,"comment_status":"closed","ping_status":"closed","template":"","meta":{"_acf_changed":false,"footnotes":""},"class_list":["post-98151","page","type-page","status-publish","hentry"],"acf":[],"yoast_head":"<!-- This site is optimized with the Yoast SEO plugin v27.0 - https:\/\/yoast.com\/product\/yoast-seo-wordpress\/ -->\n<title>Pol\u00edtica de privacidad - Temporada Alta<\/title>\n<meta name=\"robots\" content=\"index, follow, max-snippet:-1, max-image-preview:large, max-video-preview:-1\" \/>\n<link rel=\"canonical\" href=\"https:\/\/temporada-alta.com\/es\/politica-de-privacidad\/\" \/>\n<meta property=\"og:locale\" content=\"es_ES\" \/>\n<meta property=\"og:type\" content=\"article\" \/>\n<meta property=\"og:title\" content=\"Pol\u00edtica de privacidad - Temporada Alta\" \/>\n<meta property=\"og:description\" content=\"De conformidad con lo dispuesto en el Reglamento (UE) 2016\/679, del Parlamento Europeo y del Consejo, de 27...\" \/>\n<meta property=\"og:url\" content=\"https:\/\/temporada-alta.com\/es\/politica-de-privacidad\/\" \/>\n<meta property=\"og:site_name\" content=\"Temporada Alta\" \/>\n<meta property=\"article:modified_time\" content=\"2025-02-17T11:53:34+00:00\" \/>\n<meta name=\"twitter:card\" content=\"summary_large_image\" \/>\n<script type=\"application\/ld+json\" class=\"yoast-schema-graph\">{\"@context\":\"https:\/\/schema.org\",\"@graph\":[{\"@type\":\"WebPage\",\"@id\":\"https:\/\/temporada-alta.com\/es\/politica-de-privacidad\/\",\"url\":\"https:\/\/temporada-alta.com\/es\/politica-de-privacidad\/\",\"name\":\"Pol\u00edtica de privacidad - Temporada Alta\",\"isPartOf\":{\"@id\":\"https:\/\/temporada-alta.com\/es\/#website\"},\"datePublished\":\"2024-11-14T08:29:20+00:00\",\"dateModified\":\"2025-02-17T11:53:34+00:00\",\"breadcrumb\":{\"@id\":\"https:\/\/temporada-alta.com\/es\/politica-de-privacidad\/#breadcrumb\"},\"inLanguage\":\"es\",\"potentialAction\":[{\"@type\":\"ReadAction\",\"target\":[\"https:\/\/temporada-alta.com\/es\/politica-de-privacidad\/\"]}]},{\"@type\":\"BreadcrumbList\",\"@id\":\"https:\/\/temporada-alta.com\/es\/politica-de-privacidad\/#breadcrumb\",\"itemListElement\":[{\"@type\":\"ListItem\",\"position\":1,\"name\":\"Inici\",\"item\":\"https:\/\/temporada-alta.com\/es\/\"},{\"@type\":\"ListItem\",\"position\":2,\"name\":\"Pol\u00edtica de privacidad\"}]},{\"@type\":\"WebSite\",\"@id\":\"https:\/\/temporada-alta.com\/es\/#website\",\"url\":\"https:\/\/temporada-alta.com\/es\/\",\"name\":\"Temporada Alta\",\"description\":\"Festival d&#039;Arts Esc\u00e8niques\",\"publisher\":{\"@id\":\"https:\/\/temporada-alta.com\/es\/#organization\"},\"potentialAction\":[{\"@type\":\"SearchAction\",\"target\":{\"@type\":\"EntryPoint\",\"urlTemplate\":\"https:\/\/temporada-alta.com\/es\/?s={search_term_string}\"},\"query-input\":{\"@type\":\"PropertyValueSpecification\",\"valueRequired\":true,\"valueName\":\"search_term_string\"}}],\"inLanguage\":\"es\"},{\"@type\":\"Organization\",\"@id\":\"https:\/\/temporada-alta.com\/es\/#organization\",\"name\":\"Temporada Alta\",\"url\":\"https:\/\/temporada-alta.com\/es\/\",\"logo\":{\"@type\":\"ImageObject\",\"inLanguage\":\"es\",\"@id\":\"https:\/\/temporada-alta.com\/es\/#\/schema\/logo\/image\/\",\"url\":\"https:\/\/temporada-alta.com\/wp-content\/uploads\/TA21-Logotip-pos.png\",\"contentUrl\":\"https:\/\/temporada-alta.com\/wp-content\/uploads\/TA21-Logotip-pos.png\",\"width\":800,\"height\":267,\"caption\":\"Temporada Alta\"},\"image\":{\"@id\":\"https:\/\/temporada-alta.com\/es\/#\/schema\/logo\/image\/\"}}]}<\/script>\n<!-- \/ Yoast SEO plugin. -->","yoast_head_json":{"title":"Pol\u00edtica de privacidad - Temporada Alta","robots":{"index":"index","follow":"follow","max-snippet":"max-snippet:-1","max-image-preview":"max-image-preview:large","max-video-preview":"max-video-preview:-1"},"canonical":"https:\/\/temporada-alta.com\/es\/politica-de-privacidad\/","og_locale":"es_ES","og_type":"article","og_title":"Pol\u00edtica de privacidad - Temporada Alta","og_description":"De conformidad con lo dispuesto en el Reglamento (UE) 2016\/679, del Parlamento Europeo y del Consejo, de 27...","og_url":"https:\/\/temporada-alta.com\/es\/politica-de-privacidad\/","og_site_name":"Temporada Alta","article_modified_time":"2025-02-17T11:53:34+00:00","twitter_card":"summary_large_image","schema":{"@context":"https:\/\/schema.org","@graph":[{"@type":"WebPage","@id":"https:\/\/temporada-alta.com\/es\/politica-de-privacidad\/","url":"https:\/\/temporada-alta.com\/es\/politica-de-privacidad\/","name":"Pol\u00edtica de privacidad - Temporada Alta","isPartOf":{"@id":"https:\/\/temporada-alta.com\/es\/#website"},"datePublished":"2024-11-14T08:29:20+00:00","dateModified":"2025-02-17T11:53:34+00:00","breadcrumb":{"@id":"https:\/\/temporada-alta.com\/es\/politica-de-privacidad\/#breadcrumb"},"inLanguage":"es","potentialAction":[{"@type":"ReadAction","target":["https:\/\/temporada-alta.com\/es\/politica-de-privacidad\/"]}]},{"@type":"BreadcrumbList","@id":"https:\/\/temporada-alta.com\/es\/politica-de-privacidad\/#breadcrumb","itemListElement":[{"@type":"ListItem","position":1,"name":"Inici","item":"https:\/\/temporada-alta.com\/es\/"},{"@type":"ListItem","position":2,"name":"Pol\u00edtica de privacidad"}]},{"@type":"WebSite","@id":"https:\/\/temporada-alta.com\/es\/#website","url":"https:\/\/temporada-alta.com\/es\/","name":"Temporada Alta","description":"Festival d&#039;Arts Esc\u00e8niques","publisher":{"@id":"https:\/\/temporada-alta.com\/es\/#organization"},"potentialAction":[{"@type":"SearchAction","target":{"@type":"EntryPoint","urlTemplate":"https:\/\/temporada-alta.com\/es\/?s={search_term_string}"},"query-input":{"@type":"PropertyValueSpecification","valueRequired":true,"valueName":"search_term_string"}}],"inLanguage":"es"},{"@type":"Organization","@id":"https:\/\/temporada-alta.com\/es\/#organization","name":"Temporada Alta","url":"https:\/\/temporada-alta.com\/es\/","logo":{"@type":"ImageObject","inLanguage":"es","@id":"https:\/\/temporada-alta.com\/es\/#\/schema\/logo\/image\/","url":"https:\/\/temporada-alta.com\/wp-content\/uploads\/TA21-Logotip-pos.png","contentUrl":"https:\/\/temporada-alta.com\/wp-content\/uploads\/TA21-Logotip-pos.png","width":800,"height":267,"caption":"Temporada Alta"},"image":{"@id":"https:\/\/temporada-alta.com\/es\/#\/schema\/logo\/image\/"}}]}},"_links":{"self":[{"href":"https:\/\/temporada-alta.com\/es\/wp-json\/wp\/v2\/pages\/98151","targetHints":{"allow":["GET"]}}],"collection":[{"href":"https:\/\/temporada-alta.com\/es\/wp-json\/wp\/v2\/pages"}],"about":[{"href":"https:\/\/temporada-alta.com\/es\/wp-json\/wp\/v2\/types\/page"}],"author":[{"embeddable":true,"href":"https:\/\/temporada-alta.com\/es\/wp-json\/wp\/v2\/users\/35132"}],"replies":[{"embeddable":true,"href":"https:\/\/temporada-alta.com\/es\/wp-json\/wp\/v2\/comments?post=98151"}],"version-history":[{"count":1,"href":"https:\/\/temporada-alta.com\/es\/wp-json\/wp\/v2\/pages\/98151\/revisions"}],"predecessor-version":[{"id":98152,"href":"https:\/\/temporada-alta.com\/es\/wp-json\/wp\/v2\/pages\/98151\/revisions\/98152"}],"wp:attachment":[{"href":"https:\/\/temporada-alta.com\/es\/wp-json\/wp\/v2\/media?parent=98151"}],"curies":[{"name":"wp","href":"https:\/\/api.w.org\/{rel}","templated":true}]}}