{"id":98145,"date":"2024-11-13T18:41:36","date_gmt":"2024-11-13T17:41:36","guid":{"rendered":"https:\/\/temporada-alta.com\/?page_id=98145"},"modified":"2025-02-17T12:48:45","modified_gmt":"2025-02-17T11:48:45","slug":"aviso-legal","status":"publish","type":"page","link":"https:\/\/temporada-alta.com\/es\/aviso-legal\/","title":{"rendered":"Aviso legal"},"content":{"rendered":"<div id=\"modal-ready\">\n<h2 class=\"wp-block-heading has-large-font-size\"><strong>Titularidad del web<\/strong><\/h2>\n\n\n\n<p>Bit\u00f2 Produccions S.L.<br>NIF: B17310947<br>Pati del Teatre, 2<br>17190 SALT (Girona)<\/p>\n\n\n\n<p>Inscrita en el Registro Mercantil de Girona, tomo 134 folio 56 hoja n\u00famero GE-2411.<\/p>\n\n\n\n<p>Contacto: <a href=\"mailto:info@temporada-alta.com\" target=\"_blank\" rel=\"noreferrer noopener\">info@temporada-alta.com<\/a><\/p>\n\n\n\n<h2 class=\"wp-block-heading has-large-font-size\"><strong>Consideraciones generales<\/strong><\/h2>\n\n\n\n<p>Las presentes condiciones legales regulan el uso legal permitido del sitio o p\u00e1gina web con URL <a href=\"https:\/\/www.temporada-alta.com\/es\" target=\"_blank\" rel=\"noreferrer noopener\">www.temporada-alta.com<\/a>, la titularidad y responsabilidad es de BIT\u00d2 PRODUCCIONS SL. Estas condiciones regulan el acceso y su uso, que el propietario del sitio web pone a disposici\u00f3n de los usuarios de internet de forma gratuita. El acceso y el uso del sitio web implica la aceptaci\u00f3n plena y sin reservas de estas condiciones generales. En su caso, la adquisici\u00f3n de productos o servicios que se puedan efectuar a trav\u00e9s de este sitio web se regir\u00e1 adem\u00e1s por las condiciones particulares que se puedan prever en cada caso, que tambi\u00e9n entender\u00e1n plenamente aceptadas por su mera adquisici\u00f3n.<\/p>\n\n\n\n<h2 class=\"wp-block-heading has-large-font-size\"><strong>Contenidos del sitio web<\/strong><\/h2>\n\n\n\n<p>Es voluntad de Bit\u00f2 Producciones S.L. (de ahora en adelante Bit\u00f2) que la informaci\u00f3n contenida en este sitio web sea cierta. Esta informaci\u00f3n puede tener errores de tipo tipogr\u00e1fico o incorrecciones de tipo t\u00e9cnico. Bit\u00f2 no se hace responsable de la veracidad y correcci\u00f3n de la informaci\u00f3n que consta en este sitio web.<\/p>\n\n\n\n<p>En ning\u00fan caso Bit\u00f2 ser\u00e1 responsable de cualquier da\u00f1o como consecuencia de la visualizaci\u00f3n, utilizaci\u00f3n del software, documentos, informaci\u00f3n o servicios en general, disponibles en esta web.<\/p>\n\n\n\n<h2 class=\"wp-block-heading has-large-font-size\"><strong>Propiedad intelectual e industrial<\/strong><\/h2>\n\n\n\n<p>Los textos, im\u00e1genes, logotipos, signos distintivos, sonidos, animaciones, v\u00eddeos, c\u00f3digos fuentes y el resto de contenidos son propiedad de Bit\u00f2 o dispone, de lo contrario, de la correspondiente autorizaci\u00f3n para sume uso. Todos los contenidos y servicios de este sitio web, por lo tanto, salvo indicaciones expresa, est\u00e1n protegidos por las normas nacionales e internacionales de propiedad intelectual e industrial.<\/p>\n\n\n\n<p>Salvo autorizaci\u00f3n expresa y de usos para finas exclusivamente privados, queda prohibida cualquier transmisi\u00f3n, distribuci\u00f3n, reproducci\u00f3n, almacenamiento, total o parcial, de los contenidos y servicios de este sitio web. Se prohibe expresamente cualquier tipo de uso realizado con \u00e1nimo de lucro o finas comerciales.<\/p>\n\n\n\n<h2 class=\"wp-block-heading has-large-font-size\"><strong>Condiciones de acceso<\/strong><\/h2>\n\n\n\n<p>Bit\u00f2 se reserva el de efectuar, en cualquier momento y sin necesidad de previo aviso, modificaciones y actualizaciones en el formato, el contenido y las condiciones de acceso al sitio web, as\u00ed como tambi\u00e9n en las presentes condiciones generales y en aquellas de particulares que se hayan podido prever en relaci\u00f3n a la adquisici\u00f3n de productos o servicios que se puedan efectuar a trav\u00e9s de este sitio web.<\/p>\n\n\n\n<p>Bit\u00f2 no garantiza la inexistencia de interrupciones o errores en el acceso a la p\u00e1gina o contenidos, ni que \u00e9sta se encuentre actualizada o libre de virus u otros elementos que puedan provocar alteraciones en su sistema inform\u00e1tico. Bit\u00f2 Producciones SL declina cualquier responsabilidad contractual o extracontractual con la persona o empresa que haga uso de la p\u00e1gina y que tuviera cualquier perjuicio por virus o elementos inform\u00e1ticos de cualquier tipo.<\/p>\n\n\n\n<p>Bit\u00f2 declina cualquier responsabilidad como consecuencia de da\u00f1os derivados de servicios o de informaci\u00f3n contenida en el presente sitio web proveniente de terceros.<\/p>\n\n\n\n<h3 class=\"wp-block-heading\"><strong>Enlaces<\/strong><\/h3>\n\n\n\n<p>Esta p\u00e1gina web puede enlazar con otras p\u00e1ginas web, propias o de terceros, a trav\u00e9s de links y enlaces entrantes y salientes. Bit\u00f2 declina cualquier responsabilidad por informaci\u00f3n y \/ o servicios existentes en p\u00e1ginas web enlazadas. Bit\u00f2 Producciones SL no efect\u00faa ning\u00fan control, ni supervisi\u00f3n ni aprobaci\u00f3n de esta informaci\u00f3n y servicios en p\u00e1ginas enlazadas, presumiendo que tales contenidos cumplen la legislaci\u00f3n vigente aplicable.<\/p>\n\n\n\n<p>Aconsejamos en todo caso, a los visitantes de estos sitios web enlazados, actuar con prudencia y consultar sus condiciones generales y particular de uso.<\/p>\n\n\n\n<p>Bit\u00f2 no se hace responsable de ning\u00fan da\u00f1o o perjuicio relacionados con los usos, funcionamiento, disponibilidad y continuidad de estos sitios web enlazados.<\/p>\n\n\n\n<h2 class=\"wp-block-heading has-large-font-size\"><strong>Informaci\u00f3n sobre protecci\u00f3n de datos<\/strong><\/h2>\n\n\n\n<p>De conformidad con lo dispuesto en el Reglamento (UE) 2016\/679, del Parlamento Europeo y del Consejo, de 27 de abril de 2016 (RGPD) y la normativa espa\u00f1ola relativa a la protecci\u00f3n de datos, Bit\u00f2 le informa que los datos personales que proporcione a trav\u00e9s de formularios incluidos en esta p\u00e1gina web ser\u00e1n incorporados en fichero de Bit\u00f2 y tratados, por la misma, con fines de gesti\u00f3n comercial y administrativa, de prestaci\u00f3n del servicio contratado y la facturaci\u00f3n del mismo, responder sus consultas, as\u00ed como para la organizaci\u00f3n y el env\u00edo de informaci\u00f3n relativa a la relaci\u00f3n comercial y el propio evento contratado. Adicionalmente, tambi\u00e9n, para enviarle comunicaciones, informaci\u00f3n, mensajer\u00eda y publicidad relacionada con nuestros productos y servicios por cualquier medio (postal, correo electr\u00f3nico o tel\u00e9fono) e invitarle a eventos organizados por la empresa.<\/p>\n\n\n\n<p>Bit\u00f2 se compromete a tratar sus datos bajo la m\u00e1s estricta reserva y confidencialidad. Para ejercer los derechos de acceso, rectificaci\u00f3n, supresi\u00f3n y oposici\u00f3n previstos en la Ley puede enviar una carta a: C\/ Pati del Teatre, 2 \u2013 17190 Salt indicando \u201cRef. Protecci\u00f3n de datos\u201d o un correo electr\u00f3nico a <a href=\"mailto:rgpd@bito.pro\" target=\"_blank\" rel=\"noreferrer noopener\">rgpd@bito.pro<\/a><\/p>\n\n\n\n<p>El tratamiento se efect\u00faa de conformidad con lo dispuesto en el RGPD y su base jur\u00eddica es el propio contrato entre usted y nuestra empresa o su consentimiento expreso.<\/p>\n\n\n\n<p>Los datos proporcionados se conservar\u00e1n mientras se mantenga la relaci\u00f3n comercial o durante los a\u00f1os necesarios para cumplir con las obligaciones legales y los plazos de prescripci\u00f3n de las acciones derivadas de esta relaci\u00f3n comercial. En los casos de alta en servicios comunicaci\u00f3n o publicidad, los datos proporcionados se conservar\u00e1n mientras no solicitar el cese del servicio.<\/p>\n\n\n\n<p>La base legal para el tratamiento de los datos es la ejecuci\u00f3n contractual o prestaci\u00f3n de servicios, el consentimiento del usuario y\/o el inter\u00e9s leg\u00edtimo del responsable de los mismos.<\/p>\n\n\n\n<p>En caso de compra de entradas para espect\u00e1culos y otras actividades culturales a trav\u00e9s de Bit\u00f2 Produccions S.L., los datos b\u00e1sicos identificativos que pudiera facilitar el usuario, como nombre, apellidos, tel\u00e9fono de contacto, email, y localidades adquiridas, pasar\u00e1n a formar parte de la base de datos de la Fundaci\u00f3n La Ciutat Invisible (NIF G55175632, con domicilio en Pati del Teatre 2, 17190 Salt, Girona), necesarios para la gesti\u00f3n del espect\u00e1culo o actividad, y la fidelizaci\u00f3n del espectador con el env\u00edo de informaci\u00f3n similar propia a la que siempre se podr\u00e1 oponer. En casos de coorganizaci\u00f3n o coproducci\u00f3n de dichas actividades, estos datos podr\u00e1n quedar incorporados a los ficheros del \/ la coorganizador\/a con iguales fines y como responsables tambi\u00e9n de los datos. Podr\u00e1 ver, durante el proceso de compra de dichos productos, la identificaci\u00f3n de la coorganizaci\u00f3n. En cualquier momento puede ejercer sus derechos dirigi\u00e9ndose a los titulares de estos ficheros.<\/p>\n\n\n\n<p>Salvo lo expuesto m\u00e1s arriba&nbsp;y los casos en los que haya un imperativo legal del responsable del tratamiento, o&nbsp;la posible cesi\u00f3n de la informaci\u00f3n de pago a entidades bancarias para efectuar el cobro del producto que quiera adquirir de conformidad a la normativa vigente;&nbsp;sus datos no se ceder\u00e1n ni comercializar\u00e1n con terceros, como tampoco ser\u00e1n transferidos a terceros pa\u00edses, sin su previo consentimiento debidamente informado.&nbsp;Puede haber acceso a sus datos por parte de encargados de tratamiento exclusivamente para la ejecuci\u00f3n de servicios necesarios al responsable de los mismos para los fines expuestos, como pueden ser los proveedores tecnol\u00f3gicos de hospedaje de datos, o proveedores del servicio email, mailing, etc., sin que estos terceros sean propietarios de los mismos, y sin que puedan cederlos a otros o hacer un uso distinto sin el consentimiento previo del usuario y autorizaci\u00f3n de nuestra empresa.<\/p>\n\n\n\n<p>Usted tiene derecho en todo momento a obtener confirmaci\u00f3n sobre si hemos recogido y estamos tratando sus datos personales. Tiene derecho a acceder a sus datos personales, los datos inexactos o solicitar su supresi\u00f3n cuando los datos ya no sean necesarios, acreditando su identidad. Igualmente podr\u00e1 ejercer los derechos de oposici\u00f3n, limitaci\u00f3n en el tratamiento y portabilidad previstos en el RGPD. Tiene usted el derecho a presentar una reclamaci\u00f3n ante la <a href=\"https:\/\/www.aepd.es\" target=\"_blank\" rel=\"noreferrer noopener\">AEPD<\/a> en caso de que considere que infringen sus derechos de protecci\u00f3n de datos (Reglamento UE 2016\/679, de 27 de abril de 2016).<\/p>\n\n\n\n<h2 class=\"wp-block-heading has-large-font-size\"><strong>Lugar del contrato y fuero aplicable<\/strong><\/h2>\n\n\n\n<p>Bit\u00f2 y el usuario, con renuncia expresa a cualquier otro fuero, se someten a la jurisdicci\u00f3n de los Juzgados y Tribunales de la ciudad de Girona para cualquier controversia que pudiera suscitarse en relaci\u00f3n al acceso o uso de esta p\u00e1gina web. El presente contrato electr\u00f3nico se entender\u00e1, a todos y plenos efectos, celebrado en Salt.<\/p>\n<\/div>","protected":false},"excerpt":{"rendered":"<p>Titularidad del web Bit\u00f2 Produccions S.L.NIF: B17310947Pati del Teatre, 217190 SALT (Girona) Inscrita en el Registro Mercantil de&#8230;<\/p>\n","protected":false},"author":35132,"featured_media":0,"parent":0,"menu_order":0,"comment_status":"closed","ping_status":"closed","template":"","meta":{"_acf_changed":false,"footnotes":""},"class_list":["post-98145","page","type-page","status-publish","hentry"],"acf":[],"yoast_head":"<!-- This site is optimized with the Yoast SEO plugin v27.0 - https:\/\/yoast.com\/product\/yoast-seo-wordpress\/ -->\n<title>Aviso legal - Temporada Alta<\/title>\n<meta name=\"robots\" content=\"index, follow, max-snippet:-1, max-image-preview:large, max-video-preview:-1\" \/>\n<link rel=\"canonical\" href=\"https:\/\/temporada-alta.com\/es\/aviso-legal\/\" \/>\n<meta property=\"og:locale\" content=\"es_ES\" \/>\n<meta property=\"og:type\" content=\"article\" \/>\n<meta property=\"og:title\" content=\"Aviso legal - Temporada Alta\" \/>\n<meta property=\"og:description\" content=\"Titularidad del web Bit\u00f2 Produccions S.L.NIF: B17310947Pati del Teatre, 217190 SALT (Girona) Inscrita en el Registro Mercantil de...\" \/>\n<meta property=\"og:url\" content=\"https:\/\/temporada-alta.com\/es\/aviso-legal\/\" \/>\n<meta property=\"og:site_name\" content=\"Temporada Alta\" \/>\n<meta property=\"article:modified_time\" content=\"2025-02-17T11:48:45+00:00\" \/>\n<meta name=\"twitter:card\" content=\"summary_large_image\" \/>\n<script type=\"application\/ld+json\" class=\"yoast-schema-graph\">{\"@context\":\"https:\/\/schema.org\",\"@graph\":[{\"@type\":\"WebPage\",\"@id\":\"https:\/\/temporada-alta.com\/es\/aviso-legal\/\",\"url\":\"https:\/\/temporada-alta.com\/es\/aviso-legal\/\",\"name\":\"Aviso legal - Temporada Alta\",\"isPartOf\":{\"@id\":\"https:\/\/temporada-alta.com\/es\/#website\"},\"datePublished\":\"2024-11-13T17:41:36+00:00\",\"dateModified\":\"2025-02-17T11:48:45+00:00\",\"breadcrumb\":{\"@id\":\"https:\/\/temporada-alta.com\/es\/aviso-legal\/#breadcrumb\"},\"inLanguage\":\"es\",\"potentialAction\":[{\"@type\":\"ReadAction\",\"target\":[\"https:\/\/temporada-alta.com\/es\/aviso-legal\/\"]}]},{\"@type\":\"BreadcrumbList\",\"@id\":\"https:\/\/temporada-alta.com\/es\/aviso-legal\/#breadcrumb\",\"itemListElement\":[{\"@type\":\"ListItem\",\"position\":1,\"name\":\"Inici\",\"item\":\"https:\/\/temporada-alta.com\/es\/\"},{\"@type\":\"ListItem\",\"position\":2,\"name\":\"Aviso legal\"}]},{\"@type\":\"WebSite\",\"@id\":\"https:\/\/temporada-alta.com\/es\/#website\",\"url\":\"https:\/\/temporada-alta.com\/es\/\",\"name\":\"Temporada Alta\",\"description\":\"Festival d&#039;Arts Esc\u00e8niques\",\"publisher\":{\"@id\":\"https:\/\/temporada-alta.com\/es\/#organization\"},\"potentialAction\":[{\"@type\":\"SearchAction\",\"target\":{\"@type\":\"EntryPoint\",\"urlTemplate\":\"https:\/\/temporada-alta.com\/es\/?s={search_term_string}\"},\"query-input\":{\"@type\":\"PropertyValueSpecification\",\"valueRequired\":true,\"valueName\":\"search_term_string\"}}],\"inLanguage\":\"es\"},{\"@type\":\"Organization\",\"@id\":\"https:\/\/temporada-alta.com\/es\/#organization\",\"name\":\"Temporada Alta\",\"url\":\"https:\/\/temporada-alta.com\/es\/\",\"logo\":{\"@type\":\"ImageObject\",\"inLanguage\":\"es\",\"@id\":\"https:\/\/temporada-alta.com\/es\/#\/schema\/logo\/image\/\",\"url\":\"https:\/\/temporada-alta.com\/wp-content\/uploads\/TA21-Logotip-pos.png\",\"contentUrl\":\"https:\/\/temporada-alta.com\/wp-content\/uploads\/TA21-Logotip-pos.png\",\"width\":800,\"height\":267,\"caption\":\"Temporada Alta\"},\"image\":{\"@id\":\"https:\/\/temporada-alta.com\/es\/#\/schema\/logo\/image\/\"}}]}<\/script>\n<!-- \/ Yoast SEO plugin. -->","yoast_head_json":{"title":"Aviso legal - Temporada Alta","robots":{"index":"index","follow":"follow","max-snippet":"max-snippet:-1","max-image-preview":"max-image-preview:large","max-video-preview":"max-video-preview:-1"},"canonical":"https:\/\/temporada-alta.com\/es\/aviso-legal\/","og_locale":"es_ES","og_type":"article","og_title":"Aviso legal - Temporada Alta","og_description":"Titularidad del web Bit\u00f2 Produccions S.L.NIF: B17310947Pati del Teatre, 217190 SALT (Girona) Inscrita en el Registro Mercantil de...","og_url":"https:\/\/temporada-alta.com\/es\/aviso-legal\/","og_site_name":"Temporada Alta","article_modified_time":"2025-02-17T11:48:45+00:00","twitter_card":"summary_large_image","schema":{"@context":"https:\/\/schema.org","@graph":[{"@type":"WebPage","@id":"https:\/\/temporada-alta.com\/es\/aviso-legal\/","url":"https:\/\/temporada-alta.com\/es\/aviso-legal\/","name":"Aviso legal - Temporada Alta","isPartOf":{"@id":"https:\/\/temporada-alta.com\/es\/#website"},"datePublished":"2024-11-13T17:41:36+00:00","dateModified":"2025-02-17T11:48:45+00:00","breadcrumb":{"@id":"https:\/\/temporada-alta.com\/es\/aviso-legal\/#breadcrumb"},"inLanguage":"es","potentialAction":[{"@type":"ReadAction","target":["https:\/\/temporada-alta.com\/es\/aviso-legal\/"]}]},{"@type":"BreadcrumbList","@id":"https:\/\/temporada-alta.com\/es\/aviso-legal\/#breadcrumb","itemListElement":[{"@type":"ListItem","position":1,"name":"Inici","item":"https:\/\/temporada-alta.com\/es\/"},{"@type":"ListItem","position":2,"name":"Aviso legal"}]},{"@type":"WebSite","@id":"https:\/\/temporada-alta.com\/es\/#website","url":"https:\/\/temporada-alta.com\/es\/","name":"Temporada Alta","description":"Festival d&#039;Arts Esc\u00e8niques","publisher":{"@id":"https:\/\/temporada-alta.com\/es\/#organization"},"potentialAction":[{"@type":"SearchAction","target":{"@type":"EntryPoint","urlTemplate":"https:\/\/temporada-alta.com\/es\/?s={search_term_string}"},"query-input":{"@type":"PropertyValueSpecification","valueRequired":true,"valueName":"search_term_string"}}],"inLanguage":"es"},{"@type":"Organization","@id":"https:\/\/temporada-alta.com\/es\/#organization","name":"Temporada Alta","url":"https:\/\/temporada-alta.com\/es\/","logo":{"@type":"ImageObject","inLanguage":"es","@id":"https:\/\/temporada-alta.com\/es\/#\/schema\/logo\/image\/","url":"https:\/\/temporada-alta.com\/wp-content\/uploads\/TA21-Logotip-pos.png","contentUrl":"https:\/\/temporada-alta.com\/wp-content\/uploads\/TA21-Logotip-pos.png","width":800,"height":267,"caption":"Temporada Alta"},"image":{"@id":"https:\/\/temporada-alta.com\/es\/#\/schema\/logo\/image\/"}}]}},"_links":{"self":[{"href":"https:\/\/temporada-alta.com\/es\/wp-json\/wp\/v2\/pages\/98145","targetHints":{"allow":["GET"]}}],"collection":[{"href":"https:\/\/temporada-alta.com\/es\/wp-json\/wp\/v2\/pages"}],"about":[{"href":"https:\/\/temporada-alta.com\/es\/wp-json\/wp\/v2\/types\/page"}],"author":[{"embeddable":true,"href":"https:\/\/temporada-alta.com\/es\/wp-json\/wp\/v2\/users\/35132"}],"replies":[{"embeddable":true,"href":"https:\/\/temporada-alta.com\/es\/wp-json\/wp\/v2\/comments?post=98145"}],"version-history":[{"count":1,"href":"https:\/\/temporada-alta.com\/es\/wp-json\/wp\/v2\/pages\/98145\/revisions"}],"predecessor-version":[{"id":98146,"href":"https:\/\/temporada-alta.com\/es\/wp-json\/wp\/v2\/pages\/98145\/revisions\/98146"}],"wp:attachment":[{"href":"https:\/\/temporada-alta.com\/es\/wp-json\/wp\/v2\/media?parent=98145"}],"curies":[{"name":"wp","href":"https:\/\/api.w.org\/{rel}","templated":true}]}}