{"id":98136,"date":"2024-11-11T12:58:24","date_gmt":"2024-11-11T11:58:24","guid":{"rendered":"https:\/\/temporada-alta.com\/?page_id=98136"},"modified":"2025-12-01T12:21:09","modified_gmt":"2025-12-01T11:21:09","slug":"vale-regalo","status":"publish","type":"page","link":"https:\/\/temporada-alta.com\/es\/vale-regalo\/","title":{"rendered":"Vale regalo de Temporada Alta"},"content":{"rendered":"<div id=\"modal-ready\">\n<div class=\"wp-block-columns has-black-background-color has-background is-layout-flex wp-container-core-columns-is-layout-a54e0cfc wp-block-columns-is-layout-flex\" style=\"padding-top:var(--wp--preset--spacing--60);padding-bottom:var(--wp--preset--spacing--60)\">\n<div class=\"wp-block-column is-vertically-aligned-center is-layout-flow wp-block-column-is-layout-flow\">\n<figure class=\"wp-block-image size-full\"><img loading=\"lazy\" decoding=\"async\" width=\"1240\" height=\"840\" src=\"https:\/\/temporada-alta.com\/wp-content\/uploads\/TA23-ValRegal-Banner-2026.jpg\" alt=\"\" class=\"wp-image-106806\" srcset=\"https:\/\/temporada-alta.com\/wp-content\/uploads\/TA23-ValRegal-Banner-2026.jpg 1240w, https:\/\/temporada-alta.com\/wp-content\/uploads\/TA23-ValRegal-Banner-2026-549x372.jpg 549w, https:\/\/temporada-alta.com\/wp-content\/uploads\/TA23-ValRegal-Banner-2026-1200x813.jpg 1200w, https:\/\/temporada-alta.com\/wp-content\/uploads\/TA23-ValRegal-Banner-2026-768x520.jpg 768w\" sizes=\"auto, (max-width: 1240px) 100vw, 1240px\" \/><\/figure>\n<\/div>\n\n\n\n<div class=\"wp-block-column is-vertically-aligned-center is-layout-flow wp-block-column-is-layout-flow\">\n<h2 class=\"wp-block-heading has-text-align-center has-white-color has-black-background-color has-text-color has-background has-link-color wp-elements-f1a118201cbc61f6e24a7b396c0695e3\" style=\"margin-top:0;margin-bottom:var(--wp--preset--spacing--40);padding-top:0;padding-bottom:0\"><strong>\u00bfQuieres regalar Temporada Alta?<\/strong><\/h2>\n\n\n\n<p class=\"has-text-align-center has-white-color has-text-color has-link-color wp-elements-07e7c295c7e34c11d92c174ec1f4944c\" style=\"margin-top:0;margin-bottom:0;padding-top:0;padding-bottom:0\">Este a\u00f1o, desde Temporada Alta, te lo queremos poner f\u00e1cil a la hora de hacer tus regalos a familiares y amigos. Por primera vez, hemos creado un vale regalo para que la persona que lo reciba pueda gastarlo en el espectaculo o espectaculos que quiera de Temporada Alta 2026, una vez hayamos publicado la programaci\u00f3n.&nbsp;<br>\u00a1Regala emociones, regala Temporada Alta!<\/p>\n\n\n\n<div class=\"wp-block-buttons is-content-justification-center is-layout-flex wp-container-core-buttons-is-layout-c3d5205c wp-block-buttons-is-layout-flex\" style=\"margin-top:0;margin-bottom:0\">\n<div class=\"wp-block-button\"><a class=\"wp-block-button__link has-vivid-red-background-color has-background has-text-align-center wp-element-button\" href=\"https:\/\/temporada-alta.koobin.com\/index.php?action=PU_extras&amp;idioma=ES&amp;act=1\" target=\"_blank\" rel=\"noreferrer noopener\">COMPRA EL VALe REGAL<\/a><\/div>\n<\/div>\n<\/div>\n<\/div>\n\n\n\n<h2 class=\"wp-block-heading has-text-align-center\"><b><h2 class=\"elementor-heading-title elementor-size-default\"><b>\u00bfC\u00f3mo funciona el vale regalo?<\/b><\/h2><\/b><\/h2>\n\n\n\n<p>Proponemos este vale regalo para comprar entradas de Temporada Alta 2026 que funciona de la siguiente manera:<\/p>\n\n\n\n<ul class=\"wp-block-list\">\n<li>Puedes comprar un vale de 30, 60 o 90 euros o comprar un vale con la cifra que tu elijas.<\/li>\n\n\n\n<li>Desde la web, un vez hayas hecho el pago, podr\u00e1s descarregarte el vale para regalar, d\u00f3nde la persona que lo reciba encontrar\u00e1 un c\u00f3digo para aplicar en su compra.<\/li>\n\n\n\n<li>Su gasto no hace falta que sea exactamente equivalente al importe del vale. En caso, por ejemplo, que gasten m\u00e1s dinero, el vale servir\u00e1 para descontar la cantidad del costo total de sus entradas.<\/li>\n\n\n\n<li>El vale \u00fanicamente servir\u00e1 para Temporada Alta 2026 y podr\u00e1 hacerse efectivo una vez la programaci\u00f3m, de manera parcial o total, salga a la venta.<\/li>\n\n\n\n<li>Recuerda que durante los d\u00edas de preventa (justo antes de la venta total en Setiembre), \u00fanicamente podr\u00e1s utilizar el vale si, adem\u00e1s, eres abonado de El Club. <a href=\"https:\/\/www.ciutatinvisible.org\/es\/projectes\/el-club\/\" target=\"_blank\" rel=\"noreferrer noopener\">H\u00e1zte abonado de El Club de la Fundaci\u00f3 La Ciutat Invisible aqu\u00ed<\/a>.<\/li>\n<\/ul>\n<\/div>","protected":false},"excerpt":{"rendered":"<p>\u00bfQuieres regalar Temporada Alta? Este a\u00f1o, desde Temporada Alta, te lo queremos poner f\u00e1cil a la hora de&#8230;<\/p>\n","protected":false},"author":35132,"featured_media":0,"parent":0,"menu_order":0,"comment_status":"closed","ping_status":"closed","template":"","meta":{"_acf_changed":false,"footnotes":""},"class_list":["post-98136","page","type-page","status-publish","hentry"],"acf":[],"yoast_head":"<!-- This site is optimized with the Yoast SEO plugin v27.0 - https:\/\/yoast.com\/product\/yoast-seo-wordpress\/ -->\n<title>Vale regalo de Temporada Alta - Temporada Alta<\/title>\n<meta name=\"robots\" content=\"index, follow, max-snippet:-1, max-image-preview:large, max-video-preview:-1\" \/>\n<link rel=\"canonical\" href=\"https:\/\/temporada-alta.com\/es\/vale-regalo\/\" \/>\n<meta property=\"og:locale\" content=\"es_ES\" \/>\n<meta property=\"og:type\" content=\"article\" \/>\n<meta property=\"og:title\" content=\"Vale regalo de Temporada Alta - Temporada Alta\" \/>\n<meta property=\"og:description\" content=\"\u00bfQuieres regalar Temporada Alta? Este a\u00f1o, desde Temporada Alta, te lo queremos poner f\u00e1cil a la hora de...\" \/>\n<meta property=\"og:url\" content=\"https:\/\/temporada-alta.com\/es\/vale-regalo\/\" \/>\n<meta property=\"og:site_name\" content=\"Temporada Alta\" \/>\n<meta property=\"article:modified_time\" content=\"2025-12-01T11:21:09+00:00\" \/>\n<meta property=\"og:image\" content=\"https:\/\/temporada-alta.com\/wp-content\/uploads\/TA23-ValRegal-Banner-2026.jpg\" \/>\n\t<meta property=\"og:image:width\" content=\"1240\" \/>\n\t<meta property=\"og:image:height\" content=\"840\" \/>\n\t<meta property=\"og:image:type\" content=\"image\/jpeg\" \/>\n<meta name=\"twitter:card\" content=\"summary_large_image\" \/>\n<script type=\"application\/ld+json\" class=\"yoast-schema-graph\">{\"@context\":\"https:\/\/schema.org\",\"@graph\":[{\"@type\":\"WebPage\",\"@id\":\"https:\/\/temporada-alta.com\/es\/vale-regalo\/\",\"url\":\"https:\/\/temporada-alta.com\/es\/vale-regalo\/\",\"name\":\"Vale regalo de Temporada Alta - Temporada Alta\",\"isPartOf\":{\"@id\":\"https:\/\/temporada-alta.com\/es\/#website\"},\"primaryImageOfPage\":{\"@id\":\"https:\/\/temporada-alta.com\/es\/vale-regalo\/#primaryimage\"},\"image\":{\"@id\":\"https:\/\/temporada-alta.com\/es\/vale-regalo\/#primaryimage\"},\"thumbnailUrl\":\"https:\/\/temporada-alta.com\/wp-content\/uploads\/TA23-ValRegal-Banner-2026.jpg\",\"datePublished\":\"2024-11-11T11:58:24+00:00\",\"dateModified\":\"2025-12-01T11:21:09+00:00\",\"breadcrumb\":{\"@id\":\"https:\/\/temporada-alta.com\/es\/vale-regalo\/#breadcrumb\"},\"inLanguage\":\"es\",\"potentialAction\":[{\"@type\":\"ReadAction\",\"target\":[\"https:\/\/temporada-alta.com\/es\/vale-regalo\/\"]}]},{\"@type\":\"ImageObject\",\"inLanguage\":\"es\",\"@id\":\"https:\/\/temporada-alta.com\/es\/vale-regalo\/#primaryimage\",\"url\":\"https:\/\/temporada-alta.com\/wp-content\/uploads\/TA23-ValRegal-Banner-2026.jpg\",\"contentUrl\":\"https:\/\/temporada-alta.com\/wp-content\/uploads\/TA23-ValRegal-Banner-2026.jpg\"},{\"@type\":\"BreadcrumbList\",\"@id\":\"https:\/\/temporada-alta.com\/es\/vale-regalo\/#breadcrumb\",\"itemListElement\":[{\"@type\":\"ListItem\",\"position\":1,\"name\":\"Inici\",\"item\":\"https:\/\/temporada-alta.com\/es\/\"},{\"@type\":\"ListItem\",\"position\":2,\"name\":\"Vale regalo de Temporada Alta\"}]},{\"@type\":\"WebSite\",\"@id\":\"https:\/\/temporada-alta.com\/es\/#website\",\"url\":\"https:\/\/temporada-alta.com\/es\/\",\"name\":\"Temporada Alta\",\"description\":\"Festival d&#039;Arts Esc\u00e8niques\",\"publisher\":{\"@id\":\"https:\/\/temporada-alta.com\/es\/#organization\"},\"potentialAction\":[{\"@type\":\"SearchAction\",\"target\":{\"@type\":\"EntryPoint\",\"urlTemplate\":\"https:\/\/temporada-alta.com\/es\/?s={search_term_string}\"},\"query-input\":{\"@type\":\"PropertyValueSpecification\",\"valueRequired\":true,\"valueName\":\"search_term_string\"}}],\"inLanguage\":\"es\"},{\"@type\":\"Organization\",\"@id\":\"https:\/\/temporada-alta.com\/es\/#organization\",\"name\":\"Temporada Alta\",\"url\":\"https:\/\/temporada-alta.com\/es\/\",\"logo\":{\"@type\":\"ImageObject\",\"inLanguage\":\"es\",\"@id\":\"https:\/\/temporada-alta.com\/es\/#\/schema\/logo\/image\/\",\"url\":\"https:\/\/temporada-alta.com\/wp-content\/uploads\/TA21-Logotip-pos.png\",\"contentUrl\":\"https:\/\/temporada-alta.com\/wp-content\/uploads\/TA21-Logotip-pos.png\",\"width\":800,\"height\":267,\"caption\":\"Temporada Alta\"},\"image\":{\"@id\":\"https:\/\/temporada-alta.com\/es\/#\/schema\/logo\/image\/\"}}]}<\/script>\n<!-- \/ Yoast SEO plugin. -->","yoast_head_json":{"title":"Vale regalo de Temporada Alta - Temporada Alta","robots":{"index":"index","follow":"follow","max-snippet":"max-snippet:-1","max-image-preview":"max-image-preview:large","max-video-preview":"max-video-preview:-1"},"canonical":"https:\/\/temporada-alta.com\/es\/vale-regalo\/","og_locale":"es_ES","og_type":"article","og_title":"Vale regalo de Temporada Alta - Temporada Alta","og_description":"\u00bfQuieres regalar Temporada Alta? Este a\u00f1o, desde Temporada Alta, te lo queremos poner f\u00e1cil a la hora de...","og_url":"https:\/\/temporada-alta.com\/es\/vale-regalo\/","og_site_name":"Temporada Alta","article_modified_time":"2025-12-01T11:21:09+00:00","og_image":[{"width":1240,"height":840,"url":"https:\/\/temporada-alta.com\/wp-content\/uploads\/TA23-ValRegal-Banner-2026.jpg","type":"image\/jpeg"}],"twitter_card":"summary_large_image","schema":{"@context":"https:\/\/schema.org","@graph":[{"@type":"WebPage","@id":"https:\/\/temporada-alta.com\/es\/vale-regalo\/","url":"https:\/\/temporada-alta.com\/es\/vale-regalo\/","name":"Vale regalo de Temporada Alta - Temporada Alta","isPartOf":{"@id":"https:\/\/temporada-alta.com\/es\/#website"},"primaryImageOfPage":{"@id":"https:\/\/temporada-alta.com\/es\/vale-regalo\/#primaryimage"},"image":{"@id":"https:\/\/temporada-alta.com\/es\/vale-regalo\/#primaryimage"},"thumbnailUrl":"https:\/\/temporada-alta.com\/wp-content\/uploads\/TA23-ValRegal-Banner-2026.jpg","datePublished":"2024-11-11T11:58:24+00:00","dateModified":"2025-12-01T11:21:09+00:00","breadcrumb":{"@id":"https:\/\/temporada-alta.com\/es\/vale-regalo\/#breadcrumb"},"inLanguage":"es","potentialAction":[{"@type":"ReadAction","target":["https:\/\/temporada-alta.com\/es\/vale-regalo\/"]}]},{"@type":"ImageObject","inLanguage":"es","@id":"https:\/\/temporada-alta.com\/es\/vale-regalo\/#primaryimage","url":"https:\/\/temporada-alta.com\/wp-content\/uploads\/TA23-ValRegal-Banner-2026.jpg","contentUrl":"https:\/\/temporada-alta.com\/wp-content\/uploads\/TA23-ValRegal-Banner-2026.jpg"},{"@type":"BreadcrumbList","@id":"https:\/\/temporada-alta.com\/es\/vale-regalo\/#breadcrumb","itemListElement":[{"@type":"ListItem","position":1,"name":"Inici","item":"https:\/\/temporada-alta.com\/es\/"},{"@type":"ListItem","position":2,"name":"Vale regalo de Temporada Alta"}]},{"@type":"WebSite","@id":"https:\/\/temporada-alta.com\/es\/#website","url":"https:\/\/temporada-alta.com\/es\/","name":"Temporada Alta","description":"Festival d&#039;Arts Esc\u00e8niques","publisher":{"@id":"https:\/\/temporada-alta.com\/es\/#organization"},"potentialAction":[{"@type":"SearchAction","target":{"@type":"EntryPoint","urlTemplate":"https:\/\/temporada-alta.com\/es\/?s={search_term_string}"},"query-input":{"@type":"PropertyValueSpecification","valueRequired":true,"valueName":"search_term_string"}}],"inLanguage":"es"},{"@type":"Organization","@id":"https:\/\/temporada-alta.com\/es\/#organization","name":"Temporada Alta","url":"https:\/\/temporada-alta.com\/es\/","logo":{"@type":"ImageObject","inLanguage":"es","@id":"https:\/\/temporada-alta.com\/es\/#\/schema\/logo\/image\/","url":"https:\/\/temporada-alta.com\/wp-content\/uploads\/TA21-Logotip-pos.png","contentUrl":"https:\/\/temporada-alta.com\/wp-content\/uploads\/TA21-Logotip-pos.png","width":800,"height":267,"caption":"Temporada Alta"},"image":{"@id":"https:\/\/temporada-alta.com\/es\/#\/schema\/logo\/image\/"}}]}},"_links":{"self":[{"href":"https:\/\/temporada-alta.com\/es\/wp-json\/wp\/v2\/pages\/98136","targetHints":{"allow":["GET"]}}],"collection":[{"href":"https:\/\/temporada-alta.com\/es\/wp-json\/wp\/v2\/pages"}],"about":[{"href":"https:\/\/temporada-alta.com\/es\/wp-json\/wp\/v2\/types\/page"}],"author":[{"embeddable":true,"href":"https:\/\/temporada-alta.com\/es\/wp-json\/wp\/v2\/users\/35132"}],"replies":[{"embeddable":true,"href":"https:\/\/temporada-alta.com\/es\/wp-json\/wp\/v2\/comments?post=98136"}],"version-history":[{"count":5,"href":"https:\/\/temporada-alta.com\/es\/wp-json\/wp\/v2\/pages\/98136\/revisions"}],"predecessor-version":[{"id":106812,"href":"https:\/\/temporada-alta.com\/es\/wp-json\/wp\/v2\/pages\/98136\/revisions\/106812"}],"wp:attachment":[{"href":"https:\/\/temporada-alta.com\/es\/wp-json\/wp\/v2\/media?parent=98136"}],"curies":[{"name":"wp","href":"https:\/\/api.w.org\/{rel}","templated":true}]}}