{"id":98126,"date":"2024-11-13T16:46:45","date_gmt":"2024-11-13T15:46:45","guid":{"rendered":"https:\/\/temporada-alta.com\/?page_id=98126"},"modified":"2025-09-02T11:21:21","modified_gmt":"2025-09-02T09:21:21","slug":"promotoras-externas","status":"publish","type":"page","link":"https:\/\/temporada-alta.com\/es\/promotoras-externas\/","title":{"rendered":"Promotoras externas"},"content":{"rendered":"<div id=\"modal-ready\">\n<h2 class=\"wp-block-heading has-medium-font-size\"><strong>Auditori de Girona<\/strong><\/h2>\n\n\n\n<p>Fundaci\u00f3 Auditori-Palau de Congressos de Girona<br>G17900374<br>Passeig de la Devesa, 35, Girona<br><strong><a href=\"https:\/\/auditori.girona.cat\/cat\/contacte.php\" target=\"_blank\" rel=\"noreferrer noopener\">Contacta<\/a><\/strong><\/p>\n\n\n\n<h2 class=\"wp-block-heading has-medium-font-size\"><strong>Focus<\/strong><\/h2>\n\n\n\n<p>Serveis de l\u2019Espectacle Focus S.A.&nbsp;<br>A58116369&nbsp;<br>Carrer \u00c0vila 149-155, Barcelona<br><strong><a href=\"http:\/\/www.focus.cat\/ca\/legal\" target=\"_blank\" rel=\"noreferrer noopener\">Contacta<\/a><\/strong><\/p>\n\n\n\n<h2 class=\"wp-block-heading has-medium-font-size\"><strong>La Vanguardia ediciones, S.L.U.<\/strong><\/h2>\n\n\n\n<p>B61475257<br>Avinguda Diagonal, 477, 7a planta, Barceolona<br><em>Entradas compradas a trav\u00e9s del ppvv de La Vanguardia<br><\/em><strong><a href=\"http:\/\/entradas.lavanguardia.com\/politica-de-privacidad\/\">Pol\u00edtica de privacidad<\/a><\/strong><\/p>\n\n\n\n<h2 class=\"wp-block-heading has-medium-font-size\"><strong>El Foment<\/strong><\/h2>\n\n\n\n<p>Fundaci\u00f3 Cultural El Foment<br>G56303985<br>Carrer Mercaders, 8, Girona<br><strong><a href=\"https:\/\/www.elfoment.org\/ca\/contacte.html\" target=\"_blank\" rel=\"noreferrer noopener\">Contacta<\/a><\/strong><\/p>\n\n\n\n<h2 class=\"wp-block-heading has-medium-font-size\"><strong>Festival Neu!<\/strong><\/h2>\n\n\n\n<p>NEU ORG S.L.<br>B70770508<br>Carrer Roca Colom, 14, Girona<\/p>\n\n\n\n<h2 class=\"wp-block-heading has-medium-font-size\"><strong>Subsedes\u00a0<\/strong><\/h2>\n\n\n\n<ul class=\"wp-block-list\">\n<li>Ajuntament de Sant Gregori \u2013 Espai La Pineda<\/li>\n\n\n\n<li>Ajuntament de Torroella de Montgr\u00ed \u2013 Teatre Auditori Espai Ter<\/li>\n\n\n\n<li>Ajuntament de Palafrugell \u2013 Teatre Municipal de Palafrugell<\/li>\n\n\n\n<li>Ajuntament de Banyoles \u2013 Teatre Municipal de Banyoles<\/li>\n\n\n\n<li>Ajuntament de Figueres \u2013 Teatre Jard\u00ed<\/li>\n\n\n\n<li>Ajuntament de Bescan\u00f3 \u2013 Teatre de Bescan\u00f3<\/li>\n<\/ul>\n\n\n\n<h2 class=\"wp-block-heading has-medium-font-size\"><strong>Fundaci\u00f3 Joan Brossa<\/strong><\/h2>\n\n\n\n<p>G61879607<br>Carrer La Seca, 2, Baixos, Barcelona<br><strong><a href=\"https:\/\/fundaciojoanbrossa.cat\/arts-visuals-arts-en-viu-i-pensament-apostant-per-defensar-el-llegat-de-joan-brossa-promoure-la-creacio-i-la-reflexio-contemporania\/politica-de-privacitat\/\" target=\"_blank\" rel=\"noreferrer noopener\">Pol\u00edtica de privacitat<\/a><\/strong><\/p>\n\n\n\n<h2 class=\"wp-block-heading has-medium-font-size\"><strong>Mercat de les Flors<\/strong> <\/h2>\n\n\n\n<p>Consorci Mercat de les Flors<br>P0800194C<br>Carrer Lleida, 59, Barcelona<br><strong><a href=\"https:\/\/mercatflors.cat\/contacte\/\" target=\"_blank\" rel=\"noreferrer noopener\">Contacta<\/a><\/strong><\/p>\n\n\n\n<h2 class=\"wp-block-heading has-medium-font-size\"><strong>Teatre La Biblioteca<\/strong><\/h2>\n\n\n\n<p>La Perla 29 SL<br>B62843974<br>Carrer Carme, 44, 1r 2a, Barcelona<br><strong><a href=\"https:\/\/www.laperla29.cat\/ca\/contacte.html\" target=\"_blank\" rel=\"noreferrer noopener\">Contacta<\/a><\/strong><\/p>\n\n\n\n<h2 class=\"wp-block-heading has-medium-font-size\"><strong>Teatre Lliure<\/strong><\/h2>\n\n\n\n<p>Fundaci\u00f3 Teatre Lliure &#8211; Teatre P\u00fablic deBarcelona<br>G58658931<br>Pla\u00e7a Margarida Xirgu, s\/n, Barcelona<br><strong><a href=\"https:\/\/www.teatrelliure.com\/ca\/contacte\" target=\"_blank\" rel=\"noreferrer noopener\">Contacta<\/a><\/strong><\/p>\n<\/div>","protected":false},"excerpt":{"rendered":"<p>Auditori de Girona Fundaci\u00f3 Auditori-Palau de Congressos de GironaG17900374Passeig de la Devesa, 35, GironaContacta Focus Serveis de l\u2019Espectacle&#8230;<\/p>\n","protected":false},"author":35132,"featured_media":0,"parent":0,"menu_order":0,"comment_status":"closed","ping_status":"closed","template":"","meta":{"_acf_changed":false,"footnotes":""},"class_list":["post-98126","page","type-page","status-publish","hentry"],"acf":[],"yoast_head":"<!-- This site is optimized with the Yoast SEO plugin v27.0 - https:\/\/yoast.com\/product\/yoast-seo-wordpress\/ -->\n<title>Promotoras externas - Temporada Alta<\/title>\n<meta name=\"robots\" content=\"index, follow, max-snippet:-1, max-image-preview:large, max-video-preview:-1\" \/>\n<link rel=\"canonical\" href=\"https:\/\/temporada-alta.com\/es\/promotoras-externas\/\" \/>\n<meta property=\"og:locale\" content=\"es_ES\" \/>\n<meta property=\"og:type\" content=\"article\" \/>\n<meta property=\"og:title\" content=\"Promotoras externas - Temporada Alta\" \/>\n<meta property=\"og:description\" content=\"Auditori de Girona Fundaci\u00f3 Auditori-Palau de Congressos de GironaG17900374Passeig de la Devesa, 35, GironaContacta Focus Serveis de l\u2019Espectacle...\" \/>\n<meta property=\"og:url\" content=\"https:\/\/temporada-alta.com\/es\/promotoras-externas\/\" \/>\n<meta property=\"og:site_name\" content=\"Temporada Alta\" \/>\n<meta property=\"article:modified_time\" content=\"2025-09-02T09:21:21+00:00\" \/>\n<meta name=\"twitter:card\" content=\"summary_large_image\" \/>\n<script type=\"application\/ld+json\" class=\"yoast-schema-graph\">{\"@context\":\"https:\/\/schema.org\",\"@graph\":[{\"@type\":\"WebPage\",\"@id\":\"https:\/\/temporada-alta.com\/es\/promotoras-externas\/\",\"url\":\"https:\/\/temporada-alta.com\/es\/promotoras-externas\/\",\"name\":\"Promotoras externas - Temporada Alta\",\"isPartOf\":{\"@id\":\"https:\/\/temporada-alta.com\/es\/#website\"},\"datePublished\":\"2024-11-13T15:46:45+00:00\",\"dateModified\":\"2025-09-02T09:21:21+00:00\",\"breadcrumb\":{\"@id\":\"https:\/\/temporada-alta.com\/es\/promotoras-externas\/#breadcrumb\"},\"inLanguage\":\"es\",\"potentialAction\":[{\"@type\":\"ReadAction\",\"target\":[\"https:\/\/temporada-alta.com\/es\/promotoras-externas\/\"]}]},{\"@type\":\"BreadcrumbList\",\"@id\":\"https:\/\/temporada-alta.com\/es\/promotoras-externas\/#breadcrumb\",\"itemListElement\":[{\"@type\":\"ListItem\",\"position\":1,\"name\":\"Inici\",\"item\":\"https:\/\/temporada-alta.com\/es\/\"},{\"@type\":\"ListItem\",\"position\":2,\"name\":\"Promotoras externas\"}]},{\"@type\":\"WebSite\",\"@id\":\"https:\/\/temporada-alta.com\/es\/#website\",\"url\":\"https:\/\/temporada-alta.com\/es\/\",\"name\":\"Temporada Alta\",\"description\":\"Festival d&#039;Arts Esc\u00e8niques\",\"publisher\":{\"@id\":\"https:\/\/temporada-alta.com\/es\/#organization\"},\"potentialAction\":[{\"@type\":\"SearchAction\",\"target\":{\"@type\":\"EntryPoint\",\"urlTemplate\":\"https:\/\/temporada-alta.com\/es\/?s={search_term_string}\"},\"query-input\":{\"@type\":\"PropertyValueSpecification\",\"valueRequired\":true,\"valueName\":\"search_term_string\"}}],\"inLanguage\":\"es\"},{\"@type\":\"Organization\",\"@id\":\"https:\/\/temporada-alta.com\/es\/#organization\",\"name\":\"Temporada Alta\",\"url\":\"https:\/\/temporada-alta.com\/es\/\",\"logo\":{\"@type\":\"ImageObject\",\"inLanguage\":\"es\",\"@id\":\"https:\/\/temporada-alta.com\/es\/#\/schema\/logo\/image\/\",\"url\":\"https:\/\/temporada-alta.com\/wp-content\/uploads\/TA21-Logotip-pos.png\",\"contentUrl\":\"https:\/\/temporada-alta.com\/wp-content\/uploads\/TA21-Logotip-pos.png\",\"width\":800,\"height\":267,\"caption\":\"Temporada Alta\"},\"image\":{\"@id\":\"https:\/\/temporada-alta.com\/es\/#\/schema\/logo\/image\/\"}}]}<\/script>\n<!-- \/ Yoast SEO plugin. -->","yoast_head_json":{"title":"Promotoras externas - Temporada Alta","robots":{"index":"index","follow":"follow","max-snippet":"max-snippet:-1","max-image-preview":"max-image-preview:large","max-video-preview":"max-video-preview:-1"},"canonical":"https:\/\/temporada-alta.com\/es\/promotoras-externas\/","og_locale":"es_ES","og_type":"article","og_title":"Promotoras externas - Temporada Alta","og_description":"Auditori de Girona Fundaci\u00f3 Auditori-Palau de Congressos de GironaG17900374Passeig de la Devesa, 35, GironaContacta Focus Serveis de l\u2019Espectacle...","og_url":"https:\/\/temporada-alta.com\/es\/promotoras-externas\/","og_site_name":"Temporada Alta","article_modified_time":"2025-09-02T09:21:21+00:00","twitter_card":"summary_large_image","schema":{"@context":"https:\/\/schema.org","@graph":[{"@type":"WebPage","@id":"https:\/\/temporada-alta.com\/es\/promotoras-externas\/","url":"https:\/\/temporada-alta.com\/es\/promotoras-externas\/","name":"Promotoras externas - Temporada Alta","isPartOf":{"@id":"https:\/\/temporada-alta.com\/es\/#website"},"datePublished":"2024-11-13T15:46:45+00:00","dateModified":"2025-09-02T09:21:21+00:00","breadcrumb":{"@id":"https:\/\/temporada-alta.com\/es\/promotoras-externas\/#breadcrumb"},"inLanguage":"es","potentialAction":[{"@type":"ReadAction","target":["https:\/\/temporada-alta.com\/es\/promotoras-externas\/"]}]},{"@type":"BreadcrumbList","@id":"https:\/\/temporada-alta.com\/es\/promotoras-externas\/#breadcrumb","itemListElement":[{"@type":"ListItem","position":1,"name":"Inici","item":"https:\/\/temporada-alta.com\/es\/"},{"@type":"ListItem","position":2,"name":"Promotoras externas"}]},{"@type":"WebSite","@id":"https:\/\/temporada-alta.com\/es\/#website","url":"https:\/\/temporada-alta.com\/es\/","name":"Temporada Alta","description":"Festival d&#039;Arts Esc\u00e8niques","publisher":{"@id":"https:\/\/temporada-alta.com\/es\/#organization"},"potentialAction":[{"@type":"SearchAction","target":{"@type":"EntryPoint","urlTemplate":"https:\/\/temporada-alta.com\/es\/?s={search_term_string}"},"query-input":{"@type":"PropertyValueSpecification","valueRequired":true,"valueName":"search_term_string"}}],"inLanguage":"es"},{"@type":"Organization","@id":"https:\/\/temporada-alta.com\/es\/#organization","name":"Temporada Alta","url":"https:\/\/temporada-alta.com\/es\/","logo":{"@type":"ImageObject","inLanguage":"es","@id":"https:\/\/temporada-alta.com\/es\/#\/schema\/logo\/image\/","url":"https:\/\/temporada-alta.com\/wp-content\/uploads\/TA21-Logotip-pos.png","contentUrl":"https:\/\/temporada-alta.com\/wp-content\/uploads\/TA21-Logotip-pos.png","width":800,"height":267,"caption":"Temporada Alta"},"image":{"@id":"https:\/\/temporada-alta.com\/es\/#\/schema\/logo\/image\/"}}]}},"_links":{"self":[{"href":"https:\/\/temporada-alta.com\/es\/wp-json\/wp\/v2\/pages\/98126","targetHints":{"allow":["GET"]}}],"collection":[{"href":"https:\/\/temporada-alta.com\/es\/wp-json\/wp\/v2\/pages"}],"about":[{"href":"https:\/\/temporada-alta.com\/es\/wp-json\/wp\/v2\/types\/page"}],"author":[{"embeddable":true,"href":"https:\/\/temporada-alta.com\/es\/wp-json\/wp\/v2\/users\/35132"}],"replies":[{"embeddable":true,"href":"https:\/\/temporada-alta.com\/es\/wp-json\/wp\/v2\/comments?post=98126"}],"version-history":[{"count":4,"href":"https:\/\/temporada-alta.com\/es\/wp-json\/wp\/v2\/pages\/98126\/revisions"}],"predecessor-version":[{"id":105055,"href":"https:\/\/temporada-alta.com\/es\/wp-json\/wp\/v2\/pages\/98126\/revisions\/105055"}],"wp:attachment":[{"href":"https:\/\/temporada-alta.com\/es\/wp-json\/wp\/v2\/media?parent=98126"}],"curies":[{"name":"wp","href":"https:\/\/api.w.org\/{rel}","templated":true}]}}