{"id":98117,"date":"2024-11-13T13:43:19","date_gmt":"2024-11-13T12:43:19","guid":{"rendered":"https:\/\/temporada-alta.com\/?page_id=98117"},"modified":"2025-08-23T10:16:16","modified_gmt":"2025-08-23T08:16:16","slug":"canales-de-venta-oficiales","status":"publish","type":"page","link":"https:\/\/temporada-alta.com\/es\/canales-de-venta-oficiales\/","title":{"rendered":"Canales de venta oficiales"},"content":{"rendered":"<div id=\"modal-ready\">\n<h2 class=\"wp-block-heading has-black-color has-text-color has-link-color has-medium-font-size wp-elements-6977325080c64c5f21b78b5e0605f7f6\"><strong>INTERNET<\/strong><\/h2>\n\n\n\n<div class=\"wp-block-buttons is-layout-flex wp-block-buttons-is-layout-flex\">\n<div class=\"wp-block-button\"><a class=\"wp-block-button__link has-dark-gray-color has-white-background-color has-text-color has-background has-link-color wp-element-button\" href=\"https:\/\/temporada-alta.com\/es\/programacio\/\" style=\"border-width:1px\">venda de entradas y paquetes<\/a><\/div>\n<\/div>\n\n\n\n<h2 class=\"wp-block-heading has-medium-font-size\"><strong>EQUIPAMIENTOS<\/strong><\/h2>\n\n\n\n<p><strong>Auditori de Girona<\/strong><br>De 11 a 13h, martes y jueves<br>Una hora antes del evento<\/p>\n\n\n\n<p><strong>Teatre Municipal de Girona<\/strong><br>De 16h a 18h, mi\u00e9rcoles<br>De 11h a 13h, viernes<br>Una hora antes del evento<\/p>\n\n\n\n<p><strong>Teatre de Salt<\/strong><br>Una hora antes del evento<\/p>\n\n\n\n<p><strong>El Canal<\/strong><br>Una hora antes del evento<\/p>\n\n\n\n<p><strong>Sala La Planeta<br><\/strong>Una hora antes del evento<\/p>\n\n\n\n<p><strong>Centre Cultural la Merc\u00e8&nbsp;<\/strong><br>Una hora antes del evento<\/p>\n\n\n\n<p><strong>Cinema Truffaut<\/strong><br>Una hora antes del evento<\/p>\n\n\n\n<p><strong>La Mirona<\/strong><br>Una hora antes del evento<\/p>\n\n\n\n<p><strong>Auditori Espai Ter, de Torroella de Montgr\u00ed<\/strong><br>Una hora antes del evento<br><em>Oficina de Turisme de l\u2019Estartit<\/em> (Informaci\u00f3n y horarios al tel. 972 751 910)<\/p>\n\n\n\n<p><strong>Teatre de Palafrugell<\/strong><br>Una hora antes del evento<\/p>\n\n\n\n<p><strong>Teatre Municipal de Banyoles<\/strong><br>Una hora antes del evento<\/p>\n\n\n\n<p><strong>Teatre de Bescan\u00f3&nbsp;<\/strong><br>Una hora antes del evento<\/p>\n\n\n\n<p><strong>Teatre Municipal El Jard\u00ed, de Figueres&nbsp;<\/strong><br>Una hora antes del evento<\/p>\n\n\n\n<p><strong>Espai La Pineda, de Sant Gregori<br><\/strong>Una hora antes del evento<\/p>\n\n\n\n<p><strong><strong>Fundaci\u00f3 Joan Brossa<\/strong>, de Barcelona<br><\/strong>Una hora antes del evento<\/p>\n\n\n\n<p><strong><strong>La Villarroel<\/strong>, de Barcelona<br><\/strong>Una hora antes del evento<\/p>\n\n\n\n<p><strong>Mercat de les Flors, de Barcelona<br><\/strong>Una hora antes del evento<\/p>\n\n\n\n<p><strong>Teatre Goya, de Barcelona<br><\/strong>Una hora antes del evento<\/p>\n\n\n\n<p><strong>Teatre La Biblioteca, de Barcelona<br><\/strong>Una hora antes del evento<\/p>\n\n\n\n<p><strong><strong>Teatre Lliure<\/strong>, de Barcelona<br><\/strong>Una hora antes del evento<\/p>\n\n\n\n<h4 class=\"wp-block-heading\"><strong>PROMOTORAS EXTERNAS&nbsp;<\/strong><\/h4>\n\n\n\n<p>Temporada Alta coproduce y colabora con muchos eventos con otras empresas fuera de Bit\u00f2. Algunas de estas ser\u00e1n propietarias de la base de datos de los caompradores de estos acontecimientos. Aqu\u00ed os relacionamos de qu\u00e9 empresas se trata. Para m\u00e1s informaci\u00f3n <a href=\"http:\/\/rgpd@bito.pro\" target=\"_blank\" rel=\"noreferrer noopener\">escr\u00edbenos un mail<\/a><\/p>\n\n\n\n<div class=\"wp-block-buttons is-layout-flex wp-block-buttons-is-layout-flex\">\n<div class=\"wp-block-button\"><a class=\"wp-block-button__link has-dark-gray-color has-white-background-color has-text-color has-background has-link-color wp-element-button\" href=\"https:\/\/temporada-alta.com\/es\/promotoras-externas\/\" style=\"border-width:1px\">promotoras externas<\/a><\/div>\n<\/div>\n<\/div>","protected":false},"excerpt":{"rendered":"<p>INTERNET EQUIPAMIENTOS Auditori de GironaDe 11 a 13h, martes y juevesUna hora antes del evento Teatre Municipal de&#8230;<\/p>\n","protected":false},"author":35132,"featured_media":0,"parent":0,"menu_order":0,"comment_status":"closed","ping_status":"closed","template":"","meta":{"_acf_changed":false,"footnotes":""},"class_list":["post-98117","page","type-page","status-publish","hentry"],"acf":[],"yoast_head":"<!-- This site is optimized with the Yoast SEO plugin v27.0 - https:\/\/yoast.com\/product\/yoast-seo-wordpress\/ -->\n<title>Canales de venta oficiales - Temporada Alta<\/title>\n<meta name=\"robots\" content=\"index, follow, max-snippet:-1, max-image-preview:large, max-video-preview:-1\" \/>\n<link rel=\"canonical\" href=\"https:\/\/temporada-alta.com\/es\/canales-de-venta-oficiales\/\" \/>\n<meta property=\"og:locale\" content=\"es_ES\" \/>\n<meta property=\"og:type\" content=\"article\" \/>\n<meta property=\"og:title\" content=\"Canales de venta oficiales - Temporada Alta\" \/>\n<meta property=\"og:description\" content=\"INTERNET EQUIPAMIENTOS Auditori de GironaDe 11 a 13h, martes y juevesUna hora antes del evento Teatre Municipal de...\" \/>\n<meta property=\"og:url\" content=\"https:\/\/temporada-alta.com\/es\/canales-de-venta-oficiales\/\" \/>\n<meta property=\"og:site_name\" content=\"Temporada Alta\" \/>\n<meta property=\"article:modified_time\" content=\"2025-08-23T08:16:16+00:00\" \/>\n<meta name=\"twitter:card\" content=\"summary_large_image\" \/>\n<script type=\"application\/ld+json\" class=\"yoast-schema-graph\">{\"@context\":\"https:\/\/schema.org\",\"@graph\":[{\"@type\":\"WebPage\",\"@id\":\"https:\/\/temporada-alta.com\/es\/canales-de-venta-oficiales\/\",\"url\":\"https:\/\/temporada-alta.com\/es\/canales-de-venta-oficiales\/\",\"name\":\"Canales de venta oficiales - Temporada Alta\",\"isPartOf\":{\"@id\":\"https:\/\/temporada-alta.com\/es\/#website\"},\"datePublished\":\"2024-11-13T12:43:19+00:00\",\"dateModified\":\"2025-08-23T08:16:16+00:00\",\"breadcrumb\":{\"@id\":\"https:\/\/temporada-alta.com\/es\/canales-de-venta-oficiales\/#breadcrumb\"},\"inLanguage\":\"es\",\"potentialAction\":[{\"@type\":\"ReadAction\",\"target\":[\"https:\/\/temporada-alta.com\/es\/canales-de-venta-oficiales\/\"]}]},{\"@type\":\"BreadcrumbList\",\"@id\":\"https:\/\/temporada-alta.com\/es\/canales-de-venta-oficiales\/#breadcrumb\",\"itemListElement\":[{\"@type\":\"ListItem\",\"position\":1,\"name\":\"Inici\",\"item\":\"https:\/\/temporada-alta.com\/es\/\"},{\"@type\":\"ListItem\",\"position\":2,\"name\":\"Canales de venta oficiales\"}]},{\"@type\":\"WebSite\",\"@id\":\"https:\/\/temporada-alta.com\/es\/#website\",\"url\":\"https:\/\/temporada-alta.com\/es\/\",\"name\":\"Temporada Alta\",\"description\":\"Festival d&#039;Arts Esc\u00e8niques\",\"publisher\":{\"@id\":\"https:\/\/temporada-alta.com\/es\/#organization\"},\"potentialAction\":[{\"@type\":\"SearchAction\",\"target\":{\"@type\":\"EntryPoint\",\"urlTemplate\":\"https:\/\/temporada-alta.com\/es\/?s={search_term_string}\"},\"query-input\":{\"@type\":\"PropertyValueSpecification\",\"valueRequired\":true,\"valueName\":\"search_term_string\"}}],\"inLanguage\":\"es\"},{\"@type\":\"Organization\",\"@id\":\"https:\/\/temporada-alta.com\/es\/#organization\",\"name\":\"Temporada Alta\",\"url\":\"https:\/\/temporada-alta.com\/es\/\",\"logo\":{\"@type\":\"ImageObject\",\"inLanguage\":\"es\",\"@id\":\"https:\/\/temporada-alta.com\/es\/#\/schema\/logo\/image\/\",\"url\":\"https:\/\/temporada-alta.com\/wp-content\/uploads\/TA21-Logotip-pos.png\",\"contentUrl\":\"https:\/\/temporada-alta.com\/wp-content\/uploads\/TA21-Logotip-pos.png\",\"width\":800,\"height\":267,\"caption\":\"Temporada Alta\"},\"image\":{\"@id\":\"https:\/\/temporada-alta.com\/es\/#\/schema\/logo\/image\/\"}}]}<\/script>\n<!-- \/ Yoast SEO plugin. -->","yoast_head_json":{"title":"Canales de venta oficiales - Temporada Alta","robots":{"index":"index","follow":"follow","max-snippet":"max-snippet:-1","max-image-preview":"max-image-preview:large","max-video-preview":"max-video-preview:-1"},"canonical":"https:\/\/temporada-alta.com\/es\/canales-de-venta-oficiales\/","og_locale":"es_ES","og_type":"article","og_title":"Canales de venta oficiales - Temporada Alta","og_description":"INTERNET EQUIPAMIENTOS Auditori de GironaDe 11 a 13h, martes y juevesUna hora antes del evento Teatre Municipal de...","og_url":"https:\/\/temporada-alta.com\/es\/canales-de-venta-oficiales\/","og_site_name":"Temporada Alta","article_modified_time":"2025-08-23T08:16:16+00:00","twitter_card":"summary_large_image","schema":{"@context":"https:\/\/schema.org","@graph":[{"@type":"WebPage","@id":"https:\/\/temporada-alta.com\/es\/canales-de-venta-oficiales\/","url":"https:\/\/temporada-alta.com\/es\/canales-de-venta-oficiales\/","name":"Canales de venta oficiales - Temporada Alta","isPartOf":{"@id":"https:\/\/temporada-alta.com\/es\/#website"},"datePublished":"2024-11-13T12:43:19+00:00","dateModified":"2025-08-23T08:16:16+00:00","breadcrumb":{"@id":"https:\/\/temporada-alta.com\/es\/canales-de-venta-oficiales\/#breadcrumb"},"inLanguage":"es","potentialAction":[{"@type":"ReadAction","target":["https:\/\/temporada-alta.com\/es\/canales-de-venta-oficiales\/"]}]},{"@type":"BreadcrumbList","@id":"https:\/\/temporada-alta.com\/es\/canales-de-venta-oficiales\/#breadcrumb","itemListElement":[{"@type":"ListItem","position":1,"name":"Inici","item":"https:\/\/temporada-alta.com\/es\/"},{"@type":"ListItem","position":2,"name":"Canales de venta oficiales"}]},{"@type":"WebSite","@id":"https:\/\/temporada-alta.com\/es\/#website","url":"https:\/\/temporada-alta.com\/es\/","name":"Temporada Alta","description":"Festival d&#039;Arts Esc\u00e8niques","publisher":{"@id":"https:\/\/temporada-alta.com\/es\/#organization"},"potentialAction":[{"@type":"SearchAction","target":{"@type":"EntryPoint","urlTemplate":"https:\/\/temporada-alta.com\/es\/?s={search_term_string}"},"query-input":{"@type":"PropertyValueSpecification","valueRequired":true,"valueName":"search_term_string"}}],"inLanguage":"es"},{"@type":"Organization","@id":"https:\/\/temporada-alta.com\/es\/#organization","name":"Temporada Alta","url":"https:\/\/temporada-alta.com\/es\/","logo":{"@type":"ImageObject","inLanguage":"es","@id":"https:\/\/temporada-alta.com\/es\/#\/schema\/logo\/image\/","url":"https:\/\/temporada-alta.com\/wp-content\/uploads\/TA21-Logotip-pos.png","contentUrl":"https:\/\/temporada-alta.com\/wp-content\/uploads\/TA21-Logotip-pos.png","width":800,"height":267,"caption":"Temporada Alta"},"image":{"@id":"https:\/\/temporada-alta.com\/es\/#\/schema\/logo\/image\/"}}]}},"_links":{"self":[{"href":"https:\/\/temporada-alta.com\/es\/wp-json\/wp\/v2\/pages\/98117","targetHints":{"allow":["GET"]}}],"collection":[{"href":"https:\/\/temporada-alta.com\/es\/wp-json\/wp\/v2\/pages"}],"about":[{"href":"https:\/\/temporada-alta.com\/es\/wp-json\/wp\/v2\/types\/page"}],"author":[{"embeddable":true,"href":"https:\/\/temporada-alta.com\/es\/wp-json\/wp\/v2\/users\/35132"}],"replies":[{"embeddable":true,"href":"https:\/\/temporada-alta.com\/es\/wp-json\/wp\/v2\/comments?post=98117"}],"version-history":[{"count":4,"href":"https:\/\/temporada-alta.com\/es\/wp-json\/wp\/v2\/pages\/98117\/revisions"}],"predecessor-version":[{"id":104153,"href":"https:\/\/temporada-alta.com\/es\/wp-json\/wp\/v2\/pages\/98117\/revisions\/104153"}],"wp:attachment":[{"href":"https:\/\/temporada-alta.com\/es\/wp-json\/wp\/v2\/media?parent=98117"}],"curies":[{"name":"wp","href":"https:\/\/api.w.org\/{rel}","templated":true}]}}