{"id":98003,"date":"2024-11-07T13:47:37","date_gmt":"2024-11-07T12:47:37","guid":{"rendered":"https:\/\/temporada-alta.com\/?page_id=98003"},"modified":"2025-02-17T13:24:36","modified_gmt":"2025-02-17T12:24:36","slug":"shared-landscapes","status":"publish","type":"page","link":"https:\/\/temporada-alta.com\/es\/shared-landscapes\/","title":{"rendered":"Shared Landscapes"},"content":{"rendered":"<div id=\"modal-ready\">\n<div class=\"wp-block-columns are-vertically-aligned-center is-layout-flex wp-container-core-columns-is-layout-28f84493 wp-block-columns-is-layout-flex\">\n<div class=\"wp-block-column is-vertically-aligned-center is-layout-flow wp-block-column-is-layout-flow\">\n<h2 class=\"wp-block-heading has-large-font-size\"><strong><strong>Un proyecto europeo<\/strong><\/strong><\/h2>\n\n\n\n<p><em>Shared Landscapes<\/em> es un proyecto europeo liderado por <strong>Caroline Barneaud<\/strong> (Th\u00e9\u00e2tre VidyLausanne) y <strong>Stefan Kaegi<\/strong> (Rimini Protokoll), sobre la creaci\u00f3n de instituciones y artistas que abandonan las ciudades, los teatros y los espacios para \u201centrar en el paisaje\u201d. Temporada Alta es uno de los participantes y acoge el espect\u00e1culo en la edici\u00f3n de 2024. Durante el 2023 se ver\u00e1 en Suiza (mayo) y en el mes de julio, en el festival de Avi\u00f1\u00f3n.<\/p>\n<\/div>\n\n\n\n<div class=\"wp-block-column is-vertically-aligned-center is-layout-flow wp-block-column-is-layout-flow\">\n<figure class=\"wp-block-image size-full\"><img loading=\"lazy\" decoding=\"async\" width=\"1000\" height=\"500\" src=\"https:\/\/temporada-alta.com\/wp-content\/uploads\/lands2.png\" alt=\"\" class=\"wp-image-85852\" srcset=\"https:\/\/temporada-alta.com\/wp-content\/uploads\/lands2.png 1000w, https:\/\/temporada-alta.com\/wp-content\/uploads\/lands2-630x315.png 630w, https:\/\/temporada-alta.com\/wp-content\/uploads\/lands2-768x384.png 768w\" sizes=\"auto, (max-width: 1000px) 100vw, 1000px\" \/><\/figure>\n<\/div>\n<\/div>\n\n\n\n<div class=\"wp-block-columns are-vertically-aligned-center is-layout-flex wp-container-core-columns-is-layout-28f84493 wp-block-columns-is-layout-flex\">\n<div class=\"wp-block-column is-vertically-aligned-center is-layout-flow wp-block-column-is-layout-flow\">\n<figure class=\"wp-block-image size-full\"><img loading=\"lazy\" decoding=\"async\" width=\"1000\" height=\"500\" src=\"https:\/\/temporada-alta.com\/wp-content\/uploads\/lands1.png\" alt=\"\" class=\"wp-image-85849\" srcset=\"https:\/\/temporada-alta.com\/wp-content\/uploads\/lands1.png 1000w, https:\/\/temporada-alta.com\/wp-content\/uploads\/lands1-630x315.png 630w, https:\/\/temporada-alta.com\/wp-content\/uploads\/lands1-768x384.png 768w\" sizes=\"auto, (max-width: 1000px) 100vw, 1000px\" \/><\/figure>\n<\/div>\n\n\n\n<div class=\"wp-block-column is-vertically-aligned-center is-layout-flow wp-block-column-is-layout-flow\">\n<h2 class=\"wp-block-heading has-large-font-size\"><strong><strong>La propuesta<\/strong><\/strong><\/h2>\n\n\n\n<p>Siete artistas de diferentes nacionalidades y disciplinas se re\u00fanen en un espacio natural para dialogar el arte con el paisaje. \u00bfY si el paisaje fuera un teatro? \u00bfY si el arte no representara el entorno, sino que nos permitiera experimentarlo colectivamente? Qu\u00e9 est\u00e1 en juego hoy en nuestra relaci\u00f3n con la \u201cnaturaleza\u201d y sus representaciones, y en la relaci\u00f3n entre espacios urbanos y rurales, en un momento en que nuestro clima y recursos nos llevan hacia una nueva conciencia de fragilidad e interdependencia ? <strong>Una propuesta que podr\u00e1 verse en Temporada Alta 2024<\/strong>.<\/p>\n<\/div>\n<\/div>\n\n\n\n<div class=\"wp-block-columns are-vertically-aligned-center is-layout-flex wp-container-core-columns-is-layout-28f84493 wp-block-columns-is-layout-flex\">\n<div class=\"wp-block-column is-vertically-aligned-center is-layout-flow wp-block-column-is-layout-flow\">\n<h2 class=\"wp-block-heading has-large-font-size\"><strong><strong>Los participantes<\/strong><\/strong><\/h2>\n\n\n\n<p>En este proyecto internacional, Caroline Barneaud (Th\u00e9\u00e2tre VidyLausanne) y Stefan Kaegi (Rimini Protokoll) invitan a instituciones y artistas a abandonar las ciudades, los teatros y los espacios para \u201centrar en el paisaje\u201d, para prestar atenci\u00f3n colectiva a lo que nos rodea y para compartir una forma de mirar el territorio, lejos de la de los promotores o propietarios. Aparte de <strong>Temporada Alta<\/strong>, forman parte del proyecto <strong>Rimini Apparat<\/strong> (Alemania), <strong>Th\u00e9\u00e2tre Vidy-Lausanne<\/strong> (Suiza), <strong>Bunker y Mladi Levi Festival<\/strong> (Eslovenia), <strong>Culturgest<\/strong> (Portugal), <strong>Festival de Avi\u00f1\u00f3n<\/strong> (Francia), <strong>Tangente St. P\u00f6lten \u2013 Festival f\u00fcr Gegenwartskultur<\/strong> (Austria), <strong>Zona K y Piccolo Teatro di Milano Teatro de Europa<\/strong> (Italia).<\/p>\n<\/div>\n\n\n\n<div class=\"wp-block-column is-vertically-aligned-center is-layout-flow wp-block-column-is-layout-flow\">\n<figure class=\"wp-block-image size-full\"><img loading=\"lazy\" decoding=\"async\" width=\"1000\" height=\"500\" src=\"https:\/\/temporada-alta.com\/wp-content\/uploads\/lands2.png\" alt=\"\" class=\"wp-image-85852\" srcset=\"https:\/\/temporada-alta.com\/wp-content\/uploads\/lands2.png 1000w, https:\/\/temporada-alta.com\/wp-content\/uploads\/lands2-630x315.png 630w, https:\/\/temporada-alta.com\/wp-content\/uploads\/lands2-768x384.png 768w\" sizes=\"auto, (max-width: 1000px) 100vw, 1000px\" \/><\/figure>\n<\/div>\n<\/div>\n\n\n\n<div class=\"wp-block-columns are-vertically-aligned-center is-layout-flex wp-container-core-columns-is-layout-28f84493 wp-block-columns-is-layout-flex\">\n<div class=\"wp-block-column is-vertically-aligned-center is-layout-flow wp-block-column-is-layout-flow\">\n<figure class=\"wp-block-image size-full\"><img loading=\"lazy\" decoding=\"async\" width=\"1000\" height=\"500\" src=\"https:\/\/temporada-alta.com\/wp-content\/uploads\/lands3.png\" alt=\"\" class=\"wp-image-85855\" srcset=\"https:\/\/temporada-alta.com\/wp-content\/uploads\/lands3.png 1000w, https:\/\/temporada-alta.com\/wp-content\/uploads\/lands3-630x315.png 630w, https:\/\/temporada-alta.com\/wp-content\/uploads\/lands3-768x384.png 768w\" sizes=\"auto, (max-width: 1000px) 100vw, 1000px\" \/><\/figure>\n<\/div>\n\n\n\n<div class=\"wp-block-column is-vertically-aligned-center is-layout-flow wp-block-column-is-layout-flow\">\n<h2 class=\"wp-block-heading has-large-font-size\"><strong><strong><strong>Los artistas<\/strong><\/strong><\/strong><\/h2>\n\n\n\n<p>Artistas internacionales, socios y equipos locales se reunir\u00e1n para crear un viaje teatral entre el campo y el bosque, en una especie de land art performativo, teatral, ef\u00edmero y colectivo. <a href=\"https:\/\/vidy.ch\/en\/artist\/el-conde-de-torrefiel\/\">El Conde de Torrefiel<\/a> representar\u00e1 nuestro pa\u00eds en el marco del proyecto y tambi\u00e9n se ver\u00e1n propuestas de <a href=\"https:\/\/vidy.ch\/en\/artist\/stefan-kaegi\/\">Stefan Kaegi<\/a> (Alemanya) con la colaboraci\u00f3n de <strong>Gina Suri\u00e0<\/strong>, <a href=\"https:\/\/vidy.ch\/en\/artist\/caroline-barneaud\/\">Caroline Barneaud<\/a> (Su\u00efssa),\u00a0<a href=\"https:\/\/vidy.ch\/en\/artist\/chiara-bersani-marco-dagostin\/\">Chiara Bersani y Marco D\u2019Agostin<\/a> (Italy), <a href=\"https:\/\/vidy.ch\/en\/artist\/sofia-dias-vitor-roriz\/\">Sofia Dias y V\u00edtor Roriz<\/a> (Portugal), <a href=\"https:\/\/vidy.ch\/en\/artist\/begum-erciyas-daniel-kotter\/\">Beg\u00fcm Erciyas y Daniel K\u00f6tter<\/a> (Turkey, Belgium, Germany), <a href=\"https:\/\/vidy.ch\/en\/artist\/ari-benjamin-meyers\/\">Ari Benjamin Meyers<\/a> (Germany) y <a href=\"https:\/\/vidy.ch\/en\/artist\/emilie-rousset\/\">\u00c9milie Rousset<\/a> (France).<\/p>\n<\/div>\n<\/div>\n\n\n\n<h3 class=\"wp-block-heading has-large-font-size\"><strong><strong>M\u00e1s informaci\u00f3n<\/strong><\/strong><\/h3>\n\n\n\n<ul class=\"wp-block-list\">\n<li><a href=\"https:\/\/www.rimini-protokoll.de\/website\/en\/project\/shared-landscapes\" target=\"_blank\" rel=\"noreferrer noopener\">P\u00e1gina web<\/a><\/li>\n\n\n\n<li><a href=\"https:\/\/vidy.ch\/en\/event\/c-barneaud-s-kaegi-et-invites-paysages-partages-3\/\" target=\"_blank\" rel=\"noreferrer noopener\">El espect\u00e1culo en el Th\u00e9\u00e2tre Vidy Lausanne<\/a><\/li>\n\n\n\n<li><a href=\"https:\/\/festival-avignon.com\/en\/edition-2023\/programme\/shared-landscapes-331873\" target=\"_blank\" rel=\"noreferrer noopener\">El espect\u00e1culo en el Festival d\u2019Avignon<\/a><\/li>\n<\/ul>\n<\/div>","protected":false},"excerpt":{"rendered":"<p>Un proyecto europeo Shared Landscapes es un proyecto europeo liderado por Caroline Barneaud (Th\u00e9\u00e2tre VidyLausanne) y Stefan Kaegi&#8230;<\/p>\n","protected":false},"author":35132,"featured_media":0,"parent":0,"menu_order":0,"comment_status":"closed","ping_status":"closed","template":"","meta":{"_acf_changed":false,"footnotes":""},"class_list":["post-98003","page","type-page","status-publish","hentry"],"acf":[],"yoast_head":"<!-- This site is optimized with the Yoast SEO plugin v27.0 - https:\/\/yoast.com\/product\/yoast-seo-wordpress\/ -->\n<title>Shared Landscapes - Temporada Alta<\/title>\n<meta name=\"robots\" content=\"index, follow, max-snippet:-1, max-image-preview:large, max-video-preview:-1\" \/>\n<link rel=\"canonical\" href=\"https:\/\/temporada-alta.com\/es\/shared-landscapes\/\" \/>\n<meta property=\"og:locale\" content=\"es_ES\" \/>\n<meta property=\"og:type\" content=\"article\" \/>\n<meta property=\"og:title\" content=\"Shared Landscapes - Temporada Alta\" \/>\n<meta property=\"og:description\" content=\"Un proyecto europeo Shared Landscapes es un proyecto europeo liderado por Caroline Barneaud (Th\u00e9\u00e2tre VidyLausanne) y Stefan Kaegi...\" \/>\n<meta property=\"og:url\" content=\"https:\/\/temporada-alta.com\/es\/shared-landscapes\/\" \/>\n<meta property=\"og:site_name\" content=\"Temporada Alta\" \/>\n<meta property=\"article:modified_time\" content=\"2025-02-17T12:24:36+00:00\" \/>\n<meta property=\"og:image\" content=\"https:\/\/temporada-alta.com\/wp-content\/uploads\/lands2.png\" \/>\n\t<meta property=\"og:image:width\" content=\"1000\" \/>\n\t<meta property=\"og:image:height\" content=\"500\" \/>\n\t<meta property=\"og:image:type\" content=\"image\/png\" \/>\n<meta name=\"twitter:card\" content=\"summary_large_image\" \/>\n<script type=\"application\/ld+json\" class=\"yoast-schema-graph\">{\"@context\":\"https:\/\/schema.org\",\"@graph\":[{\"@type\":\"WebPage\",\"@id\":\"https:\/\/temporada-alta.com\/es\/shared-landscapes\/\",\"url\":\"https:\/\/temporada-alta.com\/es\/shared-landscapes\/\",\"name\":\"Shared Landscapes - Temporada Alta\",\"isPartOf\":{\"@id\":\"https:\/\/temporada-alta.com\/es\/#website\"},\"primaryImageOfPage\":{\"@id\":\"https:\/\/temporada-alta.com\/es\/shared-landscapes\/#primaryimage\"},\"image\":{\"@id\":\"https:\/\/temporada-alta.com\/es\/shared-landscapes\/#primaryimage\"},\"thumbnailUrl\":\"https:\/\/temporada-alta.com\/wp-content\/uploads\/lands2.png\",\"datePublished\":\"2024-11-07T12:47:37+00:00\",\"dateModified\":\"2025-02-17T12:24:36+00:00\",\"breadcrumb\":{\"@id\":\"https:\/\/temporada-alta.com\/es\/shared-landscapes\/#breadcrumb\"},\"inLanguage\":\"es\",\"potentialAction\":[{\"@type\":\"ReadAction\",\"target\":[\"https:\/\/temporada-alta.com\/es\/shared-landscapes\/\"]}]},{\"@type\":\"ImageObject\",\"inLanguage\":\"es\",\"@id\":\"https:\/\/temporada-alta.com\/es\/shared-landscapes\/#primaryimage\",\"url\":\"https:\/\/temporada-alta.com\/wp-content\/uploads\/lands2.png\",\"contentUrl\":\"https:\/\/temporada-alta.com\/wp-content\/uploads\/lands2.png\"},{\"@type\":\"BreadcrumbList\",\"@id\":\"https:\/\/temporada-alta.com\/es\/shared-landscapes\/#breadcrumb\",\"itemListElement\":[{\"@type\":\"ListItem\",\"position\":1,\"name\":\"Inici\",\"item\":\"https:\/\/temporada-alta.com\/es\/\"},{\"@type\":\"ListItem\",\"position\":2,\"name\":\"Shared Landscapes\"}]},{\"@type\":\"WebSite\",\"@id\":\"https:\/\/temporada-alta.com\/es\/#website\",\"url\":\"https:\/\/temporada-alta.com\/es\/\",\"name\":\"Temporada Alta\",\"description\":\"Festival d&#039;Arts Esc\u00e8niques\",\"publisher\":{\"@id\":\"https:\/\/temporada-alta.com\/es\/#organization\"},\"potentialAction\":[{\"@type\":\"SearchAction\",\"target\":{\"@type\":\"EntryPoint\",\"urlTemplate\":\"https:\/\/temporada-alta.com\/es\/?s={search_term_string}\"},\"query-input\":{\"@type\":\"PropertyValueSpecification\",\"valueRequired\":true,\"valueName\":\"search_term_string\"}}],\"inLanguage\":\"es\"},{\"@type\":\"Organization\",\"@id\":\"https:\/\/temporada-alta.com\/es\/#organization\",\"name\":\"Temporada Alta\",\"url\":\"https:\/\/temporada-alta.com\/es\/\",\"logo\":{\"@type\":\"ImageObject\",\"inLanguage\":\"es\",\"@id\":\"https:\/\/temporada-alta.com\/es\/#\/schema\/logo\/image\/\",\"url\":\"https:\/\/temporada-alta.com\/wp-content\/uploads\/TA21-Logotip-pos.png\",\"contentUrl\":\"https:\/\/temporada-alta.com\/wp-content\/uploads\/TA21-Logotip-pos.png\",\"width\":800,\"height\":267,\"caption\":\"Temporada Alta\"},\"image\":{\"@id\":\"https:\/\/temporada-alta.com\/es\/#\/schema\/logo\/image\/\"}}]}<\/script>\n<!-- \/ Yoast SEO plugin. -->","yoast_head_json":{"title":"Shared Landscapes - Temporada Alta","robots":{"index":"index","follow":"follow","max-snippet":"max-snippet:-1","max-image-preview":"max-image-preview:large","max-video-preview":"max-video-preview:-1"},"canonical":"https:\/\/temporada-alta.com\/es\/shared-landscapes\/","og_locale":"es_ES","og_type":"article","og_title":"Shared Landscapes - Temporada Alta","og_description":"Un proyecto europeo Shared Landscapes es un proyecto europeo liderado por Caroline Barneaud (Th\u00e9\u00e2tre VidyLausanne) y Stefan Kaegi...","og_url":"https:\/\/temporada-alta.com\/es\/shared-landscapes\/","og_site_name":"Temporada Alta","article_modified_time":"2025-02-17T12:24:36+00:00","og_image":[{"width":1000,"height":500,"url":"https:\/\/temporada-alta.com\/wp-content\/uploads\/lands2.png","type":"image\/png"}],"twitter_card":"summary_large_image","schema":{"@context":"https:\/\/schema.org","@graph":[{"@type":"WebPage","@id":"https:\/\/temporada-alta.com\/es\/shared-landscapes\/","url":"https:\/\/temporada-alta.com\/es\/shared-landscapes\/","name":"Shared Landscapes - Temporada Alta","isPartOf":{"@id":"https:\/\/temporada-alta.com\/es\/#website"},"primaryImageOfPage":{"@id":"https:\/\/temporada-alta.com\/es\/shared-landscapes\/#primaryimage"},"image":{"@id":"https:\/\/temporada-alta.com\/es\/shared-landscapes\/#primaryimage"},"thumbnailUrl":"https:\/\/temporada-alta.com\/wp-content\/uploads\/lands2.png","datePublished":"2024-11-07T12:47:37+00:00","dateModified":"2025-02-17T12:24:36+00:00","breadcrumb":{"@id":"https:\/\/temporada-alta.com\/es\/shared-landscapes\/#breadcrumb"},"inLanguage":"es","potentialAction":[{"@type":"ReadAction","target":["https:\/\/temporada-alta.com\/es\/shared-landscapes\/"]}]},{"@type":"ImageObject","inLanguage":"es","@id":"https:\/\/temporada-alta.com\/es\/shared-landscapes\/#primaryimage","url":"https:\/\/temporada-alta.com\/wp-content\/uploads\/lands2.png","contentUrl":"https:\/\/temporada-alta.com\/wp-content\/uploads\/lands2.png"},{"@type":"BreadcrumbList","@id":"https:\/\/temporada-alta.com\/es\/shared-landscapes\/#breadcrumb","itemListElement":[{"@type":"ListItem","position":1,"name":"Inici","item":"https:\/\/temporada-alta.com\/es\/"},{"@type":"ListItem","position":2,"name":"Shared Landscapes"}]},{"@type":"WebSite","@id":"https:\/\/temporada-alta.com\/es\/#website","url":"https:\/\/temporada-alta.com\/es\/","name":"Temporada Alta","description":"Festival d&#039;Arts Esc\u00e8niques","publisher":{"@id":"https:\/\/temporada-alta.com\/es\/#organization"},"potentialAction":[{"@type":"SearchAction","target":{"@type":"EntryPoint","urlTemplate":"https:\/\/temporada-alta.com\/es\/?s={search_term_string}"},"query-input":{"@type":"PropertyValueSpecification","valueRequired":true,"valueName":"search_term_string"}}],"inLanguage":"es"},{"@type":"Organization","@id":"https:\/\/temporada-alta.com\/es\/#organization","name":"Temporada Alta","url":"https:\/\/temporada-alta.com\/es\/","logo":{"@type":"ImageObject","inLanguage":"es","@id":"https:\/\/temporada-alta.com\/es\/#\/schema\/logo\/image\/","url":"https:\/\/temporada-alta.com\/wp-content\/uploads\/TA21-Logotip-pos.png","contentUrl":"https:\/\/temporada-alta.com\/wp-content\/uploads\/TA21-Logotip-pos.png","width":800,"height":267,"caption":"Temporada Alta"},"image":{"@id":"https:\/\/temporada-alta.com\/es\/#\/schema\/logo\/image\/"}}]}},"_links":{"self":[{"href":"https:\/\/temporada-alta.com\/es\/wp-json\/wp\/v2\/pages\/98003","targetHints":{"allow":["GET"]}}],"collection":[{"href":"https:\/\/temporada-alta.com\/es\/wp-json\/wp\/v2\/pages"}],"about":[{"href":"https:\/\/temporada-alta.com\/es\/wp-json\/wp\/v2\/types\/page"}],"author":[{"embeddable":true,"href":"https:\/\/temporada-alta.com\/es\/wp-json\/wp\/v2\/users\/35132"}],"replies":[{"embeddable":true,"href":"https:\/\/temporada-alta.com\/es\/wp-json\/wp\/v2\/comments?post=98003"}],"version-history":[{"count":1,"href":"https:\/\/temporada-alta.com\/es\/wp-json\/wp\/v2\/pages\/98003\/revisions"}],"predecessor-version":[{"id":98004,"href":"https:\/\/temporada-alta.com\/es\/wp-json\/wp\/v2\/pages\/98003\/revisions\/98004"}],"wp:attachment":[{"href":"https:\/\/temporada-alta.com\/es\/wp-json\/wp\/v2\/media?parent=98003"}],"curies":[{"name":"wp","href":"https:\/\/api.w.org\/{rel}","templated":true}]}}