{"id":97976,"date":"2024-11-07T11:31:58","date_gmt":"2024-11-07T10:31:58","guid":{"rendered":"https:\/\/temporada-alta.com\/?page_id=97976"},"modified":"2025-02-13T17:29:54","modified_gmt":"2025-02-13T16:29:54","slug":"sostenibilidad","status":"publish","type":"page","link":"https:\/\/temporada-alta.com\/es\/sostenibilidad\/","title":{"rendered":"Sostenibilidad"},"content":{"rendered":"<div id=\"modal-ready\">\n<div class=\"wp-block-columns is-layout-flex wp-container-core-columns-is-layout-28f84493 wp-block-columns-is-layout-flex\">\n<div class=\"wp-block-column is-layout-flow wp-block-column-is-layout-flow\">\n<h2 class=\"wp-block-heading has-text-color has-link-color has-large-font-size wp-elements-8066277d8fe5853b4c704e2507773bec\" style=\"color:#339966\"><strong><strong>Introducci\u00f3n<\/strong><\/strong><\/h2>\n\n\n\n<p>En la l\u00ednea de estar siempre conectados con los tiempos y las problem\u00e1ticas actuales, desde Temporada Alta estamos trabajando para ser un festival cada vez m\u00e1s sostenible, sum\u00e1ndonos en la lucha contra el impacto medioambiental.<\/p>\n\n\n\n<p>Por eso, hemos empezado a tomar algunas medidas con la voluntad de reducir los residuos que Temporada Alta genera de manera directa o indirecta, as\u00ed como fomentar la inclusi\u00f3n social e influir en los h\u00e1bitos de consumo a trav\u00e9s de peque\u00f1os cambios e iniciativas.<\/p>\n<\/div>\n\n\n\n<div class=\"wp-block-column is-layout-flow wp-block-column-is-layout-flow\">\n<figure class=\"wp-block-image size-large\"><img loading=\"lazy\" decoding=\"async\" width=\"1200\" height=\"675\" src=\"https:\/\/temporada-alta.com\/wp-content\/uploads\/\/Moveo_Arteria_Ho_Peta-1200x675.png\" alt=\"Conseq\u00fc\u00e8ncies, de Moveo\" class=\"wp-image-82208\" srcset=\"https:\/\/temporada-alta.com\/wp-content\/uploads\/Moveo_Arteria_Ho_Peta-1200x675.png 1200w, https:\/\/temporada-alta.com\/wp-content\/uploads\/Moveo_Arteria_Ho_Peta-630x354.png 630w, https:\/\/temporada-alta.com\/wp-content\/uploads\/Moveo_Arteria_Ho_Peta-768x432.png 768w, https:\/\/temporada-alta.com\/wp-content\/uploads\/Moveo_Arteria_Ho_Peta-1536x864.png 1536w, https:\/\/temporada-alta.com\/wp-content\/uploads\/Moveo_Arteria_Ho_Peta.png 1920w\" sizes=\"auto, (max-width: 1200px) 100vw, 1200px\" \/><\/figure>\n<\/div>\n<\/div>\n\n\n\n<div class=\"wp-block-columns is-layout-flex wp-container-core-columns-is-layout-28f84493 wp-block-columns-is-layout-flex\">\n<div class=\"wp-block-column is-layout-flow wp-block-column-is-layout-flow\">\n<figure class=\"wp-block-image size-full\"><img loading=\"lazy\" decoding=\"async\" width=\"1000\" height=\"500\" src=\"https:\/\/temporada-alta.com\/wp-content\/uploads\/lands3.png\" alt=\"\" class=\"wp-image-85855\" srcset=\"https:\/\/temporada-alta.com\/wp-content\/uploads\/lands3.png 1000w, https:\/\/temporada-alta.com\/wp-content\/uploads\/lands3-630x315.png 630w, https:\/\/temporada-alta.com\/wp-content\/uploads\/lands3-768x384.png 768w\" sizes=\"auto, (max-width: 1000px) 100vw, 1000px\" \/><\/figure>\n<\/div>\n\n\n\n<div class=\"wp-block-column is-layout-flow wp-block-column-is-layout-flow\">\n<h2 class=\"wp-block-heading has-text-color has-link-color has-large-font-size wp-elements-abda38b3f3481358c3af91e9040ae11b\" style=\"color:#339966\"><strong><strong>Reducci\u00f3n de consumo<\/strong><\/strong><\/h2>\n\n\n\n<p>Para empezar, hemos tomado algunas medidas en nuestras oficinas, como instalar difusores en los grifos que ahorran un <strong>40% de agua<\/strong> o limitar las descargas a los lavabos para ahorrar <strong>20 litros diarios<\/strong>. Tambi\u00e9n hemos sustituido las luces de trabajo tanto de las oficinas como del Teatro de Salt por leds, con los cuales se ahorra entre <strong>un 60 y un 65% de energ\u00eda<\/strong>.<\/p>\n\n\n\n<p>Adem\u00e1s, para<strong> ahorrar energ\u00eda<\/strong> los equipos electr\u00f3nicos se apagan cuando no est\u00e1n en uso y se utilizan equipos y dispositivos de bajo consumo para ayudar a reducir el consumo de energ\u00eda.<\/p>\n<\/div>\n<\/div>\n\n\n\n<div class=\"wp-block-columns is-layout-flex wp-container-core-columns-is-layout-28f84493 wp-block-columns-is-layout-flex\">\n<div class=\"wp-block-column is-layout-flow wp-block-column-is-layout-flow\">\n<h2 class=\"wp-block-heading has-text-color has-link-color has-large-font-size wp-elements-0de4a0cdbd9bba8e9212ebb7b9d35b08\" style=\"color:#339966\"><strong><strong>Reducci\u00f3n de residuos<\/strong><\/strong><\/h2>\n\n\n\n<p>Desde el 2020, hemos reducido el n\u00famero de <strong>ejemplares de la revista del festival de 45.000 a 15.000<\/strong>. Tambi\u00e9n hemos adaptado los programas de mano para que, en su totalidad, solo existan en su versi\u00f3n digital. Por otro lado, hemos tomado medidas para <strong>reducir los procedimientos burocr\u00e1ticos<\/strong> que requieren el uso de papel. Por ejemplo, hemos eliminado las n\u00f3minas impresas, y ahora est\u00e1n disponibles solo en formato digital. Del mismo modo, estamos utilizando m\u00e1s ampliamente los <strong>recursos digitales<\/strong> en nuestras oficinas. Cuando es indispensable imprimir, se hace mayoritariamente utilizando <strong>papel reciclado<\/strong>. Todas las impresoras han sido reconfiguradas para que las operaciones sean, por defecto, de eficiencia ecol\u00f3gica. Y los t\u00f3neres empleados son reciclables. Finalmente, para gestionar correctamente los residuos, se ha minimizado el uso del pl\u00e1stico desechable a partir de la <strong>instalaci\u00f3n de fuentes de agua<\/strong> en las equipaciones gestionadas directamente por el festival. En estos espacios, tambi\u00e9n se han colocado contenedores de clasificaci\u00f3n de residuos con el objetivo de favorecer la recogida selectiva de materiales.<\/p>\n<\/div>\n\n\n\n<div class=\"wp-block-column is-layout-flow wp-block-column-is-layout-flow\">\n<figure class=\"wp-block-image size-large\"><img loading=\"lazy\" decoding=\"async\" width=\"1200\" height=\"900\" src=\"https:\/\/temporada-alta.com\/wp-content\/uploads\/\/TONET-1-1200x900.jpg\" alt=\"\" class=\"wp-image-88352\" srcset=\"https:\/\/temporada-alta.com\/wp-content\/uploads\/TONET-1-1200x900.jpg 1200w, https:\/\/temporada-alta.com\/wp-content\/uploads\/TONET-1-496x372.jpg 496w, https:\/\/temporada-alta.com\/wp-content\/uploads\/TONET-1-768x576.jpg 768w, https:\/\/temporada-alta.com\/wp-content\/uploads\/TONET-1-1536x1152.jpg 1536w, https:\/\/temporada-alta.com\/wp-content\/uploads\/TONET-1-640x480.jpg 640w, https:\/\/temporada-alta.com\/wp-content\/uploads\/TONET-1.jpg 2000w\" sizes=\"auto, (max-width: 1200px) 100vw, 1200px\" \/><\/figure>\n<\/div>\n<\/div>\n\n\n\n<div class=\"wp-block-columns is-layout-flex wp-container-core-columns-is-layout-28f84493 wp-block-columns-is-layout-flex\">\n<div class=\"wp-block-column is-layout-flow wp-block-column-is-layout-flow\">\n<figure class=\"wp-block-image size-full\"><img loading=\"lazy\" decoding=\"async\" width=\"640\" height=\"424\" src=\"https:\/\/temporada-alta.com\/wp-content\/uploads\/girona.jpg\" alt=\"\" class=\"wp-image-21969\" srcset=\"https:\/\/temporada-alta.com\/wp-content\/uploads\/girona.jpg 640w, https:\/\/temporada-alta.com\/wp-content\/uploads\/girona-300x199.jpg 300w\" sizes=\"auto, (max-width: 640px) 100vw, 640px\" \/><\/figure>\n<\/div>\n\n\n\n<div class=\"wp-block-column is-layout-flow wp-block-column-is-layout-flow\">\n<h2 class=\"wp-block-heading has-text-color has-link-color has-large-font-size wp-elements-a99e846c2e180c2419926f526575cdd4\" style=\"color:#339966\"><strong><strong>Proximidad y pol\u00edtica de hospitalidad<\/strong><\/strong><\/h2>\n\n\n\n<p>Una de las caracter\u00edsticas de Temporada Alta ha sido siempre la utilizaci\u00f3n de <strong>espacios de proximidad<\/strong> (Girona y Salt) para evitar desplazamientos de la gran parte de nuestro p\u00fablico. \u00daltimamente, adem\u00e1s, hemos aumentado el n\u00famero de subsedes, acercando espect\u00e1culos de \u00e9xito a otros territorios de la provincia. Tambi\u00e9n contamos con <strong>proveedores de proximidad<\/strong> y una pol\u00edtica de hospitalidad con las compa\u00f1\u00edas donde se controla que no derrochen productos o generen residuos innecesarios.<\/p>\n<\/div>\n<\/div>\n<\/div>","protected":false},"excerpt":{"rendered":"<p>Introducci\u00f3n En la l\u00ednea de estar siempre conectados con los tiempos y las problem\u00e1ticas actuales, desde Temporada Alta&#8230;<\/p>\n","protected":false},"author":35132,"featured_media":0,"parent":0,"menu_order":0,"comment_status":"closed","ping_status":"closed","template":"","meta":{"_acf_changed":false,"footnotes":""},"class_list":["post-97976","page","type-page","status-publish","hentry"],"acf":[],"yoast_head":"<!-- This site is optimized with the Yoast SEO plugin v27.0 - https:\/\/yoast.com\/product\/yoast-seo-wordpress\/ -->\n<title>Sostenibilidad - Temporada Alta<\/title>\n<meta name=\"robots\" content=\"index, follow, max-snippet:-1, max-image-preview:large, max-video-preview:-1\" \/>\n<link rel=\"canonical\" href=\"https:\/\/temporada-alta.com\/es\/sostenibilidad\/\" \/>\n<meta property=\"og:locale\" content=\"es_ES\" \/>\n<meta property=\"og:type\" content=\"article\" \/>\n<meta property=\"og:title\" content=\"Sostenibilidad - Temporada Alta\" \/>\n<meta property=\"og:description\" content=\"Introducci\u00f3n En la l\u00ednea de estar siempre conectados con los tiempos y las problem\u00e1ticas actuales, desde Temporada Alta...\" \/>\n<meta property=\"og:url\" content=\"https:\/\/temporada-alta.com\/es\/sostenibilidad\/\" \/>\n<meta property=\"og:site_name\" content=\"Temporada Alta\" \/>\n<meta property=\"article:modified_time\" content=\"2025-02-13T16:29:54+00:00\" \/>\n<meta property=\"og:image\" content=\"https:\/\/temporada-alta.com\/wp-content\/uploads\/Moveo_Arteria_Ho_Peta-1200x675.png\" \/>\n\t<meta property=\"og:image:width\" content=\"1200\" \/>\n\t<meta property=\"og:image:height\" content=\"675\" \/>\n\t<meta property=\"og:image:type\" content=\"image\/png\" \/>\n<meta name=\"twitter:card\" content=\"summary_large_image\" \/>\n<script type=\"application\/ld+json\" class=\"yoast-schema-graph\">{\"@context\":\"https:\/\/schema.org\",\"@graph\":[{\"@type\":\"WebPage\",\"@id\":\"https:\/\/temporada-alta.com\/es\/sostenibilidad\/\",\"url\":\"https:\/\/temporada-alta.com\/es\/sostenibilidad\/\",\"name\":\"Sostenibilidad - Temporada Alta\",\"isPartOf\":{\"@id\":\"https:\/\/temporada-alta.com\/es\/#website\"},\"primaryImageOfPage\":{\"@id\":\"https:\/\/temporada-alta.com\/es\/sostenibilidad\/#primaryimage\"},\"image\":{\"@id\":\"https:\/\/temporada-alta.com\/es\/sostenibilidad\/#primaryimage\"},\"thumbnailUrl\":\"https:\/\/temporada-alta.com\/wp-content\/uploads\/\/Moveo_Arteria_Ho_Peta-1200x675.png\",\"datePublished\":\"2024-11-07T10:31:58+00:00\",\"dateModified\":\"2025-02-13T16:29:54+00:00\",\"breadcrumb\":{\"@id\":\"https:\/\/temporada-alta.com\/es\/sostenibilidad\/#breadcrumb\"},\"inLanguage\":\"es\",\"potentialAction\":[{\"@type\":\"ReadAction\",\"target\":[\"https:\/\/temporada-alta.com\/es\/sostenibilidad\/\"]}]},{\"@type\":\"ImageObject\",\"inLanguage\":\"es\",\"@id\":\"https:\/\/temporada-alta.com\/es\/sostenibilidad\/#primaryimage\",\"url\":\"https:\/\/temporada-alta.com\/wp-content\/uploads\/\/Moveo_Arteria_Ho_Peta-1200x675.png\",\"contentUrl\":\"https:\/\/temporada-alta.com\/wp-content\/uploads\/\/Moveo_Arteria_Ho_Peta-1200x675.png\"},{\"@type\":\"BreadcrumbList\",\"@id\":\"https:\/\/temporada-alta.com\/es\/sostenibilidad\/#breadcrumb\",\"itemListElement\":[{\"@type\":\"ListItem\",\"position\":1,\"name\":\"Inici\",\"item\":\"https:\/\/temporada-alta.com\/es\/\"},{\"@type\":\"ListItem\",\"position\":2,\"name\":\"Sostenibilidad\"}]},{\"@type\":\"WebSite\",\"@id\":\"https:\/\/temporada-alta.com\/es\/#website\",\"url\":\"https:\/\/temporada-alta.com\/es\/\",\"name\":\"Temporada Alta\",\"description\":\"Festival d&#039;Arts Esc\u00e8niques\",\"publisher\":{\"@id\":\"https:\/\/temporada-alta.com\/es\/#organization\"},\"potentialAction\":[{\"@type\":\"SearchAction\",\"target\":{\"@type\":\"EntryPoint\",\"urlTemplate\":\"https:\/\/temporada-alta.com\/es\/?s={search_term_string}\"},\"query-input\":{\"@type\":\"PropertyValueSpecification\",\"valueRequired\":true,\"valueName\":\"search_term_string\"}}],\"inLanguage\":\"es\"},{\"@type\":\"Organization\",\"@id\":\"https:\/\/temporada-alta.com\/es\/#organization\",\"name\":\"Temporada Alta\",\"url\":\"https:\/\/temporada-alta.com\/es\/\",\"logo\":{\"@type\":\"ImageObject\",\"inLanguage\":\"es\",\"@id\":\"https:\/\/temporada-alta.com\/es\/#\/schema\/logo\/image\/\",\"url\":\"https:\/\/temporada-alta.com\/wp-content\/uploads\/TA21-Logotip-pos.png\",\"contentUrl\":\"https:\/\/temporada-alta.com\/wp-content\/uploads\/TA21-Logotip-pos.png\",\"width\":800,\"height\":267,\"caption\":\"Temporada Alta\"},\"image\":{\"@id\":\"https:\/\/temporada-alta.com\/es\/#\/schema\/logo\/image\/\"}}]}<\/script>\n<!-- \/ Yoast SEO plugin. -->","yoast_head_json":{"title":"Sostenibilidad - Temporada Alta","robots":{"index":"index","follow":"follow","max-snippet":"max-snippet:-1","max-image-preview":"max-image-preview:large","max-video-preview":"max-video-preview:-1"},"canonical":"https:\/\/temporada-alta.com\/es\/sostenibilidad\/","og_locale":"es_ES","og_type":"article","og_title":"Sostenibilidad - Temporada Alta","og_description":"Introducci\u00f3n En la l\u00ednea de estar siempre conectados con los tiempos y las problem\u00e1ticas actuales, desde Temporada Alta...","og_url":"https:\/\/temporada-alta.com\/es\/sostenibilidad\/","og_site_name":"Temporada Alta","article_modified_time":"2025-02-13T16:29:54+00:00","og_image":[{"width":1200,"height":675,"url":"https:\/\/temporada-alta.com\/wp-content\/uploads\/Moveo_Arteria_Ho_Peta-1200x675.png","type":"image\/png"}],"twitter_card":"summary_large_image","schema":{"@context":"https:\/\/schema.org","@graph":[{"@type":"WebPage","@id":"https:\/\/temporada-alta.com\/es\/sostenibilidad\/","url":"https:\/\/temporada-alta.com\/es\/sostenibilidad\/","name":"Sostenibilidad - Temporada Alta","isPartOf":{"@id":"https:\/\/temporada-alta.com\/es\/#website"},"primaryImageOfPage":{"@id":"https:\/\/temporada-alta.com\/es\/sostenibilidad\/#primaryimage"},"image":{"@id":"https:\/\/temporada-alta.com\/es\/sostenibilidad\/#primaryimage"},"thumbnailUrl":"https:\/\/temporada-alta.com\/wp-content\/uploads\/\/Moveo_Arteria_Ho_Peta-1200x675.png","datePublished":"2024-11-07T10:31:58+00:00","dateModified":"2025-02-13T16:29:54+00:00","breadcrumb":{"@id":"https:\/\/temporada-alta.com\/es\/sostenibilidad\/#breadcrumb"},"inLanguage":"es","potentialAction":[{"@type":"ReadAction","target":["https:\/\/temporada-alta.com\/es\/sostenibilidad\/"]}]},{"@type":"ImageObject","inLanguage":"es","@id":"https:\/\/temporada-alta.com\/es\/sostenibilidad\/#primaryimage","url":"https:\/\/temporada-alta.com\/wp-content\/uploads\/\/Moveo_Arteria_Ho_Peta-1200x675.png","contentUrl":"https:\/\/temporada-alta.com\/wp-content\/uploads\/\/Moveo_Arteria_Ho_Peta-1200x675.png"},{"@type":"BreadcrumbList","@id":"https:\/\/temporada-alta.com\/es\/sostenibilidad\/#breadcrumb","itemListElement":[{"@type":"ListItem","position":1,"name":"Inici","item":"https:\/\/temporada-alta.com\/es\/"},{"@type":"ListItem","position":2,"name":"Sostenibilidad"}]},{"@type":"WebSite","@id":"https:\/\/temporada-alta.com\/es\/#website","url":"https:\/\/temporada-alta.com\/es\/","name":"Temporada Alta","description":"Festival d&#039;Arts Esc\u00e8niques","publisher":{"@id":"https:\/\/temporada-alta.com\/es\/#organization"},"potentialAction":[{"@type":"SearchAction","target":{"@type":"EntryPoint","urlTemplate":"https:\/\/temporada-alta.com\/es\/?s={search_term_string}"},"query-input":{"@type":"PropertyValueSpecification","valueRequired":true,"valueName":"search_term_string"}}],"inLanguage":"es"},{"@type":"Organization","@id":"https:\/\/temporada-alta.com\/es\/#organization","name":"Temporada Alta","url":"https:\/\/temporada-alta.com\/es\/","logo":{"@type":"ImageObject","inLanguage":"es","@id":"https:\/\/temporada-alta.com\/es\/#\/schema\/logo\/image\/","url":"https:\/\/temporada-alta.com\/wp-content\/uploads\/TA21-Logotip-pos.png","contentUrl":"https:\/\/temporada-alta.com\/wp-content\/uploads\/TA21-Logotip-pos.png","width":800,"height":267,"caption":"Temporada Alta"},"image":{"@id":"https:\/\/temporada-alta.com\/es\/#\/schema\/logo\/image\/"}}]}},"_links":{"self":[{"href":"https:\/\/temporada-alta.com\/es\/wp-json\/wp\/v2\/pages\/97976","targetHints":{"allow":["GET"]}}],"collection":[{"href":"https:\/\/temporada-alta.com\/es\/wp-json\/wp\/v2\/pages"}],"about":[{"href":"https:\/\/temporada-alta.com\/es\/wp-json\/wp\/v2\/types\/page"}],"author":[{"embeddable":true,"href":"https:\/\/temporada-alta.com\/es\/wp-json\/wp\/v2\/users\/35132"}],"replies":[{"embeddable":true,"href":"https:\/\/temporada-alta.com\/es\/wp-json\/wp\/v2\/comments?post=97976"}],"version-history":[{"count":2,"href":"https:\/\/temporada-alta.com\/es\/wp-json\/wp\/v2\/pages\/97976\/revisions"}],"predecessor-version":[{"id":97979,"href":"https:\/\/temporada-alta.com\/es\/wp-json\/wp\/v2\/pages\/97976\/revisions\/97979"}],"wp:attachment":[{"href":"https:\/\/temporada-alta.com\/es\/wp-json\/wp\/v2\/media?parent=97976"}],"curies":[{"name":"wp","href":"https:\/\/api.w.org\/{rel}","templated":true}]}}