{"id":97963,"date":"2024-11-07T10:55:43","date_gmt":"2024-11-07T09:55:43","guid":{"rendered":"https:\/\/temporada-alta.com\/?page_id=97963"},"modified":"2025-08-27T08:20:37","modified_gmt":"2025-08-27T06:20:37","slug":"equipo","status":"publish","type":"page","link":"https:\/\/temporada-alta.com\/es\/equipo\/","title":{"rendered":"Equipo"},"content":{"rendered":"<div id=\"modal-ready\">\n<p class=\"has-text-align-center\">DIRECCI\u00d3N Y PROGRAMACI\u00d3N<\/p>\n\n\n\n<p class=\"has-text-align-center\">Direcci\u00f3n art\u00edstica del festival: <strong>Narc\u00eds Puig<\/strong><br>Director de producciones: <strong>Josep Dom\u00e8nech<\/strong><br>Direcci\u00f3n econ\u00f3mica: <strong>Jaume Nadal<br><\/strong>Gerenta: <strong>Marta Montalban<\/strong><br>Asistente de programaci\u00f3n musical: <strong>Xavier Mas\u00f3<\/strong><\/p>\n\n\n\n<p class=\"has-text-align-center\">PRODUCCI\u00d3N Y T\u00c9CNICA<\/p>\n\n\n\n<p class=\"has-text-align-center\">Jefa de producci\u00f3n del festival: <strong>Zuri\u00f1e Cuy\u00e0s Marim\u00f3n<br><\/strong>Adjunta de producci\u00f3n: <strong>Rosa Pou<br><\/strong>Asistente de producci\u00f3n: <strong>Carles Vidal<\/strong><\/p>\n\n\n\n<p class=\"has-text-align-center\">Director t\u00e9cnico: <strong>Xavier Mas\u00f3&nbsp;(AP7-Projectes t\u00e8cnics)<br><\/strong>Adjunto direcci\u00f3n t\u00e9cnica:<strong> Agust\u00ed Custey<\/strong><\/p>\n\n\n\n<p class=\"has-text-align-center\">Jefe de inform\u00e1tica: <strong>Joan M. Sans<br><\/strong>T\u00e9cnico media: <strong>Guillem Berga<\/strong><\/p>\n\n\n\n<p class=\"has-text-align-center\">Coordinaci\u00f3n de sobretitulaci\u00f3n: <strong>SUBTIL (Eul\u00e0lia Morros)&nbsp;<\/strong><\/p>\n\n\n\n<p class=\"has-text-align-center\">T\u00e9cnicos del festival:<br><strong>Carles Comas,&nbsp;David Dan\u00e9s, Enric Potrony, Toni Pujol, Agust\u00ed Custey, Xicu Vilanova,&nbsp;Miquel Feliu, Arnal Garcia y Juli Palacios<\/strong><\/p>\n\n\n\n<p class=\"has-text-align-center\">Coordinaci\u00f3n de sastrer\u00eda: <strong>Irene Bosch<br><\/strong>Sastra:&nbsp;<strong>Marina Lancha<br><\/strong>Asistente en pr\u00e1cticas:&nbsp;<strong>Queralt Masip y Mireia Garcia<\/strong><\/p>\n\n\n\n<p class=\"has-text-align-center\">PRODUCCIONES DEL FESTIVAL<\/p>\n\n\n\n<p class=\"has-text-align-center\">Adjunta a la direcci\u00f3n de producciones: <strong>Blanca Arderiu<br><\/strong>Gesti\u00f3n de producci\u00f3n: <strong>Eduard Garre<br><\/strong>Producci\u00f3n ejecutiva: <strong>Andrea Cuevas y Macarena Garc\u00eda<\/strong><\/p>\n\n\n\n<p class=\"has-text-align-center\">COMUNICACI\u00d3N, M\u00c1RQUETING Y P\u00daBLICOS<\/p>\n\n\n\n<p class=\"has-text-align-center\">Jefa de comunicaci\u00f3n y m\u00e1rqueting: <strong>Bea Moyano<br><\/strong>Contenidos y publicaciones: <strong>Iv\u00e1n Fern\u00e1ndez<br><\/strong>M\u00e1rqueting digital: <strong>Esteve Artigas<br><\/strong>Community manager y contenidos audiovisuales: <strong>Farners Burguera<br><\/strong>Soportes publicitarios: <strong>Sandra Fontes<br><\/strong>P\u00fablicos y comunicaci\u00f3n de producciones: <strong>Mariona G\u00f3mez Nadal<br><\/strong>Prensa: <strong>Eug\u00e8nia Berga<\/strong><\/p>\n\n\n\n<p class=\"has-text-align-center\">FUNDACI\u00d3N LA CIUTAT INVISIBLE<\/p>\n\n\n\n<p class=\"has-text-align-center\">Director adjunto: <strong>Joan Margall<br><\/strong>Coordinadora del programa A Tempo &#8211; Arts i Formaci\u00f3: <strong>Lily Garreta<\/strong><br>Soporte programa A Tempo &#8211; Arts i Formaci\u00f3: <strong>Laura Bergillos<br><\/strong>Coordinadora del programa Apropa Cultura: <strong>Ariadna Donate<\/strong><br>Soporte programa Apropa Cultura: <strong>Joana Jan\u00e9<\/strong><\/p>\n\n\n\n<p class=\"has-text-align-center\">TIQUETING Y SALAS<\/p>\n\n\n\n<p class=\"has-text-align-center\">Jefa de tiqueting: <strong>Eva Reina<br><\/strong>Adjunta de tiqueting:&nbsp;<strong>Gemma Noguer<br><\/strong>Personal de sala y taquilla:<br><strong><strong>Jordi Disp\u00e8s, \u00c0lex Meyer, Eudald Reina, Jordi G\u00fcell, Paula Gra\u00f1\u00e9, Aida Balagu\u00e9,<\/strong><br><strong>Anna Gispert, J\u00falia Isern, Anna Wan Valls, Mar Fust\u00e9, Emma Sol\u00e9s y Pol Barcel\u00f3<\/strong><\/strong><\/p>\n\n\n\n<p class=\"has-text-align-center\">ADMINISTRACI\u00d3N Y CONTABILIDAD<\/p>\n\n\n\n<p class=\"has-text-align-center\">Jefa de administraci\u00f3n: <strong>Mariona Fuentes<br><\/strong>Contabilidad: <strong>Carme Bosch, David Garc\u00eda y Mar Tolr\u00e0<\/strong><\/p>\n\n\n\n<p class=\"has-text-align-center\">PATROCINIOS Y MECENAJE<\/p>\n\n\n\n<p class=\"has-text-align-center\">Jefe de patrocinios y mecenaje: <strong>Xavier Eusebio<\/strong><\/p>\n\n\n\n<p class=\"has-text-align-center\">VOLUNTARIADO<\/p>\n\n\n\n<p class=\"has-text-align-center\">Jefe de voluntariado: <strong>Jou Mart\u00edn<br><\/strong>Coordinaci\u00f3n de voluntariado: <strong>Marta Angelats<\/strong><br>Voluntarios:<br><strong><strong>\u00c0ngels Arl\u00e0, Ant\u00f2nia Vilaplana, Carles Besal\u00fa, Cybele Buffile, Eduard Cabezudo, Eudald Pag\u00e8s, Eva de Gregorio, Fina Ca\u00f1ellas, Guillem Hern\u00e1ndez, Imma Burrell, Jordi Dot\u00fa, Judit Birosta, Leli Camps, Lluc Vives, Lurdes Monguillot, Maria Llu\u00efsa Riera, Maria Merc\u00e8 de Ciurana, Marta Baserba, M\u00f2nica Recio, Montse Compte, Montserrat Mu\u00f1oz, N\u00faria Besal\u00fa, Pilar Teixidor, S\u00edlvia Nu\u00f1o, Teresa Cam\u00f3s, Teresa Soler, Toni P\u00e9rez, Xavier Amatller y Xon Coll<\/strong><\/strong><\/p>\n\n\n\n<p class=\"has-text-align-center\">Adem\u00e1s, sumando todas las equipamientos, en Temporada Alta trabajan casi 200 personas a lo largo de todo el festival.<\/p>\n<\/div>","protected":false},"excerpt":{"rendered":"<p>DIRECCI\u00d3N Y PROGRAMACI\u00d3N Direcci\u00f3n art\u00edstica del festival: Narc\u00eds PuigDirector de producciones: Josep Dom\u00e8nechDirecci\u00f3n econ\u00f3mica: Jaume NadalGerenta: Marta MontalbanAsistente&#8230;<\/p>\n","protected":false},"author":35132,"featured_media":0,"parent":0,"menu_order":0,"comment_status":"closed","ping_status":"closed","template":"","meta":{"_acf_changed":false,"footnotes":""},"class_list":["post-97963","page","type-page","status-publish","hentry"],"acf":[],"yoast_head":"<!-- This site is optimized with the Yoast SEO plugin v27.0 - https:\/\/yoast.com\/product\/yoast-seo-wordpress\/ -->\n<title>Equipo - Temporada Alta<\/title>\n<meta name=\"robots\" content=\"index, follow, max-snippet:-1, max-image-preview:large, max-video-preview:-1\" \/>\n<link rel=\"canonical\" href=\"https:\/\/temporada-alta.com\/es\/equipo\/\" \/>\n<meta property=\"og:locale\" content=\"es_ES\" \/>\n<meta property=\"og:type\" content=\"article\" \/>\n<meta property=\"og:title\" content=\"Equipo - Temporada Alta\" \/>\n<meta property=\"og:description\" content=\"DIRECCI\u00d3N Y PROGRAMACI\u00d3N Direcci\u00f3n art\u00edstica del festival: Narc\u00eds PuigDirector de producciones: Josep Dom\u00e8nechDirecci\u00f3n econ\u00f3mica: Jaume NadalGerenta: Marta MontalbanAsistente...\" \/>\n<meta property=\"og:url\" content=\"https:\/\/temporada-alta.com\/es\/equipo\/\" \/>\n<meta property=\"og:site_name\" content=\"Temporada Alta\" \/>\n<meta property=\"article:modified_time\" content=\"2025-08-27T06:20:37+00:00\" \/>\n<meta name=\"twitter:card\" content=\"summary_large_image\" \/>\n<script type=\"application\/ld+json\" class=\"yoast-schema-graph\">{\"@context\":\"https:\/\/schema.org\",\"@graph\":[{\"@type\":\"WebPage\",\"@id\":\"https:\/\/temporada-alta.com\/es\/equipo\/\",\"url\":\"https:\/\/temporada-alta.com\/es\/equipo\/\",\"name\":\"Equipo - Temporada Alta\",\"isPartOf\":{\"@id\":\"https:\/\/temporada-alta.com\/es\/#website\"},\"datePublished\":\"2024-11-07T09:55:43+00:00\",\"dateModified\":\"2025-08-27T06:20:37+00:00\",\"breadcrumb\":{\"@id\":\"https:\/\/temporada-alta.com\/es\/equipo\/#breadcrumb\"},\"inLanguage\":\"es\",\"potentialAction\":[{\"@type\":\"ReadAction\",\"target\":[\"https:\/\/temporada-alta.com\/es\/equipo\/\"]}]},{\"@type\":\"BreadcrumbList\",\"@id\":\"https:\/\/temporada-alta.com\/es\/equipo\/#breadcrumb\",\"itemListElement\":[{\"@type\":\"ListItem\",\"position\":1,\"name\":\"Inici\",\"item\":\"https:\/\/temporada-alta.com\/es\/\"},{\"@type\":\"ListItem\",\"position\":2,\"name\":\"Equipo\"}]},{\"@type\":\"WebSite\",\"@id\":\"https:\/\/temporada-alta.com\/es\/#website\",\"url\":\"https:\/\/temporada-alta.com\/es\/\",\"name\":\"Temporada Alta\",\"description\":\"Festival d&#039;Arts Esc\u00e8niques\",\"publisher\":{\"@id\":\"https:\/\/temporada-alta.com\/es\/#organization\"},\"potentialAction\":[{\"@type\":\"SearchAction\",\"target\":{\"@type\":\"EntryPoint\",\"urlTemplate\":\"https:\/\/temporada-alta.com\/es\/?s={search_term_string}\"},\"query-input\":{\"@type\":\"PropertyValueSpecification\",\"valueRequired\":true,\"valueName\":\"search_term_string\"}}],\"inLanguage\":\"es\"},{\"@type\":\"Organization\",\"@id\":\"https:\/\/temporada-alta.com\/es\/#organization\",\"name\":\"Temporada Alta\",\"url\":\"https:\/\/temporada-alta.com\/es\/\",\"logo\":{\"@type\":\"ImageObject\",\"inLanguage\":\"es\",\"@id\":\"https:\/\/temporada-alta.com\/es\/#\/schema\/logo\/image\/\",\"url\":\"https:\/\/temporada-alta.com\/wp-content\/uploads\/TA21-Logotip-pos.png\",\"contentUrl\":\"https:\/\/temporada-alta.com\/wp-content\/uploads\/TA21-Logotip-pos.png\",\"width\":800,\"height\":267,\"caption\":\"Temporada Alta\"},\"image\":{\"@id\":\"https:\/\/temporada-alta.com\/es\/#\/schema\/logo\/image\/\"}}]}<\/script>\n<!-- \/ Yoast SEO plugin. -->","yoast_head_json":{"title":"Equipo - Temporada Alta","robots":{"index":"index","follow":"follow","max-snippet":"max-snippet:-1","max-image-preview":"max-image-preview:large","max-video-preview":"max-video-preview:-1"},"canonical":"https:\/\/temporada-alta.com\/es\/equipo\/","og_locale":"es_ES","og_type":"article","og_title":"Equipo - Temporada Alta","og_description":"DIRECCI\u00d3N Y PROGRAMACI\u00d3N Direcci\u00f3n art\u00edstica del festival: Narc\u00eds PuigDirector de producciones: Josep Dom\u00e8nechDirecci\u00f3n econ\u00f3mica: Jaume NadalGerenta: Marta MontalbanAsistente...","og_url":"https:\/\/temporada-alta.com\/es\/equipo\/","og_site_name":"Temporada Alta","article_modified_time":"2025-08-27T06:20:37+00:00","twitter_card":"summary_large_image","schema":{"@context":"https:\/\/schema.org","@graph":[{"@type":"WebPage","@id":"https:\/\/temporada-alta.com\/es\/equipo\/","url":"https:\/\/temporada-alta.com\/es\/equipo\/","name":"Equipo - Temporada Alta","isPartOf":{"@id":"https:\/\/temporada-alta.com\/es\/#website"},"datePublished":"2024-11-07T09:55:43+00:00","dateModified":"2025-08-27T06:20:37+00:00","breadcrumb":{"@id":"https:\/\/temporada-alta.com\/es\/equipo\/#breadcrumb"},"inLanguage":"es","potentialAction":[{"@type":"ReadAction","target":["https:\/\/temporada-alta.com\/es\/equipo\/"]}]},{"@type":"BreadcrumbList","@id":"https:\/\/temporada-alta.com\/es\/equipo\/#breadcrumb","itemListElement":[{"@type":"ListItem","position":1,"name":"Inici","item":"https:\/\/temporada-alta.com\/es\/"},{"@type":"ListItem","position":2,"name":"Equipo"}]},{"@type":"WebSite","@id":"https:\/\/temporada-alta.com\/es\/#website","url":"https:\/\/temporada-alta.com\/es\/","name":"Temporada Alta","description":"Festival d&#039;Arts Esc\u00e8niques","publisher":{"@id":"https:\/\/temporada-alta.com\/es\/#organization"},"potentialAction":[{"@type":"SearchAction","target":{"@type":"EntryPoint","urlTemplate":"https:\/\/temporada-alta.com\/es\/?s={search_term_string}"},"query-input":{"@type":"PropertyValueSpecification","valueRequired":true,"valueName":"search_term_string"}}],"inLanguage":"es"},{"@type":"Organization","@id":"https:\/\/temporada-alta.com\/es\/#organization","name":"Temporada Alta","url":"https:\/\/temporada-alta.com\/es\/","logo":{"@type":"ImageObject","inLanguage":"es","@id":"https:\/\/temporada-alta.com\/es\/#\/schema\/logo\/image\/","url":"https:\/\/temporada-alta.com\/wp-content\/uploads\/TA21-Logotip-pos.png","contentUrl":"https:\/\/temporada-alta.com\/wp-content\/uploads\/TA21-Logotip-pos.png","width":800,"height":267,"caption":"Temporada Alta"},"image":{"@id":"https:\/\/temporada-alta.com\/es\/#\/schema\/logo\/image\/"}}]}},"_links":{"self":[{"href":"https:\/\/temporada-alta.com\/es\/wp-json\/wp\/v2\/pages\/97963","targetHints":{"allow":["GET"]}}],"collection":[{"href":"https:\/\/temporada-alta.com\/es\/wp-json\/wp\/v2\/pages"}],"about":[{"href":"https:\/\/temporada-alta.com\/es\/wp-json\/wp\/v2\/types\/page"}],"author":[{"embeddable":true,"href":"https:\/\/temporada-alta.com\/es\/wp-json\/wp\/v2\/users\/35132"}],"replies":[{"embeddable":true,"href":"https:\/\/temporada-alta.com\/es\/wp-json\/wp\/v2\/comments?post=97963"}],"version-history":[{"count":4,"href":"https:\/\/temporada-alta.com\/es\/wp-json\/wp\/v2\/pages\/97963\/revisions"}],"predecessor-version":[{"id":104604,"href":"https:\/\/temporada-alta.com\/es\/wp-json\/wp\/v2\/pages\/97963\/revisions\/104604"}],"wp:attachment":[{"href":"https:\/\/temporada-alta.com\/es\/wp-json\/wp\/v2\/media?parent=97963"}],"curies":[{"name":"wp","href":"https:\/\/api.w.org\/{rel}","templated":true}]}}