{"id":97920,"date":"2024-11-07T08:59:53","date_gmt":"2024-11-07T07:59:53","guid":{"rendered":"https:\/\/temporada-alta.com\/?page_id=97920"},"modified":"2025-02-13T16:33:20","modified_gmt":"2025-02-13T15:33:20","slug":"donde-alojarse","status":"publish","type":"page","link":"https:\/\/temporada-alta.com\/es\/donde-alojarse\/","title":{"rendered":"D\u00f3nde alojarse"},"content":{"rendered":"<div id=\"modal-ready\">\n<h2 class=\"wp-block-heading has-text-align-center has-large-font-size\" style=\"padding-bottom:var(--wp--preset--spacing--50)\">Si quieres venir a pasar unos d\u00edas a Girona para poder disfrutar de Temporada Alta, te proponemos algunos establecimientos colaboradores del festival que te interesar\u00e1n.<\/h2>\n\n\n\n<div class=\"wp-block-columns is-layout-flex wp-container-core-columns-is-layout-28f84493 wp-block-columns-is-layout-flex\">\n<div class=\"wp-block-column is-layout-flow wp-block-column-is-layout-flow\" style=\"flex-basis:33.33%\">\n<figure class=\"wp-block-image size-large\"><img loading=\"lazy\" decoding=\"async\" width=\"1200\" height=\"900\" src=\"https:\/\/temporada-alta.com\/wp-content\/uploads\/\/Hotel-Ultonia-Girona-1200x900.jpg\" alt=\"\" class=\"wp-image-65761\" srcset=\"https:\/\/temporada-alta.com\/wp-content\/uploads\/Hotel-Ultonia-Girona-1200x900.jpg 1200w, https:\/\/temporada-alta.com\/wp-content\/uploads\/Hotel-Ultonia-Girona-496x372.jpg 496w, https:\/\/temporada-alta.com\/wp-content\/uploads\/Hotel-Ultonia-Girona-768x576.jpg 768w, https:\/\/temporada-alta.com\/wp-content\/uploads\/Hotel-Ultonia-Girona-1536x1152.jpg 1536w, https:\/\/temporada-alta.com\/wp-content\/uploads\/Hotel-Ultonia-Girona-2048x1536.jpg 2048w, https:\/\/temporada-alta.com\/wp-content\/uploads\/Hotel-Ultonia-Girona-640x480.jpg 640w\" sizes=\"auto, (max-width: 1200px) 100vw, 1200px\" \/><\/figure>\n<\/div>\n\n\n\n<div class=\"wp-block-column is-layout-flow wp-block-column-is-layout-flow\" style=\"flex-basis:66.66%\">\n<h3 class=\"wp-block-heading\"><strong>Hotel Ult\u00f2nia<\/strong><\/h3>\n\n\n\n<h5 class=\"wp-block-heading\"><strong><strong>En el coraz\u00f3n de Girona desde 1962<\/strong><\/strong><\/h5>\n\n\n\n<p>En pleno centro de Girona, arraigados a la historia y patrimonio gerundense desde 1962, encontramos el Hotel Ultonia, ubicados a pocos minutos andando de los principales puntos de inter\u00e9s de la ciudad. Sus instalaciones modernas y confortables, con una atenci\u00f3n al cliente exquisita convertir\u00e1n cualquier estancia en un recuerdo inolvidable. Y es que no existe ninguna mejor forma de descubrir la bonita ciudad de Girona, si no es desde su coraz\u00f3n.<br><a href=\"https:\/\/hotelsultoniagirona.com\/ca\/\" target=\"_blank\" rel=\"noopener\">W<\/a><a href=\"https:\/\/hotelsultoniagirona.com\/es\/\" target=\"_blank\" rel=\"noreferrer noopener\">eb del Hotel Ultonia<\/a><\/p>\n<\/div>\n<\/div>\n\n\n\n<div class=\"wp-block-columns is-layout-flex wp-container-core-columns-is-layout-28f84493 wp-block-columns-is-layout-flex\">\n<div class=\"wp-block-column is-layout-flow wp-block-column-is-layout-flow\" style=\"flex-basis:33.33%\">\n<figure class=\"wp-block-image size-large\"><img loading=\"lazy\" decoding=\"async\" width=\"1200\" height=\"900\" src=\"https:\/\/temporada-alta.com\/wp-content\/uploads\/\/Hotel-Peninsular-Girona-1200x900.jpg\" alt=\"\" class=\"wp-image-65758\" srcset=\"https:\/\/temporada-alta.com\/wp-content\/uploads\/Hotel-Peninsular-Girona-1200x900.jpg 1200w, https:\/\/temporada-alta.com\/wp-content\/uploads\/Hotel-Peninsular-Girona-496x372.jpg 496w, https:\/\/temporada-alta.com\/wp-content\/uploads\/Hotel-Peninsular-Girona-768x576.jpg 768w, https:\/\/temporada-alta.com\/wp-content\/uploads\/Hotel-Peninsular-Girona-1536x1152.jpg 1536w, https:\/\/temporada-alta.com\/wp-content\/uploads\/Hotel-Peninsular-Girona-2048x1536.jpg 2048w, https:\/\/temporada-alta.com\/wp-content\/uploads\/Hotel-Peninsular-Girona-640x480.jpg 640w\" sizes=\"auto, (max-width: 1200px) 100vw, 1200px\" \/><\/figure>\n<\/div>\n\n\n\n<div class=\"wp-block-column is-layout-flow wp-block-column-is-layout-flow\" style=\"flex-basis:66.66%\">\n<h3 class=\"wp-block-heading\"><strong>Hotel Peninsular<\/strong><\/h3>\n\n\n\n<h5 class=\"wp-block-heading\"><strong>Un hotel con 150 a\u00f1os de historia en Girona<\/strong><\/h5>\n\n\n\n<p>El hotel est\u00e1 ubicado en una de las principales calles comerciales de Girona, a un paso de los monumentos m\u00e1s importantes de la ciudad y de las estaciones de tren\/AVE y autob\u00fas. Disfrute de todas las comodidades modernas en un edificio del s. XIX renovado. Con una trayectoria de m\u00e1s de 150 a\u00f1os como hotel en Girona, sabemos que nuestros hu\u00e9spedes valoran por encima de todo disfrutar de un descanso \u00f3ptimo, con servicios de calidad y el respaldo de un personal profesional y atento. Por eso, todos los miembros de nuestro equipo comparten una misma filosof\u00eda y un mismo compromiso: conseguir que nuestros clientes recuerden con cari\u00f1o su estancia en nuestro hotel. \u00a1Nos encanta que repitan!<\/p>\n\n\n\n<p><a href=\"https:\/\/www.hotelpeninsulargirona.com\/es\" target=\"_blank\" rel=\"noreferrer noopener\">Web del Hotel Peninsular<\/a><\/p>\n<\/div>\n<\/div>\n\n\n\n<div class=\"wp-block-columns is-layout-flex wp-container-core-columns-is-layout-28f84493 wp-block-columns-is-layout-flex\">\n<div class=\"wp-block-column is-layout-flow wp-block-column-is-layout-flow\" style=\"flex-basis:33.33%\">\n<figure class=\"wp-block-image size-full\"><img loading=\"lazy\" decoding=\"async\" width=\"700\" height=\"525\" src=\"https:\/\/temporada-alta.com\/wp-content\/uploads\/E1046F0x700.jpg\" alt=\"\" class=\"wp-image-78164\" srcset=\"https:\/\/temporada-alta.com\/wp-content\/uploads\/E1046F0x700.jpg 700w, https:\/\/temporada-alta.com\/wp-content\/uploads\/E1046F0x700-496x372.jpg 496w, https:\/\/temporada-alta.com\/wp-content\/uploads\/E1046F0x700-640x480.jpg 640w\" sizes=\"auto, (max-width: 700px) 100vw, 700px\" \/><\/figure>\n<\/div>\n\n\n\n<div class=\"wp-block-column is-layout-flow wp-block-column-is-layout-flow\" style=\"flex-basis:66.66%\">\n<h3 class=\"wp-block-heading\"><strong>Bravissimo Apartaments<\/strong><\/h3>\n\n\n\n<h5 class=\"wp-block-heading\"><strong>Apartamentos en Girona<\/strong><\/h5>\n\n\n\n<p>\u00bfEst\u00e1s buscando un apartamento de vacaciones en Girona donde realmente te sientas como en casa? \u00bfUn lugar para desconectar y disfrutar de todo lo que ofrece la ciudad? Con Bravissimo Apartaments puedes encontrar cualquier tipo de apartamento de vacaciones en el Barri Vell, ideal para cualquier tipo de estancia. Ya sea un viaje de negocios, vacaciones familiares, ciclistas y otros deportistas que quieran entrenar o grupos de amigos que quieran disfrutar de un agradable fin de semana. \u00a1Girona es el lugar perfecto y Bravissimo el punto de partida perfecto!<\/p>\n\n\n\n<p><a href=\"https:\/\/bravissimo-girona.com\/es\/\">Web de Bravissimo Apartaments<\/a><\/p>\n<\/div>\n<\/div>\n\n\n\n<div class=\"wp-block-columns is-layout-flex wp-container-core-columns-is-layout-28f84493 wp-block-columns-is-layout-flex\">\n<div class=\"wp-block-column is-layout-flow wp-block-column-is-layout-flow\" style=\"flex-basis:33.33%\">\n<figure class=\"wp-block-image size-large\"><img loading=\"lazy\" decoding=\"async\" width=\"1200\" height=\"900\" src=\"https:\/\/temporada-alta.com\/wp-content\/uploads\/\/Apartaments-Flateli-Girona-1200x900.jpg\" alt=\"\" class=\"wp-image-65755\" srcset=\"https:\/\/temporada-alta.com\/wp-content\/uploads\/Apartaments-Flateli-Girona-1200x900.jpg 1200w, https:\/\/temporada-alta.com\/wp-content\/uploads\/Apartaments-Flateli-Girona-496x372.jpg 496w, https:\/\/temporada-alta.com\/wp-content\/uploads\/Apartaments-Flateli-Girona-768x576.jpg 768w, https:\/\/temporada-alta.com\/wp-content\/uploads\/Apartaments-Flateli-Girona-1536x1152.jpg 1536w, https:\/\/temporada-alta.com\/wp-content\/uploads\/Apartaments-Flateli-Girona-2048x1536.jpg 2048w, https:\/\/temporada-alta.com\/wp-content\/uploads\/Apartaments-Flateli-Girona-640x480.jpg 640w\" sizes=\"auto, (max-width: 1200px) 100vw, 1200px\" \/><\/figure>\n<\/div>\n\n\n\n<div class=\"wp-block-column is-layout-flow wp-block-column-is-layout-flow\" style=\"flex-basis:66.66%\">\n<h3 class=\"wp-block-heading\"><strong>Flateli<\/strong><\/h3>\n\n\n\n<h5 class=\"wp-block-heading\"><strong>Alojamientos tur\u00edsticos en el Barri Vell de Girona<\/strong><\/h5>\n\n\n\n<p>Descubre Girona alojado en el coraz\u00f3n del \u201cBarri Vell\u201d. Nuestros apartamentos est\u00e1n completamente equipados y decorados para que disfrutes de tu estancia. Contamos con edificios enteros, con apartamentos distribuidos por todo el casco antiguo y el mejor equipo para ofrecerte una experiencia Flateli*.<br><br><a href=\"https:\/\/www.flateli.com\/es\/\" target=\"_blank\" rel=\"noreferrer noopener\">Web de Flateli<\/a><\/p>\n<\/div>\n<\/div>\n\n\n\n<p class=\"has-text-align-center\"><strong>Estos alojamientos son colaboradores del Festival pero si buscas otras propuestas puedes pedir m\u00e1s informaci\u00f3n en la <a href=\"https:\/\/www.girona.cat\/turisme\/esp\/index.php\">Oficina de Turismo del Ayuntamiento de Girona.<\/a><\/strong><\/p>\n\n\n\n<p><\/p>\n<\/div>","protected":false},"excerpt":{"rendered":"<p>Si quieres venir a pasar unos d\u00edas a Girona para poder disfrutar de Temporada Alta, te proponemos algunos&#8230;<\/p>\n","protected":false},"author":35132,"featured_media":0,"parent":0,"menu_order":0,"comment_status":"closed","ping_status":"closed","template":"","meta":{"_acf_changed":false,"footnotes":""},"class_list":["post-97920","page","type-page","status-publish","hentry"],"acf":[],"yoast_head":"<!-- This site is optimized with the Yoast SEO plugin v27.0 - https:\/\/yoast.com\/product\/yoast-seo-wordpress\/ -->\n<title>D\u00f3nde alojarse - Temporada Alta<\/title>\n<meta name=\"robots\" content=\"index, follow, max-snippet:-1, max-image-preview:large, max-video-preview:-1\" \/>\n<link rel=\"canonical\" href=\"https:\/\/temporada-alta.com\/es\/donde-alojarse\/\" \/>\n<meta property=\"og:locale\" content=\"es_ES\" \/>\n<meta property=\"og:type\" content=\"article\" \/>\n<meta property=\"og:title\" content=\"D\u00f3nde alojarse - Temporada Alta\" \/>\n<meta property=\"og:description\" content=\"Si quieres venir a pasar unos d\u00edas a Girona para poder disfrutar de Temporada Alta, te proponemos algunos...\" \/>\n<meta property=\"og:url\" content=\"https:\/\/temporada-alta.com\/es\/donde-alojarse\/\" \/>\n<meta property=\"og:site_name\" content=\"Temporada Alta\" \/>\n<meta property=\"article:modified_time\" content=\"2025-02-13T15:33:20+00:00\" \/>\n<meta property=\"og:image\" content=\"https:\/\/temporada-alta.com\/wp-content\/uploads\/Hotel-Ultonia-Girona.jpg\" \/>\n\t<meta property=\"og:image:width\" content=\"2268\" \/>\n\t<meta property=\"og:image:height\" content=\"1701\" \/>\n\t<meta property=\"og:image:type\" content=\"image\/jpeg\" \/>\n<meta name=\"twitter:card\" content=\"summary_large_image\" \/>\n<script type=\"application\/ld+json\" class=\"yoast-schema-graph\">{\"@context\":\"https:\/\/schema.org\",\"@graph\":[{\"@type\":\"WebPage\",\"@id\":\"https:\/\/temporada-alta.com\/es\/donde-alojarse\/\",\"url\":\"https:\/\/temporada-alta.com\/es\/donde-alojarse\/\",\"name\":\"D\u00f3nde alojarse - Temporada Alta\",\"isPartOf\":{\"@id\":\"https:\/\/temporada-alta.com\/es\/#website\"},\"primaryImageOfPage\":{\"@id\":\"https:\/\/temporada-alta.com\/es\/donde-alojarse\/#primaryimage\"},\"image\":{\"@id\":\"https:\/\/temporada-alta.com\/es\/donde-alojarse\/#primaryimage\"},\"thumbnailUrl\":\"https:\/\/temporada-alta.com\/wp-content\/uploads\/\/Hotel-Ultonia-Girona-1200x900.jpg\",\"datePublished\":\"2024-11-07T07:59:53+00:00\",\"dateModified\":\"2025-02-13T15:33:20+00:00\",\"breadcrumb\":{\"@id\":\"https:\/\/temporada-alta.com\/es\/donde-alojarse\/#breadcrumb\"},\"inLanguage\":\"es\",\"potentialAction\":[{\"@type\":\"ReadAction\",\"target\":[\"https:\/\/temporada-alta.com\/es\/donde-alojarse\/\"]}]},{\"@type\":\"ImageObject\",\"inLanguage\":\"es\",\"@id\":\"https:\/\/temporada-alta.com\/es\/donde-alojarse\/#primaryimage\",\"url\":\"https:\/\/temporada-alta.com\/wp-content\/uploads\/\/Hotel-Ultonia-Girona-1200x900.jpg\",\"contentUrl\":\"https:\/\/temporada-alta.com\/wp-content\/uploads\/\/Hotel-Ultonia-Girona-1200x900.jpg\"},{\"@type\":\"BreadcrumbList\",\"@id\":\"https:\/\/temporada-alta.com\/es\/donde-alojarse\/#breadcrumb\",\"itemListElement\":[{\"@type\":\"ListItem\",\"position\":1,\"name\":\"Inici\",\"item\":\"https:\/\/temporada-alta.com\/es\/\"},{\"@type\":\"ListItem\",\"position\":2,\"name\":\"D\u00f3nde alojarse\"}]},{\"@type\":\"WebSite\",\"@id\":\"https:\/\/temporada-alta.com\/es\/#website\",\"url\":\"https:\/\/temporada-alta.com\/es\/\",\"name\":\"Temporada Alta\",\"description\":\"Festival d&#039;Arts Esc\u00e8niques\",\"publisher\":{\"@id\":\"https:\/\/temporada-alta.com\/es\/#organization\"},\"potentialAction\":[{\"@type\":\"SearchAction\",\"target\":{\"@type\":\"EntryPoint\",\"urlTemplate\":\"https:\/\/temporada-alta.com\/es\/?s={search_term_string}\"},\"query-input\":{\"@type\":\"PropertyValueSpecification\",\"valueRequired\":true,\"valueName\":\"search_term_string\"}}],\"inLanguage\":\"es\"},{\"@type\":\"Organization\",\"@id\":\"https:\/\/temporada-alta.com\/es\/#organization\",\"name\":\"Temporada Alta\",\"url\":\"https:\/\/temporada-alta.com\/es\/\",\"logo\":{\"@type\":\"ImageObject\",\"inLanguage\":\"es\",\"@id\":\"https:\/\/temporada-alta.com\/es\/#\/schema\/logo\/image\/\",\"url\":\"https:\/\/temporada-alta.com\/wp-content\/uploads\/TA21-Logotip-pos.png\",\"contentUrl\":\"https:\/\/temporada-alta.com\/wp-content\/uploads\/TA21-Logotip-pos.png\",\"width\":800,\"height\":267,\"caption\":\"Temporada Alta\"},\"image\":{\"@id\":\"https:\/\/temporada-alta.com\/es\/#\/schema\/logo\/image\/\"}}]}<\/script>\n<!-- \/ Yoast SEO plugin. -->","yoast_head_json":{"title":"D\u00f3nde alojarse - Temporada Alta","robots":{"index":"index","follow":"follow","max-snippet":"max-snippet:-1","max-image-preview":"max-image-preview:large","max-video-preview":"max-video-preview:-1"},"canonical":"https:\/\/temporada-alta.com\/es\/donde-alojarse\/","og_locale":"es_ES","og_type":"article","og_title":"D\u00f3nde alojarse - Temporada Alta","og_description":"Si quieres venir a pasar unos d\u00edas a Girona para poder disfrutar de Temporada Alta, te proponemos algunos...","og_url":"https:\/\/temporada-alta.com\/es\/donde-alojarse\/","og_site_name":"Temporada Alta","article_modified_time":"2025-02-13T15:33:20+00:00","og_image":[{"width":2268,"height":1701,"url":"https:\/\/temporada-alta.com\/wp-content\/uploads\/Hotel-Ultonia-Girona.jpg","type":"image\/jpeg"}],"twitter_card":"summary_large_image","schema":{"@context":"https:\/\/schema.org","@graph":[{"@type":"WebPage","@id":"https:\/\/temporada-alta.com\/es\/donde-alojarse\/","url":"https:\/\/temporada-alta.com\/es\/donde-alojarse\/","name":"D\u00f3nde alojarse - Temporada Alta","isPartOf":{"@id":"https:\/\/temporada-alta.com\/es\/#website"},"primaryImageOfPage":{"@id":"https:\/\/temporada-alta.com\/es\/donde-alojarse\/#primaryimage"},"image":{"@id":"https:\/\/temporada-alta.com\/es\/donde-alojarse\/#primaryimage"},"thumbnailUrl":"https:\/\/temporada-alta.com\/wp-content\/uploads\/\/Hotel-Ultonia-Girona-1200x900.jpg","datePublished":"2024-11-07T07:59:53+00:00","dateModified":"2025-02-13T15:33:20+00:00","breadcrumb":{"@id":"https:\/\/temporada-alta.com\/es\/donde-alojarse\/#breadcrumb"},"inLanguage":"es","potentialAction":[{"@type":"ReadAction","target":["https:\/\/temporada-alta.com\/es\/donde-alojarse\/"]}]},{"@type":"ImageObject","inLanguage":"es","@id":"https:\/\/temporada-alta.com\/es\/donde-alojarse\/#primaryimage","url":"https:\/\/temporada-alta.com\/wp-content\/uploads\/\/Hotel-Ultonia-Girona-1200x900.jpg","contentUrl":"https:\/\/temporada-alta.com\/wp-content\/uploads\/\/Hotel-Ultonia-Girona-1200x900.jpg"},{"@type":"BreadcrumbList","@id":"https:\/\/temporada-alta.com\/es\/donde-alojarse\/#breadcrumb","itemListElement":[{"@type":"ListItem","position":1,"name":"Inici","item":"https:\/\/temporada-alta.com\/es\/"},{"@type":"ListItem","position":2,"name":"D\u00f3nde alojarse"}]},{"@type":"WebSite","@id":"https:\/\/temporada-alta.com\/es\/#website","url":"https:\/\/temporada-alta.com\/es\/","name":"Temporada Alta","description":"Festival d&#039;Arts Esc\u00e8niques","publisher":{"@id":"https:\/\/temporada-alta.com\/es\/#organization"},"potentialAction":[{"@type":"SearchAction","target":{"@type":"EntryPoint","urlTemplate":"https:\/\/temporada-alta.com\/es\/?s={search_term_string}"},"query-input":{"@type":"PropertyValueSpecification","valueRequired":true,"valueName":"search_term_string"}}],"inLanguage":"es"},{"@type":"Organization","@id":"https:\/\/temporada-alta.com\/es\/#organization","name":"Temporada Alta","url":"https:\/\/temporada-alta.com\/es\/","logo":{"@type":"ImageObject","inLanguage":"es","@id":"https:\/\/temporada-alta.com\/es\/#\/schema\/logo\/image\/","url":"https:\/\/temporada-alta.com\/wp-content\/uploads\/TA21-Logotip-pos.png","contentUrl":"https:\/\/temporada-alta.com\/wp-content\/uploads\/TA21-Logotip-pos.png","width":800,"height":267,"caption":"Temporada Alta"},"image":{"@id":"https:\/\/temporada-alta.com\/es\/#\/schema\/logo\/image\/"}}]}},"_links":{"self":[{"href":"https:\/\/temporada-alta.com\/es\/wp-json\/wp\/v2\/pages\/97920","targetHints":{"allow":["GET"]}}],"collection":[{"href":"https:\/\/temporada-alta.com\/es\/wp-json\/wp\/v2\/pages"}],"about":[{"href":"https:\/\/temporada-alta.com\/es\/wp-json\/wp\/v2\/types\/page"}],"author":[{"embeddable":true,"href":"https:\/\/temporada-alta.com\/es\/wp-json\/wp\/v2\/users\/35132"}],"replies":[{"embeddable":true,"href":"https:\/\/temporada-alta.com\/es\/wp-json\/wp\/v2\/comments?post=97920"}],"version-history":[{"count":2,"href":"https:\/\/temporada-alta.com\/es\/wp-json\/wp\/v2\/pages\/97920\/revisions"}],"predecessor-version":[{"id":97922,"href":"https:\/\/temporada-alta.com\/es\/wp-json\/wp\/v2\/pages\/97920\/revisions\/97922"}],"wp:attachment":[{"href":"https:\/\/temporada-alta.com\/es\/wp-json\/wp\/v2\/media?parent=97920"}],"curies":[{"name":"wp","href":"https:\/\/api.w.org\/{rel}","templated":true}]}}