{"id":97916,"date":"2024-11-06T17:24:27","date_gmt":"2024-11-06T16:24:27","guid":{"rendered":"https:\/\/temporada-alta.com\/?page_id=97916"},"modified":"2025-07-31T12:22:09","modified_gmt":"2025-07-31T10:22:09","slug":"como-llegar-2","status":"publish","type":"page","link":"https:\/\/temporada-alta.com\/es\/como-llegar-2\/","title":{"rendered":"C\u00f3mo llegar a Temporada Alta"},"content":{"rendered":"<div id=\"modal-ready\">\n<h2 class=\"wp-block-heading has-text-align-center has-medium-font-size\">El Festival se desarrolla en distintos espacios de Salt y Girona, y en otras subsedes como Banyoles, Bescan\u00f3, Palafrugell y Torroella de Montgr\u00ed. Girona cuenta con una situaci\u00f3n geogr\u00e1fica ideal y las infraestructuras perfectas para moverte con facilidad.<\/h2>\n\n\n\n<figure class=\"wp-block-image alignwide size-full\"><img loading=\"lazy\" decoding=\"async\" width=\"768\" height=\"432\" src=\"https:\/\/temporada-alta.com\/wp-content\/uploads\/auditori_girona-edited.jpg\" alt=\"Auditori de Girona\" class=\"wp-image-97703\" srcset=\"https:\/\/temporada-alta.com\/wp-content\/uploads\/auditori_girona-edited.jpg 768w, https:\/\/temporada-alta.com\/wp-content\/uploads\/auditori_girona-edited-630x354.jpg 630w\" sizes=\"auto, (max-width: 768px) 100vw, 768px\" \/><\/figure>\n\n\n\n<h2 class=\"wp-block-heading has-text-align-center\"><strong>Tren<\/strong><\/h2>\n\n\n\n<p class=\"has-text-align-center\">La estaci\u00f3n de trenes ADIF est\u00e1 ubicada en el centro de Girona, con conexiones regionales, nacionales e internacionales.<br>Si quieres llegar por la v\u00eda r\u00e1pida coge el tren de Alta Velocidad y larga distancia.<br>Tambi\u00e9n puedes utilizar la red ferroviaria de Cercan\u00edas para moverte por diferentes municipios del territorio.<\/p>\n\n\n\n<p class=\"has-text-align-center\"><a href=\"http:\/\/www.adif.es\/ca_ES\/infraestructuras\/estaciones\/79300\/informacion_000105.shtml\">Estaci\u00f3n de tren de Girona<\/a><br>Pl. Espanya s\/n<br>17002&nbsp;Girona&nbsp;(El Giron\u00e8s)<br>(+34) 972 203 898<\/p>\n\n\n\n<p class=\"has-text-align-center\">M\u00e1s informaci\u00f3n:\u00a0<a href=\"http:\/\/www.renfe.com\/\">Renfe <\/a>\/\/ <a href=\"https:\/\/www.renfe.com\/es\/es\/viajar\/prepara-tu-viaje\/ave-francia\/destinos\" target=\"_blank\" rel=\"noreferrer noopener\">Renfe Francia<\/a>\u00a0(Fran\u00e7a \u2013 Catalunya \u2013 Fran\u00e7a)<\/p>\n\n\n\n<h2 class=\"wp-block-heading has-text-align-center\">Autob\u00fas<\/h2>\n\n\n\n<p class=\"has-text-align-center\">La estaci\u00f3n de bus de Girona est\u00e1 situada en el centro de la ciudad.<br>Operan varias compa\u00f1\u00edas, con conexiones urbanas, interurbanas, nacionales e internacionales.<\/p>\n\n\n\n<p class=\"has-text-align-center\">Estaci\u00f3n de buses de Girona<br>Pl. Espanya s\/n<br>17002&nbsp;Girona&nbsp;(El Giron\u00e8s)<br>(+34) 972 203 898<\/p>\n\n\n\n<p class=\"has-text-align-center\"><a href=\"http:\/\/www.girona.cat\/bus\/cat\/linies.php\">Transports Municipals del Giron\u00e8s<\/a><br>(+34) 972 204 868<\/p>\n\n\n\n<p class=\"has-text-align-center\">L\u00edneas locales y nacionales<br><a href=\"https:\/\/www.alsa.es\/\">Alsa<\/a><br><a href=\"https:\/\/www.sagales.com\/\">Sagal\u00e9s<\/a><br><a href=\"https:\/\/compras.moventis.es\/paginas\/resultados_trayectos.php\">Sarfa<\/a><br><a href=\"http:\/\/www.teisa-bus.com\/\">Teisa<\/a><\/p>\n\n\n\n<p class=\"has-text-align-center\">L\u00edneas internacionales<br><a href=\"http:\/\/www.eurolines.es\/\">Eurolines<\/a><\/p>\n\n\n\n<h2 class=\"wp-block-heading has-text-align-center\">Avi\u00f3n<\/h2>\n\n\n\n<p class=\"has-text-align-center\">El Aeropuerto Girona \u2013 Costa Brava recibe vuelos regulares de varias ciudades estatales y europeas.<br>Est\u00e1 situado a unos 12 kil\u00f3metros de la ciudad y se puede llegar f\u00e1cilmente en autob\u00fas o taxi.<\/p>\n\n\n\n<p class=\"has-text-align-center\"><a href=\"http:\/\/www.girona-airport.cat\/\">Aeropuerto Girona-Costa Brava<\/a><br>17185 Vilob\u00ed d\u2019Onyar (La Selva)<br>(+34) 972 186 600<\/p>\n\n\n\n<h2 class=\"wp-block-heading has-text-align-center\">Taxi<\/h2>\n\n\n\n<p class=\"has-text-align-center\"><a href=\"http:\/\/www.taxigirona.es\/ca\/\">&nbsp;Taxi Girona<\/a> est\u00e1 activo las 24 horas del d\u00eda, los 365 d\u00edas del a\u00f1o.<br>Con taxis totalmente equipados y un servicio adaptado a las diferentes necesidades de los clientes.<br>Si te quieres desplazar, Taxi Girona te lo pone f\u00e1cil.<\/p>\n\n\n\n<p class=\"has-text-align-center\">Contacto<br>Tel. 605 72 72 72<br>Tel. 872 55 10 11<\/p>\n\n\n\n<h2 class=\"wp-block-heading has-text-align-center\">Acceso en coche y aparcamiento<\/h2>\n\n\n\n<p class=\"has-text-align-center\">Las principales v\u00edas de acceso a Girona son:<\/p>\n\n\n\n<p class=\"has-text-align-center\">. AP-7 (autopista)<br>. N-II (carretera nacional)<br>. C-25 (autov\u00eda)<\/p>\n\n\n\n<p class=\"has-text-align-center\"><strong>Temporada Alta &amp; SABA<\/strong><\/p>\n\n\n\n<p class=\"has-text-align-center\">te ofrecen un\u00a0 25% de descuento<br>en los aparcamientos SABA de<br>Santa Caterina (Generalitat)<br>y Berenguer i Carnicer (juzgados).<\/p>\n\n\n\n<p class=\"has-text-align-center\">Encontrar\u00e1s tu descuento en el<br>Teatre Municipal de Girona y la Sala La Planeta.<\/p>\n\n\n\n<h2 class=\"wp-block-heading has-text-align-center\">Subsedes<\/h2>\n\n\n\n<p class=\"has-text-align-center\">Si deseas informaci\u00f3n sobre c\u00f3mo acceder a las distintas subsedes de Temporada Alta,<br>puedes ponerte en contacto con las siguientes oficinas de informaci\u00f3n.<\/p>\n\n\n\n<p class=\"has-text-align-center\">Turisme Banyoles<br>Tel. +34 972 583 470<br><a href=\"http:\/\/turisme.banyoles.cat\/ca-es\/\">http:\/\/turisme.banyoles.cat\/ca-es\/<\/a><\/p>\n\n\n\n<p class=\"has-text-align-center\">Ajuntament de Bescan\u00f3<br>Tel. +34 972 440 005<br><a href=\"http:\/\/www.bescano.cat\/\">http:\/\/www.bescano.cat\/<\/a><\/p>\n\n\n\n<p class=\"has-text-align-center\">Turisme Palafrugell<br>Tel. +34 972 300 228<br><a href=\"http:\/\/visitpalafrugell.cat\/\">http:\/\/visitpalafrugell.cat\/<\/a><\/p>\n\n\n\n<p class=\"has-text-align-center\">Torroella de Montgr\u00ed<br>Tel. +34 972 119 100<br><a href=\"http:\/\/www.visitestartit.com\/ca\/\">http:\/\/www.visitestartit.com\/ca\/<\/a><\/p>\n\n\n\n<p class=\"has-text-align-center\">Ajuntament de Sant Gregori<br>Tel. +34 972 428 300<br><a href=\"https:\/\/www.santgregori.cat\/ca\/\" target=\"_blank\" rel=\"noreferrer noopener\">https:\/\/www.santgregori.cat\/ca\/<\/a><\/p>\n\n\n\n<p class=\"has-text-align-center\">Teatre Municipal El Jard\u00ed (Figueres)<br>Tel. +34 972 501 911<br><a href=\"https:\/\/www.figueresaescena.cat\/ca\/espais\/l\/1002-teatre-municipal-el-jardi.html\">https:\/\/www.figueresaescena.cat\/<\/a><\/p>\n\n\n\n<p class=\"has-text-align-center\">Mercat de les Flors, Barcelona<br>Tel. +34 932 562 600<br><a href=\"https:\/\/mercatflors.cat\/\">https:\/\/mercatflors.cat\/<\/a><\/p>\n<\/div>","protected":false},"excerpt":{"rendered":"<p>El Festival se desarrolla en distintos espacios de Salt y Girona, y en otras subsedes como Banyoles, Bescan\u00f3,&#8230;<\/p>\n","protected":false},"author":35132,"featured_media":0,"parent":0,"menu_order":0,"comment_status":"closed","ping_status":"closed","template":"","meta":{"_acf_changed":false,"footnotes":""},"class_list":["post-97916","page","type-page","status-publish","hentry"],"acf":[],"yoast_head":"<!-- This site is optimized with the Yoast SEO plugin v27.0 - https:\/\/yoast.com\/product\/yoast-seo-wordpress\/ -->\n<title>C\u00f3mo llegar a Temporada Alta - Temporada Alta<\/title>\n<meta name=\"robots\" content=\"index, follow, max-snippet:-1, max-image-preview:large, max-video-preview:-1\" \/>\n<link rel=\"canonical\" href=\"https:\/\/temporada-alta.com\/es\/como-llegar-2\/\" \/>\n<meta property=\"og:locale\" content=\"es_ES\" \/>\n<meta property=\"og:type\" content=\"article\" \/>\n<meta property=\"og:title\" content=\"C\u00f3mo llegar a Temporada Alta - Temporada Alta\" \/>\n<meta property=\"og:description\" content=\"El Festival se desarrolla en distintos espacios de Salt y Girona, y en otras subsedes como Banyoles, Bescan\u00f3,...\" \/>\n<meta property=\"og:url\" content=\"https:\/\/temporada-alta.com\/es\/como-llegar-2\/\" \/>\n<meta property=\"og:site_name\" content=\"Temporada Alta\" \/>\n<meta property=\"article:modified_time\" content=\"2025-07-31T10:22:09+00:00\" \/>\n<meta property=\"og:image\" content=\"https:\/\/temporada-alta.com\/wp-content\/uploads\/auditori_girona-edited.jpg\" \/>\n\t<meta property=\"og:image:width\" content=\"768\" \/>\n\t<meta property=\"og:image:height\" content=\"432\" \/>\n\t<meta property=\"og:image:type\" content=\"image\/jpeg\" \/>\n<meta name=\"twitter:card\" content=\"summary_large_image\" \/>\n<script type=\"application\/ld+json\" class=\"yoast-schema-graph\">{\"@context\":\"https:\/\/schema.org\",\"@graph\":[{\"@type\":\"WebPage\",\"@id\":\"https:\/\/temporada-alta.com\/es\/como-llegar-2\/\",\"url\":\"https:\/\/temporada-alta.com\/es\/como-llegar-2\/\",\"name\":\"C\u00f3mo llegar a Temporada Alta - Temporada Alta\",\"isPartOf\":{\"@id\":\"https:\/\/temporada-alta.com\/es\/#website\"},\"primaryImageOfPage\":{\"@id\":\"https:\/\/temporada-alta.com\/es\/como-llegar-2\/#primaryimage\"},\"image\":{\"@id\":\"https:\/\/temporada-alta.com\/es\/como-llegar-2\/#primaryimage\"},\"thumbnailUrl\":\"https:\/\/temporada-alta.com\/wp-content\/uploads\/auditori_girona-edited.jpg\",\"datePublished\":\"2024-11-06T16:24:27+00:00\",\"dateModified\":\"2025-07-31T10:22:09+00:00\",\"breadcrumb\":{\"@id\":\"https:\/\/temporada-alta.com\/es\/como-llegar-2\/#breadcrumb\"},\"inLanguage\":\"es\",\"potentialAction\":[{\"@type\":\"ReadAction\",\"target\":[\"https:\/\/temporada-alta.com\/es\/como-llegar-2\/\"]}]},{\"@type\":\"ImageObject\",\"inLanguage\":\"es\",\"@id\":\"https:\/\/temporada-alta.com\/es\/como-llegar-2\/#primaryimage\",\"url\":\"https:\/\/temporada-alta.com\/wp-content\/uploads\/auditori_girona-edited.jpg\",\"contentUrl\":\"https:\/\/temporada-alta.com\/wp-content\/uploads\/auditori_girona-edited.jpg\"},{\"@type\":\"BreadcrumbList\",\"@id\":\"https:\/\/temporada-alta.com\/es\/como-llegar-2\/#breadcrumb\",\"itemListElement\":[{\"@type\":\"ListItem\",\"position\":1,\"name\":\"Inici\",\"item\":\"https:\/\/temporada-alta.com\/es\/\"},{\"@type\":\"ListItem\",\"position\":2,\"name\":\"C\u00f3mo llegar a Temporada Alta\"}]},{\"@type\":\"WebSite\",\"@id\":\"https:\/\/temporada-alta.com\/es\/#website\",\"url\":\"https:\/\/temporada-alta.com\/es\/\",\"name\":\"Temporada Alta\",\"description\":\"Festival d&#039;Arts Esc\u00e8niques\",\"publisher\":{\"@id\":\"https:\/\/temporada-alta.com\/es\/#organization\"},\"potentialAction\":[{\"@type\":\"SearchAction\",\"target\":{\"@type\":\"EntryPoint\",\"urlTemplate\":\"https:\/\/temporada-alta.com\/es\/?s={search_term_string}\"},\"query-input\":{\"@type\":\"PropertyValueSpecification\",\"valueRequired\":true,\"valueName\":\"search_term_string\"}}],\"inLanguage\":\"es\"},{\"@type\":\"Organization\",\"@id\":\"https:\/\/temporada-alta.com\/es\/#organization\",\"name\":\"Temporada Alta\",\"url\":\"https:\/\/temporada-alta.com\/es\/\",\"logo\":{\"@type\":\"ImageObject\",\"inLanguage\":\"es\",\"@id\":\"https:\/\/temporada-alta.com\/es\/#\/schema\/logo\/image\/\",\"url\":\"https:\/\/temporada-alta.com\/wp-content\/uploads\/TA21-Logotip-pos.png\",\"contentUrl\":\"https:\/\/temporada-alta.com\/wp-content\/uploads\/TA21-Logotip-pos.png\",\"width\":800,\"height\":267,\"caption\":\"Temporada Alta\"},\"image\":{\"@id\":\"https:\/\/temporada-alta.com\/es\/#\/schema\/logo\/image\/\"}}]}<\/script>\n<!-- \/ Yoast SEO plugin. -->","yoast_head_json":{"title":"C\u00f3mo llegar a Temporada Alta - Temporada Alta","robots":{"index":"index","follow":"follow","max-snippet":"max-snippet:-1","max-image-preview":"max-image-preview:large","max-video-preview":"max-video-preview:-1"},"canonical":"https:\/\/temporada-alta.com\/es\/como-llegar-2\/","og_locale":"es_ES","og_type":"article","og_title":"C\u00f3mo llegar a Temporada Alta - Temporada Alta","og_description":"El Festival se desarrolla en distintos espacios de Salt y Girona, y en otras subsedes como Banyoles, Bescan\u00f3,...","og_url":"https:\/\/temporada-alta.com\/es\/como-llegar-2\/","og_site_name":"Temporada Alta","article_modified_time":"2025-07-31T10:22:09+00:00","og_image":[{"width":768,"height":432,"url":"https:\/\/temporada-alta.com\/wp-content\/uploads\/auditori_girona-edited.jpg","type":"image\/jpeg"}],"twitter_card":"summary_large_image","schema":{"@context":"https:\/\/schema.org","@graph":[{"@type":"WebPage","@id":"https:\/\/temporada-alta.com\/es\/como-llegar-2\/","url":"https:\/\/temporada-alta.com\/es\/como-llegar-2\/","name":"C\u00f3mo llegar a Temporada Alta - Temporada Alta","isPartOf":{"@id":"https:\/\/temporada-alta.com\/es\/#website"},"primaryImageOfPage":{"@id":"https:\/\/temporada-alta.com\/es\/como-llegar-2\/#primaryimage"},"image":{"@id":"https:\/\/temporada-alta.com\/es\/como-llegar-2\/#primaryimage"},"thumbnailUrl":"https:\/\/temporada-alta.com\/wp-content\/uploads\/auditori_girona-edited.jpg","datePublished":"2024-11-06T16:24:27+00:00","dateModified":"2025-07-31T10:22:09+00:00","breadcrumb":{"@id":"https:\/\/temporada-alta.com\/es\/como-llegar-2\/#breadcrumb"},"inLanguage":"es","potentialAction":[{"@type":"ReadAction","target":["https:\/\/temporada-alta.com\/es\/como-llegar-2\/"]}]},{"@type":"ImageObject","inLanguage":"es","@id":"https:\/\/temporada-alta.com\/es\/como-llegar-2\/#primaryimage","url":"https:\/\/temporada-alta.com\/wp-content\/uploads\/auditori_girona-edited.jpg","contentUrl":"https:\/\/temporada-alta.com\/wp-content\/uploads\/auditori_girona-edited.jpg"},{"@type":"BreadcrumbList","@id":"https:\/\/temporada-alta.com\/es\/como-llegar-2\/#breadcrumb","itemListElement":[{"@type":"ListItem","position":1,"name":"Inici","item":"https:\/\/temporada-alta.com\/es\/"},{"@type":"ListItem","position":2,"name":"C\u00f3mo llegar a Temporada Alta"}]},{"@type":"WebSite","@id":"https:\/\/temporada-alta.com\/es\/#website","url":"https:\/\/temporada-alta.com\/es\/","name":"Temporada Alta","description":"Festival d&#039;Arts Esc\u00e8niques","publisher":{"@id":"https:\/\/temporada-alta.com\/es\/#organization"},"potentialAction":[{"@type":"SearchAction","target":{"@type":"EntryPoint","urlTemplate":"https:\/\/temporada-alta.com\/es\/?s={search_term_string}"},"query-input":{"@type":"PropertyValueSpecification","valueRequired":true,"valueName":"search_term_string"}}],"inLanguage":"es"},{"@type":"Organization","@id":"https:\/\/temporada-alta.com\/es\/#organization","name":"Temporada Alta","url":"https:\/\/temporada-alta.com\/es\/","logo":{"@type":"ImageObject","inLanguage":"es","@id":"https:\/\/temporada-alta.com\/es\/#\/schema\/logo\/image\/","url":"https:\/\/temporada-alta.com\/wp-content\/uploads\/TA21-Logotip-pos.png","contentUrl":"https:\/\/temporada-alta.com\/wp-content\/uploads\/TA21-Logotip-pos.png","width":800,"height":267,"caption":"Temporada Alta"},"image":{"@id":"https:\/\/temporada-alta.com\/es\/#\/schema\/logo\/image\/"}}]}},"_links":{"self":[{"href":"https:\/\/temporada-alta.com\/es\/wp-json\/wp\/v2\/pages\/97916","targetHints":{"allow":["GET"]}}],"collection":[{"href":"https:\/\/temporada-alta.com\/es\/wp-json\/wp\/v2\/pages"}],"about":[{"href":"https:\/\/temporada-alta.com\/es\/wp-json\/wp\/v2\/types\/page"}],"author":[{"embeddable":true,"href":"https:\/\/temporada-alta.com\/es\/wp-json\/wp\/v2\/users\/35132"}],"replies":[{"embeddable":true,"href":"https:\/\/temporada-alta.com\/es\/wp-json\/wp\/v2\/comments?post=97916"}],"version-history":[{"count":2,"href":"https:\/\/temporada-alta.com\/es\/wp-json\/wp\/v2\/pages\/97916\/revisions"}],"predecessor-version":[{"id":102686,"href":"https:\/\/temporada-alta.com\/es\/wp-json\/wp\/v2\/pages\/97916\/revisions\/102686"}],"wp:attachment":[{"href":"https:\/\/temporada-alta.com\/es\/wp-json\/wp\/v2\/media?parent=97916"}],"curies":[{"name":"wp","href":"https:\/\/api.w.org\/{rel}","templated":true}]}}