{"id":97914,"date":"2024-11-06T17:14:20","date_gmt":"2024-11-06T16:14:20","guid":{"rendered":"https:\/\/temporada-alta.com\/?page_id=97914"},"modified":"2025-09-01T16:44:32","modified_gmt":"2025-09-01T14:44:32","slug":"venta-preferente","status":"publish","type":"page","link":"https:\/\/temporada-alta.com\/es\/venta-preferente\/","title":{"rendered":"La venta preferente para miembros de El Club"},"content":{"rendered":"<div id=\"modal-ready\">\n<div class=\"wp-block-buttons is-content-justification-center is-layout-flex wp-container-core-buttons-is-layout-a89b3969 wp-block-buttons-is-layout-flex\">\n<div class=\"wp-block-button\"><a class=\"wp-block-button__link has-black-color has-white-background-color has-text-color has-background has-link-color wp-element-button\" href=\"https:\/\/temporada-alta.koobin.com\/?action=PU_muestra_paquete&amp;Ev_id=6582\" style=\"border-width:1px\" target=\"_blank\" rel=\"noreferrer noopener\">ve a la compra por paquetes (A PARTIR DEL 2\/09) a partir de las 10h<\/a><\/div>\n<\/div>\n\n\n\n<div class=\"wp-block-columns are-vertically-aligned-center has-black-background-color has-background is-layout-flex wp-container-core-columns-is-layout-7abde1fe wp-block-columns-is-layout-flex\" style=\"padding-top:var(--wp--preset--spacing--40);padding-bottom:var(--wp--preset--spacing--40)\">\n<div class=\"wp-block-column is-vertically-aligned-center is-layout-flow wp-block-column-is-layout-flow\">\n<figure class=\"wp-block-image size-full\"><img loading=\"lazy\" decoding=\"async\" width=\"1000\" height=\"600\" src=\"https:\/\/temporada-alta.com\/wp-content\/uploads\/3.png\" alt=\"\" class=\"wp-image-95621\" srcset=\"https:\/\/temporada-alta.com\/wp-content\/uploads\/3.png 1000w, https:\/\/temporada-alta.com\/wp-content\/uploads\/3-620x372.png 620w, https:\/\/temporada-alta.com\/wp-content\/uploads\/3-768x461.png 768w\" sizes=\"auto, (max-width: 1000px) 100vw, 1000px\" \/><\/figure>\n<\/div>\n\n\n\n<div class=\"wp-block-column is-vertically-aligned-center is-layout-flow wp-block-column-is-layout-flow\">\n<h2 class=\"wp-block-heading has-text-align-left has-white-color has-text-color has-link-color wp-elements-888a98a34a745eb9dd999b2b92c76abe\"><strong>Cu\u00e1ndo y c\u00f3mo comprar  de manera preferente<\/strong><\/h2>\n\n\n\n<p class=\"has-text-align-left has-white-color has-text-color has-link-color has-medium-font-size wp-elements-80b7c4e45065f74cf636f5347ebcfd38\"><strong>\u00bfCu\u00e1ndo?<\/strong><\/p>\n\n\n\n<ul class=\"wp-block-list has-white-color has-text-color has-link-color wp-elements-20351807a348ef84d93fbaf527087d31\">\n<li>2 y 3 de septiembre<\/li>\n<\/ul>\n\n\n\n<p class=\"has-white-color has-text-color has-link-color has-medium-font-size wp-elements-e18d22e5ff54ef6942122102fa09d31e\"><strong>\u00bfC\u00f3mo?<\/strong><\/p>\n\n\n\n<ul class=\"wp-block-list has-white-color has-text-color has-link-color wp-elements-c1ba49d1a00f4e7f5c54b368de2c1829\">\n<li>En el web del festival a partir las 10h<\/li>\n\n\n\n<li>Por tel\u00e9fono (972 402 004) de 10h a 18h el d\u00eda 2 y de 10h a 15h el d\u00eda 3<\/li>\n<\/ul>\n<\/div>\n<\/div>\n\n\n\n<h2 class=\"wp-block-heading has-text-align-center\"><strong>Los paquetes de entradas<\/strong><\/h2>\n\n\n\n<p class=\"has-text-align-center\">La venta preferente est\u00e1 pensada para que compres tus entradas agrupadas por paquetes. De esta manera, podemos ofrecerte distintos descuentos seg\u00fan el volumen de entradas que te interese adquirir.&nbsp;Adem\u00e1s, recuerda que te enviaremos un correo para que puedas escoger las dos invitaciones que te corresponden como miembro de El Club.<\/p>\n\n\n\n<div class=\"wp-block-columns are-vertically-aligned-center is-layout-flex wp-container-core-columns-is-layout-7abde1fe wp-block-columns-is-layout-flex\" style=\"padding-top:var(--wp--preset--spacing--40);padding-bottom:var(--wp--preset--spacing--40)\">\n<div class=\"wp-block-column is-vertically-aligned-center is-layout-flow wp-block-column-is-layout-flow\">\n<h2 class=\"wp-block-heading\">\u00bfQu\u00e9 paquetes puedes comprar?<\/h2>\n\n\n\n<p>Para facilitar el proceso de compra de entradas, ofrecemos un \u00fanico paquete con un descuento que variar\u00e1 seg\u00fan el n\u00famero de espect\u00e1culos que se compren. Funcionar\u00e1 de la siguiente manera:<\/p>\n\n\n\n<ul class=\"wp-block-list\">\n<li><strong>De 2 a 5 espect\u00e1culos, el paquete tendr\u00e1 un 15% de descuento<\/strong><\/li>\n\n\n\n<li><strong>De 6 a 9 espect\u00e1culos, el paquete tendr\u00e1 un 20% de descuento.<\/strong><\/li>\n\n\n\n<li><strong>A partir de 10 espect\u00e1culos, el paquete tendr\u00e1 un 25% de descuento.<\/strong><\/li>\n<\/ul>\n<\/div>\n\n\n\n<div class=\"wp-block-column is-vertically-aligned-center is-layout-flow wp-block-column-is-layout-flow\">\n<figure class=\"wp-block-image size-full\"><img loading=\"lazy\" decoding=\"async\" width=\"1000\" height=\"600\" src=\"https:\/\/temporada-alta.com\/wp-content\/uploads\/1.png\" alt=\"\" class=\"wp-image-95627\" srcset=\"https:\/\/temporada-alta.com\/wp-content\/uploads\/1.png 1000w, https:\/\/temporada-alta.com\/wp-content\/uploads\/1-620x372.png 620w, https:\/\/temporada-alta.com\/wp-content\/uploads\/1-768x461.png 768w\" sizes=\"auto, (max-width: 1000px) 100vw, 1000px\" \/><\/figure>\n<\/div>\n<\/div>\n\n\n\n<div class=\"wp-block-columns are-vertically-aligned-center is-layout-flex wp-container-core-columns-is-layout-7abde1fe wp-block-columns-is-layout-flex\" style=\"padding-top:var(--wp--preset--spacing--40);padding-bottom:var(--wp--preset--spacing--40)\">\n<div class=\"wp-block-column is-vertically-aligned-center is-layout-flow wp-block-column-is-layout-flow\">\n<figure class=\"wp-block-image size-full\"><img loading=\"lazy\" decoding=\"async\" width=\"1000\" height=\"600\" src=\"https:\/\/temporada-alta.com\/wp-content\/uploads\/2.png\" alt=\"\" class=\"wp-image-95624\" srcset=\"https:\/\/temporada-alta.com\/wp-content\/uploads\/2.png 1000w, https:\/\/temporada-alta.com\/wp-content\/uploads\/2-620x372.png 620w, https:\/\/temporada-alta.com\/wp-content\/uploads\/2-768x461.png 768w\" sizes=\"auto, (max-width: 1000px) 100vw, 1000px\" \/><\/figure>\n<\/div>\n\n\n\n<div class=\"wp-block-column is-vertically-aligned-center is-layout-flow wp-block-column-is-layout-flow\">\n<h2 class=\"wp-block-heading\">\u00bfC\u00f3mo se compran los paquetes?<\/h2>\n\n\n\n<ul class=\"wp-block-list\">\n<li>Si los compras por internet, tienes que identificarte con tu usuario y contrase\u00f1a y acceder a la compra por paquetes.<\/li>\n\n\n\n<li>Lo primero que tienes que seleccionar son los eventos que quieres dentro del paquete.*<\/li>\n\n\n\n<li>Cuando hayas elegido los eventos, puedes ir escogiendo las butacas de cada espect\u00e1culo.<\/li>\n\n\n\n<li>Una vez escogido las localidades que forman el paquete, deber\u00e1s validar la <strong>TARIFA: EL CLUB<\/strong> con tu correo electr\u00f3nico y contrase\u00f1a para poder continuar la compra.<\/li>\n\n\n\n<li>Finalmente, s\u00f3lo te quedar\u00e1 hacer el pago e imprimir las entradas o guardartelas al m\u00f3vil.<\/li>\n<\/ul>\n<\/div>\n<\/div>\n\n\n\n<p><em>*La programaci\u00f3n familiar, de cine, el Torneig de Dramat\u00fargia Catalana y determinados espect\u00e1culos no pueden ser seleccionados para configurar paquetes de espect\u00e1culos. Consulte el listado completo de <a href=\"https:\/\/temporada-alta.com\/es\/venta-de-entradas-y-descuentos\/#condiciones-descuentos\" target=\"_blank\" rel=\"noreferrer noopener\">espect\u00e1culos no disponibles para los paquetes<\/a><\/em>.<\/p>\n\n\n\n<div class=\"wp-block-buttons is-content-justification-center is-layout-flex wp-container-core-buttons-is-layout-a89b3969 wp-block-buttons-is-layout-flex\">\n<div class=\"wp-block-button\"><a class=\"wp-block-button__link has-dark-gray-color has-white-background-color has-text-color has-background has-link-color wp-element-button\" href=\"https:\/\/drive.google.com\/file\/d\/1QjitC27xZSyz7XHyANDJMT_-0K98Np1l\/view?usp=sharing\" style=\"border-width:1px\" target=\"_blank\" rel=\"noreferrer noopener\">manual completo sobre la venta preferente<\/a><\/div>\n<\/div>\n\n\n\n<div class=\"wp-block-buttons is-content-justification-center is-layout-flex wp-container-core-buttons-is-layout-a89b3969 wp-block-buttons-is-layout-flex\">\n<div class=\"wp-block-button\"><a class=\"wp-block-button__link has-dark-gray-color has-white-background-color has-text-color has-background has-link-color wp-element-button\" href=\"https:\/\/temporada-alta.koobin.com\/?action=PU_muestra_paquete&amp;Ev_id=6582\" style=\"border-width:1px\">ve a la compra por paquetes (A PARTIR DEL 2\/09)<\/a><\/div>\n<\/div>\n<\/div>","protected":false},"excerpt":{"rendered":"<p>Cu\u00e1ndo y c\u00f3mo comprar de manera preferente \u00bfCu\u00e1ndo? \u00bfC\u00f3mo? Los paquetes de entradas La venta preferente est\u00e1 pensada&#8230;<\/p>\n","protected":false},"author":35132,"featured_media":0,"parent":0,"menu_order":0,"comment_status":"closed","ping_status":"closed","template":"","meta":{"_acf_changed":false,"footnotes":""},"class_list":["post-97914","page","type-page","status-publish","hentry"],"acf":[],"yoast_head":"<!-- This site is optimized with the Yoast SEO plugin v27.0 - https:\/\/yoast.com\/product\/yoast-seo-wordpress\/ -->\n<title>La venta preferente para miembros de El Club - Temporada Alta<\/title>\n<meta name=\"robots\" content=\"index, follow, max-snippet:-1, max-image-preview:large, max-video-preview:-1\" \/>\n<link rel=\"canonical\" href=\"https:\/\/temporada-alta.com\/es\/venta-preferente\/\" \/>\n<meta property=\"og:locale\" content=\"es_ES\" \/>\n<meta property=\"og:type\" content=\"article\" \/>\n<meta property=\"og:title\" content=\"La venta preferente para miembros de El Club - Temporada Alta\" \/>\n<meta property=\"og:description\" content=\"Cu\u00e1ndo y c\u00f3mo comprar de manera preferente \u00bfCu\u00e1ndo? \u00bfC\u00f3mo? Los paquetes de entradas La venta preferente est\u00e1 pensada...\" \/>\n<meta property=\"og:url\" content=\"https:\/\/temporada-alta.com\/es\/venta-preferente\/\" \/>\n<meta property=\"og:site_name\" content=\"Temporada Alta\" \/>\n<meta property=\"article:modified_time\" content=\"2025-09-01T14:44:32+00:00\" \/>\n<meta property=\"og:image\" content=\"https:\/\/temporada-alta.com\/wp-content\/uploads\/3.png\" \/>\n\t<meta property=\"og:image:width\" content=\"1000\" \/>\n\t<meta property=\"og:image:height\" content=\"600\" \/>\n\t<meta property=\"og:image:type\" content=\"image\/png\" \/>\n<meta name=\"twitter:card\" content=\"summary_large_image\" \/>\n<script type=\"application\/ld+json\" class=\"yoast-schema-graph\">{\"@context\":\"https:\/\/schema.org\",\"@graph\":[{\"@type\":\"WebPage\",\"@id\":\"https:\/\/temporada-alta.com\/es\/venta-preferente\/\",\"url\":\"https:\/\/temporada-alta.com\/es\/venta-preferente\/\",\"name\":\"La venta preferente para miembros de El Club - Temporada Alta\",\"isPartOf\":{\"@id\":\"https:\/\/temporada-alta.com\/es\/#website\"},\"primaryImageOfPage\":{\"@id\":\"https:\/\/temporada-alta.com\/es\/venta-preferente\/#primaryimage\"},\"image\":{\"@id\":\"https:\/\/temporada-alta.com\/es\/venta-preferente\/#primaryimage\"},\"thumbnailUrl\":\"https:\/\/temporada-alta.com\/wp-content\/uploads\/3.png\",\"datePublished\":\"2024-11-06T16:14:20+00:00\",\"dateModified\":\"2025-09-01T14:44:32+00:00\",\"breadcrumb\":{\"@id\":\"https:\/\/temporada-alta.com\/es\/venta-preferente\/#breadcrumb\"},\"inLanguage\":\"es\",\"potentialAction\":[{\"@type\":\"ReadAction\",\"target\":[\"https:\/\/temporada-alta.com\/es\/venta-preferente\/\"]}]},{\"@type\":\"ImageObject\",\"inLanguage\":\"es\",\"@id\":\"https:\/\/temporada-alta.com\/es\/venta-preferente\/#primaryimage\",\"url\":\"https:\/\/temporada-alta.com\/wp-content\/uploads\/3.png\",\"contentUrl\":\"https:\/\/temporada-alta.com\/wp-content\/uploads\/3.png\"},{\"@type\":\"BreadcrumbList\",\"@id\":\"https:\/\/temporada-alta.com\/es\/venta-preferente\/#breadcrumb\",\"itemListElement\":[{\"@type\":\"ListItem\",\"position\":1,\"name\":\"Inici\",\"item\":\"https:\/\/temporada-alta.com\/es\/\"},{\"@type\":\"ListItem\",\"position\":2,\"name\":\"La venta preferente para miembros de El Club\"}]},{\"@type\":\"WebSite\",\"@id\":\"https:\/\/temporada-alta.com\/es\/#website\",\"url\":\"https:\/\/temporada-alta.com\/es\/\",\"name\":\"Temporada Alta\",\"description\":\"Festival d&#039;Arts Esc\u00e8niques\",\"publisher\":{\"@id\":\"https:\/\/temporada-alta.com\/es\/#organization\"},\"potentialAction\":[{\"@type\":\"SearchAction\",\"target\":{\"@type\":\"EntryPoint\",\"urlTemplate\":\"https:\/\/temporada-alta.com\/es\/?s={search_term_string}\"},\"query-input\":{\"@type\":\"PropertyValueSpecification\",\"valueRequired\":true,\"valueName\":\"search_term_string\"}}],\"inLanguage\":\"es\"},{\"@type\":\"Organization\",\"@id\":\"https:\/\/temporada-alta.com\/es\/#organization\",\"name\":\"Temporada Alta\",\"url\":\"https:\/\/temporada-alta.com\/es\/\",\"logo\":{\"@type\":\"ImageObject\",\"inLanguage\":\"es\",\"@id\":\"https:\/\/temporada-alta.com\/es\/#\/schema\/logo\/image\/\",\"url\":\"https:\/\/temporada-alta.com\/wp-content\/uploads\/TA21-Logotip-pos.png\",\"contentUrl\":\"https:\/\/temporada-alta.com\/wp-content\/uploads\/TA21-Logotip-pos.png\",\"width\":800,\"height\":267,\"caption\":\"Temporada Alta\"},\"image\":{\"@id\":\"https:\/\/temporada-alta.com\/es\/#\/schema\/logo\/image\/\"}}]}<\/script>\n<!-- \/ Yoast SEO plugin. -->","yoast_head_json":{"title":"La venta preferente para miembros de El Club - Temporada Alta","robots":{"index":"index","follow":"follow","max-snippet":"max-snippet:-1","max-image-preview":"max-image-preview:large","max-video-preview":"max-video-preview:-1"},"canonical":"https:\/\/temporada-alta.com\/es\/venta-preferente\/","og_locale":"es_ES","og_type":"article","og_title":"La venta preferente para miembros de El Club - Temporada Alta","og_description":"Cu\u00e1ndo y c\u00f3mo comprar de manera preferente \u00bfCu\u00e1ndo? \u00bfC\u00f3mo? Los paquetes de entradas La venta preferente est\u00e1 pensada...","og_url":"https:\/\/temporada-alta.com\/es\/venta-preferente\/","og_site_name":"Temporada Alta","article_modified_time":"2025-09-01T14:44:32+00:00","og_image":[{"width":1000,"height":600,"url":"https:\/\/temporada-alta.com\/wp-content\/uploads\/3.png","type":"image\/png"}],"twitter_card":"summary_large_image","schema":{"@context":"https:\/\/schema.org","@graph":[{"@type":"WebPage","@id":"https:\/\/temporada-alta.com\/es\/venta-preferente\/","url":"https:\/\/temporada-alta.com\/es\/venta-preferente\/","name":"La venta preferente para miembros de El Club - Temporada Alta","isPartOf":{"@id":"https:\/\/temporada-alta.com\/es\/#website"},"primaryImageOfPage":{"@id":"https:\/\/temporada-alta.com\/es\/venta-preferente\/#primaryimage"},"image":{"@id":"https:\/\/temporada-alta.com\/es\/venta-preferente\/#primaryimage"},"thumbnailUrl":"https:\/\/temporada-alta.com\/wp-content\/uploads\/3.png","datePublished":"2024-11-06T16:14:20+00:00","dateModified":"2025-09-01T14:44:32+00:00","breadcrumb":{"@id":"https:\/\/temporada-alta.com\/es\/venta-preferente\/#breadcrumb"},"inLanguage":"es","potentialAction":[{"@type":"ReadAction","target":["https:\/\/temporada-alta.com\/es\/venta-preferente\/"]}]},{"@type":"ImageObject","inLanguage":"es","@id":"https:\/\/temporada-alta.com\/es\/venta-preferente\/#primaryimage","url":"https:\/\/temporada-alta.com\/wp-content\/uploads\/3.png","contentUrl":"https:\/\/temporada-alta.com\/wp-content\/uploads\/3.png"},{"@type":"BreadcrumbList","@id":"https:\/\/temporada-alta.com\/es\/venta-preferente\/#breadcrumb","itemListElement":[{"@type":"ListItem","position":1,"name":"Inici","item":"https:\/\/temporada-alta.com\/es\/"},{"@type":"ListItem","position":2,"name":"La venta preferente para miembros de El Club"}]},{"@type":"WebSite","@id":"https:\/\/temporada-alta.com\/es\/#website","url":"https:\/\/temporada-alta.com\/es\/","name":"Temporada Alta","description":"Festival d&#039;Arts Esc\u00e8niques","publisher":{"@id":"https:\/\/temporada-alta.com\/es\/#organization"},"potentialAction":[{"@type":"SearchAction","target":{"@type":"EntryPoint","urlTemplate":"https:\/\/temporada-alta.com\/es\/?s={search_term_string}"},"query-input":{"@type":"PropertyValueSpecification","valueRequired":true,"valueName":"search_term_string"}}],"inLanguage":"es"},{"@type":"Organization","@id":"https:\/\/temporada-alta.com\/es\/#organization","name":"Temporada Alta","url":"https:\/\/temporada-alta.com\/es\/","logo":{"@type":"ImageObject","inLanguage":"es","@id":"https:\/\/temporada-alta.com\/es\/#\/schema\/logo\/image\/","url":"https:\/\/temporada-alta.com\/wp-content\/uploads\/TA21-Logotip-pos.png","contentUrl":"https:\/\/temporada-alta.com\/wp-content\/uploads\/TA21-Logotip-pos.png","width":800,"height":267,"caption":"Temporada Alta"},"image":{"@id":"https:\/\/temporada-alta.com\/es\/#\/schema\/logo\/image\/"}}]}},"_links":{"self":[{"href":"https:\/\/temporada-alta.com\/es\/wp-json\/wp\/v2\/pages\/97914","targetHints":{"allow":["GET"]}}],"collection":[{"href":"https:\/\/temporada-alta.com\/es\/wp-json\/wp\/v2\/pages"}],"about":[{"href":"https:\/\/temporada-alta.com\/es\/wp-json\/wp\/v2\/types\/page"}],"author":[{"embeddable":true,"href":"https:\/\/temporada-alta.com\/es\/wp-json\/wp\/v2\/users\/35132"}],"replies":[{"embeddable":true,"href":"https:\/\/temporada-alta.com\/es\/wp-json\/wp\/v2\/comments?post=97914"}],"version-history":[{"count":5,"href":"https:\/\/temporada-alta.com\/es\/wp-json\/wp\/v2\/pages\/97914\/revisions"}],"predecessor-version":[{"id":105050,"href":"https:\/\/temporada-alta.com\/es\/wp-json\/wp\/v2\/pages\/97914\/revisions\/105050"}],"wp:attachment":[{"href":"https:\/\/temporada-alta.com\/es\/wp-json\/wp\/v2\/media?parent=97914"}],"curies":[{"name":"wp","href":"https:\/\/api.w.org\/{rel}","templated":true}]}}