{"id":97892,"date":"2024-11-06T12:59:51","date_gmt":"2024-11-06T11:59:51","guid":{"rendered":"https:\/\/temporada-alta.com\/?page_id=97892"},"modified":"2026-02-06T12:35:02","modified_gmt":"2026-02-06T11:35:02","slug":"accesibilidad-y-diversidad-funcional","status":"publish","type":"page","link":"https:\/\/temporada-alta.com\/es\/accesibilidad-y-diversidad-funcional\/","title":{"rendered":"Accesibilidad y Diversidad funcional"},"content":{"rendered":"<div id=\"modal-ready\">\n<h2 class=\"wp-block-heading has-text-align-center has-medium-font-size\">Una parte importante de la programaci\u00f3n de Temporada Alta es accesible a personas con diversidad funcional: espect\u00e1culos coreogr\u00e1ficos y visuales, obras con sobret\u00edtulos, m\u00fasica en directo, circo, teatro de objetos y otras propuestas que nos permiten abrir las puertas de Temporada Alta. Cada a\u00f1o clasificamos los espect\u00e1culos de la programaci\u00f3n con la voluntad de trazar itinerarios espec\u00edficos para p\u00fablicos diversos.<\/h2>\n\n\n\n<div class=\"wp-block-columns are-vertically-aligned-center is-layout-flex wp-container-core-columns-is-layout-7abde1fe wp-block-columns-is-layout-flex\" style=\"padding-top:var(--wp--preset--spacing--40);padding-bottom:var(--wp--preset--spacing--40)\">\n<div class=\"wp-block-column is-vertically-aligned-center is-layout-flow wp-block-column-is-layout-flow\">\n<h2 class=\"wp-block-heading\"><div class=\"site hfeed\" id=\"page\"><div id=\"content\" class=\"site-content\"><div id=\"ta-container\" class=\"uk-container \"><article id=\"post-4453\" class=\"uk-section gutenberg-ready post-4453 page type-page status-publish hentry\"><div id=\"modal-ready\"><div data-elementor-type=\"wp-post\" data-elementor-id=\"4453\" class=\"elementor elementor-4453 elementor-4451\" data-elementor-post-type=\"page\"><section class=\"elementor-section elementor-top-section elementor-element elementor-element-3de90254 landing elementor-section-boxed elementor-section-height-default elementor-section-height-default\" data-id=\"3de90254\" data-element_type=\"section\"><div class=\"elementor-container elementor-column-gap-default\"><div class=\"elementor-column elementor-col-50 elementor-top-column elementor-element elementor-element-4f471a7f\" data-id=\"4f471a7f\" data-element_type=\"column\"><div class=\"elementor-widget-wrap elementor-element-populated\"><div class=\"elementor-element elementor-element-25ef5b55 elementor-widget elementor-widget-heading\" data-id=\"25ef5b55\" data-element_type=\"widget\" data-widget_type=\"heading.default\"><div class=\"elementor-widget-container\"><h2 class=\"elementor-heading-title elementor-size-default\"><\/h2><h2 class=\"elementor-heading-title elementor-size-default\">Espect\u00e1culos visuales<\/h2><\/div><\/div><\/div><\/div><\/div><\/section><\/div><\/div><\/article><\/div><\/div><\/div><\/h2>\n\n\n\n<p>Ofrecemos espect\u00e1culos de danza, teatro visual, teatro de objetos, circo, obras con sobret\u00edtulos y m\u00e1s propuestas de artes esc\u00e9nicas que prescinden del texto o bien lo incluyen como elemento residual. En cada edici\u00f3n de Temporada Alta etiquetamos todos aquellos espect\u00e1culos aptos para personas con dificultades auditivas. Adem\u00e1s, algunas sedes y subsedes del festival est\u00e1n haciendo un esfuerzo para mejorar la accesibilidad para personas con diversidad auditiva, como, por ejemplo, el <a href=\"https:\/\/web2.girona.cat\/teatremunicipal\/cat\/accessibilitat_equipament.php\" target=\"_blank\" rel=\"noreferrer noopener\">Teatre Municipal de Girona<\/a> o el <a href=\"https:\/\/www.espaiter.cat\/ca\/accessibilitat-auditiva.html\" target=\"_blank\" rel=\"noreferrer noopener\">Auditori Teatre Espai Ter<\/a>,&nbsp; que cuentan con un sistema de bucle de inducci\u00f3n magn\u00e9tica que permite a las personas con aud\u00edfono o implante coclear escuchar mejor el sonido de los espect\u00e1culos y evitar los ruidos de fondos.&nbsp;<\/p>\n\n\n\n<div class=\"wp-block-buttons is-content-justification-center is-layout-flex wp-container-core-buttons-is-layout-a89b3969 wp-block-buttons-is-layout-flex\">\n<div class=\"wp-block-button\"><a class=\"wp-block-button__link has-black-color has-white-background-color has-text-color has-background has-link-color wp-element-button\" href=\"https:\/\/temporada-alta.com\/es\/etiquetes_internes\/visual-es\/\" style=\"border-width:1px\" target=\"_blank\" rel=\"noreferrer noopener\">propuestas visuales<\/a><\/div>\n<\/div>\n<\/div>\n\n\n\n<div class=\"wp-block-column is-vertically-aligned-center is-layout-flow wp-block-column-is-layout-flow\">\n<figure class=\"wp-block-image size-full\"><img loading=\"lazy\" decoding=\"async\" width=\"600\" height=\"354\" src=\"https:\/\/temporada-alta.com\/wp-content\/uploads\/birdie-rogercostavendrell.jpg\" alt=\"Birdie @ Roger Costa Vendrell\" class=\"wp-image-4470\" srcset=\"https:\/\/temporada-alta.com\/wp-content\/uploads\/birdie-rogercostavendrell.jpg 600w, https:\/\/temporada-alta.com\/wp-content\/uploads\/birdie-rogercostavendrell-300x177.jpg 300w\" sizes=\"auto, (max-width: 600px) 100vw, 600px\" \/><\/figure>\n<\/div>\n<\/div>\n\n\n\n<div class=\"wp-block-columns are-vertically-aligned-center is-layout-flex wp-container-core-columns-is-layout-7abde1fe wp-block-columns-is-layout-flex\" style=\"padding-top:var(--wp--preset--spacing--40);padding-bottom:var(--wp--preset--spacing--40)\">\n<div class=\"wp-block-column is-vertically-aligned-center is-layout-flow wp-block-column-is-layout-flow\">\n<figure class=\"wp-block-image size-full\"><img loading=\"lazy\" decoding=\"async\" width=\"600\" height=\"354\" src=\"https:\/\/temporada-alta.com\/wp-content\/uploads\/carrouseldesmoutons-geertbrams.jpg\" alt=\"Carrousel des moutons \u00a9 Geert Brams\" class=\"wp-image-4467\" srcset=\"https:\/\/temporada-alta.com\/wp-content\/uploads\/carrouseldesmoutons-geertbrams.jpg 600w, https:\/\/temporada-alta.com\/wp-content\/uploads\/carrouseldesmoutons-geertbrams-300x177.jpg 300w\" sizes=\"auto, (max-width: 600px) 100vw, 600px\" \/><\/figure>\n<\/div>\n\n\n\n<div class=\"wp-block-column is-vertically-aligned-center is-layout-flow wp-block-column-is-layout-flow\">\n<h2 class=\"wp-block-heading\"><strong>Espect\u00e1culos sonoros<\/strong><\/h2>\n\n\n\n<p>En Temporada Alta tambi\u00e9n programamos m\u00fasica en directo, espect\u00e1culos sonoros y espect\u00e1culos de teatro, danza o circo que tienen la m\u00fasica en directo como elemento principal. Para facilitar el acceso al Festival y abrirlo a todos los p\u00fablicos, cada a\u00f1o ofrecemos una selecci\u00f3n de espect\u00e1culos aptos para personas con dificultades visuales.<\/p>\n\n\n\n<div class=\"wp-block-buttons is-content-justification-center is-layout-flex wp-container-core-buttons-is-layout-a89b3969 wp-block-buttons-is-layout-flex\">\n<div class=\"wp-block-button\"><a class=\"wp-block-button__link has-black-color has-white-background-color has-text-color has-background has-link-color wp-element-button\" href=\"https:\/\/temporada-alta.com\/es\/etiquetes_internes\/sonoro\/\" style=\"border-width:1px\" target=\"_blank\" rel=\"noreferrer noopener\">propuestas sonoras<\/a><\/div>\n<\/div>\n<\/div>\n<\/div>\n\n\n\n<div class=\"wp-block-columns are-vertically-aligned-center is-layout-flex wp-container-core-columns-is-layout-7abde1fe wp-block-columns-is-layout-flex\" style=\"padding-top:var(--wp--preset--spacing--40);padding-bottom:var(--wp--preset--spacing--40)\">\n<div class=\"wp-block-column is-vertically-aligned-center is-layout-flow wp-block-column-is-layout-flow\">\n<h2 class=\"wp-block-heading\"><strong>Movilidad reducida<\/strong><\/h2>\n\n\n\n<p>Aunque los equipamientos oficiales del Festival est\u00e9n habilitados y sean accesibles para personas con movilidad reducida, algunos de los espect\u00e1culos se pueden representar en espacios singulares y comportar dificultades de acceso. A pesar de nuestra voluntad de abrir Temporada Alta Festival a todas aquellas personas con movilidad reducida, algunas propuestas art\u00edsticas concretas pueden ser restrictivas en este sentido.<\/p>\n\n\n\n<div class=\"wp-block-buttons is-content-justification-center is-layout-flex wp-container-core-buttons-is-layout-a89b3969 wp-block-buttons-is-layout-flex\">\n<div class=\"wp-block-button\"><a class=\"wp-block-button__link has-black-color has-white-background-color has-text-color has-background has-link-color wp-element-button\" href=\"https:\/\/temporada-alta.com\/es\/etiquetes_internes\/movilidad-reducida\/\" style=\"border-width:1px\" target=\"_blank\" rel=\"noreferrer noopener\">espect\u00e1culos con dificultad de acceso<\/a><\/div>\n<\/div>\n\n\n\n<div class=\"wp-block-buttons is-content-justification-center is-layout-flex wp-container-core-buttons-is-layout-a89b3969 wp-block-buttons-is-layout-flex\">\n<div class=\"wp-block-button\"><a class=\"wp-block-button__link has-black-color has-white-background-color has-text-color has-background has-link-color wp-element-button\" href=\"mailto:diversitatfuncional@bito.pro\" style=\"border-width:1px\" target=\"_blank\" rel=\"noreferrer noopener\">solicita tus entradas<\/a><\/div>\n<\/div>\n<\/div>\n\n\n\n<div class=\"wp-block-column is-vertically-aligned-center is-layout-flow wp-block-column-is-layout-flow\">\n<figure class=\"wp-block-image size-full\"><img loading=\"lazy\" decoding=\"async\" width=\"630\" height=\"372\" src=\"https:\/\/temporada-alta.com\/wp-content\/uploads\/EsmorzaAmbMi_c_SandraRoca-4.jpg\" alt=\"\" class=\"wp-image-4216\" srcset=\"https:\/\/temporada-alta.com\/wp-content\/uploads\/EsmorzaAmbMi_c_SandraRoca-4.jpg 630w, https:\/\/temporada-alta.com\/wp-content\/uploads\/EsmorzaAmbMi_c_SandraRoca-4-300x177.jpg 300w\" sizes=\"auto, (max-width: 630px) 100vw, 630px\" \/><\/figure>\n<\/div>\n<\/div>\n\n\n\n<div class=\"wp-block-columns are-vertically-aligned-center is-layout-flex wp-container-core-columns-is-layout-7abde1fe wp-block-columns-is-layout-flex\" style=\"padding-top:var(--wp--preset--spacing--40);padding-bottom:var(--wp--preset--spacing--40)\">\n<div class=\"wp-block-column is-vertically-aligned-center is-layout-flow wp-block-column-is-layout-flow\">\n<figure class=\"wp-block-image size-full\"><img loading=\"lazy\" decoding=\"async\" width=\"600\" height=\"354\" src=\"https:\/\/temporada-alta.com\/wp-content\/uploads\/carrouseldesmoutons-geertbrams.jpg\" alt=\"Carrousel des moutons \u00a9 Geert Brams\" class=\"wp-image-4467\" srcset=\"https:\/\/temporada-alta.com\/wp-content\/uploads\/carrouseldesmoutons-geertbrams.jpg 600w, https:\/\/temporada-alta.com\/wp-content\/uploads\/carrouseldesmoutons-geertbrams-300x177.jpg 300w\" sizes=\"auto, (max-width: 600px) 100vw, 600px\" \/><\/figure>\n<\/div>\n\n\n\n<div class=\"wp-block-column is-vertically-aligned-center is-layout-flow wp-block-column-is-layout-flow\">\n<h2 class=\"wp-block-heading\"><strong>Espect\u00e1culos con sobret\u00edtulos<\/strong><\/h2>\n\n\n\n<p>Ponemos sobret\u00edtulos en todos aquellos espect\u00e1culos que se representan con otros idiomas. Debido a nuestra voluntad de internacionalizaci\u00f3n de la escena catalana, durante la Semana de Programadores tambi\u00e9n ponemos sobret\u00edtulos en ingl\u00e9s y franc\u00e9s a los espect\u00e1culos de las compa\u00f1\u00edas catalanas.<br>Este es un servicio del cual se pueden beneficiar las personas con dificultades auditivas.<\/p>\n\n\n\n<div class=\"wp-block-buttons is-content-justification-center is-layout-flex wp-container-core-buttons-is-layout-a89b3969 wp-block-buttons-is-layout-flex\">\n<div class=\"wp-block-button\"><a class=\"wp-block-button__link has-black-color has-white-background-color has-text-color has-background has-link-color wp-element-button\" href=\"https:\/\/temporada-alta.com\/es\/events\/categoria\/etiquetas-internas\/sobretitulos\/\" style=\"border-width:1px\" target=\"_blank\" rel=\"noreferrer noopener\">propuestas con sobret\u00edtulos<\/a><\/div>\n<\/div>\n<\/div>\n<\/div>\n\n\n\n<h2 class=\"wp-block-heading has-text-align-center\"><strong>Descuentos<\/strong><\/h2>\n\n\n\n<p>Las personas con diversidad funcional pod\u00e9is optar a diversos descuentos:<\/p>\n\n\n\n<ul class=\"wp-block-list\">\n<li><strong>50%<\/strong> de descuento para personas con movilidad reducida y en silla de ruedas<\/li>\n<\/ul>\n\n\n\n<ul class=\"wp-block-list\">\n<li><strong>30% <\/strong>de descuento al acompa\u00f1ante de la persona con movilidad reducida \/ Descuento para 3 personas en el caso de que la persona con movilidad reducida o en silla de ruedas sea menor de edad<\/li>\n<\/ul>\n\n\n\n<ul class=\"wp-block-list\">\n<li><strong>15%<\/strong> de descuento para personas titulares de la tarjeta acreditativa de discapacidad<\/li>\n<\/ul>\n\n\n\n<p>*<em>Excepto en el caso de la tarjeta acreditativa de discapacidad, el resto de descuentos se deben adquirir directamente por tel\u00e9fono, de lunes a viernes y de 10 a 13h<\/em><\/p>\n\n\n\n<div class=\"wp-block-buttons is-content-justification-center is-layout-flex wp-container-core-buttons-is-layout-a89b3969 wp-block-buttons-is-layout-flex\">\n<div class=\"wp-block-button\"><a class=\"wp-block-button__link has-black-color has-white-background-color has-text-color has-background has-link-color wp-element-button\" href=\"https:\/\/temporada-alta.com\/es\/venta-de-entradas-y-descuentos\/\" style=\"border-width:1px\" target=\"_blank\" rel=\"noreferrer noopener\">pod\u00e9is consultar m\u00e1s informaci\u00f3n aqu\u00ed<\/a><\/div>\n<\/div>\n\n\n\n<p><\/p>\n<\/div>","protected":false},"excerpt":{"rendered":"<p>Una parte importante de la programaci\u00f3n de Temporada Alta es accesible a personas con diversidad funcional: espect\u00e1culos coreogr\u00e1ficos&#8230;<\/p>\n","protected":false},"author":35132,"featured_media":0,"parent":0,"menu_order":0,"comment_status":"closed","ping_status":"closed","template":"","meta":{"_acf_changed":false,"footnotes":""},"class_list":["post-97892","page","type-page","status-publish","hentry"],"acf":[],"yoast_head":"<!-- This site is optimized with the Yoast SEO plugin v27.0 - https:\/\/yoast.com\/product\/yoast-seo-wordpress\/ -->\n<title>Accesibilidad y Diversidad funcional - Temporada Alta<\/title>\n<meta name=\"robots\" content=\"index, follow, max-snippet:-1, max-image-preview:large, max-video-preview:-1\" \/>\n<link rel=\"canonical\" href=\"https:\/\/temporada-alta.com\/es\/accesibilidad-y-diversidad-funcional\/\" \/>\n<meta property=\"og:locale\" content=\"es_ES\" \/>\n<meta property=\"og:type\" content=\"article\" \/>\n<meta property=\"og:title\" content=\"Accesibilidad y Diversidad funcional - Temporada Alta\" \/>\n<meta property=\"og:description\" content=\"Una parte importante de la programaci\u00f3n de Temporada Alta es accesible a personas con diversidad funcional: espect\u00e1culos coreogr\u00e1ficos...\" \/>\n<meta property=\"og:url\" content=\"https:\/\/temporada-alta.com\/es\/accesibilidad-y-diversidad-funcional\/\" \/>\n<meta property=\"og:site_name\" content=\"Temporada Alta\" \/>\n<meta property=\"article:modified_time\" content=\"2026-02-06T11:35:02+00:00\" \/>\n<meta property=\"og:image\" content=\"https:\/\/temporada-alta.com\/wp-content\/uploads\/birdie-rogercostavendrell.jpg\" \/>\n\t<meta property=\"og:image:width\" content=\"600\" \/>\n\t<meta property=\"og:image:height\" content=\"354\" \/>\n\t<meta property=\"og:image:type\" content=\"image\/jpeg\" \/>\n<meta name=\"twitter:card\" content=\"summary_large_image\" \/>\n<script type=\"application\/ld+json\" class=\"yoast-schema-graph\">{\"@context\":\"https:\/\/schema.org\",\"@graph\":[{\"@type\":\"WebPage\",\"@id\":\"https:\/\/temporada-alta.com\/es\/accesibilidad-y-diversidad-funcional\/\",\"url\":\"https:\/\/temporada-alta.com\/es\/accesibilidad-y-diversidad-funcional\/\",\"name\":\"Accesibilidad y Diversidad funcional - Temporada Alta\",\"isPartOf\":{\"@id\":\"https:\/\/temporada-alta.com\/es\/#website\"},\"primaryImageOfPage\":{\"@id\":\"https:\/\/temporada-alta.com\/es\/accesibilidad-y-diversidad-funcional\/#primaryimage\"},\"image\":{\"@id\":\"https:\/\/temporada-alta.com\/es\/accesibilidad-y-diversidad-funcional\/#primaryimage\"},\"thumbnailUrl\":\"https:\/\/temporada-alta.com\/wp-content\/uploads\/birdie-rogercostavendrell.jpg\",\"datePublished\":\"2024-11-06T11:59:51+00:00\",\"dateModified\":\"2026-02-06T11:35:02+00:00\",\"breadcrumb\":{\"@id\":\"https:\/\/temporada-alta.com\/es\/accesibilidad-y-diversidad-funcional\/#breadcrumb\"},\"inLanguage\":\"es\",\"potentialAction\":[{\"@type\":\"ReadAction\",\"target\":[\"https:\/\/temporada-alta.com\/es\/accesibilidad-y-diversidad-funcional\/\"]}]},{\"@type\":\"ImageObject\",\"inLanguage\":\"es\",\"@id\":\"https:\/\/temporada-alta.com\/es\/accesibilidad-y-diversidad-funcional\/#primaryimage\",\"url\":\"https:\/\/temporada-alta.com\/wp-content\/uploads\/birdie-rogercostavendrell.jpg\",\"contentUrl\":\"https:\/\/temporada-alta.com\/wp-content\/uploads\/birdie-rogercostavendrell.jpg\"},{\"@type\":\"BreadcrumbList\",\"@id\":\"https:\/\/temporada-alta.com\/es\/accesibilidad-y-diversidad-funcional\/#breadcrumb\",\"itemListElement\":[{\"@type\":\"ListItem\",\"position\":1,\"name\":\"Inici\",\"item\":\"https:\/\/temporada-alta.com\/es\/\"},{\"@type\":\"ListItem\",\"position\":2,\"name\":\"Accesibilidad y Diversidad funcional\"}]},{\"@type\":\"WebSite\",\"@id\":\"https:\/\/temporada-alta.com\/es\/#website\",\"url\":\"https:\/\/temporada-alta.com\/es\/\",\"name\":\"Temporada Alta\",\"description\":\"Festival d&#039;Arts Esc\u00e8niques\",\"publisher\":{\"@id\":\"https:\/\/temporada-alta.com\/es\/#organization\"},\"potentialAction\":[{\"@type\":\"SearchAction\",\"target\":{\"@type\":\"EntryPoint\",\"urlTemplate\":\"https:\/\/temporada-alta.com\/es\/?s={search_term_string}\"},\"query-input\":{\"@type\":\"PropertyValueSpecification\",\"valueRequired\":true,\"valueName\":\"search_term_string\"}}],\"inLanguage\":\"es\"},{\"@type\":\"Organization\",\"@id\":\"https:\/\/temporada-alta.com\/es\/#organization\",\"name\":\"Temporada Alta\",\"url\":\"https:\/\/temporada-alta.com\/es\/\",\"logo\":{\"@type\":\"ImageObject\",\"inLanguage\":\"es\",\"@id\":\"https:\/\/temporada-alta.com\/es\/#\/schema\/logo\/image\/\",\"url\":\"https:\/\/temporada-alta.com\/wp-content\/uploads\/TA21-Logotip-pos.png\",\"contentUrl\":\"https:\/\/temporada-alta.com\/wp-content\/uploads\/TA21-Logotip-pos.png\",\"width\":800,\"height\":267,\"caption\":\"Temporada Alta\"},\"image\":{\"@id\":\"https:\/\/temporada-alta.com\/es\/#\/schema\/logo\/image\/\"}}]}<\/script>\n<!-- \/ Yoast SEO plugin. -->","yoast_head_json":{"title":"Accesibilidad y Diversidad funcional - Temporada Alta","robots":{"index":"index","follow":"follow","max-snippet":"max-snippet:-1","max-image-preview":"max-image-preview:large","max-video-preview":"max-video-preview:-1"},"canonical":"https:\/\/temporada-alta.com\/es\/accesibilidad-y-diversidad-funcional\/","og_locale":"es_ES","og_type":"article","og_title":"Accesibilidad y Diversidad funcional - Temporada Alta","og_description":"Una parte importante de la programaci\u00f3n de Temporada Alta es accesible a personas con diversidad funcional: espect\u00e1culos coreogr\u00e1ficos...","og_url":"https:\/\/temporada-alta.com\/es\/accesibilidad-y-diversidad-funcional\/","og_site_name":"Temporada Alta","article_modified_time":"2026-02-06T11:35:02+00:00","og_image":[{"width":600,"height":354,"url":"https:\/\/temporada-alta.com\/wp-content\/uploads\/birdie-rogercostavendrell.jpg","type":"image\/jpeg"}],"twitter_card":"summary_large_image","schema":{"@context":"https:\/\/schema.org","@graph":[{"@type":"WebPage","@id":"https:\/\/temporada-alta.com\/es\/accesibilidad-y-diversidad-funcional\/","url":"https:\/\/temporada-alta.com\/es\/accesibilidad-y-diversidad-funcional\/","name":"Accesibilidad y Diversidad funcional - Temporada Alta","isPartOf":{"@id":"https:\/\/temporada-alta.com\/es\/#website"},"primaryImageOfPage":{"@id":"https:\/\/temporada-alta.com\/es\/accesibilidad-y-diversidad-funcional\/#primaryimage"},"image":{"@id":"https:\/\/temporada-alta.com\/es\/accesibilidad-y-diversidad-funcional\/#primaryimage"},"thumbnailUrl":"https:\/\/temporada-alta.com\/wp-content\/uploads\/birdie-rogercostavendrell.jpg","datePublished":"2024-11-06T11:59:51+00:00","dateModified":"2026-02-06T11:35:02+00:00","breadcrumb":{"@id":"https:\/\/temporada-alta.com\/es\/accesibilidad-y-diversidad-funcional\/#breadcrumb"},"inLanguage":"es","potentialAction":[{"@type":"ReadAction","target":["https:\/\/temporada-alta.com\/es\/accesibilidad-y-diversidad-funcional\/"]}]},{"@type":"ImageObject","inLanguage":"es","@id":"https:\/\/temporada-alta.com\/es\/accesibilidad-y-diversidad-funcional\/#primaryimage","url":"https:\/\/temporada-alta.com\/wp-content\/uploads\/birdie-rogercostavendrell.jpg","contentUrl":"https:\/\/temporada-alta.com\/wp-content\/uploads\/birdie-rogercostavendrell.jpg"},{"@type":"BreadcrumbList","@id":"https:\/\/temporada-alta.com\/es\/accesibilidad-y-diversidad-funcional\/#breadcrumb","itemListElement":[{"@type":"ListItem","position":1,"name":"Inici","item":"https:\/\/temporada-alta.com\/es\/"},{"@type":"ListItem","position":2,"name":"Accesibilidad y Diversidad funcional"}]},{"@type":"WebSite","@id":"https:\/\/temporada-alta.com\/es\/#website","url":"https:\/\/temporada-alta.com\/es\/","name":"Temporada Alta","description":"Festival d&#039;Arts Esc\u00e8niques","publisher":{"@id":"https:\/\/temporada-alta.com\/es\/#organization"},"potentialAction":[{"@type":"SearchAction","target":{"@type":"EntryPoint","urlTemplate":"https:\/\/temporada-alta.com\/es\/?s={search_term_string}"},"query-input":{"@type":"PropertyValueSpecification","valueRequired":true,"valueName":"search_term_string"}}],"inLanguage":"es"},{"@type":"Organization","@id":"https:\/\/temporada-alta.com\/es\/#organization","name":"Temporada Alta","url":"https:\/\/temporada-alta.com\/es\/","logo":{"@type":"ImageObject","inLanguage":"es","@id":"https:\/\/temporada-alta.com\/es\/#\/schema\/logo\/image\/","url":"https:\/\/temporada-alta.com\/wp-content\/uploads\/TA21-Logotip-pos.png","contentUrl":"https:\/\/temporada-alta.com\/wp-content\/uploads\/TA21-Logotip-pos.png","width":800,"height":267,"caption":"Temporada Alta"},"image":{"@id":"https:\/\/temporada-alta.com\/es\/#\/schema\/logo\/image\/"}}]}},"_links":{"self":[{"href":"https:\/\/temporada-alta.com\/es\/wp-json\/wp\/v2\/pages\/97892","targetHints":{"allow":["GET"]}}],"collection":[{"href":"https:\/\/temporada-alta.com\/es\/wp-json\/wp\/v2\/pages"}],"about":[{"href":"https:\/\/temporada-alta.com\/es\/wp-json\/wp\/v2\/types\/page"}],"author":[{"embeddable":true,"href":"https:\/\/temporada-alta.com\/es\/wp-json\/wp\/v2\/users\/35132"}],"replies":[{"embeddable":true,"href":"https:\/\/temporada-alta.com\/es\/wp-json\/wp\/v2\/comments?post=97892"}],"version-history":[{"count":4,"href":"https:\/\/temporada-alta.com\/es\/wp-json\/wp\/v2\/pages\/97892\/revisions"}],"predecessor-version":[{"id":114827,"href":"https:\/\/temporada-alta.com\/es\/wp-json\/wp\/v2\/pages\/97892\/revisions\/114827"}],"wp:attachment":[{"href":"https:\/\/temporada-alta.com\/es\/wp-json\/wp\/v2\/media?parent=97892"}],"curies":[{"name":"wp","href":"https:\/\/api.w.org\/{rel}","templated":true}]}}