{"id":97175,"date":"2024-09-25T14:11:57","date_gmt":"2024-09-25T12:11:57","guid":{"rendered":"https:\/\/temporada-alta.com\/?page_id=97175"},"modified":"2025-08-06T08:48:28","modified_gmt":"2025-08-06T06:48:28","slug":"incondicionales","status":"publish","type":"page","link":"https:\/\/temporada-alta.com\/es\/incondicionales\/","title":{"rendered":"Incondicionales"},"content":{"rendered":"<div id=\"modal-ready\">\n<div class=\"wp-block-columns are-vertically-aligned-center is-layout-flex wp-container-core-columns-is-layout-7abde1fe wp-block-columns-is-layout-flex\" style=\"padding-top:var(--wp--preset--spacing--40);padding-bottom:var(--wp--preset--spacing--40)\">\n<div class=\"wp-block-column is-vertically-aligned-center is-layout-flow wp-block-column-is-layout-flow\">\n<h2 class=\"wp-block-heading\">El Club La Ciutat Invisible<\/h2>\n\n\n\n<p><\/p>\n\n\n\n<p>Ofrecemos la posibilidad de formar parte de un club de espectadores de La Fundaci\u00f3n La Ciutat Invisible estrechamente vinculado a Temporada Alta. Pertenecer a El Club permite disfrutar de una serie de ventajas: compra preferente de entradas para Temporada Alta, invitaciones a ensayos abiertos o pre-estrenas, descuentos en el precio de las entradas, encuentros con artistas y compa\u00f1\u00edas (posfunciones, conversaciones, presentaciones, talleres de espectadores\u2026).<br>Los espectadores de El Club dejan de ser simples consumidores culturales para convertirse en agentes activos. Adem\u00e1s de disfrutar de ventajas y propuestas exclusivas, los miembros de El Club participan de un nuevo modelo cultural que tiene en cuenta sus opiniones, propuestas y sugerencias.<\/p>\n\n\n\n<div class=\"wp-block-buttons is-content-justification-center is-layout-flex wp-container-core-buttons-is-layout-a89b3969 wp-block-buttons-is-layout-flex\">\n<div class=\"wp-block-button\"><a class=\"wp-block-button__link has-dark-gray-color has-white-background-color has-text-color has-background has-link-color wp-element-button\" href=\"https:\/\/www.ciutatinvisible.org\/es\/projectes\/el-club\/\" style=\"border-width:1px\" target=\"_blank\" rel=\"noreferrer noopener\">m\u00e1s informaci\u00f3n<\/a><\/div>\n<\/div>\n<\/div>\n\n\n\n<div class=\"wp-block-column is-vertically-aligned-center is-layout-flow wp-block-column-is-layout-flow\">\n<figure class=\"wp-block-image size-full\"><img loading=\"lazy\" decoding=\"async\" width=\"600\" height=\"354\" src=\"https:\/\/temporada-alta.com\/wp-content\/uploads\/el-club-1.jpg\" alt=\"\" class=\"wp-image-4120\" srcset=\"https:\/\/temporada-alta.com\/wp-content\/uploads\/el-club-1.jpg 600w, https:\/\/temporada-alta.com\/wp-content\/uploads\/el-club-1-300x177.jpg 300w\" sizes=\"auto, (max-width: 600px) 100vw, 600px\" \/><\/figure>\n<\/div>\n<\/div>\n\n\n\n<div class=\"wp-block-columns are-vertically-aligned-center is-layout-flex wp-container-core-columns-is-layout-7abde1fe wp-block-columns-is-layout-flex\" style=\"padding-top:var(--wp--preset--spacing--40);padding-bottom:var(--wp--preset--spacing--40)\">\n<div class=\"wp-block-column is-vertically-aligned-center is-layout-flow wp-block-column-is-layout-flow\">\n<figure class=\"wp-block-image size-full\"><img loading=\"lazy\" decoding=\"async\" width=\"600\" height=\"354\" src=\"https:\/\/temporada-alta.com\/wp-content\/uploads\/llibra\u0300legs.jpg\" alt=\"\" class=\"wp-image-4126\" srcset=\"https:\/\/temporada-alta.com\/wp-content\/uploads\/llibra\u0300legs.jpg 600w, https:\/\/temporada-alta.com\/wp-content\/uploads\/llibra\u0300legs-300x177.jpg 300w\" sizes=\"auto, (max-width: 600px) 100vw, 600px\" \/><\/figure>\n<\/div>\n\n\n\n<div class=\"wp-block-column is-vertically-aligned-center is-layout-flow wp-block-column-is-layout-flow\">\n<h2 class=\"wp-block-heading\">Actividades en bibliotecas<\/h2>\n\n\n\n<p>Impulsamos un programa de actividades para llevar el teatro a las bibliotecas, para trasladar Temporada Alta en espacios menos convencionales aunque de referencia para la ciudadan\u00eda. En este sentido han ido surgiendo diversas iniciativas: charlas, presentaciones, clubs de lectura \u2026 De manera conjunta con las bibliotecas p\u00fablicas de Girona organizamos clubs de lectura sobre textos teatrales y facilitamos encuentros entre estos grupos y miembros de los equipos art\u00edsticos de los montajes.<\/p>\n<\/div>\n<\/div>\n\n\n\n<div class=\"wp-block-columns are-vertically-aligned-center is-layout-flex wp-container-core-columns-is-layout-7abde1fe wp-block-columns-is-layout-flex\" style=\"padding-top:var(--wp--preset--spacing--40);padding-bottom:var(--wp--preset--spacing--40)\">\n<div class=\"wp-block-column is-vertically-aligned-center is-layout-flow wp-block-column-is-layout-flow\">\n<h2 class=\"wp-block-heading\">Participa<\/h2>\n\n\n\n<p>Queremos estar cerca de los espectadores, convertirlos en agentes activos del Festival e implicarlos en otros \u00e1mbitos de la experiencia esc\u00e9nica: procesos de creaci\u00f3n, organizaci\u00f3n y producci\u00f3n de eventos culturales, participaci\u00f3n en la programaci\u00f3n, difusi\u00f3n y prescripci\u00f3n de espect\u00e1culos\u2026 Consideramos a los espectadores como parte activa de la programaci\u00f3n, como observadores y creadores de relatos y opini\u00f3n, y no como simples consumidores. Por esta raz\u00f3n abrimos las puertas a varias formas de participaci\u00f3n ciudadana: programamos espect\u00e1culos que piden la colaboraci\u00f3n de los espectadores, ofrecemos herramientas y din\u00e1micas de valoraci\u00f3n de los espect\u00e1culos post-funci\u00f3n, abrimos canales de reflexi\u00f3n y opini\u00f3n a trav\u00e9s de redes sociales\u2026 Adem\u00e1s, contamos con la colaboraci\u00f3n de <strong>voluntarios y voluntarias<\/strong> que participan en tareas de apoyo a la comunicaci\u00f3n, la producci\u00f3n y el mecenazgo<\/p>\n\n\n\n<div class=\"wp-block-buttons is-content-justification-center is-layout-flex wp-container-core-buttons-is-layout-a89b3969 wp-block-buttons-is-layout-flex\">\n<div class=\"wp-block-button\"><a class=\"wp-block-button__link has-dark-gray-color has-white-background-color has-text-color has-background has-link-color wp-element-button\" href=\"https:\/\/temporada-alta.com\/es\/voluntariado\/\" style=\"border-width:1px\">p\u00e1gina de voluntarios<\/a><\/div>\n<\/div>\n<\/div>\n\n\n\n<div class=\"wp-block-column is-vertically-aligned-center is-layout-flow wp-block-column-is-layout-flow\">\n<figure class=\"wp-block-image size-full\"><img loading=\"lazy\" decoding=\"async\" width=\"600\" height=\"354\" src=\"https:\/\/temporada-alta.com\/wp-content\/uploads\/participa.jpg\" alt=\"\" class=\"wp-image-4129\" srcset=\"https:\/\/temporada-alta.com\/wp-content\/uploads\/participa.jpg 600w, https:\/\/temporada-alta.com\/wp-content\/uploads\/participa-300x177.jpg 300w\" sizes=\"auto, (max-width: 600px) 100vw, 600px\" \/><\/figure>\n<\/div>\n<\/div>\n\n\n\n<div class=\"wp-block-columns are-vertically-aligned-center is-layout-flex wp-container-core-columns-is-layout-7abde1fe wp-block-columns-is-layout-flex\" style=\"padding-top:var(--wp--preset--spacing--40);padding-bottom:var(--wp--preset--spacing--40)\">\n<div class=\"wp-block-column is-vertically-aligned-center is-layout-flow wp-block-column-is-layout-flow\">\n<p><strong>Ets estudiant i vols realitzar les pr\u00e0ctiques amb nosaltres<\/strong>? Nom\u00e9s ens has d\u2019escriure un correu &nbsp;i indicar que est\u00e0s interessat\/da en realitzar les pr\u00e0ctiques a Temporada Alta, espec\u00edficant qu\u00e8 estudies i en quin departament t\u2019agradaria realitzar-les.&nbsp;<\/p>\n<\/div>\n\n\n\n<div class=\"wp-block-column is-vertically-aligned-center is-layout-flow wp-block-column-is-layout-flow\">\n<div class=\"wp-block-buttons is-content-justification-center is-layout-flex wp-container-core-buttons-is-layout-a89b3969 wp-block-buttons-is-layout-flex\">\n<div class=\"wp-block-button\"><a class=\"wp-block-button__link has-dark-gray-color has-white-background-color has-text-color has-background has-link-color wp-element-button\" href=\"mailto:info@temporada-alta.com\" style=\"border-width:1px\" target=\"_blank\" rel=\"noreferrer noopener\">quiero hacer pr\u00e1cticas en temporada alta<\/a><\/div>\n<\/div>\n<\/div>\n<\/div>\n\n\n\n<div class=\"wp-block-columns are-vertically-aligned-center is-layout-flex wp-container-core-columns-is-layout-7abde1fe wp-block-columns-is-layout-flex\" style=\"padding-top:var(--wp--preset--spacing--40);padding-bottom:var(--wp--preset--spacing--40)\">\n<div class=\"wp-block-column is-vertically-aligned-center is-layout-flow wp-block-column-is-layout-flow\">\n<figure class=\"wp-block-image size-large\"><img loading=\"lazy\" decoding=\"async\" width=\"1200\" height=\"709\" src=\"https:\/\/temporada-alta.com\/wp-content\/uploads\/\/Les-irresponsables-6_c_Silvia-Poch-1200x709.jpg\" alt=\"\u00a9S\u00edlvia Poch\" class=\"wp-image-74271\" srcset=\"https:\/\/temporada-alta.com\/wp-content\/uploads\/Les-irresponsables-6_c_Silvia-Poch-1200x709.jpg 1200w, https:\/\/temporada-alta.com\/wp-content\/uploads\/Les-irresponsables-6_c_Silvia-Poch-630x372.jpg 630w, https:\/\/temporada-alta.com\/wp-content\/uploads\/Les-irresponsables-6_c_Silvia-Poch-768x453.jpg 768w, https:\/\/temporada-alta.com\/wp-content\/uploads\/Les-irresponsables-6_c_Silvia-Poch.jpg 1260w\" sizes=\"auto, (max-width: 1200px) 100vw, 1200px\" \/><\/figure>\n<\/div>\n\n\n\n<div class=\"wp-block-column is-vertically-aligned-center is-layout-flow wp-block-column-is-layout-flow\">\n<h2 class=\"wp-block-heading\">Male\u00efts dilluns!<\/h2>\n\n\n\n<p>Con Temporada Alta, los lunes pasar\u00e1n a ser d\u00edas especiales. Te ofrecemos el paliativo perfecto para la vuelta a la rutina: cada semana, a partir de las 10 h del lunes, se activar\u00e1 un descuento jugoso para uno de los espect\u00e1culos destacados de la semana. Para acceder a estos descuentos deber\u00e1s estar registrado en Zona personal, el espacio personal de la web de Temporada Alta. Las promociones se adaptar\u00e1n a tu perfil y intereses. \u00a1Estate atento y no los dejes escapar!<\/p>\n\n\n\n<div class=\"wp-block-buttons is-layout-flex wp-block-buttons-is-layout-flex\">\n<div class=\"wp-block-button\"><a class=\"wp-block-button__link has-dark-gray-color has-white-background-color has-text-color has-background has-link-color wp-element-button\" href=\"https:\/\/temporada-alta.com\/es\/register\/\" style=\"border-width:1px\" target=\"_blank\" rel=\"noreferrer noopener\">reg\u00edstrate  para disfrutar de la compra de entradas al mejor precio<\/a><\/div>\n<\/div>\n<\/div>\n<\/div>\n\n\n\n<p><\/p>\n<\/div>","protected":false},"excerpt":{"rendered":"<p>El Club La Ciutat Invisible Ofrecemos la posibilidad de formar parte de un club de espectadores de La&#8230;<\/p>\n","protected":false},"author":35132,"featured_media":0,"parent":0,"menu_order":0,"comment_status":"closed","ping_status":"closed","template":"","meta":{"_acf_changed":false,"footnotes":""},"class_list":["post-97175","page","type-page","status-publish","hentry"],"acf":[],"yoast_head":"<!-- This site is optimized with the Yoast SEO plugin v27.0 - https:\/\/yoast.com\/product\/yoast-seo-wordpress\/ -->\n<title>Incondicionales - Temporada Alta<\/title>\n<meta name=\"robots\" content=\"index, follow, max-snippet:-1, max-image-preview:large, max-video-preview:-1\" \/>\n<link rel=\"canonical\" href=\"https:\/\/temporada-alta.com\/es\/incondicionales\/\" \/>\n<meta property=\"og:locale\" content=\"es_ES\" \/>\n<meta property=\"og:type\" content=\"article\" \/>\n<meta property=\"og:title\" content=\"Incondicionales - Temporada Alta\" \/>\n<meta property=\"og:description\" content=\"El Club La Ciutat Invisible Ofrecemos la posibilidad de formar parte de un club de espectadores de La...\" \/>\n<meta property=\"og:url\" content=\"https:\/\/temporada-alta.com\/es\/incondicionales\/\" \/>\n<meta property=\"og:site_name\" content=\"Temporada Alta\" \/>\n<meta property=\"article:modified_time\" content=\"2025-08-06T06:48:28+00:00\" \/>\n<meta property=\"og:image\" content=\"https:\/\/temporada-alta.com\/wp-content\/uploads\/el-club-1.jpg\" \/>\n\t<meta property=\"og:image:width\" content=\"600\" \/>\n\t<meta property=\"og:image:height\" content=\"354\" \/>\n\t<meta property=\"og:image:type\" content=\"image\/jpeg\" \/>\n<meta name=\"twitter:card\" content=\"summary_large_image\" \/>\n<script type=\"application\/ld+json\" class=\"yoast-schema-graph\">{\"@context\":\"https:\/\/schema.org\",\"@graph\":[{\"@type\":\"WebPage\",\"@id\":\"https:\/\/temporada-alta.com\/es\/incondicionales\/\",\"url\":\"https:\/\/temporada-alta.com\/es\/incondicionales\/\",\"name\":\"Incondicionales - Temporada Alta\",\"isPartOf\":{\"@id\":\"https:\/\/temporada-alta.com\/es\/#website\"},\"primaryImageOfPage\":{\"@id\":\"https:\/\/temporada-alta.com\/es\/incondicionales\/#primaryimage\"},\"image\":{\"@id\":\"https:\/\/temporada-alta.com\/es\/incondicionales\/#primaryimage\"},\"thumbnailUrl\":\"https:\/\/temporada-alta.com\/wp-content\/uploads\/el-club-1.jpg\",\"datePublished\":\"2024-09-25T12:11:57+00:00\",\"dateModified\":\"2025-08-06T06:48:28+00:00\",\"breadcrumb\":{\"@id\":\"https:\/\/temporada-alta.com\/es\/incondicionales\/#breadcrumb\"},\"inLanguage\":\"es\",\"potentialAction\":[{\"@type\":\"ReadAction\",\"target\":[\"https:\/\/temporada-alta.com\/es\/incondicionales\/\"]}]},{\"@type\":\"ImageObject\",\"inLanguage\":\"es\",\"@id\":\"https:\/\/temporada-alta.com\/es\/incondicionales\/#primaryimage\",\"url\":\"https:\/\/temporada-alta.com\/wp-content\/uploads\/el-club-1.jpg\",\"contentUrl\":\"https:\/\/temporada-alta.com\/wp-content\/uploads\/el-club-1.jpg\"},{\"@type\":\"BreadcrumbList\",\"@id\":\"https:\/\/temporada-alta.com\/es\/incondicionales\/#breadcrumb\",\"itemListElement\":[{\"@type\":\"ListItem\",\"position\":1,\"name\":\"Inici\",\"item\":\"https:\/\/temporada-alta.com\/es\/\"},{\"@type\":\"ListItem\",\"position\":2,\"name\":\"Incondicionales\"}]},{\"@type\":\"WebSite\",\"@id\":\"https:\/\/temporada-alta.com\/es\/#website\",\"url\":\"https:\/\/temporada-alta.com\/es\/\",\"name\":\"Temporada Alta\",\"description\":\"Festival d&#039;Arts Esc\u00e8niques\",\"publisher\":{\"@id\":\"https:\/\/temporada-alta.com\/es\/#organization\"},\"potentialAction\":[{\"@type\":\"SearchAction\",\"target\":{\"@type\":\"EntryPoint\",\"urlTemplate\":\"https:\/\/temporada-alta.com\/es\/?s={search_term_string}\"},\"query-input\":{\"@type\":\"PropertyValueSpecification\",\"valueRequired\":true,\"valueName\":\"search_term_string\"}}],\"inLanguage\":\"es\"},{\"@type\":\"Organization\",\"@id\":\"https:\/\/temporada-alta.com\/es\/#organization\",\"name\":\"Temporada Alta\",\"url\":\"https:\/\/temporada-alta.com\/es\/\",\"logo\":{\"@type\":\"ImageObject\",\"inLanguage\":\"es\",\"@id\":\"https:\/\/temporada-alta.com\/es\/#\/schema\/logo\/image\/\",\"url\":\"https:\/\/temporada-alta.com\/wp-content\/uploads\/TA21-Logotip-pos.png\",\"contentUrl\":\"https:\/\/temporada-alta.com\/wp-content\/uploads\/TA21-Logotip-pos.png\",\"width\":800,\"height\":267,\"caption\":\"Temporada Alta\"},\"image\":{\"@id\":\"https:\/\/temporada-alta.com\/es\/#\/schema\/logo\/image\/\"}}]}<\/script>\n<!-- \/ Yoast SEO plugin. -->","yoast_head_json":{"title":"Incondicionales - Temporada Alta","robots":{"index":"index","follow":"follow","max-snippet":"max-snippet:-1","max-image-preview":"max-image-preview:large","max-video-preview":"max-video-preview:-1"},"canonical":"https:\/\/temporada-alta.com\/es\/incondicionales\/","og_locale":"es_ES","og_type":"article","og_title":"Incondicionales - Temporada Alta","og_description":"El Club La Ciutat Invisible Ofrecemos la posibilidad de formar parte de un club de espectadores de La...","og_url":"https:\/\/temporada-alta.com\/es\/incondicionales\/","og_site_name":"Temporada Alta","article_modified_time":"2025-08-06T06:48:28+00:00","og_image":[{"width":600,"height":354,"url":"https:\/\/temporada-alta.com\/wp-content\/uploads\/el-club-1.jpg","type":"image\/jpeg"}],"twitter_card":"summary_large_image","schema":{"@context":"https:\/\/schema.org","@graph":[{"@type":"WebPage","@id":"https:\/\/temporada-alta.com\/es\/incondicionales\/","url":"https:\/\/temporada-alta.com\/es\/incondicionales\/","name":"Incondicionales - Temporada Alta","isPartOf":{"@id":"https:\/\/temporada-alta.com\/es\/#website"},"primaryImageOfPage":{"@id":"https:\/\/temporada-alta.com\/es\/incondicionales\/#primaryimage"},"image":{"@id":"https:\/\/temporada-alta.com\/es\/incondicionales\/#primaryimage"},"thumbnailUrl":"https:\/\/temporada-alta.com\/wp-content\/uploads\/el-club-1.jpg","datePublished":"2024-09-25T12:11:57+00:00","dateModified":"2025-08-06T06:48:28+00:00","breadcrumb":{"@id":"https:\/\/temporada-alta.com\/es\/incondicionales\/#breadcrumb"},"inLanguage":"es","potentialAction":[{"@type":"ReadAction","target":["https:\/\/temporada-alta.com\/es\/incondicionales\/"]}]},{"@type":"ImageObject","inLanguage":"es","@id":"https:\/\/temporada-alta.com\/es\/incondicionales\/#primaryimage","url":"https:\/\/temporada-alta.com\/wp-content\/uploads\/el-club-1.jpg","contentUrl":"https:\/\/temporada-alta.com\/wp-content\/uploads\/el-club-1.jpg"},{"@type":"BreadcrumbList","@id":"https:\/\/temporada-alta.com\/es\/incondicionales\/#breadcrumb","itemListElement":[{"@type":"ListItem","position":1,"name":"Inici","item":"https:\/\/temporada-alta.com\/es\/"},{"@type":"ListItem","position":2,"name":"Incondicionales"}]},{"@type":"WebSite","@id":"https:\/\/temporada-alta.com\/es\/#website","url":"https:\/\/temporada-alta.com\/es\/","name":"Temporada Alta","description":"Festival d&#039;Arts Esc\u00e8niques","publisher":{"@id":"https:\/\/temporada-alta.com\/es\/#organization"},"potentialAction":[{"@type":"SearchAction","target":{"@type":"EntryPoint","urlTemplate":"https:\/\/temporada-alta.com\/es\/?s={search_term_string}"},"query-input":{"@type":"PropertyValueSpecification","valueRequired":true,"valueName":"search_term_string"}}],"inLanguage":"es"},{"@type":"Organization","@id":"https:\/\/temporada-alta.com\/es\/#organization","name":"Temporada Alta","url":"https:\/\/temporada-alta.com\/es\/","logo":{"@type":"ImageObject","inLanguage":"es","@id":"https:\/\/temporada-alta.com\/es\/#\/schema\/logo\/image\/","url":"https:\/\/temporada-alta.com\/wp-content\/uploads\/TA21-Logotip-pos.png","contentUrl":"https:\/\/temporada-alta.com\/wp-content\/uploads\/TA21-Logotip-pos.png","width":800,"height":267,"caption":"Temporada Alta"},"image":{"@id":"https:\/\/temporada-alta.com\/es\/#\/schema\/logo\/image\/"}}]}},"_links":{"self":[{"href":"https:\/\/temporada-alta.com\/es\/wp-json\/wp\/v2\/pages\/97175","targetHints":{"allow":["GET"]}}],"collection":[{"href":"https:\/\/temporada-alta.com\/es\/wp-json\/wp\/v2\/pages"}],"about":[{"href":"https:\/\/temporada-alta.com\/es\/wp-json\/wp\/v2\/types\/page"}],"author":[{"embeddable":true,"href":"https:\/\/temporada-alta.com\/es\/wp-json\/wp\/v2\/users\/35132"}],"replies":[{"embeddable":true,"href":"https:\/\/temporada-alta.com\/es\/wp-json\/wp\/v2\/comments?post=97175"}],"version-history":[{"count":5,"href":"https:\/\/temporada-alta.com\/es\/wp-json\/wp\/v2\/pages\/97175\/revisions"}],"predecessor-version":[{"id":103030,"href":"https:\/\/temporada-alta.com\/es\/wp-json\/wp\/v2\/pages\/97175\/revisions\/103030"}],"wp:attachment":[{"href":"https:\/\/temporada-alta.com\/es\/wp-json\/wp\/v2\/media?parent=97175"}],"curies":[{"name":"wp","href":"https:\/\/api.w.org\/{rel}","templated":true}]}}