{"id":97172,"date":"2024-09-23T14:19:20","date_gmt":"2024-09-23T12:19:20","guid":{"rendered":"https:\/\/temporada-alta.com\/?page_id=97172"},"modified":"2026-03-03T00:33:41","modified_gmt":"2026-03-02T23:33:41","slug":"jovenes","status":"publish","type":"page","link":"https:\/\/temporada-alta.com\/es\/jovenes\/","title":{"rendered":"J\u00f3venes"},"content":{"rendered":"<div id=\"modal-ready\">\n<div class=\"wp-block-buttons is-content-justification-center is-layout-flex wp-container-core-buttons-is-layout-a6d9f191 wp-block-buttons-is-layout-flex\" style=\"margin-top:var(--wp--preset--spacing--40);margin-bottom:var(--wp--preset--spacing--40)\">\n<div class=\"wp-block-button\"><a class=\"wp-block-button__link has-dark-gray-color has-white-background-color has-text-color has-background has-link-color wp-element-button\" href=\"https:\/\/ciutatinvisible.koobin.com\/arteria\/?action=PU_abonados&amp;idioma=ES&amp;act=1\" style=\"border-width:1px\" target=\"_blank\" rel=\"noreferrer noopener\">inscr\u00edbete<\/a><\/div>\n<\/div>\n\n\n\n<div class=\"wp-block-columns are-vertically-aligned-center is-layout-flex wp-container-core-columns-is-layout-7abde1fe wp-block-columns-is-layout-flex\" style=\"padding-top:var(--wp--preset--spacing--40);padding-bottom:var(--wp--preset--spacing--40)\">\n<div class=\"wp-block-column is-vertically-aligned-center is-layout-flow wp-block-column-is-layout-flow\">\n<figure class=\"wp-block-image size-full\"><img loading=\"lazy\" decoding=\"async\" width=\"1200\" height=\"675\" src=\"https:\/\/temporada-alta.com\/wp-content\/uploads\/inhaleoki.jpg\" alt=\"\" class=\"wp-image-105069\" srcset=\"https:\/\/temporada-alta.com\/wp-content\/uploads\/inhaleoki.jpg 1200w, https:\/\/temporada-alta.com\/wp-content\/uploads\/inhaleoki-630x354.jpg 630w, https:\/\/temporada-alta.com\/wp-content\/uploads\/inhaleoki-768x432.jpg 768w\" sizes=\"auto, (max-width: 1200px) 100vw, 1200px\" \/><\/figure>\n<\/div>\n\n\n\n<div class=\"wp-block-column is-vertically-aligned-center is-layout-flow wp-block-column-is-layout-flow\">\n<h2 class=\"wp-block-heading\">\u00a1Temporada Alta directo a la vena!<\/h2>\n\n\n\n<p>\u00bfTienes menos de 30 a\u00f1os? Desde Temporada Alta te invitamos a hacerte miembro de Arteria. Hazte el carn\u00e9 gratuito y empieza a disfrutar de ventajas y descuentos. \u00a1Participa activamente del festival con actividades exclusivas que te pondr\u00e1n en contacto directo con las artes esc\u00e9nicas y los creadores m\u00e1s emergentes!<\/p>\n\n\n\n<p>Para ello te invitamos a apuntarte a la comunidad Arteria, donde encontrar\u00e1s a otras personas con tus mismos intereses con los que poder compartir las diferentes propuestas.<\/p>\n\n\n\n<p><strong>\u00bfA\u00fan no te has hecho de Arteria?<\/strong><\/p>\n<\/div>\n<\/div>\n\n\n\n<h2 class=\"wp-block-heading\">Paquete Art\u00e8ria<\/h2>\n\n\n\n<p>\u00a1Te proponemos una programaci\u00f3n pensada especialmente para ti! En cada edici\u00f3n de Temporada Alta te recomendamos varios espect\u00e1culos que te hablan sin tapujos, sin edulcorantes ni condescendencia. Ahora, por 50\u20ac puedes obtener 5 entradas de esta selecci\u00f3n de 12 espect\u00e1culos:<\/p>\n\n\n\n<div class=\"wp-block-columns are-vertically-aligned-center is-layout-flex wp-container-core-columns-is-layout-7abde1fe wp-block-columns-is-layout-flex\" style=\"padding-top:var(--wp--preset--spacing--40);padding-bottom:var(--wp--preset--spacing--40)\">\n<div class=\"wp-block-column is-vertically-aligned-center is-layout-flow wp-block-column-is-layout-flow\">\n<ul class=\"wp-block-list\">\n<li><a href=\"https:\/\/temporada-alta.com\/es\/shows\/tobetta\/\">Tobbetta<\/a><em>&nbsp;(Talent Jove)<\/em>&nbsp;\u2013 Francesc Cu\u00e9llar \/ Judit Cortina<\/li>\n\n\n\n<li><a href=\"https:\/\/temporada-alta.com\/es\/shows\/burpees\/\">Burpees<\/a>&nbsp;<em>(Talent Jove)<\/em>&nbsp;\u2013 Miquel Mas Fiol<\/li>\n\n\n\n<li><a href=\"https:\/\/temporada-alta.com\/es\/shows\/man-mano-il-tempo-scorre\/\">Man, Mano il tempo scorre<\/a>&nbsp;<em>(Talent Jove)<\/em>&nbsp;\u2013 Elaine Grayling<\/li>\n\n\n\n<li><a href=\"https:\/\/temporada-alta.com\/es\/shows\/abecedari\/\">ABECEDARI<\/a>&nbsp;<em>(Talent Jove)<\/em>&nbsp;\u2013 La Moukhles &amp; Sent\u00eds<\/li>\n\n\n\n<li><a href=\"https:\/\/temporada-alta.com\/es\/shows\/tallar-se-un-peu-amb-una-motoserra\/\">Tallar-se el peu amb una motoserra<\/a>&nbsp;<em>&nbsp;(Talent Jove)<\/em>&nbsp;\u2013 B\u00e0rbara Mestanza<\/li>\n\n\n\n<li><a href=\"https:\/\/temporada-alta.com\/es\/shows\/nua-radiografia-dun-trastorn\/\"><em>Nu<\/em>a (Radiografia d\u2019un trastorn)<\/a><em>&nbsp;<\/em>(<em>Talent jove)<\/em>&nbsp;\u2013 Ann Perell\u00f3 \/ Andrea Ros \/ Marta Aran<\/li>\n\n\n\n<li><a href=\"https:\/\/temporada-alta.com\/es\/shows\/cavallet-de-mar\/\">Cavallet de mar<\/a> (<em>Talent jove)<\/em>&nbsp;\u2013 Pau Coya \/ Rebeca del Fresno<\/li>\n\n\n\n<li><a href=\"https:\/\/temporada-alta.com\/es\/shows\/manual-para-seres-vivos\/\">Manual para seres vivos<\/a>&nbsp;\u2013 Magda Puig \/ Andreu Mart\u00ednez<\/li>\n\n\n\n<li><a href=\"https:\/\/temporada-alta.com\/es\/shows\/nosaltres-els-sense-nom\/\">Nosaltres els sense nom<\/a>&nbsp;\u2013 Mos Mayorum \/ Joan Yago<\/li>\n\n\n\n<li><a href=\"https:\/\/temporada-alta.com\/es\/shows\/inhale-delirium-exhale\/\">Inhale Delirium Exhale<\/a>&nbsp;\u2013 Miet Warlop<\/li>\n\n\n\n<li><a href=\"https:\/\/temporada-alta.com\/es\/shows\/el-desmontaje\/\">El desmontaje<\/a>&nbsp;\u2013 Jimena M\u00e1rquez<\/li>\n\n\n\n<li><a href=\"https:\/\/temporada-alta.com\/es\/shows\/gernika\/\">Gernika<\/a>&nbsp;\u2013 Martin Harriague \/ Collectif Bilaka<\/li>\n<\/ul>\n<\/div>\n\n\n\n<div class=\"wp-block-column is-vertically-aligned-center is-layout-flow wp-block-column-is-layout-flow\">\n<figure class=\"wp-block-image size-full\"><img loading=\"lazy\" decoding=\"async\" width=\"1200\" height=\"740\" src=\"https:\/\/temporada-alta.com\/wp-content\/uploads\/burpees.jpg\" alt=\"\" class=\"wp-image-105072\" srcset=\"https:\/\/temporada-alta.com\/wp-content\/uploads\/burpees.jpg 1200w, https:\/\/temporada-alta.com\/wp-content\/uploads\/burpees-603x372.jpg 603w, https:\/\/temporada-alta.com\/wp-content\/uploads\/burpees-768x474.jpg 768w\" sizes=\"auto, (max-width: 1200px) 100vw, 1200px\" \/><\/figure>\n<\/div>\n<\/div>\n\n\n\n<p>Y si te has quedado con ganas de que te recomendamos m\u00e1s cosas, hemos preparado una lista m\u00e1s amplia de espect\u00e1culos que creemos que te gustar\u00e1n.<\/p>\n\n\n\n<div class=\"wp-block-columns is-layout-flex wp-container-core-columns-is-layout-ef350914 wp-block-columns-is-layout-flex\" style=\"padding-top:var(--wp--preset--spacing--30);padding-bottom:var(--wp--preset--spacing--30)\">\n<div class=\"wp-block-column is-vertically-aligned-center is-layout-flow wp-block-column-is-layout-flow\">\n<div class=\"wp-block-buttons is-content-justification-center is-layout-flex wp-container-core-buttons-is-layout-a89b3969 wp-block-buttons-is-layout-flex\">\n<div class=\"wp-block-button\"><a class=\"wp-block-button__link has-dark-gray-color has-white-background-color has-text-color has-background has-link-color wp-element-button\" href=\"https:\/\/temporada-alta.com\/es\/etiquetes_internes\/paquete-arteria-es\/\" style=\"border-width:1px\">Paquete art\u00e8ria<\/a><\/div>\n<\/div>\n<\/div>\n\n\n\n<div class=\"wp-block-column is-layout-flow wp-block-column-is-layout-flow\">\n<div class=\"wp-block-buttons is-content-justification-center is-layout-flex wp-container-core-buttons-is-layout-a89b3969 wp-block-buttons-is-layout-flex\">\n<div class=\"wp-block-button\"><a class=\"wp-block-button__link has-dark-gray-color has-white-background-color has-text-color has-background has-link-color wp-element-button\" href=\"https:\/\/temporada-alta.com\/es\/etiquetes_internes\/jovenes\/\" style=\"border-width:1px\">espect\u00e1culos recomendados por art\u00e8ria<\/a><\/div>\n<\/div>\n<\/div>\n<\/div>\n\n\n\n<div class=\"wp-block-columns are-vertically-aligned-center is-layout-flex wp-container-core-columns-is-layout-7abde1fe wp-block-columns-is-layout-flex\" id=\"avantatges-arteria\" style=\"padding-top:var(--wp--preset--spacing--40);padding-bottom:var(--wp--preset--spacing--40)\">\n<div class=\"wp-block-column is-vertically-aligned-center is-layout-flow wp-block-column-is-layout-flow\">\n<figure class=\"wp-block-image size-large\"><img loading=\"lazy\" decoding=\"async\" width=\"1200\" height=\"585\" src=\"https:\/\/temporada-alta.com\/wp-content\/uploads\/\/gernika-bilaka-1200x585.webp\" alt=\"\" class=\"wp-image-105080\" srcset=\"https:\/\/temporada-alta.com\/wp-content\/uploads\/gernika-bilaka-1200x585.webp 1200w, https:\/\/temporada-alta.com\/wp-content\/uploads\/gernika-bilaka-630x307.webp 630w, https:\/\/temporada-alta.com\/wp-content\/uploads\/gernika-bilaka-768x374.webp 768w, https:\/\/temporada-alta.com\/wp-content\/uploads\/gernika-bilaka-1536x749.webp 1536w, https:\/\/temporada-alta.com\/wp-content\/uploads\/gernika-bilaka-2048x998.webp 2048w\" sizes=\"auto, (max-width: 1200px) 100vw, 1200px\" \/><\/figure>\n<\/div>\n\n\n\n<div class=\"wp-block-column is-vertically-aligned-center is-layout-flow wp-block-column-is-layout-flow\">\n<h2 class=\"wp-block-heading\">Ventajas de Art\u00e8ria<\/h2>\n\n\n\n<p><strong>Descuento Art\u00e8ria:<\/strong> 20% % de descuento en la programaci\u00f3n.<\/p>\n\n\n\n<p><strong>Tarifa Art\u00e8ria:&nbsp;<\/strong>entradas a 10\u20ac el mismo d\u00eda del espect\u00e1culo, si quedan (tanto por la web como en taquilla de los diversos espacios).<\/p>\n\n\n\n<p><strong>Paquete Art\u00e8ria:<\/strong> por 50\u20ac puedes obtener 5 entradas de una selecci\u00f3n de 12 espect\u00e1culos pensada para los j\u00f3venes con ganas de dar un paso m\u00e1s y atreverse con propuestas m\u00e1s arriesgadas.<\/p>\n\n\n\n<p>Acceso a <strong>ensayos generales<\/strong> y <strong>previas<\/strong> de espect\u00e1culos y <strong>actividades complementarias <\/strong>pensadas por el colectivo.<\/p>\n<\/div>\n<\/div>\n\n\n\n<div class=\"wp-block-columns is-layout-flex wp-container-core-columns-is-layout-28f84493 wp-block-columns-is-layout-flex\">\n<div class=\"wp-block-column is-layout-flow wp-block-column-is-layout-flow\">\n<h3 class=\"wp-block-heading\"><strong><strong>Condiciones de las ventajas Art\u00e8ria<\/strong><\/strong><\/h3>\n\n\n\n<ul class=\"wp-block-list\">\n<li>Los descuentos de Arteria no son acumulables y se tendr\u00e1n que acreditar con el carnet Arteria en el momento de acceder a la sala.<\/li>\n\n\n\n<li>El Descuento Arteria s\u00f3lo ser\u00e1 de aplicaci\u00f3n al titular del carnet ya una sola entrada por espect\u00e1culo.<\/li>\n\n\n\n<li>Las ventajas Arteria (Descuento Arteria y Tarifa Arteria) no se aplican a la programaci\u00f3n musical, la programaci\u00f3n familiar, la programaci\u00f3n de cine y el Torneig de Dramat\u00fargia.<\/li>\n\n\n\n<li>El Paquete Arteria s\u00f3lo se aplica a una entrada de cada uno de los espect\u00e1culos.<\/li>\n<\/ul>\n<\/div>\n\n\n\n<div class=\"wp-block-column is-layout-flow wp-block-column-is-layout-flow\">\n<figure class=\"wp-block-embed is-type-video is-provider-youtube wp-block-embed-youtube wp-embed-aspect-16-9 wp-has-aspect-ratio\"><div class=\"wp-block-embed__wrapper\">\n<iframe loading=\"lazy\" title=\"Fes-te d&#039;Art\u00e8ria!\" width=\"500\" height=\"281\" src=\"https:\/\/www.youtube.com\/embed\/4Bl_DVuqfO8?feature=oembed&#038;enablejsapi=1&#038;origin=https:\/\/temporada-alta.com\" frameborder=\"0\" allow=\"accelerometer; autoplay; clipboard-write; encrypted-media; gyroscope; picture-in-picture; web-share\" referrerpolicy=\"strict-origin-when-cross-origin\" allowfullscreen><\/iframe>\n<\/div><\/figure>\n<\/div>\n<\/div>\n\n\n\n<div class=\"wp-block-columns are-vertically-aligned-center has-black-background-color has-background is-layout-flex wp-container-core-columns-is-layout-7abde1fe wp-block-columns-is-layout-flex\" style=\"padding-top:var(--wp--preset--spacing--40);padding-bottom:var(--wp--preset--spacing--40)\">\n<div class=\"wp-block-column is-vertically-aligned-center is-layout-flow wp-block-column-is-layout-flow\">\n<figure class=\"wp-block-image size-large\"><img loading=\"lazy\" decoding=\"async\" width=\"1200\" height=\"675\" src=\"https:\/\/temporada-alta.com\/wp-content\/uploads\/\/DeNaoAlbetiMarcelBorras-OK-web-1200x675.jpg\" alt=\"\" class=\"wp-image-87531\" srcset=\"https:\/\/temporada-alta.com\/wp-content\/uploads\/DeNaoAlbetiMarcelBorras-OK-web-1200x675.jpg 1200w, https:\/\/temporada-alta.com\/wp-content\/uploads\/DeNaoAlbetiMarcelBorras-OK-web-630x354.jpg 630w, https:\/\/temporada-alta.com\/wp-content\/uploads\/DeNaoAlbetiMarcelBorras-OK-web-768x432.jpg 768w, https:\/\/temporada-alta.com\/wp-content\/uploads\/DeNaoAlbetiMarcelBorras-OK-web-1536x864.jpg 1536w, https:\/\/temporada-alta.com\/wp-content\/uploads\/DeNaoAlbetiMarcelBorras-OK-web.jpg 1920w\" sizes=\"auto, (max-width: 1200px) 100vw, 1200px\" \/><\/figure>\n<\/div>\n\n\n\n<div class=\"wp-block-column is-vertically-aligned-center is-layout-flow wp-block-column-is-layout-flow\">\n<h2 class=\"wp-block-heading has-text-align-center has-white-color has-text-color has-link-color wp-elements-360e3224bfd2520a4c1d0b6067c09814\"><strong>\u00bfQuieres ser miembro de Art\u00e8ria?<\/strong><\/h2>\n\n\n\n<p class=\"has-white-color has-text-color has-link-color wp-elements-b391d5c14b781d951d458449db6aa71b\">Para ser miembro del colectivo <strong>es imprescindible que te inscribas y que descargues tu carnet digital gratuito<\/strong>. Ser\u00e1 necesario que lo lleves encima porque te pedir\u00e1n que te acredites al acceder a la sala.<\/p>\n\n\n\n<div class=\"wp-block-buttons is-content-justification-center is-layout-flex wp-container-core-buttons-is-layout-a89b3969 wp-block-buttons-is-layout-flex\">\n<div class=\"wp-block-button\"><a class=\"wp-block-button__link wp-element-button\" href=\"https:\/\/ciutatinvisible.koobin.com\/arteria\/?action=PU_abonados&amp;idioma=ES&amp;act=1\" style=\"border-width:1px\" target=\"_blank\" rel=\"noreferrer noopener\">inscr\u00edbete<\/a><\/div>\n<\/div>\n<\/div>\n<\/div>\n\n\n\n<h2 class=\"wp-block-heading has-text-align-center\">Talento joven<\/h2>\n\n\n\n<p>Ponemos el foco en una l\u00ednea de programaci\u00f3n muy concreta: espect\u00e1culos creados por artistas menores de 35 a\u00f1os que comparten una mirada generacional propia y una forma particular de entender el mundo. Los encontrar\u00e1s destacados con la etiqueta &#8216;Talent jove&#8217; tanto en la revista como en la web del festival. Estos espect\u00e1culos forman parte tambi\u00e9n del Paquete Arteria, una apuesta decidida por impulsar las voces emergentes y conectar con nuevas sensibilidades esc\u00e9nicas.<\/p>\n\n\n\n<div class=\"wp-block-buttons is-content-justification-center is-layout-flex wp-container-core-buttons-is-layout-a6d9f191 wp-block-buttons-is-layout-flex\" style=\"margin-top:var(--wp--preset--spacing--40);margin-bottom:var(--wp--preset--spacing--40)\">\n<div class=\"wp-block-button\"><a class=\"wp-block-button__link has-dark-gray-color has-white-background-color has-text-color has-background has-link-color wp-element-button\" href=\"https:\/\/temporada-alta.com\/es\/etiquetes_internes\/talento-joven\/\" style=\"border-width:1px\" target=\"_blank\" rel=\"noreferrer noopener\">ESPECT\u00c1CULOS TALENTO JOVEN<\/a><\/div>\n<\/div>\n\n\n\n<h2 class=\"wp-block-heading has-text-align-center\">Otras propuestas para j\u00f3venes<\/h2>\n\n\n\n<h3 class=\"wp-block-heading\">Otros descuentos para j\u00f3venes<\/h3>\n\n\n\n<p><a href=\"https:\/\/www.culturajove.cat\/\" target=\"_blank\" rel=\"noreferrer noopener\">Cultura Jove<\/a>: campa\u00f1a impulsada por el Departamento de Cultura que quiere facilitar el acceso a espect\u00e1culos de teatro, circo, danza y conciertos en j\u00f3venes de entre 18 y 25 a\u00f1os. Los descuentos impulsados por Cultura Jove se aplican a una selecci\u00f3n de espect\u00e1culos de Temporada Alta.<\/p>\n\n\n\n<p><a href=\"https:\/\/www.carnetjove.cat\/ca\" target=\"_blank\" rel=\"noreferrer noopener\">Carnet Jove<\/a>: servicio de la Generalidad de Catalu\u00f1a ideado para mejorar la calidad de vida de los j\u00f3venes a trav\u00e9s de la oferta y la promoci\u00f3n de servicios, propuestas y descuentos en diferentes \u00e1mbitos, entre los que la cultura.<\/p>\n\n\n\n<p><a href=\"http:\/\/www.girona.cat\/cultura\/cat\/club.php\" target=\"_blank\" rel=\"noreferrer noopener\">Targeta Girona Cultura 16-29<\/a>: servicio del Ayuntamiento de Girona. Si tienes entre 16 y 29 a\u00f1os te permite disfrutar de entradas a precios reducidos para aquellos espect\u00e1culos de Temporada Alta programados en equipamientos del municipio (Teatro Municipal de Girona, Sala la Planeta, Auditorio de Girona).<\/p>\n\n\n\n<p>Se puede utilizar el Bono Cultural Joven para pagar entradas seleccion\u00e1ndolo como tarifa.<\/p>\n\n\n\n<div class=\"wp-block-columns are-vertically-aligned-center is-layout-flex wp-container-core-columns-is-layout-7abde1fe wp-block-columns-is-layout-flex\" style=\"padding-top:var(--wp--preset--spacing--40);padding-bottom:var(--wp--preset--spacing--40)\">\n<div class=\"wp-block-column is-vertically-aligned-center is-layout-flow wp-block-column-is-layout-flow\">\n<h2 class=\"wp-block-heading\">Nova veu<\/h2>\n\n\n\n<p>La plataforma de cr\u00edticos Recomana y Temporada Alta trabajamos con j\u00f3venes seguidores de las artes esc\u00e9nicas para ofrecerles un programa formativo y de asesoramiento con respecto a sus escritos cr\u00edticos, cr\u00f3nicas y v\u00eddeos. Nova Veu quiere ser un espacio de aproximaci\u00f3n al mundo de la cr\u00edtica y una manera de hacer llegar a j\u00f3venes espectadores las impresiones y prescripciones de otros j\u00f3venes.<\/p>\n\n\n\n<p>*Inscripciones abiertas hasta el 8 de septiembre<\/p>\n<\/div>\n\n\n\n<div class=\"wp-block-column is-vertically-aligned-center is-layout-flow wp-block-column-is-layout-flow\">\n<figure class=\"wp-block-image size-full\"><img loading=\"lazy\" decoding=\"async\" width=\"539\" height=\"361\" src=\"https:\/\/temporada-alta.com\/wp-content\/uploads\/nova-veu-2.jpg\" alt=\"\" class=\"wp-image-40229\" srcset=\"https:\/\/temporada-alta.com\/wp-content\/uploads\/nova-veu-2.jpg 539w, https:\/\/temporada-alta.com\/wp-content\/uploads\/nova-veu-2-300x201.jpg 300w\" sizes=\"auto, (max-width: 539px) 100vw, 539px\" \/><\/figure>\n<\/div>\n<\/div>\n\n\n\n<div class=\"wp-block-buttons is-content-justification-center is-layout-flex wp-container-core-buttons-is-layout-a89b3969 wp-block-buttons-is-layout-flex\">\n<div class=\"wp-block-button\"><a class=\"wp-block-button__link has-dark-gray-color has-white-background-color has-text-color has-background has-link-color wp-element-button\" href=\"https:\/\/docs.google.com\/forms\/d\/e\/1FAIpQLSfLCJrL5cbKUmZjX4Jms3JU1ddAvGdTJimVRDjHNlJaWojwTA\/viewform\" style=\"border-width:1px\" target=\"_blank\" rel=\"noreferrer noopener\">inscr\u00edbete en nova veu<\/a><\/div>\n<\/div>\n\n\n\n<p><\/p>\n<\/div>","protected":false},"excerpt":{"rendered":"<p>\u00a1Temporada Alta directo a la vena! \u00bfTienes menos de 30 a\u00f1os? Desde Temporada Alta te invitamos a hacerte&#8230;<\/p>\n","protected":false},"author":35132,"featured_media":0,"parent":0,"menu_order":0,"comment_status":"closed","ping_status":"closed","template":"","meta":{"_acf_changed":false,"footnotes":""},"class_list":["post-97172","page","type-page","status-publish","hentry"],"acf":[],"yoast_head":"<!-- This site is optimized with the Yoast SEO plugin v27.0 - https:\/\/yoast.com\/product\/yoast-seo-wordpress\/ -->\n<title>J\u00f3venes - Temporada Alta<\/title>\n<meta name=\"robots\" content=\"index, follow, max-snippet:-1, max-image-preview:large, max-video-preview:-1\" \/>\n<link rel=\"canonical\" href=\"https:\/\/temporada-alta.com\/es\/jovenes\/\" \/>\n<meta property=\"og:locale\" content=\"es_ES\" \/>\n<meta property=\"og:type\" content=\"article\" \/>\n<meta property=\"og:title\" content=\"J\u00f3venes - Temporada Alta\" \/>\n<meta property=\"og:description\" content=\"\u00a1Temporada Alta directo a la vena! \u00bfTienes menos de 30 a\u00f1os? Desde Temporada Alta te invitamos a hacerte...\" \/>\n<meta property=\"og:url\" content=\"https:\/\/temporada-alta.com\/es\/jovenes\/\" \/>\n<meta property=\"og:site_name\" content=\"Temporada Alta\" \/>\n<meta property=\"article:modified_time\" content=\"2026-03-02T23:33:41+00:00\" \/>\n<meta property=\"og:image\" content=\"https:\/\/temporada-alta.com\/wp-content\/uploads\/inhaleoki.jpg\" \/>\n\t<meta property=\"og:image:width\" content=\"1200\" \/>\n\t<meta property=\"og:image:height\" content=\"675\" \/>\n\t<meta property=\"og:image:type\" content=\"image\/jpeg\" \/>\n<meta name=\"twitter:card\" content=\"summary_large_image\" \/>\n<script type=\"application\/ld+json\" class=\"yoast-schema-graph\">{\"@context\":\"https:\/\/schema.org\",\"@graph\":[{\"@type\":\"WebPage\",\"@id\":\"https:\/\/temporada-alta.com\/es\/jovenes\/\",\"url\":\"https:\/\/temporada-alta.com\/es\/jovenes\/\",\"name\":\"J\u00f3venes - Temporada Alta\",\"isPartOf\":{\"@id\":\"https:\/\/temporada-alta.com\/es\/#website\"},\"primaryImageOfPage\":{\"@id\":\"https:\/\/temporada-alta.com\/es\/jovenes\/#primaryimage\"},\"image\":{\"@id\":\"https:\/\/temporada-alta.com\/es\/jovenes\/#primaryimage\"},\"thumbnailUrl\":\"https:\/\/temporada-alta.com\/wp-content\/uploads\/inhaleoki.jpg\",\"datePublished\":\"2024-09-23T12:19:20+00:00\",\"dateModified\":\"2026-03-02T23:33:41+00:00\",\"breadcrumb\":{\"@id\":\"https:\/\/temporada-alta.com\/es\/jovenes\/#breadcrumb\"},\"inLanguage\":\"es\",\"potentialAction\":[{\"@type\":\"ReadAction\",\"target\":[\"https:\/\/temporada-alta.com\/es\/jovenes\/\"]}]},{\"@type\":\"ImageObject\",\"inLanguage\":\"es\",\"@id\":\"https:\/\/temporada-alta.com\/es\/jovenes\/#primaryimage\",\"url\":\"https:\/\/temporada-alta.com\/wp-content\/uploads\/inhaleoki.jpg\",\"contentUrl\":\"https:\/\/temporada-alta.com\/wp-content\/uploads\/inhaleoki.jpg\"},{\"@type\":\"BreadcrumbList\",\"@id\":\"https:\/\/temporada-alta.com\/es\/jovenes\/#breadcrumb\",\"itemListElement\":[{\"@type\":\"ListItem\",\"position\":1,\"name\":\"Inici\",\"item\":\"https:\/\/temporada-alta.com\/es\/\"},{\"@type\":\"ListItem\",\"position\":2,\"name\":\"J\u00f3venes\"}]},{\"@type\":\"WebSite\",\"@id\":\"https:\/\/temporada-alta.com\/es\/#website\",\"url\":\"https:\/\/temporada-alta.com\/es\/\",\"name\":\"Temporada Alta\",\"description\":\"Festival d&#039;Arts Esc\u00e8niques\",\"publisher\":{\"@id\":\"https:\/\/temporada-alta.com\/es\/#organization\"},\"potentialAction\":[{\"@type\":\"SearchAction\",\"target\":{\"@type\":\"EntryPoint\",\"urlTemplate\":\"https:\/\/temporada-alta.com\/es\/?s={search_term_string}\"},\"query-input\":{\"@type\":\"PropertyValueSpecification\",\"valueRequired\":true,\"valueName\":\"search_term_string\"}}],\"inLanguage\":\"es\"},{\"@type\":\"Organization\",\"@id\":\"https:\/\/temporada-alta.com\/es\/#organization\",\"name\":\"Temporada Alta\",\"url\":\"https:\/\/temporada-alta.com\/es\/\",\"logo\":{\"@type\":\"ImageObject\",\"inLanguage\":\"es\",\"@id\":\"https:\/\/temporada-alta.com\/es\/#\/schema\/logo\/image\/\",\"url\":\"https:\/\/temporada-alta.com\/wp-content\/uploads\/TA21-Logotip-pos.png\",\"contentUrl\":\"https:\/\/temporada-alta.com\/wp-content\/uploads\/TA21-Logotip-pos.png\",\"width\":800,\"height\":267,\"caption\":\"Temporada Alta\"},\"image\":{\"@id\":\"https:\/\/temporada-alta.com\/es\/#\/schema\/logo\/image\/\"}}]}<\/script>\n<!-- \/ Yoast SEO plugin. -->","yoast_head_json":{"title":"J\u00f3venes - Temporada Alta","robots":{"index":"index","follow":"follow","max-snippet":"max-snippet:-1","max-image-preview":"max-image-preview:large","max-video-preview":"max-video-preview:-1"},"canonical":"https:\/\/temporada-alta.com\/es\/jovenes\/","og_locale":"es_ES","og_type":"article","og_title":"J\u00f3venes - Temporada Alta","og_description":"\u00a1Temporada Alta directo a la vena! \u00bfTienes menos de 30 a\u00f1os? Desde Temporada Alta te invitamos a hacerte...","og_url":"https:\/\/temporada-alta.com\/es\/jovenes\/","og_site_name":"Temporada Alta","article_modified_time":"2026-03-02T23:33:41+00:00","og_image":[{"width":1200,"height":675,"url":"https:\/\/temporada-alta.com\/wp-content\/uploads\/inhaleoki.jpg","type":"image\/jpeg"}],"twitter_card":"summary_large_image","schema":{"@context":"https:\/\/schema.org","@graph":[{"@type":"WebPage","@id":"https:\/\/temporada-alta.com\/es\/jovenes\/","url":"https:\/\/temporada-alta.com\/es\/jovenes\/","name":"J\u00f3venes - Temporada Alta","isPartOf":{"@id":"https:\/\/temporada-alta.com\/es\/#website"},"primaryImageOfPage":{"@id":"https:\/\/temporada-alta.com\/es\/jovenes\/#primaryimage"},"image":{"@id":"https:\/\/temporada-alta.com\/es\/jovenes\/#primaryimage"},"thumbnailUrl":"https:\/\/temporada-alta.com\/wp-content\/uploads\/inhaleoki.jpg","datePublished":"2024-09-23T12:19:20+00:00","dateModified":"2026-03-02T23:33:41+00:00","breadcrumb":{"@id":"https:\/\/temporada-alta.com\/es\/jovenes\/#breadcrumb"},"inLanguage":"es","potentialAction":[{"@type":"ReadAction","target":["https:\/\/temporada-alta.com\/es\/jovenes\/"]}]},{"@type":"ImageObject","inLanguage":"es","@id":"https:\/\/temporada-alta.com\/es\/jovenes\/#primaryimage","url":"https:\/\/temporada-alta.com\/wp-content\/uploads\/inhaleoki.jpg","contentUrl":"https:\/\/temporada-alta.com\/wp-content\/uploads\/inhaleoki.jpg"},{"@type":"BreadcrumbList","@id":"https:\/\/temporada-alta.com\/es\/jovenes\/#breadcrumb","itemListElement":[{"@type":"ListItem","position":1,"name":"Inici","item":"https:\/\/temporada-alta.com\/es\/"},{"@type":"ListItem","position":2,"name":"J\u00f3venes"}]},{"@type":"WebSite","@id":"https:\/\/temporada-alta.com\/es\/#website","url":"https:\/\/temporada-alta.com\/es\/","name":"Temporada Alta","description":"Festival d&#039;Arts Esc\u00e8niques","publisher":{"@id":"https:\/\/temporada-alta.com\/es\/#organization"},"potentialAction":[{"@type":"SearchAction","target":{"@type":"EntryPoint","urlTemplate":"https:\/\/temporada-alta.com\/es\/?s={search_term_string}"},"query-input":{"@type":"PropertyValueSpecification","valueRequired":true,"valueName":"search_term_string"}}],"inLanguage":"es"},{"@type":"Organization","@id":"https:\/\/temporada-alta.com\/es\/#organization","name":"Temporada Alta","url":"https:\/\/temporada-alta.com\/es\/","logo":{"@type":"ImageObject","inLanguage":"es","@id":"https:\/\/temporada-alta.com\/es\/#\/schema\/logo\/image\/","url":"https:\/\/temporada-alta.com\/wp-content\/uploads\/TA21-Logotip-pos.png","contentUrl":"https:\/\/temporada-alta.com\/wp-content\/uploads\/TA21-Logotip-pos.png","width":800,"height":267,"caption":"Temporada Alta"},"image":{"@id":"https:\/\/temporada-alta.com\/es\/#\/schema\/logo\/image\/"}}]}},"_links":{"self":[{"href":"https:\/\/temporada-alta.com\/es\/wp-json\/wp\/v2\/pages\/97172","targetHints":{"allow":["GET"]}}],"collection":[{"href":"https:\/\/temporada-alta.com\/es\/wp-json\/wp\/v2\/pages"}],"about":[{"href":"https:\/\/temporada-alta.com\/es\/wp-json\/wp\/v2\/types\/page"}],"author":[{"embeddable":true,"href":"https:\/\/temporada-alta.com\/es\/wp-json\/wp\/v2\/users\/35132"}],"replies":[{"embeddable":true,"href":"https:\/\/temporada-alta.com\/es\/wp-json\/wp\/v2\/comments?post=97172"}],"version-history":[{"count":4,"href":"https:\/\/temporada-alta.com\/es\/wp-json\/wp\/v2\/pages\/97172\/revisions"}],"predecessor-version":[{"id":118586,"href":"https:\/\/temporada-alta.com\/es\/wp-json\/wp\/v2\/pages\/97172\/revisions\/118586"}],"wp:attachment":[{"href":"https:\/\/temporada-alta.com\/es\/wp-json\/wp\/v2\/media?parent=97172"}],"curies":[{"name":"wp","href":"https:\/\/api.w.org\/{rel}","templated":true}]}}