{"id":97149,"date":"2024-09-23T09:28:04","date_gmt":"2024-09-23T07:28:04","guid":{"rendered":"https:\/\/temporada-alta.com\/?page_id=97149"},"modified":"2025-08-06T10:19:29","modified_gmt":"2025-08-06T08:19:29","slug":"universidad","status":"publish","type":"page","link":"https:\/\/temporada-alta.com\/es\/universidad\/","title":{"rendered":"Universidad"},"content":{"rendered":"<div id=\"modal-ready\">\n<div class=\"wp-block-columns are-vertically-aligned-center is-layout-flex wp-container-core-columns-is-layout-28f84493 wp-block-columns-is-layout-flex\">\n<div class=\"wp-block-column is-vertically-aligned-center is-layout-flow wp-block-column-is-layout-flow\">\n<p>Colaboramos con el Grado en Artes Esc\u00e9nicas de la Universitat de Girona, impartido en la Escuela Universitaria ERAM, desde el momento de su fundaci\u00f3n. Artistas y creadores programados en Temporada Alta participan cada a\u00f1o como docentes en la ERAM; hasta ahora han pasado por la escuela directores, dramaturgos y core\u00f3grafos como Claudio Tolcachir, Alain Platel, Viviane de Muynck, Fabrice Murgia o Jan Lauwers, entre otros muchos. De este modo contribuimos a diversificar un equipo docente formato por profesionales de la escena como Xicu Mas\u00f3, Llu\u00eds Homar, Xavier Albert\u00ed, Jordi Duran, Marcel Tom\u00e0s, Josep Maria Mir\u00f3, Pau Mir\u00f3, Alfredo Sanzol, S\u00edlvia Escuder, Lloren\u00e7 Corbella, Marc Artigau, Ll\u00e0tzer Garcia o las compa\u00f1\u00edas Los Corderos y Mal Pelo.<\/p>\n\n\n\n<p><br>Adem\u00e1s, como festival ofrecemos plazas de pr\u00e1cticas para estudiantes, otorgamos una beca y nos implicamos en otros muchos aspectos de este grado universitario: coordinaci\u00f3n en la organizaci\u00f3n de clases magistrales, ensayos abiertos, asistencia a espect\u00e1culos, presencia estable del personal de Bit\u00f2 en la docencia\u2026&nbsp;<\/p>\n<\/div>\n\n\n\n<div class=\"wp-block-column is-vertically-aligned-center is-layout-flow wp-block-column-is-layout-flow\">\n<figure class=\"wp-block-image size-large\"><img loading=\"lazy\" decoding=\"async\" width=\"1024\" height=\"683\" src=\"https:\/\/temporada-alta.com\/wp-content\/uploads\/\/ERAM_Grau-Arts-Esce\u0300niques_AlfredoSanzol-1024x683.jpg\" alt=\"\" class=\"wp-image-51038\" srcset=\"https:\/\/temporada-alta.com\/wp-content\/uploads\/ERAM_Grau-Arts-Esce\u0300niques_AlfredoSanzol-1024x683.jpg 1024w, https:\/\/temporada-alta.com\/wp-content\/uploads\/ERAM_Grau-Arts-Esce\u0300niques_AlfredoSanzol-300x200.jpg 300w, https:\/\/temporada-alta.com\/wp-content\/uploads\/ERAM_Grau-Arts-Esce\u0300niques_AlfredoSanzol-768x512.jpg 768w, https:\/\/temporada-alta.com\/wp-content\/uploads\/ERAM_Grau-Arts-Esce\u0300niques_AlfredoSanzol.jpg 1314w\" sizes=\"auto, (max-width: 1024px) 100vw, 1024px\" \/><\/figure>\n<\/div>\n<\/div>\n<\/div>","protected":false},"excerpt":{"rendered":"<p>Colaboramos con el Grado en Artes Esc\u00e9nicas de la Universitat de Girona, impartido en la Escuela Universitaria ERAM,&#8230;<\/p>\n","protected":false},"author":35132,"featured_media":0,"parent":0,"menu_order":0,"comment_status":"closed","ping_status":"closed","template":"","meta":{"_acf_changed":false,"footnotes":""},"class_list":["post-97149","page","type-page","status-publish","hentry"],"acf":[],"yoast_head":"<!-- This site is optimized with the Yoast SEO plugin v27.0 - https:\/\/yoast.com\/product\/yoast-seo-wordpress\/ -->\n<title>Universidad - Temporada Alta<\/title>\n<meta name=\"robots\" content=\"index, follow, max-snippet:-1, max-image-preview:large, max-video-preview:-1\" \/>\n<link rel=\"canonical\" href=\"https:\/\/temporada-alta.com\/es\/universidad\/\" \/>\n<meta property=\"og:locale\" content=\"es_ES\" \/>\n<meta property=\"og:type\" content=\"article\" \/>\n<meta property=\"og:title\" content=\"Universidad - Temporada Alta\" \/>\n<meta property=\"og:description\" content=\"Colaboramos con el Grado en Artes Esc\u00e9nicas de la Universitat de Girona, impartido en la Escuela Universitaria ERAM,...\" \/>\n<meta property=\"og:url\" content=\"https:\/\/temporada-alta.com\/es\/universidad\/\" \/>\n<meta property=\"og:site_name\" content=\"Temporada Alta\" \/>\n<meta property=\"article:modified_time\" content=\"2025-08-06T08:19:29+00:00\" \/>\n<meta name=\"twitter:card\" content=\"summary_large_image\" \/>\n<script type=\"application\/ld+json\" class=\"yoast-schema-graph\">{\"@context\":\"https:\/\/schema.org\",\"@graph\":[{\"@type\":\"WebPage\",\"@id\":\"https:\/\/temporada-alta.com\/es\/universidad\/\",\"url\":\"https:\/\/temporada-alta.com\/es\/universidad\/\",\"name\":\"Universidad - Temporada Alta\",\"isPartOf\":{\"@id\":\"https:\/\/temporada-alta.com\/es\/#website\"},\"datePublished\":\"2024-09-23T07:28:04+00:00\",\"dateModified\":\"2025-08-06T08:19:29+00:00\",\"breadcrumb\":{\"@id\":\"https:\/\/temporada-alta.com\/es\/universidad\/#breadcrumb\"},\"inLanguage\":\"es\",\"potentialAction\":[{\"@type\":\"ReadAction\",\"target\":[\"https:\/\/temporada-alta.com\/es\/universidad\/\"]}]},{\"@type\":\"BreadcrumbList\",\"@id\":\"https:\/\/temporada-alta.com\/es\/universidad\/#breadcrumb\",\"itemListElement\":[{\"@type\":\"ListItem\",\"position\":1,\"name\":\"Inici\",\"item\":\"https:\/\/temporada-alta.com\/es\/\"},{\"@type\":\"ListItem\",\"position\":2,\"name\":\"Universidad\"}]},{\"@type\":\"WebSite\",\"@id\":\"https:\/\/temporada-alta.com\/es\/#website\",\"url\":\"https:\/\/temporada-alta.com\/es\/\",\"name\":\"Temporada Alta\",\"description\":\"Festival d&#039;Arts Esc\u00e8niques\",\"publisher\":{\"@id\":\"https:\/\/temporada-alta.com\/es\/#organization\"},\"potentialAction\":[{\"@type\":\"SearchAction\",\"target\":{\"@type\":\"EntryPoint\",\"urlTemplate\":\"https:\/\/temporada-alta.com\/es\/?s={search_term_string}\"},\"query-input\":{\"@type\":\"PropertyValueSpecification\",\"valueRequired\":true,\"valueName\":\"search_term_string\"}}],\"inLanguage\":\"es\"},{\"@type\":\"Organization\",\"@id\":\"https:\/\/temporada-alta.com\/es\/#organization\",\"name\":\"Temporada Alta\",\"url\":\"https:\/\/temporada-alta.com\/es\/\",\"logo\":{\"@type\":\"ImageObject\",\"inLanguage\":\"es\",\"@id\":\"https:\/\/temporada-alta.com\/es\/#\/schema\/logo\/image\/\",\"url\":\"https:\/\/temporada-alta.com\/wp-content\/uploads\/TA21-Logotip-pos.png\",\"contentUrl\":\"https:\/\/temporada-alta.com\/wp-content\/uploads\/TA21-Logotip-pos.png\",\"width\":800,\"height\":267,\"caption\":\"Temporada Alta\"},\"image\":{\"@id\":\"https:\/\/temporada-alta.com\/es\/#\/schema\/logo\/image\/\"}}]}<\/script>\n<!-- \/ Yoast SEO plugin. -->","yoast_head_json":{"title":"Universidad - Temporada Alta","robots":{"index":"index","follow":"follow","max-snippet":"max-snippet:-1","max-image-preview":"max-image-preview:large","max-video-preview":"max-video-preview:-1"},"canonical":"https:\/\/temporada-alta.com\/es\/universidad\/","og_locale":"es_ES","og_type":"article","og_title":"Universidad - Temporada Alta","og_description":"Colaboramos con el Grado en Artes Esc\u00e9nicas de la Universitat de Girona, impartido en la Escuela Universitaria ERAM,...","og_url":"https:\/\/temporada-alta.com\/es\/universidad\/","og_site_name":"Temporada Alta","article_modified_time":"2025-08-06T08:19:29+00:00","twitter_card":"summary_large_image","schema":{"@context":"https:\/\/schema.org","@graph":[{"@type":"WebPage","@id":"https:\/\/temporada-alta.com\/es\/universidad\/","url":"https:\/\/temporada-alta.com\/es\/universidad\/","name":"Universidad - Temporada Alta","isPartOf":{"@id":"https:\/\/temporada-alta.com\/es\/#website"},"datePublished":"2024-09-23T07:28:04+00:00","dateModified":"2025-08-06T08:19:29+00:00","breadcrumb":{"@id":"https:\/\/temporada-alta.com\/es\/universidad\/#breadcrumb"},"inLanguage":"es","potentialAction":[{"@type":"ReadAction","target":["https:\/\/temporada-alta.com\/es\/universidad\/"]}]},{"@type":"BreadcrumbList","@id":"https:\/\/temporada-alta.com\/es\/universidad\/#breadcrumb","itemListElement":[{"@type":"ListItem","position":1,"name":"Inici","item":"https:\/\/temporada-alta.com\/es\/"},{"@type":"ListItem","position":2,"name":"Universidad"}]},{"@type":"WebSite","@id":"https:\/\/temporada-alta.com\/es\/#website","url":"https:\/\/temporada-alta.com\/es\/","name":"Temporada Alta","description":"Festival d&#039;Arts Esc\u00e8niques","publisher":{"@id":"https:\/\/temporada-alta.com\/es\/#organization"},"potentialAction":[{"@type":"SearchAction","target":{"@type":"EntryPoint","urlTemplate":"https:\/\/temporada-alta.com\/es\/?s={search_term_string}"},"query-input":{"@type":"PropertyValueSpecification","valueRequired":true,"valueName":"search_term_string"}}],"inLanguage":"es"},{"@type":"Organization","@id":"https:\/\/temporada-alta.com\/es\/#organization","name":"Temporada Alta","url":"https:\/\/temporada-alta.com\/es\/","logo":{"@type":"ImageObject","inLanguage":"es","@id":"https:\/\/temporada-alta.com\/es\/#\/schema\/logo\/image\/","url":"https:\/\/temporada-alta.com\/wp-content\/uploads\/TA21-Logotip-pos.png","contentUrl":"https:\/\/temporada-alta.com\/wp-content\/uploads\/TA21-Logotip-pos.png","width":800,"height":267,"caption":"Temporada Alta"},"image":{"@id":"https:\/\/temporada-alta.com\/es\/#\/schema\/logo\/image\/"}}]}},"_links":{"self":[{"href":"https:\/\/temporada-alta.com\/es\/wp-json\/wp\/v2\/pages\/97149","targetHints":{"allow":["GET"]}}],"collection":[{"href":"https:\/\/temporada-alta.com\/es\/wp-json\/wp\/v2\/pages"}],"about":[{"href":"https:\/\/temporada-alta.com\/es\/wp-json\/wp\/v2\/types\/page"}],"author":[{"embeddable":true,"href":"https:\/\/temporada-alta.com\/es\/wp-json\/wp\/v2\/users\/35132"}],"replies":[{"embeddable":true,"href":"https:\/\/temporada-alta.com\/es\/wp-json\/wp\/v2\/comments?post=97149"}],"version-history":[{"count":5,"href":"https:\/\/temporada-alta.com\/es\/wp-json\/wp\/v2\/pages\/97149\/revisions"}],"predecessor-version":[{"id":103075,"href":"https:\/\/temporada-alta.com\/es\/wp-json\/wp\/v2\/pages\/97149\/revisions\/103075"}],"wp:attachment":[{"href":"https:\/\/temporada-alta.com\/es\/wp-json\/wp\/v2\/media?parent=97149"}],"curies":[{"name":"wp","href":"https:\/\/api.w.org\/{rel}","templated":true}]}}