{"id":97144,"date":"2024-09-20T13:26:11","date_gmt":"2024-09-20T11:26:11","guid":{"rendered":"https:\/\/temporada-alta.com\/?page_id=97144"},"modified":"2025-08-06T08:59:27","modified_gmt":"2025-08-06T06:59:27","slug":"fundacion-la-ciutat-invisible","status":"publish","type":"page","link":"https:\/\/temporada-alta.com\/es\/fundacion-la-ciutat-invisible\/","title":{"rendered":"Fundaci\u00f3n La Ciutat Invisible"},"content":{"rendered":"<div id=\"modal-ready\">\n<h2 class=\"wp-block-heading\">\u00bfQu\u00e9 es?<\/h2>\n\n\n\n<div class=\"wp-block-columns is-layout-flex wp-container-core-columns-is-layout-7abde1fe wp-block-columns-is-layout-flex\" style=\"padding-top:var(--wp--preset--spacing--40);padding-bottom:var(--wp--preset--spacing--40)\">\n<div class=\"wp-block-column is-layout-flow wp-block-column-is-layout-flow\" style=\"flex-basis:66.66%\">\n<figure class=\"wp-block-image size-full\"><a href=\"http:\/\/www.ciutatinvisible.org\/la-fundacio\/\" target=\"_blank\" rel=\"noopener\"><img loading=\"lazy\" decoding=\"async\" width=\"600\" height=\"354\" src=\"https:\/\/temporada-alta.com\/wp-content\/uploads\/logo-ciutatI.jpg\" alt=\"\" class=\"wp-image-3635\" srcset=\"https:\/\/temporada-alta.com\/wp-content\/uploads\/logo-ciutatI.jpg 600w, https:\/\/temporada-alta.com\/wp-content\/uploads\/logo-ciutatI-300x177.jpg 300w\" sizes=\"auto, (max-width: 600px) 100vw, 600px\" \/><\/a><\/figure>\n<\/div>\n\n\n\n<div class=\"wp-block-column is-layout-flow wp-block-column-is-layout-flow\" style=\"flex-basis:33.33%\"><\/div>\n<\/div>\n\n\n\n<p>La Fundaci\u00f3 La Ciutat Invisible&nbsp;es una fundaci\u00f3n promovida por Bit\u00f2 que se constituye en 2013 con la voluntad de potenciar la vitalidad cultural del territorio y multiplicar los puntos de contacto entre los agentes culturales, el sector empresarial y la ciudadan\u00eda. Impulsa debates, investigaciones, programas educativos y proyectos de gesti\u00f3n cultural fundamentados en la transversalidad de la cultura, los derechos culturales y la capacidad educativa de las artes. La Ciudad Invisible promueve acciones vinculadas a proyectos culturales como Temporada Alta o el Teatro de Salt, en este \u00faltimo caso haciendo hincapi\u00e9 en la promoci\u00f3n de programas sociales y educativos para acercar las artes esc\u00e9nicas a j\u00f3venes y personas con riesgo de exclusi\u00f3n. Con la voluntad de convertirse en un cristalizador de todas aquellas energ\u00edas que se movilizan en torno a las artes esc\u00e9nicas y la cultura en Girona, La Ciudad Invisible ha puesto uno de sus focos en Temporada Alta como referente destacado.<\/p>\n\n\n\n<h2 class=\"wp-block-heading\"><strong><strong>\u00bfQue relaci\u00f3n tiene con Temporada Alta?<\/strong><\/strong><\/h2>\n\n\n\n<div class=\"wp-block-columns has-black-background-color has-background is-layout-flex wp-container-core-columns-is-layout-a54e0cfc wp-block-columns-is-layout-flex\" style=\"padding-top:var(--wp--preset--spacing--60);padding-bottom:var(--wp--preset--spacing--60)\">\n<div class=\"wp-block-column is-vertically-aligned-center is-layout-flow wp-block-column-is-layout-flow\">\n<figure class=\"wp-block-image size-full\"><img loading=\"lazy\" decoding=\"async\" width=\"600\" height=\"354\" src=\"https:\/\/temporada-alta.com\/wp-content\/uploads\/relacioTA.jpg\" alt=\"\" class=\"wp-image-3588\" srcset=\"https:\/\/temporada-alta.com\/wp-content\/uploads\/relacioTA.jpg 600w, https:\/\/temporada-alta.com\/wp-content\/uploads\/relacioTA-300x177.jpg 300w\" sizes=\"auto, (max-width: 600px) 100vw, 600px\" \/><\/figure>\n<\/div>\n\n\n\n<div class=\"wp-block-column is-vertically-aligned-center is-layout-flow wp-block-column-is-layout-flow\">\n<p class=\"has-white-color has-text-color has-link-color wp-elements-3fa8cb8a4e85792df82fd623b446366e\">La Fundaci\u00f3 La Ciutat Invisible y Temporada Alta sumamos ilusiones con la mirada puesta hacia un nuevo paradigma: la Europa de las ciudades, la Europa de la cultura. Buscamos nuevas f\u00f3rmulas de gesti\u00f3n de la cultura para hacerla accesible a todos y garantizar el derecho de los ciudadanos a tomar parte de la vida cultural. Queremos que el Festival sea tambi\u00e9n un espacio de reflexi\u00f3n sobre las artes esc\u00e9nicas, la creaci\u00f3n de nuevos p\u00fablicos y la relaci\u00f3n entre la cultura, la ciudadan\u00eda y la educaci\u00f3n. Hemos colaborado durante a\u00f1os para consolidar Temporada Alta como festival de referencia en el sur de Europa y posicionar el territorio como n\u00facleo teatral y generador de cultura.<\/p>\n<\/div>\n<\/div>\n\n\n\n<h2 class=\"wp-block-heading\"><strong><h2><strong>\u00bfCu\u00e1les son las l\u00edneas de acci\u00f3n con Temporada Alta?<\/strong><\/h2><\/strong><\/h2>\n\n\n\n<div class=\"wp-block-columns is-layout-flex wp-container-core-columns-is-layout-7abde1fe wp-block-columns-is-layout-flex\" style=\"padding-top:var(--wp--preset--spacing--40);padding-bottom:var(--wp--preset--spacing--40)\">\n<div class=\"wp-block-column is-vertically-aligned-center is-layout-flow wp-block-column-is-layout-flow\">\n<h3 class=\"wp-block-heading\">A Tempo, Arts i Formaci\u00f3&nbsp;<\/h3>\n\n\n\n<p>Es un proyecto dedicado a potenciar las relaciones entre el mundo cultural y educativo, a generar y promover espacios de interacci\u00f3n entre estudiantes, profesionales de la educaci\u00f3n y profesionales de las artes y la cultura.<br>Impulsado conjuntamente por la Fundaci\u00f3 La Ciutat Invisible y Temporada Alta, con el apoyo de la Fundaci\u00f3n Banco de Sabadell y la colaboraci\u00f3n de ConArte Internacional, tiene los objetivos de facilitar el acceso a la cultura de los j\u00f3venes, vincular la actividad art\u00edstica a la transformaci\u00f3n social, promover el intercambio entre profesionales de las artes y la educaci\u00f3n, implementar la educaci\u00f3n art\u00edstica en contextos de diversidad cultural y promover la educaci\u00f3n art\u00edstica para la cohesi\u00f3n social.<br>A Tempo, Arts y Formaci\u00f3 se estructura alrededor de un programa de actividades destinadas a j\u00f3venes o protagonizadas por j\u00f3venes. Acercamos los centros educativos a los profesionales de las artes, integramos la cultura a los proyectos educativos. Promovemos el trasvase entre cultura y educaci\u00f3n. En Temporada Alta queremos reforzar el compromiso con la educaci\u00f3n y convertirla en uno de los ejes del Festival.<\/p>\n\n\n\n<div class=\"wp-block-buttons is-content-justification-center is-layout-flex wp-container-core-buttons-is-layout-563154ed wp-block-buttons-is-layout-flex\" style=\"margin-top:0;margin-bottom:0\">\n<div class=\"wp-block-button\"><a class=\"wp-block-button__link has-dark-gray-color has-white-background-color has-text-color has-background has-link-color wp-element-button\" href=\"https:\/\/www.ciutatinvisible.org\/es\/projectes\/atempo\/\" style=\"border-width:1px\" target=\"_blank\" rel=\"noreferrer noopener\">Leer M\u00e1S<\/a><\/div>\n<\/div>\n<\/div>\n\n\n\n<div class=\"wp-block-column is-vertically-aligned-center is-layout-flow wp-block-column-is-layout-flow\">\n<figure class=\"wp-block-image size-full\"><img loading=\"lazy\" decoding=\"async\" width=\"600\" height=\"354\" src=\"https:\/\/temporada-alta.com\/wp-content\/uploads\/atempoartistesalaula.jpg\" alt=\"Fotografia cedida per ConArte\" class=\"wp-image-3555\" srcset=\"https:\/\/temporada-alta.com\/wp-content\/uploads\/atempoartistesalaula.jpg 600w, https:\/\/temporada-alta.com\/wp-content\/uploads\/atempoartistesalaula-300x177.jpg 300w\" sizes=\"auto, (max-width: 600px) 100vw, 600px\" \/><\/figure>\n<\/div>\n<\/div>\n\n\n\n<div class=\"wp-block-columns is-layout-flex wp-container-core-columns-is-layout-7abde1fe wp-block-columns-is-layout-flex\" style=\"padding-top:var(--wp--preset--spacing--40);padding-bottom:var(--wp--preset--spacing--40)\">\n<div class=\"wp-block-column is-vertically-aligned-center is-layout-flow wp-block-column-is-layout-flow\">\n<figure class=\"wp-block-image size-full\"><img loading=\"lazy\" decoding=\"async\" width=\"1000\" height=\"500\" src=\"https:\/\/temporada-alta.com\/wp-content\/uploads\/club.jpg\" alt=\"\" class=\"wp-image-9980\" srcset=\"https:\/\/temporada-alta.com\/wp-content\/uploads\/club.jpg 1000w, https:\/\/temporada-alta.com\/wp-content\/uploads\/club-300x150.jpg 300w, https:\/\/temporada-alta.com\/wp-content\/uploads\/club-768x384.jpg 768w\" sizes=\"auto, (max-width: 1000px) 100vw, 1000px\" \/><\/figure>\n<\/div>\n\n\n\n<div class=\"wp-block-column is-vertically-aligned-center is-layout-flow wp-block-column-is-layout-flow\">\n<h3 class=\"wp-block-heading\">El Club de La Ciutat Invisible<\/h3>\n\n\n\n<p>El Club de La Ciutat Invisible lo forman un grupo de espectadores interesados en las artes esc\u00e9nicas y la cultura. Adem\u00e1s de disfrutar de informaci\u00f3n, ventajas y propuestas exclusivas de teatro, m\u00fasica, danza, cine, arte y cultura, los miembros de El Club de La Ciutat Invisible dejan de ser espectadores pasivos y simples consumidores culturales para convertirse en protagonistas de un modelo cultural m\u00e1s participativo.<\/p>\n\n\n\n<div class=\"wp-block-buttons is-content-justification-center is-layout-flex wp-container-core-buttons-is-layout-a89b3969 wp-block-buttons-is-layout-flex\">\n<div class=\"wp-block-button\"><a class=\"wp-block-button__link has-dark-gray-color has-white-background-color has-text-color has-background has-link-color wp-element-button\" href=\"https:\/\/www.ciutatinvisible.org\/es\/projectes\/el-club\/\" style=\"border-width:1px\" target=\"_blank\" rel=\"noreferrer noopener\">Leer M\u00e1S<\/a><\/div>\n<\/div>\n<\/div>\n<\/div>\n\n\n\n<div class=\"wp-block-columns is-layout-flex wp-container-core-columns-is-layout-7abde1fe wp-block-columns-is-layout-flex\" style=\"padding-top:var(--wp--preset--spacing--40);padding-bottom:var(--wp--preset--spacing--40)\">\n<div class=\"wp-block-column is-vertically-aligned-center is-layout-flow wp-block-column-is-layout-flow\">\n<h3 class=\"wp-block-heading\">Art\u00e8ria&nbsp;<\/h3>\n\n\n\n<p>Art\u00e8ria es un nuevo colectivo de La Fundaci\u00f3 La Ciutat Invisible creado para acercar las artes esc\u00e9nicas a los j\u00f3venes menores de 30 a\u00f1os, para que pod\u00e1is disfrutar de diversas ventajas y actividades especialmente pensadas para vosotros. Queremos que hagas tuyo el Festival, que nos digas qu\u00e9 piensas, te impliques y vivas todav\u00eda m\u00e1s intensamente la programaci\u00f3n y las actividades que lo rodean. Queremos sangre nueva en Temporada Alta.<\/p>\n\n\n\n<div class=\"wp-block-buttons is-content-justification-center is-layout-flex wp-container-core-buttons-is-layout-a89b3969 wp-block-buttons-is-layout-flex\">\n<div class=\"wp-block-button\"><a class=\"wp-block-button__link has-dark-gray-color has-white-background-color has-text-color has-background has-link-color wp-element-button\" href=\"https:\/\/www.ciutatinvisible.org\/es\/projectes\/arteria\/\" style=\"border-width:1px\" target=\"_blank\" rel=\"noreferrer noopener\">leer m\u00e1s<\/a><\/div>\n<\/div>\n<\/div>\n\n\n\n<div class=\"wp-block-column is-vertically-aligned-center is-layout-flow wp-block-column-is-layout-flow\">\n<figure class=\"wp-block-image size-full\"><img loading=\"lazy\" decoding=\"async\" width=\"768\" height=\"384\" src=\"https:\/\/temporada-alta.com\/wp-content\/uploads\/arteriapngweb.png\" alt=\"\" class=\"wp-image-71087\" srcset=\"https:\/\/temporada-alta.com\/wp-content\/uploads\/arteriapngweb.png 768w, https:\/\/temporada-alta.com\/wp-content\/uploads\/arteriapngweb-630x315.png 630w\" sizes=\"auto, (max-width: 768px) 100vw, 768px\" \/><\/figure>\n<\/div>\n<\/div>\n\n\n\n<div class=\"wp-block-columns is-layout-flex wp-container-core-columns-is-layout-7abde1fe wp-block-columns-is-layout-flex\" style=\"padding-top:var(--wp--preset--spacing--40);padding-bottom:var(--wp--preset--spacing--40)\">\n<div class=\"wp-block-column is-vertically-aligned-center is-layout-flow wp-block-column-is-layout-flow\">\n<figure class=\"wp-block-image size-full\"><img loading=\"lazy\" decoding=\"async\" width=\"600\" height=\"354\" src=\"https:\/\/temporada-alta.com\/wp-content\/uploads\/espaidepensament.jpg\" alt=\"\" class=\"wp-image-3573\" srcset=\"https:\/\/temporada-alta.com\/wp-content\/uploads\/espaidepensament.jpg 600w, https:\/\/temporada-alta.com\/wp-content\/uploads\/espaidepensament-300x177.jpg 300w\" sizes=\"auto, (max-width: 600px) 100vw, 600px\" \/><\/figure>\n<\/div>\n\n\n\n<div class=\"wp-block-column is-vertically-aligned-center is-layout-flow wp-block-column-is-layout-flow\">\n<h3 class=\"wp-block-heading\">Espai de Pensament&nbsp;<\/h3>\n\n\n\n<p>El Espai de Pensament es la f\u00e1brica de ideas de La Ciutat Invisible. Es un organismo que tiene como objetivo reflexionar sobre las nuevas formas de cultura, sobre el futuro de las ciudades como integrantes de Europa o sobre la relaci\u00f3n entre econom\u00eda y ciudadan\u00eda. Es justamente en este espacio donde empezaron a germinar proyectos ya consolidados como A Tempo o Gir 180\u00ba.<\/p>\n\n\n\n<div class=\"wp-block-buttons is-content-justification-center is-layout-flex wp-container-core-buttons-is-layout-a89b3969 wp-block-buttons-is-layout-flex\">\n<div class=\"wp-block-button\"><a class=\"wp-block-button__link has-dark-gray-color has-white-background-color has-text-color has-background has-link-color wp-element-button\" href=\"https:\/\/www.ciutatinvisible.org\/es\/projectes\/espacio-de-pensamiento\/\" style=\"border-width:1px\" target=\"_blank\" rel=\"noreferrer noopener\">leer m\u00e1s<\/a><\/div>\n<\/div>\n<\/div>\n<\/div>\n\n\n\n<div class=\"wp-block-columns are-vertically-aligned-center is-layout-flex wp-container-core-columns-is-layout-7abde1fe wp-block-columns-is-layout-flex\" style=\"padding-top:var(--wp--preset--spacing--40);padding-bottom:var(--wp--preset--spacing--40)\">\n<div class=\"wp-block-column is-vertically-aligned-center is-layout-flow wp-block-column-is-layout-flow\">\n<h3 class=\"wp-block-heading\">El Cercle de La Ciutat Invisible&nbsp;<\/h3>\n\n\n\n<p>El Cercle de La Ciutat Invisible es el punto de encuentro entre la cultura y el sector empresarial. Una herramienta de apoyo a la promoci\u00f3n social y c\u00edvica de Temporada Alta. El Cercle suele financiar uno de los espect\u00e1culos internacionales de primer nivel de Temporada Alta. Tambi\u00e9n destacamos que, como iniciativa del Programa Butaques Socials, El Cercle cede butacas a entidades y colectivos que trabajan por la inserci\u00f3n de personas con riesgo de exclusi\u00f3n social.<\/p>\n\n\n\n<div class=\"wp-block-buttons is-content-justification-center is-layout-flex wp-container-core-buttons-is-layout-a89b3969 wp-block-buttons-is-layout-flex\">\n<div class=\"wp-block-button\"><a class=\"wp-block-button__link has-dark-gray-color has-white-background-color has-text-color has-background has-link-color wp-element-button\" href=\"https:\/\/www.ciutatinvisible.org\/es\/projectes\/el-cercle\/\" style=\"border-width:1px\" target=\"_blank\" rel=\"noreferrer noopener\">leer m\u00e1S<\/a><\/div>\n<\/div>\n<\/div>\n\n\n\n<div class=\"wp-block-column is-vertically-aligned-center is-layout-flow wp-block-column-is-layout-flow\">\n<figure class=\"wp-block-image size-full\"><img loading=\"lazy\" decoding=\"async\" width=\"600\" height=\"354\" src=\"https:\/\/temporada-alta.com\/wp-content\/uploads\/elcercle.jpg\" alt=\"\" class=\"wp-image-3564\" srcset=\"https:\/\/temporada-alta.com\/wp-content\/uploads\/elcercle.jpg 600w, https:\/\/temporada-alta.com\/wp-content\/uploads\/elcercle-300x177.jpg 300w\" sizes=\"auto, (max-width: 600px) 100vw, 600px\" \/><\/figure>\n<\/div>\n<\/div>\n\n\n\n<p><\/p>\n<\/div>","protected":false},"excerpt":{"rendered":"<p>\u00bfQu\u00e9 es? La Fundaci\u00f3 La Ciutat Invisible&nbsp;es una fundaci\u00f3n promovida por Bit\u00f2 que se constituye en 2013 con&#8230;<\/p>\n","protected":false},"author":35132,"featured_media":0,"parent":0,"menu_order":0,"comment_status":"closed","ping_status":"closed","template":"","meta":{"_acf_changed":false,"footnotes":""},"class_list":["post-97144","page","type-page","status-publish","hentry"],"acf":[],"yoast_head":"<!-- This site is optimized with the Yoast SEO plugin v27.0 - https:\/\/yoast.com\/product\/yoast-seo-wordpress\/ -->\n<title>Fundaci\u00f3n La Ciutat Invisible - Temporada Alta<\/title>\n<meta name=\"robots\" content=\"index, follow, max-snippet:-1, max-image-preview:large, max-video-preview:-1\" \/>\n<link rel=\"canonical\" href=\"https:\/\/temporada-alta.com\/es\/fundacion-la-ciutat-invisible\/\" \/>\n<meta property=\"og:locale\" content=\"es_ES\" \/>\n<meta property=\"og:type\" content=\"article\" \/>\n<meta property=\"og:title\" content=\"Fundaci\u00f3n La Ciutat Invisible - Temporada Alta\" \/>\n<meta property=\"og:description\" content=\"\u00bfQu\u00e9 es? La Fundaci\u00f3 La Ciutat Invisible&nbsp;es una fundaci\u00f3n promovida por Bit\u00f2 que se constituye en 2013 con...\" \/>\n<meta property=\"og:url\" content=\"https:\/\/temporada-alta.com\/es\/fundacion-la-ciutat-invisible\/\" \/>\n<meta property=\"og:site_name\" content=\"Temporada Alta\" \/>\n<meta property=\"article:modified_time\" content=\"2025-08-06T06:59:27+00:00\" \/>\n<meta property=\"og:image\" content=\"https:\/\/temporada-alta.com\/wp-content\/uploads\/logo-ciutatI.jpg\" \/>\n\t<meta property=\"og:image:width\" content=\"600\" \/>\n\t<meta property=\"og:image:height\" content=\"354\" \/>\n\t<meta property=\"og:image:type\" content=\"image\/jpeg\" \/>\n<meta name=\"twitter:card\" content=\"summary_large_image\" \/>\n<script type=\"application\/ld+json\" class=\"yoast-schema-graph\">{\"@context\":\"https:\/\/schema.org\",\"@graph\":[{\"@type\":\"WebPage\",\"@id\":\"https:\/\/temporada-alta.com\/es\/fundacion-la-ciutat-invisible\/\",\"url\":\"https:\/\/temporada-alta.com\/es\/fundacion-la-ciutat-invisible\/\",\"name\":\"Fundaci\u00f3n La Ciutat Invisible - Temporada Alta\",\"isPartOf\":{\"@id\":\"https:\/\/temporada-alta.com\/es\/#website\"},\"primaryImageOfPage\":{\"@id\":\"https:\/\/temporada-alta.com\/es\/fundacion-la-ciutat-invisible\/#primaryimage\"},\"image\":{\"@id\":\"https:\/\/temporada-alta.com\/es\/fundacion-la-ciutat-invisible\/#primaryimage\"},\"thumbnailUrl\":\"https:\/\/temporada-alta.com\/wp-content\/uploads\/logo-ciutatI.jpg\",\"datePublished\":\"2024-09-20T11:26:11+00:00\",\"dateModified\":\"2025-08-06T06:59:27+00:00\",\"breadcrumb\":{\"@id\":\"https:\/\/temporada-alta.com\/es\/fundacion-la-ciutat-invisible\/#breadcrumb\"},\"inLanguage\":\"es\",\"potentialAction\":[{\"@type\":\"ReadAction\",\"target\":[\"https:\/\/temporada-alta.com\/es\/fundacion-la-ciutat-invisible\/\"]}]},{\"@type\":\"ImageObject\",\"inLanguage\":\"es\",\"@id\":\"https:\/\/temporada-alta.com\/es\/fundacion-la-ciutat-invisible\/#primaryimage\",\"url\":\"https:\/\/temporada-alta.com\/wp-content\/uploads\/logo-ciutatI.jpg\",\"contentUrl\":\"https:\/\/temporada-alta.com\/wp-content\/uploads\/logo-ciutatI.jpg\"},{\"@type\":\"BreadcrumbList\",\"@id\":\"https:\/\/temporada-alta.com\/es\/fundacion-la-ciutat-invisible\/#breadcrumb\",\"itemListElement\":[{\"@type\":\"ListItem\",\"position\":1,\"name\":\"Inici\",\"item\":\"https:\/\/temporada-alta.com\/es\/\"},{\"@type\":\"ListItem\",\"position\":2,\"name\":\"Fundaci\u00f3n La Ciutat Invisible\"}]},{\"@type\":\"WebSite\",\"@id\":\"https:\/\/temporada-alta.com\/es\/#website\",\"url\":\"https:\/\/temporada-alta.com\/es\/\",\"name\":\"Temporada Alta\",\"description\":\"Festival d&#039;Arts Esc\u00e8niques\",\"publisher\":{\"@id\":\"https:\/\/temporada-alta.com\/es\/#organization\"},\"potentialAction\":[{\"@type\":\"SearchAction\",\"target\":{\"@type\":\"EntryPoint\",\"urlTemplate\":\"https:\/\/temporada-alta.com\/es\/?s={search_term_string}\"},\"query-input\":{\"@type\":\"PropertyValueSpecification\",\"valueRequired\":true,\"valueName\":\"search_term_string\"}}],\"inLanguage\":\"es\"},{\"@type\":\"Organization\",\"@id\":\"https:\/\/temporada-alta.com\/es\/#organization\",\"name\":\"Temporada Alta\",\"url\":\"https:\/\/temporada-alta.com\/es\/\",\"logo\":{\"@type\":\"ImageObject\",\"inLanguage\":\"es\",\"@id\":\"https:\/\/temporada-alta.com\/es\/#\/schema\/logo\/image\/\",\"url\":\"https:\/\/temporada-alta.com\/wp-content\/uploads\/TA21-Logotip-pos.png\",\"contentUrl\":\"https:\/\/temporada-alta.com\/wp-content\/uploads\/TA21-Logotip-pos.png\",\"width\":800,\"height\":267,\"caption\":\"Temporada Alta\"},\"image\":{\"@id\":\"https:\/\/temporada-alta.com\/es\/#\/schema\/logo\/image\/\"}}]}<\/script>\n<!-- \/ Yoast SEO plugin. -->","yoast_head_json":{"title":"Fundaci\u00f3n La Ciutat Invisible - Temporada Alta","robots":{"index":"index","follow":"follow","max-snippet":"max-snippet:-1","max-image-preview":"max-image-preview:large","max-video-preview":"max-video-preview:-1"},"canonical":"https:\/\/temporada-alta.com\/es\/fundacion-la-ciutat-invisible\/","og_locale":"es_ES","og_type":"article","og_title":"Fundaci\u00f3n La Ciutat Invisible - Temporada Alta","og_description":"\u00bfQu\u00e9 es? La Fundaci\u00f3 La Ciutat Invisible&nbsp;es una fundaci\u00f3n promovida por Bit\u00f2 que se constituye en 2013 con...","og_url":"https:\/\/temporada-alta.com\/es\/fundacion-la-ciutat-invisible\/","og_site_name":"Temporada Alta","article_modified_time":"2025-08-06T06:59:27+00:00","og_image":[{"width":600,"height":354,"url":"https:\/\/temporada-alta.com\/wp-content\/uploads\/logo-ciutatI.jpg","type":"image\/jpeg"}],"twitter_card":"summary_large_image","schema":{"@context":"https:\/\/schema.org","@graph":[{"@type":"WebPage","@id":"https:\/\/temporada-alta.com\/es\/fundacion-la-ciutat-invisible\/","url":"https:\/\/temporada-alta.com\/es\/fundacion-la-ciutat-invisible\/","name":"Fundaci\u00f3n La Ciutat Invisible - Temporada Alta","isPartOf":{"@id":"https:\/\/temporada-alta.com\/es\/#website"},"primaryImageOfPage":{"@id":"https:\/\/temporada-alta.com\/es\/fundacion-la-ciutat-invisible\/#primaryimage"},"image":{"@id":"https:\/\/temporada-alta.com\/es\/fundacion-la-ciutat-invisible\/#primaryimage"},"thumbnailUrl":"https:\/\/temporada-alta.com\/wp-content\/uploads\/logo-ciutatI.jpg","datePublished":"2024-09-20T11:26:11+00:00","dateModified":"2025-08-06T06:59:27+00:00","breadcrumb":{"@id":"https:\/\/temporada-alta.com\/es\/fundacion-la-ciutat-invisible\/#breadcrumb"},"inLanguage":"es","potentialAction":[{"@type":"ReadAction","target":["https:\/\/temporada-alta.com\/es\/fundacion-la-ciutat-invisible\/"]}]},{"@type":"ImageObject","inLanguage":"es","@id":"https:\/\/temporada-alta.com\/es\/fundacion-la-ciutat-invisible\/#primaryimage","url":"https:\/\/temporada-alta.com\/wp-content\/uploads\/logo-ciutatI.jpg","contentUrl":"https:\/\/temporada-alta.com\/wp-content\/uploads\/logo-ciutatI.jpg"},{"@type":"BreadcrumbList","@id":"https:\/\/temporada-alta.com\/es\/fundacion-la-ciutat-invisible\/#breadcrumb","itemListElement":[{"@type":"ListItem","position":1,"name":"Inici","item":"https:\/\/temporada-alta.com\/es\/"},{"@type":"ListItem","position":2,"name":"Fundaci\u00f3n La Ciutat Invisible"}]},{"@type":"WebSite","@id":"https:\/\/temporada-alta.com\/es\/#website","url":"https:\/\/temporada-alta.com\/es\/","name":"Temporada Alta","description":"Festival d&#039;Arts Esc\u00e8niques","publisher":{"@id":"https:\/\/temporada-alta.com\/es\/#organization"},"potentialAction":[{"@type":"SearchAction","target":{"@type":"EntryPoint","urlTemplate":"https:\/\/temporada-alta.com\/es\/?s={search_term_string}"},"query-input":{"@type":"PropertyValueSpecification","valueRequired":true,"valueName":"search_term_string"}}],"inLanguage":"es"},{"@type":"Organization","@id":"https:\/\/temporada-alta.com\/es\/#organization","name":"Temporada Alta","url":"https:\/\/temporada-alta.com\/es\/","logo":{"@type":"ImageObject","inLanguage":"es","@id":"https:\/\/temporada-alta.com\/es\/#\/schema\/logo\/image\/","url":"https:\/\/temporada-alta.com\/wp-content\/uploads\/TA21-Logotip-pos.png","contentUrl":"https:\/\/temporada-alta.com\/wp-content\/uploads\/TA21-Logotip-pos.png","width":800,"height":267,"caption":"Temporada Alta"},"image":{"@id":"https:\/\/temporada-alta.com\/es\/#\/schema\/logo\/image\/"}}]}},"_links":{"self":[{"href":"https:\/\/temporada-alta.com\/es\/wp-json\/wp\/v2\/pages\/97144","targetHints":{"allow":["GET"]}}],"collection":[{"href":"https:\/\/temporada-alta.com\/es\/wp-json\/wp\/v2\/pages"}],"about":[{"href":"https:\/\/temporada-alta.com\/es\/wp-json\/wp\/v2\/types\/page"}],"author":[{"embeddable":true,"href":"https:\/\/temporada-alta.com\/es\/wp-json\/wp\/v2\/users\/35132"}],"replies":[{"embeddable":true,"href":"https:\/\/temporada-alta.com\/es\/wp-json\/wp\/v2\/comments?post=97144"}],"version-history":[{"count":5,"href":"https:\/\/temporada-alta.com\/es\/wp-json\/wp\/v2\/pages\/97144\/revisions"}],"predecessor-version":[{"id":103037,"href":"https:\/\/temporada-alta.com\/es\/wp-json\/wp\/v2\/pages\/97144\/revisions\/103037"}],"wp:attachment":[{"href":"https:\/\/temporada-alta.com\/es\/wp-json\/wp\/v2\/media?parent=97144"}],"curies":[{"name":"wp","href":"https:\/\/api.w.org\/{rel}","templated":true}]}}