{"id":93099,"date":"2024-07-11T17:33:21","date_gmt":"2024-07-11T15:33:21","guid":{"rendered":"https:\/\/temporada-alta.com\/?page_id=93099"},"modified":"2025-11-27T12:44:40","modified_gmt":"2025-11-27T11:44:40","slug":"big-bang","status":"publish","type":"page","link":"https:\/\/temporada-alta.com\/es\/big-bang\/","title":{"rendered":"Big Bang"},"content":{"rendered":"<div id=\"modal-ready\">\n<p>Durante el Big Bang ofrecemos al p\u00fablico y los profesionales una muestra de artistas y compa\u00f1\u00edas de fuera de Catalunya, aunque el grueso de la programaci\u00f3n est\u00e1 siempre formado por artistas del pa\u00eds.<\/p>\n\n\n\n<p>Presentamos un repertorio de propuestas de compa\u00f1\u00edas catalanas a programadores de todo el mundo para tejer redes y facilitar su proyecci\u00f3n y consolidaci\u00f3n en el mercado internacional. Queremos fomentar el intercambio de proyectos, la producci\u00f3n y circulaci\u00f3n de espect\u00e1culos, y la complicidad entre instituciones, artistas y profesionales internacionales.<\/p>\n\n\n\n<p>El Big Bang tiene lugar en pleno festival y es una explosi\u00f3n de talento y una apuesta de futuro. Concretamente, el Big Bang consiste en unos d\u00edas de concentraci\u00f3n de propuestas esc\u00e9nicas y de afluencia de profesionales del sector. Nos suelen visitar cerca de un centenar de profesionales de todo el mundo de perfiles variados (dramaturgia, interpretaci\u00f3n, programaci\u00f3n, direcci\u00f3n, gesti\u00f3n, traducci\u00f3n, escenograf\u00eda&#8230;). Este es un buen ejemplo del grado de internacionalizaci\u00f3n de Temporada Alta. Favorecemos la presencia de profesionales y agentes internacionales para dar a conocer la realidad esc\u00e9nica del pa\u00eds y generar futuras colaboraciones internacionales.&nbsp;<\/p>\n\n\n\n<div class=\"wp-block-buttons is-content-justification-center is-layout-flex wp-container-core-buttons-is-layout-a89b3969 wp-block-buttons-is-layout-flex\">\n<div class=\"wp-block-button\"><a class=\"wp-block-button__link wp-element-button\" href=\"https:\/\/temporada-alta.com\/es\/etiquetes_internes\/big-bang-es\/\">PROGRAMACI\u00d3N BIG BANG 2025<\/a><\/div>\n<\/div>\n\n\n\n<figure class=\"wp-block-embed is-type-video is-provider-youtube wp-block-embed-youtube wp-embed-aspect-16-9 wp-has-aspect-ratio\"><div class=\"wp-block-embed__wrapper\">\n<iframe loading=\"lazy\" title=\"\ud83d\udca5 Big Bang Temporada Alta 2025\" width=\"500\" height=\"281\" src=\"https:\/\/www.youtube.com\/embed\/ljFlJatmUZI?feature=oembed\" frameborder=\"0\" allow=\"accelerometer; autoplay; clipboard-write; encrypted-media; gyroscope; picture-in-picture; web-share\" referrerpolicy=\"strict-origin-when-cross-origin\" allowfullscreen><\/iframe>\n<\/div><\/figure>\n<\/div>","protected":false},"excerpt":{"rendered":"<p>Durante el Big Bang ofrecemos al p\u00fablico y los profesionales una muestra de artistas y compa\u00f1\u00edas de fuera&#8230;<\/p>\n","protected":false},"author":36118,"featured_media":0,"parent":0,"menu_order":7,"comment_status":"closed","ping_status":"closed","template":"","meta":{"_acf_changed":false,"footnotes":""},"class_list":["post-93099","page","type-page","status-publish","hentry"],"acf":[],"yoast_head":"<!-- This site is optimized with the Yoast SEO plugin v27.0 - https:\/\/yoast.com\/product\/yoast-seo-wordpress\/ -->\n<title>Big Bang - Temporada Alta<\/title>\n<meta name=\"robots\" content=\"index, follow, max-snippet:-1, max-image-preview:large, max-video-preview:-1\" \/>\n<link rel=\"canonical\" href=\"https:\/\/temporada-alta.com\/es\/big-bang\/\" \/>\n<meta property=\"og:locale\" content=\"es_ES\" \/>\n<meta property=\"og:type\" content=\"article\" \/>\n<meta property=\"og:title\" content=\"Big Bang - Temporada Alta\" \/>\n<meta property=\"og:description\" content=\"Durante el Big Bang ofrecemos al p\u00fablico y los profesionales una muestra de artistas y compa\u00f1\u00edas de fuera...\" \/>\n<meta property=\"og:url\" content=\"https:\/\/temporada-alta.com\/es\/big-bang\/\" \/>\n<meta property=\"og:site_name\" content=\"Temporada Alta\" \/>\n<meta property=\"article:modified_time\" content=\"2025-11-27T11:44:40+00:00\" \/>\n<meta name=\"twitter:card\" content=\"summary_large_image\" \/>\n<script type=\"application\/ld+json\" class=\"yoast-schema-graph\">{\"@context\":\"https:\/\/schema.org\",\"@graph\":[{\"@type\":\"WebPage\",\"@id\":\"https:\/\/temporada-alta.com\/es\/big-bang\/\",\"url\":\"https:\/\/temporada-alta.com\/es\/big-bang\/\",\"name\":\"Big Bang - Temporada Alta\",\"isPartOf\":{\"@id\":\"https:\/\/temporada-alta.com\/es\/#website\"},\"datePublished\":\"2024-07-11T15:33:21+00:00\",\"dateModified\":\"2025-11-27T11:44:40+00:00\",\"breadcrumb\":{\"@id\":\"https:\/\/temporada-alta.com\/es\/big-bang\/#breadcrumb\"},\"inLanguage\":\"es\",\"potentialAction\":[{\"@type\":\"ReadAction\",\"target\":[\"https:\/\/temporada-alta.com\/es\/big-bang\/\"]}]},{\"@type\":\"BreadcrumbList\",\"@id\":\"https:\/\/temporada-alta.com\/es\/big-bang\/#breadcrumb\",\"itemListElement\":[{\"@type\":\"ListItem\",\"position\":1,\"name\":\"Inici\",\"item\":\"https:\/\/temporada-alta.com\/es\/\"},{\"@type\":\"ListItem\",\"position\":2,\"name\":\"Big Bang\"}]},{\"@type\":\"WebSite\",\"@id\":\"https:\/\/temporada-alta.com\/es\/#website\",\"url\":\"https:\/\/temporada-alta.com\/es\/\",\"name\":\"Temporada Alta\",\"description\":\"Festival d&#039;Arts Esc\u00e8niques\",\"publisher\":{\"@id\":\"https:\/\/temporada-alta.com\/es\/#organization\"},\"potentialAction\":[{\"@type\":\"SearchAction\",\"target\":{\"@type\":\"EntryPoint\",\"urlTemplate\":\"https:\/\/temporada-alta.com\/es\/?s={search_term_string}\"},\"query-input\":{\"@type\":\"PropertyValueSpecification\",\"valueRequired\":true,\"valueName\":\"search_term_string\"}}],\"inLanguage\":\"es\"},{\"@type\":\"Organization\",\"@id\":\"https:\/\/temporada-alta.com\/es\/#organization\",\"name\":\"Temporada Alta\",\"url\":\"https:\/\/temporada-alta.com\/es\/\",\"logo\":{\"@type\":\"ImageObject\",\"inLanguage\":\"es\",\"@id\":\"https:\/\/temporada-alta.com\/es\/#\/schema\/logo\/image\/\",\"url\":\"https:\/\/temporada-alta.com\/wp-content\/uploads\/TA21-Logotip-pos.png\",\"contentUrl\":\"https:\/\/temporada-alta.com\/wp-content\/uploads\/TA21-Logotip-pos.png\",\"width\":800,\"height\":267,\"caption\":\"Temporada Alta\"},\"image\":{\"@id\":\"https:\/\/temporada-alta.com\/es\/#\/schema\/logo\/image\/\"}}]}<\/script>\n<!-- \/ Yoast SEO plugin. -->","yoast_head_json":{"title":"Big Bang - Temporada Alta","robots":{"index":"index","follow":"follow","max-snippet":"max-snippet:-1","max-image-preview":"max-image-preview:large","max-video-preview":"max-video-preview:-1"},"canonical":"https:\/\/temporada-alta.com\/es\/big-bang\/","og_locale":"es_ES","og_type":"article","og_title":"Big Bang - Temporada Alta","og_description":"Durante el Big Bang ofrecemos al p\u00fablico y los profesionales una muestra de artistas y compa\u00f1\u00edas de fuera...","og_url":"https:\/\/temporada-alta.com\/es\/big-bang\/","og_site_name":"Temporada Alta","article_modified_time":"2025-11-27T11:44:40+00:00","twitter_card":"summary_large_image","schema":{"@context":"https:\/\/schema.org","@graph":[{"@type":"WebPage","@id":"https:\/\/temporada-alta.com\/es\/big-bang\/","url":"https:\/\/temporada-alta.com\/es\/big-bang\/","name":"Big Bang - Temporada Alta","isPartOf":{"@id":"https:\/\/temporada-alta.com\/es\/#website"},"datePublished":"2024-07-11T15:33:21+00:00","dateModified":"2025-11-27T11:44:40+00:00","breadcrumb":{"@id":"https:\/\/temporada-alta.com\/es\/big-bang\/#breadcrumb"},"inLanguage":"es","potentialAction":[{"@type":"ReadAction","target":["https:\/\/temporada-alta.com\/es\/big-bang\/"]}]},{"@type":"BreadcrumbList","@id":"https:\/\/temporada-alta.com\/es\/big-bang\/#breadcrumb","itemListElement":[{"@type":"ListItem","position":1,"name":"Inici","item":"https:\/\/temporada-alta.com\/es\/"},{"@type":"ListItem","position":2,"name":"Big Bang"}]},{"@type":"WebSite","@id":"https:\/\/temporada-alta.com\/es\/#website","url":"https:\/\/temporada-alta.com\/es\/","name":"Temporada Alta","description":"Festival d&#039;Arts Esc\u00e8niques","publisher":{"@id":"https:\/\/temporada-alta.com\/es\/#organization"},"potentialAction":[{"@type":"SearchAction","target":{"@type":"EntryPoint","urlTemplate":"https:\/\/temporada-alta.com\/es\/?s={search_term_string}"},"query-input":{"@type":"PropertyValueSpecification","valueRequired":true,"valueName":"search_term_string"}}],"inLanguage":"es"},{"@type":"Organization","@id":"https:\/\/temporada-alta.com\/es\/#organization","name":"Temporada Alta","url":"https:\/\/temporada-alta.com\/es\/","logo":{"@type":"ImageObject","inLanguage":"es","@id":"https:\/\/temporada-alta.com\/es\/#\/schema\/logo\/image\/","url":"https:\/\/temporada-alta.com\/wp-content\/uploads\/TA21-Logotip-pos.png","contentUrl":"https:\/\/temporada-alta.com\/wp-content\/uploads\/TA21-Logotip-pos.png","width":800,"height":267,"caption":"Temporada Alta"},"image":{"@id":"https:\/\/temporada-alta.com\/es\/#\/schema\/logo\/image\/"}}]}},"_links":{"self":[{"href":"https:\/\/temporada-alta.com\/es\/wp-json\/wp\/v2\/pages\/93099","targetHints":{"allow":["GET"]}}],"collection":[{"href":"https:\/\/temporada-alta.com\/es\/wp-json\/wp\/v2\/pages"}],"about":[{"href":"https:\/\/temporada-alta.com\/es\/wp-json\/wp\/v2\/types\/page"}],"author":[{"embeddable":true,"href":"https:\/\/temporada-alta.com\/es\/wp-json\/wp\/v2\/users\/36118"}],"replies":[{"embeddable":true,"href":"https:\/\/temporada-alta.com\/es\/wp-json\/wp\/v2\/comments?post=93099"}],"version-history":[{"count":5,"href":"https:\/\/temporada-alta.com\/es\/wp-json\/wp\/v2\/pages\/93099\/revisions"}],"predecessor-version":[{"id":106742,"href":"https:\/\/temporada-alta.com\/es\/wp-json\/wp\/v2\/pages\/93099\/revisions\/106742"}],"wp:attachment":[{"href":"https:\/\/temporada-alta.com\/es\/wp-json\/wp\/v2\/media?parent=93099"}],"curies":[{"name":"wp","href":"https:\/\/api.w.org\/{rel}","templated":true}]}}