{"id":4537,"date":"2018-08-09T09:19:41","date_gmt":"2018-08-09T07:19:41","guid":{"rendered":"https:\/\/www.temporada-alta.com\/?page_id=4537"},"modified":"2025-02-17T16:25:43","modified_gmt":"2025-02-17T15:25:43","slug":"pyrenart-2","status":"publish","type":"page","link":"https:\/\/temporada-alta.com\/es\/pyrenart-2\/","title":{"rendered":"Pyrenart II"},"content":{"rendered":"<div id=\"modal-ready\">\n<figure class=\"wp-block-image aligncenter size-full\"><img loading=\"lazy\" decoding=\"async\" width=\"1000\" height=\"300\" src=\"https:\/\/temporada-alta.com\/wp-content\/uploads\/verok-2.png\" alt=\"\" class=\"wp-image-99456\" srcset=\"https:\/\/temporada-alta.com\/wp-content\/uploads\/verok-2.png 1000w, https:\/\/temporada-alta.com\/wp-content\/uploads\/verok-2-630x189.png 630w, https:\/\/temporada-alta.com\/wp-content\/uploads\/verok-2-768x230.png 768w\" sizes=\"auto, (max-width: 1000px) 100vw, 1000px\" \/><figcaption class=\"wp-element-caption\"><em>Totentaz de La Veronal, espect\u00e1culo programado en TA24 en el marco del proyecto Pyrenart II<\/em><\/figcaption><\/figure>\n\n\n\n<p><strong>Pyrenart II<\/strong> est\u00e1 concebido para desarrollar la cooperaci\u00f3n transfronteriza en materia de emprendimiento cultural en las artes esc\u00e9nicas, favoreciendo el desarrollo y la internacionalizaci\u00f3n de las estructuras de artes esc\u00e9nicas. Nace despu\u00e9s de <strong>Pyrenart I<\/strong> y est\u00e1 previsto que se desarrolle desde el <strong>1 de septiembre de 2024 hasta el 31 de agosto de 2027<\/strong>.<\/p>\n\n\n\n<p>Coordinado por <strong>Occitanie en Sc\u00e8ne<\/strong>, re\u00fane a <strong>12 socios<\/strong> de todo el espacio transfronterizo Francia-Espa\u00f1a:<\/p>\n\n\n\n<ul class=\"wp-block-list\">\n<li><strong>Occitanie en Sc\u00e8ne<\/strong> (Occitania), l\u00edder del proyecto<\/li>\n\n\n\n<li><strong>Th\u00e9\u00e2tredelaCit\u00e9 &#8211; CDN Toulouse Occitanie<\/strong> (Occitania)<\/li>\n\n\n\n<li><strong>La Grainerie<\/strong>, f\u00e1brica de las artes del circo y de la itinerancia (Occitania)<\/li>\n\n\n\n<li><strong>L&#8217;Estive<\/strong>, escena nacional de Foix y de Ari\u00e8ge (Occitania)<\/li>\n\n\n\n<li><strong>Le Parvis<\/strong>, escena nacional Tarbes Pirineos (Occitania)<\/li>\n\n\n\n<li><strong>Comunidad de aglomeraci\u00f3n Pau Bearn Pirineos<\/strong> (Nueva Aquitania)<\/li>\n\n\n\n<li><strong>Escena Nacional del Sur de Aquitania<\/strong> (Nueva Aquitania)<\/li>\n\n\n\n<li><strong>Dantzaz<\/strong> (Pa\u00eds Vasco)<\/li>\n\n\n\n<li><strong>Bito Productions S.L. &#8211; Festival Temporada Alta<\/strong> (Catalu\u00f1a)<\/li>\n\n\n\n<li><strong>Patronato Municipal de las Artes Esc\u00e9nicas y de la Imagen &#8211; Ayuntamiento de Zaragoza<\/strong> (Arag\u00f3n)<\/li>\n\n\n\n<li><strong>Basque District of Culture and Creativity<\/strong> (Pa\u00eds Vasco)<\/li>\n\n\n\n<li><strong>Ayuntamiento de Huesca<\/strong> (Arag\u00f3n)<\/li>\n<\/ul>\n\n\n\n<p>Adem\u00e1s, cuenta con <strong>16 socios asociados<\/strong>.<\/p>\n\n\n\n<p>El proyecto se articula en torno a diversas acciones y actividades:<\/p>\n\n\n\n<h3 class=\"wp-block-heading\"><strong>Para reforzar las capacidades emprendedoras de los agentes del territorio transfronterizo:<\/strong><\/h3>\n\n\n\n<ul class=\"wp-block-list\">\n<li>Un programa de formaci\u00f3n y desarrollo de competencias emprendedoras<\/li>\n\n\n\n<li>El establecimiento de delegaciones de profesionales en mercados internacionales<\/li>\n\n\n\n<li>La creaci\u00f3n de una incubadora art\u00edstica transfronteriza destinada al acompa\u00f1amiento de artistas emergentes<\/li>\n\n\n\n<li>El desarrollo de una segunda incubadora transfronteriza dirigida a promotores de proyectos empresariales<\/li>\n\n\n\n<li>Un programa de formaci\u00f3n y mentor\u00eda<\/li>\n<\/ul>\n\n\n\n<h3 class=\"wp-block-heading\"><strong>Para impulsar nuevas pr\u00e1cticas y reforzar la innovaci\u00f3n:<\/strong><\/h3>\n\n\n\n<ul class=\"wp-block-list\">\n<li>Laboratorios de investigaci\u00f3n art\u00edstica<\/li>\n\n\n\n<li>Un programa de residencias para proyectos art\u00edsticos<\/li>\n\n\n\n<li>Encargos art\u00edsticos franco-espa\u00f1oles y la producci\u00f3n de espect\u00e1culos dedicados al territorio transfronterizo<\/li>\n<\/ul>\n\n\n\n<h3 class=\"wp-block-heading\"><strong>Para crear nuevas herramientas compartidas a escala pirenaica:<\/strong><\/h3>\n\n\n\n<ul class=\"wp-block-list\">\n<li>Un seguimiento del proyecto a trav\u00e9s de la mirada de artistas<\/li>\n\n\n\n<li>La difusi\u00f3n de todos los contenidos de formaci\u00f3n y herramientas del proyecto en Open Source<\/li>\n\n\n\n<li>La realizaci\u00f3n de un estudio evaluativo y prospectivo, as\u00ed como un an\u00e1lisis del impacto econ\u00f3mico del proyecto y del sector<\/li>\n\n\n\n<li>Medidas de apoyo a la difusi\u00f3n<\/li>\n\n\n\n<li>La organizaci\u00f3n y participaci\u00f3n en plataformas de visibilidad para los artistas, en el marco de ferias y mercados<\/li>\n<\/ul>\n\n\n\n<p><strong>Pyrenart II<\/strong> est\u00e1 cofinanciado en un <strong>65% por la Uni\u00f3n Europea<\/strong> a trav\u00e9s del programa <strong>Interreg VI-A Espa\u00f1a-Francia-Andorra (POCTEFA 2021-2027)<\/strong>. El objetivo del <strong>POCTEFA<\/strong> es fortalecer la integraci\u00f3n econ\u00f3mica y social de la zona fronteriza entre Espa\u00f1a, Francia y Andorra.<\/p>\n\n\n\n<p><\/p>\n\n\n\n<figure class=\"wp-block-image aligncenter size-full\"><img loading=\"lazy\" decoding=\"async\" width=\"2000\" height=\"300\" src=\"https:\/\/temporada-alta.com\/wp-content\/uploads\/Pyrenartoki-1.png\" alt=\"\" class=\"wp-image-99452\" srcset=\"https:\/\/temporada-alta.com\/wp-content\/uploads\/Pyrenartoki-1.png 2000w, https:\/\/temporada-alta.com\/wp-content\/uploads\/Pyrenartoki-1-630x95.png 630w, https:\/\/temporada-alta.com\/wp-content\/uploads\/Pyrenartoki-1-1200x180.png 1200w, https:\/\/temporada-alta.com\/wp-content\/uploads\/Pyrenartoki-1-768x115.png 768w, https:\/\/temporada-alta.com\/wp-content\/uploads\/Pyrenartoki-1-1536x230.png 1536w\" sizes=\"auto, (max-width: 2000px) 100vw, 2000px\" \/><\/figure>\n\n\n\n<p><\/p>\n<\/div>","protected":false},"excerpt":{"rendered":"<p>Pyrenart II est\u00e1 concebido para desarrollar la cooperaci\u00f3n transfronteriza en materia de emprendimiento cultural en las artes esc\u00e9nicas,&#8230;<\/p>\n","protected":false},"author":36118,"featured_media":0,"parent":0,"menu_order":7,"comment_status":"closed","ping_status":"closed","template":"","meta":{"_acf_changed":false,"footnotes":""},"class_list":["post-4537","page","type-page","status-publish","hentry"],"acf":[],"yoast_head":"<!-- This site is optimized with the Yoast SEO plugin v27.0 - https:\/\/yoast.com\/product\/yoast-seo-wordpress\/ -->\n<title>Pyrenart II - Temporada Alta<\/title>\n<meta name=\"robots\" content=\"index, follow, max-snippet:-1, max-image-preview:large, max-video-preview:-1\" \/>\n<link rel=\"canonical\" href=\"https:\/\/temporada-alta.com\/es\/pyrenart-2\/\" \/>\n<meta property=\"og:locale\" content=\"es_ES\" \/>\n<meta property=\"og:type\" content=\"article\" \/>\n<meta property=\"og:title\" content=\"Pyrenart II - Temporada Alta\" \/>\n<meta property=\"og:description\" content=\"Pyrenart II est\u00e1 concebido para desarrollar la cooperaci\u00f3n transfronteriza en materia de emprendimiento cultural en las artes esc\u00e9nicas,...\" \/>\n<meta property=\"og:url\" content=\"https:\/\/temporada-alta.com\/es\/pyrenart-2\/\" \/>\n<meta property=\"og:site_name\" content=\"Temporada Alta\" \/>\n<meta property=\"article:modified_time\" content=\"2025-02-17T15:25:43+00:00\" \/>\n<meta property=\"og:image\" content=\"https:\/\/temporada-alta.com\/wp-content\/uploads\/verok-2.png\" \/>\n\t<meta property=\"og:image:width\" content=\"1000\" \/>\n\t<meta property=\"og:image:height\" content=\"300\" \/>\n\t<meta property=\"og:image:type\" content=\"image\/png\" \/>\n<meta name=\"twitter:card\" content=\"summary_large_image\" \/>\n<script type=\"application\/ld+json\" class=\"yoast-schema-graph\">{\"@context\":\"https:\/\/schema.org\",\"@graph\":[{\"@type\":\"WebPage\",\"@id\":\"https:\/\/temporada-alta.com\/es\/pyrenart-2\/\",\"url\":\"https:\/\/temporada-alta.com\/es\/pyrenart-2\/\",\"name\":\"Pyrenart II - Temporada Alta\",\"isPartOf\":{\"@id\":\"https:\/\/temporada-alta.com\/es\/#website\"},\"primaryImageOfPage\":{\"@id\":\"https:\/\/temporada-alta.com\/es\/pyrenart-2\/#primaryimage\"},\"image\":{\"@id\":\"https:\/\/temporada-alta.com\/es\/pyrenart-2\/#primaryimage\"},\"thumbnailUrl\":\"https:\/\/temporada-alta.com\/wp-content\/uploads\/verok-2.png\",\"datePublished\":\"2018-08-09T07:19:41+00:00\",\"dateModified\":\"2025-02-17T15:25:43+00:00\",\"breadcrumb\":{\"@id\":\"https:\/\/temporada-alta.com\/es\/pyrenart-2\/#breadcrumb\"},\"inLanguage\":\"es\",\"potentialAction\":[{\"@type\":\"ReadAction\",\"target\":[\"https:\/\/temporada-alta.com\/es\/pyrenart-2\/\"]}]},{\"@type\":\"ImageObject\",\"inLanguage\":\"es\",\"@id\":\"https:\/\/temporada-alta.com\/es\/pyrenart-2\/#primaryimage\",\"url\":\"https:\/\/temporada-alta.com\/wp-content\/uploads\/verok-2.png\",\"contentUrl\":\"https:\/\/temporada-alta.com\/wp-content\/uploads\/verok-2.png\"},{\"@type\":\"BreadcrumbList\",\"@id\":\"https:\/\/temporada-alta.com\/es\/pyrenart-2\/#breadcrumb\",\"itemListElement\":[{\"@type\":\"ListItem\",\"position\":1,\"name\":\"Inici\",\"item\":\"https:\/\/temporada-alta.com\/es\/\"},{\"@type\":\"ListItem\",\"position\":2,\"name\":\"Pyrenart II\"}]},{\"@type\":\"WebSite\",\"@id\":\"https:\/\/temporada-alta.com\/es\/#website\",\"url\":\"https:\/\/temporada-alta.com\/es\/\",\"name\":\"Temporada Alta\",\"description\":\"Festival d&#039;Arts Esc\u00e8niques\",\"publisher\":{\"@id\":\"https:\/\/temporada-alta.com\/es\/#organization\"},\"potentialAction\":[{\"@type\":\"SearchAction\",\"target\":{\"@type\":\"EntryPoint\",\"urlTemplate\":\"https:\/\/temporada-alta.com\/es\/?s={search_term_string}\"},\"query-input\":{\"@type\":\"PropertyValueSpecification\",\"valueRequired\":true,\"valueName\":\"search_term_string\"}}],\"inLanguage\":\"es\"},{\"@type\":\"Organization\",\"@id\":\"https:\/\/temporada-alta.com\/es\/#organization\",\"name\":\"Temporada Alta\",\"url\":\"https:\/\/temporada-alta.com\/es\/\",\"logo\":{\"@type\":\"ImageObject\",\"inLanguage\":\"es\",\"@id\":\"https:\/\/temporada-alta.com\/es\/#\/schema\/logo\/image\/\",\"url\":\"https:\/\/temporada-alta.com\/wp-content\/uploads\/TA21-Logotip-pos.png\",\"contentUrl\":\"https:\/\/temporada-alta.com\/wp-content\/uploads\/TA21-Logotip-pos.png\",\"width\":800,\"height\":267,\"caption\":\"Temporada Alta\"},\"image\":{\"@id\":\"https:\/\/temporada-alta.com\/es\/#\/schema\/logo\/image\/\"}}]}<\/script>\n<!-- \/ Yoast SEO plugin. -->","yoast_head_json":{"title":"Pyrenart II - Temporada Alta","robots":{"index":"index","follow":"follow","max-snippet":"max-snippet:-1","max-image-preview":"max-image-preview:large","max-video-preview":"max-video-preview:-1"},"canonical":"https:\/\/temporada-alta.com\/es\/pyrenart-2\/","og_locale":"es_ES","og_type":"article","og_title":"Pyrenart II - Temporada Alta","og_description":"Pyrenart II est\u00e1 concebido para desarrollar la cooperaci\u00f3n transfronteriza en materia de emprendimiento cultural en las artes esc\u00e9nicas,...","og_url":"https:\/\/temporada-alta.com\/es\/pyrenart-2\/","og_site_name":"Temporada Alta","article_modified_time":"2025-02-17T15:25:43+00:00","og_image":[{"width":1000,"height":300,"url":"https:\/\/temporada-alta.com\/wp-content\/uploads\/verok-2.png","type":"image\/png"}],"twitter_card":"summary_large_image","schema":{"@context":"https:\/\/schema.org","@graph":[{"@type":"WebPage","@id":"https:\/\/temporada-alta.com\/es\/pyrenart-2\/","url":"https:\/\/temporada-alta.com\/es\/pyrenart-2\/","name":"Pyrenart II - Temporada Alta","isPartOf":{"@id":"https:\/\/temporada-alta.com\/es\/#website"},"primaryImageOfPage":{"@id":"https:\/\/temporada-alta.com\/es\/pyrenart-2\/#primaryimage"},"image":{"@id":"https:\/\/temporada-alta.com\/es\/pyrenart-2\/#primaryimage"},"thumbnailUrl":"https:\/\/temporada-alta.com\/wp-content\/uploads\/verok-2.png","datePublished":"2018-08-09T07:19:41+00:00","dateModified":"2025-02-17T15:25:43+00:00","breadcrumb":{"@id":"https:\/\/temporada-alta.com\/es\/pyrenart-2\/#breadcrumb"},"inLanguage":"es","potentialAction":[{"@type":"ReadAction","target":["https:\/\/temporada-alta.com\/es\/pyrenart-2\/"]}]},{"@type":"ImageObject","inLanguage":"es","@id":"https:\/\/temporada-alta.com\/es\/pyrenart-2\/#primaryimage","url":"https:\/\/temporada-alta.com\/wp-content\/uploads\/verok-2.png","contentUrl":"https:\/\/temporada-alta.com\/wp-content\/uploads\/verok-2.png"},{"@type":"BreadcrumbList","@id":"https:\/\/temporada-alta.com\/es\/pyrenart-2\/#breadcrumb","itemListElement":[{"@type":"ListItem","position":1,"name":"Inici","item":"https:\/\/temporada-alta.com\/es\/"},{"@type":"ListItem","position":2,"name":"Pyrenart II"}]},{"@type":"WebSite","@id":"https:\/\/temporada-alta.com\/es\/#website","url":"https:\/\/temporada-alta.com\/es\/","name":"Temporada Alta","description":"Festival d&#039;Arts Esc\u00e8niques","publisher":{"@id":"https:\/\/temporada-alta.com\/es\/#organization"},"potentialAction":[{"@type":"SearchAction","target":{"@type":"EntryPoint","urlTemplate":"https:\/\/temporada-alta.com\/es\/?s={search_term_string}"},"query-input":{"@type":"PropertyValueSpecification","valueRequired":true,"valueName":"search_term_string"}}],"inLanguage":"es"},{"@type":"Organization","@id":"https:\/\/temporada-alta.com\/es\/#organization","name":"Temporada Alta","url":"https:\/\/temporada-alta.com\/es\/","logo":{"@type":"ImageObject","inLanguage":"es","@id":"https:\/\/temporada-alta.com\/es\/#\/schema\/logo\/image\/","url":"https:\/\/temporada-alta.com\/wp-content\/uploads\/TA21-Logotip-pos.png","contentUrl":"https:\/\/temporada-alta.com\/wp-content\/uploads\/TA21-Logotip-pos.png","width":800,"height":267,"caption":"Temporada Alta"},"image":{"@id":"https:\/\/temporada-alta.com\/es\/#\/schema\/logo\/image\/"}}]}},"_links":{"self":[{"href":"https:\/\/temporada-alta.com\/es\/wp-json\/wp\/v2\/pages\/4537","targetHints":{"allow":["GET"]}}],"collection":[{"href":"https:\/\/temporada-alta.com\/es\/wp-json\/wp\/v2\/pages"}],"about":[{"href":"https:\/\/temporada-alta.com\/es\/wp-json\/wp\/v2\/types\/page"}],"author":[{"embeddable":true,"href":"https:\/\/temporada-alta.com\/es\/wp-json\/wp\/v2\/users\/36118"}],"replies":[{"embeddable":true,"href":"https:\/\/temporada-alta.com\/es\/wp-json\/wp\/v2\/comments?post=4537"}],"version-history":[{"count":4,"href":"https:\/\/temporada-alta.com\/es\/wp-json\/wp\/v2\/pages\/4537\/revisions"}],"predecessor-version":[{"id":99460,"href":"https:\/\/temporada-alta.com\/es\/wp-json\/wp\/v2\/pages\/4537\/revisions\/99460"}],"wp:attachment":[{"href":"https:\/\/temporada-alta.com\/es\/wp-json\/wp\/v2\/media?parent=4537"}],"curies":[{"name":"wp","href":"https:\/\/api.w.org\/{rel}","templated":true}]}}