{"id":118807,"date":"2026-04-29T16:01:51","date_gmt":"2026-04-29T14:01:51","guid":{"rendered":"https:\/\/temporada-alta.com\/?page_id=118807"},"modified":"2026-04-29T16:02:22","modified_gmt":"2026-04-29T14:02:22","slug":"proyectos-internacionales","status":"publish","type":"page","link":"https:\/\/temporada-alta.com\/es\/proyectos-internacionales\/","title":{"rendered":"Proyectos internacionales"},"content":{"rendered":"\n<div class=\"wp-block-columns is-layout-flex wp-container-core-columns-is-layout-28f84493 wp-block-columns-is-layout-flex\">\n<div class=\"wp-block-column is-layout-flow wp-block-column-is-layout-flow\">\n<h2 class=\"wp-block-heading\">Pyrenart II<\/h2>\n\n\n\n<p><strong>Pyrenart II<\/strong> es un proyecto europeo de cooperaci\u00f3n transfronteriza en el \u00e1mbito de las artes esc\u00e9nicas, concebido para reforzar el emprendimiento cultural entre territorios de ambos lados de los Pirineos. Apoya a estructuras y profesionales del sector para que puedan crecer, internacionalizarse, acceder a nuevos mercados y desarrollar proyectos innovadores. El proyecto est\u00e1 previsto entre el 1 de septiembre de 2024 y el 31 de agosto de 2027 y cuenta con varias entidades socias de Espa\u00f1a y Francia.<\/p>\n\n\n\n<div class=\"wp-block-buttons is-horizontal is-content-justification-center is-layout-flex wp-container-core-buttons-is-layout-03627597 wp-block-buttons-is-layout-flex\">\n<div class=\"wp-block-button\"><a class=\"wp-block-button__link wp-element-button\" href=\"https:\/\/temporada-alta.com\/es\/pyrenart-2\/\">PYRENART II<\/a><\/div>\n<\/div>\n<\/div>\n\n\n\n<div class=\"wp-block-column is-vertically-aligned-center is-layout-flow wp-block-column-is-layout-flow\">\n<figure class=\"wp-block-image aligncenter size-large is-resized\"><img loading=\"lazy\" decoding=\"async\" width=\"1200\" height=\"540\" src=\"https:\/\/temporada-alta.com\/wp-content\/uploads\/\/pyrenart_complet_GRIS-1200x540.jpg\" alt=\"\" class=\"wp-image-100146\" style=\"width:450px\" srcset=\"https:\/\/temporada-alta.com\/wp-content\/uploads\/pyrenart_complet_GRIS-1200x540.jpg 1200w, https:\/\/temporada-alta.com\/wp-content\/uploads\/pyrenart_complet_GRIS-630x283.jpg 630w, https:\/\/temporada-alta.com\/wp-content\/uploads\/pyrenart_complet_GRIS-768x345.jpg 768w, https:\/\/temporada-alta.com\/wp-content\/uploads\/pyrenart_complet_GRIS-1536x691.jpg 1536w, https:\/\/temporada-alta.com\/wp-content\/uploads\/pyrenart_complet_GRIS.jpg 1843w\" sizes=\"auto, (max-width: 1200px) 100vw, 1200px\" \/><\/figure>\n<\/div>\n<\/div>\n\n\n\n<div class=\"wp-block-columns is-layout-flex wp-container-core-columns-is-layout-28f84493 wp-block-columns-is-layout-flex\">\n<div class=\"wp-block-column is-vertically-aligned-center is-layout-flow wp-block-column-is-layout-flow\">\n<figure class=\"wp-block-image aligncenter size-full is-resized\"><img loading=\"lazy\" decoding=\"async\" width=\"655\" height=\"475\" src=\"https:\/\/temporada-alta.com\/wp-content\/uploads\/prospero.png\" alt=\"\" class=\"wp-image-102813\" style=\"aspect-ratio:1.3789666544521804;object-fit:cover;width:350px\" srcset=\"https:\/\/temporada-alta.com\/wp-content\/uploads\/prospero.png 655w, https:\/\/temporada-alta.com\/wp-content\/uploads\/prospero-513x372.png 513w\" sizes=\"auto, (max-width: 655px) 100vw, 655px\" \/><\/figure>\n<\/div>\n\n\n\n<div class=\"wp-block-column is-layout-flow wp-block-column-is-layout-flow\">\n<h2 class=\"wp-block-heading\">Prospero NEW<\/h2>\n\n\n\n<p><strong>Prospero NEW<\/strong> (Prospero New European Wave) es una plataforma europea dedicada a impulsar nuevos talentos del teatro, especialmente creadores y directoras emergentes con proyecci\u00f3n internacional. El proyecto da continuidad a la red Prospero, iniciada en 2006, y conecta a artistas con teatros, festivales, mentores y espacios de visibilidad internacional para favorecer la creaci\u00f3n, la circulaci\u00f3n y el reconocimiento de nuevas voces esc\u00e9nicas europeas.<\/p>\n\n\n\n<div class=\"wp-block-buttons is-horizontal is-content-justification-center is-layout-flex wp-container-core-buttons-is-layout-03627597 wp-block-buttons-is-layout-flex\">\n<div class=\"wp-block-button\"><a class=\"wp-block-button__link wp-element-button\" href=\"https:\/\/temporada-alta.com\/es\/prospero-new\/\">PROSPERO NEW<\/a><\/div>\n<\/div>\n<\/div>\n<\/div>\n","protected":false},"excerpt":{"rendered":"<p>Pyrenart II Pyrenart II es un proyecto europeo de cooperaci\u00f3n transfronteriza en el \u00e1mbito de las artes esc\u00e9nicas,&#8230;<\/p>\n","protected":false},"author":11736,"featured_media":0,"parent":0,"menu_order":0,"comment_status":"closed","ping_status":"closed","template":"","meta":{"_acf_changed":false,"inline_featured_image":false,"footnotes":""},"class_list":["post-118807","page","type-page","status-publish","hentry"],"acf":[],"yoast_head":"<!-- This site is optimized with the Yoast SEO plugin v27.5 - https:\/\/yoast.com\/product\/yoast-seo-wordpress\/ -->\n<title>Proyectos internacionales - Temporada Alta<\/title>\n<meta name=\"robots\" content=\"index, follow, max-snippet:-1, max-image-preview:large, max-video-preview:-1\" \/>\n<link rel=\"canonical\" href=\"https:\/\/temporada-alta.com\/es\/proyectos-internacionales\/\" \/>\n<meta property=\"og:locale\" content=\"es_ES\" \/>\n<meta property=\"og:type\" content=\"article\" \/>\n<meta property=\"og:title\" content=\"Proyectos internacionales - Temporada Alta\" \/>\n<meta property=\"og:description\" content=\"Pyrenart II Pyrenart II es un proyecto europeo de cooperaci\u00f3n transfronteriza en el \u00e1mbito de las artes esc\u00e9nicas,...\" \/>\n<meta property=\"og:url\" content=\"https:\/\/temporada-alta.com\/es\/proyectos-internacionales\/\" \/>\n<meta property=\"og:site_name\" content=\"Temporada Alta\" \/>\n<meta property=\"article:modified_time\" content=\"2026-04-29T14:02:22+00:00\" \/>\n<meta property=\"og:image\" content=\"https:\/\/temporada-alta.com\/wp-content\/uploads\/pyrenart_complet_GRIS.jpg\" \/>\n\t<meta property=\"og:image:width\" content=\"1843\" \/>\n\t<meta property=\"og:image:height\" content=\"829\" \/>\n\t<meta property=\"og:image:type\" content=\"image\/jpeg\" \/>\n<meta name=\"twitter:card\" content=\"summary_large_image\" \/>\n<script type=\"application\/ld+json\" class=\"yoast-schema-graph\">{\"@context\":\"https:\\\/\\\/schema.org\",\"@graph\":[{\"@type\":\"WebPage\",\"@id\":\"https:\\\/\\\/temporada-alta.com\\\/es\\\/proyectos-internacionales\\\/\",\"url\":\"https:\\\/\\\/temporada-alta.com\\\/es\\\/proyectos-internacionales\\\/\",\"name\":\"Proyectos internacionales - Temporada Alta\",\"isPartOf\":{\"@id\":\"https:\\\/\\\/temporada-alta.com\\\/es\\\/#website\"},\"primaryImageOfPage\":{\"@id\":\"https:\\\/\\\/temporada-alta.com\\\/es\\\/proyectos-internacionales\\\/#primaryimage\"},\"image\":{\"@id\":\"https:\\\/\\\/temporada-alta.com\\\/es\\\/proyectos-internacionales\\\/#primaryimage\"},\"thumbnailUrl\":\"https:\\\/\\\/temporada-alta.com\\\/wp-content\\\/uploads\\\/\\\/pyrenart_complet_GRIS-1200x540.jpg\",\"datePublished\":\"2026-04-29T14:01:51+00:00\",\"dateModified\":\"2026-04-29T14:02:22+00:00\",\"breadcrumb\":{\"@id\":\"https:\\\/\\\/temporada-alta.com\\\/es\\\/proyectos-internacionales\\\/#breadcrumb\"},\"inLanguage\":\"es\",\"potentialAction\":[{\"@type\":\"ReadAction\",\"target\":[\"https:\\\/\\\/temporada-alta.com\\\/es\\\/proyectos-internacionales\\\/\"]}]},{\"@type\":\"ImageObject\",\"inLanguage\":\"es\",\"@id\":\"https:\\\/\\\/temporada-alta.com\\\/es\\\/proyectos-internacionales\\\/#primaryimage\",\"url\":\"https:\\\/\\\/temporada-alta.com\\\/wp-content\\\/uploads\\\/\\\/pyrenart_complet_GRIS-1200x540.jpg\",\"contentUrl\":\"https:\\\/\\\/temporada-alta.com\\\/wp-content\\\/uploads\\\/\\\/pyrenart_complet_GRIS-1200x540.jpg\"},{\"@type\":\"BreadcrumbList\",\"@id\":\"https:\\\/\\\/temporada-alta.com\\\/es\\\/proyectos-internacionales\\\/#breadcrumb\",\"itemListElement\":[{\"@type\":\"ListItem\",\"position\":1,\"name\":\"Inici\",\"item\":\"https:\\\/\\\/temporada-alta.com\\\/es\\\/\"},{\"@type\":\"ListItem\",\"position\":2,\"name\":\"Proyectos internacionales\"}]},{\"@type\":\"WebSite\",\"@id\":\"https:\\\/\\\/temporada-alta.com\\\/es\\\/#website\",\"url\":\"https:\\\/\\\/temporada-alta.com\\\/es\\\/\",\"name\":\"Temporada Alta\",\"description\":\"Festival d&#039;Arts Esc\u00e8niques\",\"publisher\":{\"@id\":\"https:\\\/\\\/temporada-alta.com\\\/es\\\/#organization\"},\"potentialAction\":[{\"@type\":\"SearchAction\",\"target\":{\"@type\":\"EntryPoint\",\"urlTemplate\":\"https:\\\/\\\/temporada-alta.com\\\/es\\\/?s={search_term_string}\"},\"query-input\":{\"@type\":\"PropertyValueSpecification\",\"valueRequired\":true,\"valueName\":\"search_term_string\"}}],\"inLanguage\":\"es\"},{\"@type\":\"Organization\",\"@id\":\"https:\\\/\\\/temporada-alta.com\\\/es\\\/#organization\",\"name\":\"Temporada Alta\",\"url\":\"https:\\\/\\\/temporada-alta.com\\\/es\\\/\",\"logo\":{\"@type\":\"ImageObject\",\"inLanguage\":\"es\",\"@id\":\"https:\\\/\\\/temporada-alta.com\\\/es\\\/#\\\/schema\\\/logo\\\/image\\\/\",\"url\":\"https:\\\/\\\/temporada-alta.com\\\/wp-content\\\/uploads\\\/TA21-Logotip-pos.png\",\"contentUrl\":\"https:\\\/\\\/temporada-alta.com\\\/wp-content\\\/uploads\\\/TA21-Logotip-pos.png\",\"width\":800,\"height\":267,\"caption\":\"Temporada Alta\"},\"image\":{\"@id\":\"https:\\\/\\\/temporada-alta.com\\\/es\\\/#\\\/schema\\\/logo\\\/image\\\/\"}}]}<\/script>\n<!-- \/ Yoast SEO plugin. -->","yoast_head_json":{"title":"Proyectos internacionales - Temporada Alta","robots":{"index":"index","follow":"follow","max-snippet":"max-snippet:-1","max-image-preview":"max-image-preview:large","max-video-preview":"max-video-preview:-1"},"canonical":"https:\/\/temporada-alta.com\/es\/proyectos-internacionales\/","og_locale":"es_ES","og_type":"article","og_title":"Proyectos internacionales - Temporada Alta","og_description":"Pyrenart II Pyrenart II es un proyecto europeo de cooperaci\u00f3n transfronteriza en el \u00e1mbito de las artes esc\u00e9nicas,...","og_url":"https:\/\/temporada-alta.com\/es\/proyectos-internacionales\/","og_site_name":"Temporada Alta","article_modified_time":"2026-04-29T14:02:22+00:00","og_image":[{"width":1843,"height":829,"url":"https:\/\/temporada-alta.com\/wp-content\/uploads\/pyrenart_complet_GRIS.jpg","type":"image\/jpeg"}],"twitter_card":"summary_large_image","schema":{"@context":"https:\/\/schema.org","@graph":[{"@type":"WebPage","@id":"https:\/\/temporada-alta.com\/es\/proyectos-internacionales\/","url":"https:\/\/temporada-alta.com\/es\/proyectos-internacionales\/","name":"Proyectos internacionales - Temporada Alta","isPartOf":{"@id":"https:\/\/temporada-alta.com\/es\/#website"},"primaryImageOfPage":{"@id":"https:\/\/temporada-alta.com\/es\/proyectos-internacionales\/#primaryimage"},"image":{"@id":"https:\/\/temporada-alta.com\/es\/proyectos-internacionales\/#primaryimage"},"thumbnailUrl":"https:\/\/temporada-alta.com\/wp-content\/uploads\/\/pyrenart_complet_GRIS-1200x540.jpg","datePublished":"2026-04-29T14:01:51+00:00","dateModified":"2026-04-29T14:02:22+00:00","breadcrumb":{"@id":"https:\/\/temporada-alta.com\/es\/proyectos-internacionales\/#breadcrumb"},"inLanguage":"es","potentialAction":[{"@type":"ReadAction","target":["https:\/\/temporada-alta.com\/es\/proyectos-internacionales\/"]}]},{"@type":"ImageObject","inLanguage":"es","@id":"https:\/\/temporada-alta.com\/es\/proyectos-internacionales\/#primaryimage","url":"https:\/\/temporada-alta.com\/wp-content\/uploads\/\/pyrenart_complet_GRIS-1200x540.jpg","contentUrl":"https:\/\/temporada-alta.com\/wp-content\/uploads\/\/pyrenart_complet_GRIS-1200x540.jpg"},{"@type":"BreadcrumbList","@id":"https:\/\/temporada-alta.com\/es\/proyectos-internacionales\/#breadcrumb","itemListElement":[{"@type":"ListItem","position":1,"name":"Inici","item":"https:\/\/temporada-alta.com\/es\/"},{"@type":"ListItem","position":2,"name":"Proyectos internacionales"}]},{"@type":"WebSite","@id":"https:\/\/temporada-alta.com\/es\/#website","url":"https:\/\/temporada-alta.com\/es\/","name":"Temporada Alta","description":"Festival d&#039;Arts Esc\u00e8niques","publisher":{"@id":"https:\/\/temporada-alta.com\/es\/#organization"},"potentialAction":[{"@type":"SearchAction","target":{"@type":"EntryPoint","urlTemplate":"https:\/\/temporada-alta.com\/es\/?s={search_term_string}"},"query-input":{"@type":"PropertyValueSpecification","valueRequired":true,"valueName":"search_term_string"}}],"inLanguage":"es"},{"@type":"Organization","@id":"https:\/\/temporada-alta.com\/es\/#organization","name":"Temporada Alta","url":"https:\/\/temporada-alta.com\/es\/","logo":{"@type":"ImageObject","inLanguage":"es","@id":"https:\/\/temporada-alta.com\/es\/#\/schema\/logo\/image\/","url":"https:\/\/temporada-alta.com\/wp-content\/uploads\/TA21-Logotip-pos.png","contentUrl":"https:\/\/temporada-alta.com\/wp-content\/uploads\/TA21-Logotip-pos.png","width":800,"height":267,"caption":"Temporada Alta"},"image":{"@id":"https:\/\/temporada-alta.com\/es\/#\/schema\/logo\/image\/"}}]}},"_links":{"self":[{"href":"https:\/\/temporada-alta.com\/es\/wp-json\/wp\/v2\/pages\/118807","targetHints":{"allow":["GET"]}}],"collection":[{"href":"https:\/\/temporada-alta.com\/es\/wp-json\/wp\/v2\/pages"}],"about":[{"href":"https:\/\/temporada-alta.com\/es\/wp-json\/wp\/v2\/types\/page"}],"author":[{"embeddable":true,"href":"https:\/\/temporada-alta.com\/es\/wp-json\/wp\/v2\/users\/11736"}],"replies":[{"embeddable":true,"href":"https:\/\/temporada-alta.com\/es\/wp-json\/wp\/v2\/comments?post=118807"}],"version-history":[{"count":4,"href":"https:\/\/temporada-alta.com\/es\/wp-json\/wp\/v2\/pages\/118807\/revisions"}],"predecessor-version":[{"id":118814,"href":"https:\/\/temporada-alta.com\/es\/wp-json\/wp\/v2\/pages\/118807\/revisions\/118814"}],"wp:attachment":[{"href":"https:\/\/temporada-alta.com\/es\/wp-json\/wp\/v2\/media?parent=118807"}],"curies":[{"name":"wp","href":"https:\/\/api.w.org\/{rel}","templated":true}]}}