{"id":118789,"date":"2026-04-29T09:55:07","date_gmt":"2026-04-29T07:55:07","guid":{"rendered":"https:\/\/temporada-alta.com\/?page_id=118789"},"modified":"2026-05-09T20:59:08","modified_gmt":"2026-05-09T18:59:08","slug":"projectes-audiovisuals","status":"publish","type":"page","link":"https:\/\/temporada-alta.com\/es\/projectes-audiovisuals\/","title":{"rendered":"Proyectos audiovisuales"},"content":{"rendered":"\n<div class=\"wp-block-columns is-layout-flex wp-container-core-columns-is-layout-28f84493 wp-block-columns-is-layout-flex\">\n<div class=\"wp-block-column is-layout-flow wp-block-column-is-layout-flow\">\n<figure class=\"wp-block-image size-medium is-resized\"><img loading=\"lazy\" decoding=\"async\" width=\"630\" height=\"225\" src=\"https:\/\/temporada-alta.com\/wp-content\/uploads\/\/Logo_La-Caverna_negre-630x225.png\" alt=\"\" class=\"wp-image-118760\" style=\"width:400px\" srcset=\"https:\/\/temporada-alta.com\/wp-content\/uploads\/Logo_La-Caverna_negre-630x225.png 630w, https:\/\/temporada-alta.com\/wp-content\/uploads\/Logo_La-Caverna_negre-1200x430.png 1200w, https:\/\/temporada-alta.com\/wp-content\/uploads\/Logo_La-Caverna_negre-768x275.png 768w, https:\/\/temporada-alta.com\/wp-content\/uploads\/Logo_La-Caverna_negre-1536x550.png 1536w, https:\/\/temporada-alta.com\/wp-content\/uploads\/Logo_La-Caverna_negre-2048x733.png 2048w\" sizes=\"auto, (max-width: 630px) 100vw, 630px\" \/><\/figure>\n\n\n\n<p><em>La Caverna<\/em>\u00a0es el proyecto audiovisual de Temporada Alta y la Fundaci\u00f3 La Ciutat Invisible, con la colaboraci\u00f3n de la Fundaci\u00f3n La Caixa. La propuesta es una serie de conversaciones entre grandes directores y creadores de la escena europea que han pasado por el festival con personalidades del mundo de la cultura elegidos por s\u00ed mismos.<\/p>\n\n\n\n<p>La serie busca profundizar en el proceso creativo de estas figuras, su visi\u00f3n del hecho esc\u00e9nico y repasar su trayectoria. Las artes esc\u00e9nicas son un arte ef\u00edmero. Por este motivo, Temporada Alta y la Fundaci\u00f3 La Ciutat Invisible, con iniciativas como \u00e9sta, buscan dejar una memoria audiovisual de los creadores m\u00e1s importantes que est\u00e1n marcado el panorama teatral contempor\u00e1neo.<\/p>\n\n\n\n<div class=\"wp-block-buttons is-horizontal is-content-justification-center is-layout-flex wp-container-core-buttons-is-layout-03627597 wp-block-buttons-is-layout-flex\">\n<div class=\"wp-block-button\"><a class=\"wp-block-button__link wp-element-button\" href=\"https:\/\/temporada-alta.com\/es\/la-caverna\/\">LA CAVERNA<\/a><\/div>\n<\/div>\n<\/div>\n\n\n\n<div class=\"wp-block-column is-vertically-aligned-center is-layout-flow wp-block-column-is-layout-flow\">\n<figure class=\"wp-block-embed is-type-video is-provider-youtube wp-block-embed-youtube wp-embed-aspect-16-9 wp-has-aspect-ratio\"><div class=\"wp-block-embed__wrapper\">\n<iframe loading=\"lazy\" title=\"Tr\u00e0iler de LA CAVERNA - Temporada 1\" width=\"500\" height=\"281\" src=\"https:\/\/www.youtube.com\/embed\/Sc2w3LGLmEs?feature=oembed&#038;enablejsapi=1&#038;origin=https:\/\/temporada-alta.com\" frameborder=\"0\" allow=\"accelerometer; autoplay; clipboard-write; encrypted-media; gyroscope; picture-in-picture; web-share\" referrerpolicy=\"strict-origin-when-cross-origin\" allowfullscreen><\/iframe>\n<\/div><\/figure>\n<\/div>\n<\/div>\n\n\n\n<div class=\"wp-block-columns is-layout-flex wp-container-core-columns-is-layout-28f84493 wp-block-columns-is-layout-flex\">\n<div class=\"wp-block-column is-vertically-aligned-center is-layout-flow wp-block-column-is-layout-flow\">\n<figure class=\"wp-block-image size-large\"><img loading=\"lazy\" decoding=\"async\" width=\"1200\" height=\"675\" src=\"https:\/\/temporada-alta.com\/wp-content\/uploads\/\/ANEUC_H_N-1200x675.jpg\" alt=\"\" class=\"wp-image-118772\" srcset=\"https:\/\/temporada-alta.com\/wp-content\/uploads\/ANEUC_H_N-1200x675.jpg 1200w, https:\/\/temporada-alta.com\/wp-content\/uploads\/ANEUC_H_N-630x354.jpg 630w, https:\/\/temporada-alta.com\/wp-content\/uploads\/ANEUC_H_N-768x432.jpg 768w, https:\/\/temporada-alta.com\/wp-content\/uploads\/ANEUC_H_N-1536x864.jpg 1536w, https:\/\/temporada-alta.com\/wp-content\/uploads\/ANEUC_H_N-2048x1152.jpg 2048w\" sizes=\"auto, (max-width: 1200px) 100vw, 1200px\" \/><\/figure>\n<\/div>\n\n\n\n<div class=\"wp-block-column is-layout-flow wp-block-column-is-layout-flow\">\n<figure class=\"wp-block-image alignright size-medium is-resized\"><img loading=\"lazy\" decoding=\"async\" width=\"630\" height=\"186\" src=\"https:\/\/temporada-alta.com\/wp-content\/uploads\/\/Logo_ANEUC_negre-630x186.png\" alt=\"\" class=\"wp-image-118766\" style=\"width:400px\" srcset=\"https:\/\/temporada-alta.com\/wp-content\/uploads\/Logo_ANEUC_negre-630x186.png 630w, https:\/\/temporada-alta.com\/wp-content\/uploads\/Logo_ANEUC_negre-1200x353.png 1200w, https:\/\/temporada-alta.com\/wp-content\/uploads\/Logo_ANEUC_negre-768x226.png 768w, https:\/\/temporada-alta.com\/wp-content\/uploads\/Logo_ANEUC_negre-1536x452.png 1536w, https:\/\/temporada-alta.com\/wp-content\/uploads\/Logo_ANEUC_negre.png 1674w\" sizes=\"auto, (max-width: 630px) 100vw, 630px\" \/><\/figure>\n\n\n\n<div style=\"height:1px\" aria-hidden=\"true\" class=\"wp-block-spacer\"><\/div>\n\n\n\n<p class=\"has-text-align-left\"><em>Aix\u00f2 no \u00e9s un c\u00e0sting<\/em> es el podcast en catal\u00e1n de Temporada Alta, en colaboraci\u00f3n con Radio Primavera Sound y patrocinado por Parlem. Presentado por la periodista Paula Carreras y el actor Marc Tarrida Aribau, el programa invita a personas vinculadas a las artes esc\u00e9nicas a hablar, sin demasiados filtros, de todo lo que ocurre en el escenario y tambi\u00e9n de lo que queda fuera de \u00e9l.<\/p>\n\n\n\n<p class=\"has-text-align-left\">La serie pretende acercar las artes esc\u00e9nicas al p\u00fablico de una manera informal, directa y accesible. En cada episodio, el podcast aborda un tema diferente \u2014desde el humor hasta el teatro familiar, desde la autoficci\u00f3n hasta la cr\u00edtica teatral, desde las nuevas compa\u00f1\u00edas hasta la decisi\u00f3n de abandonar la profesi\u00f3n\u2014 con invitados que aportan su experiencia, su propia perspectiva y ganas de hablar.<\/p>\n\n\n\n<div class=\"wp-block-buttons is-horizontal is-content-justification-center is-layout-flex wp-container-core-buttons-is-layout-03627597 wp-block-buttons-is-layout-flex\">\n<div class=\"wp-block-button\"><a class=\"wp-block-button__link wp-element-button\" href=\"https:\/\/temporada-alta.com\/es\/podcast-aixo-no-es-un-casting\/\">AIX\u00d2 NO \u00c9S UN C\u00c0STING<\/a><\/div>\n<\/div>\n<\/div>\n<\/div>\n\n\n\n<div class=\"wp-block-columns is-layout-flex wp-container-core-columns-is-layout-28f84493 wp-block-columns-is-layout-flex\">\n<div class=\"wp-block-column is-layout-flow wp-block-column-is-layout-flow\">\n<h2 class=\"wp-block-heading\">Los cortos del festival<\/h2>\n\n\n\n<p class=\"has-text-align-left\">Los cortos y spots de Temporada Alta son otra forma de introducir el festival, m\u00e1s all\u00e1 de la programaci\u00f3n de espect\u00e1culos. Durante muchos a\u00f1os, estas peque\u00f1as piezas audiovisuales han servido para presentar cada edici\u00f3n con una mirada nueva, a menudo jugando, en un formato cinematogr\u00e1fico, con el humor, la sorpresa o la met\u00e1fora para hablar del teatro y de todo lo que lo rodea.<\/p>\n\n\n\n<p>Se trata de peque\u00f1as historias que han ayudado a construir el imaginario del festival y a interpelar a p\u00fablicos muy distintos.<\/p>\n\n\n\n<p>A trav\u00e9s de estas piezas, tambi\u00e9n hemos utilizado el lenguaje audiovisual para hablar de artes esc\u00e9nicas de una manera original y creativa; y han sido un punto de partida del festival durante m\u00e1s de una d\u00e9cada, generando un imaginario com\u00fan de personajes, im\u00e1genes y sensaciones.<\/p>\n\n\n\n<div class=\"wp-block-buttons is-horizontal is-content-justification-center is-layout-flex wp-container-core-buttons-is-layout-03627597 wp-block-buttons-is-layout-flex\">\n<div class=\"wp-block-button\"><a class=\"wp-block-button__link wp-element-button\" href=\"https:\/\/youtube.com\/playlist?list=PLvWy5_y38U6yGR5zkebR4umGWgwG8kETf&amp;si=iiICp9KHI7cin8EM\" target=\"_blank\" rel=\"noreferrer noopener\">Los cortos del festival<\/a><\/div>\n<\/div>\n<\/div>\n\n\n\n<div class=\"wp-block-column is-vertically-aligned-center is-layout-flow wp-block-column-is-layout-flow\">\n<figure class=\"wp-block-image size-large\"><img loading=\"lazy\" decoding=\"async\" width=\"1200\" height=\"675\" src=\"https:\/\/temporada-alta.com\/wp-content\/uploads\/\/Projectes-audiovisuals-curts-1200x675.jpg\" alt=\"\" class=\"wp-image-119215\" srcset=\"https:\/\/temporada-alta.com\/wp-content\/uploads\/Projectes-audiovisuals-curts-1200x675.jpg 1200w, https:\/\/temporada-alta.com\/wp-content\/uploads\/Projectes-audiovisuals-curts-630x354.jpg 630w, https:\/\/temporada-alta.com\/wp-content\/uploads\/Projectes-audiovisuals-curts-768x432.jpg 768w, https:\/\/temporada-alta.com\/wp-content\/uploads\/Projectes-audiovisuals-curts-1536x864.jpg 1536w, https:\/\/temporada-alta.com\/wp-content\/uploads\/Projectes-audiovisuals-curts.jpg 1920w\" sizes=\"auto, (max-width: 1200px) 100vw, 1200px\" \/><\/figure>\n<\/div>\n<\/div>\n","protected":false},"excerpt":{"rendered":"<p>La Caverna\u00a0es el proyecto audiovisual de Temporada Alta y la Fundaci\u00f3 La Ciutat Invisible, con la colaboraci\u00f3n de&#8230;<\/p>\n","protected":false},"author":11736,"featured_media":0,"parent":0,"menu_order":0,"comment_status":"closed","ping_status":"closed","template":"","meta":{"_acf_changed":false,"inline_featured_image":false,"footnotes":""},"class_list":["post-118789","page","type-page","status-publish","hentry"],"acf":[],"yoast_head":"<!-- This site is optimized with the Yoast SEO plugin v27.5 - https:\/\/yoast.com\/product\/yoast-seo-wordpress\/ -->\n<title>Proyectos audiovisuales - Temporada Alta<\/title>\n<meta name=\"robots\" content=\"index, follow, max-snippet:-1, max-image-preview:large, max-video-preview:-1\" \/>\n<link rel=\"canonical\" href=\"https:\/\/temporada-alta.com\/es\/projectes-audiovisuals\/\" \/>\n<meta property=\"og:locale\" content=\"es_ES\" \/>\n<meta property=\"og:type\" content=\"article\" \/>\n<meta property=\"og:title\" content=\"Proyectos audiovisuales - Temporada Alta\" \/>\n<meta property=\"og:description\" content=\"La Caverna\u00a0es el proyecto audiovisual de Temporada Alta y la Fundaci\u00f3 La Ciutat Invisible, con la colaboraci\u00f3n de...\" \/>\n<meta property=\"og:url\" content=\"https:\/\/temporada-alta.com\/es\/projectes-audiovisuals\/\" \/>\n<meta property=\"og:site_name\" content=\"Temporada Alta\" \/>\n<meta property=\"article:modified_time\" content=\"2026-05-09T18:59:08+00:00\" \/>\n<meta property=\"og:image\" content=\"https:\/\/temporada-alta.com\/wp-content\/uploads\/Logo_La-Caverna_negre.png\" \/>\n\t<meta property=\"og:image:width\" content=\"2196\" \/>\n\t<meta property=\"og:image:height\" content=\"786\" \/>\n\t<meta property=\"og:image:type\" content=\"image\/png\" \/>\n<meta name=\"twitter:card\" content=\"summary_large_image\" \/>\n<script type=\"application\/ld+json\" class=\"yoast-schema-graph\">{\"@context\":\"https:\\\/\\\/schema.org\",\"@graph\":[{\"@type\":\"WebPage\",\"@id\":\"https:\\\/\\\/temporada-alta.com\\\/es\\\/projectes-audiovisuals\\\/\",\"url\":\"https:\\\/\\\/temporada-alta.com\\\/es\\\/projectes-audiovisuals\\\/\",\"name\":\"Proyectos audiovisuales - Temporada Alta\",\"isPartOf\":{\"@id\":\"https:\\\/\\\/temporada-alta.com\\\/es\\\/#website\"},\"primaryImageOfPage\":{\"@id\":\"https:\\\/\\\/temporada-alta.com\\\/es\\\/projectes-audiovisuals\\\/#primaryimage\"},\"image\":{\"@id\":\"https:\\\/\\\/temporada-alta.com\\\/es\\\/projectes-audiovisuals\\\/#primaryimage\"},\"thumbnailUrl\":\"https:\\\/\\\/temporada-alta.com\\\/wp-content\\\/uploads\\\/\\\/Logo_La-Caverna_negre-630x225.png\",\"datePublished\":\"2026-04-29T07:55:07+00:00\",\"dateModified\":\"2026-05-09T18:59:08+00:00\",\"breadcrumb\":{\"@id\":\"https:\\\/\\\/temporada-alta.com\\\/es\\\/projectes-audiovisuals\\\/#breadcrumb\"},\"inLanguage\":\"es\",\"potentialAction\":[{\"@type\":\"ReadAction\",\"target\":[\"https:\\\/\\\/temporada-alta.com\\\/es\\\/projectes-audiovisuals\\\/\"]}]},{\"@type\":\"ImageObject\",\"inLanguage\":\"es\",\"@id\":\"https:\\\/\\\/temporada-alta.com\\\/es\\\/projectes-audiovisuals\\\/#primaryimage\",\"url\":\"https:\\\/\\\/temporada-alta.com\\\/wp-content\\\/uploads\\\/\\\/Logo_La-Caverna_negre-630x225.png\",\"contentUrl\":\"https:\\\/\\\/temporada-alta.com\\\/wp-content\\\/uploads\\\/\\\/Logo_La-Caverna_negre-630x225.png\"},{\"@type\":\"BreadcrumbList\",\"@id\":\"https:\\\/\\\/temporada-alta.com\\\/es\\\/projectes-audiovisuals\\\/#breadcrumb\",\"itemListElement\":[{\"@type\":\"ListItem\",\"position\":1,\"name\":\"Inici\",\"item\":\"https:\\\/\\\/temporada-alta.com\\\/es\\\/\"},{\"@type\":\"ListItem\",\"position\":2,\"name\":\"Proyectos audiovisuales\"}]},{\"@type\":\"WebSite\",\"@id\":\"https:\\\/\\\/temporada-alta.com\\\/es\\\/#website\",\"url\":\"https:\\\/\\\/temporada-alta.com\\\/es\\\/\",\"name\":\"Temporada Alta\",\"description\":\"Festival d&#039;Arts Esc\u00e8niques\",\"publisher\":{\"@id\":\"https:\\\/\\\/temporada-alta.com\\\/es\\\/#organization\"},\"potentialAction\":[{\"@type\":\"SearchAction\",\"target\":{\"@type\":\"EntryPoint\",\"urlTemplate\":\"https:\\\/\\\/temporada-alta.com\\\/es\\\/?s={search_term_string}\"},\"query-input\":{\"@type\":\"PropertyValueSpecification\",\"valueRequired\":true,\"valueName\":\"search_term_string\"}}],\"inLanguage\":\"es\"},{\"@type\":\"Organization\",\"@id\":\"https:\\\/\\\/temporada-alta.com\\\/es\\\/#organization\",\"name\":\"Temporada Alta\",\"url\":\"https:\\\/\\\/temporada-alta.com\\\/es\\\/\",\"logo\":{\"@type\":\"ImageObject\",\"inLanguage\":\"es\",\"@id\":\"https:\\\/\\\/temporada-alta.com\\\/es\\\/#\\\/schema\\\/logo\\\/image\\\/\",\"url\":\"https:\\\/\\\/temporada-alta.com\\\/wp-content\\\/uploads\\\/TA21-Logotip-pos.png\",\"contentUrl\":\"https:\\\/\\\/temporada-alta.com\\\/wp-content\\\/uploads\\\/TA21-Logotip-pos.png\",\"width\":800,\"height\":267,\"caption\":\"Temporada Alta\"},\"image\":{\"@id\":\"https:\\\/\\\/temporada-alta.com\\\/es\\\/#\\\/schema\\\/logo\\\/image\\\/\"}}]}<\/script>\n<!-- \/ Yoast SEO plugin. -->","yoast_head_json":{"title":"Proyectos audiovisuales - Temporada Alta","robots":{"index":"index","follow":"follow","max-snippet":"max-snippet:-1","max-image-preview":"max-image-preview:large","max-video-preview":"max-video-preview:-1"},"canonical":"https:\/\/temporada-alta.com\/es\/projectes-audiovisuals\/","og_locale":"es_ES","og_type":"article","og_title":"Proyectos audiovisuales - Temporada Alta","og_description":"La Caverna\u00a0es el proyecto audiovisual de Temporada Alta y la Fundaci\u00f3 La Ciutat Invisible, con la colaboraci\u00f3n de...","og_url":"https:\/\/temporada-alta.com\/es\/projectes-audiovisuals\/","og_site_name":"Temporada Alta","article_modified_time":"2026-05-09T18:59:08+00:00","og_image":[{"width":2196,"height":786,"url":"https:\/\/temporada-alta.com\/wp-content\/uploads\/Logo_La-Caverna_negre.png","type":"image\/png"}],"twitter_card":"summary_large_image","schema":{"@context":"https:\/\/schema.org","@graph":[{"@type":"WebPage","@id":"https:\/\/temporada-alta.com\/es\/projectes-audiovisuals\/","url":"https:\/\/temporada-alta.com\/es\/projectes-audiovisuals\/","name":"Proyectos audiovisuales - Temporada Alta","isPartOf":{"@id":"https:\/\/temporada-alta.com\/es\/#website"},"primaryImageOfPage":{"@id":"https:\/\/temporada-alta.com\/es\/projectes-audiovisuals\/#primaryimage"},"image":{"@id":"https:\/\/temporada-alta.com\/es\/projectes-audiovisuals\/#primaryimage"},"thumbnailUrl":"https:\/\/temporada-alta.com\/wp-content\/uploads\/\/Logo_La-Caverna_negre-630x225.png","datePublished":"2026-04-29T07:55:07+00:00","dateModified":"2026-05-09T18:59:08+00:00","breadcrumb":{"@id":"https:\/\/temporada-alta.com\/es\/projectes-audiovisuals\/#breadcrumb"},"inLanguage":"es","potentialAction":[{"@type":"ReadAction","target":["https:\/\/temporada-alta.com\/es\/projectes-audiovisuals\/"]}]},{"@type":"ImageObject","inLanguage":"es","@id":"https:\/\/temporada-alta.com\/es\/projectes-audiovisuals\/#primaryimage","url":"https:\/\/temporada-alta.com\/wp-content\/uploads\/\/Logo_La-Caverna_negre-630x225.png","contentUrl":"https:\/\/temporada-alta.com\/wp-content\/uploads\/\/Logo_La-Caverna_negre-630x225.png"},{"@type":"BreadcrumbList","@id":"https:\/\/temporada-alta.com\/es\/projectes-audiovisuals\/#breadcrumb","itemListElement":[{"@type":"ListItem","position":1,"name":"Inici","item":"https:\/\/temporada-alta.com\/es\/"},{"@type":"ListItem","position":2,"name":"Proyectos audiovisuales"}]},{"@type":"WebSite","@id":"https:\/\/temporada-alta.com\/es\/#website","url":"https:\/\/temporada-alta.com\/es\/","name":"Temporada Alta","description":"Festival d&#039;Arts Esc\u00e8niques","publisher":{"@id":"https:\/\/temporada-alta.com\/es\/#organization"},"potentialAction":[{"@type":"SearchAction","target":{"@type":"EntryPoint","urlTemplate":"https:\/\/temporada-alta.com\/es\/?s={search_term_string}"},"query-input":{"@type":"PropertyValueSpecification","valueRequired":true,"valueName":"search_term_string"}}],"inLanguage":"es"},{"@type":"Organization","@id":"https:\/\/temporada-alta.com\/es\/#organization","name":"Temporada Alta","url":"https:\/\/temporada-alta.com\/es\/","logo":{"@type":"ImageObject","inLanguage":"es","@id":"https:\/\/temporada-alta.com\/es\/#\/schema\/logo\/image\/","url":"https:\/\/temporada-alta.com\/wp-content\/uploads\/TA21-Logotip-pos.png","contentUrl":"https:\/\/temporada-alta.com\/wp-content\/uploads\/TA21-Logotip-pos.png","width":800,"height":267,"caption":"Temporada Alta"},"image":{"@id":"https:\/\/temporada-alta.com\/es\/#\/schema\/logo\/image\/"}}]}},"_links":{"self":[{"href":"https:\/\/temporada-alta.com\/es\/wp-json\/wp\/v2\/pages\/118789","targetHints":{"allow":["GET"]}}],"collection":[{"href":"https:\/\/temporada-alta.com\/es\/wp-json\/wp\/v2\/pages"}],"about":[{"href":"https:\/\/temporada-alta.com\/es\/wp-json\/wp\/v2\/types\/page"}],"author":[{"embeddable":true,"href":"https:\/\/temporada-alta.com\/es\/wp-json\/wp\/v2\/users\/11736"}],"replies":[{"embeddable":true,"href":"https:\/\/temporada-alta.com\/es\/wp-json\/wp\/v2\/comments?post=118789"}],"version-history":[{"count":5,"href":"https:\/\/temporada-alta.com\/es\/wp-json\/wp\/v2\/pages\/118789\/revisions"}],"predecessor-version":[{"id":119219,"href":"https:\/\/temporada-alta.com\/es\/wp-json\/wp\/v2\/pages\/118789\/revisions\/119219"}],"wp:attachment":[{"href":"https:\/\/temporada-alta.com\/es\/wp-json\/wp\/v2\/media?parent=118789"}],"curies":[{"name":"wp","href":"https:\/\/api.w.org\/{rel}","templated":true}]}}