{"id":100866,"date":"2025-06-12T12:01:27","date_gmt":"2025-06-12T10:01:27","guid":{"rendered":"https:\/\/temporada-alta.com\/?page_id=100866"},"modified":"2025-06-19T11:52:18","modified_gmt":"2025-06-19T09:52:18","slug":"flaix-de-tardor-es","status":"publish","type":"page","link":"https:\/\/temporada-alta.com\/es\/flaix-de-tardor-es\/","title":{"rendered":"Flaix de tardor &#8211; BCN"},"content":{"rendered":"<div id=\"modal-ready\">\n<h2 class=\"wp-block-heading\" id=\"presentacio\">Presentaci\u00f3n<\/h2>\n\n\n\n<p class=\"has-medium-font-size\">Flaix de tardor \u2013 BCN es una iniciativa de Temporada Alta que presenta una programaci\u00f3n esc\u00e9nica internacional en Barcelona, integrada en la cartelera habitual de oto\u00f1o.<\/p>\n\n\n\n<p class=\"has-medium-font-size\">Creado con la voluntad de complementar, con marca propia e identidad definida, el ecosistema teatral barcelon\u00e9s, donde m\u00e1s all\u00e1 del Grec hay espacio para una mayor oferta internacional, Flaix de tardor \u2013 BCN quiere ser un escaparate de propuestas esc\u00e9nicas que marcan tendencia m\u00e1s all\u00e1 de nuestras fronteras.<\/p>\n\n\n\n<p class=\"has-medium-font-size\">Con artistas y compa\u00f1\u00edas de primer nivel y un sello de calidad, esta programaci\u00f3n propone espect\u00e1culos ampliamente avalados por el p\u00fablico y la cr\u00edtica que, en la mayor\u00eda de los casos, a\u00fan no hemos podido ver en Catalu\u00f1a. Celebrado en paralelo a la programaci\u00f3n de Temporada Alta en Girona, Salt y otras sedes, esta apuesta ofrece un conjunto muy diverso de experiencias art\u00edsticas.<\/p>\n\n\n\n<p class=\"has-medium-font-size\">Cuenta con el apoyo de la Generalitat de Catalunya, el Ayuntamiento de Barcelona y la complicidad de los diferentes espacios que acogen los espect\u00e1culos y permiten que Flaix de tardor \u2013 BCN sea un nuevo punto neur\u00e1lgico de programaci\u00f3n internacional en nuestro pa\u00eds.<\/p>\n\n\n\n<h2 class=\"wp-block-heading\" id=\"espectacles\">Espect\u00e1culos<\/h2>\n\n\n\n\n\n<h2 class=\"wp-block-heading\" id=\"espais\">Espacios<\/h2>\n\n\n\n\t<div id=\"venues_grid-block_ebcffa11ec9efddea7003b78d34388a1\" class=\"ta-block-venues_grid\">\n\t\t\t\t<div uk-grid class=\"uk-grid-collapse uk-child-width-1-1 uk-child-width-1-2@m uk-child-width-1-4@l\">\n\t\t\t\n\t\t\t\n\t\t\t\t<div id=\"post-100530\" class=\"ta-card post-100530 ta_espais type-ta_espais status-publish has-post-thumbnail hentry ta_ubicacio-barcelona\">\n\n\t\t\t\t\t<a href=\"https:\/\/temporada-alta.com\/es\/espais\/teatre-goya-es\/?layout=fdt\">\n\t\t\t\t\t\t<div class=\"event-image uk-cover-container\">\n\t\t\t\t\t\t\t<canvas width=\"640\" height=\"480\"><\/canvas>\n\t\t\t\t\t\t\t<img decoding=\"async\" src=\"https:\/\/temporada-alta.com\/wp-content\/uploads\/teatre-goya-640x480.webp\" alt=\"\" uk-cover>\n\t\t\t\t\t\t<\/div>\n\t\t\t\t\t<\/a>\n\n\t\t\t\t\t<a class=\"ta-card-inner\" href=\"https:\/\/temporada-alta.com\/es\/espais\/teatre-goya-es\/?layout=fdt\">\n\t\t\t\t\t\t<h2 class=\"espai-title\">Teatre Goya<\/h2>\n\t\t\t\t\t\t\n\t\t\t\t\t<\/a>\n\n\t\t\t\t<\/div>\n\n\t\t\t\n\t\t\t\t<div id=\"post-100522\" class=\"ta-card post-100522 ta_espais type-ta_espais status-publish has-post-thumbnail hentry ta_ubicacio-barcelona\">\n\n\t\t\t\t\t<a href=\"https:\/\/temporada-alta.com\/es\/espais\/teatre-lliure-espai-lliure-es\/?layout=fdt\">\n\t\t\t\t\t\t<div class=\"event-image uk-cover-container\">\n\t\t\t\t\t\t\t<canvas width=\"640\" height=\"480\"><\/canvas>\n\t\t\t\t\t\t\t<img decoding=\"async\" src=\"https:\/\/temporada-alta.com\/wp-content\/uploads\/teatre-lliure-espai-lliure-640x480.webp\" alt=\"\" uk-cover>\n\t\t\t\t\t\t<\/div>\n\t\t\t\t\t<\/a>\n\n\t\t\t\t\t<a class=\"ta-card-inner\" href=\"https:\/\/temporada-alta.com\/es\/espais\/teatre-lliure-espai-lliure-es\/?layout=fdt\">\n\t\t\t\t\t\t<h2 class=\"espai-title\">Teatre Lliure (Espai Lliure)<\/h2>\n\t\t\t\t\t\t\n\t\t\t\t\t<\/a>\n\n\t\t\t\t<\/div>\n\n\t\t\t\n\t\t\t\t<div id=\"post-100523\" class=\"ta-card post-100523 ta_espais type-ta_espais status-publish has-post-thumbnail hentry ta_ubicacio-barcelona\">\n\n\t\t\t\t\t<a href=\"https:\/\/temporada-alta.com\/es\/espais\/fundacio-joan-brossa-sala-t-es\/?layout=fdt\">\n\t\t\t\t\t\t<div class=\"event-image uk-cover-container\">\n\t\t\t\t\t\t\t<canvas width=\"640\" height=\"480\"><\/canvas>\n\t\t\t\t\t\t\t<img decoding=\"async\" src=\"https:\/\/temporada-alta.com\/wp-content\/uploads\/fundacio-joan-brossa-640x480.webp\" alt=\"\" uk-cover>\n\t\t\t\t\t\t<\/div>\n\t\t\t\t\t<\/a>\n\n\t\t\t\t\t<a class=\"ta-card-inner\" href=\"https:\/\/temporada-alta.com\/es\/espais\/fundacio-joan-brossa-sala-t-es\/?layout=fdt\">\n\t\t\t\t\t\t<h2 class=\"espai-title\">Fundaci\u00f3 Joan Brossa (Sala T)<\/h2>\n\t\t\t\t\t\t\n\t\t\t\t\t<\/a>\n\n\t\t\t\t<\/div>\n\n\t\t\t\n\t\t\t\t<div id=\"post-100528\" class=\"ta-card post-100528 ta_espais type-ta_espais status-publish has-post-thumbnail hentry ta_ubicacio-barcelona\">\n\n\t\t\t\t\t<a href=\"https:\/\/temporada-alta.com\/es\/espais\/la-villarroel-es\/?layout=fdt\">\n\t\t\t\t\t\t<div class=\"event-image uk-cover-container\">\n\t\t\t\t\t\t\t<canvas width=\"640\" height=\"480\"><\/canvas>\n\t\t\t\t\t\t\t<img decoding=\"async\" src=\"https:\/\/temporada-alta.com\/wp-content\/uploads\/la-villarroel-640x480.webp\" alt=\"\" uk-cover>\n\t\t\t\t\t\t<\/div>\n\t\t\t\t\t<\/a>\n\n\t\t\t\t\t<a class=\"ta-card-inner\" href=\"https:\/\/temporada-alta.com\/es\/espais\/la-villarroel-es\/?layout=fdt\">\n\t\t\t\t\t\t<h2 class=\"espai-title\">La Villarroel<\/h2>\n\t\t\t\t\t\t\n\t\t\t\t\t<\/a>\n\n\t\t\t\t<\/div>\n\n\t\t\t\n\t\t\t\t<div id=\"post-100526\" class=\"ta-card post-100526 ta_espais type-ta_espais status-publish has-post-thumbnail hentry ta_ubicacio-barcelona\">\n\n\t\t\t\t\t<a href=\"https:\/\/temporada-alta.com\/es\/espais\/teatre-la-biblioteca-es\/?layout=fdt\">\n\t\t\t\t\t\t<div class=\"event-image uk-cover-container\">\n\t\t\t\t\t\t\t<canvas width=\"640\" height=\"480\"><\/canvas>\n\t\t\t\t\t\t\t<img decoding=\"async\" src=\"https:\/\/temporada-alta.com\/wp-content\/uploads\/teatre-la-biblioteca-640x480.webp\" alt=\"\" uk-cover>\n\t\t\t\t\t\t<\/div>\n\t\t\t\t\t<\/a>\n\n\t\t\t\t\t<a class=\"ta-card-inner\" href=\"https:\/\/temporada-alta.com\/es\/espais\/teatre-la-biblioteca-es\/?layout=fdt\">\n\t\t\t\t\t\t<h2 class=\"espai-title\">Teatre La Biblioteca<\/h2>\n\t\t\t\t\t\t\n\t\t\t\t\t<\/a>\n\n\t\t\t\t<\/div>\n\n\t\t\t\n\t\t\t\t<div id=\"post-100520\" class=\"ta-card post-100520 ta_espais type-ta_espais status-publish has-post-thumbnail hentry ta_ubicacio-barcelona\">\n\n\t\t\t\t\t<a href=\"https:\/\/temporada-alta.com\/es\/espais\/teatre-lliure-sala-fabia-puigserver-es\/?layout=fdt\">\n\t\t\t\t\t\t<div class=\"event-image uk-cover-container\">\n\t\t\t\t\t\t\t<canvas width=\"640\" height=\"480\"><\/canvas>\n\t\t\t\t\t\t\t<img decoding=\"async\" src=\"https:\/\/temporada-alta.com\/wp-content\/uploads\/teatre-lliure-sala-fabia-puigserver-640x480.webp\" alt=\"\" uk-cover>\n\t\t\t\t\t\t<\/div>\n\t\t\t\t\t<\/a>\n\n\t\t\t\t\t<a class=\"ta-card-inner\" href=\"https:\/\/temporada-alta.com\/es\/espais\/teatre-lliure-sala-fabia-puigserver-es\/?layout=fdt\">\n\t\t\t\t\t\t<h2 class=\"espai-title\">Teatre Lliure (Sala Fabi\u00e0 Puigserver)<\/h2>\n\t\t\t\t\t\t\n\t\t\t\t\t<\/a>\n\n\t\t\t\t<\/div>\n\n\t\t\t\n\t\t\t\t<div id=\"post-86561\" class=\"ta-card post-86561 ta_espais type-ta_espais status-publish has-post-thumbnail hentry ta_ubicacio-barcelona\">\n\n\t\t\t\t\t<a href=\"https:\/\/temporada-alta.com\/es\/espais\/mercat-de-les-flors-sala-mac-es\/?layout=fdt\">\n\t\t\t\t\t\t<div class=\"event-image uk-cover-container\">\n\t\t\t\t\t\t\t<canvas width=\"640\" height=\"480\"><\/canvas>\n\t\t\t\t\t\t\t<img decoding=\"async\" src=\"https:\/\/temporada-alta.com\/wp-content\/uploads\/mercat-de-les-flors-640x480.webp\" alt=\"\" uk-cover>\n\t\t\t\t\t\t<\/div>\n\t\t\t\t\t<\/a>\n\n\t\t\t\t\t<a class=\"ta-card-inner\" href=\"https:\/\/temporada-alta.com\/es\/espais\/mercat-de-les-flors-sala-mac-es\/?layout=fdt\">\n\t\t\t\t\t\t<h2 class=\"espai-title\">Mercat de les Flors<\/h2>\n\t\t\t\t\t\t\n\t\t\t\t\t<\/a>\n\n\t\t\t\t<\/div>\n\n\t\t\t\n\t\t<\/div>\n    <\/div>\n\t\n\n\n<h2 class=\"wp-block-heading\" id=\"premsa\">Prensa<\/h2>\n\n\n\n<p class=\"has-medium-font-size\">Eug\u00e8nia Berga&nbsp; &#8211; Temporada Alta <\/p>\n\n\n\n<p class=\"has-medium-font-size\"><a href=\"mailto:eugenia@bito.pro\">eugenia@bito.pro<\/a>&nbsp;\/ 972 40 20 04 ext. 114<\/p>\n\n\n\n<p class=\"has-large-font-size\"><strong>Barcelona<\/strong><\/p>\n\n\n\n<p class=\"has-medium-font-size\">Paula Pair\u00f3<\/p>\n\n\n\n<p class=\"has-medium-font-size\"><a href=\"mailto:ppairocortada@gmail.com\"><\/a><a href=\"mailto:ppairocortada@gmail.com\" target=\"_blank\" rel=\"noreferrer noopener\">ppairocortada@gmail.com<\/a>&nbsp;\/ 671 70 84 76<\/p>\n\n\n\n<div class=\"wp-block-buttons is-layout-flex wp-block-buttons-is-layout-flex\">\n<div class=\"wp-block-button\"><a class=\"wp-block-button__link has-dark-gray-color has-white-background-color has-text-color has-background has-link-color wp-element-button\" href=\"https:\/\/drive.google.com\/drive\/folders\/13w5785eavsX8qwkAew0z7ZcjfkSpdnbu?usp=sharing\" target=\"_blank\" rel=\"noreferrer noopener\">materiales para prensa<\/a><\/div>\n<\/div>\n<\/div>","protected":false},"excerpt":{"rendered":"<p>Presentaci\u00f3n Flaix de tardor \u2013 BCN es una iniciativa de Temporada Alta que presenta una programaci\u00f3n esc\u00e9nica internacional&#8230;<\/p>\n","protected":false},"author":35132,"featured_media":0,"parent":0,"menu_order":0,"comment_status":"closed","ping_status":"closed","template":"templates\/flaix-de-tardor.php","meta":{"_acf_changed":false,"footnotes":""},"class_list":["post-100866","page","type-page","status-publish","hentry"],"acf":[],"yoast_head":"<!-- This site is optimized with the Yoast SEO plugin v27.0 - https:\/\/yoast.com\/product\/yoast-seo-wordpress\/ -->\n<title>Flaix de tardor - BCN - Temporada Alta<\/title>\n<meta name=\"description\" content=\"Flash de Tardor - BCN, una iniciativa de Temporada Alta. Programaci\u00f3n esc\u00e9nica internacional en Barcelona integrada a la cartelera de oto\u00f1o.\" \/>\n<meta name=\"robots\" content=\"index, follow, max-snippet:-1, max-image-preview:large, max-video-preview:-1\" \/>\n<link rel=\"canonical\" href=\"https:\/\/temporada-alta.com\/es\/flaix-de-tardor-es\/\" \/>\n<meta property=\"og:locale\" content=\"es_ES\" \/>\n<meta property=\"og:type\" content=\"article\" \/>\n<meta property=\"og:title\" content=\"Flaix de tardor - BCN - Temporada Alta\" \/>\n<meta property=\"og:description\" content=\"Flash de Tardor - BCN, una iniciativa de Temporada Alta. Programaci\u00f3n esc\u00e9nica internacional en Barcelona integrada a la cartelera de oto\u00f1o.\" \/>\n<meta property=\"og:url\" content=\"https:\/\/temporada-alta.com\/es\/flaix-de-tardor-es\/\" \/>\n<meta property=\"og:site_name\" content=\"Temporada Alta\" \/>\n<meta property=\"article:modified_time\" content=\"2025-06-19T09:52:18+00:00\" \/>\n<meta name=\"twitter:card\" content=\"summary_large_image\" \/>\n<script type=\"application\/ld+json\" class=\"yoast-schema-graph\">{\"@context\":\"https:\/\/schema.org\",\"@graph\":[{\"@type\":\"WebPage\",\"@id\":\"https:\/\/temporada-alta.com\/es\/flaix-de-tardor-es\/\",\"url\":\"https:\/\/temporada-alta.com\/es\/flaix-de-tardor-es\/\",\"name\":\"Flaix de tardor - BCN - Temporada Alta\",\"isPartOf\":{\"@id\":\"https:\/\/temporada-alta.com\/es\/#website\"},\"datePublished\":\"2025-06-12T10:01:27+00:00\",\"dateModified\":\"2025-06-19T09:52:18+00:00\",\"description\":\"Flash de Tardor - BCN, una iniciativa de Temporada Alta. Programaci\u00f3n esc\u00e9nica internacional en Barcelona integrada a la cartelera de oto\u00f1o.\",\"breadcrumb\":{\"@id\":\"https:\/\/temporada-alta.com\/es\/flaix-de-tardor-es\/#breadcrumb\"},\"inLanguage\":\"es\",\"potentialAction\":[{\"@type\":\"ReadAction\",\"target\":[\"https:\/\/temporada-alta.com\/es\/flaix-de-tardor-es\/\"]}]},{\"@type\":\"BreadcrumbList\",\"@id\":\"https:\/\/temporada-alta.com\/es\/flaix-de-tardor-es\/#breadcrumb\",\"itemListElement\":[{\"@type\":\"ListItem\",\"position\":1,\"name\":\"Inici\",\"item\":\"https:\/\/temporada-alta.com\/es\/\"},{\"@type\":\"ListItem\",\"position\":2,\"name\":\"Flaix de tardor &#8211; BCN\"}]},{\"@type\":\"WebSite\",\"@id\":\"https:\/\/temporada-alta.com\/es\/#website\",\"url\":\"https:\/\/temporada-alta.com\/es\/\",\"name\":\"Temporada Alta\",\"description\":\"Festival d&#039;Arts Esc\u00e8niques\",\"publisher\":{\"@id\":\"https:\/\/temporada-alta.com\/es\/#organization\"},\"potentialAction\":[{\"@type\":\"SearchAction\",\"target\":{\"@type\":\"EntryPoint\",\"urlTemplate\":\"https:\/\/temporada-alta.com\/es\/?s={search_term_string}\"},\"query-input\":{\"@type\":\"PropertyValueSpecification\",\"valueRequired\":true,\"valueName\":\"search_term_string\"}}],\"inLanguage\":\"es\"},{\"@type\":\"Organization\",\"@id\":\"https:\/\/temporada-alta.com\/es\/#organization\",\"name\":\"Temporada Alta\",\"url\":\"https:\/\/temporada-alta.com\/es\/\",\"logo\":{\"@type\":\"ImageObject\",\"inLanguage\":\"es\",\"@id\":\"https:\/\/temporada-alta.com\/es\/#\/schema\/logo\/image\/\",\"url\":\"https:\/\/temporada-alta.com\/wp-content\/uploads\/TA21-Logotip-pos.png\",\"contentUrl\":\"https:\/\/temporada-alta.com\/wp-content\/uploads\/TA21-Logotip-pos.png\",\"width\":800,\"height\":267,\"caption\":\"Temporada Alta\"},\"image\":{\"@id\":\"https:\/\/temporada-alta.com\/es\/#\/schema\/logo\/image\/\"}}]}<\/script>\n<!-- \/ Yoast SEO plugin. -->","yoast_head_json":{"title":"Flaix de tardor - BCN - Temporada Alta","description":"Flash de Tardor - BCN, una iniciativa de Temporada Alta. Programaci\u00f3n esc\u00e9nica internacional en Barcelona integrada a la cartelera de oto\u00f1o.","robots":{"index":"index","follow":"follow","max-snippet":"max-snippet:-1","max-image-preview":"max-image-preview:large","max-video-preview":"max-video-preview:-1"},"canonical":"https:\/\/temporada-alta.com\/es\/flaix-de-tardor-es\/","og_locale":"es_ES","og_type":"article","og_title":"Flaix de tardor - BCN - Temporada Alta","og_description":"Flash de Tardor - BCN, una iniciativa de Temporada Alta. Programaci\u00f3n esc\u00e9nica internacional en Barcelona integrada a la cartelera de oto\u00f1o.","og_url":"https:\/\/temporada-alta.com\/es\/flaix-de-tardor-es\/","og_site_name":"Temporada Alta","article_modified_time":"2025-06-19T09:52:18+00:00","twitter_card":"summary_large_image","schema":{"@context":"https:\/\/schema.org","@graph":[{"@type":"WebPage","@id":"https:\/\/temporada-alta.com\/es\/flaix-de-tardor-es\/","url":"https:\/\/temporada-alta.com\/es\/flaix-de-tardor-es\/","name":"Flaix de tardor - BCN - Temporada Alta","isPartOf":{"@id":"https:\/\/temporada-alta.com\/es\/#website"},"datePublished":"2025-06-12T10:01:27+00:00","dateModified":"2025-06-19T09:52:18+00:00","description":"Flash de Tardor - BCN, una iniciativa de Temporada Alta. Programaci\u00f3n esc\u00e9nica internacional en Barcelona integrada a la cartelera de oto\u00f1o.","breadcrumb":{"@id":"https:\/\/temporada-alta.com\/es\/flaix-de-tardor-es\/#breadcrumb"},"inLanguage":"es","potentialAction":[{"@type":"ReadAction","target":["https:\/\/temporada-alta.com\/es\/flaix-de-tardor-es\/"]}]},{"@type":"BreadcrumbList","@id":"https:\/\/temporada-alta.com\/es\/flaix-de-tardor-es\/#breadcrumb","itemListElement":[{"@type":"ListItem","position":1,"name":"Inici","item":"https:\/\/temporada-alta.com\/es\/"},{"@type":"ListItem","position":2,"name":"Flaix de tardor &#8211; BCN"}]},{"@type":"WebSite","@id":"https:\/\/temporada-alta.com\/es\/#website","url":"https:\/\/temporada-alta.com\/es\/","name":"Temporada Alta","description":"Festival d&#039;Arts Esc\u00e8niques","publisher":{"@id":"https:\/\/temporada-alta.com\/es\/#organization"},"potentialAction":[{"@type":"SearchAction","target":{"@type":"EntryPoint","urlTemplate":"https:\/\/temporada-alta.com\/es\/?s={search_term_string}"},"query-input":{"@type":"PropertyValueSpecification","valueRequired":true,"valueName":"search_term_string"}}],"inLanguage":"es"},{"@type":"Organization","@id":"https:\/\/temporada-alta.com\/es\/#organization","name":"Temporada Alta","url":"https:\/\/temporada-alta.com\/es\/","logo":{"@type":"ImageObject","inLanguage":"es","@id":"https:\/\/temporada-alta.com\/es\/#\/schema\/logo\/image\/","url":"https:\/\/temporada-alta.com\/wp-content\/uploads\/TA21-Logotip-pos.png","contentUrl":"https:\/\/temporada-alta.com\/wp-content\/uploads\/TA21-Logotip-pos.png","width":800,"height":267,"caption":"Temporada Alta"},"image":{"@id":"https:\/\/temporada-alta.com\/es\/#\/schema\/logo\/image\/"}}]}},"_links":{"self":[{"href":"https:\/\/temporada-alta.com\/es\/wp-json\/wp\/v2\/pages\/100866","targetHints":{"allow":["GET"]}}],"collection":[{"href":"https:\/\/temporada-alta.com\/es\/wp-json\/wp\/v2\/pages"}],"about":[{"href":"https:\/\/temporada-alta.com\/es\/wp-json\/wp\/v2\/types\/page"}],"author":[{"embeddable":true,"href":"https:\/\/temporada-alta.com\/es\/wp-json\/wp\/v2\/users\/35132"}],"replies":[{"embeddable":true,"href":"https:\/\/temporada-alta.com\/es\/wp-json\/wp\/v2\/comments?post=100866"}],"version-history":[{"count":5,"href":"https:\/\/temporada-alta.com\/es\/wp-json\/wp\/v2\/pages\/100866\/revisions"}],"predecessor-version":[{"id":101687,"href":"https:\/\/temporada-alta.com\/es\/wp-json\/wp\/v2\/pages\/100866\/revisions\/101687"}],"wp:attachment":[{"href":"https:\/\/temporada-alta.com\/es\/wp-json\/wp\/v2\/media?parent=100866"}],"curies":[{"name":"wp","href":"https:\/\/api.w.org\/{rel}","templated":true}]}}