{"id":98485,"date":"2024-11-18T10:30:38","date_gmt":"2024-11-18T09:30:38","guid":{"rendered":"https:\/\/temporada-alta.com\/?page_id=98485"},"modified":"2025-02-24T16:42:07","modified_gmt":"2025-02-24T15:42:07","slug":"2003-edition","status":"publish","type":"page","link":"https:\/\/temporada-alta.com\/en\/2003-edition\/","title":{"rendered":"2003 Edition"},"content":{"rendered":"<div id=\"modal-ready\">\n<h3 class=\"wp-block-heading\"><strong>Cooperation with the Catalan Government<\/strong><\/h3>\n\n\n\n<p>After eleven years we receive the support of the Catalan Government for the first time. The Catalan government acknowledges our importance as a gateway for international stagings in Catalonia and the results of the work performed with regard to the production of shows. Once again we offer high-quality programming. There are performances by Llu\u00eds Pasqual, Eduardo \u201cTato\u201d Pavlosku, Patrice Ch\u00e9reau, Peter Stein, Peter Brook, Merc\u00e8 Sampietro and Vicky Pe\u00f1a, among many others.<\/p>\n\n\n\n<p>Shows:<strong>&nbsp;42<\/strong>&nbsp;(+ cinema)<br>Co-productions: <strong>8<\/strong><br>Premi\u00e8res:<strong>&nbsp;21&nbsp;<\/strong><br>Spectators: <strong>23.843&nbsp;<\/strong>(total) \/ <strong>91,80%<\/strong>&nbsp;(tickets sold)<br>Halles: <strong>4&nbsp;<\/strong>(+ cinema)<br>Budget: <strong>523.762,65<\/strong>&nbsp;\u20ac<\/p>\n\n\n\n<div class=\"wp-block-columns are-vertically-aligned-center is-layout-flex wp-container-core-columns-is-layout-28f84493 wp-block-columns-is-layout-flex\">\n<div class=\"wp-block-column is-vertically-aligned-center is-layout-flow wp-block-column-is-layout-flow\">\n<figure class=\"wp-block-image alignwide size-full\"><img loading=\"lazy\" decoding=\"async\" width=\"600\" height=\"354\" src=\"https:\/\/temporada-alta.com\/wp-content\/uploads\/TA2003-1.jpg\" alt=\"\" class=\"wp-image-31621\" srcset=\"https:\/\/temporada-alta.com\/wp-content\/uploads\/TA2003-1.jpg 600w, https:\/\/temporada-alta.com\/wp-content\/uploads\/TA2003-1-300x177.jpg 300w\" sizes=\"auto, (max-width: 600px) 100vw, 600px\" \/><\/figure>\n<\/div>\n\n\n\n<div class=\"wp-block-column is-vertically-aligned-center is-layout-flow wp-block-column-is-layout-flow\">\n<h2 class=\"wp-block-heading\" style=\"margin-top:0;margin-bottom:0;padding-top:0;padding-bottom:0\"><span style=\"font-size: 2.14286rem; text-transform: inherit;\"><strong>Poster\u00a02003, Ferran Adri\u00e0 &#8211; Francesc Guillamet <\/strong><\/span><\/h2>\n\n\n\n<p style=\"margin-top:0;margin-bottom:0;padding-top:0;padding-bottom:0\"><strong>Ferran Adri\u00e0<\/strong> is one of our most internally renowned chefs thanks to his creative, unexpected, original and vanguard proposals. Trained in many kitchens, it wasn\u2019t until the 80s that he joined the team of Juli Soler in the restaurant \u2018El Bulli\u2019, where he was to become the first head chef and where he was eventually to obtain recognition for his effort and work when the restaurant was awarded three <em>Michelin<\/em> stars.<br>Adri\u00e0\u2019s creative cuisine is presented to us through the photographs of Francesc Guillament, a photographer from the Empord\u00e0 who specializes in gastronomic photography (the author of the photos that illustrate Ferran Adri\u00e0\u2019s recipe books). His work is full of intensity, contrasts, and sensations.<br>As regards Ferran Adri\u00e0\u2019s elaboration for the Temporada Alta poster, he manages to unite theatre with cuisine, as both are ephemeral arts. It is a cake called a nuvol, with mint, coconut, curry and tamarind. Everyone who has strolled through the Girona Fair has, at some point, seen these large sugar cakes, and as usual, Adri\u00e0 has surpassed himself by presenting this delicacy for sweet-toothed adults.<\/p>\n\n\n\n<p style=\"margin-top:0;margin-bottom:0;padding-top:0;padding-bottom:0\"><\/p>\n<\/div>\n<\/div>\n\n\n\n<p><a href=\"https:\/\/drive.google.com\/file\/d\/1c7U1Nr5GwaM9HsawEFIi9p7YYRdZTEbf\/view?usp=sharing\">Download poster<\/a><\/p>\n<\/div>","protected":false},"excerpt":{"rendered":"<p>Cooperation with the Catalan Government After eleven years we receive the support of the Catalan Government for the&#8230;<\/p>\n","protected":false},"author":35132,"featured_media":0,"parent":0,"menu_order":0,"comment_status":"closed","ping_status":"closed","template":"","meta":{"_acf_changed":false,"footnotes":""},"class_list":["post-98485","page","type-page","status-publish","hentry"],"acf":[],"yoast_head":"<!-- This site is optimized with the Yoast SEO plugin v27.0 - https:\/\/yoast.com\/product\/yoast-seo-wordpress\/ -->\n<title>2003 Edition - Temporada Alta<\/title>\n<meta name=\"robots\" content=\"index, follow, max-snippet:-1, max-image-preview:large, max-video-preview:-1\" \/>\n<link rel=\"canonical\" href=\"https:\/\/temporada-alta.com\/en\/2003-edition\/\" \/>\n<meta property=\"og:locale\" content=\"en_US\" \/>\n<meta property=\"og:type\" content=\"article\" \/>\n<meta property=\"og:title\" content=\"2003 Edition - Temporada Alta\" \/>\n<meta property=\"og:description\" content=\"Cooperation with the Catalan Government After eleven years we receive the support of the Catalan Government for the...\" \/>\n<meta property=\"og:url\" content=\"https:\/\/temporada-alta.com\/en\/2003-edition\/\" \/>\n<meta property=\"og:site_name\" content=\"Temporada Alta\" \/>\n<meta property=\"article:modified_time\" content=\"2025-02-24T15:42:07+00:00\" \/>\n<meta property=\"og:image\" content=\"https:\/\/temporada-alta.com\/wp-content\/uploads\/TA2003-1.jpg\" \/>\n\t<meta property=\"og:image:width\" content=\"600\" \/>\n\t<meta property=\"og:image:height\" content=\"354\" \/>\n\t<meta property=\"og:image:type\" content=\"image\/jpeg\" \/>\n<meta name=\"twitter:card\" content=\"summary_large_image\" \/>\n<script type=\"application\/ld+json\" class=\"yoast-schema-graph\">{\"@context\":\"https:\/\/schema.org\",\"@graph\":[{\"@type\":\"WebPage\",\"@id\":\"https:\/\/temporada-alta.com\/en\/2003-edition\/\",\"url\":\"https:\/\/temporada-alta.com\/en\/2003-edition\/\",\"name\":\"2003 Edition - Temporada Alta\",\"isPartOf\":{\"@id\":\"https:\/\/temporada-alta.com\/en\/#website\"},\"primaryImageOfPage\":{\"@id\":\"https:\/\/temporada-alta.com\/en\/2003-edition\/#primaryimage\"},\"image\":{\"@id\":\"https:\/\/temporada-alta.com\/en\/2003-edition\/#primaryimage\"},\"thumbnailUrl\":\"https:\/\/temporada-alta.com\/wp-content\/uploads\/TA2003-1.jpg\",\"datePublished\":\"2024-11-18T09:30:38+00:00\",\"dateModified\":\"2025-02-24T15:42:07+00:00\",\"breadcrumb\":{\"@id\":\"https:\/\/temporada-alta.com\/en\/2003-edition\/#breadcrumb\"},\"inLanguage\":\"en-US\",\"potentialAction\":[{\"@type\":\"ReadAction\",\"target\":[\"https:\/\/temporada-alta.com\/en\/2003-edition\/\"]}]},{\"@type\":\"ImageObject\",\"inLanguage\":\"en-US\",\"@id\":\"https:\/\/temporada-alta.com\/en\/2003-edition\/#primaryimage\",\"url\":\"https:\/\/temporada-alta.com\/wp-content\/uploads\/TA2003-1.jpg\",\"contentUrl\":\"https:\/\/temporada-alta.com\/wp-content\/uploads\/TA2003-1.jpg\"},{\"@type\":\"BreadcrumbList\",\"@id\":\"https:\/\/temporada-alta.com\/en\/2003-edition\/#breadcrumb\",\"itemListElement\":[{\"@type\":\"ListItem\",\"position\":1,\"name\":\"Inici\",\"item\":\"https:\/\/temporada-alta.com\/en\/\"},{\"@type\":\"ListItem\",\"position\":2,\"name\":\"2003 Edition\"}]},{\"@type\":\"WebSite\",\"@id\":\"https:\/\/temporada-alta.com\/en\/#website\",\"url\":\"https:\/\/temporada-alta.com\/en\/\",\"name\":\"Temporada Alta\",\"description\":\"Festival d&#039;Arts Esc\u00e8niques\",\"publisher\":{\"@id\":\"https:\/\/temporada-alta.com\/en\/#organization\"},\"potentialAction\":[{\"@type\":\"SearchAction\",\"target\":{\"@type\":\"EntryPoint\",\"urlTemplate\":\"https:\/\/temporada-alta.com\/en\/?s={search_term_string}\"},\"query-input\":{\"@type\":\"PropertyValueSpecification\",\"valueRequired\":true,\"valueName\":\"search_term_string\"}}],\"inLanguage\":\"en-US\"},{\"@type\":\"Organization\",\"@id\":\"https:\/\/temporada-alta.com\/en\/#organization\",\"name\":\"Temporada Alta\",\"url\":\"https:\/\/temporada-alta.com\/en\/\",\"logo\":{\"@type\":\"ImageObject\",\"inLanguage\":\"en-US\",\"@id\":\"https:\/\/temporada-alta.com\/en\/#\/schema\/logo\/image\/\",\"url\":\"https:\/\/temporada-alta.com\/wp-content\/uploads\/TA21-Logotip-pos.png\",\"contentUrl\":\"https:\/\/temporada-alta.com\/wp-content\/uploads\/TA21-Logotip-pos.png\",\"width\":800,\"height\":267,\"caption\":\"Temporada Alta\"},\"image\":{\"@id\":\"https:\/\/temporada-alta.com\/en\/#\/schema\/logo\/image\/\"}}]}<\/script>\n<!-- \/ Yoast SEO plugin. -->","yoast_head_json":{"title":"2003 Edition - Temporada Alta","robots":{"index":"index","follow":"follow","max-snippet":"max-snippet:-1","max-image-preview":"max-image-preview:large","max-video-preview":"max-video-preview:-1"},"canonical":"https:\/\/temporada-alta.com\/en\/2003-edition\/","og_locale":"en_US","og_type":"article","og_title":"2003 Edition - Temporada Alta","og_description":"Cooperation with the Catalan Government After eleven years we receive the support of the Catalan Government for the...","og_url":"https:\/\/temporada-alta.com\/en\/2003-edition\/","og_site_name":"Temporada Alta","article_modified_time":"2025-02-24T15:42:07+00:00","og_image":[{"width":600,"height":354,"url":"https:\/\/temporada-alta.com\/wp-content\/uploads\/TA2003-1.jpg","type":"image\/jpeg"}],"twitter_card":"summary_large_image","schema":{"@context":"https:\/\/schema.org","@graph":[{"@type":"WebPage","@id":"https:\/\/temporada-alta.com\/en\/2003-edition\/","url":"https:\/\/temporada-alta.com\/en\/2003-edition\/","name":"2003 Edition - Temporada Alta","isPartOf":{"@id":"https:\/\/temporada-alta.com\/en\/#website"},"primaryImageOfPage":{"@id":"https:\/\/temporada-alta.com\/en\/2003-edition\/#primaryimage"},"image":{"@id":"https:\/\/temporada-alta.com\/en\/2003-edition\/#primaryimage"},"thumbnailUrl":"https:\/\/temporada-alta.com\/wp-content\/uploads\/TA2003-1.jpg","datePublished":"2024-11-18T09:30:38+00:00","dateModified":"2025-02-24T15:42:07+00:00","breadcrumb":{"@id":"https:\/\/temporada-alta.com\/en\/2003-edition\/#breadcrumb"},"inLanguage":"en-US","potentialAction":[{"@type":"ReadAction","target":["https:\/\/temporada-alta.com\/en\/2003-edition\/"]}]},{"@type":"ImageObject","inLanguage":"en-US","@id":"https:\/\/temporada-alta.com\/en\/2003-edition\/#primaryimage","url":"https:\/\/temporada-alta.com\/wp-content\/uploads\/TA2003-1.jpg","contentUrl":"https:\/\/temporada-alta.com\/wp-content\/uploads\/TA2003-1.jpg"},{"@type":"BreadcrumbList","@id":"https:\/\/temporada-alta.com\/en\/2003-edition\/#breadcrumb","itemListElement":[{"@type":"ListItem","position":1,"name":"Inici","item":"https:\/\/temporada-alta.com\/en\/"},{"@type":"ListItem","position":2,"name":"2003 Edition"}]},{"@type":"WebSite","@id":"https:\/\/temporada-alta.com\/en\/#website","url":"https:\/\/temporada-alta.com\/en\/","name":"Temporada Alta","description":"Festival d&#039;Arts Esc\u00e8niques","publisher":{"@id":"https:\/\/temporada-alta.com\/en\/#organization"},"potentialAction":[{"@type":"SearchAction","target":{"@type":"EntryPoint","urlTemplate":"https:\/\/temporada-alta.com\/en\/?s={search_term_string}"},"query-input":{"@type":"PropertyValueSpecification","valueRequired":true,"valueName":"search_term_string"}}],"inLanguage":"en-US"},{"@type":"Organization","@id":"https:\/\/temporada-alta.com\/en\/#organization","name":"Temporada Alta","url":"https:\/\/temporada-alta.com\/en\/","logo":{"@type":"ImageObject","inLanguage":"en-US","@id":"https:\/\/temporada-alta.com\/en\/#\/schema\/logo\/image\/","url":"https:\/\/temporada-alta.com\/wp-content\/uploads\/TA21-Logotip-pos.png","contentUrl":"https:\/\/temporada-alta.com\/wp-content\/uploads\/TA21-Logotip-pos.png","width":800,"height":267,"caption":"Temporada Alta"},"image":{"@id":"https:\/\/temporada-alta.com\/en\/#\/schema\/logo\/image\/"}}]}},"_links":{"self":[{"href":"https:\/\/temporada-alta.com\/en\/wp-json\/wp\/v2\/pages\/98485","targetHints":{"allow":["GET"]}}],"collection":[{"href":"https:\/\/temporada-alta.com\/en\/wp-json\/wp\/v2\/pages"}],"about":[{"href":"https:\/\/temporada-alta.com\/en\/wp-json\/wp\/v2\/types\/page"}],"author":[{"embeddable":true,"href":"https:\/\/temporada-alta.com\/en\/wp-json\/wp\/v2\/users\/35132"}],"replies":[{"embeddable":true,"href":"https:\/\/temporada-alta.com\/en\/wp-json\/wp\/v2\/comments?post=98485"}],"version-history":[{"count":1,"href":"https:\/\/temporada-alta.com\/en\/wp-json\/wp\/v2\/pages\/98485\/revisions"}],"predecessor-version":[{"id":98487,"href":"https:\/\/temporada-alta.com\/en\/wp-json\/wp\/v2\/pages\/98485\/revisions\/98487"}],"wp:attachment":[{"href":"https:\/\/temporada-alta.com\/en\/wp-json\/wp\/v2\/media?parent=98485"}],"curies":[{"name":"wp","href":"https:\/\/api.w.org\/{rel}","templated":true}]}}