{"id":98413,"date":"2024-11-15T16:54:24","date_gmt":"2024-11-15T15:54:24","guid":{"rendered":"https:\/\/temporada-alta.com\/?page_id=98413"},"modified":"2025-02-24T15:09:26","modified_gmt":"2025-02-24T14:09:26","slug":"2010-edition","status":"publish","type":"page","link":"https:\/\/temporada-alta.com\/en\/2010-edition\/","title":{"rendered":"2010 Edition"},"content":{"rendered":"<div id=\"modal-ready\">\n<h3 class=\"wp-block-heading\"><strong>A well-established festival<\/strong><\/h3>\n\n\n\n<p>This year the tickets for 71 performances are sold out, leading us to increase the number from 112 to 127. The momentum of Catalan artistic creation is embodied in 18 co-productions, of which 7 are world premi\u00e8res.<br>Temporada Alta is attended by artists such as Alain Platel and Frank Van Laecke, Krystian Lupa, Jan Fabre, Claudio Tolcachir, Guy Cassiers, Edward Hall, Wajdi Mouawad, Peter Forman, The Tiger Lillies, Carles Santos, Joan Oll\u00e9, Albert Pla and Pascal Comelade, Llu\u00eds Pasqual and Michael Pennington.<\/p>\n\n\n\n<p>Shows:<strong>&nbsp;76<\/strong>&nbsp;(+ cinema)<br>Co-productions: <strong>21<\/strong><br>Premi\u00e8res:<strong>&nbsp;43<\/strong><br>Spectators: <strong>52.808&nbsp;<\/strong>(total) \/ <strong>90,37%<\/strong>&nbsp;(tickets sold)<br>Halles:&nbsp;<strong>12<\/strong>&nbsp;(+ cinema)<br>Budget: <strong>2.835.749,01<\/strong>&nbsp;\u20ac<\/p>\n\n\n\n<div class=\"wp-block-columns are-vertically-aligned-center has-white-color has-black-background-color has-text-color has-background has-link-color wp-elements-8d2bee4f30d71677992562b124506628 is-layout-flex wp-container-core-columns-is-layout-28f84493 wp-block-columns-is-layout-flex\">\n<div class=\"wp-block-column is-vertically-aligned-center is-layout-flow wp-block-column-is-layout-flow\">\n<figure class=\"wp-block-image size-full\"><img loading=\"lazy\" decoding=\"async\" width=\"600\" height=\"354\" src=\"https:\/\/temporada-alta.com\/wp-content\/uploads\/LITTORAL-\u00aeJEAN-LOUIS-FERNANDEZ_NB05.jpg\" alt=\"\" class=\"wp-image-29265\" srcset=\"https:\/\/temporada-alta.com\/wp-content\/uploads\/LITTORAL-\u00aeJEAN-LOUIS-FERNANDEZ_NB05.jpg 600w, https:\/\/temporada-alta.com\/wp-content\/uploads\/LITTORAL-\u00aeJEAN-LOUIS-FERNANDEZ_NB05-300x177.jpg 300w\" sizes=\"auto, (max-width: 600px) 100vw, 600px\" \/><\/figure>\n<\/div>\n\n\n\n<div class=\"wp-block-column is-vertically-aligned-center is-layout-flow wp-block-column-is-layout-flow\">\n<h2 class=\"wp-block-heading has-text-align-center has-white-color has-text-color has-link-color wp-elements-181ace5300962047491e615e95146bc9\"><strong>Documents<\/strong><\/h2>\n\n\n\n<div class=\"wp-block-buttons is-vertical is-content-justification-center is-layout-flex wp-container-core-buttons-is-layout-0a0d504e wp-block-buttons-is-layout-flex\" style=\"margin-top:0;margin-bottom:0\">\n<div class=\"wp-block-button\"><a class=\"wp-block-button__link wp-element-button\" href=\"https:\/\/drive.google.com\/file\/d\/1T8coUj0gxbtF44QmzvNWitfJV6PQ2yu1\/view?usp=sharing\" style=\"border-width:1px\">presentation dossier<\/a><\/div>\n<\/div>\n<\/div>\n<\/div>\n\n\n\n<div class=\"wp-block-columns are-vertically-aligned-center is-layout-flex wp-container-core-columns-is-layout-28f84493 wp-block-columns-is-layout-flex\">\n<div class=\"wp-block-column is-vertically-aligned-center is-layout-flow wp-block-column-is-layout-flow\">\n<figure class=\"wp-block-image size-full is-resized\"><img loading=\"lazy\" decoding=\"async\" width=\"600\" height=\"354\" src=\"https:\/\/temporada-alta.com\/wp-content\/uploads\/TA2010.jpg\" alt=\"\" class=\"wp-image-29256\" style=\"width:423px;height:auto\" srcset=\"https:\/\/temporada-alta.com\/wp-content\/uploads\/TA2010.jpg 600w, https:\/\/temporada-alta.com\/wp-content\/uploads\/TA2010-300x177.jpg 300w\" sizes=\"auto, (max-width: 600px) 100vw, 600px\" \/><\/figure>\n<\/div>\n\n\n\n<div class=\"wp-block-column is-vertically-aligned-center is-layout-flow wp-block-column-is-layout-flow\">\n<h2 class=\"wp-block-heading\" style=\"margin-top:0;margin-bottom:0;padding-top:0;padding-bottom:0\"><span style=\"font-size: 2.14286rem; text-transform: inherit;\"><strong>Poster\u00a02010, Eug\u00e8nia Balcells <\/strong><\/span><\/h2>\n\n\n\n<p style=\"margin-top:0;margin-bottom:0;padding-top:0;padding-bottom:0\">Today, as in the 70s when she began her artistic career, light is still the indisputable center of interest of Eug\u00e8nia Balcells. In Freq\u00fc\u00e8ncies, the exhibition presented in Arts Santa M\u00f2nica at the end of 2009 and about to start its tour, light is presented to us as an essential form of energy that not only shapes the universe but is also the tool that enables us to perceive and represent it.<\/p>\n<\/div>\n<\/div>\n\n\n\n<p>The installation Freq\u00fc\u00e8ncies -which has given the name to the whole exhibition- has been generated from laboratory images. The signs that identify each element in the periodic table are the result of scientific research that seeks to become familiar with the nature of matter. In the hands of Eug\u00e8nia Balcells, however, this information is transformed into raw material which she uses to build up a metaphor on the constant recreation of the visible universe. Her interest in grasping and transmitting energy which generates and transforms life can be perceived in the interwoven strands of colour white light breaks down into.<br>When contemplating <em>Freq\u00fc\u00e8ncies<\/em>, viewers are alternatively confronted by the force which has created light and what their memory retains about their life. In overheard conversations of visitors, names like Giotto, Titian, Vel\u00e1zquez and Rothko intermingle with the concepts of the periodic table, emission spectrums, wavelength\u2026 Their comments suggest that we see what we know, even when what we are looking at is light, the very source of our ability to see.<br>An exquisite sensitivity and a limitless curiosity for scientific and technological progress is modelled in this exhibition by Eug\u00e8nia Balcells, who began her academic life studying architecture and today repeats with satisfaction: \u201cThere is enough randomness in my work for even me to be a spectator.\u201d The poster the artist has created for the Temporada Alta Festival is the natural offspring of the research process Eug\u00e8nia Balcells is still immersed in. How the graphic proposal took shape, what relationship she has with her work and the intersection between her multimedia installations and her collaboration in the theatre are the subject of a discussion that will be held on 22nd October in the venue.<\/p>\n\n\n\n<p><strong>Eul\u00e0lia Bosch, guardian of the exhibition Freq\u00fc\u00e8ncies<\/strong><\/p>\n\n\n\n<p>[Eug\u00e8nia Balcells has just been awarded the Premi Nacional d\u2019Arts Visuals de la Generalitat de Catalunya 2001 for Freq\u00fc\u00e8ncies]<\/p>\n\n\n\n<p><a href=\"https:\/\/drive.google.com\/file\/d\/14iaiLlYJaSAAckzeZ6StcsBAsWnvNZJM\/view?usp=sharing\">Download poster<\/a><\/p>\n\n\n\n<h2 class=\"wp-block-heading\"><strong>Short film 2010<\/strong><\/h2>\n\n\n\n<figure class=\"wp-block-embed is-type-video is-provider-youtube wp-block-embed-youtube wp-embed-aspect-16-9 wp-has-aspect-ratio\"><div class=\"wp-block-embed__wrapper\">\n<iframe loading=\"lazy\" title=\"Spot Temporada Alta 2010\" width=\"500\" height=\"281\" src=\"https:\/\/www.youtube.com\/embed\/YJjL287f554?feature=oembed\" frameborder=\"0\" allow=\"accelerometer; autoplay; clipboard-write; encrypted-media; gyroscope; picture-in-picture; web-share\" referrerpolicy=\"strict-origin-when-cross-origin\" allowfullscreen><\/iframe>\n<\/div><\/figure>\n<\/div>","protected":false},"excerpt":{"rendered":"<p>A well-established festival This year the tickets for 71 performances are sold out, leading us to increase the&#8230;<\/p>\n","protected":false},"author":35132,"featured_media":0,"parent":0,"menu_order":0,"comment_status":"closed","ping_status":"closed","template":"","meta":{"_acf_changed":false,"footnotes":""},"class_list":["post-98413","page","type-page","status-publish","hentry"],"acf":[],"yoast_head":"<!-- This site is optimized with the Yoast SEO plugin v27.0 - https:\/\/yoast.com\/product\/yoast-seo-wordpress\/ -->\n<title>2010 Edition - Temporada Alta<\/title>\n<meta name=\"robots\" content=\"index, follow, max-snippet:-1, max-image-preview:large, max-video-preview:-1\" \/>\n<link rel=\"canonical\" href=\"https:\/\/temporada-alta.com\/en\/2010-edition\/\" \/>\n<meta property=\"og:locale\" content=\"en_US\" \/>\n<meta property=\"og:type\" content=\"article\" \/>\n<meta property=\"og:title\" content=\"2010 Edition - Temporada Alta\" \/>\n<meta property=\"og:description\" content=\"A well-established festival This year the tickets for 71 performances are sold out, leading us to increase the...\" \/>\n<meta property=\"og:url\" content=\"https:\/\/temporada-alta.com\/en\/2010-edition\/\" \/>\n<meta property=\"og:site_name\" content=\"Temporada Alta\" \/>\n<meta property=\"article:modified_time\" content=\"2025-02-24T14:09:26+00:00\" \/>\n<meta property=\"og:image\" content=\"https:\/\/temporada-alta.com\/wp-content\/uploads\/TA2010.jpg\" \/>\n<meta name=\"twitter:card\" content=\"summary_large_image\" \/>\n<script type=\"application\/ld+json\" class=\"yoast-schema-graph\">{\"@context\":\"https:\/\/schema.org\",\"@graph\":[{\"@type\":\"WebPage\",\"@id\":\"https:\/\/temporada-alta.com\/en\/2010-edition\/\",\"url\":\"https:\/\/temporada-alta.com\/en\/2010-edition\/\",\"name\":\"2010 Edition - Temporada Alta\",\"isPartOf\":{\"@id\":\"https:\/\/temporada-alta.com\/en\/#website\"},\"primaryImageOfPage\":{\"@id\":\"https:\/\/temporada-alta.com\/en\/2010-edition\/#primaryimage\"},\"image\":{\"@id\":\"https:\/\/temporada-alta.com\/en\/2010-edition\/#primaryimage\"},\"thumbnailUrl\":\"https:\/\/temporada-alta.com\/wp-content\/uploads\/TA2010.jpg\",\"datePublished\":\"2024-11-15T15:54:24+00:00\",\"dateModified\":\"2025-02-24T14:09:26+00:00\",\"breadcrumb\":{\"@id\":\"https:\/\/temporada-alta.com\/en\/2010-edition\/#breadcrumb\"},\"inLanguage\":\"en-US\",\"potentialAction\":[{\"@type\":\"ReadAction\",\"target\":[\"https:\/\/temporada-alta.com\/en\/2010-edition\/\"]}]},{\"@type\":\"ImageObject\",\"inLanguage\":\"en-US\",\"@id\":\"https:\/\/temporada-alta.com\/en\/2010-edition\/#primaryimage\",\"url\":\"https:\/\/temporada-alta.com\/wp-content\/uploads\/TA2010.jpg\",\"contentUrl\":\"https:\/\/temporada-alta.com\/wp-content\/uploads\/TA2010.jpg\"},{\"@type\":\"BreadcrumbList\",\"@id\":\"https:\/\/temporada-alta.com\/en\/2010-edition\/#breadcrumb\",\"itemListElement\":[{\"@type\":\"ListItem\",\"position\":1,\"name\":\"Inici\",\"item\":\"https:\/\/temporada-alta.com\/en\/\"},{\"@type\":\"ListItem\",\"position\":2,\"name\":\"2010 Edition\"}]},{\"@type\":\"WebSite\",\"@id\":\"https:\/\/temporada-alta.com\/en\/#website\",\"url\":\"https:\/\/temporada-alta.com\/en\/\",\"name\":\"Temporada Alta\",\"description\":\"Festival d&#039;Arts Esc\u00e8niques\",\"publisher\":{\"@id\":\"https:\/\/temporada-alta.com\/en\/#organization\"},\"potentialAction\":[{\"@type\":\"SearchAction\",\"target\":{\"@type\":\"EntryPoint\",\"urlTemplate\":\"https:\/\/temporada-alta.com\/en\/?s={search_term_string}\"},\"query-input\":{\"@type\":\"PropertyValueSpecification\",\"valueRequired\":true,\"valueName\":\"search_term_string\"}}],\"inLanguage\":\"en-US\"},{\"@type\":\"Organization\",\"@id\":\"https:\/\/temporada-alta.com\/en\/#organization\",\"name\":\"Temporada Alta\",\"url\":\"https:\/\/temporada-alta.com\/en\/\",\"logo\":{\"@type\":\"ImageObject\",\"inLanguage\":\"en-US\",\"@id\":\"https:\/\/temporada-alta.com\/en\/#\/schema\/logo\/image\/\",\"url\":\"https:\/\/temporada-alta.com\/wp-content\/uploads\/TA21-Logotip-pos.png\",\"contentUrl\":\"https:\/\/temporada-alta.com\/wp-content\/uploads\/TA21-Logotip-pos.png\",\"width\":800,\"height\":267,\"caption\":\"Temporada Alta\"},\"image\":{\"@id\":\"https:\/\/temporada-alta.com\/en\/#\/schema\/logo\/image\/\"}}]}<\/script>\n<!-- \/ Yoast SEO plugin. -->","yoast_head_json":{"title":"2010 Edition - Temporada Alta","robots":{"index":"index","follow":"follow","max-snippet":"max-snippet:-1","max-image-preview":"max-image-preview:large","max-video-preview":"max-video-preview:-1"},"canonical":"https:\/\/temporada-alta.com\/en\/2010-edition\/","og_locale":"en_US","og_type":"article","og_title":"2010 Edition - Temporada Alta","og_description":"A well-established festival This year the tickets for 71 performances are sold out, leading us to increase the...","og_url":"https:\/\/temporada-alta.com\/en\/2010-edition\/","og_site_name":"Temporada Alta","article_modified_time":"2025-02-24T14:09:26+00:00","og_image":[{"url":"https:\/\/temporada-alta.com\/wp-content\/uploads\/TA2010.jpg","type":"","width":"","height":""}],"twitter_card":"summary_large_image","schema":{"@context":"https:\/\/schema.org","@graph":[{"@type":"WebPage","@id":"https:\/\/temporada-alta.com\/en\/2010-edition\/","url":"https:\/\/temporada-alta.com\/en\/2010-edition\/","name":"2010 Edition - Temporada Alta","isPartOf":{"@id":"https:\/\/temporada-alta.com\/en\/#website"},"primaryImageOfPage":{"@id":"https:\/\/temporada-alta.com\/en\/2010-edition\/#primaryimage"},"image":{"@id":"https:\/\/temporada-alta.com\/en\/2010-edition\/#primaryimage"},"thumbnailUrl":"https:\/\/temporada-alta.com\/wp-content\/uploads\/TA2010.jpg","datePublished":"2024-11-15T15:54:24+00:00","dateModified":"2025-02-24T14:09:26+00:00","breadcrumb":{"@id":"https:\/\/temporada-alta.com\/en\/2010-edition\/#breadcrumb"},"inLanguage":"en-US","potentialAction":[{"@type":"ReadAction","target":["https:\/\/temporada-alta.com\/en\/2010-edition\/"]}]},{"@type":"ImageObject","inLanguage":"en-US","@id":"https:\/\/temporada-alta.com\/en\/2010-edition\/#primaryimage","url":"https:\/\/temporada-alta.com\/wp-content\/uploads\/TA2010.jpg","contentUrl":"https:\/\/temporada-alta.com\/wp-content\/uploads\/TA2010.jpg"},{"@type":"BreadcrumbList","@id":"https:\/\/temporada-alta.com\/en\/2010-edition\/#breadcrumb","itemListElement":[{"@type":"ListItem","position":1,"name":"Inici","item":"https:\/\/temporada-alta.com\/en\/"},{"@type":"ListItem","position":2,"name":"2010 Edition"}]},{"@type":"WebSite","@id":"https:\/\/temporada-alta.com\/en\/#website","url":"https:\/\/temporada-alta.com\/en\/","name":"Temporada Alta","description":"Festival d&#039;Arts Esc\u00e8niques","publisher":{"@id":"https:\/\/temporada-alta.com\/en\/#organization"},"potentialAction":[{"@type":"SearchAction","target":{"@type":"EntryPoint","urlTemplate":"https:\/\/temporada-alta.com\/en\/?s={search_term_string}"},"query-input":{"@type":"PropertyValueSpecification","valueRequired":true,"valueName":"search_term_string"}}],"inLanguage":"en-US"},{"@type":"Organization","@id":"https:\/\/temporada-alta.com\/en\/#organization","name":"Temporada Alta","url":"https:\/\/temporada-alta.com\/en\/","logo":{"@type":"ImageObject","inLanguage":"en-US","@id":"https:\/\/temporada-alta.com\/en\/#\/schema\/logo\/image\/","url":"https:\/\/temporada-alta.com\/wp-content\/uploads\/TA21-Logotip-pos.png","contentUrl":"https:\/\/temporada-alta.com\/wp-content\/uploads\/TA21-Logotip-pos.png","width":800,"height":267,"caption":"Temporada Alta"},"image":{"@id":"https:\/\/temporada-alta.com\/en\/#\/schema\/logo\/image\/"}}]}},"_links":{"self":[{"href":"https:\/\/temporada-alta.com\/en\/wp-json\/wp\/v2\/pages\/98413","targetHints":{"allow":["GET"]}}],"collection":[{"href":"https:\/\/temporada-alta.com\/en\/wp-json\/wp\/v2\/pages"}],"about":[{"href":"https:\/\/temporada-alta.com\/en\/wp-json\/wp\/v2\/types\/page"}],"author":[{"embeddable":true,"href":"https:\/\/temporada-alta.com\/en\/wp-json\/wp\/v2\/users\/35132"}],"replies":[{"embeddable":true,"href":"https:\/\/temporada-alta.com\/en\/wp-json\/wp\/v2\/comments?post=98413"}],"version-history":[{"count":1,"href":"https:\/\/temporada-alta.com\/en\/wp-json\/wp\/v2\/pages\/98413\/revisions"}],"predecessor-version":[{"id":98415,"href":"https:\/\/temporada-alta.com\/en\/wp-json\/wp\/v2\/pages\/98413\/revisions\/98415"}],"wp:attachment":[{"href":"https:\/\/temporada-alta.com\/en\/wp-json\/wp\/v2\/media?parent=98413"}],"curies":[{"name":"wp","href":"https:\/\/api.w.org\/{rel}","templated":true}]}}