{"id":98404,"date":"2024-11-15T15:43:48","date_gmt":"2024-11-15T14:43:48","guid":{"rendered":"https:\/\/temporada-alta.com\/?page_id=98404"},"modified":"2025-02-24T15:03:39","modified_gmt":"2025-02-24T14:03:39","slug":"2011-edition","status":"publish","type":"page","link":"https:\/\/temporada-alta.com\/en\/2011-edition\/","title":{"rendered":"2011 Edition"},"content":{"rendered":"<div id=\"modal-ready\">\n<h3 class=\"wp-block-heading\"><strong>Temporada Alta is 20 years old<\/strong><\/h3>\n\n\n\n<p>We maintain our upward course in terms of the number of shows and the quality of many of the premi\u00e8res. The total number of spectators increases considerably, as does the percentage of ticket sales. This year we attempt to explore new paths to influence the future lines of action with El Canal and we create the Catalan Dramaturgy Tournament. We are visited by artists such as Daniel Veronese, Mario Gas, Pau Mir\u00f3, Krystian Lupa, Marta Carrasco, Cristopher Marthaler, S\u00edlvia P\u00e9rez Cruz, Jordi Galceran, Jordi Casanovas and Carles Santos, Ricardo Bart\u00eds, Propeller, Lev Dodin and Les 7 doigts de la main, among many others.<\/p>\n\n\n\n<p>Shows:<strong>&nbsp;89<\/strong> (+ cinema)<br>Co-productions: <strong>31<\/strong><br>Premi\u00e8res:<strong>&nbsp;56<\/strong><br>Spectators: <strong>68.635&nbsp;<\/strong>(total) \/ <strong>93,33%<\/strong>&nbsp;(tickets sold)<br>Halles:&nbsp;<strong>13<\/strong>&nbsp;(+ cinema)<br>Budget: <strong>3.026.306,29<\/strong>&nbsp;\u20ac<\/p>\n\n\n\n<div class=\"wp-block-columns are-vertically-aligned-center has-white-color has-black-background-color has-text-color has-background has-link-color wp-elements-739ba26c00396c888dbef729aed337a5 is-layout-flex wp-container-core-columns-is-layout-28f84493 wp-block-columns-is-layout-flex\">\n<div class=\"wp-block-column is-vertically-aligned-center is-layout-flow wp-block-column-is-layout-flow\">\n<figure class=\"wp-block-image size-full\"><img loading=\"lazy\" decoding=\"async\" width=\"600\" height=\"354\" src=\"https:\/\/temporada-alta.com\/wp-content\/uploads\/3040-0441bx-1.jpg\" alt=\"\" class=\"wp-image-29198\" srcset=\"https:\/\/temporada-alta.com\/wp-content\/uploads\/3040-0441bx-1.jpg 600w, https:\/\/temporada-alta.com\/wp-content\/uploads\/3040-0441bx-1-300x177.jpg 300w\" sizes=\"auto, (max-width: 600px) 100vw, 600px\" \/><\/figure>\n<\/div>\n\n\n\n<div class=\"wp-block-column is-vertically-aligned-center is-layout-flow wp-block-column-is-layout-flow\">\n<h2 class=\"wp-block-heading has-text-align-center has-white-color has-text-color has-link-color wp-elements-181ace5300962047491e615e95146bc9\"><strong>Documents<\/strong><\/h2>\n\n\n\n<div class=\"wp-block-buttons is-vertical is-content-justification-center is-layout-flex wp-container-core-buttons-is-layout-0a0d504e wp-block-buttons-is-layout-flex\" style=\"margin-top:0;margin-bottom:0\">\n<div class=\"wp-block-button\"><a class=\"wp-block-button__link wp-element-button\" href=\"https:\/\/drive.google.com\/file\/d\/18xZTcIgR0GERXTpcLRd1GTrmOJXdiyVM\/view\" style=\"border-width:1px\">presentation dossier<\/a><\/div>\n\n\n\n<div class=\"wp-block-button\"><a class=\"wp-block-button__link wp-element-button\" href=\"https:\/\/drive.google.com\/file\/d\/1Ok41hEtoGr8ecain3urSQ-FNCq_qPYy8\/view\" style=\"border-width:1px\">closing balance<\/a><\/div>\n<\/div>\n<\/div>\n<\/div>\n\n\n\n<div class=\"wp-block-columns are-vertically-aligned-center is-layout-flex wp-container-core-columns-is-layout-28f84493 wp-block-columns-is-layout-flex\">\n<div class=\"wp-block-column is-vertically-aligned-center is-layout-flow wp-block-column-is-layout-flow\">\n<figure class=\"wp-block-image size-full is-resized\"><img loading=\"lazy\" decoding=\"async\" width=\"600\" height=\"354\" src=\"https:\/\/temporada-alta.com\/wp-content\/uploads\/TA2011.jpg\" alt=\"\" class=\"wp-image-29199\" style=\"width:423px;height:auto\" srcset=\"https:\/\/temporada-alta.com\/wp-content\/uploads\/TA2011.jpg 600w, https:\/\/temporada-alta.com\/wp-content\/uploads\/TA2011-300x177.jpg 300w\" sizes=\"auto, (max-width: 600px) 100vw, 600px\" \/><\/figure>\n<\/div>\n\n\n\n<div class=\"wp-block-column is-vertically-aligned-center is-layout-flow wp-block-column-is-layout-flow\">\n<h2 class=\"wp-block-heading\" style=\"margin-top:0;margin-bottom:0;padding-top:0;padding-bottom:0\"><span style=\"font-size: 2.14286rem; text-transform: inherit;\"><strong>Poster\u00a02011, Santi Moix <\/strong><\/span><strong><span style=\"font-size: 2.14286rem; text-transform: inherit;\">\u00a0<\/span><\/strong><\/h2>\n\n\n\n<p style=\"margin-top:0;margin-bottom:0;padding-top:0;padding-bottom:0\">No aburrir, ser constante, ser claro. No perder la personalidad y, a la vez, profundizar en el propio trabajo. Las premisas con las que trabaja Santi Moix tambi\u00e9n se podr\u00edan escuchar en boca de un director de teatro. De hecho, a Moix le gustar\u00eda hacer la escenograf\u00eda de una \u00f3pera. Un <em>Turandot <\/em>o un <em>Trist\u00e1n y Isolda<\/em>, por ejemplo. Lo har\u00eda para evadirse, para huir de las muchas horas que un artista se pasa trabajando en la soledad m\u00e1s absoluta. Para divertirse. Seguro que le gustar\u00eda hablar por igual con los cantantes c\u00f3mo con los t\u00e9cnicos. Les explicar\u00eda, quiz\u00e1s, que conoci\u00f3 a Fellini, otro loco del teatro y del circo. Se encontraron en Italia, cuando era un adolescente con una extraordinaria facilidad por el dibujo.<\/p>\n<\/div>\n<\/div>\n\n\n\n<p>The poster he has created for the XX edition of the Festival Temporada Alta \u2013 Festival de Tardor de Catalunya combines these two facets: the abstract and the figurative. He\u2019d been trying to put them together for years but had never quite found the right moment. Until five years ago, that is, when he was working on a set of pottery in Morrocco, and he came across donkeys carrying all sorts of wares. The result? A surprising series of paintings showing the backside of donkeys as the centrepiece (a detail that great masters like Vel\u00e1zquez enjoyed painting and that showed their expertise, says Moix), pictures full of the shapes characteristic of his style. A little later he did a series of engravings on Quijote. The characters he has created for the Festival poster seem to be inspired on the multitude of characters in these engravings, and on those that inhabit the watercolors he has produced for an edition of Hucklelberry Finn, by Mark Twain. Joan Junceda, Picasso, Dal\u00ed, Mir\u00f3, Goya and Delaxroix\u2026\u2026.the list of artists that have inspired him is huge. The choice of Santi Moix to produce the poster for the XX edition of Temporada Alta can be interpreted in many ways. His works, like theatre, are simple and yet voluptuous, flamboyant. They are modern but have travelled far before reaching their destination. The sleeping face he has drawn amongst the other figures in the poster, like forgotten ruins at the bottom of the sea, dreams of works that must still be written and painted.<\/p>\n\n\n\n<p><strong>Antoni Ribas<\/strong><\/p>\n\n\n\n<p><a href=\"https:\/\/drive.google.com\/file\/d\/1Tjmk3q0C0aDmd6yL3sTUrJZhMKrntU7d\/view?usp=sharing\">Download poster<\/a><\/p>\n\n\n\n<div class=\"wp-block-columns are-vertically-aligned-center is-layout-flex wp-container-core-columns-is-layout-28f84493 wp-block-columns-is-layout-flex\">\n<div class=\"wp-block-column is-vertically-aligned-center is-layout-flow wp-block-column-is-layout-flow\">\n<figure class=\"wp-block-image size-full\"><img loading=\"lazy\" decoding=\"async\" width=\"600\" height=\"354\" src=\"https:\/\/temporada-alta.com\/wp-content\/uploads\/Cr\u00edtico_3.jpg\" alt=\"\" class=\"wp-image-29202\" srcset=\"https:\/\/temporada-alta.com\/wp-content\/uploads\/Cr\u00edtico_3.jpg 600w, https:\/\/temporada-alta.com\/wp-content\/uploads\/Cr\u00edtico_3-300x177.jpg 300w\" sizes=\"auto, (max-width: 600px) 100vw, 600px\" \/><\/figure>\n<\/div>\n\n\n\n<div class=\"wp-block-column is-vertically-aligned-center is-layout-flow wp-block-column-is-layout-flow\">\n<h2 class=\"wp-block-heading\"><strong>Short film 2011<\/strong><\/h2>\n\n\n\n<p>This short film focuses on public and his necessity of catharsis. It talks about the primary necessity which move men to make theater, as much in the past, inside the prehistoric caves and Greek theaters, as in the present. The spot covers and empathizes the long list of face and body\u2019s expressions which every public show thoughtlessly and mechanically. A wrinkled nose, an eye who doesn\u2019t want to look, some teeth destroying a nail, a tear we would like to dissimulate or a natural and childish smile that is not afraid of showing an uncertain denture\u2026<br>An empathy or, in other words, a fascinating visual experience in which everybody sees themselves reflected. All this travel about body language could be also a reverse travel during history, where every person and face represents an historic stage till the prehistory.<\/p>\n<\/div>\n<\/div>\n\n\n\n<figure class=\"wp-block-embed is-type-video is-provider-youtube wp-block-embed-youtube wp-embed-aspect-16-9 wp-has-aspect-ratio\"><div class=\"wp-block-embed__wrapper\">\n<iframe loading=\"lazy\" title=\"Espot Llarg Temporada Alta 2011\" width=\"500\" height=\"281\" src=\"https:\/\/www.youtube.com\/embed\/tv6-3NR7Xs8?feature=oembed\" frameborder=\"0\" allow=\"accelerometer; autoplay; clipboard-write; encrypted-media; gyroscope; picture-in-picture; web-share\" referrerpolicy=\"strict-origin-when-cross-origin\" allowfullscreen><\/iframe>\n<\/div><\/figure>\n<\/div>","protected":false},"excerpt":{"rendered":"<p>Temporada Alta is 20 years old We maintain our upward course in terms of the number of shows&#8230;<\/p>\n","protected":false},"author":35132,"featured_media":0,"parent":0,"menu_order":0,"comment_status":"closed","ping_status":"closed","template":"","meta":{"_acf_changed":false,"footnotes":""},"class_list":["post-98404","page","type-page","status-publish","hentry"],"acf":[],"yoast_head":"<!-- This site is optimized with the Yoast SEO plugin v27.0 - https:\/\/yoast.com\/product\/yoast-seo-wordpress\/ -->\n<title>2011 Edition - Temporada Alta<\/title>\n<meta name=\"robots\" content=\"index, follow, max-snippet:-1, max-image-preview:large, max-video-preview:-1\" \/>\n<link rel=\"canonical\" href=\"https:\/\/temporada-alta.com\/en\/2011-edition\/\" \/>\n<meta property=\"og:locale\" content=\"en_US\" \/>\n<meta property=\"og:type\" content=\"article\" \/>\n<meta property=\"og:title\" content=\"2011 Edition - Temporada Alta\" \/>\n<meta property=\"og:description\" content=\"Temporada Alta is 20 years old We maintain our upward course in terms of the number of shows...\" \/>\n<meta property=\"og:url\" content=\"https:\/\/temporada-alta.com\/en\/2011-edition\/\" \/>\n<meta property=\"og:site_name\" content=\"Temporada Alta\" \/>\n<meta property=\"article:modified_time\" content=\"2025-02-24T14:03:39+00:00\" \/>\n<meta property=\"og:image\" content=\"https:\/\/temporada-alta.com\/wp-content\/uploads\/3040-0441bx-1.jpg\" \/>\n\t<meta property=\"og:image:width\" content=\"600\" \/>\n\t<meta property=\"og:image:height\" content=\"354\" \/>\n\t<meta property=\"og:image:type\" content=\"image\/jpeg\" \/>\n<meta name=\"twitter:card\" content=\"summary_large_image\" \/>\n<script type=\"application\/ld+json\" class=\"yoast-schema-graph\">{\"@context\":\"https:\/\/schema.org\",\"@graph\":[{\"@type\":\"WebPage\",\"@id\":\"https:\/\/temporada-alta.com\/en\/2011-edition\/\",\"url\":\"https:\/\/temporada-alta.com\/en\/2011-edition\/\",\"name\":\"2011 Edition - Temporada Alta\",\"isPartOf\":{\"@id\":\"https:\/\/temporada-alta.com\/en\/#website\"},\"primaryImageOfPage\":{\"@id\":\"https:\/\/temporada-alta.com\/en\/2011-edition\/#primaryimage\"},\"image\":{\"@id\":\"https:\/\/temporada-alta.com\/en\/2011-edition\/#primaryimage\"},\"thumbnailUrl\":\"https:\/\/temporada-alta.com\/wp-content\/uploads\/3040-0441bx-1.jpg\",\"datePublished\":\"2024-11-15T14:43:48+00:00\",\"dateModified\":\"2025-02-24T14:03:39+00:00\",\"breadcrumb\":{\"@id\":\"https:\/\/temporada-alta.com\/en\/2011-edition\/#breadcrumb\"},\"inLanguage\":\"en-US\",\"potentialAction\":[{\"@type\":\"ReadAction\",\"target\":[\"https:\/\/temporada-alta.com\/en\/2011-edition\/\"]}]},{\"@type\":\"ImageObject\",\"inLanguage\":\"en-US\",\"@id\":\"https:\/\/temporada-alta.com\/en\/2011-edition\/#primaryimage\",\"url\":\"https:\/\/temporada-alta.com\/wp-content\/uploads\/3040-0441bx-1.jpg\",\"contentUrl\":\"https:\/\/temporada-alta.com\/wp-content\/uploads\/3040-0441bx-1.jpg\"},{\"@type\":\"BreadcrumbList\",\"@id\":\"https:\/\/temporada-alta.com\/en\/2011-edition\/#breadcrumb\",\"itemListElement\":[{\"@type\":\"ListItem\",\"position\":1,\"name\":\"Inici\",\"item\":\"https:\/\/temporada-alta.com\/en\/\"},{\"@type\":\"ListItem\",\"position\":2,\"name\":\"2011 Edition\"}]},{\"@type\":\"WebSite\",\"@id\":\"https:\/\/temporada-alta.com\/en\/#website\",\"url\":\"https:\/\/temporada-alta.com\/en\/\",\"name\":\"Temporada Alta\",\"description\":\"Festival d&#039;Arts Esc\u00e8niques\",\"publisher\":{\"@id\":\"https:\/\/temporada-alta.com\/en\/#organization\"},\"potentialAction\":[{\"@type\":\"SearchAction\",\"target\":{\"@type\":\"EntryPoint\",\"urlTemplate\":\"https:\/\/temporada-alta.com\/en\/?s={search_term_string}\"},\"query-input\":{\"@type\":\"PropertyValueSpecification\",\"valueRequired\":true,\"valueName\":\"search_term_string\"}}],\"inLanguage\":\"en-US\"},{\"@type\":\"Organization\",\"@id\":\"https:\/\/temporada-alta.com\/en\/#organization\",\"name\":\"Temporada Alta\",\"url\":\"https:\/\/temporada-alta.com\/en\/\",\"logo\":{\"@type\":\"ImageObject\",\"inLanguage\":\"en-US\",\"@id\":\"https:\/\/temporada-alta.com\/en\/#\/schema\/logo\/image\/\",\"url\":\"https:\/\/temporada-alta.com\/wp-content\/uploads\/TA21-Logotip-pos.png\",\"contentUrl\":\"https:\/\/temporada-alta.com\/wp-content\/uploads\/TA21-Logotip-pos.png\",\"width\":800,\"height\":267,\"caption\":\"Temporada Alta\"},\"image\":{\"@id\":\"https:\/\/temporada-alta.com\/en\/#\/schema\/logo\/image\/\"}}]}<\/script>\n<!-- \/ Yoast SEO plugin. -->","yoast_head_json":{"title":"2011 Edition - Temporada Alta","robots":{"index":"index","follow":"follow","max-snippet":"max-snippet:-1","max-image-preview":"max-image-preview:large","max-video-preview":"max-video-preview:-1"},"canonical":"https:\/\/temporada-alta.com\/en\/2011-edition\/","og_locale":"en_US","og_type":"article","og_title":"2011 Edition - Temporada Alta","og_description":"Temporada Alta is 20 years old We maintain our upward course in terms of the number of shows...","og_url":"https:\/\/temporada-alta.com\/en\/2011-edition\/","og_site_name":"Temporada Alta","article_modified_time":"2025-02-24T14:03:39+00:00","og_image":[{"width":600,"height":354,"url":"https:\/\/temporada-alta.com\/wp-content\/uploads\/3040-0441bx-1.jpg","type":"image\/jpeg"}],"twitter_card":"summary_large_image","schema":{"@context":"https:\/\/schema.org","@graph":[{"@type":"WebPage","@id":"https:\/\/temporada-alta.com\/en\/2011-edition\/","url":"https:\/\/temporada-alta.com\/en\/2011-edition\/","name":"2011 Edition - Temporada Alta","isPartOf":{"@id":"https:\/\/temporada-alta.com\/en\/#website"},"primaryImageOfPage":{"@id":"https:\/\/temporada-alta.com\/en\/2011-edition\/#primaryimage"},"image":{"@id":"https:\/\/temporada-alta.com\/en\/2011-edition\/#primaryimage"},"thumbnailUrl":"https:\/\/temporada-alta.com\/wp-content\/uploads\/3040-0441bx-1.jpg","datePublished":"2024-11-15T14:43:48+00:00","dateModified":"2025-02-24T14:03:39+00:00","breadcrumb":{"@id":"https:\/\/temporada-alta.com\/en\/2011-edition\/#breadcrumb"},"inLanguage":"en-US","potentialAction":[{"@type":"ReadAction","target":["https:\/\/temporada-alta.com\/en\/2011-edition\/"]}]},{"@type":"ImageObject","inLanguage":"en-US","@id":"https:\/\/temporada-alta.com\/en\/2011-edition\/#primaryimage","url":"https:\/\/temporada-alta.com\/wp-content\/uploads\/3040-0441bx-1.jpg","contentUrl":"https:\/\/temporada-alta.com\/wp-content\/uploads\/3040-0441bx-1.jpg"},{"@type":"BreadcrumbList","@id":"https:\/\/temporada-alta.com\/en\/2011-edition\/#breadcrumb","itemListElement":[{"@type":"ListItem","position":1,"name":"Inici","item":"https:\/\/temporada-alta.com\/en\/"},{"@type":"ListItem","position":2,"name":"2011 Edition"}]},{"@type":"WebSite","@id":"https:\/\/temporada-alta.com\/en\/#website","url":"https:\/\/temporada-alta.com\/en\/","name":"Temporada Alta","description":"Festival d&#039;Arts Esc\u00e8niques","publisher":{"@id":"https:\/\/temporada-alta.com\/en\/#organization"},"potentialAction":[{"@type":"SearchAction","target":{"@type":"EntryPoint","urlTemplate":"https:\/\/temporada-alta.com\/en\/?s={search_term_string}"},"query-input":{"@type":"PropertyValueSpecification","valueRequired":true,"valueName":"search_term_string"}}],"inLanguage":"en-US"},{"@type":"Organization","@id":"https:\/\/temporada-alta.com\/en\/#organization","name":"Temporada Alta","url":"https:\/\/temporada-alta.com\/en\/","logo":{"@type":"ImageObject","inLanguage":"en-US","@id":"https:\/\/temporada-alta.com\/en\/#\/schema\/logo\/image\/","url":"https:\/\/temporada-alta.com\/wp-content\/uploads\/TA21-Logotip-pos.png","contentUrl":"https:\/\/temporada-alta.com\/wp-content\/uploads\/TA21-Logotip-pos.png","width":800,"height":267,"caption":"Temporada Alta"},"image":{"@id":"https:\/\/temporada-alta.com\/en\/#\/schema\/logo\/image\/"}}]}},"_links":{"self":[{"href":"https:\/\/temporada-alta.com\/en\/wp-json\/wp\/v2\/pages\/98404","targetHints":{"allow":["GET"]}}],"collection":[{"href":"https:\/\/temporada-alta.com\/en\/wp-json\/wp\/v2\/pages"}],"about":[{"href":"https:\/\/temporada-alta.com\/en\/wp-json\/wp\/v2\/types\/page"}],"author":[{"embeddable":true,"href":"https:\/\/temporada-alta.com\/en\/wp-json\/wp\/v2\/users\/35132"}],"replies":[{"embeddable":true,"href":"https:\/\/temporada-alta.com\/en\/wp-json\/wp\/v2\/comments?post=98404"}],"version-history":[{"count":1,"href":"https:\/\/temporada-alta.com\/en\/wp-json\/wp\/v2\/pages\/98404\/revisions"}],"predecessor-version":[{"id":98407,"href":"https:\/\/temporada-alta.com\/en\/wp-json\/wp\/v2\/pages\/98404\/revisions\/98407"}],"wp:attachment":[{"href":"https:\/\/temporada-alta.com\/en\/wp-json\/wp\/v2\/media?parent=98404"}],"curies":[{"name":"wp","href":"https:\/\/api.w.org\/{rel}","templated":true}]}}