{"id":98229,"date":"2024-11-14T13:13:25","date_gmt":"2024-11-14T12:13:25","guid":{"rendered":"https:\/\/temporada-alta.com\/?page_id=98229"},"modified":"2025-02-20T16:41:53","modified_gmt":"2025-02-20T15:41:53","slug":"2020-edition","status":"publish","type":"page","link":"https:\/\/temporada-alta.com\/en\/2020-edition\/","title":{"rendered":"2020 Edition"},"content":{"rendered":"<div id=\"modal-ready\">\n<div class=\"wp-block-columns are-vertically-aligned-center is-layout-flex wp-container-core-columns-is-layout-28f84493 wp-block-columns-is-layout-flex\">\n<div class=\"wp-block-column is-vertically-aligned-center is-layout-flow wp-block-column-is-layout-flow\">\n<figure class=\"wp-block-image size-full\"><img loading=\"lazy\" decoding=\"async\" width=\"992\" height=\"744\" src=\"https:\/\/temporada-alta.com\/wp-content\/uploads\/Molly_Bloom.jpg\" alt=\"\" class=\"wp-image-61286\" srcset=\"https:\/\/temporada-alta.com\/wp-content\/uploads\/Molly_Bloom.jpg 992w, https:\/\/temporada-alta.com\/wp-content\/uploads\/Molly_Bloom-496x372.jpg 496w, https:\/\/temporada-alta.com\/wp-content\/uploads\/Molly_Bloom-768x576.jpg 768w, https:\/\/temporada-alta.com\/wp-content\/uploads\/Molly_Bloom-640x480.jpg 640w\" sizes=\"auto, (max-width: 992px) 100vw, 992px\" \/><\/figure>\n<\/div>\n\n\n\n<div class=\"wp-block-column is-vertically-aligned-center is-layout-flow wp-block-column-is-layout-flow\">\n<h2 class=\"wp-block-heading has-large-font-size\"><strong>Una normalidad extraordinaria<\/strong><\/h2>\n\n\n\n<p>Una crisis sanitaria, social y cultural que lo ha cambiado todo nos ha instalado en el terreno de la incertidumbre absoluta, \u00a1pero las artes siempre se han movido y se mover\u00e1n en la crisis y la incertidumbre! Hemos querido que la 29\u00aa edici\u00f3n de Temporada Alta fuera lo m\u00e1s continuista posible y, por esta raz\u00f3n, hemos mantenido una programaci\u00f3n basada en los ejes que conforman el festival: la internacionalizaci\u00f3n, el soporte a la creaci\u00f3n y la autor\u00eda del pa\u00eds, los v\u00ednculos con los espectadores y la ciudadan\u00eda, as\u00ed como los proyectos socioeducativos.<\/p>\n\n\n\n<p>Hemos trabajado para ofrecer las m\u00e1ximas garant\u00edas de seguridad en los espacios y para que los teatros sean espacios seguros, con distancia de seguridad en el interior de las salas y todas las medidas necesarias. Por todo esto el festival de este a\u00f1o ha tenido una programaci\u00f3n presencial un poco m\u00e1s reducida, pero hemos incorporado una secci\u00f3n de programaci\u00f3n a distancia: el entorno digital nos ofrece nuevas oportunidades para explorar. As\u00ed que hemos querido aprovechar las circunstancias actuales para replantearnos algunas cosas y trazar las l\u00edneas de lo que podr\u00eda ser un festival del futuro.<\/p>\n<\/div>\n<\/div>\n\n\n\n<div class=\"wp-block-buttons is-content-justification-center is-layout-flex wp-container-core-buttons-is-layout-a89b3969 wp-block-buttons-is-layout-flex\">\n<div class=\"wp-block-button\"><a class=\"wp-block-button__link has-black-color has-white-background-color has-text-color has-background has-link-color wp-element-button\" href=\"https:\/\/temporada-alta.com\/en\/edicions\/2020-en\/\" style=\"border-width:1px\">2020 programme<\/a><\/div>\n<\/div>\n\n\n\n<div class=\"wp-block-columns are-vertically-aligned-center is-layout-flex wp-container-core-columns-is-layout-51c0b34d wp-block-columns-is-layout-flex\" style=\"padding-top:var(--wp--preset--spacing--50);padding-bottom:var(--wp--preset--spacing--50)\">\n<div class=\"wp-block-column is-vertically-aligned-center is-layout-flow wp-block-column-is-layout-flow\">\n<h2 class=\"wp-block-heading has-large-font-size\"><strong>Un doble festival<\/strong><\/h2>\n\n\n\n<p>Temporada Alta ha presentado un total de 111 espect\u00e1culos durante la edici\u00f3n del 2020, 56 de los cuales se han podido ver en modalidad presencial y 55 en modalidad a distancia. El festival ha conseguido mantener casi la totalidad de los espect\u00e1culos inicialmente previstos y, ante el cierre de los teatros durante dos semanas, desde la organizaci\u00f3n se ha decidido alargar el festival hasta el 22 de diciembre y reprogramar el m\u00e1ximo de espect\u00e1culos posibles, ya sea de forma presencial o ofreci\u00e9ndolos en el marco de la programaci\u00f3n a distancia. La respuesta del p\u00fablico a la incorporaci\u00f3n de la programaci\u00f3n a distancia, que se ha puesto en marcha este a\u00f1o por primera vez, ha sido muy positiva y ha permitido experimentar con nuevos formatos de creaci\u00f3n y exhibici\u00f3n, as\u00ed como ofrecer espect\u00e1culos que no se han poddo ver de forma presencial.<\/p>\n\n\n\n<p>Ha sido el festival m\u00e1s dif\u00edcil que hemos vivido, pero hemos conseguido los objectivos que nos hab\u00edamos propuesto gracias a todas las personas que han participado y tambi\u00e9n gracias a la complicidad de los ciudadanos, que no han dejado de venir al teatro.<\/p>\n<\/div>\n\n\n\n<div class=\"wp-block-column is-vertically-aligned-center is-layout-flow wp-block-column-is-layout-flow\">\n<figure class=\"wp-block-image size-full\"><img loading=\"lazy\" decoding=\"async\" width=\"1134\" height=\"850\" src=\"https:\/\/temporada-alta.com\/wp-content\/uploads\/Audioguia_supermercats.jpg\" alt=\"\" class=\"wp-image-61283\" srcset=\"https:\/\/temporada-alta.com\/wp-content\/uploads\/Audioguia_supermercats.jpg 1134w, https:\/\/temporada-alta.com\/wp-content\/uploads\/Audioguia_supermercats-496x372.jpg 496w, https:\/\/temporada-alta.com\/wp-content\/uploads\/Audioguia_supermercats-768x576.jpg 768w, https:\/\/temporada-alta.com\/wp-content\/uploads\/Audioguia_supermercats-640x480.jpg 640w\" sizes=\"auto, (max-width: 1134px) 100vw, 1134px\" \/><\/figure>\n<\/div>\n<\/div>\n\n\n\n<div class=\"wp-block-columns are-vertically-aligned-center is-layout-flex wp-container-core-columns-is-layout-28f84493 wp-block-columns-is-layout-flex\">\n<div class=\"wp-block-column is-vertically-aligned-center is-layout-flow wp-block-column-is-layout-flow\">\n<figure class=\"wp-block-image size-full\"><img decoding=\"async\" src=\"https:\/\/temporada-alta.com\/wp-content\/uploads\/TA20-Cartell.jpg\" alt=\"\" class=\"wp-image-51189\"\/><\/figure>\n<\/div>\n\n\n\n<div class=\"wp-block-column is-vertically-aligned-center is-layout-flow wp-block-column-is-layout-flow\">\n<h2 class=\"wp-block-heading has-large-font-size\"><strong>El cartel: renacer de las cenizas<\/strong><\/h2>\n\n\n\n<p>Last year\u2019s fires in Brazil were catastrophic: according to Brazil\u2019s National Institute of Special Research (INPE), between January and the first three weeks of August, 71,497 outbreaks of fire were counted, half of which were detected in the Amazon region. The fires occurred in several states in Brazil \u2013 Roraima, Acre, Rondonia, Mato Grosso do Sul and Amazonia \u2013 and the smoke was such that it darkened the skies over S\u00e3o Paulo, on the other side of the country, after extreme-right President Jair Bolsonaro relaxed the controls of the environmental agency, IBAMA, and signed legislation favouring agriculture and mining, activities that are partly responsible for the fires. It is no surprise to be talking about the environment in the context of performing arts festival like Temporada Alta: the artists who perform in each edition bring many current issues to the stage. Another reason is the festival\u2019s growing presence in Latin America. All the same, the specific reason why this text starts by describing the ravages of the fires in Brazil is to announce what the photographer Cristina de Middel is setting out to convey with the image of this year\u2019s edition, the 29th: \u201cAs the festival gave me a blank cheque, I looked for an image that would be aesthetically attractive yet behind all those colours there is a message of alarm to reflect the times we live in. I really like posters, they represent a different use of the image\u201d, she points out.<\/p>\n\n\n\n<p>This is the first time that Cristina de Middel has been commissioned to produce a poster, although other images of hers have been used on other posters. \u201cThe situation of the fires in Mato Grosso, where I took the photograph, was terrible\u201d, says the artist, who likes to leave a margin for the viewer to make their own interpretation of the image: \u201cWe don\u2019t know if it\u2019s for good or ill, if it\u2019s right or wrong, the image can be read several ways. Each photograph is like a word, and you include it in a sentence so that it says one thing or another. I think it\u2019s fantastic to recycle the meaning of an image; it\u2019s a triumph of photography\u201d, she explains.<\/p>\n<\/div>\n<\/div>\n\n\n\n<p>CCristina de Middel left Spain almost ten years ago and has been living between Brazil and Mexico in the last five. The coronavirus pandemic has reduced her pace of work and, after becoming known for her photography with a social focus, as she lives in the midst of the rain forest in the state of Bahia, she is now moving forward with a project on the struggle between Man and Nature: \u201cIt\u2019s a project I\u2019m working on with my husband, Bruno Morais, with the animals and insects that come into our home\u201d. De Middel stresses that her experience of Nature is \u201cdeeply immersive\u201d. \u201cThe invasion we are conducting is becoming increasingly evident. When you have a house in the middle of the jungle, you suddenly come across snakes, bats and all kinds of insects, as big as your fist. It\u2019s not even a war, the space belongs to them, and we are compelled to reflect on our role in Nature\u201d, de Middel concludes.<\/p>\n\n\n\n<p>De Middel\u2019s commission can be related to another photographer who has questioned the limits of photography: Joan Fontcuberta (2006). And with him, Eul\u00e0lia Valldosera (2014), because they share the same ecological concern.<\/p>\n\n\n\n<p class=\"has-text-align-right\"><strong>Antoni Ribas Tur<\/strong><\/p>\n\n\n\n<h4 class=\"wp-block-heading\"><strong>Cristina De Middel, Alicante 1975.<\/strong><\/h4>\n\n\n\n<p>Photographer Cristina De Middel (Alicante, 1975) has been an associate member of the agency Magnum since 2017 and lives and works between Mexico and Brazil. Of her own work, de Middel, who received the Spanish National Photography Award in 2017, states that it combines \u201cdocumentary and conceptual approaches\u201d and that it plays \u201cwith the reconstruction of archetypes and stereotypes that help to blur the separation between reality and fiction\u201d. After working for ten years in the print media and as a humanitarian photographer, de Middel\u2019s career took a turn with the photobook <em>The Afronauts<\/em>, a re-creation through <em>mises-en-sc\u00e8nes<\/em> of the Zambian government\u2019s failed mission to travel to the Moon. With this book, she was the first Spanish finalist for the prestigious Deutsche B\u00f6rse award in 2013, and in that same year she won the International Center of Photography (ICP)\u2019s Infinity Award.<\/p>\n\n\n\n<p>Cristina de Middel holds a degree in Fine Arts from the Polytechnic University of Valencia, and a postgraduate degree in Photography from the University of Oklahoma and in Photojournalism from the Autonomous University of Barcelona. Among the more than a dozen photobooks that she has published are <em>Party<\/em> (Editorial RM and AMC Books, 2013), <em>This is What Hatred Did<\/em> (Editorial RM and AMC Books, 2015), <em>Muchismo<\/em> (La F\u00e1brica, 2016), <em>Cucurrucuc\u00fa<\/em> (Editorial RM, 2016) and <em>The Perfect Man <\/em>(La F\u00e1brica, 2017). She is also well-known in Catalonia, as in 2017 she won the first photographic prize organised by F.C. Barcelona. Cristina de Middel is represented by the gallery Juana de Aizpuru (Madrid).<\/p>\n\n\n\n<p>Some of the collections in which one can find works by Cristina de Middel are the New York Metropolitan, the Polytechnic University of Valencia, the Ibiza Museum of Contemporary Art, the Sarthou Carreres Foundation and the art collections of the Espiritu Santo Bank.<\/p>\n\n\n\n<p><strong><a href=\"https:\/\/drive.google.com\/drive\/u\/4\/folders\/1woe5KTItho5JQ1i2KQyaWjrw2ceTvHwl\" target=\"_blank\" rel=\"noreferrer noopener\">Download the poster<\/a><\/strong><\/p>\n\n\n\n<div class=\"wp-block-columns are-vertically-aligned-center is-layout-flex wp-container-core-columns-is-layout-51c0b34d wp-block-columns-is-layout-flex\" style=\"padding-top:var(--wp--preset--spacing--50);padding-bottom:var(--wp--preset--spacing--50)\">\n<div class=\"wp-block-column is-vertically-aligned-center is-layout-flow wp-block-column-is-layout-flow\">\n<h2 class=\"wp-block-heading has-large-font-size\"><strong>El corto: \u00bfy ahora qu\u00e9?<\/strong><\/h2>\n\n\n\n<p>Y ahora\u2026<br>Y ahora\u2026<br>Y ahora\u2026<br>\u00bfY ahora qu\u00e9?<br>\u00a1Qu\u00e9! Ahora\u2026<br>Ahora\u2026<br>Ahora\u2026<\/p>\n\n\n\n<p><strong>Salvador Sunyer Vidal<\/strong>,<br>director del corto<\/p>\n\n\n\n<p><strong><a href=\"https:\/\/www.youtube.com\/watch?v=r-lhZnHqlbc\">Ver el corto<\/a><\/strong><strong><a href=\"https:\/\/www.youtube.com\/watch?v=r-lhZnHqlbc\">t<\/a><\/strong><\/p>\n<\/div>\n\n\n\n<div class=\"wp-block-column is-vertically-aligned-center is-layout-flow wp-block-column-is-layout-flow\">\n<figure class=\"wp-block-image size-full\"><img loading=\"lazy\" decoding=\"async\" width=\"1920\" height=\"1080\" src=\"https:\/\/temporada-alta.com\/wp-content\/uploads\/I_ara_que.jpg\" alt=\"\" class=\"wp-image-61306\" srcset=\"https:\/\/temporada-alta.com\/wp-content\/uploads\/I_ara_que.jpg 1920w, https:\/\/temporada-alta.com\/wp-content\/uploads\/I_ara_que-630x354.jpg 630w, https:\/\/temporada-alta.com\/wp-content\/uploads\/I_ara_que-1200x675.jpg 1200w, https:\/\/temporada-alta.com\/wp-content\/uploads\/I_ara_que-768x432.jpg 768w, https:\/\/temporada-alta.com\/wp-content\/uploads\/I_ara_que-1536x864.jpg 1536w\" sizes=\"auto, (max-width: 1920px) 100vw, 1920px\" \/><\/figure>\n<\/div>\n<\/div>\n\n\n\n<div class=\"wp-block-columns are-vertically-aligned-center has-white-color has-black-background-color has-text-color has-background has-link-color wp-elements-37b171c6e54639e9007f3191cb3ac48b is-layout-flex wp-container-core-columns-is-layout-28f84493 wp-block-columns-is-layout-flex\">\n<div class=\"wp-block-column is-vertically-aligned-center is-layout-flow wp-block-column-is-layout-flow\">\n<figure class=\"wp-block-image size-full\"><img loading=\"lazy\" decoding=\"async\" width=\"768\" height=\"500\" src=\"https:\/\/temporada-alta.com\/wp-content\/uploads\/Historia-dun-senglar-Benvinguda-institucional.jpg\" alt=\"\u00a9Felipe Mena\" class=\"wp-image-72304\" srcset=\"https:\/\/temporada-alta.com\/wp-content\/uploads\/Historia-dun-senglar-Benvinguda-institucional.jpg 768w, https:\/\/temporada-alta.com\/wp-content\/uploads\/Historia-dun-senglar-Benvinguda-institucional-571x372.jpg 571w\" sizes=\"auto, (max-width: 768px) 100vw, 768px\" \/><\/figure>\n<\/div>\n\n\n\n<div class=\"wp-block-column is-vertically-aligned-center is-layout-flow wp-block-column-is-layout-flow\">\n<h2 class=\"wp-block-heading has-text-align-center has-white-color has-text-color has-link-color wp-elements-07bf85a7f7d3b5bec9039621d8ff103f\"><strong>Documentos<\/strong><\/h2>\n\n\n\n<div class=\"wp-block-buttons is-vertical is-content-justification-center is-layout-flex wp-container-core-buttons-is-layout-0a0d504e wp-block-buttons-is-layout-flex\" style=\"margin-top:0;margin-bottom:0\">\n<div class=\"wp-block-button\"><a class=\"wp-block-button__link wp-element-button\" href=\"https:\/\/drive.google.com\/file\/d\/1DGHPvygyFX1NJG8eVWV8K1DOI4brZcqN\/view\" style=\"border-width:1px\">dosier de presentaci\u00f3n<\/a><\/div>\n\n\n\n<div class=\"wp-block-button\"><a class=\"wp-block-button__link wp-element-button\" href=\"https:\/\/drive.google.com\/file\/d\/1qgCrJw1fOdaJc3faafx_GmSxm-9HErfR\/view\" style=\"border-width:1px\">balance de cierre<\/a><\/div>\n\n\n\n<div class=\"wp-block-button\"><a class=\"wp-block-button__link wp-element-button\" href=\"https:\/\/drive.google.com\/file\/d\/1EtTz-X-sRd_Pyb-eBYNUPcwXTPIC19eV\/view\" style=\"border-width:1px\">modelo de gesti\u00f3n (en catal\u00e1n)<\/a><\/div>\n<\/div>\n<\/div>\n<\/div>\n<\/div>","protected":false},"excerpt":{"rendered":"<p>Una normalidad extraordinaria Una crisis sanitaria, social y cultural que lo ha cambiado todo nos ha instalado en&#8230;<\/p>\n","protected":false},"author":35132,"featured_media":0,"parent":0,"menu_order":0,"comment_status":"closed","ping_status":"closed","template":"","meta":{"_acf_changed":false,"footnotes":""},"class_list":["post-98229","page","type-page","status-publish","hentry"],"acf":[],"yoast_head":"<!-- This site is optimized with the Yoast SEO plugin v27.0 - https:\/\/yoast.com\/product\/yoast-seo-wordpress\/ -->\n<title>2020 Edition - Temporada Alta<\/title>\n<meta name=\"robots\" content=\"index, follow, max-snippet:-1, max-image-preview:large, max-video-preview:-1\" \/>\n<link rel=\"canonical\" href=\"https:\/\/temporada-alta.com\/en\/2020-edition\/\" \/>\n<meta property=\"og:locale\" content=\"en_US\" \/>\n<meta property=\"og:type\" content=\"article\" \/>\n<meta property=\"og:title\" content=\"2020 Edition - Temporada Alta\" \/>\n<meta property=\"og:description\" content=\"Una normalidad extraordinaria Una crisis sanitaria, social y cultural que lo ha cambiado todo nos ha instalado en...\" \/>\n<meta property=\"og:url\" content=\"https:\/\/temporada-alta.com\/en\/2020-edition\/\" \/>\n<meta property=\"og:site_name\" content=\"Temporada Alta\" \/>\n<meta property=\"article:modified_time\" content=\"2025-02-20T15:41:53+00:00\" \/>\n<meta property=\"og:image\" content=\"https:\/\/temporada-alta.com\/wp-content\/uploads\/Molly_Bloom.jpg\" \/>\n\t<meta property=\"og:image:width\" content=\"992\" \/>\n\t<meta property=\"og:image:height\" content=\"744\" \/>\n\t<meta property=\"og:image:type\" content=\"image\/jpeg\" \/>\n<meta name=\"twitter:card\" content=\"summary_large_image\" \/>\n<script type=\"application\/ld+json\" class=\"yoast-schema-graph\">{\"@context\":\"https:\/\/schema.org\",\"@graph\":[{\"@type\":\"WebPage\",\"@id\":\"https:\/\/temporada-alta.com\/en\/2020-edition\/\",\"url\":\"https:\/\/temporada-alta.com\/en\/2020-edition\/\",\"name\":\"2020 Edition - Temporada Alta\",\"isPartOf\":{\"@id\":\"https:\/\/temporada-alta.com\/en\/#website\"},\"primaryImageOfPage\":{\"@id\":\"https:\/\/temporada-alta.com\/en\/2020-edition\/#primaryimage\"},\"image\":{\"@id\":\"https:\/\/temporada-alta.com\/en\/2020-edition\/#primaryimage\"},\"thumbnailUrl\":\"https:\/\/temporada-alta.com\/wp-content\/uploads\/Molly_Bloom.jpg\",\"datePublished\":\"2024-11-14T12:13:25+00:00\",\"dateModified\":\"2025-02-20T15:41:53+00:00\",\"breadcrumb\":{\"@id\":\"https:\/\/temporada-alta.com\/en\/2020-edition\/#breadcrumb\"},\"inLanguage\":\"en-US\",\"potentialAction\":[{\"@type\":\"ReadAction\",\"target\":[\"https:\/\/temporada-alta.com\/en\/2020-edition\/\"]}]},{\"@type\":\"ImageObject\",\"inLanguage\":\"en-US\",\"@id\":\"https:\/\/temporada-alta.com\/en\/2020-edition\/#primaryimage\",\"url\":\"https:\/\/temporada-alta.com\/wp-content\/uploads\/Molly_Bloom.jpg\",\"contentUrl\":\"https:\/\/temporada-alta.com\/wp-content\/uploads\/Molly_Bloom.jpg\"},{\"@type\":\"BreadcrumbList\",\"@id\":\"https:\/\/temporada-alta.com\/en\/2020-edition\/#breadcrumb\",\"itemListElement\":[{\"@type\":\"ListItem\",\"position\":1,\"name\":\"Inici\",\"item\":\"https:\/\/temporada-alta.com\/en\/\"},{\"@type\":\"ListItem\",\"position\":2,\"name\":\"2020 Edition\"}]},{\"@type\":\"WebSite\",\"@id\":\"https:\/\/temporada-alta.com\/en\/#website\",\"url\":\"https:\/\/temporada-alta.com\/en\/\",\"name\":\"Temporada Alta\",\"description\":\"Festival d&#039;Arts Esc\u00e8niques\",\"publisher\":{\"@id\":\"https:\/\/temporada-alta.com\/en\/#organization\"},\"potentialAction\":[{\"@type\":\"SearchAction\",\"target\":{\"@type\":\"EntryPoint\",\"urlTemplate\":\"https:\/\/temporada-alta.com\/en\/?s={search_term_string}\"},\"query-input\":{\"@type\":\"PropertyValueSpecification\",\"valueRequired\":true,\"valueName\":\"search_term_string\"}}],\"inLanguage\":\"en-US\"},{\"@type\":\"Organization\",\"@id\":\"https:\/\/temporada-alta.com\/en\/#organization\",\"name\":\"Temporada Alta\",\"url\":\"https:\/\/temporada-alta.com\/en\/\",\"logo\":{\"@type\":\"ImageObject\",\"inLanguage\":\"en-US\",\"@id\":\"https:\/\/temporada-alta.com\/en\/#\/schema\/logo\/image\/\",\"url\":\"https:\/\/temporada-alta.com\/wp-content\/uploads\/TA21-Logotip-pos.png\",\"contentUrl\":\"https:\/\/temporada-alta.com\/wp-content\/uploads\/TA21-Logotip-pos.png\",\"width\":800,\"height\":267,\"caption\":\"Temporada Alta\"},\"image\":{\"@id\":\"https:\/\/temporada-alta.com\/en\/#\/schema\/logo\/image\/\"}}]}<\/script>\n<!-- \/ Yoast SEO plugin. -->","yoast_head_json":{"title":"2020 Edition - Temporada Alta","robots":{"index":"index","follow":"follow","max-snippet":"max-snippet:-1","max-image-preview":"max-image-preview:large","max-video-preview":"max-video-preview:-1"},"canonical":"https:\/\/temporada-alta.com\/en\/2020-edition\/","og_locale":"en_US","og_type":"article","og_title":"2020 Edition - Temporada Alta","og_description":"Una normalidad extraordinaria Una crisis sanitaria, social y cultural que lo ha cambiado todo nos ha instalado en...","og_url":"https:\/\/temporada-alta.com\/en\/2020-edition\/","og_site_name":"Temporada Alta","article_modified_time":"2025-02-20T15:41:53+00:00","og_image":[{"width":992,"height":744,"url":"https:\/\/temporada-alta.com\/wp-content\/uploads\/Molly_Bloom.jpg","type":"image\/jpeg"}],"twitter_card":"summary_large_image","schema":{"@context":"https:\/\/schema.org","@graph":[{"@type":"WebPage","@id":"https:\/\/temporada-alta.com\/en\/2020-edition\/","url":"https:\/\/temporada-alta.com\/en\/2020-edition\/","name":"2020 Edition - Temporada Alta","isPartOf":{"@id":"https:\/\/temporada-alta.com\/en\/#website"},"primaryImageOfPage":{"@id":"https:\/\/temporada-alta.com\/en\/2020-edition\/#primaryimage"},"image":{"@id":"https:\/\/temporada-alta.com\/en\/2020-edition\/#primaryimage"},"thumbnailUrl":"https:\/\/temporada-alta.com\/wp-content\/uploads\/Molly_Bloom.jpg","datePublished":"2024-11-14T12:13:25+00:00","dateModified":"2025-02-20T15:41:53+00:00","breadcrumb":{"@id":"https:\/\/temporada-alta.com\/en\/2020-edition\/#breadcrumb"},"inLanguage":"en-US","potentialAction":[{"@type":"ReadAction","target":["https:\/\/temporada-alta.com\/en\/2020-edition\/"]}]},{"@type":"ImageObject","inLanguage":"en-US","@id":"https:\/\/temporada-alta.com\/en\/2020-edition\/#primaryimage","url":"https:\/\/temporada-alta.com\/wp-content\/uploads\/Molly_Bloom.jpg","contentUrl":"https:\/\/temporada-alta.com\/wp-content\/uploads\/Molly_Bloom.jpg"},{"@type":"BreadcrumbList","@id":"https:\/\/temporada-alta.com\/en\/2020-edition\/#breadcrumb","itemListElement":[{"@type":"ListItem","position":1,"name":"Inici","item":"https:\/\/temporada-alta.com\/en\/"},{"@type":"ListItem","position":2,"name":"2020 Edition"}]},{"@type":"WebSite","@id":"https:\/\/temporada-alta.com\/en\/#website","url":"https:\/\/temporada-alta.com\/en\/","name":"Temporada Alta","description":"Festival d&#039;Arts Esc\u00e8niques","publisher":{"@id":"https:\/\/temporada-alta.com\/en\/#organization"},"potentialAction":[{"@type":"SearchAction","target":{"@type":"EntryPoint","urlTemplate":"https:\/\/temporada-alta.com\/en\/?s={search_term_string}"},"query-input":{"@type":"PropertyValueSpecification","valueRequired":true,"valueName":"search_term_string"}}],"inLanguage":"en-US"},{"@type":"Organization","@id":"https:\/\/temporada-alta.com\/en\/#organization","name":"Temporada Alta","url":"https:\/\/temporada-alta.com\/en\/","logo":{"@type":"ImageObject","inLanguage":"en-US","@id":"https:\/\/temporada-alta.com\/en\/#\/schema\/logo\/image\/","url":"https:\/\/temporada-alta.com\/wp-content\/uploads\/TA21-Logotip-pos.png","contentUrl":"https:\/\/temporada-alta.com\/wp-content\/uploads\/TA21-Logotip-pos.png","width":800,"height":267,"caption":"Temporada Alta"},"image":{"@id":"https:\/\/temporada-alta.com\/en\/#\/schema\/logo\/image\/"}}]}},"_links":{"self":[{"href":"https:\/\/temporada-alta.com\/en\/wp-json\/wp\/v2\/pages\/98229","targetHints":{"allow":["GET"]}}],"collection":[{"href":"https:\/\/temporada-alta.com\/en\/wp-json\/wp\/v2\/pages"}],"about":[{"href":"https:\/\/temporada-alta.com\/en\/wp-json\/wp\/v2\/types\/page"}],"author":[{"embeddable":true,"href":"https:\/\/temporada-alta.com\/en\/wp-json\/wp\/v2\/users\/35132"}],"replies":[{"embeddable":true,"href":"https:\/\/temporada-alta.com\/en\/wp-json\/wp\/v2\/comments?post=98229"}],"version-history":[{"count":2,"href":"https:\/\/temporada-alta.com\/en\/wp-json\/wp\/v2\/pages\/98229\/revisions"}],"predecessor-version":[{"id":98232,"href":"https:\/\/temporada-alta.com\/en\/wp-json\/wp\/v2\/pages\/98229\/revisions\/98232"}],"wp:attachment":[{"href":"https:\/\/temporada-alta.com\/en\/wp-json\/wp\/v2\/media?parent=98229"}],"curies":[{"name":"wp","href":"https:\/\/api.w.org\/{rel}","templated":true}]}}