{"id":98171,"date":"2024-11-14T10:17:23","date_gmt":"2024-11-14T09:17:23","guid":{"rendered":"https:\/\/temporada-alta.com\/?page_id=98171"},"modified":"2026-04-01T12:56:31","modified_gmt":"2026-04-01T10:56:31","slug":"terms-and-conditions","status":"publish","type":"page","link":"https:\/\/temporada-alta.com\/en\/terms-and-conditions\/","title":{"rendered":"Terms and conditions"},"content":{"rendered":"<div id=\"modal-ready\">\n<h3 class=\"wp-block-heading\"><strong>General considerations<\/strong><\/h3>\n\n\n\n<p>The purpose of these contracting conditions is to define the terms, explain the details of the purchase operations and set out the rights and obligations inherent to the Temporada Alta products, the ownership and responsibility for which lies with BIT\u00d2 PRODUCCIONS SL. (Tax ID no. B17310947, with address at Pati del Teatre 2, 17190 Salt, Girona, registered in the Girona Business Registry, Volume 134 Folio 56 Sheet no. GE-2411, phone 972402004 and email <a href=\"mailto:info@temporada-alta.com\" target=\"_blank\" rel=\"noreferrer noopener\">info@temporada-alta.com<\/a>), as well as the subscriptions of the La Ciutat Invisible Foundation (Tax ID no. G55175632, with address at Pati del Teatre 2, 17190 Salt, Girona, registered in the Register of Foundations of the Generalitat of Catalonia with the number 2789, phone 972402004 and email <a href=\"mailto:info@ciutatinvisible.org\" target=\"_blank\" rel=\"noreferrer noopener\">info@ciutatinvisible.org<\/a>), linked to the festival.<\/p>\n\n\n\n<p>The acquisition of any product implies full and unreserved acceptance of these terms and conditions. The festival is not responsible if the consumer, if different from the buyer, is not informed of the following&nbsp;terms and conditions.&nbsp;Temporada Alta Festival reserves the right to modify the terms and conditions at any time.<\/p>\n\n\n\n<p>It is necessary to be registered on the website to make any purchase, since the products and transactions will be associated with your account. You can consult the treatment of your data and learn about your rights in the&nbsp;<a href=\"https:\/\/temporada-alta.com\/en\/privacy-policy\/\" target=\"_blank\" rel=\"noreferrer noopener\">privacy policy<\/a>.<\/p>\n\n\n\n<p>Once you are logged into the website, you must select the products you wish to purchase and then go to the shopping basket. There, you will have to choose the payment method among the available options (credit card, bizum, Apple Pay\/Google Pay, or gift card, if tickets are purchased); annual subscriptions can only be paid by direct debit. You will be redirected to the payment gateway, where you will need to enter the requested data to make the payment. Your financial institution may ask you to confirm the purchase through the channels indicated to you. If the purchase process has been completed correctly, you will receive an email confirming this operation.<\/p>\n\n\n\n<p>The payment process is confidential and only the financial institution will have access to the payment information. Only in the case of annual subscriptions, in which the payment is made by direct debit, Bit\u00f2 will have access to the payment information, to make the annual charge. All types of cards from any bank (Visa, Mastercard and Maestro) are valid.<\/p>\n\n\n\n<h3 class=\"wp-block-heading\"><strong>Tickets<\/strong><\/h3>\n\n\n\n<p>Tickets entitle to a single access to the event, date and venue indicated, selected during the purchase process by the buyer. Ticket prices vary according to the show, venue and location selected. Temporada Alta has discounts and occasionally offers promocodes. Tickets are not nominal, so the buyer may not be their consumer.<\/p>\n\n\n\n<p>Tickets are sold online through the Temporada Alta website, available until the start of the show, or on-site at the ticket offices of the venues, following the schedules of the <a href=\"https:\/\/temporada-alta.com\/en\/official-sales-channels\/\" target=\"_blank\" rel=\"noreferrer noopener\">official sales channels<\/a>. Bit\u00f2 reserves the right to carry out special on-site ticket sales actions. In cases of co-organization of the event, it is possible that a sale point may also be enabled through the co-organizer\u2019s website. These cases will be duly indicated.<\/p>\n\n\n\n<p>The acquisition of a ticket&nbsp;means the acceptance of the following conditions:<\/p>\n\n\n\n<ul class=\"wp-block-list\">\n<li>The organization does not guarantee the authenticity of the ticket and, therefore, the access to the venue, if it has not been purchased on the Festival website or at the official points of sale.<\/li>\n\n\n\n<li>The organization may withdraw any torn or false ticket.<\/li>\n\n\n\n<li>The organization reserves the right to modify the program of any show and the location of specific seats for technical reasons.<\/li>\n\n\n\n<li>No refunds or ticket exchanges are allowed, except in case of cancellation of the show.<\/li>\n\n\n\n<li>It is necessary to keep the ticket until leaving the venue.<\/li>\n\n\n\n<li>The visibility of the seats (indicated at the time of ticket purchase) is approximate and may vary according to the show.<\/li>\n\n\n\n<li>For tickets purchased with a discount, the corresponding accreditation will be required to access the venue.<\/li>\n\n\n\n<li>Entry is prohibited to children under 3 years,&nbsp;except for family shows or shows for all audiences.<\/li>\n\n\n\n<li>Entrance to the venue will not be allowed with food, drink or any object considered dangerous by the organization.<\/li>\n\n\n\n<li>The organization reserves the right to deny access to or expel from the venue any person who is considered to be behaving inappropriately (disrespectful attitude, certain state of drunkenness, etc.), to guarantee the correct development of the event.<\/li>\n\n\n\n<li>Once the show has begun, it will not be possible to enter the venue until the intermission, if there is one.<\/li>\n\n\n\n<li>The use of mobile devices, photography and recording during the performance is prohibited. All image and intellectual property rights derived from the show are reserved.<\/li>\n\n\n\n<li>The resale of tickets is prohibited in cases where financial gain is sought. Therefore, such illegal resale or attempted illegal resale may be grounds for seizure or cancellation of the ticket(s) without the right to reimbursement or compensation of any kind.<\/li>\n\n\n\n<li>We inform you that during the public show the organisation may take photographs and record images of the event to publish them on websites and social networks for the sole purpose of promoting its events and shows, all in compliance with data protection regulations and Organic Law 1\/1982, of 5 May, on the civil protection of the right to honour, personal and family privacy and one\u2019s own image and, in particular, article 8.2 c) when it states that the right to one\u2019s own image shall not prevent the publication of accessory graphic information about a person at a public event. The images will always be general shots of the venue and event, and it is possible that spectators may appear in a completely incidental manner. These images shall not be transferred to third parties and shall not be exploited economically or commercially other than for the aforementioned promotion of the events.<\/li>\n<\/ul>\n\n\n\n<p>Failure to comply with any of these conditions may result in expulsion from the venue.<\/p>\n\n\n\n<h4 class=\"wp-block-heading\"><strong>Packages, discounts and promocodes<\/strong><\/h4>\n\n\n\n<p>Packages are bundles of tickets for different shows, to which a progressive discount is applied depending on the number of shows for which tickets are purchased. Packages are purchased separately from standard ticket sales; therefore, the associated discount will not apply if tickets are purchased outside the package system. For the discount to apply, it is necessary to purchase the same number of tickets for all the shows in the package. Once the purchase is complete, the package cannot be modified or expanded.&nbsp;During the preferential sales days only a maximum of two tickets per show may only be purchased.<\/p>\n\n\n\n<p>Temporada Alta has discounts,&nbsp;which apply a deduction to the ticket price. Consult the list of <a href=\"https:\/\/temporada-alta.com\/en\/ticket-sales-and-discounts\/#descomptes\" target=\"_blank\" rel=\"noreferrer noopener\">available discounts<\/a>.&nbsp;To apply any discount, it is necessary to select it and validate it with the indicated method (code\/identifier, account credentials, ID card, membership number, etc.) during the purchase process. In some cases, it will not be necessary to accredit it.&nbsp;Tickets with functional diversity discounts must be purchased directly by emailing&nbsp;<a href=\"mailto:diversitatfuncional@bito.pro\" target=\"_blank\" rel=\"noreferrer noopener\">diversitatfuncional@bito.pro<\/a>.<\/p>\n\n\n\n<p>Using a discount means the acceptance of the following conditions:<\/p>\n\n\n\n<ul class=\"wp-block-list\">\n<li>All discounts must be accredited with the corresponding documentation. There will be access controls to the venues.<\/li>\n\n\n\n<li>Discounts are not cumulative.<\/li>\n\n\n\n<li>The film programme, the Torneig de Dramat\u00fargia Catalana, and certain shows and concerts cannot be selected to configure multishow packages. Consult the complete list of <a href=\"https:\/\/temporada-alta.com\/en\/ticket-sales-and-discounts\/#condicions-descomptes\" target=\"_blank\" rel=\"noreferrer noopener\">shows not available for packages<\/a>.<\/li>\n\n\n\n<li>The family programme shows only offer discounts to members of El Club de La Ciutat Invisible and Art\u00e8ria, as well as to large families and single-parent families, and cannot be selected as part of multishow packages.<\/li>\n\n\n\n<li>The Girona \u2013 Culture card discounts are only applicable to Girona city venues.<\/li>\n<\/ul>\n\n\n\n<p>The conditions of the discounts linked to El Club and Art\u00e8ria subscriptions are specified in the section of this text designated for these subscriptions.<\/p>\n\n\n\n<p>The festival may occasionally offer promotional codes that allow discounts on tickets for selected shows. These codes must be redeemed during the purchase process.<\/p>\n\n\n\n<h3 class=\"wp-block-heading\"><strong>Extras<\/strong><\/h3>\n\n\n\n<h4 class=\"wp-block-heading\"><strong>Gift card<\/strong><\/h4>\n\n\n\n<p>We offer the possibility of acquiring a voucher of the desired amount to be given as a gift card so that the person who receives it can spend the amount on tickets for Temporada Alta.<\/p>\n\n\n\n<p>The buyer, when purchasing a voucher, can select from the proposed options or freely decide the amount with which he\/she wants to endow the voucher. Once the payment has been made, the gift card can be downloaded from the website, where the recipient will find a code to apply to his\/her purchase.<\/p>\n\n\n\n<p>To use the amount of the gift card, it is necessary to select it as the payment method during the ticket purchase process and enter the voucher code to redeem it. The expense must not be exactly equivalent to the amount of the gift card. If more money is spent, the voucher will be used to deduct the amount from the total cost of the tickets; if the amount spent is less, the remaining amount can be used for another purchase. The available balance can be checked at any time by entering the voucher code in the \u201cDo you have a gift card?\u201d section of the sales website.<\/p>\n\n\n\n<p>The acquisition of a gift card&nbsp;means the acceptance of the following conditions:<\/p>\n\n\n\n<ul class=\"wp-block-list\">\n<li>The gift card can only be used for the purchase of tickets.<\/li>\n\n\n\n<li>The gift card will only be valid the indicated edition of Temporada Alta. It can be used once the programme, partially or totally, goes on sale and can be used until 23.59h on 15\/12 of the year of the edition in question.<\/li>\n\n\n\n<li>The Festival will not refund the amount of the gift card, total or partial, if it is not used.<\/li>\n\n\n\n<li>No returns or exchanges are allowed.<\/li>\n\n\n\n<li>It is the responsibility of the buyer and the consumer that the latter is aware of these conditions.<\/li>\n<\/ul>\n\n\n\n<h3 class=\"wp-block-heading\"><strong>Subscriptions<\/strong><\/h3>\n\n\n\n<h4 class=\"wp-block-heading\"><strong>El Club<\/strong><\/h4>\n\n\n\n<p>El Club of La Ciutat Invisible Foundation is an annual subscription designed for those spectators with a great sensitivity for culture, with a willingness to get involved and support the Temporada Alta Festival and the Teatre de Salt, and with a desire to have a broader relationship with the world of the stage and the world of culture, as it provides a series of <a href=\"https:\/\/temporada-alta.com\/en\/unconditional-supporters\/\" target=\"_blank\" rel=\"noreferrer noopener\">advantages<\/a> of access, priority and exclusivity.<\/p>\n\n\n\n<p>The Club subscription has an annual cost of 100\u20ac, 80% of which is refundable on the tax return, and its validity extends from June to June of the following year regardless of the month in which it was contracted, so the validity of subscriptions purchased after June will not be extended.<\/p>\n\n\n\n<p>To contract the subscription, it is necessary to make the purchase being identified with the account of who will be the holder, since it is nominal and is associated with a single personal email address. The payment process is made by direct debit (both for new subscriptions and renewals), so during the subscription process the bank account information (IBAN) must be filled in.<\/p>\n\n\n\n<p>Subscription renewal will be automatic, unless otherwise specified. The holder will receive a reminder in the month of May prior to the expiration of the subscription and may communicate his refusal to the renewal until the beginning of June.<\/p>\n\n\n\n<p>To access those benefits that imply the purchase of a ticket, the holder must make the purchase identified with his\/her account.<\/p>\n\n\n\n<p>The acquisition of a subscription&nbsp;means the acceptance of the following conditions:<\/p>\n\n\n\n<ul class=\"wp-block-list\">\n<li>Membership of El Club is nominal and non-transferable.<\/li>\n\n\n\n<li>The benefits of the subscription are exclusively for the holder.<\/li>\n\n\n\n<li>The validity period is from June to June of the following year. Subscriptions purchased after June will not be extended.<\/li>\n\n\n\n<li>The month prior to expiry, which, as indicated above, will always be the month of June regardless of the date of contracting, the holder will receive a reminder of the automatic renewal and may in any case communicate his refusal to renew until the beginning of June.<\/li>\n\n\n\n<li>No changes or refunds will be accepted once the subscription has been paid.<\/li>\n<\/ul>\n\n\n\n<h4 class=\"wp-block-heading\"><strong>Art\u00e8ria<\/strong><\/h4>\n\n\n\n<p>The Art\u00e8ria subscription of La Ciutat Invisible Foundation is a free card for under 30 years old designed to approach and facilitate the access of young people to the performing arts, offering them a series of <a href=\"https:\/\/temporada-alta.com\/en\/young-people\/#avantatges-arteria\" target=\"_blank\" rel=\"noreferrer noopener\">advantages<\/a> that can be enjoyed once the registration process has been completed.<\/p>\n\n\n\n<p>To access those benefits that imply the purchase of a ticket, the holder must make the purchase identified with his\/her account.<\/p>\n\n\n\n<p>Using these advantages means the acceptance of the following conditions:<\/p>\n\n\n\n<ul class=\"wp-block-list\">\n<li>Art\u00e8ria discounts are not cumulative and must be accredited with the Art\u00e8ria card at the time of accessing the venue.<\/li>\n\n\n\n<li>The Art\u00e8ria Discount is only applicable to the card holder and only one ticket per show.<\/li>\n\n\n\n<li>Art\u00e8ria advantages (Art\u00e8ria Discount and Art\u00e8ria Rate) do not apply to the music programme, family programme, film programme, Dramaturgy Tournament and exceptions of the Temporada Alta Festival.<\/li>\n\n\n\n<li>The Art\u00e8ria Package only applies to one ticket for each of the shows.<\/li>\n<\/ul>\n<\/div>","protected":false},"excerpt":{"rendered":"<p>General considerations The purpose of these contracting conditions is to define the terms, explain the details of the&#8230;<\/p>\n","protected":false},"author":35132,"featured_media":0,"parent":0,"menu_order":0,"comment_status":"closed","ping_status":"closed","template":"","meta":{"_acf_changed":false,"footnotes":""},"class_list":["post-98171","page","type-page","status-publish","hentry"],"acf":[],"yoast_head":"<!-- This site is optimized with the Yoast SEO plugin v27.0 - https:\/\/yoast.com\/product\/yoast-seo-wordpress\/ -->\n<title>Terms and conditions - Temporada Alta<\/title>\n<meta name=\"robots\" content=\"index, follow, max-snippet:-1, max-image-preview:large, max-video-preview:-1\" \/>\n<link rel=\"canonical\" href=\"https:\/\/temporada-alta.com\/en\/terms-and-conditions\/\" \/>\n<meta property=\"og:locale\" content=\"en_US\" \/>\n<meta property=\"og:type\" content=\"article\" \/>\n<meta property=\"og:title\" content=\"Terms and conditions - Temporada Alta\" \/>\n<meta property=\"og:description\" content=\"General considerations The purpose of these contracting conditions is to define the terms, explain the details of the...\" \/>\n<meta property=\"og:url\" content=\"https:\/\/temporada-alta.com\/en\/terms-and-conditions\/\" \/>\n<meta property=\"og:site_name\" content=\"Temporada Alta\" \/>\n<meta property=\"article:modified_time\" content=\"2026-04-01T10:56:31+00:00\" \/>\n<meta name=\"twitter:card\" content=\"summary_large_image\" \/>\n<script type=\"application\/ld+json\" class=\"yoast-schema-graph\">{\"@context\":\"https:\/\/schema.org\",\"@graph\":[{\"@type\":\"WebPage\",\"@id\":\"https:\/\/temporada-alta.com\/en\/terms-and-conditions\/\",\"url\":\"https:\/\/temporada-alta.com\/en\/terms-and-conditions\/\",\"name\":\"Terms and conditions - Temporada Alta\",\"isPartOf\":{\"@id\":\"https:\/\/temporada-alta.com\/en\/#website\"},\"datePublished\":\"2024-11-14T09:17:23+00:00\",\"dateModified\":\"2026-04-01T10:56:31+00:00\",\"breadcrumb\":{\"@id\":\"https:\/\/temporada-alta.com\/en\/terms-and-conditions\/#breadcrumb\"},\"inLanguage\":\"en-US\",\"potentialAction\":[{\"@type\":\"ReadAction\",\"target\":[\"https:\/\/temporada-alta.com\/en\/terms-and-conditions\/\"]}]},{\"@type\":\"BreadcrumbList\",\"@id\":\"https:\/\/temporada-alta.com\/en\/terms-and-conditions\/#breadcrumb\",\"itemListElement\":[{\"@type\":\"ListItem\",\"position\":1,\"name\":\"Inici\",\"item\":\"https:\/\/temporada-alta.com\/en\/\"},{\"@type\":\"ListItem\",\"position\":2,\"name\":\"Terms and conditions\"}]},{\"@type\":\"WebSite\",\"@id\":\"https:\/\/temporada-alta.com\/en\/#website\",\"url\":\"https:\/\/temporada-alta.com\/en\/\",\"name\":\"Temporada Alta\",\"description\":\"Festival d&#039;Arts Esc\u00e8niques\",\"publisher\":{\"@id\":\"https:\/\/temporada-alta.com\/en\/#organization\"},\"potentialAction\":[{\"@type\":\"SearchAction\",\"target\":{\"@type\":\"EntryPoint\",\"urlTemplate\":\"https:\/\/temporada-alta.com\/en\/?s={search_term_string}\"},\"query-input\":{\"@type\":\"PropertyValueSpecification\",\"valueRequired\":true,\"valueName\":\"search_term_string\"}}],\"inLanguage\":\"en-US\"},{\"@type\":\"Organization\",\"@id\":\"https:\/\/temporada-alta.com\/en\/#organization\",\"name\":\"Temporada Alta\",\"url\":\"https:\/\/temporada-alta.com\/en\/\",\"logo\":{\"@type\":\"ImageObject\",\"inLanguage\":\"en-US\",\"@id\":\"https:\/\/temporada-alta.com\/en\/#\/schema\/logo\/image\/\",\"url\":\"https:\/\/temporada-alta.com\/wp-content\/uploads\/TA21-Logotip-pos.png\",\"contentUrl\":\"https:\/\/temporada-alta.com\/wp-content\/uploads\/TA21-Logotip-pos.png\",\"width\":800,\"height\":267,\"caption\":\"Temporada Alta\"},\"image\":{\"@id\":\"https:\/\/temporada-alta.com\/en\/#\/schema\/logo\/image\/\"}}]}<\/script>\n<!-- \/ Yoast SEO plugin. -->","yoast_head_json":{"title":"Terms and conditions - Temporada Alta","robots":{"index":"index","follow":"follow","max-snippet":"max-snippet:-1","max-image-preview":"max-image-preview:large","max-video-preview":"max-video-preview:-1"},"canonical":"https:\/\/temporada-alta.com\/en\/terms-and-conditions\/","og_locale":"en_US","og_type":"article","og_title":"Terms and conditions - Temporada Alta","og_description":"General considerations The purpose of these contracting conditions is to define the terms, explain the details of the...","og_url":"https:\/\/temporada-alta.com\/en\/terms-and-conditions\/","og_site_name":"Temporada Alta","article_modified_time":"2026-04-01T10:56:31+00:00","twitter_card":"summary_large_image","schema":{"@context":"https:\/\/schema.org","@graph":[{"@type":"WebPage","@id":"https:\/\/temporada-alta.com\/en\/terms-and-conditions\/","url":"https:\/\/temporada-alta.com\/en\/terms-and-conditions\/","name":"Terms and conditions - Temporada Alta","isPartOf":{"@id":"https:\/\/temporada-alta.com\/en\/#website"},"datePublished":"2024-11-14T09:17:23+00:00","dateModified":"2026-04-01T10:56:31+00:00","breadcrumb":{"@id":"https:\/\/temporada-alta.com\/en\/terms-and-conditions\/#breadcrumb"},"inLanguage":"en-US","potentialAction":[{"@type":"ReadAction","target":["https:\/\/temporada-alta.com\/en\/terms-and-conditions\/"]}]},{"@type":"BreadcrumbList","@id":"https:\/\/temporada-alta.com\/en\/terms-and-conditions\/#breadcrumb","itemListElement":[{"@type":"ListItem","position":1,"name":"Inici","item":"https:\/\/temporada-alta.com\/en\/"},{"@type":"ListItem","position":2,"name":"Terms and conditions"}]},{"@type":"WebSite","@id":"https:\/\/temporada-alta.com\/en\/#website","url":"https:\/\/temporada-alta.com\/en\/","name":"Temporada Alta","description":"Festival d&#039;Arts Esc\u00e8niques","publisher":{"@id":"https:\/\/temporada-alta.com\/en\/#organization"},"potentialAction":[{"@type":"SearchAction","target":{"@type":"EntryPoint","urlTemplate":"https:\/\/temporada-alta.com\/en\/?s={search_term_string}"},"query-input":{"@type":"PropertyValueSpecification","valueRequired":true,"valueName":"search_term_string"}}],"inLanguage":"en-US"},{"@type":"Organization","@id":"https:\/\/temporada-alta.com\/en\/#organization","name":"Temporada Alta","url":"https:\/\/temporada-alta.com\/en\/","logo":{"@type":"ImageObject","inLanguage":"en-US","@id":"https:\/\/temporada-alta.com\/en\/#\/schema\/logo\/image\/","url":"https:\/\/temporada-alta.com\/wp-content\/uploads\/TA21-Logotip-pos.png","contentUrl":"https:\/\/temporada-alta.com\/wp-content\/uploads\/TA21-Logotip-pos.png","width":800,"height":267,"caption":"Temporada Alta"},"image":{"@id":"https:\/\/temporada-alta.com\/en\/#\/schema\/logo\/image\/"}}]}},"_links":{"self":[{"href":"https:\/\/temporada-alta.com\/en\/wp-json\/wp\/v2\/pages\/98171","targetHints":{"allow":["GET"]}}],"collection":[{"href":"https:\/\/temporada-alta.com\/en\/wp-json\/wp\/v2\/pages"}],"about":[{"href":"https:\/\/temporada-alta.com\/en\/wp-json\/wp\/v2\/types\/page"}],"author":[{"embeddable":true,"href":"https:\/\/temporada-alta.com\/en\/wp-json\/wp\/v2\/users\/35132"}],"replies":[{"embeddable":true,"href":"https:\/\/temporada-alta.com\/en\/wp-json\/wp\/v2\/comments?post=98171"}],"version-history":[{"count":5,"href":"https:\/\/temporada-alta.com\/en\/wp-json\/wp\/v2\/pages\/98171\/revisions"}],"predecessor-version":[{"id":118689,"href":"https:\/\/temporada-alta.com\/en\/wp-json\/wp\/v2\/pages\/98171\/revisions\/118689"}],"wp:attachment":[{"href":"https:\/\/temporada-alta.com\/en\/wp-json\/wp\/v2\/media?parent=98171"}],"curies":[{"name":"wp","href":"https:\/\/api.w.org\/{rel}","templated":true}]}}