{"id":97965,"date":"2024-11-07T10:55:43","date_gmt":"2024-11-07T09:55:43","guid":{"rendered":"https:\/\/temporada-alta.com\/?page_id=97965"},"modified":"2025-08-27T08:23:25","modified_gmt":"2025-08-27T06:23:25","slug":"team","status":"publish","type":"page","link":"https:\/\/temporada-alta.com\/en\/team\/","title":{"rendered":"Team"},"content":{"rendered":"<div id=\"modal-ready\">\n<p class=\"has-text-align-center\">DIRECTION AND PROGRAMMING<\/p>\n\n\n\n<p class=\"has-text-align-center\">Festival artistic director: <strong>Narc\u00eds Puig<br><\/strong>Production director: <strong>Josep Dom\u00e8nech<\/strong><br>Economic director: <strong>Jaume Nadal<br><\/strong>Manager: <strong>Marta Montalban<\/strong><br>Associate music programmer: <strong>Xavier Mas\u00f3<\/strong><\/p>\n\n\n\n<p class=\"has-text-align-center\">PRODUCTION AND TECHNICAL<\/p>\n\n\n\n<p class=\"has-text-align-center\">Head of festival production: <strong>Zuri\u00f1e Cuy\u00e0s Marim\u00f3n<br><\/strong>Associate producer:&nbsp;<strong>Rosa Pou<br><\/strong>Assistant producer:&nbsp;<strong>Carles Vidal<\/strong><\/p>\n\n\n\n<p class=\"has-text-align-center\">Head technician:&nbsp;<strong>Xavier Mas\u00f3&nbsp;(AP7-Projectes t\u00e8cnics)<br><\/strong>Assistant technician:<strong> Agust\u00ed Custey<\/strong><\/p>\n\n\n\n<p class=\"has-text-align-center\">Head of IT:&nbsp;<strong>Joan M. Sans<br><\/strong>Multimedia technician:&nbsp;<strong>Guillem Berga<\/strong><\/p>\n\n\n\n<p class=\"has-text-align-center\">Subtitling coordination: <strong>SUBTIL (Eul\u00e0lia Morros)<\/strong><\/p>\n\n\n\n<p class=\"has-text-align-center\">Festival technicians:<br><strong>Carles Comas,&nbsp;David Dan\u00e9s, Enric Potrony, Toni Pujol, Agust\u00ed Custey, Xicu Vilanova,&nbsp;Miquel Feliu, Arnal Garcia and Juli Palacios<\/strong><\/p>\n\n\n\n<p class=\"has-text-align-center\">Tailoring coordination: <strong>Irene Bosch<br><\/strong>Tailor:&nbsp;<strong>Marina Lancha<br><\/strong>Internship assistants:&nbsp;<strong>Queralt Masip and Mireia Garcia<\/strong><\/p>\n\n\n\n<p class=\"has-text-align-center\">FESTIVAL PRODUCTIONS<\/p>\n\n\n\n<p class=\"has-text-align-center\">Production Management Assistant: <strong>Blanca Arderiu<br><\/strong>Production management: <strong>Eduard Garre<br><\/strong>Executive producers: <strong>Andrea Cuevas i Macarena Garc\u00eda<\/strong><\/p>\n\n\n\n<p class=\"has-text-align-center\">COMMUNICATION, MARKETING AND AUDIENCIES<\/p>\n\n\n\n<p class=\"has-text-align-center\">Head of communication and marketing: <strong>Bea Moyano<br><\/strong>Contents and publications: <strong>Iv\u00e1n Fern\u00e1ndez<br><\/strong>Digital marketing: <strong>Esteve Artigas<br><\/strong>Community manager and video-contents creator: <strong>Farners Burguera<br><\/strong>Marketing suports: <strong>Sandra Fontes<br><\/strong>Audiences and productions communications: <strong>Mariona G\u00f3mez Nadal<br><\/strong>Press: <strong>Eug\u00e8nia Berga<\/strong><\/p>\n\n\n\n<p class=\"has-text-align-center\">FUNDACI\u00d3 LA CIUTAT INVISIBLE<\/p>\n\n\n\n<p class=\"has-text-align-center\">Associate director: <strong>Joan Margall<br><\/strong>A Tempo &#8211; Arts i Formaci\u00f3 coordinator: <strong>Lily Garreta<\/strong><br>A Tempo &#8211; Arts i Formaci\u00f3 assistant: <strong>Laura Bergillos<br><\/strong>Apropa Cultura coordinator: <strong>Ariadna Donate<\/strong><br>Apropa Cultura assistant: <strong>Joana Jan\u00e9<\/strong><\/p>\n\n\n\n<p class=\"has-text-align-center\">TICKETING<\/p>\n\n\n\n<p class=\"has-text-align-center\">Head of ticketing:&nbsp;<strong>Eva Reina<br><\/strong>Ticketing associate:&nbsp;<strong>Gemma Noguer<br><\/strong>Ticket allocation in theatres:<br><strong>Jordi Disp\u00e8s, \u00c0lex Meyer, Eudald Reina, Jordi G\u00fcell, Paula Gra\u00f1\u00e9, Aida Balagu\u00e9,<\/strong><br><strong>Anna Gispert, J\u00falia Isern, Anna Wan Valls, Mar Fust\u00e9, Emma Sol\u00e9s and Pol Barcel\u00f3<\/strong><\/p>\n\n\n\n<p class=\"has-text-align-center\">ADMINISTRATION AND ACOUNTING<\/p>\n\n\n\n<p class=\"has-text-align-center\">Head of administration: <strong>Mariona Fuentes<br><\/strong>Acounting: <strong>Carme Bosch, David Garc\u00eda and Mar Tolr\u00e0<\/strong><\/p>\n\n\n\n<p class=\"has-text-align-center\">SPONSORSHIP AND COMPANIES<\/p>\n\n\n\n<p class=\"has-text-align-center\">Head of sponsorship: <strong>Xavier Eusebio<\/strong><\/p>\n\n\n\n<p class=\"has-text-align-center\">VOLUNTEERS<\/p>\n\n\n\n<p class=\"has-text-align-center\">Head of volunteers: <strong>Jou Mart\u00edn<br><\/strong>Volunteers coordination: <strong>Marta Angelats<\/strong><br>Volunteers:<br><strong>\u00c0ngels Arl\u00e0, Ant\u00f2nia Vilaplana, Carles Besal\u00fa, Cybele Buffile, Eduard Cabezudo, Eudald Pag\u00e8s, Eva de Gregorio, Fina Ca\u00f1ellas, Guillem Hern\u00e1ndez, Imma Burrell, Jordi Dot\u00fa, Judit Birosta, Leli Camps, Lluc Vives, Lurdes Monguillot, Maria Llu\u00efsa Riera, Maria Merc\u00e8 de Ciurana, Marta Baserba, M\u00f2nica Recio, Montse Compte, Montserrat Mu\u00f1oz, N\u00faria Besal\u00fa, Pilar Teixidor, S\u00edlvia Nu\u00f1o, Teresa Cam\u00f3s, Teresa Soler, Toni P\u00e9rez, Xavier Amatller and Xon Coll<\/strong><\/p>\n\n\n\n<p class=\"has-text-align-center\">Finally, adding up all the equipment, almost 200 people work at Temporada Alta throughout the entire festival.<\/p>\n<\/div>","protected":false},"excerpt":{"rendered":"<p>DIRECTION AND PROGRAMMING Festival artistic director: Narc\u00eds PuigProduction director: Josep Dom\u00e8nechEconomic director: Jaume NadalManager: Marta MontalbanAssociate music programmer:&#8230;<\/p>\n","protected":false},"author":35132,"featured_media":0,"parent":0,"menu_order":0,"comment_status":"closed","ping_status":"closed","template":"","meta":{"_acf_changed":false,"footnotes":""},"class_list":["post-97965","page","type-page","status-publish","hentry"],"acf":[],"yoast_head":"<!-- This site is optimized with the Yoast SEO plugin v27.0 - https:\/\/yoast.com\/product\/yoast-seo-wordpress\/ -->\n<title>Team - Temporada Alta<\/title>\n<meta name=\"robots\" content=\"index, follow, max-snippet:-1, max-image-preview:large, max-video-preview:-1\" \/>\n<link rel=\"canonical\" href=\"https:\/\/temporada-alta.com\/en\/team\/\" \/>\n<meta property=\"og:locale\" content=\"en_US\" \/>\n<meta property=\"og:type\" content=\"article\" \/>\n<meta property=\"og:title\" content=\"Team - Temporada Alta\" \/>\n<meta property=\"og:description\" content=\"DIRECTION AND PROGRAMMING Festival artistic director: Narc\u00eds PuigProduction director: Josep Dom\u00e8nechEconomic director: Jaume NadalManager: Marta MontalbanAssociate music programmer:...\" \/>\n<meta property=\"og:url\" content=\"https:\/\/temporada-alta.com\/en\/team\/\" \/>\n<meta property=\"og:site_name\" content=\"Temporada Alta\" \/>\n<meta property=\"article:modified_time\" content=\"2025-08-27T06:23:25+00:00\" \/>\n<meta name=\"twitter:card\" content=\"summary_large_image\" \/>\n<script type=\"application\/ld+json\" class=\"yoast-schema-graph\">{\"@context\":\"https:\/\/schema.org\",\"@graph\":[{\"@type\":\"WebPage\",\"@id\":\"https:\/\/temporada-alta.com\/en\/team\/\",\"url\":\"https:\/\/temporada-alta.com\/en\/team\/\",\"name\":\"Team - Temporada Alta\",\"isPartOf\":{\"@id\":\"https:\/\/temporada-alta.com\/en\/#website\"},\"datePublished\":\"2024-11-07T09:55:43+00:00\",\"dateModified\":\"2025-08-27T06:23:25+00:00\",\"breadcrumb\":{\"@id\":\"https:\/\/temporada-alta.com\/en\/team\/#breadcrumb\"},\"inLanguage\":\"en-US\",\"potentialAction\":[{\"@type\":\"ReadAction\",\"target\":[\"https:\/\/temporada-alta.com\/en\/team\/\"]}]},{\"@type\":\"BreadcrumbList\",\"@id\":\"https:\/\/temporada-alta.com\/en\/team\/#breadcrumb\",\"itemListElement\":[{\"@type\":\"ListItem\",\"position\":1,\"name\":\"Inici\",\"item\":\"https:\/\/temporada-alta.com\/en\/\"},{\"@type\":\"ListItem\",\"position\":2,\"name\":\"Team\"}]},{\"@type\":\"WebSite\",\"@id\":\"https:\/\/temporada-alta.com\/en\/#website\",\"url\":\"https:\/\/temporada-alta.com\/en\/\",\"name\":\"Temporada Alta\",\"description\":\"Festival d&#039;Arts Esc\u00e8niques\",\"publisher\":{\"@id\":\"https:\/\/temporada-alta.com\/en\/#organization\"},\"potentialAction\":[{\"@type\":\"SearchAction\",\"target\":{\"@type\":\"EntryPoint\",\"urlTemplate\":\"https:\/\/temporada-alta.com\/en\/?s={search_term_string}\"},\"query-input\":{\"@type\":\"PropertyValueSpecification\",\"valueRequired\":true,\"valueName\":\"search_term_string\"}}],\"inLanguage\":\"en-US\"},{\"@type\":\"Organization\",\"@id\":\"https:\/\/temporada-alta.com\/en\/#organization\",\"name\":\"Temporada Alta\",\"url\":\"https:\/\/temporada-alta.com\/en\/\",\"logo\":{\"@type\":\"ImageObject\",\"inLanguage\":\"en-US\",\"@id\":\"https:\/\/temporada-alta.com\/en\/#\/schema\/logo\/image\/\",\"url\":\"https:\/\/temporada-alta.com\/wp-content\/uploads\/TA21-Logotip-pos.png\",\"contentUrl\":\"https:\/\/temporada-alta.com\/wp-content\/uploads\/TA21-Logotip-pos.png\",\"width\":800,\"height\":267,\"caption\":\"Temporada Alta\"},\"image\":{\"@id\":\"https:\/\/temporada-alta.com\/en\/#\/schema\/logo\/image\/\"}}]}<\/script>\n<!-- \/ Yoast SEO plugin. -->","yoast_head_json":{"title":"Team - Temporada Alta","robots":{"index":"index","follow":"follow","max-snippet":"max-snippet:-1","max-image-preview":"max-image-preview:large","max-video-preview":"max-video-preview:-1"},"canonical":"https:\/\/temporada-alta.com\/en\/team\/","og_locale":"en_US","og_type":"article","og_title":"Team - Temporada Alta","og_description":"DIRECTION AND PROGRAMMING Festival artistic director: Narc\u00eds PuigProduction director: Josep Dom\u00e8nechEconomic director: Jaume NadalManager: Marta MontalbanAssociate music programmer:...","og_url":"https:\/\/temporada-alta.com\/en\/team\/","og_site_name":"Temporada Alta","article_modified_time":"2025-08-27T06:23:25+00:00","twitter_card":"summary_large_image","schema":{"@context":"https:\/\/schema.org","@graph":[{"@type":"WebPage","@id":"https:\/\/temporada-alta.com\/en\/team\/","url":"https:\/\/temporada-alta.com\/en\/team\/","name":"Team - Temporada Alta","isPartOf":{"@id":"https:\/\/temporada-alta.com\/en\/#website"},"datePublished":"2024-11-07T09:55:43+00:00","dateModified":"2025-08-27T06:23:25+00:00","breadcrumb":{"@id":"https:\/\/temporada-alta.com\/en\/team\/#breadcrumb"},"inLanguage":"en-US","potentialAction":[{"@type":"ReadAction","target":["https:\/\/temporada-alta.com\/en\/team\/"]}]},{"@type":"BreadcrumbList","@id":"https:\/\/temporada-alta.com\/en\/team\/#breadcrumb","itemListElement":[{"@type":"ListItem","position":1,"name":"Inici","item":"https:\/\/temporada-alta.com\/en\/"},{"@type":"ListItem","position":2,"name":"Team"}]},{"@type":"WebSite","@id":"https:\/\/temporada-alta.com\/en\/#website","url":"https:\/\/temporada-alta.com\/en\/","name":"Temporada Alta","description":"Festival d&#039;Arts Esc\u00e8niques","publisher":{"@id":"https:\/\/temporada-alta.com\/en\/#organization"},"potentialAction":[{"@type":"SearchAction","target":{"@type":"EntryPoint","urlTemplate":"https:\/\/temporada-alta.com\/en\/?s={search_term_string}"},"query-input":{"@type":"PropertyValueSpecification","valueRequired":true,"valueName":"search_term_string"}}],"inLanguage":"en-US"},{"@type":"Organization","@id":"https:\/\/temporada-alta.com\/en\/#organization","name":"Temporada Alta","url":"https:\/\/temporada-alta.com\/en\/","logo":{"@type":"ImageObject","inLanguage":"en-US","@id":"https:\/\/temporada-alta.com\/en\/#\/schema\/logo\/image\/","url":"https:\/\/temporada-alta.com\/wp-content\/uploads\/TA21-Logotip-pos.png","contentUrl":"https:\/\/temporada-alta.com\/wp-content\/uploads\/TA21-Logotip-pos.png","width":800,"height":267,"caption":"Temporada Alta"},"image":{"@id":"https:\/\/temporada-alta.com\/en\/#\/schema\/logo\/image\/"}}]}},"_links":{"self":[{"href":"https:\/\/temporada-alta.com\/en\/wp-json\/wp\/v2\/pages\/97965","targetHints":{"allow":["GET"]}}],"collection":[{"href":"https:\/\/temporada-alta.com\/en\/wp-json\/wp\/v2\/pages"}],"about":[{"href":"https:\/\/temporada-alta.com\/en\/wp-json\/wp\/v2\/types\/page"}],"author":[{"embeddable":true,"href":"https:\/\/temporada-alta.com\/en\/wp-json\/wp\/v2\/users\/35132"}],"replies":[{"embeddable":true,"href":"https:\/\/temporada-alta.com\/en\/wp-json\/wp\/v2\/comments?post=97965"}],"version-history":[{"count":5,"href":"https:\/\/temporada-alta.com\/en\/wp-json\/wp\/v2\/pages\/97965\/revisions"}],"predecessor-version":[{"id":104605,"href":"https:\/\/temporada-alta.com\/en\/wp-json\/wp\/v2\/pages\/97965\/revisions\/104605"}],"wp:attachment":[{"href":"https:\/\/temporada-alta.com\/en\/wp-json\/wp\/v2\/media?parent=97965"}],"curies":[{"name":"wp","href":"https:\/\/api.w.org\/{rel}","templated":true}]}}