{"id":97295,"date":"2024-09-23T09:28:04","date_gmt":"2024-09-23T07:28:04","guid":{"rendered":"https:\/\/temporada-alta.com\/?page_id=97295"},"modified":"2025-08-06T10:20:30","modified_gmt":"2025-08-06T08:20:30","slug":"university","status":"publish","type":"page","link":"https:\/\/temporada-alta.com\/en\/university\/","title":{"rendered":"University"},"content":{"rendered":"<div id=\"modal-ready\">\n<div class=\"wp-block-columns are-vertically-aligned-center is-layout-flex wp-container-core-columns-is-layout-28f84493 wp-block-columns-is-layout-flex\">\n<div class=\"wp-block-column is-vertically-aligned-center is-layout-flow wp-block-column-is-layout-flow\">\n<p>We collaborate with the Degree in Performing Arts of the University of Girona, taught at the ERAM University School, since its foundation. Artists and creators scheduled in Temporada Alta participate every year as teachers at ERAM. Directors, playwrights and choreographers such as Claudio Tolcachir, Alain Platel, Viviane de Muynck, Fabrice Murgia and Jan Lauwers, among many others, have gone through the school so far. In this way, we contribute to diversifying a teaching team made up of stage professionals such as Xicu Mas\u00f3, Llu\u00eds Homar, Xavier Albert\u00ed, Jordi Duran, Marcel Tom\u00e0s, Josep Maria Mir\u00f3, Pau Mir\u00f3, Alfredo Sanzol, S\u00edlvia Escuder, Lloren\u00e7 Corbella, Marc Artigau, Ll\u00e0tzer Garcia or the companies Los Corderos and Mal Pelo.<\/p>\n\n\n\n<p>In addition, as a festival, we offer internships for students, award a scholarship and get involved in many other aspects of this university degree: coordination in the organization of master classes, open rehearsals, attendance at shows, stable presence of the Bit\u00f2 staff in teaching\u2026<\/p>\n<\/div>\n\n\n\n<div class=\"wp-block-column is-vertically-aligned-center is-layout-flow wp-block-column-is-layout-flow\">\n<figure class=\"wp-block-image size-large\"><img loading=\"lazy\" decoding=\"async\" width=\"1024\" height=\"683\" src=\"https:\/\/temporada-alta.com\/wp-content\/uploads\/\/ERAM_Grau-Arts-Esce\u0300niques_AlfredoSanzol-1024x683.jpg\" alt=\"\" class=\"wp-image-51038\" srcset=\"https:\/\/temporada-alta.com\/wp-content\/uploads\/ERAM_Grau-Arts-Esce\u0300niques_AlfredoSanzol-1024x683.jpg 1024w, https:\/\/temporada-alta.com\/wp-content\/uploads\/ERAM_Grau-Arts-Esce\u0300niques_AlfredoSanzol-300x200.jpg 300w, https:\/\/temporada-alta.com\/wp-content\/uploads\/ERAM_Grau-Arts-Esce\u0300niques_AlfredoSanzol-768x512.jpg 768w, https:\/\/temporada-alta.com\/wp-content\/uploads\/ERAM_Grau-Arts-Esce\u0300niques_AlfredoSanzol.jpg 1314w\" sizes=\"auto, (max-width: 1024px) 100vw, 1024px\" \/><\/figure>\n<\/div>\n<\/div>\n<\/div>","protected":false},"excerpt":{"rendered":"<p>We collaborate with the Degree in Performing Arts of the University of Girona, taught at the ERAM University&#8230;<\/p>\n","protected":false},"author":35132,"featured_media":0,"parent":0,"menu_order":0,"comment_status":"closed","ping_status":"closed","template":"","meta":{"_acf_changed":false,"footnotes":""},"class_list":["post-97295","page","type-page","status-publish","hentry"],"acf":[],"yoast_head":"<!-- This site is optimized with the Yoast SEO plugin v27.0 - https:\/\/yoast.com\/product\/yoast-seo-wordpress\/ -->\n<title>University - Temporada Alta<\/title>\n<meta name=\"robots\" content=\"index, follow, max-snippet:-1, max-image-preview:large, max-video-preview:-1\" \/>\n<link rel=\"canonical\" href=\"https:\/\/temporada-alta.com\/en\/university\/\" \/>\n<meta property=\"og:locale\" content=\"en_US\" \/>\n<meta property=\"og:type\" content=\"article\" \/>\n<meta property=\"og:title\" content=\"University - Temporada Alta\" \/>\n<meta property=\"og:description\" content=\"We collaborate with the Degree in Performing Arts of the University of Girona, taught at the ERAM University...\" \/>\n<meta property=\"og:url\" content=\"https:\/\/temporada-alta.com\/en\/university\/\" \/>\n<meta property=\"og:site_name\" content=\"Temporada Alta\" \/>\n<meta property=\"article:modified_time\" content=\"2025-08-06T08:20:30+00:00\" \/>\n<meta name=\"twitter:card\" content=\"summary_large_image\" \/>\n<script type=\"application\/ld+json\" class=\"yoast-schema-graph\">{\"@context\":\"https:\/\/schema.org\",\"@graph\":[{\"@type\":\"WebPage\",\"@id\":\"https:\/\/temporada-alta.com\/en\/university\/\",\"url\":\"https:\/\/temporada-alta.com\/en\/university\/\",\"name\":\"University - Temporada Alta\",\"isPartOf\":{\"@id\":\"https:\/\/temporada-alta.com\/en\/#website\"},\"datePublished\":\"2024-09-23T07:28:04+00:00\",\"dateModified\":\"2025-08-06T08:20:30+00:00\",\"breadcrumb\":{\"@id\":\"https:\/\/temporada-alta.com\/en\/university\/#breadcrumb\"},\"inLanguage\":\"en-US\",\"potentialAction\":[{\"@type\":\"ReadAction\",\"target\":[\"https:\/\/temporada-alta.com\/en\/university\/\"]}]},{\"@type\":\"BreadcrumbList\",\"@id\":\"https:\/\/temporada-alta.com\/en\/university\/#breadcrumb\",\"itemListElement\":[{\"@type\":\"ListItem\",\"position\":1,\"name\":\"Inici\",\"item\":\"https:\/\/temporada-alta.com\/en\/\"},{\"@type\":\"ListItem\",\"position\":2,\"name\":\"University\"}]},{\"@type\":\"WebSite\",\"@id\":\"https:\/\/temporada-alta.com\/en\/#website\",\"url\":\"https:\/\/temporada-alta.com\/en\/\",\"name\":\"Temporada Alta\",\"description\":\"Festival d&#039;Arts Esc\u00e8niques\",\"publisher\":{\"@id\":\"https:\/\/temporada-alta.com\/en\/#organization\"},\"potentialAction\":[{\"@type\":\"SearchAction\",\"target\":{\"@type\":\"EntryPoint\",\"urlTemplate\":\"https:\/\/temporada-alta.com\/en\/?s={search_term_string}\"},\"query-input\":{\"@type\":\"PropertyValueSpecification\",\"valueRequired\":true,\"valueName\":\"search_term_string\"}}],\"inLanguage\":\"en-US\"},{\"@type\":\"Organization\",\"@id\":\"https:\/\/temporada-alta.com\/en\/#organization\",\"name\":\"Temporada Alta\",\"url\":\"https:\/\/temporada-alta.com\/en\/\",\"logo\":{\"@type\":\"ImageObject\",\"inLanguage\":\"en-US\",\"@id\":\"https:\/\/temporada-alta.com\/en\/#\/schema\/logo\/image\/\",\"url\":\"https:\/\/temporada-alta.com\/wp-content\/uploads\/TA21-Logotip-pos.png\",\"contentUrl\":\"https:\/\/temporada-alta.com\/wp-content\/uploads\/TA21-Logotip-pos.png\",\"width\":800,\"height\":267,\"caption\":\"Temporada Alta\"},\"image\":{\"@id\":\"https:\/\/temporada-alta.com\/en\/#\/schema\/logo\/image\/\"}}]}<\/script>\n<!-- \/ Yoast SEO plugin. -->","yoast_head_json":{"title":"University - Temporada Alta","robots":{"index":"index","follow":"follow","max-snippet":"max-snippet:-1","max-image-preview":"max-image-preview:large","max-video-preview":"max-video-preview:-1"},"canonical":"https:\/\/temporada-alta.com\/en\/university\/","og_locale":"en_US","og_type":"article","og_title":"University - Temporada Alta","og_description":"We collaborate with the Degree in Performing Arts of the University of Girona, taught at the ERAM University...","og_url":"https:\/\/temporada-alta.com\/en\/university\/","og_site_name":"Temporada Alta","article_modified_time":"2025-08-06T08:20:30+00:00","twitter_card":"summary_large_image","schema":{"@context":"https:\/\/schema.org","@graph":[{"@type":"WebPage","@id":"https:\/\/temporada-alta.com\/en\/university\/","url":"https:\/\/temporada-alta.com\/en\/university\/","name":"University - Temporada Alta","isPartOf":{"@id":"https:\/\/temporada-alta.com\/en\/#website"},"datePublished":"2024-09-23T07:28:04+00:00","dateModified":"2025-08-06T08:20:30+00:00","breadcrumb":{"@id":"https:\/\/temporada-alta.com\/en\/university\/#breadcrumb"},"inLanguage":"en-US","potentialAction":[{"@type":"ReadAction","target":["https:\/\/temporada-alta.com\/en\/university\/"]}]},{"@type":"BreadcrumbList","@id":"https:\/\/temporada-alta.com\/en\/university\/#breadcrumb","itemListElement":[{"@type":"ListItem","position":1,"name":"Inici","item":"https:\/\/temporada-alta.com\/en\/"},{"@type":"ListItem","position":2,"name":"University"}]},{"@type":"WebSite","@id":"https:\/\/temporada-alta.com\/en\/#website","url":"https:\/\/temporada-alta.com\/en\/","name":"Temporada Alta","description":"Festival d&#039;Arts Esc\u00e8niques","publisher":{"@id":"https:\/\/temporada-alta.com\/en\/#organization"},"potentialAction":[{"@type":"SearchAction","target":{"@type":"EntryPoint","urlTemplate":"https:\/\/temporada-alta.com\/en\/?s={search_term_string}"},"query-input":{"@type":"PropertyValueSpecification","valueRequired":true,"valueName":"search_term_string"}}],"inLanguage":"en-US"},{"@type":"Organization","@id":"https:\/\/temporada-alta.com\/en\/#organization","name":"Temporada Alta","url":"https:\/\/temporada-alta.com\/en\/","logo":{"@type":"ImageObject","inLanguage":"en-US","@id":"https:\/\/temporada-alta.com\/en\/#\/schema\/logo\/image\/","url":"https:\/\/temporada-alta.com\/wp-content\/uploads\/TA21-Logotip-pos.png","contentUrl":"https:\/\/temporada-alta.com\/wp-content\/uploads\/TA21-Logotip-pos.png","width":800,"height":267,"caption":"Temporada Alta"},"image":{"@id":"https:\/\/temporada-alta.com\/en\/#\/schema\/logo\/image\/"}}]}},"_links":{"self":[{"href":"https:\/\/temporada-alta.com\/en\/wp-json\/wp\/v2\/pages\/97295","targetHints":{"allow":["GET"]}}],"collection":[{"href":"https:\/\/temporada-alta.com\/en\/wp-json\/wp\/v2\/pages"}],"about":[{"href":"https:\/\/temporada-alta.com\/en\/wp-json\/wp\/v2\/types\/page"}],"author":[{"embeddable":true,"href":"https:\/\/temporada-alta.com\/en\/wp-json\/wp\/v2\/users\/35132"}],"replies":[{"embeddable":true,"href":"https:\/\/temporada-alta.com\/en\/wp-json\/wp\/v2\/comments?post=97295"}],"version-history":[{"count":4,"href":"https:\/\/temporada-alta.com\/en\/wp-json\/wp\/v2\/pages\/97295\/revisions"}],"predecessor-version":[{"id":103076,"href":"https:\/\/temporada-alta.com\/en\/wp-json\/wp\/v2\/pages\/97295\/revisions\/103076"}],"wp:attachment":[{"href":"https:\/\/temporada-alta.com\/en\/wp-json\/wp\/v2\/media?parent=97295"}],"curies":[{"name":"wp","href":"https:\/\/api.w.org\/{rel}","templated":true}]}}