{"id":97282,"date":"2024-09-20T13:26:11","date_gmt":"2024-09-20T11:26:11","guid":{"rendered":"https:\/\/temporada-alta.com\/?page_id=97282"},"modified":"2025-08-06T08:55:54","modified_gmt":"2025-08-06T06:55:54","slug":"fundacio-la-ciutat-invisible","status":"publish","type":"page","link":"https:\/\/temporada-alta.com\/en\/fundacio-la-ciutat-invisible\/","title":{"rendered":"Fundaci\u00f3 La Ciutat Invisible"},"content":{"rendered":"<div id=\"modal-ready\">\n<h2 class=\"wp-block-heading\"><strong>What is it?<\/strong><\/h2>\n\n\n\n<div class=\"wp-block-columns is-layout-flex wp-container-core-columns-is-layout-7abde1fe wp-block-columns-is-layout-flex\" style=\"padding-top:var(--wp--preset--spacing--40);padding-bottom:var(--wp--preset--spacing--40)\">\n<div class=\"wp-block-column is-layout-flow wp-block-column-is-layout-flow\" style=\"flex-basis:66.66%\">\n<figure class=\"wp-block-image size-full\"><a href=\"http:\/\/www.ciutatinvisible.org\/la-fundacio\/\" target=\"_blank\" rel=\"noopener\"><img loading=\"lazy\" decoding=\"async\" width=\"600\" height=\"354\" src=\"https:\/\/temporada-alta.com\/wp-content\/uploads\/logo-ciutatI.jpg\" alt=\"\" class=\"wp-image-3635\" srcset=\"https:\/\/temporada-alta.com\/wp-content\/uploads\/logo-ciutatI.jpg 600w, https:\/\/temporada-alta.com\/wp-content\/uploads\/logo-ciutatI-300x177.jpg 300w\" sizes=\"auto, (max-width: 600px) 100vw, 600px\" \/><\/a><\/figure>\n<\/div>\n\n\n\n<div class=\"wp-block-column is-layout-flow wp-block-column-is-layout-flow\" style=\"flex-basis:33.33%\"><\/div>\n<\/div>\n\n\n\n<p>The Fundaci\u00f3 La Ciutat Invisible is a foundation promoted by Bit\u00f2 that was established in 2013 with the aim of promoting the cultural vitality of the territory and multiplying the points of contact between cultural agents, the business sector and citizens. It promotes debates, research, educational programs and cultural management projects based on the transversality of culture, cultural rights and the educational capacity of the arts. La Ciutat Invisible promotes actions linked to cultural projects such as temporada alta or the Teatro de Salt, in the latter case emphasizing the promotion of social and educational programs to bring the performing arts closer to young people and people at risk of exclusion. With the aim of becoming a crystallizer of all those energies that are mobilized around the performing arts and culture in Girona, La Ciutat Invisible has placed one of its focuses on temporada alta as a prominent reference.<\/p>\n\n\n\n<h2 class=\"wp-block-heading\"><strong><strong>What relationship does it have with Temporada Alta?<\/strong><\/strong><\/h2>\n\n\n\n<div class=\"wp-block-columns has-black-background-color has-background is-layout-flex wp-container-core-columns-is-layout-a54e0cfc wp-block-columns-is-layout-flex\" style=\"padding-top:var(--wp--preset--spacing--60);padding-bottom:var(--wp--preset--spacing--60)\">\n<div class=\"wp-block-column is-vertically-aligned-center is-layout-flow wp-block-column-is-layout-flow\">\n<figure class=\"wp-block-image size-full\"><img loading=\"lazy\" decoding=\"async\" width=\"600\" height=\"354\" src=\"https:\/\/temporada-alta.com\/wp-content\/uploads\/relacioTA.jpg\" alt=\"\" class=\"wp-image-3588\" srcset=\"https:\/\/temporada-alta.com\/wp-content\/uploads\/relacioTA.jpg 600w, https:\/\/temporada-alta.com\/wp-content\/uploads\/relacioTA-300x177.jpg 300w\" sizes=\"auto, (max-width: 600px) 100vw, 600px\" \/><\/figure>\n<\/div>\n\n\n\n<div class=\"wp-block-column is-vertically-aligned-center is-layout-flow wp-block-column-is-layout-flow\">\n<p class=\"has-white-color has-text-color has-link-color wp-elements-92e1bfe530876798b71944da30a31768\">The Fundaci\u00f3 La Ciutat Invisible and Temporada Alta are joining forces with our sights set on a new paradigm: the Europe of cities, the Europe of culture. We are looking for new ways of managing culture to make it accessible to everyone and guarantee the right of citizens to take part in cultural life. We want the Festival to also be a space for reflection on the performing arts, the creation of new audiences and the relationship between culture, citizenship and education. We have collaborated for years to consolidate Temporada Alta as a reference festival in southern Europe and to position the region as a theatrical centre and generator of culture.<\/p>\n<\/div>\n<\/div>\n\n\n\n<h2 class=\"wp-block-heading\"><strong><h2><strong>What are the lines of action with Temporada Alta&#8217;s festival?<\/strong><\/h2><\/strong><\/h2>\n\n\n\n<div class=\"wp-block-columns is-layout-flex wp-container-core-columns-is-layout-7abde1fe wp-block-columns-is-layout-flex\" style=\"padding-top:var(--wp--preset--spacing--40);padding-bottom:var(--wp--preset--spacing--40)\">\n<div class=\"wp-block-column is-vertically-aligned-center is-layout-flow wp-block-column-is-layout-flow\">\n<h3 class=\"wp-block-heading\">A Tempo, Arts i Formaci\u00f3&nbsp;<\/h3>\n\n\n\n<p>It is a project dedicated to strengthening relations between the cultural and educational worlds, to generating and promoting spaces for interaction between students, education professionals and professionals in the arts and culture.<br>Promoted jointly by the Fundaci\u00f3 La Ciutat Invisible and Temporada Alta, with the support of the Fundaci\u00f3n Banco de Sabadell and the collaboration of ConArte Internacional, its objectives are to facilitate young people&#8217;s access to culture, link artistic activity to social transformation, promote exchange between professionals in the arts and education, implement artistic education in contexts of cultural diversity and promote artistic education for social cohesion.<br>A Tempo, Arts y Formaci\u00f3 is structured around a programme of activities aimed at young people or led by young people. We bring educational centres closer to arts professionals, we integrate culture into educational projects. We promote the transfer between culture and education. At Temporada Alta we want to strengthen the commitment to education and make it one of the axes of the Festival.<\/p>\n\n\n\n<div class=\"wp-block-buttons is-content-justification-center is-layout-flex wp-container-core-buttons-is-layout-563154ed wp-block-buttons-is-layout-flex\" style=\"margin-top:0;margin-bottom:0\">\n<div class=\"wp-block-button\"><a class=\"wp-block-button__link has-dark-gray-color has-white-background-color has-text-color has-background has-link-color wp-element-button\" href=\"https:\/\/www.ciutatinvisible.org\/projectes\/atempo\/\" style=\"border-width:1px\" target=\"_blank\" rel=\"noreferrer noopener\">More information<\/a><\/div>\n<\/div>\n<\/div>\n\n\n\n<div class=\"wp-block-column is-vertically-aligned-center is-layout-flow wp-block-column-is-layout-flow\">\n<figure class=\"wp-block-image size-full\"><img loading=\"lazy\" decoding=\"async\" width=\"600\" height=\"354\" src=\"https:\/\/temporada-alta.com\/wp-content\/uploads\/atempoartistesalaula.jpg\" alt=\"Fotografia cedida per ConArte\" class=\"wp-image-3555\" srcset=\"https:\/\/temporada-alta.com\/wp-content\/uploads\/atempoartistesalaula.jpg 600w, https:\/\/temporada-alta.com\/wp-content\/uploads\/atempoartistesalaula-300x177.jpg 300w\" sizes=\"auto, (max-width: 600px) 100vw, 600px\" \/><\/figure>\n<\/div>\n<\/div>\n\n\n\n<div class=\"wp-block-columns is-layout-flex wp-container-core-columns-is-layout-7abde1fe wp-block-columns-is-layout-flex\" style=\"padding-top:var(--wp--preset--spacing--40);padding-bottom:var(--wp--preset--spacing--40)\">\n<div class=\"wp-block-column is-vertically-aligned-center is-layout-flow wp-block-column-is-layout-flow\">\n<figure class=\"wp-block-image size-full\"><img loading=\"lazy\" decoding=\"async\" width=\"1000\" height=\"500\" src=\"https:\/\/temporada-alta.com\/wp-content\/uploads\/club.jpg\" alt=\"\" class=\"wp-image-9980\" srcset=\"https:\/\/temporada-alta.com\/wp-content\/uploads\/club.jpg 1000w, https:\/\/temporada-alta.com\/wp-content\/uploads\/club-300x150.jpg 300w, https:\/\/temporada-alta.com\/wp-content\/uploads\/club-768x384.jpg 768w\" sizes=\"auto, (max-width: 1000px) 100vw, 1000px\" \/><\/figure>\n<\/div>\n\n\n\n<div class=\"wp-block-column is-vertically-aligned-center is-layout-flow wp-block-column-is-layout-flow\">\n<h3 class=\"wp-block-heading\">El Club de La Ciutat Invisible<\/h3>\n\n\n\n<p>El Club de La Ciutat Invisible is made up of a group of spectators interested in the performing arts and culture. In addition to enjoying information, benefits and exclusive proposals for theatre, music, dance, cinema, art and culture, the members of El Club de La Ciutat Invisible cease to be passive spectators and simple cultural consumers to become protagonists of a more participatory cultural model.<\/p>\n\n\n\n<div class=\"wp-block-buttons is-content-justification-center is-layout-flex wp-container-core-buttons-is-layout-a89b3969 wp-block-buttons-is-layout-flex\">\n<div class=\"wp-block-button\"><a class=\"wp-block-button__link has-dark-gray-color has-white-background-color has-text-color has-background has-link-color wp-element-button\" href=\"https:\/\/www.ciutatinvisible.org\/projectes\/el-club\/\" style=\"border-width:1px\" target=\"_blank\" rel=\"noreferrer noopener\">more information<\/a><\/div>\n<\/div>\n<\/div>\n<\/div>\n\n\n\n<div class=\"wp-block-columns is-layout-flex wp-container-core-columns-is-layout-7abde1fe wp-block-columns-is-layout-flex\" style=\"padding-top:var(--wp--preset--spacing--40);padding-bottom:var(--wp--preset--spacing--40)\">\n<div class=\"wp-block-column is-vertically-aligned-center is-layout-flow wp-block-column-is-layout-flow\">\n<h3 class=\"wp-block-heading\">Art\u00e8ria&nbsp;<\/h3>\n\n\n\n<p>Art\u00e8ria is a new collective from La Fundaci\u00f3 La Ciutat Invisible created to bring the performing arts closer to young people under 30, so that you can enjoy various advantages and activities specially designed for you. We want you to make the Festival your own, to tell us what you think, to get involved and to experience the programme and the activities surrounding it even more intensely. We want new blood in Temporada Alta.<\/p>\n\n\n\n<div class=\"wp-block-buttons is-content-justification-center is-layout-flex wp-container-core-buttons-is-layout-a89b3969 wp-block-buttons-is-layout-flex\">\n<div class=\"wp-block-button\"><a class=\"wp-block-button__link has-dark-gray-color has-white-background-color has-text-color has-background has-link-color wp-element-button\" href=\"https:\/\/www.ciutatinvisible.org\/projectes\/arteria\/\" style=\"border-width:1px\" target=\"_blank\" rel=\"noreferrer noopener\">MORE INFORMATION<\/a><\/div>\n<\/div>\n<\/div>\n\n\n\n<div class=\"wp-block-column is-vertically-aligned-center is-layout-flow wp-block-column-is-layout-flow\">\n<figure class=\"wp-block-image size-full\"><img loading=\"lazy\" decoding=\"async\" width=\"768\" height=\"384\" src=\"https:\/\/temporada-alta.com\/wp-content\/uploads\/arteriapngweb.png\" alt=\"\" class=\"wp-image-71087\" srcset=\"https:\/\/temporada-alta.com\/wp-content\/uploads\/arteriapngweb.png 768w, https:\/\/temporada-alta.com\/wp-content\/uploads\/arteriapngweb-630x315.png 630w\" sizes=\"auto, (max-width: 768px) 100vw, 768px\" \/><\/figure>\n<\/div>\n<\/div>\n\n\n\n<div class=\"wp-block-columns is-layout-flex wp-container-core-columns-is-layout-7abde1fe wp-block-columns-is-layout-flex\" style=\"padding-top:var(--wp--preset--spacing--40);padding-bottom:var(--wp--preset--spacing--40)\">\n<div class=\"wp-block-column is-vertically-aligned-center is-layout-flow wp-block-column-is-layout-flow\">\n<figure class=\"wp-block-image size-full\"><img loading=\"lazy\" decoding=\"async\" width=\"600\" height=\"354\" src=\"https:\/\/temporada-alta.com\/wp-content\/uploads\/espaidepensament.jpg\" alt=\"\" class=\"wp-image-3573\" srcset=\"https:\/\/temporada-alta.com\/wp-content\/uploads\/espaidepensament.jpg 600w, https:\/\/temporada-alta.com\/wp-content\/uploads\/espaidepensament-300x177.jpg 300w\" sizes=\"auto, (max-width: 600px) 100vw, 600px\" \/><\/figure>\n<\/div>\n\n\n\n<div class=\"wp-block-column is-vertically-aligned-center is-layout-flow wp-block-column-is-layout-flow\">\n<h3 class=\"wp-block-heading\">Espai de Pensament&nbsp;<\/h3>\n\n\n\n<p>The Espai de Pensament is the idea factory of La Ciutat Invisible. It is an organisation that aims to reflect on new forms of culture, on the future of cities as part of Europe or on the relationship between economy and citizenship. It is precisely in this space where already consolidated projects such as A Tempo or Gir 180\u00ba began to germinate.<\/p>\n\n\n\n<div class=\"wp-block-buttons is-content-justification-center is-layout-flex wp-container-core-buttons-is-layout-a89b3969 wp-block-buttons-is-layout-flex\">\n<div class=\"wp-block-button\"><a class=\"wp-block-button__link has-dark-gray-color has-white-background-color has-text-color has-background has-link-color wp-element-button\" href=\"https:\/\/www.ciutatinvisible.org\/projectes\/espai-de-pensament\/\" style=\"border-width:1px\" target=\"_blank\" rel=\"noreferrer noopener\">more information<\/a><\/div>\n<\/div>\n<\/div>\n<\/div>\n\n\n\n<div class=\"wp-block-columns are-vertically-aligned-center is-layout-flex wp-container-core-columns-is-layout-7abde1fe wp-block-columns-is-layout-flex\" style=\"padding-top:var(--wp--preset--spacing--40);padding-bottom:var(--wp--preset--spacing--40)\">\n<div class=\"wp-block-column is-vertically-aligned-center is-layout-flow wp-block-column-is-layout-flow\">\n<h3 class=\"wp-block-heading\">El Cercle de La Ciutat Invisible&nbsp;<\/h3>\n\n\n\n<p>The Cercle de La Ciutat Invisible is the meeting point between culture and the business sector. A tool to support the social and civic promotion of the Temporada Alta. The Cercle usually finances one of the top-level international shows of the temporada Alta. We also highlight that, as an initiative of the Butaques Socials Programme, the Cercle gives seats to entities and groups that work for the integration of people at risk of social exclusion.<\/p>\n\n\n\n<div class=\"wp-block-buttons is-content-justification-center is-layout-flex wp-container-core-buttons-is-layout-a89b3969 wp-block-buttons-is-layout-flex\">\n<div class=\"wp-block-button\"><a class=\"wp-block-button__link has-dark-gray-color has-white-background-color has-text-color has-background has-link-color wp-element-button\" href=\"https:\/\/www.ciutatinvisible.org\/projectes\/el-cercle\/\" style=\"border-width:1px\" target=\"_blank\" rel=\"noreferrer noopener\">more information<\/a><\/div>\n<\/div>\n<\/div>\n\n\n\n<div class=\"wp-block-column is-vertically-aligned-center is-layout-flow wp-block-column-is-layout-flow\">\n<figure class=\"wp-block-image size-full\"><img loading=\"lazy\" decoding=\"async\" width=\"600\" height=\"354\" src=\"https:\/\/temporada-alta.com\/wp-content\/uploads\/elcercle.jpg\" alt=\"\" class=\"wp-image-3564\" srcset=\"https:\/\/temporada-alta.com\/wp-content\/uploads\/elcercle.jpg 600w, https:\/\/temporada-alta.com\/wp-content\/uploads\/elcercle-300x177.jpg 300w\" sizes=\"auto, (max-width: 600px) 100vw, 600px\" \/><\/figure>\n<\/div>\n<\/div>\n<\/div>","protected":false},"excerpt":{"rendered":"<p>What is it? The Fundaci\u00f3 La Ciutat Invisible is a foundation promoted by Bit\u00f2 that was established in&#8230;<\/p>\n","protected":false},"author":35132,"featured_media":0,"parent":0,"menu_order":0,"comment_status":"closed","ping_status":"closed","template":"","meta":{"_acf_changed":false,"footnotes":""},"class_list":["post-97282","page","type-page","status-publish","hentry"],"acf":[],"yoast_head":"<!-- This site is optimized with the Yoast SEO plugin v27.0 - https:\/\/yoast.com\/product\/yoast-seo-wordpress\/ -->\n<title>Fundaci\u00f3 La Ciutat Invisible - Temporada Alta<\/title>\n<meta name=\"robots\" content=\"index, follow, max-snippet:-1, max-image-preview:large, max-video-preview:-1\" \/>\n<link rel=\"canonical\" href=\"https:\/\/temporada-alta.com\/en\/fundacio-la-ciutat-invisible\/\" \/>\n<meta property=\"og:locale\" content=\"en_US\" \/>\n<meta property=\"og:type\" content=\"article\" \/>\n<meta property=\"og:title\" content=\"Fundaci\u00f3 La Ciutat Invisible - Temporada Alta\" \/>\n<meta property=\"og:description\" content=\"What is it? The Fundaci\u00f3 La Ciutat Invisible is a foundation promoted by Bit\u00f2 that was established in...\" \/>\n<meta property=\"og:url\" content=\"https:\/\/temporada-alta.com\/en\/fundacio-la-ciutat-invisible\/\" \/>\n<meta property=\"og:site_name\" content=\"Temporada Alta\" \/>\n<meta property=\"article:modified_time\" content=\"2025-08-06T06:55:54+00:00\" \/>\n<meta property=\"og:image\" content=\"https:\/\/temporada-alta.com\/wp-content\/uploads\/logo-ciutatI.jpg\" \/>\n\t<meta property=\"og:image:width\" content=\"600\" \/>\n\t<meta property=\"og:image:height\" content=\"354\" \/>\n\t<meta property=\"og:image:type\" content=\"image\/jpeg\" \/>\n<meta name=\"twitter:card\" content=\"summary_large_image\" \/>\n<script type=\"application\/ld+json\" class=\"yoast-schema-graph\">{\"@context\":\"https:\/\/schema.org\",\"@graph\":[{\"@type\":\"WebPage\",\"@id\":\"https:\/\/temporada-alta.com\/en\/fundacio-la-ciutat-invisible\/\",\"url\":\"https:\/\/temporada-alta.com\/en\/fundacio-la-ciutat-invisible\/\",\"name\":\"Fundaci\u00f3 La Ciutat Invisible - Temporada Alta\",\"isPartOf\":{\"@id\":\"https:\/\/temporada-alta.com\/en\/#website\"},\"primaryImageOfPage\":{\"@id\":\"https:\/\/temporada-alta.com\/en\/fundacio-la-ciutat-invisible\/#primaryimage\"},\"image\":{\"@id\":\"https:\/\/temporada-alta.com\/en\/fundacio-la-ciutat-invisible\/#primaryimage\"},\"thumbnailUrl\":\"https:\/\/temporada-alta.com\/wp-content\/uploads\/logo-ciutatI.jpg\",\"datePublished\":\"2024-09-20T11:26:11+00:00\",\"dateModified\":\"2025-08-06T06:55:54+00:00\",\"breadcrumb\":{\"@id\":\"https:\/\/temporada-alta.com\/en\/fundacio-la-ciutat-invisible\/#breadcrumb\"},\"inLanguage\":\"en-US\",\"potentialAction\":[{\"@type\":\"ReadAction\",\"target\":[\"https:\/\/temporada-alta.com\/en\/fundacio-la-ciutat-invisible\/\"]}]},{\"@type\":\"ImageObject\",\"inLanguage\":\"en-US\",\"@id\":\"https:\/\/temporada-alta.com\/en\/fundacio-la-ciutat-invisible\/#primaryimage\",\"url\":\"https:\/\/temporada-alta.com\/wp-content\/uploads\/logo-ciutatI.jpg\",\"contentUrl\":\"https:\/\/temporada-alta.com\/wp-content\/uploads\/logo-ciutatI.jpg\"},{\"@type\":\"BreadcrumbList\",\"@id\":\"https:\/\/temporada-alta.com\/en\/fundacio-la-ciutat-invisible\/#breadcrumb\",\"itemListElement\":[{\"@type\":\"ListItem\",\"position\":1,\"name\":\"Inici\",\"item\":\"https:\/\/temporada-alta.com\/en\/\"},{\"@type\":\"ListItem\",\"position\":2,\"name\":\"Fundaci\u00f3 La Ciutat Invisible\"}]},{\"@type\":\"WebSite\",\"@id\":\"https:\/\/temporada-alta.com\/en\/#website\",\"url\":\"https:\/\/temporada-alta.com\/en\/\",\"name\":\"Temporada Alta\",\"description\":\"Festival d&#039;Arts Esc\u00e8niques\",\"publisher\":{\"@id\":\"https:\/\/temporada-alta.com\/en\/#organization\"},\"potentialAction\":[{\"@type\":\"SearchAction\",\"target\":{\"@type\":\"EntryPoint\",\"urlTemplate\":\"https:\/\/temporada-alta.com\/en\/?s={search_term_string}\"},\"query-input\":{\"@type\":\"PropertyValueSpecification\",\"valueRequired\":true,\"valueName\":\"search_term_string\"}}],\"inLanguage\":\"en-US\"},{\"@type\":\"Organization\",\"@id\":\"https:\/\/temporada-alta.com\/en\/#organization\",\"name\":\"Temporada Alta\",\"url\":\"https:\/\/temporada-alta.com\/en\/\",\"logo\":{\"@type\":\"ImageObject\",\"inLanguage\":\"en-US\",\"@id\":\"https:\/\/temporada-alta.com\/en\/#\/schema\/logo\/image\/\",\"url\":\"https:\/\/temporada-alta.com\/wp-content\/uploads\/TA21-Logotip-pos.png\",\"contentUrl\":\"https:\/\/temporada-alta.com\/wp-content\/uploads\/TA21-Logotip-pos.png\",\"width\":800,\"height\":267,\"caption\":\"Temporada Alta\"},\"image\":{\"@id\":\"https:\/\/temporada-alta.com\/en\/#\/schema\/logo\/image\/\"}}]}<\/script>\n<!-- \/ Yoast SEO plugin. -->","yoast_head_json":{"title":"Fundaci\u00f3 La Ciutat Invisible - Temporada Alta","robots":{"index":"index","follow":"follow","max-snippet":"max-snippet:-1","max-image-preview":"max-image-preview:large","max-video-preview":"max-video-preview:-1"},"canonical":"https:\/\/temporada-alta.com\/en\/fundacio-la-ciutat-invisible\/","og_locale":"en_US","og_type":"article","og_title":"Fundaci\u00f3 La Ciutat Invisible - Temporada Alta","og_description":"What is it? The Fundaci\u00f3 La Ciutat Invisible is a foundation promoted by Bit\u00f2 that was established in...","og_url":"https:\/\/temporada-alta.com\/en\/fundacio-la-ciutat-invisible\/","og_site_name":"Temporada Alta","article_modified_time":"2025-08-06T06:55:54+00:00","og_image":[{"width":600,"height":354,"url":"https:\/\/temporada-alta.com\/wp-content\/uploads\/logo-ciutatI.jpg","type":"image\/jpeg"}],"twitter_card":"summary_large_image","schema":{"@context":"https:\/\/schema.org","@graph":[{"@type":"WebPage","@id":"https:\/\/temporada-alta.com\/en\/fundacio-la-ciutat-invisible\/","url":"https:\/\/temporada-alta.com\/en\/fundacio-la-ciutat-invisible\/","name":"Fundaci\u00f3 La Ciutat Invisible - Temporada Alta","isPartOf":{"@id":"https:\/\/temporada-alta.com\/en\/#website"},"primaryImageOfPage":{"@id":"https:\/\/temporada-alta.com\/en\/fundacio-la-ciutat-invisible\/#primaryimage"},"image":{"@id":"https:\/\/temporada-alta.com\/en\/fundacio-la-ciutat-invisible\/#primaryimage"},"thumbnailUrl":"https:\/\/temporada-alta.com\/wp-content\/uploads\/logo-ciutatI.jpg","datePublished":"2024-09-20T11:26:11+00:00","dateModified":"2025-08-06T06:55:54+00:00","breadcrumb":{"@id":"https:\/\/temporada-alta.com\/en\/fundacio-la-ciutat-invisible\/#breadcrumb"},"inLanguage":"en-US","potentialAction":[{"@type":"ReadAction","target":["https:\/\/temporada-alta.com\/en\/fundacio-la-ciutat-invisible\/"]}]},{"@type":"ImageObject","inLanguage":"en-US","@id":"https:\/\/temporada-alta.com\/en\/fundacio-la-ciutat-invisible\/#primaryimage","url":"https:\/\/temporada-alta.com\/wp-content\/uploads\/logo-ciutatI.jpg","contentUrl":"https:\/\/temporada-alta.com\/wp-content\/uploads\/logo-ciutatI.jpg"},{"@type":"BreadcrumbList","@id":"https:\/\/temporada-alta.com\/en\/fundacio-la-ciutat-invisible\/#breadcrumb","itemListElement":[{"@type":"ListItem","position":1,"name":"Inici","item":"https:\/\/temporada-alta.com\/en\/"},{"@type":"ListItem","position":2,"name":"Fundaci\u00f3 La Ciutat Invisible"}]},{"@type":"WebSite","@id":"https:\/\/temporada-alta.com\/en\/#website","url":"https:\/\/temporada-alta.com\/en\/","name":"Temporada Alta","description":"Festival d&#039;Arts Esc\u00e8niques","publisher":{"@id":"https:\/\/temporada-alta.com\/en\/#organization"},"potentialAction":[{"@type":"SearchAction","target":{"@type":"EntryPoint","urlTemplate":"https:\/\/temporada-alta.com\/en\/?s={search_term_string}"},"query-input":{"@type":"PropertyValueSpecification","valueRequired":true,"valueName":"search_term_string"}}],"inLanguage":"en-US"},{"@type":"Organization","@id":"https:\/\/temporada-alta.com\/en\/#organization","name":"Temporada Alta","url":"https:\/\/temporada-alta.com\/en\/","logo":{"@type":"ImageObject","inLanguage":"en-US","@id":"https:\/\/temporada-alta.com\/en\/#\/schema\/logo\/image\/","url":"https:\/\/temporada-alta.com\/wp-content\/uploads\/TA21-Logotip-pos.png","contentUrl":"https:\/\/temporada-alta.com\/wp-content\/uploads\/TA21-Logotip-pos.png","width":800,"height":267,"caption":"Temporada Alta"},"image":{"@id":"https:\/\/temporada-alta.com\/en\/#\/schema\/logo\/image\/"}}]}},"_links":{"self":[{"href":"https:\/\/temporada-alta.com\/en\/wp-json\/wp\/v2\/pages\/97282","targetHints":{"allow":["GET"]}}],"collection":[{"href":"https:\/\/temporada-alta.com\/en\/wp-json\/wp\/v2\/pages"}],"about":[{"href":"https:\/\/temporada-alta.com\/en\/wp-json\/wp\/v2\/types\/page"}],"author":[{"embeddable":true,"href":"https:\/\/temporada-alta.com\/en\/wp-json\/wp\/v2\/users\/35132"}],"replies":[{"embeddable":true,"href":"https:\/\/temporada-alta.com\/en\/wp-json\/wp\/v2\/comments?post=97282"}],"version-history":[{"count":4,"href":"https:\/\/temporada-alta.com\/en\/wp-json\/wp\/v2\/pages\/97282\/revisions"}],"predecessor-version":[{"id":103034,"href":"https:\/\/temporada-alta.com\/en\/wp-json\/wp\/v2\/pages\/97282\/revisions\/103034"}],"wp:attachment":[{"href":"https:\/\/temporada-alta.com\/en\/wp-json\/wp\/v2\/media?parent=97282"}],"curies":[{"name":"wp","href":"https:\/\/api.w.org\/{rel}","templated":true}]}}