{"id":118788,"date":"2026-04-29T09:55:07","date_gmt":"2026-04-29T07:55:07","guid":{"rendered":"https:\/\/temporada-alta.com\/?page_id=118788"},"modified":"2026-05-09T20:59:15","modified_gmt":"2026-05-09T18:59:15","slug":"audiovisual-projects","status":"publish","type":"page","link":"https:\/\/temporada-alta.com\/en\/audiovisual-projects\/","title":{"rendered":"Audiovisual projects"},"content":{"rendered":"\n<div class=\"wp-block-columns is-layout-flex wp-container-core-columns-is-layout-28f84493 wp-block-columns-is-layout-flex\">\n<div class=\"wp-block-column is-layout-flow wp-block-column-is-layout-flow\">\n<figure class=\"wp-block-image size-medium is-resized\"><img loading=\"lazy\" decoding=\"async\" width=\"630\" height=\"225\" src=\"https:\/\/temporada-alta.com\/wp-content\/uploads\/\/Logo_La-Caverna_negre-630x225.png\" alt=\"\" class=\"wp-image-118760\" style=\"width:400px\" srcset=\"https:\/\/temporada-alta.com\/wp-content\/uploads\/Logo_La-Caverna_negre-630x225.png 630w, https:\/\/temporada-alta.com\/wp-content\/uploads\/Logo_La-Caverna_negre-1200x430.png 1200w, https:\/\/temporada-alta.com\/wp-content\/uploads\/Logo_La-Caverna_negre-768x275.png 768w, https:\/\/temporada-alta.com\/wp-content\/uploads\/Logo_La-Caverna_negre-1536x550.png 1536w, https:\/\/temporada-alta.com\/wp-content\/uploads\/Logo_La-Caverna_negre-2048x733.png 2048w\" sizes=\"auto, (max-width: 630px) 100vw, 630px\" \/><\/figure>\n\n\n\n<p><em>La Caverna<\/em>\u00a0is the audiovisual project of Temporada Alta and Fundaci\u00f3 La Ciutat Invisible, with the collaboration of La Caixa Foundation. The proposal is a series of conversations between great directors and creators of the European scene who have passed through the festival with personalities from the world of culture chosen by themselves.<\/p>\n\n\n\n<p>The series seeks to delve deeper into the creative process of these figures, their vision of the scene and review their careers. The performing arts are an ephemeral art. For this reason, Temporada Alta and Fundaci\u00f3 La Ciutat Invisible, with initiatives like this, seek to leave an audiovisual memory of the most important creators who mark the contemporary theater scene.<\/p>\n\n\n\n<div class=\"wp-block-buttons is-horizontal is-content-justification-center is-layout-flex wp-container-core-buttons-is-layout-03627597 wp-block-buttons-is-layout-flex\">\n<div class=\"wp-block-button\"><a class=\"wp-block-button__link wp-element-button\" href=\"https:\/\/temporada-alta.com\/en\/la-caverna\/\">LA CAVERNA<\/a><\/div>\n<\/div>\n<\/div>\n\n\n\n<div class=\"wp-block-column is-vertically-aligned-center is-layout-flow wp-block-column-is-layout-flow\">\n<figure class=\"wp-block-embed is-type-video is-provider-youtube wp-block-embed-youtube wp-embed-aspect-16-9 wp-has-aspect-ratio\"><div class=\"wp-block-embed__wrapper\">\n<iframe loading=\"lazy\" title=\"Tr\u00e0iler de LA CAVERNA - Temporada 1\" width=\"500\" height=\"281\" src=\"https:\/\/www.youtube.com\/embed\/Sc2w3LGLmEs?feature=oembed&#038;enablejsapi=1&#038;origin=https:\/\/temporada-alta.com\" frameborder=\"0\" allow=\"accelerometer; autoplay; clipboard-write; encrypted-media; gyroscope; picture-in-picture; web-share\" referrerpolicy=\"strict-origin-when-cross-origin\" allowfullscreen><\/iframe>\n<\/div><\/figure>\n<\/div>\n<\/div>\n\n\n\n<div class=\"wp-block-columns is-layout-flex wp-container-core-columns-is-layout-28f84493 wp-block-columns-is-layout-flex\">\n<div class=\"wp-block-column is-vertically-aligned-center is-layout-flow wp-block-column-is-layout-flow\">\n<figure class=\"wp-block-image size-large\"><img loading=\"lazy\" decoding=\"async\" width=\"1200\" height=\"675\" src=\"https:\/\/temporada-alta.com\/wp-content\/uploads\/\/ANEUC_H_N-1200x675.jpg\" alt=\"\" class=\"wp-image-118772\" srcset=\"https:\/\/temporada-alta.com\/wp-content\/uploads\/ANEUC_H_N-1200x675.jpg 1200w, https:\/\/temporada-alta.com\/wp-content\/uploads\/ANEUC_H_N-630x354.jpg 630w, https:\/\/temporada-alta.com\/wp-content\/uploads\/ANEUC_H_N-768x432.jpg 768w, https:\/\/temporada-alta.com\/wp-content\/uploads\/ANEUC_H_N-1536x864.jpg 1536w, https:\/\/temporada-alta.com\/wp-content\/uploads\/ANEUC_H_N-2048x1152.jpg 2048w\" sizes=\"auto, (max-width: 1200px) 100vw, 1200px\" \/><\/figure>\n<\/div>\n\n\n\n<div class=\"wp-block-column is-layout-flow wp-block-column-is-layout-flow\">\n<figure class=\"wp-block-image alignright size-medium is-resized\"><img loading=\"lazy\" decoding=\"async\" width=\"630\" height=\"186\" src=\"https:\/\/temporada-alta.com\/wp-content\/uploads\/\/Logo_ANEUC_negre-630x186.png\" alt=\"\" class=\"wp-image-118766\" style=\"width:400px\" srcset=\"https:\/\/temporada-alta.com\/wp-content\/uploads\/Logo_ANEUC_negre-630x186.png 630w, https:\/\/temporada-alta.com\/wp-content\/uploads\/Logo_ANEUC_negre-1200x353.png 1200w, https:\/\/temporada-alta.com\/wp-content\/uploads\/Logo_ANEUC_negre-768x226.png 768w, https:\/\/temporada-alta.com\/wp-content\/uploads\/Logo_ANEUC_negre-1536x452.png 1536w, https:\/\/temporada-alta.com\/wp-content\/uploads\/Logo_ANEUC_negre.png 1674w\" sizes=\"auto, (max-width: 630px) 100vw, 630px\" \/><\/figure>\n\n\n\n<div style=\"height:1px\" aria-hidden=\"true\" class=\"wp-block-spacer\"><\/div>\n\n\n\n<p class=\"has-text-align-left\"><em>Aix\u00f2 no \u00e9s un c\u00e0sting<\/em>\u00a0is Temporada Alta\u2019s podcast in Catalan, in collaboration with Radio Primavera Sound and sponsored by Parlem. Presented by journalist Paula Carreras and actor Marc Tarrida Aribau, the programme invites people involved in the performing arts to talk, without too many filters, about everything that happens on stage and also what goes on behind the scenes.<\/p>\n\n\n\n<p class=\"has-text-align-left\">The series aims to bring the performing arts closer to the public in an informal, direct and accessible way. In each episode, the podcast addresses a different topic \u2014from comedy to family theatre, from autofiction to theatre criticism, from new companies to the decision of leaving the profession\u2014 with guests who bring their experience, their own perspective and a willingness to speak.<\/p>\n\n\n\n<div class=\"wp-block-buttons is-horizontal is-content-justification-center is-layout-flex wp-container-core-buttons-is-layout-03627597 wp-block-buttons-is-layout-flex\">\n<div class=\"wp-block-button\"><a class=\"wp-block-button__link wp-element-button\" href=\"https:\/\/temporada-alta.com\/en\/podcast-aixo-no-es-un-casting\/\">AIX\u00d2 NO \u00c9S UN C\u00c0STING<\/a><\/div>\n<\/div>\n<\/div>\n<\/div>\n\n\n\n<div class=\"wp-block-columns is-layout-flex wp-container-core-columns-is-layout-28f84493 wp-block-columns-is-layout-flex\">\n<div class=\"wp-block-column is-layout-flow wp-block-column-is-layout-flow\">\n<h2 class=\"wp-block-heading\">Temporada Alta\u2019s short films<\/h2>\n\n\n\n<p class=\"has-text-align-left\">The short films and spots of Temporada Alta are another way of introducing the festival, beyond the programme of shows. For many years, these small audiovisual pieces have served to present each edition from a fresh perspective, often using a cinematic format to play with humour, surprise or metaphor in order to talk about theatre and everything that surrounds it.<\/p>\n\n\n\n<p>They are short stories that have helped build the festival\u2019s imaginary world and engage very different audiences.<\/p>\n\n\n\n<p>Through these pieces, we have also used audiovisual language to talk about the performing arts in an original and creative way; and for more than a decade they have acted as a starting point for the festival, generating a shared imaginary made up of characters, images and sensations.<\/p>\n\n\n\n<div class=\"wp-block-buttons is-horizontal is-content-justification-center is-layout-flex wp-container-core-buttons-is-layout-03627597 wp-block-buttons-is-layout-flex\">\n<div class=\"wp-block-button\"><a class=\"wp-block-button__link wp-element-button\" href=\"https:\/\/youtube.com\/playlist?list=PLvWy5_y38U6yGR5zkebR4umGWgwG8kETf&amp;si=iiICp9KHI7cin8EM\" target=\"_blank\" rel=\"noreferrer noopener\">Temporada Alta\u2019s shortfilms<\/a><\/div>\n<\/div>\n<\/div>\n\n\n\n<div class=\"wp-block-column is-vertically-aligned-center is-layout-flow wp-block-column-is-layout-flow\">\n<figure class=\"wp-block-image size-large\"><img loading=\"lazy\" decoding=\"async\" width=\"1200\" height=\"675\" src=\"https:\/\/temporada-alta.com\/wp-content\/uploads\/\/Projectes-audiovisuals-curts-1200x675.jpg\" alt=\"\" class=\"wp-image-119214\" srcset=\"https:\/\/temporada-alta.com\/wp-content\/uploads\/Projectes-audiovisuals-curts-1200x675.jpg 1200w, https:\/\/temporada-alta.com\/wp-content\/uploads\/Projectes-audiovisuals-curts-630x354.jpg 630w, https:\/\/temporada-alta.com\/wp-content\/uploads\/Projectes-audiovisuals-curts-768x432.jpg 768w, https:\/\/temporada-alta.com\/wp-content\/uploads\/Projectes-audiovisuals-curts-1536x864.jpg 1536w, https:\/\/temporada-alta.com\/wp-content\/uploads\/Projectes-audiovisuals-curts.jpg 1920w\" sizes=\"auto, (max-width: 1200px) 100vw, 1200px\" \/><\/figure>\n<\/div>\n<\/div>\n","protected":false},"excerpt":{"rendered":"<p>La Caverna\u00a0is the audiovisual project of Temporada Alta and Fundaci\u00f3 La Ciutat Invisible, with the collaboration of La&#8230;<\/p>\n","protected":false},"author":11736,"featured_media":0,"parent":0,"menu_order":0,"comment_status":"closed","ping_status":"closed","template":"","meta":{"_acf_changed":false,"inline_featured_image":false,"footnotes":""},"class_list":["post-118788","page","type-page","status-publish","hentry"],"acf":[],"yoast_head":"<!-- This site is optimized with the Yoast SEO plugin v27.5 - https:\/\/yoast.com\/product\/yoast-seo-wordpress\/ -->\n<title>Audiovisual projects - Temporada Alta<\/title>\n<meta name=\"robots\" content=\"index, follow, max-snippet:-1, max-image-preview:large, max-video-preview:-1\" \/>\n<link rel=\"canonical\" href=\"https:\/\/temporada-alta.com\/en\/audiovisual-projects\/\" \/>\n<meta property=\"og:locale\" content=\"en_US\" \/>\n<meta property=\"og:type\" content=\"article\" \/>\n<meta property=\"og:title\" content=\"Audiovisual projects - Temporada Alta\" \/>\n<meta property=\"og:description\" content=\"La Caverna\u00a0is the audiovisual project of Temporada Alta and Fundaci\u00f3 La Ciutat Invisible, with the collaboration of La...\" \/>\n<meta property=\"og:url\" content=\"https:\/\/temporada-alta.com\/en\/audiovisual-projects\/\" \/>\n<meta property=\"og:site_name\" content=\"Temporada Alta\" \/>\n<meta property=\"article:modified_time\" content=\"2026-05-09T18:59:15+00:00\" \/>\n<meta property=\"og:image\" content=\"https:\/\/temporada-alta.com\/wp-content\/uploads\/Logo_La-Caverna_negre.png\" \/>\n\t<meta property=\"og:image:width\" content=\"2196\" \/>\n\t<meta property=\"og:image:height\" content=\"786\" \/>\n\t<meta property=\"og:image:type\" content=\"image\/png\" \/>\n<meta name=\"twitter:card\" content=\"summary_large_image\" \/>\n<script type=\"application\/ld+json\" class=\"yoast-schema-graph\">{\"@context\":\"https:\\\/\\\/schema.org\",\"@graph\":[{\"@type\":\"WebPage\",\"@id\":\"https:\\\/\\\/temporada-alta.com\\\/en\\\/audiovisual-projects\\\/\",\"url\":\"https:\\\/\\\/temporada-alta.com\\\/en\\\/audiovisual-projects\\\/\",\"name\":\"Audiovisual projects - Temporada Alta\",\"isPartOf\":{\"@id\":\"https:\\\/\\\/temporada-alta.com\\\/en\\\/#website\"},\"primaryImageOfPage\":{\"@id\":\"https:\\\/\\\/temporada-alta.com\\\/en\\\/audiovisual-projects\\\/#primaryimage\"},\"image\":{\"@id\":\"https:\\\/\\\/temporada-alta.com\\\/en\\\/audiovisual-projects\\\/#primaryimage\"},\"thumbnailUrl\":\"https:\\\/\\\/temporada-alta.com\\\/wp-content\\\/uploads\\\/\\\/Logo_La-Caverna_negre-630x225.png\",\"datePublished\":\"2026-04-29T07:55:07+00:00\",\"dateModified\":\"2026-05-09T18:59:15+00:00\",\"breadcrumb\":{\"@id\":\"https:\\\/\\\/temporada-alta.com\\\/en\\\/audiovisual-projects\\\/#breadcrumb\"},\"inLanguage\":\"en-US\",\"potentialAction\":[{\"@type\":\"ReadAction\",\"target\":[\"https:\\\/\\\/temporada-alta.com\\\/en\\\/audiovisual-projects\\\/\"]}]},{\"@type\":\"ImageObject\",\"inLanguage\":\"en-US\",\"@id\":\"https:\\\/\\\/temporada-alta.com\\\/en\\\/audiovisual-projects\\\/#primaryimage\",\"url\":\"https:\\\/\\\/temporada-alta.com\\\/wp-content\\\/uploads\\\/\\\/Logo_La-Caverna_negre-630x225.png\",\"contentUrl\":\"https:\\\/\\\/temporada-alta.com\\\/wp-content\\\/uploads\\\/\\\/Logo_La-Caverna_negre-630x225.png\"},{\"@type\":\"BreadcrumbList\",\"@id\":\"https:\\\/\\\/temporada-alta.com\\\/en\\\/audiovisual-projects\\\/#breadcrumb\",\"itemListElement\":[{\"@type\":\"ListItem\",\"position\":1,\"name\":\"Inici\",\"item\":\"https:\\\/\\\/temporada-alta.com\\\/en\\\/\"},{\"@type\":\"ListItem\",\"position\":2,\"name\":\"Audiovisual projects\"}]},{\"@type\":\"WebSite\",\"@id\":\"https:\\\/\\\/temporada-alta.com\\\/en\\\/#website\",\"url\":\"https:\\\/\\\/temporada-alta.com\\\/en\\\/\",\"name\":\"Temporada Alta\",\"description\":\"Festival d&#039;Arts Esc\u00e8niques\",\"publisher\":{\"@id\":\"https:\\\/\\\/temporada-alta.com\\\/en\\\/#organization\"},\"potentialAction\":[{\"@type\":\"SearchAction\",\"target\":{\"@type\":\"EntryPoint\",\"urlTemplate\":\"https:\\\/\\\/temporada-alta.com\\\/en\\\/?s={search_term_string}\"},\"query-input\":{\"@type\":\"PropertyValueSpecification\",\"valueRequired\":true,\"valueName\":\"search_term_string\"}}],\"inLanguage\":\"en-US\"},{\"@type\":\"Organization\",\"@id\":\"https:\\\/\\\/temporada-alta.com\\\/en\\\/#organization\",\"name\":\"Temporada Alta\",\"url\":\"https:\\\/\\\/temporada-alta.com\\\/en\\\/\",\"logo\":{\"@type\":\"ImageObject\",\"inLanguage\":\"en-US\",\"@id\":\"https:\\\/\\\/temporada-alta.com\\\/en\\\/#\\\/schema\\\/logo\\\/image\\\/\",\"url\":\"https:\\\/\\\/temporada-alta.com\\\/wp-content\\\/uploads\\\/TA21-Logotip-pos.png\",\"contentUrl\":\"https:\\\/\\\/temporada-alta.com\\\/wp-content\\\/uploads\\\/TA21-Logotip-pos.png\",\"width\":800,\"height\":267,\"caption\":\"Temporada Alta\"},\"image\":{\"@id\":\"https:\\\/\\\/temporada-alta.com\\\/en\\\/#\\\/schema\\\/logo\\\/image\\\/\"}}]}<\/script>\n<!-- \/ Yoast SEO plugin. -->","yoast_head_json":{"title":"Audiovisual projects - Temporada Alta","robots":{"index":"index","follow":"follow","max-snippet":"max-snippet:-1","max-image-preview":"max-image-preview:large","max-video-preview":"max-video-preview:-1"},"canonical":"https:\/\/temporada-alta.com\/en\/audiovisual-projects\/","og_locale":"en_US","og_type":"article","og_title":"Audiovisual projects - Temporada Alta","og_description":"La Caverna\u00a0is the audiovisual project of Temporada Alta and Fundaci\u00f3 La Ciutat Invisible, with the collaboration of La...","og_url":"https:\/\/temporada-alta.com\/en\/audiovisual-projects\/","og_site_name":"Temporada Alta","article_modified_time":"2026-05-09T18:59:15+00:00","og_image":[{"width":2196,"height":786,"url":"https:\/\/temporada-alta.com\/wp-content\/uploads\/Logo_La-Caverna_negre.png","type":"image\/png"}],"twitter_card":"summary_large_image","schema":{"@context":"https:\/\/schema.org","@graph":[{"@type":"WebPage","@id":"https:\/\/temporada-alta.com\/en\/audiovisual-projects\/","url":"https:\/\/temporada-alta.com\/en\/audiovisual-projects\/","name":"Audiovisual projects - Temporada Alta","isPartOf":{"@id":"https:\/\/temporada-alta.com\/en\/#website"},"primaryImageOfPage":{"@id":"https:\/\/temporada-alta.com\/en\/audiovisual-projects\/#primaryimage"},"image":{"@id":"https:\/\/temporada-alta.com\/en\/audiovisual-projects\/#primaryimage"},"thumbnailUrl":"https:\/\/temporada-alta.com\/wp-content\/uploads\/\/Logo_La-Caverna_negre-630x225.png","datePublished":"2026-04-29T07:55:07+00:00","dateModified":"2026-05-09T18:59:15+00:00","breadcrumb":{"@id":"https:\/\/temporada-alta.com\/en\/audiovisual-projects\/#breadcrumb"},"inLanguage":"en-US","potentialAction":[{"@type":"ReadAction","target":["https:\/\/temporada-alta.com\/en\/audiovisual-projects\/"]}]},{"@type":"ImageObject","inLanguage":"en-US","@id":"https:\/\/temporada-alta.com\/en\/audiovisual-projects\/#primaryimage","url":"https:\/\/temporada-alta.com\/wp-content\/uploads\/\/Logo_La-Caverna_negre-630x225.png","contentUrl":"https:\/\/temporada-alta.com\/wp-content\/uploads\/\/Logo_La-Caverna_negre-630x225.png"},{"@type":"BreadcrumbList","@id":"https:\/\/temporada-alta.com\/en\/audiovisual-projects\/#breadcrumb","itemListElement":[{"@type":"ListItem","position":1,"name":"Inici","item":"https:\/\/temporada-alta.com\/en\/"},{"@type":"ListItem","position":2,"name":"Audiovisual projects"}]},{"@type":"WebSite","@id":"https:\/\/temporada-alta.com\/en\/#website","url":"https:\/\/temporada-alta.com\/en\/","name":"Temporada Alta","description":"Festival d&#039;Arts Esc\u00e8niques","publisher":{"@id":"https:\/\/temporada-alta.com\/en\/#organization"},"potentialAction":[{"@type":"SearchAction","target":{"@type":"EntryPoint","urlTemplate":"https:\/\/temporada-alta.com\/en\/?s={search_term_string}"},"query-input":{"@type":"PropertyValueSpecification","valueRequired":true,"valueName":"search_term_string"}}],"inLanguage":"en-US"},{"@type":"Organization","@id":"https:\/\/temporada-alta.com\/en\/#organization","name":"Temporada Alta","url":"https:\/\/temporada-alta.com\/en\/","logo":{"@type":"ImageObject","inLanguage":"en-US","@id":"https:\/\/temporada-alta.com\/en\/#\/schema\/logo\/image\/","url":"https:\/\/temporada-alta.com\/wp-content\/uploads\/TA21-Logotip-pos.png","contentUrl":"https:\/\/temporada-alta.com\/wp-content\/uploads\/TA21-Logotip-pos.png","width":800,"height":267,"caption":"Temporada Alta"},"image":{"@id":"https:\/\/temporada-alta.com\/en\/#\/schema\/logo\/image\/"}}]}},"_links":{"self":[{"href":"https:\/\/temporada-alta.com\/en\/wp-json\/wp\/v2\/pages\/118788","targetHints":{"allow":["GET"]}}],"collection":[{"href":"https:\/\/temporada-alta.com\/en\/wp-json\/wp\/v2\/pages"}],"about":[{"href":"https:\/\/temporada-alta.com\/en\/wp-json\/wp\/v2\/types\/page"}],"author":[{"embeddable":true,"href":"https:\/\/temporada-alta.com\/en\/wp-json\/wp\/v2\/users\/11736"}],"replies":[{"embeddable":true,"href":"https:\/\/temporada-alta.com\/en\/wp-json\/wp\/v2\/comments?post=118788"}],"version-history":[{"count":5,"href":"https:\/\/temporada-alta.com\/en\/wp-json\/wp\/v2\/pages\/118788\/revisions"}],"predecessor-version":[{"id":119220,"href":"https:\/\/temporada-alta.com\/en\/wp-json\/wp\/v2\/pages\/118788\/revisions\/119220"}],"wp:attachment":[{"href":"https:\/\/temporada-alta.com\/en\/wp-json\/wp\/v2\/media?parent=118788"}],"curies":[{"name":"wp","href":"https:\/\/api.w.org\/{rel}","templated":true}]}}