{"id":118699,"date":"2026-04-15T12:19:34","date_gmt":"2026-04-15T10:19:34","guid":{"rendered":"https:\/\/temporada-alta.com\/?page_id=118699"},"modified":"2026-04-15T12:42:52","modified_gmt":"2026-04-15T10:42:52","slug":"prospero-new","status":"publish","type":"page","link":"https:\/\/temporada-alta.com\/en\/prospero-new\/","title":{"rendered":"Prospero NEW"},"content":{"rendered":"\n<figure class=\"wp-block-image size-full\"><img loading=\"lazy\" decoding=\"async\" width=\"1200\" height=\"500\" src=\"https:\/\/temporada-alta.com\/wp-content\/uploads\/cabosanroque-1.png\" alt=\"\" class=\"wp-image-118723\" srcset=\"https:\/\/temporada-alta.com\/wp-content\/uploads\/cabosanroque-1.png 1200w, https:\/\/temporada-alta.com\/wp-content\/uploads\/cabosanroque-1-630x263.png 630w, https:\/\/temporada-alta.com\/wp-content\/uploads\/cabosanroque-1-768x320.png 768w\" sizes=\"auto, (max-width: 1200px) 100vw, 1200px\" \/><figcaption class=\"wp-element-caption\"><em>cabosanroque<\/em><\/figcaption><\/figure>\n\n\n\n<p><strong><a href=\"https:\/\/www.prospero-theatre.eu\/project-prospero-new-european-wave\/\">Prospero New European Wave (Prospero NEW)<\/a><\/strong> is a European platform that supports theatre artists with international potential, especially emerging stage directors. With the participation of Temporada Alta, the project strengthens cooperation between European theatres and festivals in order to foster the creation, circulation and visibility of new performing arts talent.<\/p>\n\n\n\n<p><strong>A European network to support emerging creation<\/strong><\/p>\n\n\n\n<p>Coordinated by <strong>Th\u00e9\u00e2tre de Li\u00e8ge<\/strong>, Prospero NEW brings together <strong>19 members from 18 European countries<\/strong>. The project builds on the legacy of the Prospero network and expands its international dimension with the aim of identifying promising artists, supporting their development and helping them reach beyond their local or national contexts.<\/p>\n\n\n\n<p><strong>Support for artists, residencies and international circulation<\/strong><\/p>\n\n\n\n<p>Over four years, the platform develops different lines of action to support artists: <strong>paid international residencies, mentoring programmes, co-productions, presentation of performances, digital dissemination and professional networking opportunities<\/strong>. This support is designed to help artists who have already begun to build a solid career at national level but who still face difficulties in accessing international circuits.<\/p>\n\n\n\n<p><strong>Research and new challenges for European theatre<\/strong><\/p>\n\n\n\n<p>In addition to direct support for creation, Prospero NEW also encourages reflection on the future of the European performing arts through lines of work linked to <strong>sustainability<\/strong>, <strong>diversity<\/strong> and <strong>artists\u2019 working conditions<\/strong>. The project aims to contribute to a more connected, open European scene that is better prepared to face the cultural and social challenges of the years to come.<\/p>\n\n\n\n<figure class=\"wp-block-image size-full\"><img loading=\"lazy\" decoding=\"async\" width=\"1200\" height=\"172\" src=\"https:\/\/temporada-alta.com\/wp-content\/uploads\/prospero-blk-1024x172-1.png\" alt=\"\" class=\"wp-image-118729\" srcset=\"https:\/\/temporada-alta.com\/wp-content\/uploads\/prospero-blk-1024x172-1.png 1200w, https:\/\/temporada-alta.com\/wp-content\/uploads\/prospero-blk-1024x172-1-630x90.png 630w, https:\/\/temporada-alta.com\/wp-content\/uploads\/prospero-blk-1024x172-1-768x110.png 768w\" sizes=\"auto, (max-width: 1200px) 100vw, 1200px\" \/><\/figure>\n","protected":false},"excerpt":{"rendered":"<p>Prospero New European Wave (Prospero NEW) is a European platform that supports theatre artists with international potential, especially&#8230;<\/p>\n","protected":false},"author":9998,"featured_media":0,"parent":0,"menu_order":7,"comment_status":"closed","ping_status":"closed","template":"","meta":{"_acf_changed":false,"inline_featured_image":false,"footnotes":""},"class_list":["post-118699","page","type-page","status-publish","hentry"],"acf":[],"yoast_head":"<!-- This site is optimized with the Yoast SEO plugin v27.5 - https:\/\/yoast.com\/product\/yoast-seo-wordpress\/ -->\n<title>Prospero NEW - Temporada Alta<\/title>\n<meta name=\"robots\" content=\"index, follow, max-snippet:-1, max-image-preview:large, max-video-preview:-1\" \/>\n<link rel=\"canonical\" href=\"https:\/\/temporada-alta.com\/en\/prospero-new\/\" \/>\n<meta property=\"og:locale\" content=\"en_US\" \/>\n<meta property=\"og:type\" content=\"article\" \/>\n<meta property=\"og:title\" content=\"Prospero NEW - Temporada Alta\" \/>\n<meta property=\"og:description\" content=\"Prospero New European Wave (Prospero NEW) is a European platform that supports theatre artists with international potential, especially...\" \/>\n<meta property=\"og:url\" content=\"https:\/\/temporada-alta.com\/en\/prospero-new\/\" \/>\n<meta property=\"og:site_name\" content=\"Temporada Alta\" \/>\n<meta property=\"article:modified_time\" content=\"2026-04-15T10:42:52+00:00\" \/>\n<meta property=\"og:image\" content=\"https:\/\/temporada-alta.com\/wp-content\/uploads\/cabosanroque-1.png\" \/>\n\t<meta property=\"og:image:width\" content=\"1200\" \/>\n\t<meta property=\"og:image:height\" content=\"500\" \/>\n\t<meta property=\"og:image:type\" content=\"image\/png\" \/>\n<meta name=\"twitter:card\" content=\"summary_large_image\" \/>\n<script type=\"application\/ld+json\" class=\"yoast-schema-graph\">{\"@context\":\"https:\\\/\\\/schema.org\",\"@graph\":[{\"@type\":\"WebPage\",\"@id\":\"https:\\\/\\\/temporada-alta.com\\\/en\\\/prospero-new\\\/\",\"url\":\"https:\\\/\\\/temporada-alta.com\\\/en\\\/prospero-new\\\/\",\"name\":\"Prospero NEW - Temporada Alta\",\"isPartOf\":{\"@id\":\"https:\\\/\\\/temporada-alta.com\\\/en\\\/#website\"},\"primaryImageOfPage\":{\"@id\":\"https:\\\/\\\/temporada-alta.com\\\/en\\\/prospero-new\\\/#primaryimage\"},\"image\":{\"@id\":\"https:\\\/\\\/temporada-alta.com\\\/en\\\/prospero-new\\\/#primaryimage\"},\"thumbnailUrl\":\"https:\\\/\\\/temporada-alta.com\\\/wp-content\\\/uploads\\\/cabosanroque-1.png\",\"datePublished\":\"2026-04-15T10:19:34+00:00\",\"dateModified\":\"2026-04-15T10:42:52+00:00\",\"breadcrumb\":{\"@id\":\"https:\\\/\\\/temporada-alta.com\\\/en\\\/prospero-new\\\/#breadcrumb\"},\"inLanguage\":\"en-US\",\"potentialAction\":[{\"@type\":\"ReadAction\",\"target\":[\"https:\\\/\\\/temporada-alta.com\\\/en\\\/prospero-new\\\/\"]}]},{\"@type\":\"ImageObject\",\"inLanguage\":\"en-US\",\"@id\":\"https:\\\/\\\/temporada-alta.com\\\/en\\\/prospero-new\\\/#primaryimage\",\"url\":\"https:\\\/\\\/temporada-alta.com\\\/wp-content\\\/uploads\\\/cabosanroque-1.png\",\"contentUrl\":\"https:\\\/\\\/temporada-alta.com\\\/wp-content\\\/uploads\\\/cabosanroque-1.png\"},{\"@type\":\"BreadcrumbList\",\"@id\":\"https:\\\/\\\/temporada-alta.com\\\/en\\\/prospero-new\\\/#breadcrumb\",\"itemListElement\":[{\"@type\":\"ListItem\",\"position\":1,\"name\":\"Inici\",\"item\":\"https:\\\/\\\/temporada-alta.com\\\/en\\\/\"},{\"@type\":\"ListItem\",\"position\":2,\"name\":\"Prospero NEW\"}]},{\"@type\":\"WebSite\",\"@id\":\"https:\\\/\\\/temporada-alta.com\\\/en\\\/#website\",\"url\":\"https:\\\/\\\/temporada-alta.com\\\/en\\\/\",\"name\":\"Temporada Alta\",\"description\":\"Festival d&#039;Arts Esc\u00e8niques\",\"publisher\":{\"@id\":\"https:\\\/\\\/temporada-alta.com\\\/en\\\/#organization\"},\"potentialAction\":[{\"@type\":\"SearchAction\",\"target\":{\"@type\":\"EntryPoint\",\"urlTemplate\":\"https:\\\/\\\/temporada-alta.com\\\/en\\\/?s={search_term_string}\"},\"query-input\":{\"@type\":\"PropertyValueSpecification\",\"valueRequired\":true,\"valueName\":\"search_term_string\"}}],\"inLanguage\":\"en-US\"},{\"@type\":\"Organization\",\"@id\":\"https:\\\/\\\/temporada-alta.com\\\/en\\\/#organization\",\"name\":\"Temporada Alta\",\"url\":\"https:\\\/\\\/temporada-alta.com\\\/en\\\/\",\"logo\":{\"@type\":\"ImageObject\",\"inLanguage\":\"en-US\",\"@id\":\"https:\\\/\\\/temporada-alta.com\\\/en\\\/#\\\/schema\\\/logo\\\/image\\\/\",\"url\":\"https:\\\/\\\/temporada-alta.com\\\/wp-content\\\/uploads\\\/TA21-Logotip-pos.png\",\"contentUrl\":\"https:\\\/\\\/temporada-alta.com\\\/wp-content\\\/uploads\\\/TA21-Logotip-pos.png\",\"width\":800,\"height\":267,\"caption\":\"Temporada Alta\"},\"image\":{\"@id\":\"https:\\\/\\\/temporada-alta.com\\\/en\\\/#\\\/schema\\\/logo\\\/image\\\/\"}}]}<\/script>\n<!-- \/ Yoast SEO plugin. -->","yoast_head_json":{"title":"Prospero NEW - Temporada Alta","robots":{"index":"index","follow":"follow","max-snippet":"max-snippet:-1","max-image-preview":"max-image-preview:large","max-video-preview":"max-video-preview:-1"},"canonical":"https:\/\/temporada-alta.com\/en\/prospero-new\/","og_locale":"en_US","og_type":"article","og_title":"Prospero NEW - Temporada Alta","og_description":"Prospero New European Wave (Prospero NEW) is a European platform that supports theatre artists with international potential, especially...","og_url":"https:\/\/temporada-alta.com\/en\/prospero-new\/","og_site_name":"Temporada Alta","article_modified_time":"2026-04-15T10:42:52+00:00","og_image":[{"width":1200,"height":500,"url":"https:\/\/temporada-alta.com\/wp-content\/uploads\/cabosanroque-1.png","type":"image\/png"}],"twitter_card":"summary_large_image","schema":{"@context":"https:\/\/schema.org","@graph":[{"@type":"WebPage","@id":"https:\/\/temporada-alta.com\/en\/prospero-new\/","url":"https:\/\/temporada-alta.com\/en\/prospero-new\/","name":"Prospero NEW - Temporada Alta","isPartOf":{"@id":"https:\/\/temporada-alta.com\/en\/#website"},"primaryImageOfPage":{"@id":"https:\/\/temporada-alta.com\/en\/prospero-new\/#primaryimage"},"image":{"@id":"https:\/\/temporada-alta.com\/en\/prospero-new\/#primaryimage"},"thumbnailUrl":"https:\/\/temporada-alta.com\/wp-content\/uploads\/cabosanroque-1.png","datePublished":"2026-04-15T10:19:34+00:00","dateModified":"2026-04-15T10:42:52+00:00","breadcrumb":{"@id":"https:\/\/temporada-alta.com\/en\/prospero-new\/#breadcrumb"},"inLanguage":"en-US","potentialAction":[{"@type":"ReadAction","target":["https:\/\/temporada-alta.com\/en\/prospero-new\/"]}]},{"@type":"ImageObject","inLanguage":"en-US","@id":"https:\/\/temporada-alta.com\/en\/prospero-new\/#primaryimage","url":"https:\/\/temporada-alta.com\/wp-content\/uploads\/cabosanroque-1.png","contentUrl":"https:\/\/temporada-alta.com\/wp-content\/uploads\/cabosanroque-1.png"},{"@type":"BreadcrumbList","@id":"https:\/\/temporada-alta.com\/en\/prospero-new\/#breadcrumb","itemListElement":[{"@type":"ListItem","position":1,"name":"Inici","item":"https:\/\/temporada-alta.com\/en\/"},{"@type":"ListItem","position":2,"name":"Prospero NEW"}]},{"@type":"WebSite","@id":"https:\/\/temporada-alta.com\/en\/#website","url":"https:\/\/temporada-alta.com\/en\/","name":"Temporada Alta","description":"Festival d&#039;Arts Esc\u00e8niques","publisher":{"@id":"https:\/\/temporada-alta.com\/en\/#organization"},"potentialAction":[{"@type":"SearchAction","target":{"@type":"EntryPoint","urlTemplate":"https:\/\/temporada-alta.com\/en\/?s={search_term_string}"},"query-input":{"@type":"PropertyValueSpecification","valueRequired":true,"valueName":"search_term_string"}}],"inLanguage":"en-US"},{"@type":"Organization","@id":"https:\/\/temporada-alta.com\/en\/#organization","name":"Temporada Alta","url":"https:\/\/temporada-alta.com\/en\/","logo":{"@type":"ImageObject","inLanguage":"en-US","@id":"https:\/\/temporada-alta.com\/en\/#\/schema\/logo\/image\/","url":"https:\/\/temporada-alta.com\/wp-content\/uploads\/TA21-Logotip-pos.png","contentUrl":"https:\/\/temporada-alta.com\/wp-content\/uploads\/TA21-Logotip-pos.png","width":800,"height":267,"caption":"Temporada Alta"},"image":{"@id":"https:\/\/temporada-alta.com\/en\/#\/schema\/logo\/image\/"}}]}},"_links":{"self":[{"href":"https:\/\/temporada-alta.com\/en\/wp-json\/wp\/v2\/pages\/118699","targetHints":{"allow":["GET"]}}],"collection":[{"href":"https:\/\/temporada-alta.com\/en\/wp-json\/wp\/v2\/pages"}],"about":[{"href":"https:\/\/temporada-alta.com\/en\/wp-json\/wp\/v2\/types\/page"}],"author":[{"embeddable":true,"href":"https:\/\/temporada-alta.com\/en\/wp-json\/wp\/v2\/users\/9998"}],"replies":[{"embeddable":true,"href":"https:\/\/temporada-alta.com\/en\/wp-json\/wp\/v2\/comments?post=118699"}],"version-history":[{"count":1,"href":"https:\/\/temporada-alta.com\/en\/wp-json\/wp\/v2\/pages\/118699\/revisions"}],"predecessor-version":[{"id":118737,"href":"https:\/\/temporada-alta.com\/en\/wp-json\/wp\/v2\/pages\/118699\/revisions\/118737"}],"wp:attachment":[{"href":"https:\/\/temporada-alta.com\/en\/wp-json\/wp\/v2\/media?parent=118699"}],"curies":[{"name":"wp","href":"https:\/\/api.w.org\/{rel}","templated":true}]}}