{"id":101449,"date":"2025-06-17T10:00:00","date_gmt":"2025-06-17T08:00:00","guid":{"rendered":"https:\/\/temporada-alta.com\/?page_id=101449"},"modified":"2025-12-18T13:28:15","modified_gmt":"2025-12-18T12:28:15","slug":"2025-edition","status":"publish","type":"page","link":"https:\/\/temporada-alta.com\/en\/2025-edition\/","title":{"rendered":"2025 Edition"},"content":{"rendered":"<div id=\"modal-ready\">\n<div class=\"wp-block-columns is-layout-flex wp-container-core-columns-is-layout-28f84493 wp-block-columns-is-layout-flex\">\n<div class=\"wp-block-column is-layout-flow wp-block-column-is-layout-flow\">\n<h3 class=\"wp-block-heading\"><span><strong style=\"font-weight: bold;\">Temporada Alta 2025: Consolidated quality<\/strong><\/span><\/h3>\n\n\n\n<p>We move forward into our third decade of existence with an edition that presents <strong>a program of consolidated quality, demonstrating the excellent form of this already veteran reference festival<\/strong>. This year, we present a total of <strong>92 shows<\/strong>, of which 16 are world premieres, 16 international productions from 13 countries, more than 140 opening performances, and 62,326 tickets on sale. In this edition, the festival will run from September 18 to December 12, hosting artists such as Ang\u00e9lica Liddell, Thomas Ostermeier, Miet Warlop, Malpelo, Christopher Marthaler, La Veronal, Patti Smith, Josep Maria Mir\u00f3, Romina Paula, Llu\u00eds Homar, Mos Maiorum, Josep Maria Pou, Agrupaci\u00f3n Se\u00f1or Serrano, Nora Navas, La Moukhles &amp; Sent\u00eds, B\u00e0rbara Mestanza, Marina Otero, Lorena Nogal, or Roser L\u00f3pez Espinosa, among others.<\/p>\n\n\n\n<p>The <strong>Torneig de Dramat\u00fargia<\/strong> reaches its fifteenth edition, while we also bring back <strong>Llibr\u00e0legs<\/strong>, a series of readings in the Libraries, featuring texts by Cristina Clemente, Carla Torres, Lara D\u00edez, and Cl\u00e0udia Ced\u00f3.<\/p>\n<\/div>\n\n\n\n<div class=\"wp-block-column is-layout-flow wp-block-column-is-layout-flow\">\n<figure class=\"wp-block-image size-full\"><img loading=\"lazy\" decoding=\"async\" width=\"1000\" height=\"500\" src=\"https:\/\/temporada-alta.com\/wp-content\/uploads\/hamlet-temporada-alta-1.png\" alt=\"\" class=\"wp-image-104804\" srcset=\"https:\/\/temporada-alta.com\/wp-content\/uploads\/hamlet-temporada-alta-1.png 1000w, https:\/\/temporada-alta.com\/wp-content\/uploads\/hamlet-temporada-alta-1-630x315.png 630w, https:\/\/temporada-alta.com\/wp-content\/uploads\/hamlet-temporada-alta-1-768x384.png 768w\" sizes=\"auto, (max-width: 1000px) 100vw, 1000px\" \/><\/figure>\n<\/div>\n<\/div>\n\n\n\n<p>The festival\u2019s recurring venues this year are: Banyoles, Figueres, Torroella de Montgr\u00ed, Sant Gregori, Bescan\u00f3, and Palafrugell. The festival strongly supports young talent (creators under 35) with shows such as <em>Tobetta<\/em> (Francesc Cu\u00e9llar), <em>Burpees<\/em> (Miquel Mas Fiol), <em>Cavallet de mar<\/em> (Pau Coya), <em>Nua<\/em> (Ann Perell\u00f3), <em>Man, mano, il tempo scorre<\/em> (Elaine Grayling), <em>Nauta<\/em> (Cor de Teatre), <em>Tallar-me el peu amb una motoserra<\/em> (B\u00e0rbara Mestanza), and <em>ABECEDARI<\/em> (La Moukhles &amp; Sent\u00eds). Finally, the festival\u2019s two audiovisual projects, <em><strong>La Caverna<\/strong><\/em> and the podcast <em><strong>Aix\u00f2 no \u00e9s un c\u00e0sting<\/strong><\/em>, will have a third season with new guests, new interviews, and new reflections.<\/p>\n\n\n\n<div class=\"wp-block-group is-layout-constrained wp-block-group-is-layout-constrained\">\n<div class=\"wp-block-buttons is-content-justification-center is-layout-flex wp-container-core-buttons-is-layout-a89b3969 wp-block-buttons-is-layout-flex\">\n<div class=\"wp-block-button is-style-outline is-style-outline--1\"><a class=\"wp-block-button__link has-white-color has-text-color has-link-color has-acumin-pro-font-family has-small-font-size has-custom-font-size wp-element-button\" href=\"https:\/\/temporada-alta.com\/edicions\/2025-en\/\">programme 2025<\/a><\/div>\n<\/div>\n<\/div>\n\n\n\n<div class=\"wp-block-group has-black-background-color has-background is-layout-constrained wp-block-group-is-layout-constrained\" style=\"margin-top:var(--wp--preset--spacing--60);margin-bottom:var(--wp--preset--spacing--60);padding-top:0;padding-bottom:0\">\n<div class=\"wp-block-columns is-layout-flex wp-container-core-columns-is-layout-28f84493 wp-block-columns-is-layout-flex\">\n<div class=\"wp-block-column is-layout-flow wp-block-column-is-layout-flow\">\n<p class=\"has-text-align-center has-white-color has-text-color has-link-color has-x-large-font-size wp-elements-e831499dffcb0286511e517230bb6fc4\" style=\"margin-top:var(--wp--preset--spacing--40)\"><strong>Documents<\/strong><\/p>\n\n\n\n<div class=\"wp-block-buttons is-content-justification-center is-layout-flex wp-container-core-buttons-is-layout-c3d5205c wp-block-buttons-is-layout-flex\" style=\"margin-top:0;margin-bottom:0\">\n<div class=\"wp-block-button\"><a class=\"wp-block-button__link has-border-color has-white-border-color has-small-font-size has-custom-font-size wp-element-button\" href=\"https:\/\/drive.google.com\/file\/d\/1AQuHSuETBXwTekIB0-_0l9Nud8TgiSw9\/view?usp=sharing\" style=\"border-width:1px\">DOSSIER of presentation 2025<\/a><\/div>\n<\/div>\n\n\n\n<div class=\"wp-block-buttons is-content-justification-center is-layout-flex wp-container-core-buttons-is-layout-c3d5205c wp-block-buttons-is-layout-flex\" style=\"margin-top:0;margin-bottom:0\">\n<div class=\"wp-block-button\"><a class=\"wp-block-button__link has-border-color has-white-border-color has-small-font-size has-custom-font-size wp-element-button\" href=\"https:\/\/drive.google.com\/file\/d\/10qhrb5rDaLQ8p8Qz6p4YQh646iBz10xU\/view?usp=sharing\" style=\"border-width:1px\">main lines dossier 2025<\/a><\/div>\n<\/div>\n\n\n\n<div class=\"wp-block-buttons is-content-justification-center is-layout-flex wp-container-core-buttons-is-layout-c3d5205c wp-block-buttons-is-layout-flex\" style=\"margin-top:0;margin-bottom:0\">\n<div class=\"wp-block-button\"><a class=\"wp-block-button__link has-border-color has-white-border-color has-small-font-size has-custom-font-size wp-element-button\" href=\"https:\/\/drive.google.com\/file\/d\/1BeDBQcWMaMb44Ri4km1eYeyTmjwyW3JW\/view?usp=sharing\" style=\"border-width:1px\">program of the festival 2025<\/a><\/div>\n<\/div>\n\n\n\n<div class=\"wp-block-buttons is-content-justification-center is-layout-flex wp-container-core-buttons-is-layout-c3d5205c wp-block-buttons-is-layout-flex\" style=\"margin-top:0;margin-bottom:0\">\n<div class=\"wp-block-button\"><a class=\"wp-block-button__link has-border-color has-white-border-color has-small-font-size has-custom-font-size wp-element-button\" href=\"https:\/\/drive.google.com\/file\/d\/1OSXLSI1GQZWGiWcPgDlvBoThd5ceuj5l\/view?usp=sharing\" style=\"border-width:1px\">CLOSING DOSSIER 2025<\/a><\/div>\n<\/div>\n\n\n\n<div class=\"wp-block-buttons is-content-justification-center is-layout-flex wp-container-core-buttons-is-layout-c3d5205c wp-block-buttons-is-layout-flex\" style=\"margin-top:0;margin-bottom:0\">\n<div class=\"wp-block-button\"><a class=\"wp-block-button__link has-border-color has-white-border-color has-small-font-size has-custom-font-size wp-element-button\" href=\"https:\/\/drive.google.com\/file\/d\/10AwKX2ZAwC9CkAx3wNhtxowSl-LcKDTo\/view?usp=sharing\" style=\"border-width:1px\">INFOGRAPHIC 2025<\/a><\/div>\n<\/div>\n<\/div>\n\n\n\n<div class=\"wp-block-column is-layout-flow wp-block-column-is-layout-flow\">\n<figure class=\"wp-block-image aligncenter size-full is-resized\"><img loading=\"lazy\" decoding=\"async\" width=\"1920\" height=\"1440\" src=\"https:\/\/temporada-alta.com\/wp-content\/uploads\/thumbnail_20.jpg\" alt=\"\" class=\"wp-image-104848\" style=\"aspect-ratio:1;object-fit:cover;width:512px;height:auto\" srcset=\"https:\/\/temporada-alta.com\/wp-content\/uploads\/thumbnail_20.jpg 1920w, https:\/\/temporada-alta.com\/wp-content\/uploads\/thumbnail_20-496x372.jpg 496w, https:\/\/temporada-alta.com\/wp-content\/uploads\/thumbnail_20-1200x900.jpg 1200w, https:\/\/temporada-alta.com\/wp-content\/uploads\/thumbnail_20-768x576.jpg 768w, https:\/\/temporada-alta.com\/wp-content\/uploads\/thumbnail_20-1536x1152.jpg 1536w, https:\/\/temporada-alta.com\/wp-content\/uploads\/thumbnail_20-640x480.jpg 640w\" sizes=\"auto, (max-width: 1920px) 100vw, 1920px\" \/><\/figure>\n<\/div>\n<\/div>\n<\/div>\n\n\n\n<div class=\"wp-block-columns is-layout-flex wp-container-core-columns-is-layout-28f84493 wp-block-columns-is-layout-flex\">\n<div class=\"wp-block-column is-layout-flow wp-block-column-is-layout-flow\">\n<figure class=\"wp-block-image size-large\"><img loading=\"lazy\" decoding=\"async\" width=\"1200\" height=\"1697\" src=\"https:\/\/temporada-alta.com\/wp-content\/uploads\/\/TA25_Cartell-A3-dates-1200x1697.jpg\" alt=\"\" class=\"wp-image-101501\" srcset=\"https:\/\/temporada-alta.com\/wp-content\/uploads\/TA25_Cartell-A3-dates-1200x1697.jpg 1200w, https:\/\/temporada-alta.com\/wp-content\/uploads\/TA25_Cartell-A3-dates-263x372.jpg 263w, https:\/\/temporada-alta.com\/wp-content\/uploads\/TA25_Cartell-A3-dates-768x1086.jpg 768w, https:\/\/temporada-alta.com\/wp-content\/uploads\/TA25_Cartell-A3-dates-1086x1536.jpg 1086w, https:\/\/temporada-alta.com\/wp-content\/uploads\/TA25_Cartell-A3-dates-1448x2048.jpg 1448w, https:\/\/temporada-alta.com\/wp-content\/uploads\/TA25_Cartell-A3-dates-scaled.jpg 1810w\" sizes=\"auto, (max-width: 1200px) 100vw, 1200px\" \/><\/figure>\n<\/div>\n\n\n\n<div class=\"wp-block-column is-layout-flow wp-block-column-is-layout-flow\">\n<h3 class=\"wp-block-heading\" style=\"margin-top:0;margin-bottom:0;padding-top:0;padding-bottom:0\"><strong>2025 poster, by cabosanroque<\/strong><\/h3>\n\n\n\n<p>Following the tradition of collaborating with renowned artists to design the festival\u2019s poster, this year at Temporada Alta we are working with&nbsp;<strong>cabosanroque<\/strong>, a multidisciplinary collective that returns to collaborate with the festival with a proposal inspired by&nbsp;<em>Sous les Violons, La Plage!<\/em>, their own installation presented during the 2023 edition of Temporada Alta.<\/p>\n\n\n\n<p>In this proposal, <em>Haydn\u2019s Quartet No. 66<\/em> was transformed into a participatory experience where the audience could destroy a series of violins by throwing stones at them in order to generate a new sonic piece.<\/p>\n\n\n\n<p>From this creative destruction \u2014 a collective catharsis \u2014 the 2025 poster was born as a visual metaphor, created from the pieces of those violins broken by the festival&#8217;s spectators.<\/p>\n\n\n\n<p><strong>Who are cabosanroque?<\/strong><\/p>\n\n\n\n<p>cabosanroque, formed by <strong>Laia Torrents<\/strong> and <strong>Roger Aixut<\/strong>, have participated in Temporada Alta on several occasions with projects such as&nbsp;<em>El castor que plorava <\/em>(TA24),&nbsp;<em>Sous les Violons, La Plage!<\/em> (TA23),&nbsp;<em>Flors i viatges<\/em> (TA22),&nbsp;<em>Audioguia per a supermercats en temps de pand\u00e8mia<\/em> (TA20),&nbsp;<em>Dimonis <\/em>(TA19), or&nbsp;<em>No em va fer Joan Brossa<\/em> (TA16), consolidating a trajectory where the boundaries between performing arts, music, and installation dissolve.<\/p>\n\n\n\n<p>The 2025 poster is a declaration of intent inherent to their work: art as experimentation and sensory provocation.<\/p>\n\n\n\n<p>In doing so, cabosanroque joins a long list of distinguished individuals who have collaborated with the festival in creating the poster, such as Isabel Banal, Antoni T\u00e0pies, Cristina de Middel, Carles Santos, Carmen Calvo, Joan Fontcuberta, Eul\u00e0lia Valldosera, Narc\u00eds Comadira, Eug\u00e8nia Balcells, Frederic Amat, Carme Sanglas, Enric Pladevall, or Ferran Adri\u00e0, among others.<\/p>\n\n\n\n<p><\/p>\n\n\n\n<p><\/p>\n<\/div>\n<\/div>\n\n\n\n<h3 class=\"wp-block-heading\"><strong><em>La Caverna<\/em>: tercera temporada<\/strong><\/h3>\n\n\n\n<p>Per tercer any consecutiu, tindrem una nova s\u00e8rie d\u2019episodis de&nbsp;<em>La Caverna<\/em>, el projecte audiovisual del festival amb la col\u00b7laboraci\u00f3 de la Fundaci\u00f3 La Caixa, on grans directors i creadors de l\u2019escena europea que han passat pel festival conversen amb personalitats del m\u00f3n de la cultura triats per ells mateixos. Aquesta tercera temporada, comptar\u00e0 amb nous artistes convidats que confirmarem ben aviat. Novament, es pot veure de manera gratu\u00efta a la plataforma CaixaForum+ i als canals propis del festival.<\/p>\n\n\n\n<figure class=\"wp-block-image size-large\"><a href=\"https:\/\/youtube.com\/playlist?list=PLvWy5_y38U6zlztYIFF7kHK1wI9_wOwi4&amp;si=op7WH0ariE_lbNNz\"><img loading=\"lazy\" decoding=\"async\" width=\"1200\" height=\"675\" src=\"https:\/\/temporada-alta.com\/wp-content\/uploads\/\/la-caverna-1200x675.jpg\" alt=\"\" class=\"wp-image-90733\" srcset=\"https:\/\/temporada-alta.com\/wp-content\/uploads\/la-caverna-1200x675.jpg 1200w, https:\/\/temporada-alta.com\/wp-content\/uploads\/la-caverna-630x354.jpg 630w, https:\/\/temporada-alta.com\/wp-content\/uploads\/la-caverna-768x432.jpg 768w, https:\/\/temporada-alta.com\/wp-content\/uploads\/la-caverna-1536x864.jpg 1536w, https:\/\/temporada-alta.com\/wp-content\/uploads\/la-caverna.jpg 1920w\" sizes=\"auto, (max-width: 1200px) 100vw, 1200px\" \/><\/a><\/figure>\n\n\n\n<h3 class=\"wp-block-heading\"><strong>Tercera temporada d\u2019<em>Aix\u00f2 no \u00e9s un c\u00e0sting<\/em>, un p\u00f2dcast de Temporada Alta i R\u00e0dio Primavera Sound<\/strong><\/h3>\n\n\n\n<p>Despr\u00e9s de dues temporades d&#8217;\u00e8xit, a Temporada Alta 2025, hem volgut donar continuitat a la iniciativa i fer una tercera temporada d\u2019<em>Aix\u00f2 no \u00e9s un c\u00e0sting<\/em>, un p\u00f2dcast amb la col\u00b7laboraci\u00f3 de R\u00e0dio Primavera Sound, presentat per Paula Carreras i Marc Tarrida Aribau. En aquesta tercera temporada, tractarem temes nous temes amb nous convidats que confirmarem ben aviat.<\/p>\n\n\n\n<figure class=\"wp-block-image size-full is-resized\"><img loading=\"lazy\" decoding=\"async\" width=\"2560\" height=\"1340\" src=\"https:\/\/temporada-alta.com\/wp-content\/uploads\/TA25-Podcast-ANEUC_Banner-3-1-scaled.jpg\" alt=\"\" class=\"wp-image-104652\" style=\"width:1168px;height:auto\" srcset=\"https:\/\/temporada-alta.com\/wp-content\/uploads\/TA25-Podcast-ANEUC_Banner-3-1-scaled.jpg 2560w, https:\/\/temporada-alta.com\/wp-content\/uploads\/TA25-Podcast-ANEUC_Banner-3-1-630x330.jpg 630w, https:\/\/temporada-alta.com\/wp-content\/uploads\/TA25-Podcast-ANEUC_Banner-3-1-1200x628.jpg 1200w, https:\/\/temporada-alta.com\/wp-content\/uploads\/TA25-Podcast-ANEUC_Banner-3-1-768x402.jpg 768w, https:\/\/temporada-alta.com\/wp-content\/uploads\/TA25-Podcast-ANEUC_Banner-3-1-1536x804.jpg 1536w, https:\/\/temporada-alta.com\/wp-content\/uploads\/TA25-Podcast-ANEUC_Banner-3-1-2048x1072.jpg 2048w\" sizes=\"auto, (max-width: 2560px) 100vw, 2560px\" \/><\/figure>\n<\/div>","protected":false},"excerpt":{"rendered":"<p>Temporada Alta 2025: Consolidated quality We move forward into our third decade of existence with an edition that&#8230;<\/p>\n","protected":false},"author":11736,"featured_media":0,"parent":0,"menu_order":0,"comment_status":"closed","ping_status":"closed","template":"","meta":{"_acf_changed":false,"footnotes":""},"class_list":["post-101449","page","type-page","status-publish","hentry"],"acf":[],"yoast_head":"<!-- This site is optimized with the Yoast SEO plugin v27.0 - https:\/\/yoast.com\/product\/yoast-seo-wordpress\/ -->\n<title>2025 Edition - Temporada Alta<\/title>\n<meta name=\"robots\" content=\"index, follow, max-snippet:-1, max-image-preview:large, max-video-preview:-1\" \/>\n<link rel=\"canonical\" href=\"https:\/\/temporada-alta.com\/en\/2025-edition\/\" \/>\n<meta property=\"og:locale\" content=\"en_US\" \/>\n<meta property=\"og:type\" content=\"article\" \/>\n<meta property=\"og:title\" content=\"2025 Edition - Temporada Alta\" \/>\n<meta property=\"og:description\" content=\"Temporada Alta 2025: Consolidated quality We move forward into our third decade of existence with an edition that...\" \/>\n<meta property=\"og:url\" content=\"https:\/\/temporada-alta.com\/en\/2025-edition\/\" \/>\n<meta property=\"og:site_name\" content=\"Temporada Alta\" \/>\n<meta property=\"article:modified_time\" content=\"2025-12-18T12:28:15+00:00\" \/>\n<meta property=\"og:image\" content=\"https:\/\/temporada-alta.com\/wp-content\/uploads\/hamlet-temporada-alta-1.png\" \/>\n\t<meta property=\"og:image:width\" content=\"1000\" \/>\n\t<meta property=\"og:image:height\" content=\"500\" \/>\n\t<meta property=\"og:image:type\" content=\"image\/png\" \/>\n<meta name=\"twitter:card\" content=\"summary_large_image\" \/>\n<script type=\"application\/ld+json\" class=\"yoast-schema-graph\">{\"@context\":\"https:\/\/schema.org\",\"@graph\":[{\"@type\":\"WebPage\",\"@id\":\"https:\/\/temporada-alta.com\/en\/2025-edition\/\",\"url\":\"https:\/\/temporada-alta.com\/en\/2025-edition\/\",\"name\":\"2025 Edition - Temporada Alta\",\"isPartOf\":{\"@id\":\"https:\/\/temporada-alta.com\/en\/#website\"},\"primaryImageOfPage\":{\"@id\":\"https:\/\/temporada-alta.com\/en\/2025-edition\/#primaryimage\"},\"image\":{\"@id\":\"https:\/\/temporada-alta.com\/en\/2025-edition\/#primaryimage\"},\"thumbnailUrl\":\"https:\/\/temporada-alta.com\/wp-content\/uploads\/hamlet-temporada-alta-1.png\",\"datePublished\":\"2025-06-17T08:00:00+00:00\",\"dateModified\":\"2025-12-18T12:28:15+00:00\",\"breadcrumb\":{\"@id\":\"https:\/\/temporada-alta.com\/en\/2025-edition\/#breadcrumb\"},\"inLanguage\":\"en-US\",\"potentialAction\":[{\"@type\":\"ReadAction\",\"target\":[\"https:\/\/temporada-alta.com\/en\/2025-edition\/\"]}]},{\"@type\":\"ImageObject\",\"inLanguage\":\"en-US\",\"@id\":\"https:\/\/temporada-alta.com\/en\/2025-edition\/#primaryimage\",\"url\":\"https:\/\/temporada-alta.com\/wp-content\/uploads\/hamlet-temporada-alta-1.png\",\"contentUrl\":\"https:\/\/temporada-alta.com\/wp-content\/uploads\/hamlet-temporada-alta-1.png\"},{\"@type\":\"BreadcrumbList\",\"@id\":\"https:\/\/temporada-alta.com\/en\/2025-edition\/#breadcrumb\",\"itemListElement\":[{\"@type\":\"ListItem\",\"position\":1,\"name\":\"Inici\",\"item\":\"https:\/\/temporada-alta.com\/en\/\"},{\"@type\":\"ListItem\",\"position\":2,\"name\":\"2025 Edition\"}]},{\"@type\":\"WebSite\",\"@id\":\"https:\/\/temporada-alta.com\/en\/#website\",\"url\":\"https:\/\/temporada-alta.com\/en\/\",\"name\":\"Temporada Alta\",\"description\":\"Festival d&#039;Arts Esc\u00e8niques\",\"publisher\":{\"@id\":\"https:\/\/temporada-alta.com\/en\/#organization\"},\"potentialAction\":[{\"@type\":\"SearchAction\",\"target\":{\"@type\":\"EntryPoint\",\"urlTemplate\":\"https:\/\/temporada-alta.com\/en\/?s={search_term_string}\"},\"query-input\":{\"@type\":\"PropertyValueSpecification\",\"valueRequired\":true,\"valueName\":\"search_term_string\"}}],\"inLanguage\":\"en-US\"},{\"@type\":\"Organization\",\"@id\":\"https:\/\/temporada-alta.com\/en\/#organization\",\"name\":\"Temporada Alta\",\"url\":\"https:\/\/temporada-alta.com\/en\/\",\"logo\":{\"@type\":\"ImageObject\",\"inLanguage\":\"en-US\",\"@id\":\"https:\/\/temporada-alta.com\/en\/#\/schema\/logo\/image\/\",\"url\":\"https:\/\/temporada-alta.com\/wp-content\/uploads\/TA21-Logotip-pos.png\",\"contentUrl\":\"https:\/\/temporada-alta.com\/wp-content\/uploads\/TA21-Logotip-pos.png\",\"width\":800,\"height\":267,\"caption\":\"Temporada Alta\"},\"image\":{\"@id\":\"https:\/\/temporada-alta.com\/en\/#\/schema\/logo\/image\/\"}}]}<\/script>\n<!-- \/ Yoast SEO plugin. -->","yoast_head_json":{"title":"2025 Edition - Temporada Alta","robots":{"index":"index","follow":"follow","max-snippet":"max-snippet:-1","max-image-preview":"max-image-preview:large","max-video-preview":"max-video-preview:-1"},"canonical":"https:\/\/temporada-alta.com\/en\/2025-edition\/","og_locale":"en_US","og_type":"article","og_title":"2025 Edition - Temporada Alta","og_description":"Temporada Alta 2025: Consolidated quality We move forward into our third decade of existence with an edition that...","og_url":"https:\/\/temporada-alta.com\/en\/2025-edition\/","og_site_name":"Temporada Alta","article_modified_time":"2025-12-18T12:28:15+00:00","og_image":[{"width":1000,"height":500,"url":"https:\/\/temporada-alta.com\/wp-content\/uploads\/hamlet-temporada-alta-1.png","type":"image\/png"}],"twitter_card":"summary_large_image","schema":{"@context":"https:\/\/schema.org","@graph":[{"@type":"WebPage","@id":"https:\/\/temporada-alta.com\/en\/2025-edition\/","url":"https:\/\/temporada-alta.com\/en\/2025-edition\/","name":"2025 Edition - Temporada Alta","isPartOf":{"@id":"https:\/\/temporada-alta.com\/en\/#website"},"primaryImageOfPage":{"@id":"https:\/\/temporada-alta.com\/en\/2025-edition\/#primaryimage"},"image":{"@id":"https:\/\/temporada-alta.com\/en\/2025-edition\/#primaryimage"},"thumbnailUrl":"https:\/\/temporada-alta.com\/wp-content\/uploads\/hamlet-temporada-alta-1.png","datePublished":"2025-06-17T08:00:00+00:00","dateModified":"2025-12-18T12:28:15+00:00","breadcrumb":{"@id":"https:\/\/temporada-alta.com\/en\/2025-edition\/#breadcrumb"},"inLanguage":"en-US","potentialAction":[{"@type":"ReadAction","target":["https:\/\/temporada-alta.com\/en\/2025-edition\/"]}]},{"@type":"ImageObject","inLanguage":"en-US","@id":"https:\/\/temporada-alta.com\/en\/2025-edition\/#primaryimage","url":"https:\/\/temporada-alta.com\/wp-content\/uploads\/hamlet-temporada-alta-1.png","contentUrl":"https:\/\/temporada-alta.com\/wp-content\/uploads\/hamlet-temporada-alta-1.png"},{"@type":"BreadcrumbList","@id":"https:\/\/temporada-alta.com\/en\/2025-edition\/#breadcrumb","itemListElement":[{"@type":"ListItem","position":1,"name":"Inici","item":"https:\/\/temporada-alta.com\/en\/"},{"@type":"ListItem","position":2,"name":"2025 Edition"}]},{"@type":"WebSite","@id":"https:\/\/temporada-alta.com\/en\/#website","url":"https:\/\/temporada-alta.com\/en\/","name":"Temporada Alta","description":"Festival d&#039;Arts Esc\u00e8niques","publisher":{"@id":"https:\/\/temporada-alta.com\/en\/#organization"},"potentialAction":[{"@type":"SearchAction","target":{"@type":"EntryPoint","urlTemplate":"https:\/\/temporada-alta.com\/en\/?s={search_term_string}"},"query-input":{"@type":"PropertyValueSpecification","valueRequired":true,"valueName":"search_term_string"}}],"inLanguage":"en-US"},{"@type":"Organization","@id":"https:\/\/temporada-alta.com\/en\/#organization","name":"Temporada Alta","url":"https:\/\/temporada-alta.com\/en\/","logo":{"@type":"ImageObject","inLanguage":"en-US","@id":"https:\/\/temporada-alta.com\/en\/#\/schema\/logo\/image\/","url":"https:\/\/temporada-alta.com\/wp-content\/uploads\/TA21-Logotip-pos.png","contentUrl":"https:\/\/temporada-alta.com\/wp-content\/uploads\/TA21-Logotip-pos.png","width":800,"height":267,"caption":"Temporada Alta"},"image":{"@id":"https:\/\/temporada-alta.com\/en\/#\/schema\/logo\/image\/"}}]}},"_links":{"self":[{"href":"https:\/\/temporada-alta.com\/en\/wp-json\/wp\/v2\/pages\/101449","targetHints":{"allow":["GET"]}}],"collection":[{"href":"https:\/\/temporada-alta.com\/en\/wp-json\/wp\/v2\/pages"}],"about":[{"href":"https:\/\/temporada-alta.com\/en\/wp-json\/wp\/v2\/types\/page"}],"author":[{"embeddable":true,"href":"https:\/\/temporada-alta.com\/en\/wp-json\/wp\/v2\/users\/11736"}],"replies":[{"embeddable":true,"href":"https:\/\/temporada-alta.com\/en\/wp-json\/wp\/v2\/comments?post=101449"}],"version-history":[{"count":4,"href":"https:\/\/temporada-alta.com\/en\/wp-json\/wp\/v2\/pages\/101449\/revisions"}],"predecessor-version":[{"id":107037,"href":"https:\/\/temporada-alta.com\/en\/wp-json\/wp\/v2\/pages\/101449\/revisions\/107037"}],"wp:attachment":[{"href":"https:\/\/temporada-alta.com\/en\/wp-json\/wp\/v2\/media?parent=101449"}],"curies":[{"name":"wp","href":"https:\/\/api.w.org\/{rel}","templated":true}]}}